{"id":16239,"date":"2014-08-16T17:40:04","date_gmt":"2014-08-16T17:40:04","guid":{"rendered":"https:\/\/www.urlaubcornwall.de\/blog\/?page_id=16239"},"modified":"2024-05-29T07:41:35","modified_gmt":"2024-05-29T07:41:35","slug":"luxusurlaub-und-luxusreisen-in-grossbritannien","status":"publish","type":"page","link":"https:\/\/www.urlaubcornwall.de\/blog\/luxusurlaub-und-luxusreisen-in-grossbritannien\/","title":{"rendered":"Luxusurlaub und Luxusreisen in Gro\u00dfbritannien."},"content":{"rendered":"<p style=\"text-align: left;\">Wir verf\u00fcgen \u00fcber eine vielj\u00e4hrige Erfahrung im Zusammenstellen von Luxusurlauben und bieten Ihnen eine handverlesene Auswahl an besten Ferienh\u00e4user, luxuri\u00f6se Ferienwohnungen und Luxushotels in Gro\u00dfbritannien.<\/p>\n<p style=\"text-align: left;\">Jeder ma\u00dfgeschneiderte Luxusurlaub, den wir gestalten, ist so individuell wie die Person, f\u00fcr die wir ihn entwerfen. Dies r\u00fchrt daher, dass wir in unser Wissen bez\u00fcglich der Reiseziele investieren und unseren Leuten Zeit geben, das kennenzulernen, was jeder Kunde sucht. Indem wir dann unser Wissen mit unserem Kundenverst\u00e4ndnis verm\u00e4hlen, beabsichtigen wir damit, jedes Mal das Beste zu geben.<\/p>\n<h1 style=\"text-align: left;\"><span style=\"text-decoration: underline;\"><strong><a href=\"https:\/\/www.urlaubcornwall.de\/blog\/luxusurlaub-und-luxusreisen-in-cornwall\/\">Luxusreise Cornwall und S\u00fcdwest- England<\/a><\/strong><\/span><\/h1>\n<p style=\"text-align: left;\"><a href=\"https:\/\/www.urlaubcornwall.de\/blog\/wp-content\/uploads\/2015\/10\/luxushotels-cornwall.jpg\"><img loading=\"lazy\" class=\"aligncenter size-full wp-image-20584\" src=\"https:\/\/www.urlaubcornwall.de\/blog\/wp-content\/uploads\/2015\/10\/luxushotels-cornwall.jpg\" alt=\"luxusreisen cornwall\" width=\"744\" height=\"171\" srcset=\"https:\/\/www.urlaubcornwall.de\/blog\/wp-content\/uploads\/2015\/10\/luxushotels-cornwall.jpg 744w, https:\/\/www.urlaubcornwall.de\/blog\/wp-content\/uploads\/2015\/10\/luxushotels-cornwall-300x69.jpg 300w\" sizes=\"(max-width: 744px) 100vw, 744px\" \/><\/a>Mit Sitz in Cornwall und einer Leidenschaft f\u00fcr die feineren Dinge des Lebens bieten wir wahrhaft luxuri\u00f6sen Reiseservice f\u00fcr Ihre Rundreise durch S\u00fcdengland&#8230;..<a href=\"https:\/\/www.urlaubcornwall.de\/blog\/luxusurlaub-und-luxusreisen-in-cornwall\/\">[ <span style=\"text-decoration: underline;\">Mehr<\/span> ]<span style=\"text-decoration: underline;\"><strong><br \/>\n<\/strong><\/span><\/a><\/p>\n<h1 style=\"text-align: left;\"><span style=\"text-decoration: underline;\"><strong><a href=\"https:\/\/www.urlaubcornwall.de\/blog\/luxusreisen-und-urlaub-durch-suedengland-und-london\/\">Luxusurlaub London &amp; S\u00fcdengland<\/a><\/strong><\/span><\/h1>\n<p style=\"text-align: left;\">London und der S\u00fcden Englands verf\u00fcgen \u00fcber einige der weltfeinsten Luxushotels, vom klassisch englischen Stil des Bovey Schlosses im Dartmoor bis hin zu schicken modernen Boutique-Hotels im Stadtzentrum Londons, wie zum Beispiel das Sanderson im Herzen des Westendes&#8230;..<a href=\"https:\/\/www.urlaubcornwall.de\/blog\/luxusreisen-und-urlaub-durch-suedengland-und-london\/\">[ <span style=\"text-decoration: underline;\">Mehr<\/span> ]<span style=\"text-decoration: underline;\"><strong><br \/>\n<\/strong><\/span><\/a><\/p>\n<h1 style=\"text-align: left;\"><span style=\"text-decoration: underline;\"><strong><a href=\"https:\/\/www.urlaubcornwall.de\/blog\/luxusreisen-und-luxusurlaub-in-schottland\/\">Luxusurlaub in Schottland<\/a><\/strong><\/span><\/h1>\n<p style=\"text-align: left;\"><a href=\"https:\/\/www.urlaubcornwall.de\/blog\/wp-content\/uploads\/2015\/10\/luxusurlaub-edinburgh.jpg\"><img loading=\"lazy\" class=\"aligncenter size-full wp-image-20605\" src=\"https:\/\/www.urlaubcornwall.de\/blog\/wp-content\/uploads\/2015\/10\/luxusurlaub-edinburgh.jpg\" alt=\"luxusurlaub edinburgh\" width=\"743\" height=\"159\" srcset=\"https:\/\/www.urlaubcornwall.de\/blog\/wp-content\/uploads\/2015\/10\/luxusurlaub-edinburgh.jpg 743w, https:\/\/www.urlaubcornwall.de\/blog\/wp-content\/uploads\/2015\/10\/luxusurlaub-edinburgh-300x64.jpg 300w\" sizes=\"(max-width: 743px) 100vw, 743px\" \/><\/a>Schottland ist weltber\u00fchmt aufgrund seiner Natursch\u00f6nheit der Highlands und Inseln, seiner Geschichte, Kultur und nat\u00fcrlich des Whiskeys&#8230;..<a href=\"https:\/\/www.urlaubcornwall.de\/blog\/luxusreisen-und-luxusurlaub-in-schottland\/\">[ <span style=\"text-decoration: underline;\">Mehr<\/span> ]<\/a><span style=\"text-decoration: underline;\"><strong><br \/>\n<\/strong><\/span><\/p>\n<h1 style=\"text-align: left;\"><span style=\"text-decoration: underline;\"><strong><a href=\"https:\/\/www.urlaubcornwall.de\/blog\/luxusreisen-und-luxusurlaub-in-irland\/\">Luxusreisen und Luxusurlaub in Irland<\/a><\/strong><\/span><\/h1>\n<p><a href=\"https:\/\/www.urlaubcornwall.de\/blog\/wp-content\/uploads\/2024\/03\/irland-chloss.jpg\"><img loading=\"lazy\" class=\"aligncenter size-full wp-image-20499\" src=\"https:\/\/www.urlaubcornwall.de\/blog\/wp-content\/uploads\/2024\/03\/irland-chloss.jpg\" alt=\"irland schloss\" width=\"750\" height=\"563\"\/><\/a><\/p>\n<p>Reisen Sie stilvoll durch Dublin um die Smaragdinsel. Dublin ist ein Muss w\u00e4hrend jedes Besuches in Irland, perfekt als Teil einer Rundreise oder Kurzurlaubs oder St\u00e4dtereise&#8230;.<a href=\"https:\/\/www.urlaubcornwall.de\/blog\/luxusreisen-und-luxusurlaub-in-irland\/\">[ <span style=\"text-decoration: underline;\">Mehr<\/span> ]<\/a><span style=\"text-decoration: underline;\"><strong><br \/>\n<\/strong><\/span><\/p>\n<p style=\"text-align: left;\">Finden Sie Ihre perfekte Unterkunft in Ihrer Zielregion und erleben Sie Exklusive Urlaube und Rundreisen in London, England, Schottland und Irland\u2013 w\u00e4hlen Sie einfach aus unten stehender Liste\u2026.<\/p>\n<p><img loading=\"lazy\" class=\"aligncenter size-full wp-image-24598\" src=\"https:\/\/www.urlaubcornwall.de\/blog\/wp-content\/uploads\/2016\/06\/urlaub-und-gro\u00dfbritannien_logo_final.jpg\" alt=\"urlaub-gro\u00dfbritannien_logo\" width=\"746\" height=\"361\" srcset=\"https:\/\/www.urlaubcornwall.de\/blog\/wp-content\/uploads\/2016\/06\/urlaub-und-gro\u00dfbritannien_logo_final.jpg 746w, https:\/\/www.urlaubcornwall.de\/blog\/wp-content\/uploads\/2016\/06\/urlaub-und-gro\u00dfbritannien_logo_final-300x145.jpg 300w\" sizes=\"(max-width: 746px) 100vw, 746px\" \/><\/p>\n<h2 style=\"text-align: center;\">Unser Rundreisenservice<\/h2>\n<p><a href=\"http:\/\/urlaubcornwall.de\/\">UrlaubCornwall.de<\/a> hat seinen Firmensitz in Cornwall in S\u00fcdwestengland und bietet Kunden im Deutsch sprechenden Europa Hilfe im Erstellen der perfekten Urlaubserfahrung hier.<\/p>\n<p>Wir haben <a href=\"http:\/\/www.urlaubcornwall.de\/rundreisenservice.php\">ein Team Deutsch sprechender Experten<\/a>, so dass wir eine individuelle Rundreise durch Cornwall, S\u00fcdengland und nun auch durch den Rest Gro\u00dfbritanniens und Irlands anbieten k\u00f6nnen.<\/p>\n<p>Wir bieten eine fantastische Auswahl an Rundreisen mit den beliebtesten Attraktionen und St\u00e4dten in <a href=\"http:\/\/www.urlaubcornwall.de\/reiseziel\/cornwall.php\">Cornwall<\/a>, <a href=\"https:\/\/www.urlaubcornwall.de\/blog\/rundreisen-england-wales\/\">England<\/a>, <a href=\"https:\/\/www.urlaubcornwall.de\/blog\/rundreisen-schottland\/\">Schottland,<\/a> <a href=\"https:\/\/www.urlaubcornwall.de\/blog\/rundreisen-england-wales\/\">Wales<\/a> und <a href=\"https:\/\/www.urlaubcornwall.de\/blog\/rundreisen-irland\/\">Irland.<\/a><\/p>\n","protected":false},"excerpt":{"rendered":"<p>Wir verf\u00fcgen \u00fcber eine vielj\u00e4hrige Erfahrung im Zusammenstellen von Luxusurlauben und bieten Ihnen eine handverlesene Auswahl an besten Ferienh\u00e4user, luxuri\u00f6se Ferienwohnungen und Luxushotels in Gro\u00dfbritannien. Jeder ma\u00dfgeschneiderte Luxusurlaub, den wir gestalten, ist so individuell wie die Person, f\u00fcr die wir ihn entwerfen. Dies r\u00fchrt daher, dass wir in unser Wissen bez\u00fcglich der Reiseziele investieren und [&hellip;]<\/p>\n","protected":false},"author":1,"featured_media":0,"parent":0,"menu_order":0,"comment_status":"closed","ping_status":"closed","template":"single-two.php","meta":[],"acf":[],"yoast_head":"<!-- This site is optimized with the Yoast SEO plugin v19.4 - https:\/\/yoast.com\/wordpress\/plugins\/seo\/ -->\n<title>Luxusurlaub und Luxusreisen in Gro\u00dfbritannien. - Urlaub &amp; Reisen<\/title>\n<meta name=\"robots\" content=\"index, follow, max-snippet:-1, max-image-preview:large, max-video-preview:-1\" \/>\n<link rel=\"canonical\" href=\"https:\/\/www.urlaubcornwall.de\/blog\/luxusurlaub-und-luxusreisen-in-grossbritannien\/\" \/>\n<meta property=\"og:locale\" content=\"en_US\" \/>\n<meta property=\"og:type\" content=\"article\" \/>\n<meta property=\"og:title\" content=\"Luxusurlaub und Luxusreisen in Gro\u00dfbritannien. - Urlaub &amp; Reisen\" \/>\n<meta property=\"og:description\" content=\"Wir verf\u00fcgen \u00fcber eine vielj\u00e4hrige Erfahrung im Zusammenstellen von Luxusurlauben und bieten Ihnen eine handverlesene Auswahl an besten Ferienh\u00e4user, luxuri\u00f6se Ferienwohnungen und Luxushotels in Gro\u00dfbritannien. Jeder ma\u00dfgeschneiderte Luxusurlaub, den wir gestalten, ist so individuell wie die Person, f\u00fcr die wir ihn entwerfen. Dies r\u00fchrt daher, dass wir in unser Wissen bez\u00fcglich der Reiseziele investieren und [&hellip;]\" \/>\n<meta property=\"og:url\" content=\"https:\/\/www.urlaubcornwall.de\/blog\/luxusurlaub-und-luxusreisen-in-grossbritannien\/\" \/>\n<meta property=\"og:site_name\" content=\"Urlaub &amp; Reisen\" \/>\n<meta property=\"article:modified_time\" content=\"2024-05-29T07:41:35+00:00\" \/>\n<meta property=\"og:image\" content=\"https:\/\/www.urlaubcornwall.de\/blog\/wp-content\/uploads\/2015\/10\/luxushotels-cornwall.jpg\" \/>\n<meta name=\"twitter:card\" content=\"summary\" \/>\n<meta name=\"twitter:label1\" content=\"Est. reading time\" \/>\n\t<meta name=\"twitter:data1\" content=\"3 minutes\" \/>\n<script type=\"application\/ld+json\" class=\"yoast-schema-graph\">{\"@context\":\"https:\/\/schema.org\",\"@graph\":[{\"@type\":\"WebSite\",\"@id\":\"https:\/\/www.urlaubcornwall.de\/blog\/#website\",\"url\":\"https:\/\/www.urlaubcornwall.de\/blog\/\",\"name\":\"Urlaub &amp; Reisen\",\"description\":\"Urlaub, Reisen, Cornwall und S\u00fcdengland: eine perfekte Kombination\",\"potentialAction\":[{\"@type\":\"SearchAction\",\"target\":{\"@type\":\"EntryPoint\",\"urlTemplate\":\"https:\/\/www.urlaubcornwall.de\/blog\/?s={search_term_string}\"},\"query-input\":\"required name=search_term_string\"}],\"inLanguage\":\"en-US\"},{\"@type\":\"WebPage\",\"@id\":\"https:\/\/www.urlaubcornwall.de\/blog\/luxusurlaub-und-luxusreisen-in-grossbritannien\/\",\"url\":\"https:\/\/www.urlaubcornwall.de\/blog\/luxusurlaub-und-luxusreisen-in-grossbritannien\/\",\"name\":\"Luxusurlaub und Luxusreisen in Gro\u00dfbritannien. - Urlaub &amp; Reisen\",\"isPartOf\":{\"@id\":\"https:\/\/www.urlaubcornwall.de\/blog\/#website\"},\"datePublished\":\"2014-08-16T17:40:04+00:00\",\"dateModified\":\"2024-05-29T07:41:35+00:00\",\"breadcrumb\":{\"@id\":\"https:\/\/www.urlaubcornwall.de\/blog\/luxusurlaub-und-luxusreisen-in-grossbritannien\/#breadcrumb\"},\"inLanguage\":\"en-US\",\"potentialAction\":[{\"@type\":\"ReadAction\",\"target\":[\"https:\/\/www.urlaubcornwall.de\/blog\/luxusurlaub-und-luxusreisen-in-grossbritannien\/\"]}]},{\"@type\":\"BreadcrumbList\",\"@id\":\"https:\/\/www.urlaubcornwall.de\/blog\/luxusurlaub-und-luxusreisen-in-grossbritannien\/#breadcrumb\",\"itemListElement\":[{\"@type\":\"ListItem\",\"position\":1,\"name\":\"Home\",\"item\":\"https:\/\/www.urlaubcornwall.de\/blog\/\"},{\"@type\":\"ListItem\",\"position\":2,\"name\":\"Luxusurlaub und Luxusreisen in Gro\u00dfbritannien.\"}]}]}<\/script>\n<!-- \/ Yoast SEO plugin. -->","yoast_head_json":{"title":"Luxusurlaub und Luxusreisen in Gro\u00dfbritannien. - Urlaub &amp; Reisen","robots":{"index":"index","follow":"follow","max-snippet":"max-snippet:-1","max-image-preview":"max-image-preview:large","max-video-preview":"max-video-preview:-1"},"canonical":"https:\/\/www.urlaubcornwall.de\/blog\/luxusurlaub-und-luxusreisen-in-grossbritannien\/","og_locale":"en_US","og_type":"article","og_title":"Luxusurlaub und Luxusreisen in Gro\u00dfbritannien. - Urlaub &amp; Reisen","og_description":"Wir verf\u00fcgen \u00fcber eine vielj\u00e4hrige Erfahrung im Zusammenstellen von Luxusurlauben und bieten Ihnen eine handverlesene Auswahl an besten Ferienh\u00e4user, luxuri\u00f6se Ferienwohnungen und Luxushotels in Gro\u00dfbritannien. Jeder ma\u00dfgeschneiderte Luxusurlaub, den wir gestalten, ist so individuell wie die Person, f\u00fcr die wir ihn entwerfen. Dies r\u00fchrt daher, dass wir in unser Wissen bez\u00fcglich der Reiseziele investieren und [&hellip;]","og_url":"https:\/\/www.urlaubcornwall.de\/blog\/luxusurlaub-und-luxusreisen-in-grossbritannien\/","og_site_name":"Urlaub &amp; Reisen","article_modified_time":"2024-05-29T07:41:35+00:00","og_image":[{"url":"https:\/\/www.urlaubcornwall.de\/blog\/wp-content\/uploads\/2015\/10\/luxushotels-cornwall.jpg"}],"twitter_card":"summary","twitter_misc":{"Est. reading time":"3 minutes"},"schema":{"@context":"https:\/\/schema.org","@graph":[{"@type":"WebSite","@id":"https:\/\/www.urlaubcornwall.de\/blog\/#website","url":"https:\/\/www.urlaubcornwall.de\/blog\/","name":"Urlaub &amp; Reisen","description":"Urlaub, Reisen, Cornwall und S\u00fcdengland: eine perfekte Kombination","potentialAction":[{"@type":"SearchAction","target":{"@type":"EntryPoint","urlTemplate":"https:\/\/www.urlaubcornwall.de\/blog\/?s={search_term_string}"},"query-input":"required name=search_term_string"}],"inLanguage":"en-US"},{"@type":"WebPage","@id":"https:\/\/www.urlaubcornwall.de\/blog\/luxusurlaub-und-luxusreisen-in-grossbritannien\/","url":"https:\/\/www.urlaubcornwall.de\/blog\/luxusurlaub-und-luxusreisen-in-grossbritannien\/","name":"Luxusurlaub und Luxusreisen in Gro\u00dfbritannien. - Urlaub &amp; Reisen","isPartOf":{"@id":"https:\/\/www.urlaubcornwall.de\/blog\/#website"},"datePublished":"2014-08-16T17:40:04+00:00","dateModified":"2024-05-29T07:41:35+00:00","breadcrumb":{"@id":"https:\/\/www.urlaubcornwall.de\/blog\/luxusurlaub-und-luxusreisen-in-grossbritannien\/#breadcrumb"},"inLanguage":"en-US","potentialAction":[{"@type":"ReadAction","target":["https:\/\/www.urlaubcornwall.de\/blog\/luxusurlaub-und-luxusreisen-in-grossbritannien\/"]}]},{"@type":"BreadcrumbList","@id":"https:\/\/www.urlaubcornwall.de\/blog\/luxusurlaub-und-luxusreisen-in-grossbritannien\/#breadcrumb","itemListElement":[{"@type":"ListItem","position":1,"name":"Home","item":"https:\/\/www.urlaubcornwall.de\/blog\/"},{"@type":"ListItem","position":2,"name":"Luxusurlaub und Luxusreisen in Gro\u00dfbritannien."}]}]}},"_links":{"self":[{"href":"https:\/\/www.urlaubcornwall.de\/blog\/wp-json\/wp\/v2\/pages\/16239"}],"collection":[{"href":"https:\/\/www.urlaubcornwall.de\/blog\/wp-json\/wp\/v2\/pages"}],"about":[{"href":"https:\/\/www.urlaubcornwall.de\/blog\/wp-json\/wp\/v2\/types\/page"}],"author":[{"embeddable":true,"href":"https:\/\/www.urlaubcornwall.de\/blog\/wp-json\/wp\/v2\/users\/1"}],"replies":[{"embeddable":true,"href":"https:\/\/www.urlaubcornwall.de\/blog\/wp-json\/wp\/v2\/comments?post=16239"}],"version-history":[{"count":42,"href":"https:\/\/www.urlaubcornwall.de\/blog\/wp-json\/wp\/v2\/pages\/16239\/revisions"}],"predecessor-version":[{"id":50518,"href":"https:\/\/www.urlaubcornwall.de\/blog\/wp-json\/wp\/v2\/pages\/16239\/revisions\/50518"}],"wp:attachment":[{"href":"https:\/\/www.urlaubcornwall.de\/blog\/wp-json\/wp\/v2\/media?parent=16239"}],"curies":[{"name":"wp","href":"https:\/\/api.w.org\/{rel}","templated":true}]}}