{"id":16212,"date":"2014-08-05T12:29:21","date_gmt":"2014-08-05T12:29:21","guid":{"rendered":"https:\/\/www.urlaubcornwall.de\/blog\/?page_id=16212"},"modified":"2024-05-30T10:39:41","modified_gmt":"2024-05-30T10:39:41","slug":"handverlesene-landhaushotels-cornwall-devon","status":"publish","type":"page","link":"https:\/\/www.urlaubcornwall.de\/blog\/handverlesene-landhaushotels-cornwall-devon\/","title":{"rendered":"Handverlesene Landhaushotels Cornwall &#038; Devon"},"content":{"rendered":"<p>Herrenhaus und <a href=\"https:\/\/www.urlaubcornwall.de\/hotels.php\">Landhaus-Hotels in Cornwall &#038; Devon<\/a> &#8211; Wir bieten eine Vielzahl an Landhaus Hotels in atemberaubenden Gegenden an, von luxuri\u00f6sen 5-Sterne-Hotels und Boutique-hotels hin zu kleineren familienfreundlichen und preiswerten Hotels. Unsere Auswahl an Unterk\u00fcnften beinhaltet nur die besten Hotels, die S\u00fcdewestengland zu bieten hat, und zwar an den Orten, die Sie in Ihrem Urlaub besuchen m\u00f6chten.<\/p>\n<h2>Unsere beliebtesten Landhaus Hotels in Cornwall<\/h2>\n<h3><\/h3>\n<div class=\"snippet\"> <a class=\"featured-item\" href=\"https:\/\/www.urlaubcornwall.de\/blog\/das-rose-in-vale-ein-romantikhotel-das-direkt-aus-einem-rosamunde-pilcher-film-stammen-koennte\/\"> <span class=\"image-holder\" style=\"background-image: url(' https:\/\/www.urlaubcornwall.de\/blog\/wp-content\/uploads\/2019\/01\/landhaus-hotel-cornwall-rose-in-vale-1.jpg ');\"><\/span> <span class=\"featured-content\"> \n<h2 class=\"featured-title\">Rose in Vale Landhaus Hotel<\/h2>\n<p class=\"featured-body\">Direkt bei Ankunft im Hotel k\u00f6nnen Sie den \u00e4ltesten Teil des Geb\u00e4udes bewundern, n\u00e4mlich die pr\u00e4chtige georgianische Fassade, efeubewachsen und mit gro\u00dfen Aufziehfenstern best\u00fcckt&#8230;. <\/p><\/span> <span class=\"featured-link-holder\"> <span class=\"featured-extra-info\"> \n<p>Ein Romantikhotel, das direkt aus einem Rosamunde Pilcher-Film<\/p>\n<\/span> \n<p class=\"featured-link\">DETAILS<\/p>\n<\/span> <\/a><\/div>\n<div class=\"snippet\"> <a class=\"featured-item\" href=\"https:\/\/www.urlaubcornwall.de\/blog\/budock-vean-hotel-mit-wunderschoenen-cornischen-gaerten-entlang-des-flusses-helford\/\"> <span class=\"image-holder\" style=\"background-image: url(' https:\/\/www.urlaubcornwall.de\/blog\/wp-content\/uploads\/2019\/01\/Budock-Vean-landhaus-Hotel-cornwall.jpg ');\"><\/span> <span class=\"featured-content\"> \n<h2 class=\"featured-title\">4-Sterne Budock Vean Hotel<\/h2>\n<p class=\"featured-body\">Es befindet sich innerhalb von 25 Hektar herrlichen G\u00e4rten, W\u00e4ldern und seinem eigenen Golfplatz \u2013 somit ist das Budock Vean in der Tat ein Refugium f\u00fcr Erholung und Entspannung&#8230;. <\/p><\/span> <span class=\"featured-link-holder\"> <span class=\"featured-extra-info\"> \n<p>Mit wundersch\u00f6nen cornischen G\u00e4rten<\/p>\n<\/span> \n<p class=\"featured-link\">DETAILS<\/p>\n<\/span> <\/a><\/div>\n<div class=\"snippet\"> <a class=\"featured-item\" href=\"https:\/\/www.urlaubcornwall.de\/blog\/cornwall-hotel-spa-estate-luxushotel-suedcornwall\/\"> <span class=\"image-holder\" style=\"background-image: url(' https:\/\/www.urlaubcornwall.de\/blog\/wp-content\/uploads\/2019\/01\/cornwall-hotel-spa-1.jpg ');\"><\/span> <span class=\"featured-content\"> \n<h2 class=\"featured-title\">Cornwall Hotel, Estate &amp; Spa St Austell<\/h2>\n<p class=\"featured-body\">Entspannen Sie, erholen Sie sich und verj\u00fcngen Sie sich in der luxuri\u00f6sen Umgebung des \u201eThe Cornwall Hotel, Spa &amp; Estate\u201c; einem exquisiten 4-Sterne Luxushotel&#8230; <\/p><\/span> <span class=\"featured-link-holder\"> <span class=\"featured-extra-info\"> \n<p>Preisgekr\u00f6ntem Spa inmitten einer ruhigen, bewaldeten Parkanlage<\/p>\n<\/span> \n<p class=\"featured-link\">DETAILS<\/p>\n<\/span> <\/a><\/div>\n<div class=\"snippet\"> <a class=\"featured-item\" href=\"https:\/\/www.urlaubcornwall.de\/blog\/merchants-manor-ein-hotel-im-landhausstil-in-falmouth\/\"> <span class=\"image-holder\" style=\"background-image: url(' https:\/\/www.urlaubcornwall.de\/blog\/wp-content\/uploads\/2019\/01\/merchants-manor-hotel-falmouth-1.jpg ');\"><\/span> <span class=\"featured-content\"> \n<h2 class=\"featured-title\">Merchants Manor<\/h2>\n<p class=\"featured-body\">Nahe am Hafen Falmouths als auch dem beliebten Sandstrand Gyllyngvase. Umfangreiche Renovierungsarbeiten wurden j\u00fcngst vorgenommen, um die originelle Landhaus-Aura&#8230; <\/p><\/span> <span class=\"featured-link-holder\"> <span class=\"featured-extra-info\"> \n<p>Ein Hotel im Landhausstil in Falmouth<\/p>\n<\/span> \n<p class=\"featured-link\">DETAILS<\/p>\n<\/span> <\/a><\/div>\n<div class=\"snippet\"> <a class=\"featured-item\" href=\"https:\/\/www.urlaubcornwall.de\/blog\/horn-of-plenty-ein-schoenes-hotel-in-devon-in-der-naehe-von-dartmoor\/\"> <span class=\"image-holder\" style=\"background-image: url(' https:\/\/www.urlaubcornwall.de\/blog\/wp-content\/uploads\/2019\/01\/horn-of-plenty-dartmoor-hotel-devon-1.jpg ');\"><\/span> <span class=\"featured-content\"> \n<h2 class=\"featured-title\">Das Horn of Plenty Hotel<\/h2>\n<p class=\"featured-body\">Ein kleines, luxuri\u00f6ses Landhaus-Hotel bei Dartmoor an der Grenze zwischen Devon und Cornwall. Es liegt in einem 5Ar Grundst\u00fcck wundervoll gepflegter, typisch englischer G\u00e4rten&#8230; <\/p><\/span> <span class=\"featured-link-holder\"> <span class=\"featured-extra-info\"> \n<p>Es ist ein romantisches Hotel f\u00fcr Paare<\/p>\n<\/span> \n<p class=\"featured-link\">DETAILS<\/p>\n<\/span> <\/a><\/div>\n<p><ins class=\"bookingaff\" data-aid=\"1697346\" data-target_aid=\"1697346\" data-prod=\"map\" data-width=\"100%\" data-height=\"590\" data-lang=\"ualng\" data-dest_id=\"0\" data-dest_type=\"landmark\" data-latitude=\"50.415497\" data-longitude=\"-5.073719\" data-mwhsb=\"0\" data-address=\"Newquay, UK\"><br \/>\n    <!-- Anything inside will go away once widget is loaded. --><br \/>\n        <a href=\"\/\/www.booking.com?aid=1697346\" rel=\"nofollow\">Booking.com<\/a><br \/>\n<\/ins><br \/>\n<script type=\"text\/javascript\">\n    (function(d, sc, u) {\n      var s = d.createElement(sc), p = d.getElementsByTagName(sc)[0];\n      s.type = 'text\/javascript';\n      s.async = true;\n      s.src = u + '?v=' + (+new Date());\n      p.parentNode.insertBefore(s,p);\n      })(document, 'script', '\/\/aff.bstatic.com\/static\/affiliate_base\/js\/flexiproduct.js');\n<\/script><\/p>\n<p style=\"text-align: center;\"><a class=\"tidycta\" href=\"tps:\/\/www.urlaubcornwall.de\/hotels.php\">Hotels in Cornwall&gt;&gt;<\/a><\/p>\n","protected":false},"excerpt":{"rendered":"<p>Herrenhaus und Landhaus-Hotels in Cornwall &#038; Devon &#8211; Wir bieten eine Vielzahl an Landhaus Hotels in atemberaubenden Gegenden an, von luxuri\u00f6sen 5-Sterne-Hotels und Boutique-hotels hin zu kleineren familienfreundlichen und preiswerten Hotels. Unsere Auswahl an Unterk\u00fcnften beinhaltet nur die besten Hotels, die S\u00fcdewestengland zu bieten hat, und zwar an den Orten, die Sie in Ihrem Urlaub [&hellip;]<\/p>\n","protected":false},"author":1,"featured_media":0,"parent":0,"menu_order":0,"comment_status":"closed","ping_status":"closed","template":"single-four.php","meta":[],"acf":[],"yoast_head":"<!-- This site is optimized with the Yoast SEO plugin v19.4 - https:\/\/yoast.com\/wordpress\/plugins\/seo\/ -->\n<title>Handverlesene Landhaushotels Cornwall &amp; Devon - Urlaub &amp; Reisen<\/title>\n<meta name=\"robots\" content=\"index, follow, max-snippet:-1, max-image-preview:large, max-video-preview:-1\" \/>\n<link rel=\"canonical\" href=\"https:\/\/www.urlaubcornwall.de\/blog\/handverlesene-landhaushotels-cornwall-devon\/\" \/>\n<meta property=\"og:locale\" content=\"en_US\" \/>\n<meta property=\"og:type\" content=\"article\" \/>\n<meta property=\"og:title\" content=\"Handverlesene Landhaushotels Cornwall &amp; Devon - Urlaub &amp; Reisen\" \/>\n<meta property=\"og:description\" content=\"Herrenhaus und Landhaus-Hotels in Cornwall &#038; Devon &#8211; Wir bieten eine Vielzahl an Landhaus Hotels in atemberaubenden Gegenden an, von luxuri\u00f6sen 5-Sterne-Hotels und Boutique-hotels hin zu kleineren familienfreundlichen und preiswerten Hotels. Unsere Auswahl an Unterk\u00fcnften beinhaltet nur die besten Hotels, die S\u00fcdewestengland zu bieten hat, und zwar an den Orten, die Sie in Ihrem Urlaub [&hellip;]\" \/>\n<meta property=\"og:url\" content=\"https:\/\/www.urlaubcornwall.de\/blog\/handverlesene-landhaushotels-cornwall-devon\/\" \/>\n<meta property=\"og:site_name\" content=\"Urlaub &amp; Reisen\" \/>\n<meta property=\"article:modified_time\" content=\"2024-05-30T10:39:41+00:00\" \/>\n<meta name=\"twitter:card\" content=\"summary\" \/>\n<meta name=\"twitter:label1\" content=\"Est. reading time\" \/>\n\t<meta name=\"twitter:data1\" content=\"2 minutes\" \/>\n<script type=\"application\/ld+json\" class=\"yoast-schema-graph\">{\"@context\":\"https:\/\/schema.org\",\"@graph\":[{\"@type\":\"WebSite\",\"@id\":\"https:\/\/www.urlaubcornwall.de\/blog\/#website\",\"url\":\"https:\/\/www.urlaubcornwall.de\/blog\/\",\"name\":\"Urlaub &amp; Reisen\",\"description\":\"Urlaub, Reisen, Cornwall und S\u00fcdengland: eine perfekte Kombination\",\"potentialAction\":[{\"@type\":\"SearchAction\",\"target\":{\"@type\":\"EntryPoint\",\"urlTemplate\":\"https:\/\/www.urlaubcornwall.de\/blog\/?s={search_term_string}\"},\"query-input\":\"required name=search_term_string\"}],\"inLanguage\":\"en-US\"},{\"@type\":\"WebPage\",\"@id\":\"https:\/\/www.urlaubcornwall.de\/blog\/handverlesene-landhaushotels-cornwall-devon\/\",\"url\":\"https:\/\/www.urlaubcornwall.de\/blog\/handverlesene-landhaushotels-cornwall-devon\/\",\"name\":\"Handverlesene Landhaushotels Cornwall & Devon - Urlaub &amp; Reisen\",\"isPartOf\":{\"@id\":\"https:\/\/www.urlaubcornwall.de\/blog\/#website\"},\"datePublished\":\"2014-08-05T12:29:21+00:00\",\"dateModified\":\"2024-05-30T10:39:41+00:00\",\"breadcrumb\":{\"@id\":\"https:\/\/www.urlaubcornwall.de\/blog\/handverlesene-landhaushotels-cornwall-devon\/#breadcrumb\"},\"inLanguage\":\"en-US\",\"potentialAction\":[{\"@type\":\"ReadAction\",\"target\":[\"https:\/\/www.urlaubcornwall.de\/blog\/handverlesene-landhaushotels-cornwall-devon\/\"]}]},{\"@type\":\"BreadcrumbList\",\"@id\":\"https:\/\/www.urlaubcornwall.de\/blog\/handverlesene-landhaushotels-cornwall-devon\/#breadcrumb\",\"itemListElement\":[{\"@type\":\"ListItem\",\"position\":1,\"name\":\"Home\",\"item\":\"https:\/\/www.urlaubcornwall.de\/blog\/\"},{\"@type\":\"ListItem\",\"position\":2,\"name\":\"Handverlesene Landhaushotels Cornwall &#038; Devon\"}]}]}<\/script>\n<!-- \/ Yoast SEO plugin. -->","yoast_head_json":{"title":"Handverlesene Landhaushotels Cornwall & Devon - Urlaub &amp; Reisen","robots":{"index":"index","follow":"follow","max-snippet":"max-snippet:-1","max-image-preview":"max-image-preview:large","max-video-preview":"max-video-preview:-1"},"canonical":"https:\/\/www.urlaubcornwall.de\/blog\/handverlesene-landhaushotels-cornwall-devon\/","og_locale":"en_US","og_type":"article","og_title":"Handverlesene Landhaushotels Cornwall & Devon - Urlaub &amp; Reisen","og_description":"Herrenhaus und Landhaus-Hotels in Cornwall &#038; Devon &#8211; Wir bieten eine Vielzahl an Landhaus Hotels in atemberaubenden Gegenden an, von luxuri\u00f6sen 5-Sterne-Hotels und Boutique-hotels hin zu kleineren familienfreundlichen und preiswerten Hotels. Unsere Auswahl an Unterk\u00fcnften beinhaltet nur die besten Hotels, die S\u00fcdewestengland zu bieten hat, und zwar an den Orten, die Sie in Ihrem Urlaub [&hellip;]","og_url":"https:\/\/www.urlaubcornwall.de\/blog\/handverlesene-landhaushotels-cornwall-devon\/","og_site_name":"Urlaub &amp; Reisen","article_modified_time":"2024-05-30T10:39:41+00:00","twitter_card":"summary","twitter_misc":{"Est. reading time":"2 minutes"},"schema":{"@context":"https:\/\/schema.org","@graph":[{"@type":"WebSite","@id":"https:\/\/www.urlaubcornwall.de\/blog\/#website","url":"https:\/\/www.urlaubcornwall.de\/blog\/","name":"Urlaub &amp; Reisen","description":"Urlaub, Reisen, Cornwall und S\u00fcdengland: eine perfekte Kombination","potentialAction":[{"@type":"SearchAction","target":{"@type":"EntryPoint","urlTemplate":"https:\/\/www.urlaubcornwall.de\/blog\/?s={search_term_string}"},"query-input":"required name=search_term_string"}],"inLanguage":"en-US"},{"@type":"WebPage","@id":"https:\/\/www.urlaubcornwall.de\/blog\/handverlesene-landhaushotels-cornwall-devon\/","url":"https:\/\/www.urlaubcornwall.de\/blog\/handverlesene-landhaushotels-cornwall-devon\/","name":"Handverlesene Landhaushotels Cornwall & Devon - Urlaub &amp; Reisen","isPartOf":{"@id":"https:\/\/www.urlaubcornwall.de\/blog\/#website"},"datePublished":"2014-08-05T12:29:21+00:00","dateModified":"2024-05-30T10:39:41+00:00","breadcrumb":{"@id":"https:\/\/www.urlaubcornwall.de\/blog\/handverlesene-landhaushotels-cornwall-devon\/#breadcrumb"},"inLanguage":"en-US","potentialAction":[{"@type":"ReadAction","target":["https:\/\/www.urlaubcornwall.de\/blog\/handverlesene-landhaushotels-cornwall-devon\/"]}]},{"@type":"BreadcrumbList","@id":"https:\/\/www.urlaubcornwall.de\/blog\/handverlesene-landhaushotels-cornwall-devon\/#breadcrumb","itemListElement":[{"@type":"ListItem","position":1,"name":"Home","item":"https:\/\/www.urlaubcornwall.de\/blog\/"},{"@type":"ListItem","position":2,"name":"Handverlesene Landhaushotels Cornwall &#038; Devon"}]}]}},"_links":{"self":[{"href":"https:\/\/www.urlaubcornwall.de\/blog\/wp-json\/wp\/v2\/pages\/16212"}],"collection":[{"href":"https:\/\/www.urlaubcornwall.de\/blog\/wp-json\/wp\/v2\/pages"}],"about":[{"href":"https:\/\/www.urlaubcornwall.de\/blog\/wp-json\/wp\/v2\/types\/page"}],"author":[{"embeddable":true,"href":"https:\/\/www.urlaubcornwall.de\/blog\/wp-json\/wp\/v2\/users\/1"}],"replies":[{"embeddable":true,"href":"https:\/\/www.urlaubcornwall.de\/blog\/wp-json\/wp\/v2\/comments?post=16212"}],"version-history":[{"count":37,"href":"https:\/\/www.urlaubcornwall.de\/blog\/wp-json\/wp\/v2\/pages\/16212\/revisions"}],"predecessor-version":[{"id":50927,"href":"https:\/\/www.urlaubcornwall.de\/blog\/wp-json\/wp\/v2\/pages\/16212\/revisions\/50927"}],"wp:attachment":[{"href":"https:\/\/www.urlaubcornwall.de\/blog\/wp-json\/wp\/v2\/media?parent=16212"}],"curies":[{"name":"wp","href":"https:\/\/api.w.org\/{rel}","templated":true}]}}