{"id":16205,"date":"2014-08-05T11:20:56","date_gmt":"2014-08-05T11:20:56","guid":{"rendered":"https:\/\/www.urlaubcornwall.de\/blog\/?page_id=16205"},"modified":"2024-05-29T07:43:08","modified_gmt":"2024-05-29T07:43:08","slug":"handverlesene-boutique-hotels-in-cornwall-devon","status":"publish","type":"page","link":"https:\/\/www.urlaubcornwall.de\/blog\/handverlesene-boutique-hotels-in-cornwall-devon\/","title":{"rendered":"Handverlesene Boutique-Hotels in Cornwall &#038; Devon"},"content":{"rendered":"<p>Cornwall, <a href=\"https:\/\/www.urlaubcornwall.de\/reiseziel\/cornwall.php\">Englands sch\u00f6nstes Urlaubsziel<\/a>, hat einige sehr besondere Boutique-Hotels, die stilvolles modernes Dekor mit dem kornischen K\u00fcstenstil verbinden. UrlaubCornwall ist selbstverst\u00e4ndlich in Cornwall ans\u00e4ssig und hat die besten Design-Hotels entdeckt, die die Region zu bieten hat. Alle unsere Hotels liegen entlang der K\u00fcste, haben Meerblick und befinden sich in Strandn\u00e4he.<\/p>\n<h2>Unsere beliebtesten Boutique Hotels in Cornwall<\/h2>\n<h3><\/h3>\n<div class=\"snippet\"> <a class=\"featured-item\" href=\" https:\/\/www.urlaubcornwall.de\/blog\/das-st-enodoc-hotel-ein-luxus-boutique-hotel-der-nordkueste-cornwalls\/ \"> <span class=\"image-holder\" style=\"background-image: url(' https:\/\/www.urlaubcornwall.de\/blog\/wp-content\/uploads\/2019\/01\/st-enodoc-hotel-rock.jpg');\"><\/span> <span class=\"featured-content\"> \n<h2 class=\"featured-title\">St Enodoc Hotel nahe Padstow<\/h2>\n<p class=\"featured-body\">Das St Enodoc Hotel in Rock befindet sich von Padstow aus gesehen auf der gegen\u00fcberliegenden Seite des M\u00fcndungstrichters des Flusses Camel; es bietet alles, was Sie sich von einem modernen Boutique-Hotel nur w\u00fcnschen k\u00f6nnen&#8230;&#8230; <\/p><\/span> <span class=\"featured-link-holder\"> <span class=\"featured-extra-info\"> \n<p>Luxus Boutique-Hotel Cornwall<\/p>\n<\/span> \n<p class=\"featured-link\">DETAILS<\/p>\n<\/span> <\/a><\/div>\n<div class=\"snippet\"> <a class=\"featured-item\" href=\" https:\/\/www.urlaubcornwall.de\/blog\/the-beach-boutique-hotel-in-bude-nordkueste-cornwall\/ \"> <span class=\"image-holder\" style=\"background-image: url(' https:\/\/www.urlaubcornwall.de\/blog\/wp-content\/uploads\/2019\/01\/the-beach-at-bude_hotel-1.jpg ');\"><\/span> <span class=\"featured-content\"> \n<h2 class=\"featured-title\">The Beach at Bude<\/h2>\n<p class=\"featured-body\">The Beach ist ein Boutique-Hotel  in dem beliebten St\u00e4dtchen Bude an der kornischen Nordk\u00fcste und befindet sich in einer besonderen Lage oberhalb des Strandes Summerleaze&#8230;.. <\/p><\/span> <span class=\"featured-link-holder\"> <span class=\"featured-extra-info\"> \n<p>Boutique-Hotel am Meer<\/p>\n<\/span> \n<p class=\"featured-link\">DETAILS<\/p>\n<\/span> <\/a><\/div>\n<div class=\"snippet\"> <a class=\"featured-item\" href=\" https:\/\/www.urlaubcornwall.de\/blog\/st-moritz-hotel-und-spa-luxushotel-am-meer-nordkueste-cornwall\/ \"> <span class=\"image-holder\" style=\"background-image: url(' https:\/\/www.urlaubcornwall.de\/blog\/wp-content\/uploads\/2019\/01\/St-Moritz-hotel-cornwall.jpg ');\"><\/span> <span class=\"featured-content\"> \n<h2 class=\"featured-title\">St Moritz Hotel<\/h2>\n<p class=\"featured-body\">Das atemberaubende St Moritz Hotel &#038; Spa befindet sich an der Nordk\u00fcste Cornwalls oberhalb des Trebetherick Hochlandes mit Blick \u00fcber die M\u00fcndung des Flusses Camel und den atlantischen Ozean&#8230;.. <\/p><\/span> <span class=\"featured-link-holder\"> <span class=\"featured-extra-info\"> \n<p>Luxushotel am Meer Nordk\u00fcste Cornwall<\/p>\n<\/span> \n<p class=\"featured-link\">DETAILS<\/p>\n<\/span> <\/a><\/div>\n<div class=\"snippet\"> <a class=\"featured-item\" href=\"https:\/\/www.urlaubcornwall.de\/blog\/2012\/04\/das-trevalsa-court-ist-ein-englisches-landhaus-am-meer-in-mevagissey-ein-stilvolles-boutique-hotel-in-malerischer-ruhiger-umgebung\/\"> <span class=\"image-holder\" style=\"background-image: url(' https:\/\/www.urlaubcornwall.de\/blog\/wp-content\/uploads\/2019\/01\/trevalsa_court_hotel_mevagissey.jpg');\"><\/span> <span class=\"featured-content\"> \n<h2 class=\"featured-title\">Trevalsa Court Hotel<\/h2>\n<p class=\"featured-body\">F\u00fcr uns ist das Trevalsa Court Hotel in Mevagissey die perfekte Unterkunft in dieser wundersch\u00f6nen Fischerstadt an der S\u00fcdk\u00fcste Cornwalls. Es liegt nur einen kurzen Spaziergang vom quirligen Hafen entfernt&#8230;.. <\/p><\/span> <span class=\"featured-link-holder\"> <span class=\"featured-extra-info\"> \n<p>Ein englisches Landhaus am Meer in Mevagissey<\/p>\n<\/span> \n<p class=\"featured-link\">DETAILS<\/p>\n<\/span> <\/a><\/div>\n<div class=\"snippet\"> <a class=\"featured-item\" href=\"https:\/\/www.urlaubcornwall.de\/blog\/horn-of-plenty-ein-schoenes-hotel-in-devon-in-der-naehe-von-dartmoor\/\"> <span class=\"image-holder\" style=\"background-image: url(' https:\/\/www.urlaubcornwall.de\/blog\/wp-content\/uploads\/2019\/01\/horn-of-plenty-dartmoor-hotel-devon-1.jpg ');\"><\/span> <span class=\"featured-content\"> \n<h2 class=\"featured-title\">Das Horn of Plenty Hotel<\/h2>\n<p class=\"featured-body\">Ein kleines, luxuri\u00f6ses Landhaus-Hotel bei Dartmoor an der Grenze zwischen Devon und Cornwall. Es liegt in einem 5Ar Grundst\u00fcck wundervoll gepflegter, typisch englischer G\u00e4rten&#8230; <\/p><\/span> <span class=\"featured-link-holder\"> <span class=\"featured-extra-info\"> \n<p>Es ist ein romantisches Hotel f\u00fcr Paare<\/p>\n<\/span> \n<p class=\"featured-link\">DETAILS<\/p>\n<\/span> <\/a><\/div>\n<div class=\"snippet\"> <a class=\"featured-item\" href=\"https:\/\/www.urlaubcornwall.de\/blog\/cornwall-hotel-spa-estate-luxushotel-suedcornwall\/\"> <span class=\"image-holder\" style=\"background-image: url(' https:\/\/www.urlaubcornwall.de\/blog\/wp-content\/uploads\/2019\/01\/cornwall-hotel-spa-1.jpg ');\"><\/span> <span class=\"featured-content\"> \n<h2 class=\"featured-title\">Cornwall Hotel, Estate &amp; Spa St Austell<\/h2>\n<p class=\"featured-body\">Entspannen Sie, erholen Sie sich und verj\u00fcngen Sie sich in der luxuri\u00f6sen Umgebung des \u201eThe Cornwall Hotel, Spa &amp; Estate\u201c; einem exquisiten 4-Sterne Luxushotel&#8230; <\/p><\/span> <span class=\"featured-link-holder\"> <span class=\"featured-extra-info\"> \n<p>Preisgekr\u00f6ntem Spa inmitten einer ruhigen, bewaldeten Parkanlage<\/p>\n<\/span> \n<p class=\"featured-link\">DETAILS<\/p>\n<\/span> <\/a><\/div>\n<div class=\"snippet\"> <a class=\"featured-item\" href=\"https:\/\/www.urlaubcornwall.de\/blog\/carbis-bay-hotel-am-meer-st-ives\/\"> <span class=\"image-holder\" style=\"background-image: url(' https:\/\/www.urlaubcornwall.de\/blog\/wp-content\/uploads\/2019\/01\/carbis-bay-hotel-st-ives-am-meer.jpg ');\"><\/span> <span class=\"featured-content\"> \n<h2 class=\"featured-title\">Carbis Bay Hotel und Spa am Meer<\/h2>\n<p class=\"featured-body\">Dieses Hotel ist von h\u00f6chster Qualit\u00e4t, seit 30 Jahren familiengef\u00fchrt und h\u00e4lt den hauseigenen Strand instand. Durch seine blaue Flagge ist der Strand der perfekte Familienurlaubsort am Meer&#8230;.<\/p><\/span> <span class=\"featured-link-holder\"> <span class=\"featured-extra-info\">\n<p>In der N\u00e4he das eines der ausgezeichnetsten Sandstr\u00e4nde<\/p>\n<\/span> \n<p class=\"featured-link\">DETAILS<\/p>\n<\/span> <\/a><\/div>\n<p style=\"text-align: left;\">Klicken Sie <a title=\"Handverlesene und pers\u00f6nlich besuchte Hotels\" href=\"https:\/\/www.urlaubcornwall.de\/hotels.php\"><span style=\"text-decoration: underline;\">hier<\/span><\/a>, um sich unser vollst\u00e4ndiges Angebot der besten <span style=\"text-decoration: underline;\"><a href=\"https:\/\/www.urlaubcornwall.de\/hotels.php\">Hotels in Cornwall<\/a> <\/span>anzusehen.<\/p>\n<p><ins class=\"bookingaff\" data-aid=\"1697346\" data-target_aid=\"1697346\" data-prod=\"map\" data-width=\"100%\" data-height=\"590\" data-lang=\"ualng\" data-dest_id=\"0\" data-dest_type=\"landmark\" data-latitude=\"50.415497\" data-longitude=\"-5.073719\" data-mwhsb=\"0\" data-address=\"Newquay, UK\"><br \/>\n    <!-- Anything inside will go away once widget is loaded. --><br \/>\n        <a href=\"\/\/www.booking.com?aid=1697346\" rel=\"nofollow\">Booking.com<\/a><br \/>\n<\/ins><br \/>\n<script type=\"text\/javascript\">\n    (function(d, sc, u) {\n      var s = d.createElement(sc), p = d.getElementsByTagName(sc)[0];\n      s.type = 'text\/javascript';\n      s.async = true;\n      s.src = u + '?v=' + (+new Date());\n      p.parentNode.insertBefore(s,p);\n      })(document, 'script', '\/\/aff.bstatic.com\/static\/affiliate_base\/js\/flexiproduct.js');\n<\/script><\/p>\n","protected":false},"excerpt":{"rendered":"<p>Cornwall, Englands sch\u00f6nstes Urlaubsziel, hat einige sehr besondere Boutique-Hotels, die stilvolles modernes Dekor mit dem kornischen K\u00fcstenstil verbinden. UrlaubCornwall ist selbstverst\u00e4ndlich in Cornwall ans\u00e4ssig und hat die besten Design-Hotels entdeckt, die die Region zu bieten hat. Alle unsere Hotels liegen entlang der K\u00fcste, haben Meerblick und befinden sich in Strandn\u00e4he. Unsere beliebtesten Boutique Hotels in [&hellip;]<\/p>\n","protected":false},"author":1,"featured_media":0,"parent":0,"menu_order":0,"comment_status":"closed","ping_status":"closed","template":"single-four.php","meta":[],"acf":[],"yoast_head":"<!-- This site is optimized with the Yoast SEO plugin v19.4 - https:\/\/yoast.com\/wordpress\/plugins\/seo\/ -->\n<title>Handverlesene Boutique-Hotels in Cornwall &amp; Devon - Urlaub &amp; Reisen<\/title>\n<meta name=\"robots\" content=\"index, follow, max-snippet:-1, max-image-preview:large, max-video-preview:-1\" \/>\n<link rel=\"canonical\" href=\"https:\/\/www.urlaubcornwall.de\/blog\/handverlesene-boutique-hotels-in-cornwall-devon\/\" \/>\n<meta property=\"og:locale\" content=\"en_US\" \/>\n<meta property=\"og:type\" content=\"article\" \/>\n<meta property=\"og:title\" content=\"Handverlesene Boutique-Hotels in Cornwall &amp; Devon - Urlaub &amp; Reisen\" \/>\n<meta property=\"og:description\" content=\"Cornwall, Englands sch\u00f6nstes Urlaubsziel, hat einige sehr besondere Boutique-Hotels, die stilvolles modernes Dekor mit dem kornischen K\u00fcstenstil verbinden. UrlaubCornwall ist selbstverst\u00e4ndlich in Cornwall ans\u00e4ssig und hat die besten Design-Hotels entdeckt, die die Region zu bieten hat. Alle unsere Hotels liegen entlang der K\u00fcste, haben Meerblick und befinden sich in Strandn\u00e4he. Unsere beliebtesten Boutique Hotels in [&hellip;]\" \/>\n<meta property=\"og:url\" content=\"https:\/\/www.urlaubcornwall.de\/blog\/handverlesene-boutique-hotels-in-cornwall-devon\/\" \/>\n<meta property=\"og:site_name\" content=\"Urlaub &amp; Reisen\" \/>\n<meta property=\"article:modified_time\" content=\"2024-05-29T07:43:08+00:00\" \/>\n<meta name=\"twitter:card\" content=\"summary\" \/>\n<meta name=\"twitter:label1\" content=\"Est. reading time\" \/>\n\t<meta name=\"twitter:data1\" content=\"2 minutes\" \/>\n<script type=\"application\/ld+json\" class=\"yoast-schema-graph\">{\"@context\":\"https:\/\/schema.org\",\"@graph\":[{\"@type\":\"WebSite\",\"@id\":\"https:\/\/www.urlaubcornwall.de\/blog\/#website\",\"url\":\"https:\/\/www.urlaubcornwall.de\/blog\/\",\"name\":\"Urlaub &amp; Reisen\",\"description\":\"Urlaub, Reisen, Cornwall und S\u00fcdengland: eine perfekte Kombination\",\"potentialAction\":[{\"@type\":\"SearchAction\",\"target\":{\"@type\":\"EntryPoint\",\"urlTemplate\":\"https:\/\/www.urlaubcornwall.de\/blog\/?s={search_term_string}\"},\"query-input\":\"required name=search_term_string\"}],\"inLanguage\":\"en-US\"},{\"@type\":\"WebPage\",\"@id\":\"https:\/\/www.urlaubcornwall.de\/blog\/handverlesene-boutique-hotels-in-cornwall-devon\/\",\"url\":\"https:\/\/www.urlaubcornwall.de\/blog\/handverlesene-boutique-hotels-in-cornwall-devon\/\",\"name\":\"Handverlesene Boutique-Hotels in Cornwall & Devon - Urlaub &amp; Reisen\",\"isPartOf\":{\"@id\":\"https:\/\/www.urlaubcornwall.de\/blog\/#website\"},\"datePublished\":\"2014-08-05T11:20:56+00:00\",\"dateModified\":\"2024-05-29T07:43:08+00:00\",\"breadcrumb\":{\"@id\":\"https:\/\/www.urlaubcornwall.de\/blog\/handverlesene-boutique-hotels-in-cornwall-devon\/#breadcrumb\"},\"inLanguage\":\"en-US\",\"potentialAction\":[{\"@type\":\"ReadAction\",\"target\":[\"https:\/\/www.urlaubcornwall.de\/blog\/handverlesene-boutique-hotels-in-cornwall-devon\/\"]}]},{\"@type\":\"BreadcrumbList\",\"@id\":\"https:\/\/www.urlaubcornwall.de\/blog\/handverlesene-boutique-hotels-in-cornwall-devon\/#breadcrumb\",\"itemListElement\":[{\"@type\":\"ListItem\",\"position\":1,\"name\":\"Home\",\"item\":\"https:\/\/www.urlaubcornwall.de\/blog\/\"},{\"@type\":\"ListItem\",\"position\":2,\"name\":\"Handverlesene Boutique-Hotels in Cornwall &#038; Devon\"}]}]}<\/script>\n<!-- \/ Yoast SEO plugin. -->","yoast_head_json":{"title":"Handverlesene Boutique-Hotels in Cornwall & Devon - Urlaub &amp; Reisen","robots":{"index":"index","follow":"follow","max-snippet":"max-snippet:-1","max-image-preview":"max-image-preview:large","max-video-preview":"max-video-preview:-1"},"canonical":"https:\/\/www.urlaubcornwall.de\/blog\/handverlesene-boutique-hotels-in-cornwall-devon\/","og_locale":"en_US","og_type":"article","og_title":"Handverlesene Boutique-Hotels in Cornwall & Devon - Urlaub &amp; Reisen","og_description":"Cornwall, Englands sch\u00f6nstes Urlaubsziel, hat einige sehr besondere Boutique-Hotels, die stilvolles modernes Dekor mit dem kornischen K\u00fcstenstil verbinden. UrlaubCornwall ist selbstverst\u00e4ndlich in Cornwall ans\u00e4ssig und hat die besten Design-Hotels entdeckt, die die Region zu bieten hat. Alle unsere Hotels liegen entlang der K\u00fcste, haben Meerblick und befinden sich in Strandn\u00e4he. Unsere beliebtesten Boutique Hotels in [&hellip;]","og_url":"https:\/\/www.urlaubcornwall.de\/blog\/handverlesene-boutique-hotels-in-cornwall-devon\/","og_site_name":"Urlaub &amp; Reisen","article_modified_time":"2024-05-29T07:43:08+00:00","twitter_card":"summary","twitter_misc":{"Est. reading time":"2 minutes"},"schema":{"@context":"https:\/\/schema.org","@graph":[{"@type":"WebSite","@id":"https:\/\/www.urlaubcornwall.de\/blog\/#website","url":"https:\/\/www.urlaubcornwall.de\/blog\/","name":"Urlaub &amp; Reisen","description":"Urlaub, Reisen, Cornwall und S\u00fcdengland: eine perfekte Kombination","potentialAction":[{"@type":"SearchAction","target":{"@type":"EntryPoint","urlTemplate":"https:\/\/www.urlaubcornwall.de\/blog\/?s={search_term_string}"},"query-input":"required name=search_term_string"}],"inLanguage":"en-US"},{"@type":"WebPage","@id":"https:\/\/www.urlaubcornwall.de\/blog\/handverlesene-boutique-hotels-in-cornwall-devon\/","url":"https:\/\/www.urlaubcornwall.de\/blog\/handverlesene-boutique-hotels-in-cornwall-devon\/","name":"Handverlesene Boutique-Hotels in Cornwall & Devon - Urlaub &amp; Reisen","isPartOf":{"@id":"https:\/\/www.urlaubcornwall.de\/blog\/#website"},"datePublished":"2014-08-05T11:20:56+00:00","dateModified":"2024-05-29T07:43:08+00:00","breadcrumb":{"@id":"https:\/\/www.urlaubcornwall.de\/blog\/handverlesene-boutique-hotels-in-cornwall-devon\/#breadcrumb"},"inLanguage":"en-US","potentialAction":[{"@type":"ReadAction","target":["https:\/\/www.urlaubcornwall.de\/blog\/handverlesene-boutique-hotels-in-cornwall-devon\/"]}]},{"@type":"BreadcrumbList","@id":"https:\/\/www.urlaubcornwall.de\/blog\/handverlesene-boutique-hotels-in-cornwall-devon\/#breadcrumb","itemListElement":[{"@type":"ListItem","position":1,"name":"Home","item":"https:\/\/www.urlaubcornwall.de\/blog\/"},{"@type":"ListItem","position":2,"name":"Handverlesene Boutique-Hotels in Cornwall &#038; Devon"}]}]}},"_links":{"self":[{"href":"https:\/\/www.urlaubcornwall.de\/blog\/wp-json\/wp\/v2\/pages\/16205"}],"collection":[{"href":"https:\/\/www.urlaubcornwall.de\/blog\/wp-json\/wp\/v2\/pages"}],"about":[{"href":"https:\/\/www.urlaubcornwall.de\/blog\/wp-json\/wp\/v2\/types\/page"}],"author":[{"embeddable":true,"href":"https:\/\/www.urlaubcornwall.de\/blog\/wp-json\/wp\/v2\/users\/1"}],"replies":[{"embeddable":true,"href":"https:\/\/www.urlaubcornwall.de\/blog\/wp-json\/wp\/v2\/comments?post=16205"}],"version-history":[{"count":40,"href":"https:\/\/www.urlaubcornwall.de\/blog\/wp-json\/wp\/v2\/pages\/16205\/revisions"}],"predecessor-version":[{"id":50520,"href":"https:\/\/www.urlaubcornwall.de\/blog\/wp-json\/wp\/v2\/pages\/16205\/revisions\/50520"}],"wp:attachment":[{"href":"https:\/\/www.urlaubcornwall.de\/blog\/wp-json\/wp\/v2\/media?parent=16205"}],"curies":[{"name":"wp","href":"https:\/\/api.w.org\/{rel}","templated":true}]}}