{"id":16037,"date":"2014-06-26T08:49:39","date_gmt":"2014-06-26T08:49:39","guid":{"rendered":"https:\/\/www.urlaubcornwall.de\/blog\/?page_id=16037"},"modified":"2021-10-01T10:50:45","modified_gmt":"2021-10-01T10:50:45","slug":"hotels-in-cornwall-mit-kinderklubs","status":"publish","type":"page","link":"https:\/\/www.urlaubcornwall.de\/blog\/hotels-in-cornwall-mit-kinderklubs\/","title":{"rendered":"Hotels in Cornwall mit Kinderclubs"},"content":{"rendered":"<p>Kinderclubs in Cornwall &#8211; Cornwall ist mit seinen 300 Str\u00e4nden und einem der mildesten und sonnigsten Klima des Vereinten K\u00f6nigreiches die <a href=\"https:\/\/www.urlaubcornwall.de\/reiseziel\/cornwall.php\">Ferienregion f\u00fcr Familienurlaube<\/a> schlechthin. Der ideale Urlaub f\u00fcr viele Familien ist in einem Hotel am Meer und dennoch mit Unterhaltungsm\u00f6glichkeiten f\u00fcr Kinder jeden Alters. Wir suchen f\u00fcr Sie vor Ort, besuchen und zeigen Ihnen dann das Beste, das diese Region zu bieten hat.<\/p>\n<h2>Hier ist unsere handverlesene Auswahl an Familienhotels und Kinderhotels in Cornwall&#8230;.<\/h2>\n<h3>&nbsp;<\/h3>\n<div class=\"snippet\"> <a class=\"featured-item\" href=\" https:\/\/www.urlaubcornwall.de\/blog\/das-sands-resort-in-newquay-ein-preisgekroentes-familienhotel-an-der-nordkueste-cornwalls\/ \"> <span class=\"image-holder\" style=\"background-image: url(' https:\/\/www.urlaubcornwall.de\/blog\/wp-content\/uploads\/2019\/01\/sands-resort-hotel-am-meer-newquay.jpg');\"><\/span> <span class=\"featured-content\"> \n<h2 class=\"featured-title\">Sands Resort in Newquay<\/h2>\n<p class=\"featured-body\">Sands Resort Hotel &#038; Spa befindet sich lediglich einen kurzen Spaziergang entfernt vom Strand und weist eine entspannte, freundliche Atmosph\u00e4re auf. Dazu gibt es ausgezeichnete Angebote, einschlie\u00dflich einiger Pools&#8230;&#8230; <\/p><\/span> <span class=\"featured-link-holder\"> <span class=\"featured-extra-info\"> \n<p>Ein modernes und kosteng\u00fcnstiges Kinderhotel<\/p>\n<\/span> \n<p class=\"featured-link\">DETAILS<\/p>\n<\/span> <\/a><\/div>\n<div class=\"snippet\"> <a class=\"featured-item\" href=\"https:\/\/www.urlaubcornwall.de\/blog\/cornwall-hotel-spa-estate-luxushotel-suedcornwall\/\"> <span class=\"image-holder\" style=\"background-image: url(' https:\/\/www.urlaubcornwall.de\/blog\/wp-content\/uploads\/2019\/01\/cornwall-hotel-spa-1.jpg ');\"><\/span> <span class=\"featured-content\"> \n<h2 class=\"featured-title\">Cornwall Hotel, Estate &amp; Spa St Austell<\/h2>\n<p class=\"featured-body\">Entspannen Sie, erholen Sie sich und verj\u00fcngen Sie sich in der luxuri\u00f6sen Umgebung des \u201eThe Cornwall Hotel, Spa &amp; Estate\u201c; einem exquisiten 4-Sterne Luxushotel&#8230; <\/p><\/span> <span class=\"featured-link-holder\"> <span class=\"featured-extra-info\"> \n<p>Preisgekr\u00f6ntem Spa inmitten einer ruhigen, bewaldeten Parkanlage<\/p>\n<\/span> \n<p class=\"featured-link\">DETAILS<\/p>\n<\/span> <\/a><\/div>\n<div class=\"snippet\"> <a class=\"featured-item\" href=\" https:\/\/www.urlaubcornwall.de\/blog\/luxusurlaub-mit-kindern-das-fowey-hall-hotel-an-der-suedkueste-von-cornwall-bietet-die-perfekte-kombination-aus-familienfreundlichen-einrichtungen-und-modernem-luxus\/ \"> <span class=\"image-holder\" style=\"background-image: url(' https:\/\/www.urlaubcornwall.de\/blog\/wp-content\/uploads\/2019\/01\/Fowey-Hall-hotel-cornwall-2.jpg ');\"><\/span> <span class=\"featured-content\"> \n<h2 class=\"featured-title\"> Fowey Hall Hotel<\/h2>\n<p class=\"featured-body\"> Fowey Hall Hotel an einem sch\u00f6nen, sonnigen Tag besucht und dabei den herrlichen Seeblick und einen Spaziergang um den gro\u00dfen, gut gepflegten Garten genossen&#8230;&#8230;.. <\/p><\/span> <span class=\"featured-link-holder\"> <span class=\"featured-extra-info\"> \n<p> Luxusurlaub mit Kindern <\/p>\n<\/span> \n<p class=\"featured-link\">DETAILS<\/p>\n<\/span> <\/a><\/div>\n<div class=\"snippet\"> <a class=\"featured-item\" href=\"https:\/\/www.urlaubcornwall.de\/blog\/carbis-bay-hotel-am-meer-st-ives\/\"> <span class=\"image-holder\" style=\"background-image: url(' https:\/\/www.urlaubcornwall.de\/blog\/wp-content\/uploads\/2019\/01\/carbis-bay-hotel-st-ives-am-meer.jpg ');\"><\/span> <span class=\"featured-content\"> \n<h2 class=\"featured-title\">Carbis Bay Hotel und Spa am Meer<\/h2>\n<p class=\"featured-body\">Dieses Hotel ist von h\u00f6chster Qualit\u00e4t, seit 30 Jahren familiengef\u00fchrt und h\u00e4lt den hauseigenen Strand instand. Durch seine blaue Flagge ist der Strand der perfekte Familienurlaubsort am Meer&#8230;.<\/p><\/span> <span class=\"featured-link-holder\"> <span class=\"featured-extra-info\">\n<p>In der N\u00e4he das eines der ausgezeichnetsten Sandstr\u00e4nde<\/p>\n<\/span> \n<p class=\"featured-link\">DETAILS<\/p>\n<\/span> <\/a><\/div>\n<div class=\"snippet\"> <a class=\"featured-item\" href=\"http:\/\/www.booking.com\/hotel\/gb\/primrose-valley.html?aid=1320750&amp;no_rooms=1&amp;group_adults=2&amp;room1=A%2CA\"> <span class=\"image-holder\" style=\"background-image: url(' https:\/\/www.urlaubcornwall.de\/blog\/wp-content\/uploads\/2019\/01\/st-ives-primrose-valley-hotel-st-ives-1.jpg');\"><\/span> <span class=\"featured-content\"> \n<h2 class=\"featured-title\">Primrose Valley Hotel<\/h2>\n<p class=\"featured-body\">Das Hotel in einer edwardianischen Villa am Meer bietet zeitgen\u00f6ssisch-modernen, entspannt-stilvollen Komfort \u2013 und zum herrlichen Porthminster Beach gelangt man in wenigen Sekunden&#8230;.<\/p><\/span> <span class=\"featured-link-holder\"> <span class=\"featured-extra-info\">\n<p>Stilvolle Zimmer und erschwingliche Preise<\/p>\n<\/span> \n<p class=\"featured-link\">DETAILS<\/p>\n<\/span> <\/a><\/div>\n<div class=\"snippet\"> <a class=\"featured-item\" href=\"https:\/\/www.booking.com\/hotel\/gb\/tregenna-castle-estate.html?aid=1320750&amp;no_rooms=1&amp;group_adults=2&amp;room1=A%2CA\"rel=\"nofollow\"> <span class=\"image-holder\" style=\"background-image: url(' https:\/\/www.urlaubcornwall.de\/blog\/wp-content\/uploads\/2019\/01\/tregenna-schlosshotel_cornwall-1.jpg ');\"><\/span> <span class=\"featured-content\"> \n<h2 class=\"featured-title\">Tregenna Schlosshotel &#038; Resort St Ives<\/h2>\n<p class=\"featured-body\">Das Hotel verf\u00fcgt \u00fcber 81 Zimmer, jedes mit seinem eigenen Charakter, und einige R\u00e4ume haben spektakul\u00e4ren Meeresblick; allesamt sind sie recht gro\u00df mit hohen Decken, die zus\u00e4tzlich mehr Raum vermitteln&#8230;.<\/p><\/span> <span class=\"featured-link-holder\"> <span class=\"featured-extra-info\">\n<p>Das beste Hotel, wenn es darum geht, Parkprobleme in St Ives zu vermeiden.<\/p>\n<\/span> \n<p class=\"featured-link\">DETAILS<\/p>\n<\/span> <\/a><\/div>\n<p><ins class=\"bookingaff\" data-aid=\"1697346\" data-target_aid=\"1697346\" data-prod=\"map\" data-width=\"100%\" data-height=\"590\" data-lang=\"ualng\" data-dest_id=\"0\" data-dest_type=\"landmark\" data-latitude=\"50.415497\" data-longitude=\"-5.073719\" data-mwhsb=\"0\" data-address=\"Newquay, UK\"><br \/>\n    <!-- Anything inside will go away once widget is loaded. --><br \/>\n        <a href=\"\/\/www.booking.com?aid=1697346\" rel=\"nofollow\">Booking.com<\/a><br \/>\n<\/ins><br \/>\n<script type=\"text\/javascript\">\n    (function(d, sc, u) {\n      var s = d.createElement(sc), p = d.getElementsByTagName(sc)[0];\n      s.type = 'text\/javascript';\n      s.async = true;\n      s.src = u + '?v=' + (+new Date());\n      p.parentNode.insertBefore(s,p);\n      })(document, 'script', '\/\/aff.bstatic.com\/static\/affiliate_base\/js\/flexiproduct.js');\n<\/script><\/p>\n<p>Cornwall hat Familienhotels f\u00fcr jeden Geldbeutel, von Luxushotels bis hin zu g\u00fcnstigen Angeboten. Die H\u00e4user unserer Auswahl haben allesamt offiziell inspizierte Kinderclubs und Kinderkrippen, sowie Kleinkinderversorgung. F\u00fcr die \u00e4lteren Kinder bieten sie alle eine Vielfalt an Innen- und Au\u00dfenaktivit\u00e4ten, einschlie\u00dflich Schwimmb\u00e4dern, Spielr\u00e4umen, Tennis, Minigolf und vieles mehr. F\u00fcr die Abenteuerlichen unter Ihnen k\u00f6nnen Surfstunden oder Kajakfahren und Coastering organisiert werden.<\/p>\n<p>Auch die Eltern werden nicht vergessen. Genie\u00dfen Sie also Spa Behandlungen und Fitnessstudios, w\u00e4hlen Sie zwischen einem gemeinsamen Familienmahl oder nehmen Sie die Gelegenheit wahr f\u00fcr ein Abendmahl ohne Kinder. S\u00e4mtliche Hotels verf\u00fcgen \u00fcber gro\u00dfartigen Meeresblick, der sich bei einem entspannenden Cocktail am Ende des Tages genie\u00dfen l\u00e4sst.<\/p>\n<p style=\"text-align: center;\"><b>Klicken Sie <\/b><strong>hie<\/strong>r<b>, um sich unser vollst\u00e4ndiges Angebot der besten <a href=\"https:\/\/www.urlaubcornwall.de\/hotels.php\">Hotels in Cornwall&gt;&gt;<\/a><\/b><\/p>\n","protected":false},"excerpt":{"rendered":"<p>Kinderclubs in Cornwall &#8211; Cornwall ist mit seinen 300 Str\u00e4nden und einem der mildesten und sonnigsten Klima des Vereinten K\u00f6nigreiches die Ferienregion f\u00fcr Familienurlaube schlechthin. Der ideale Urlaub f\u00fcr viele Familien ist in einem Hotel am Meer und dennoch mit Unterhaltungsm\u00f6glichkeiten f\u00fcr Kinder jeden Alters. Wir suchen f\u00fcr Sie vor Ort, besuchen und zeigen Ihnen [&hellip;]<\/p>\n","protected":false},"author":1,"featured_media":0,"parent":0,"menu_order":0,"comment_status":"closed","ping_status":"closed","template":"single-four.php","meta":[],"acf":[],"yoast_head":"<!-- This site is optimized with the Yoast SEO plugin v19.4 - https:\/\/yoast.com\/wordpress\/plugins\/seo\/ -->\n<title>Hotels in Cornwall mit Kinderclubs - Urlaub &amp; Reisen<\/title>\n<meta name=\"robots\" content=\"index, follow, max-snippet:-1, max-image-preview:large, max-video-preview:-1\" \/>\n<link rel=\"canonical\" href=\"https:\/\/www.urlaubcornwall.de\/blog\/hotels-in-cornwall-mit-kinderklubs\/\" \/>\n<meta property=\"og:locale\" content=\"en_US\" \/>\n<meta property=\"og:type\" content=\"article\" \/>\n<meta property=\"og:title\" content=\"Hotels in Cornwall mit Kinderclubs - Urlaub &amp; Reisen\" \/>\n<meta property=\"og:description\" content=\"Kinderclubs in Cornwall &#8211; Cornwall ist mit seinen 300 Str\u00e4nden und einem der mildesten und sonnigsten Klima des Vereinten K\u00f6nigreiches die Ferienregion f\u00fcr Familienurlaube schlechthin. Der ideale Urlaub f\u00fcr viele Familien ist in einem Hotel am Meer und dennoch mit Unterhaltungsm\u00f6glichkeiten f\u00fcr Kinder jeden Alters. Wir suchen f\u00fcr Sie vor Ort, besuchen und zeigen Ihnen [&hellip;]\" \/>\n<meta property=\"og:url\" content=\"https:\/\/www.urlaubcornwall.de\/blog\/hotels-in-cornwall-mit-kinderklubs\/\" \/>\n<meta property=\"og:site_name\" content=\"Urlaub &amp; Reisen\" \/>\n<meta property=\"article:modified_time\" content=\"2021-10-01T10:50:45+00:00\" \/>\n<meta name=\"twitter:card\" content=\"summary\" \/>\n<meta name=\"twitter:label1\" content=\"Est. reading time\" \/>\n\t<meta name=\"twitter:data1\" content=\"2 minutes\" \/>\n<script type=\"application\/ld+json\" class=\"yoast-schema-graph\">{\"@context\":\"https:\/\/schema.org\",\"@graph\":[{\"@type\":\"WebSite\",\"@id\":\"https:\/\/www.urlaubcornwall.de\/blog\/#website\",\"url\":\"https:\/\/www.urlaubcornwall.de\/blog\/\",\"name\":\"Urlaub &amp; Reisen\",\"description\":\"Urlaub, Reisen, Cornwall und S\u00fcdengland: eine perfekte Kombination\",\"potentialAction\":[{\"@type\":\"SearchAction\",\"target\":{\"@type\":\"EntryPoint\",\"urlTemplate\":\"https:\/\/www.urlaubcornwall.de\/blog\/?s={search_term_string}\"},\"query-input\":\"required name=search_term_string\"}],\"inLanguage\":\"en-US\"},{\"@type\":\"WebPage\",\"@id\":\"https:\/\/www.urlaubcornwall.de\/blog\/hotels-in-cornwall-mit-kinderklubs\/\",\"url\":\"https:\/\/www.urlaubcornwall.de\/blog\/hotels-in-cornwall-mit-kinderklubs\/\",\"name\":\"Hotels in Cornwall mit Kinderclubs - Urlaub &amp; Reisen\",\"isPartOf\":{\"@id\":\"https:\/\/www.urlaubcornwall.de\/blog\/#website\"},\"datePublished\":\"2014-06-26T08:49:39+00:00\",\"dateModified\":\"2021-10-01T10:50:45+00:00\",\"breadcrumb\":{\"@id\":\"https:\/\/www.urlaubcornwall.de\/blog\/hotels-in-cornwall-mit-kinderklubs\/#breadcrumb\"},\"inLanguage\":\"en-US\",\"potentialAction\":[{\"@type\":\"ReadAction\",\"target\":[\"https:\/\/www.urlaubcornwall.de\/blog\/hotels-in-cornwall-mit-kinderklubs\/\"]}]},{\"@type\":\"BreadcrumbList\",\"@id\":\"https:\/\/www.urlaubcornwall.de\/blog\/hotels-in-cornwall-mit-kinderklubs\/#breadcrumb\",\"itemListElement\":[{\"@type\":\"ListItem\",\"position\":1,\"name\":\"Home\",\"item\":\"https:\/\/www.urlaubcornwall.de\/blog\/\"},{\"@type\":\"ListItem\",\"position\":2,\"name\":\"Hotels in Cornwall mit Kinderclubs\"}]}]}<\/script>\n<!-- \/ Yoast SEO plugin. -->","yoast_head_json":{"title":"Hotels in Cornwall mit Kinderclubs - Urlaub &amp; Reisen","robots":{"index":"index","follow":"follow","max-snippet":"max-snippet:-1","max-image-preview":"max-image-preview:large","max-video-preview":"max-video-preview:-1"},"canonical":"https:\/\/www.urlaubcornwall.de\/blog\/hotels-in-cornwall-mit-kinderklubs\/","og_locale":"en_US","og_type":"article","og_title":"Hotels in Cornwall mit Kinderclubs - Urlaub &amp; Reisen","og_description":"Kinderclubs in Cornwall &#8211; Cornwall ist mit seinen 300 Str\u00e4nden und einem der mildesten und sonnigsten Klima des Vereinten K\u00f6nigreiches die Ferienregion f\u00fcr Familienurlaube schlechthin. Der ideale Urlaub f\u00fcr viele Familien ist in einem Hotel am Meer und dennoch mit Unterhaltungsm\u00f6glichkeiten f\u00fcr Kinder jeden Alters. Wir suchen f\u00fcr Sie vor Ort, besuchen und zeigen Ihnen [&hellip;]","og_url":"https:\/\/www.urlaubcornwall.de\/blog\/hotels-in-cornwall-mit-kinderklubs\/","og_site_name":"Urlaub &amp; Reisen","article_modified_time":"2021-10-01T10:50:45+00:00","twitter_card":"summary","twitter_misc":{"Est. reading time":"2 minutes"},"schema":{"@context":"https:\/\/schema.org","@graph":[{"@type":"WebSite","@id":"https:\/\/www.urlaubcornwall.de\/blog\/#website","url":"https:\/\/www.urlaubcornwall.de\/blog\/","name":"Urlaub &amp; Reisen","description":"Urlaub, Reisen, Cornwall und S\u00fcdengland: eine perfekte Kombination","potentialAction":[{"@type":"SearchAction","target":{"@type":"EntryPoint","urlTemplate":"https:\/\/www.urlaubcornwall.de\/blog\/?s={search_term_string}"},"query-input":"required name=search_term_string"}],"inLanguage":"en-US"},{"@type":"WebPage","@id":"https:\/\/www.urlaubcornwall.de\/blog\/hotels-in-cornwall-mit-kinderklubs\/","url":"https:\/\/www.urlaubcornwall.de\/blog\/hotels-in-cornwall-mit-kinderklubs\/","name":"Hotels in Cornwall mit Kinderclubs - Urlaub &amp; Reisen","isPartOf":{"@id":"https:\/\/www.urlaubcornwall.de\/blog\/#website"},"datePublished":"2014-06-26T08:49:39+00:00","dateModified":"2021-10-01T10:50:45+00:00","breadcrumb":{"@id":"https:\/\/www.urlaubcornwall.de\/blog\/hotels-in-cornwall-mit-kinderklubs\/#breadcrumb"},"inLanguage":"en-US","potentialAction":[{"@type":"ReadAction","target":["https:\/\/www.urlaubcornwall.de\/blog\/hotels-in-cornwall-mit-kinderklubs\/"]}]},{"@type":"BreadcrumbList","@id":"https:\/\/www.urlaubcornwall.de\/blog\/hotels-in-cornwall-mit-kinderklubs\/#breadcrumb","itemListElement":[{"@type":"ListItem","position":1,"name":"Home","item":"https:\/\/www.urlaubcornwall.de\/blog\/"},{"@type":"ListItem","position":2,"name":"Hotels in Cornwall mit Kinderclubs"}]}]}},"_links":{"self":[{"href":"https:\/\/www.urlaubcornwall.de\/blog\/wp-json\/wp\/v2\/pages\/16037"}],"collection":[{"href":"https:\/\/www.urlaubcornwall.de\/blog\/wp-json\/wp\/v2\/pages"}],"about":[{"href":"https:\/\/www.urlaubcornwall.de\/blog\/wp-json\/wp\/v2\/types\/page"}],"author":[{"embeddable":true,"href":"https:\/\/www.urlaubcornwall.de\/blog\/wp-json\/wp\/v2\/users\/1"}],"replies":[{"embeddable":true,"href":"https:\/\/www.urlaubcornwall.de\/blog\/wp-json\/wp\/v2\/comments?post=16037"}],"version-history":[{"count":18,"href":"https:\/\/www.urlaubcornwall.de\/blog\/wp-json\/wp\/v2\/pages\/16037\/revisions"}],"predecessor-version":[{"id":43185,"href":"https:\/\/www.urlaubcornwall.de\/blog\/wp-json\/wp\/v2\/pages\/16037\/revisions\/43185"}],"wp:attachment":[{"href":"https:\/\/www.urlaubcornwall.de\/blog\/wp-json\/wp\/v2\/media?parent=16037"}],"curies":[{"name":"wp","href":"https:\/\/api.w.org\/{rel}","templated":true}]}}