{"id":15968,"date":"2014-06-22T10:42:03","date_gmt":"2014-06-22T10:42:03","guid":{"rendered":"https:\/\/www.urlaubcornwall.de\/blog\/?page_id=15968"},"modified":"2014-06-24T08:30:57","modified_gmt":"2014-06-24T08:30:57","slug":"the-rosevine-hotel-luxus-familienurlaub-by-the-sea-on-cornwalls-south-coast","status":"publish","type":"page","link":"https:\/\/www.urlaubcornwall.de\/blog\/the-rosevine-hotel-luxus-familienurlaub-by-the-sea-on-cornwalls-south-coast\/","title":{"rendered":"The Rosevine Hotel \u2013Luxus familienurlaub by the sea on Cornwall\u2019s South Coast."},"content":{"rendered":"<p>[tab name=&#8221;<strong>Our Review<\/strong>&#8220;]<\/p>\n<p><a href=\"http:\/\/www.rosevine.co.uk\/\" target=\"_blank\" rel=\"nofollow\"><span style=\"text-decoration: underline;\"><strong>The Rosevine<\/strong><\/span><\/a> is an impressive Georgian house set in lovely grounds with views over Porthcurnick Beach on the beautiful Roseland Peninsula of South Cornwall. Refurbished in a relaxed modern seaside style it offers a unique combination of luxury familienhotel and relaxed self catering apartments.<\/p>\n<p>Owners Tim and Hazel welcome children at the Rosevine and they are well catered for with a large playroom (toys, games, Xbox etc), an indoor swimming pool, and a sandy beach a short walk away. Parents aren\u2019t forgotten with an elegant sitting room with comfy sofas, a bar, lounge and an airy dining room with sea views across Gerrans Bay to Portscatho.<\/p>\n<p>In the subtropical Cornish garden sun loungers, tables and chairs are scattered around the lawn; children have their own space with a trampoline, climbing frame with rope ladders\u00a0 and table tennis.<\/p>\n<p>Rooms are either suites or apartments which come with small kitchens and a dining space. Eight have balconies and the popular ground floor 2 bed apartments open out on to their own terrace and the gardens beyond. There is a self catering cottage for up to 8 people in the grounds offering the same luxury feel as the hotel.<\/p>\n<p>The on-site restaurant offers a short, but enticing menu using mostly local Cornish produce. Make use of it as a hotel restaurant or takeaway service for relaxed meals in your apartment<\/p>\n<p><strong>Our tips:<\/strong> Close to sandy beaches, the Eden Project and the popular towns Falmouth and Truro the Rosevine is the perfect option for a flexible holiday with children in Cornwall: B&amp;B, self catering or the full hotel dining option in the restaurant: you choose.<\/p>\n<p><strong>F\u00fcr weitere Informationen und um Verf\u00fcgbarkeit zu pr\u00fcfen, besuchen Sie die <a href=\"http:\/\/www.rosevine.co.uk\/\" target=\"_blank\" rel=\"nofollow\"><span style=\"text-decoration: underline;\">Webseite des Hotels<\/span> &gt;&gt;<\/a><\/strong><\/p>\n<p>[\/tab]<\/p>\n<p>[tab name=&#8221;<strong>Hotelzimmer<\/strong>&#8220;]<\/p>\n<table>\n<tbody>\n<tr>\n<td><img loading=\"lazy\" class=\"aligncenter size-full wp-image-7090\" style=\"border: 0pt none; padding: 0px;\" src=\"https:\/\/www.urlaubcornwall.de\/blog\/wp-content\/uploads\/2014\/06\/rosevine_yourstay_chapelpoint_01-1160x567_2.jpg\" alt=\"\" width=\"148\" height=\"118\" \/><\/td>\n<td><strong>Studios<\/strong>\n<div class=\"intro\">\n<p>The studios have sea views and a small balcony. Open plan sleeping, sitting and dining area, with discreet mini kitchen.<\/p>\n<\/div>\n<p>Each sleeps 2 adults, with room for a baby or a small child in a cot or z bed. An interconnecting door means that 2 studios can to be booked together for a larger family group.<\/p><\/td>\n<\/tr>\n<\/tbody>\n<\/table>\n<h3><\/h3>\n<table>\n<tbody>\n<tr>\n<td><img loading=\"lazy\" class=\"aligncenter size-full wp-image-7093\" style=\"border: 0pt none; padding: 0px;\" src=\"https:\/\/www.urlaubcornwall.de\/blog\/wp-content\/uploads\/2014\/06\/rosevine_yourstay_blouth_03-1160x567_2.jpg\" alt=\"\" width=\"148\" height=\"118\" \/><\/td>\n<td><strong><\/strong><strong>Family Suites<\/strong>\n<div class=\"intro\">\n<p>The family suites have an open plan bedroom, sitting\/dining area with a mini kitchen and a separate children\u2019s room.<\/p>\n<\/div>\n<p>All have large French doors that open out onto a private decked terrace or balcony. Sleeps 2 adults and 2\/3 children.<\/p><\/td>\n<\/tr>\n<\/tbody>\n<\/table>\n<h3><\/h3>\n<table>\n<tbody>\n<tr>\n<td><img loading=\"lazy\" class=\"aligncenter size-full wp-image-7094\" style=\"border: 0pt none; padding: 0px;\" src=\"https:\/\/www.urlaubcornwall.de\/blog\/wp-content\/uploads\/2014\/06\/rosevine_yourstay_polkirt_03-1160x567_2.jpg\" alt=\"\" width=\"148\" height=\"118\" \/><\/td>\n<td><strong>Family Apartments<\/strong>\n<div class=\"intro\">\n<p>The family apartments have 2 bedrooms, a sitting \/ dining room with a mini kitchen sleeping 2 adults and 2 to 3 children.<\/p>\n<\/div>\n<p>This includes a separate double bedroom for parents and a children\u2019s bedroom. Most have large French doors that open out onto a private decked terrace or balcony.<\/p><\/td>\n<\/tr>\n<\/tbody>\n<\/table>\n<p>[\/tab]<\/p>\n<p>[tab name=&#8221;<strong>Ferienh\u00e4user<\/strong>&#8220;]<\/p>\n<p>The Rosevine offers a beautiful holiday home in its grounds.<\/p>\n<table>\n<tbody>\n<tr>\n<td><img loading=\"lazy\" class=\"aligncenter size-full wp-image-7093\" style=\"border: 0pt none; padding: 0px;\" src=\"https:\/\/www.urlaubcornwall.de\/blog\/wp-content\/uploads\/2014\/06\/rosevine_yourstay_thelookout_01-1160x567_1.jpg\" alt=\"luxus ferienhaus st mawes\" width=\"148\" height=\"118\" \/><\/td>\n<td><strong><\/strong><strong>The Lookout<br \/>\n<\/strong>The Lookout now has 4 bedrooms and sleeps up to 4 adults and 4 children. With a private cottage garden and decked terrace. Open plan kitchen\/living area with wood burning stove and french doors, play room, utility and boot room, and 3 bathrooms.<\/td>\n<\/tr>\n<\/tbody>\n<\/table>\n<p>[\/tab]<\/p>\n<p>[end_tabset]<\/p>\n","protected":false},"excerpt":{"rendered":"<p>[tab name=&#8221;Our Review&#8220;] The Rosevine is an impressive Georgian house set in lovely grounds with views over Porthcurnick Beach on the beautiful Roseland Peninsula of South Cornwall. Refurbished in a relaxed modern seaside style it offers a unique combination of luxury familienhotel and relaxed self catering apartments. Owners Tim and Hazel welcome children at the [&hellip;]<\/p>\n","protected":false},"author":1,"featured_media":0,"parent":0,"menu_order":0,"comment_status":"closed","ping_status":"closed","template":"single-two.php","meta":[],"acf":[],"yoast_head":"<!-- This site is optimized with the Yoast SEO plugin v19.4 - https:\/\/yoast.com\/wordpress\/plugins\/seo\/ -->\n<title>The Rosevine Hotel \u2013Luxus familienurlaub by the sea on Cornwall\u2019s South Coast. - Urlaub &amp; Reisen<\/title>\n<meta name=\"robots\" content=\"index, follow, max-snippet:-1, max-image-preview:large, max-video-preview:-1\" \/>\n<link rel=\"canonical\" href=\"https:\/\/www.urlaubcornwall.de\/blog\/the-rosevine-hotel-luxus-familienurlaub-by-the-sea-on-cornwalls-south-coast\/\" \/>\n<meta property=\"og:locale\" content=\"en_US\" \/>\n<meta property=\"og:type\" content=\"article\" \/>\n<meta property=\"og:title\" content=\"The Rosevine Hotel \u2013Luxus familienurlaub by the sea on Cornwall\u2019s South Coast. - Urlaub &amp; Reisen\" \/>\n<meta property=\"og:description\" content=\"[tab name=&#8221;Our Review&#8220;] The Rosevine is an impressive Georgian house set in lovely grounds with views over Porthcurnick Beach on the beautiful Roseland Peninsula of South Cornwall. Refurbished in a relaxed modern seaside style it offers a unique combination of luxury familienhotel and relaxed self catering apartments. Owners Tim and Hazel welcome children at the [&hellip;]\" \/>\n<meta property=\"og:url\" content=\"https:\/\/www.urlaubcornwall.de\/blog\/the-rosevine-hotel-luxus-familienurlaub-by-the-sea-on-cornwalls-south-coast\/\" \/>\n<meta property=\"og:site_name\" content=\"Urlaub &amp; Reisen\" \/>\n<meta property=\"article:modified_time\" content=\"2014-06-24T08:30:57+00:00\" \/>\n<meta property=\"og:image\" content=\"https:\/\/www.urlaubcornwall.de\/blog\/wp-content\/uploads\/2014\/06\/rosevine_yourstay_chapelpoint_01-1160x567_2.jpg\" \/>\n<meta name=\"twitter:card\" content=\"summary\" \/>\n<meta name=\"twitter:label1\" content=\"Est. reading time\" \/>\n\t<meta name=\"twitter:data1\" content=\"3 minutes\" \/>\n<script type=\"application\/ld+json\" class=\"yoast-schema-graph\">{\"@context\":\"https:\/\/schema.org\",\"@graph\":[{\"@type\":\"WebSite\",\"@id\":\"https:\/\/www.urlaubcornwall.de\/blog\/#website\",\"url\":\"https:\/\/www.urlaubcornwall.de\/blog\/\",\"name\":\"Urlaub &amp; Reisen\",\"description\":\"Urlaub, Reisen, Cornwall und S\u00fcdengland: eine perfekte Kombination\",\"potentialAction\":[{\"@type\":\"SearchAction\",\"target\":{\"@type\":\"EntryPoint\",\"urlTemplate\":\"https:\/\/www.urlaubcornwall.de\/blog\/?s={search_term_string}\"},\"query-input\":\"required name=search_term_string\"}],\"inLanguage\":\"en-US\"},{\"@type\":\"WebPage\",\"@id\":\"https:\/\/www.urlaubcornwall.de\/blog\/the-rosevine-hotel-luxus-familienurlaub-by-the-sea-on-cornwalls-south-coast\/\",\"url\":\"https:\/\/www.urlaubcornwall.de\/blog\/the-rosevine-hotel-luxus-familienurlaub-by-the-sea-on-cornwalls-south-coast\/\",\"name\":\"The Rosevine Hotel \u2013Luxus familienurlaub by the sea on Cornwall\u2019s South Coast. - Urlaub &amp; Reisen\",\"isPartOf\":{\"@id\":\"https:\/\/www.urlaubcornwall.de\/blog\/#website\"},\"datePublished\":\"2014-06-22T10:42:03+00:00\",\"dateModified\":\"2014-06-24T08:30:57+00:00\",\"breadcrumb\":{\"@id\":\"https:\/\/www.urlaubcornwall.de\/blog\/the-rosevine-hotel-luxus-familienurlaub-by-the-sea-on-cornwalls-south-coast\/#breadcrumb\"},\"inLanguage\":\"en-US\",\"potentialAction\":[{\"@type\":\"ReadAction\",\"target\":[\"https:\/\/www.urlaubcornwall.de\/blog\/the-rosevine-hotel-luxus-familienurlaub-by-the-sea-on-cornwalls-south-coast\/\"]}]},{\"@type\":\"BreadcrumbList\",\"@id\":\"https:\/\/www.urlaubcornwall.de\/blog\/the-rosevine-hotel-luxus-familienurlaub-by-the-sea-on-cornwalls-south-coast\/#breadcrumb\",\"itemListElement\":[{\"@type\":\"ListItem\",\"position\":1,\"name\":\"Home\",\"item\":\"https:\/\/www.urlaubcornwall.de\/blog\/\"},{\"@type\":\"ListItem\",\"position\":2,\"name\":\"The Rosevine Hotel \u2013Luxus familienurlaub by the sea on Cornwall\u2019s South Coast.\"}]}]}<\/script>\n<!-- \/ Yoast SEO plugin. -->","yoast_head_json":{"title":"The Rosevine Hotel \u2013Luxus familienurlaub by the sea on Cornwall\u2019s South Coast. - Urlaub &amp; Reisen","robots":{"index":"index","follow":"follow","max-snippet":"max-snippet:-1","max-image-preview":"max-image-preview:large","max-video-preview":"max-video-preview:-1"},"canonical":"https:\/\/www.urlaubcornwall.de\/blog\/the-rosevine-hotel-luxus-familienurlaub-by-the-sea-on-cornwalls-south-coast\/","og_locale":"en_US","og_type":"article","og_title":"The Rosevine Hotel \u2013Luxus familienurlaub by the sea on Cornwall\u2019s South Coast. - Urlaub &amp; Reisen","og_description":"[tab name=&#8221;Our Review&#8220;] The Rosevine is an impressive Georgian house set in lovely grounds with views over Porthcurnick Beach on the beautiful Roseland Peninsula of South Cornwall. Refurbished in a relaxed modern seaside style it offers a unique combination of luxury familienhotel and relaxed self catering apartments. Owners Tim and Hazel welcome children at the [&hellip;]","og_url":"https:\/\/www.urlaubcornwall.de\/blog\/the-rosevine-hotel-luxus-familienurlaub-by-the-sea-on-cornwalls-south-coast\/","og_site_name":"Urlaub &amp; Reisen","article_modified_time":"2014-06-24T08:30:57+00:00","og_image":[{"url":"https:\/\/www.urlaubcornwall.de\/blog\/wp-content\/uploads\/2014\/06\/rosevine_yourstay_chapelpoint_01-1160x567_2.jpg"}],"twitter_card":"summary","twitter_misc":{"Est. reading time":"3 minutes"},"schema":{"@context":"https:\/\/schema.org","@graph":[{"@type":"WebSite","@id":"https:\/\/www.urlaubcornwall.de\/blog\/#website","url":"https:\/\/www.urlaubcornwall.de\/blog\/","name":"Urlaub &amp; Reisen","description":"Urlaub, Reisen, Cornwall und S\u00fcdengland: eine perfekte Kombination","potentialAction":[{"@type":"SearchAction","target":{"@type":"EntryPoint","urlTemplate":"https:\/\/www.urlaubcornwall.de\/blog\/?s={search_term_string}"},"query-input":"required name=search_term_string"}],"inLanguage":"en-US"},{"@type":"WebPage","@id":"https:\/\/www.urlaubcornwall.de\/blog\/the-rosevine-hotel-luxus-familienurlaub-by-the-sea-on-cornwalls-south-coast\/","url":"https:\/\/www.urlaubcornwall.de\/blog\/the-rosevine-hotel-luxus-familienurlaub-by-the-sea-on-cornwalls-south-coast\/","name":"The Rosevine Hotel \u2013Luxus familienurlaub by the sea on Cornwall\u2019s South Coast. - Urlaub &amp; Reisen","isPartOf":{"@id":"https:\/\/www.urlaubcornwall.de\/blog\/#website"},"datePublished":"2014-06-22T10:42:03+00:00","dateModified":"2014-06-24T08:30:57+00:00","breadcrumb":{"@id":"https:\/\/www.urlaubcornwall.de\/blog\/the-rosevine-hotel-luxus-familienurlaub-by-the-sea-on-cornwalls-south-coast\/#breadcrumb"},"inLanguage":"en-US","potentialAction":[{"@type":"ReadAction","target":["https:\/\/www.urlaubcornwall.de\/blog\/the-rosevine-hotel-luxus-familienurlaub-by-the-sea-on-cornwalls-south-coast\/"]}]},{"@type":"BreadcrumbList","@id":"https:\/\/www.urlaubcornwall.de\/blog\/the-rosevine-hotel-luxus-familienurlaub-by-the-sea-on-cornwalls-south-coast\/#breadcrumb","itemListElement":[{"@type":"ListItem","position":1,"name":"Home","item":"https:\/\/www.urlaubcornwall.de\/blog\/"},{"@type":"ListItem","position":2,"name":"The Rosevine Hotel \u2013Luxus familienurlaub by the sea on Cornwall\u2019s South Coast."}]}]}},"_links":{"self":[{"href":"https:\/\/www.urlaubcornwall.de\/blog\/wp-json\/wp\/v2\/pages\/15968"}],"collection":[{"href":"https:\/\/www.urlaubcornwall.de\/blog\/wp-json\/wp\/v2\/pages"}],"about":[{"href":"https:\/\/www.urlaubcornwall.de\/blog\/wp-json\/wp\/v2\/types\/page"}],"author":[{"embeddable":true,"href":"https:\/\/www.urlaubcornwall.de\/blog\/wp-json\/wp\/v2\/users\/1"}],"replies":[{"embeddable":true,"href":"https:\/\/www.urlaubcornwall.de\/blog\/wp-json\/wp\/v2\/comments?post=15968"}],"version-history":[{"count":17,"href":"https:\/\/www.urlaubcornwall.de\/blog\/wp-json\/wp\/v2\/pages\/15968\/revisions"}],"predecessor-version":[{"id":16008,"href":"https:\/\/www.urlaubcornwall.de\/blog\/wp-json\/wp\/v2\/pages\/15968\/revisions\/16008"}],"wp:attachment":[{"href":"https:\/\/www.urlaubcornwall.de\/blog\/wp-json\/wp\/v2\/media?parent=15968"}],"curies":[{"name":"wp","href":"https:\/\/api.w.org\/{rel}","templated":true}]}}