{"id":15778,"date":"2014-06-10T12:36:35","date_gmt":"2014-06-10T12:36:35","guid":{"rendered":"https:\/\/www.urlaubcornwall.de\/blog\/?page_id=15778"},"modified":"2019-02-27T10:25:14","modified_gmt":"2019-02-27T10:25:14","slug":"ferienhaus-worthing-france-cottage","status":"publish","type":"page","link":"https:\/\/www.urlaubcornwall.de\/blog\/ferienhaus-worthing-france-cottage\/","title":{"rendered":"Ferienhaus Worthing &#8211;  France Cottage"},"content":{"rendered":"<p>Ein traditionelles Sussex Ferienhaus mit einem traditionellen Sussex Cottagegarten, gro\u00dfartig gelegen, um die <a title=\"Wandern Sussex Downs\" href=\"https:\/\/www.urlaubcornwall.de\/reiseziel\/sussex.php\" target=\"_blank\"><span style=\"text-decoration: underline;\">South Downs zu erwandern. <\/span><\/a><\/p>\n<p>In einer der wundervollsten l\u00e4ndlichen Gegenden an den S\u00fcdh\u00e4ngen der South Downs gelegen, verf\u00fcgt France Cottage \u00fcber offenen Blick Richtung Osten und Norden und ist der perfekte l\u00e4ndliche R\u00fcckzugsort schlechthin. Dieses traditionelle Cottage mit Feuersteinfront, das zu Teilen zur\u00fcckreicht ins Jahr 1724, hat seine haupts\u00e4chliche Geschichte um die napoleonischen Kriege herum. Im nahen Arundel wurden zu jener Zeit viele Cottages von franz\u00f6sischen H\u00e4ftlingen gebaut.<\/p>\n<p><strong>2 Schlafzimmer , Schlafplatz f\u00fcr 4 , hundefreundlich , Ferienhaus Patching 9 Kilometer NO von Worthing , West Sussex .Preisepanne \u00a3385-\u00a3665<\/strong><\/p>\n<p>France Cottage ist wundersch\u00f6n pr\u00e4sentiert, indem es sich viele originelle Details, wie das offene Feuer, erh\u00e4lt, original Fu\u00dfbodenbretter, eine traditionelle K\u00fcche im Cottage Stil mit separater Speisekammer und ein 1930er Badezimmer. Das Cottage kann vier Personen in drei Schlafr\u00e4umen beherbergen. Das Hauptschlafzimmer mit Blick nach vorne und nach Westen hin ausgerichtet ist ausgestattet mit einem sehr gro\u00dfen Bett. Das zweite und dritte Schlafzimmer sind beides Einzelzimmer mit Blick nach Osten und nach Norden zu den Downs hin.<\/p>\n<p>Das Cottage hat einen \u00fcberaus sch\u00f6nen Cottagegarten mit offenem Blick n\u00f6rdlich Richtung des Dorfes Patching. Im benachbarten Feld grasen w\u00e4hrend der Hauptsaison Pferde, die gemeinsam mit einem herrlich friedvollen Garten zu einem sehr entspannten Hintergrund beitragen.<\/p>\n<p>\u2022 4 Personen<br \/>\n\u2022 Grill<br \/>\n\u2022 Geschirrsp\u00fclmaschine<br \/>\n\u2022 problemlose Parkm\u00f6glichkeit<br \/>\n\u2022 Garten<br \/>\n\u2022 Internetzugang<br \/>\n\u2022 einschlie\u00dflich Bettzeug und Handt\u00fccher<br \/>\n\u2022 Tiere willkommen<br \/>\n\u2022 Fernseher und DVD<br \/>\n\u2022 Wasch- und Trockenm\u00f6glichkeiten<br \/>\n\u2022 offenes Feuer<br \/>\n\u2022 Kinderreisebett<\/p>\n<p style=\"text-align: center;\"><strong>Bei uns finden Sie Ferienh\u00e4user in Worthing zum Verlieben \u2013 so einfach ist das!<\/strong><\/p>\n<p style=\"text-align: center;\"><a class=\"tidycta\" href=\"https:\/\/www.urlaubcornwall.de\/ferienhaeuser\/sussex.php\">Suche Ferienh\u00e4user in Sussex <\/a><\/p>\n<p style=\"text-align: center;\">UrlaubCornwall.de hat eine einzigartige Sammlung pers\u00f6nlich inspizierter Ferienh\u00e4user und Ferienwohnungen in Sussex, <a href=\"https:\/\/www.urlaubcornwall.de\/ferienhaueser\/suedengland.php\">S\u00fcdengland<\/a> und nun auch im gesamten Gro\u00dfbritannien.<\/p>\n\n\n","protected":false},"excerpt":{"rendered":"<p>Ein traditionelles Sussex Ferienhaus mit einem traditionellen Sussex Cottagegarten, gro\u00dfartig gelegen, um die South Downs zu erwandern. In einer der wundervollsten l\u00e4ndlichen Gegenden an den S\u00fcdh\u00e4ngen der South Downs gelegen, verf\u00fcgt France Cottage \u00fcber offenen Blick Richtung Osten und Norden und ist der perfekte l\u00e4ndliche R\u00fcckzugsort schlechthin. Dieses traditionelle Cottage mit Feuersteinfront, das zu Teilen [&hellip;]<\/p>\n","protected":false},"author":1,"featured_media":0,"parent":0,"menu_order":0,"comment_status":"closed","ping_status":"closed","template":"single-two.php","meta":[],"acf":[],"yoast_head":"<!-- This site is optimized with the Yoast SEO plugin v19.4 - https:\/\/yoast.com\/wordpress\/plugins\/seo\/ -->\n<title>Ferienhaus Worthing - France Cottage - Urlaub &amp; Reisen<\/title>\n<meta name=\"robots\" content=\"index, follow, max-snippet:-1, max-image-preview:large, max-video-preview:-1\" \/>\n<link rel=\"canonical\" href=\"https:\/\/www.urlaubcornwall.de\/blog\/ferienhaus-worthing-france-cottage\/\" \/>\n<meta property=\"og:locale\" content=\"en_US\" \/>\n<meta property=\"og:type\" content=\"article\" \/>\n<meta property=\"og:title\" content=\"Ferienhaus Worthing - France Cottage - Urlaub &amp; Reisen\" \/>\n<meta property=\"og:description\" content=\"Ein traditionelles Sussex Ferienhaus mit einem traditionellen Sussex Cottagegarten, gro\u00dfartig gelegen, um die South Downs zu erwandern. In einer der wundervollsten l\u00e4ndlichen Gegenden an den S\u00fcdh\u00e4ngen der South Downs gelegen, verf\u00fcgt France Cottage \u00fcber offenen Blick Richtung Osten und Norden und ist der perfekte l\u00e4ndliche R\u00fcckzugsort schlechthin. Dieses traditionelle Cottage mit Feuersteinfront, das zu Teilen [&hellip;]\" \/>\n<meta property=\"og:url\" content=\"https:\/\/www.urlaubcornwall.de\/blog\/ferienhaus-worthing-france-cottage\/\" \/>\n<meta property=\"og:site_name\" content=\"Urlaub &amp; Reisen\" \/>\n<meta property=\"article:modified_time\" content=\"2019-02-27T10:25:14+00:00\" \/>\n<meta name=\"twitter:card\" content=\"summary\" \/>\n<meta name=\"twitter:label1\" content=\"Est. reading time\" \/>\n\t<meta name=\"twitter:data1\" content=\"2 minutes\" \/>\n<script type=\"application\/ld+json\" class=\"yoast-schema-graph\">{\"@context\":\"https:\/\/schema.org\",\"@graph\":[{\"@type\":\"WebSite\",\"@id\":\"https:\/\/www.urlaubcornwall.de\/blog\/#website\",\"url\":\"https:\/\/www.urlaubcornwall.de\/blog\/\",\"name\":\"Urlaub &amp; Reisen\",\"description\":\"Urlaub, Reisen, Cornwall und S\u00fcdengland: eine perfekte Kombination\",\"potentialAction\":[{\"@type\":\"SearchAction\",\"target\":{\"@type\":\"EntryPoint\",\"urlTemplate\":\"https:\/\/www.urlaubcornwall.de\/blog\/?s={search_term_string}\"},\"query-input\":\"required name=search_term_string\"}],\"inLanguage\":\"en-US\"},{\"@type\":\"WebPage\",\"@id\":\"https:\/\/www.urlaubcornwall.de\/blog\/ferienhaus-worthing-france-cottage\/\",\"url\":\"https:\/\/www.urlaubcornwall.de\/blog\/ferienhaus-worthing-france-cottage\/\",\"name\":\"Ferienhaus Worthing - France Cottage - Urlaub &amp; Reisen\",\"isPartOf\":{\"@id\":\"https:\/\/www.urlaubcornwall.de\/blog\/#website\"},\"datePublished\":\"2014-06-10T12:36:35+00:00\",\"dateModified\":\"2019-02-27T10:25:14+00:00\",\"breadcrumb\":{\"@id\":\"https:\/\/www.urlaubcornwall.de\/blog\/ferienhaus-worthing-france-cottage\/#breadcrumb\"},\"inLanguage\":\"en-US\",\"potentialAction\":[{\"@type\":\"ReadAction\",\"target\":[\"https:\/\/www.urlaubcornwall.de\/blog\/ferienhaus-worthing-france-cottage\/\"]}]},{\"@type\":\"BreadcrumbList\",\"@id\":\"https:\/\/www.urlaubcornwall.de\/blog\/ferienhaus-worthing-france-cottage\/#breadcrumb\",\"itemListElement\":[{\"@type\":\"ListItem\",\"position\":1,\"name\":\"Home\",\"item\":\"https:\/\/www.urlaubcornwall.de\/blog\/\"},{\"@type\":\"ListItem\",\"position\":2,\"name\":\"Ferienhaus Worthing &#8211; France Cottage\"}]}]}<\/script>\n<!-- \/ Yoast SEO plugin. -->","yoast_head_json":{"title":"Ferienhaus Worthing - France Cottage - Urlaub &amp; Reisen","robots":{"index":"index","follow":"follow","max-snippet":"max-snippet:-1","max-image-preview":"max-image-preview:large","max-video-preview":"max-video-preview:-1"},"canonical":"https:\/\/www.urlaubcornwall.de\/blog\/ferienhaus-worthing-france-cottage\/","og_locale":"en_US","og_type":"article","og_title":"Ferienhaus Worthing - France Cottage - Urlaub &amp; Reisen","og_description":"Ein traditionelles Sussex Ferienhaus mit einem traditionellen Sussex Cottagegarten, gro\u00dfartig gelegen, um die South Downs zu erwandern. In einer der wundervollsten l\u00e4ndlichen Gegenden an den S\u00fcdh\u00e4ngen der South Downs gelegen, verf\u00fcgt France Cottage \u00fcber offenen Blick Richtung Osten und Norden und ist der perfekte l\u00e4ndliche R\u00fcckzugsort schlechthin. Dieses traditionelle Cottage mit Feuersteinfront, das zu Teilen [&hellip;]","og_url":"https:\/\/www.urlaubcornwall.de\/blog\/ferienhaus-worthing-france-cottage\/","og_site_name":"Urlaub &amp; Reisen","article_modified_time":"2019-02-27T10:25:14+00:00","twitter_card":"summary","twitter_misc":{"Est. reading time":"2 minutes"},"schema":{"@context":"https:\/\/schema.org","@graph":[{"@type":"WebSite","@id":"https:\/\/www.urlaubcornwall.de\/blog\/#website","url":"https:\/\/www.urlaubcornwall.de\/blog\/","name":"Urlaub &amp; Reisen","description":"Urlaub, Reisen, Cornwall und S\u00fcdengland: eine perfekte Kombination","potentialAction":[{"@type":"SearchAction","target":{"@type":"EntryPoint","urlTemplate":"https:\/\/www.urlaubcornwall.de\/blog\/?s={search_term_string}"},"query-input":"required name=search_term_string"}],"inLanguage":"en-US"},{"@type":"WebPage","@id":"https:\/\/www.urlaubcornwall.de\/blog\/ferienhaus-worthing-france-cottage\/","url":"https:\/\/www.urlaubcornwall.de\/blog\/ferienhaus-worthing-france-cottage\/","name":"Ferienhaus Worthing - France Cottage - Urlaub &amp; Reisen","isPartOf":{"@id":"https:\/\/www.urlaubcornwall.de\/blog\/#website"},"datePublished":"2014-06-10T12:36:35+00:00","dateModified":"2019-02-27T10:25:14+00:00","breadcrumb":{"@id":"https:\/\/www.urlaubcornwall.de\/blog\/ferienhaus-worthing-france-cottage\/#breadcrumb"},"inLanguage":"en-US","potentialAction":[{"@type":"ReadAction","target":["https:\/\/www.urlaubcornwall.de\/blog\/ferienhaus-worthing-france-cottage\/"]}]},{"@type":"BreadcrumbList","@id":"https:\/\/www.urlaubcornwall.de\/blog\/ferienhaus-worthing-france-cottage\/#breadcrumb","itemListElement":[{"@type":"ListItem","position":1,"name":"Home","item":"https:\/\/www.urlaubcornwall.de\/blog\/"},{"@type":"ListItem","position":2,"name":"Ferienhaus Worthing &#8211; France Cottage"}]}]}},"_links":{"self":[{"href":"https:\/\/www.urlaubcornwall.de\/blog\/wp-json\/wp\/v2\/pages\/15778"}],"collection":[{"href":"https:\/\/www.urlaubcornwall.de\/blog\/wp-json\/wp\/v2\/pages"}],"about":[{"href":"https:\/\/www.urlaubcornwall.de\/blog\/wp-json\/wp\/v2\/types\/page"}],"author":[{"embeddable":true,"href":"https:\/\/www.urlaubcornwall.de\/blog\/wp-json\/wp\/v2\/users\/1"}],"replies":[{"embeddable":true,"href":"https:\/\/www.urlaubcornwall.de\/blog\/wp-json\/wp\/v2\/comments?post=15778"}],"version-history":[{"count":6,"href":"https:\/\/www.urlaubcornwall.de\/blog\/wp-json\/wp\/v2\/pages\/15778\/revisions"}],"predecessor-version":[{"id":36598,"href":"https:\/\/www.urlaubcornwall.de\/blog\/wp-json\/wp\/v2\/pages\/15778\/revisions\/36598"}],"wp:attachment":[{"href":"https:\/\/www.urlaubcornwall.de\/blog\/wp-json\/wp\/v2\/media?parent=15778"}],"curies":[{"name":"wp","href":"https:\/\/api.w.org\/{rel}","templated":true}]}}