{"id":15755,"date":"2014-06-10T12:06:39","date_gmt":"2014-06-10T12:06:39","guid":{"rendered":"https:\/\/www.urlaubcornwall.de\/blog\/?page_id=15755"},"modified":"2019-02-27T09:43:21","modified_gmt":"2019-02-27T09:43:21","slug":"ferienhaus-hastings-knowle-croft-haus","status":"publish","type":"page","link":"https:\/\/www.urlaubcornwall.de\/blog\/ferienhaus-hastings-knowle-croft-haus\/","title":{"rendered":"Ferienhaus Hastings &#8211; Knowle Croft Haus am Meer"},"content":{"rendered":"<p>Ein hervorragendes Ferienhaus mit Meeresblick neben dem Hastings Country Park gelegen. Ein fantastisch lichtes und luftiges dreist\u00f6ckiges Zuhause, das \u00fcber den wundervollsten Blick verf\u00fcgt \u00fcber den Garten hinweg bis hin zu den Klippen \u00fcber Fairligh, einem kleinen Dorf an der S\u00fcdk\u00fcste inmitten der atemberaubenden, sanft sich dahin schwingenden H\u00fcgeln von Sussex, drei Meilen \u00f6stlich von Hastings.<\/p>\n<p>Knowle Croft ist an das Haus der Besitzer angebaut und dennoch v\u00f6llig privat. Es wird auf au\u00dferordentlich hohem Niveau pr\u00e4sentiert mit sauberer moderner Einrichtung. Die G\u00e4rten erstrecken sich \u00fcber zwei Ar und schwingen sich vom Haus weg hinunter; G\u00e4ste d\u00fcrfen gerne Grund und Boden mit den stilvoll angelegten Teichen genie\u00dfen.<\/p>\n<p><strong>2 Schlafzimmer , Schlafplatz f\u00fcr 4 , leider keine Haustiere erlaubt , Ferienhaus Fairlight 4 Kilometer O von Hastings , Sussex. Preisepanne \u00a3375-\u00a3625<\/strong><\/p>\n<p>An einem H\u00fcgel gelegen, ist dies ein Zuhause \u00fcber mehrere Ebenen hinweg mit dem Haupteingang auf dem Mittelgeschoss. Treten Sie ein in diesen wundervoll hellen Wohnbereich mit seinem charaktervollen Balkon und genie\u00dfen Sie die wahrhaft offene Lage. Das Haus kann vier Personen in zwei Schlafzimmern im Obergeschoss beherbergen. Das Hauptschlafzimmer verf\u00fcgt \u00fcber ein Doppelbett, zum S\u00fcden hin gelegen, mit gro\u00dfartigem Blick. Das zweite Schlafzimmer ist mit zwei Einzelbetten ausgestattet. Auf dem unteren Stockwerk befindet sich ein Duschraum, sowie ein gro\u00dfz\u00fcgiger K\u00fcchen-\/ Essbereich, der sich zum privaten Freisitz hin \u00f6ffnet, der eigens G\u00e4sten vorbehalten ist.<\/p>\n<p>Das Haus befindet sich innerhalb einer halben Meile vom K\u00fcstenpfad entfernt, der sich am Rande der Sandsteinklippen entlang zieht. Au\u00dferdem gibt es leicht erreichbare friedvolle Spazierwege entlang der Wege und Fu\u00dfpfade mit herrlichem Meeresblick.<\/p>\n<p><strong>M\u00f6glichkeiten &amp; Dienstleistungen<\/strong><\/p>\n<p>einschlie\u00dflich Gasheizung \u2013 Gaszentralheizung, WiFi<\/p>\n<p><strong>Verschiedenes<\/strong><\/p>\n<p>\u2022 4 Personen<br \/>\n\u2022 Grill<br \/>\n\u2022 problemlose Parkm\u00f6glichkeit<br \/>\n\u2022 Garten<br \/>\n\u2022 Internetzugang<br \/>\n\u2022 einschlie\u00dflich Bettzeug und Handt\u00fccher<br \/>\n\u2022 Fernseher und DVD<br \/>\n\u2022 nicht geeignet f\u00fcr Kinder unter 7 Jahren<br \/>\n\u2022 Wasch- und Trockenm\u00f6glichkeiten<\/p>\n<p style=\"text-align: center;\"><strong>Bei uns finden Sie Ferienh\u00e4user in Uckfield zum Verlieben \u2013 so einfach ist das!<\/strong><\/p>\n<p style=\"text-align: center;\"><a class=\"tidycta\" href=\"https:\/\/www.urlaubcornwall.de\/ferienhaeuser\/sussex.php\">Suche Ferienh\u00e4user in Sussex <\/a><\/p>\n<p style=\"text-align: center;\">UrlaubCornwall.de hat eine einzigartige Sammlung pers\u00f6nlich inspizierter Ferienh\u00e4user und Ferienwohnungen in Sussex, <a href=\"https:\/\/www.urlaubcornwall.de\/ferienhaueser\/suedengland.php\">S\u00fcdengland<\/a> und nun auch im gesamten Gro\u00dfbritannien.<\/p>\n","protected":false},"excerpt":{"rendered":"<p>Ein hervorragendes Ferienhaus mit Meeresblick neben dem Hastings Country Park gelegen. Ein fantastisch lichtes und luftiges dreist\u00f6ckiges Zuhause, das \u00fcber den wundervollsten Blick verf\u00fcgt \u00fcber den Garten hinweg bis hin zu den Klippen \u00fcber Fairligh, einem kleinen Dorf an der S\u00fcdk\u00fcste inmitten der atemberaubenden, sanft sich dahin schwingenden H\u00fcgeln von Sussex, drei Meilen \u00f6stlich von [&hellip;]<\/p>\n","protected":false},"author":1,"featured_media":0,"parent":0,"menu_order":0,"comment_status":"closed","ping_status":"closed","template":"single-two.php","meta":[],"acf":[],"yoast_head":"<!-- This site is optimized with the Yoast SEO plugin v19.4 - https:\/\/yoast.com\/wordpress\/plugins\/seo\/ -->\n<title>Ferienhaus Hastings - Knowle Croft Haus am Meer - Urlaub &amp; Reisen<\/title>\n<meta name=\"robots\" content=\"index, follow, max-snippet:-1, max-image-preview:large, max-video-preview:-1\" \/>\n<link rel=\"canonical\" href=\"https:\/\/www.urlaubcornwall.de\/blog\/ferienhaus-hastings-knowle-croft-haus\/\" \/>\n<meta property=\"og:locale\" content=\"en_US\" \/>\n<meta property=\"og:type\" content=\"article\" \/>\n<meta property=\"og:title\" content=\"Ferienhaus Hastings - Knowle Croft Haus am Meer - Urlaub &amp; Reisen\" \/>\n<meta property=\"og:description\" content=\"Ein hervorragendes Ferienhaus mit Meeresblick neben dem Hastings Country Park gelegen. Ein fantastisch lichtes und luftiges dreist\u00f6ckiges Zuhause, das \u00fcber den wundervollsten Blick verf\u00fcgt \u00fcber den Garten hinweg bis hin zu den Klippen \u00fcber Fairligh, einem kleinen Dorf an der S\u00fcdk\u00fcste inmitten der atemberaubenden, sanft sich dahin schwingenden H\u00fcgeln von Sussex, drei Meilen \u00f6stlich von [&hellip;]\" \/>\n<meta property=\"og:url\" content=\"https:\/\/www.urlaubcornwall.de\/blog\/ferienhaus-hastings-knowle-croft-haus\/\" \/>\n<meta property=\"og:site_name\" content=\"Urlaub &amp; Reisen\" \/>\n<meta property=\"article:modified_time\" content=\"2019-02-27T09:43:21+00:00\" \/>\n<meta name=\"twitter:card\" content=\"summary\" \/>\n<meta name=\"twitter:label1\" content=\"Est. reading time\" \/>\n\t<meta name=\"twitter:data1\" content=\"2 minutes\" \/>\n<script type=\"application\/ld+json\" class=\"yoast-schema-graph\">{\"@context\":\"https:\/\/schema.org\",\"@graph\":[{\"@type\":\"WebSite\",\"@id\":\"https:\/\/www.urlaubcornwall.de\/blog\/#website\",\"url\":\"https:\/\/www.urlaubcornwall.de\/blog\/\",\"name\":\"Urlaub &amp; Reisen\",\"description\":\"Urlaub, Reisen, Cornwall und S\u00fcdengland: eine perfekte Kombination\",\"potentialAction\":[{\"@type\":\"SearchAction\",\"target\":{\"@type\":\"EntryPoint\",\"urlTemplate\":\"https:\/\/www.urlaubcornwall.de\/blog\/?s={search_term_string}\"},\"query-input\":\"required name=search_term_string\"}],\"inLanguage\":\"en-US\"},{\"@type\":\"WebPage\",\"@id\":\"https:\/\/www.urlaubcornwall.de\/blog\/ferienhaus-hastings-knowle-croft-haus\/\",\"url\":\"https:\/\/www.urlaubcornwall.de\/blog\/ferienhaus-hastings-knowle-croft-haus\/\",\"name\":\"Ferienhaus Hastings - Knowle Croft Haus am Meer - Urlaub &amp; Reisen\",\"isPartOf\":{\"@id\":\"https:\/\/www.urlaubcornwall.de\/blog\/#website\"},\"datePublished\":\"2014-06-10T12:06:39+00:00\",\"dateModified\":\"2019-02-27T09:43:21+00:00\",\"breadcrumb\":{\"@id\":\"https:\/\/www.urlaubcornwall.de\/blog\/ferienhaus-hastings-knowle-croft-haus\/#breadcrumb\"},\"inLanguage\":\"en-US\",\"potentialAction\":[{\"@type\":\"ReadAction\",\"target\":[\"https:\/\/www.urlaubcornwall.de\/blog\/ferienhaus-hastings-knowle-croft-haus\/\"]}]},{\"@type\":\"BreadcrumbList\",\"@id\":\"https:\/\/www.urlaubcornwall.de\/blog\/ferienhaus-hastings-knowle-croft-haus\/#breadcrumb\",\"itemListElement\":[{\"@type\":\"ListItem\",\"position\":1,\"name\":\"Home\",\"item\":\"https:\/\/www.urlaubcornwall.de\/blog\/\"},{\"@type\":\"ListItem\",\"position\":2,\"name\":\"Ferienhaus Hastings &#8211; Knowle Croft Haus am Meer\"}]}]}<\/script>\n<!-- \/ Yoast SEO plugin. -->","yoast_head_json":{"title":"Ferienhaus Hastings - Knowle Croft Haus am Meer - Urlaub &amp; Reisen","robots":{"index":"index","follow":"follow","max-snippet":"max-snippet:-1","max-image-preview":"max-image-preview:large","max-video-preview":"max-video-preview:-1"},"canonical":"https:\/\/www.urlaubcornwall.de\/blog\/ferienhaus-hastings-knowle-croft-haus\/","og_locale":"en_US","og_type":"article","og_title":"Ferienhaus Hastings - Knowle Croft Haus am Meer - Urlaub &amp; Reisen","og_description":"Ein hervorragendes Ferienhaus mit Meeresblick neben dem Hastings Country Park gelegen. Ein fantastisch lichtes und luftiges dreist\u00f6ckiges Zuhause, das \u00fcber den wundervollsten Blick verf\u00fcgt \u00fcber den Garten hinweg bis hin zu den Klippen \u00fcber Fairligh, einem kleinen Dorf an der S\u00fcdk\u00fcste inmitten der atemberaubenden, sanft sich dahin schwingenden H\u00fcgeln von Sussex, drei Meilen \u00f6stlich von [&hellip;]","og_url":"https:\/\/www.urlaubcornwall.de\/blog\/ferienhaus-hastings-knowle-croft-haus\/","og_site_name":"Urlaub &amp; Reisen","article_modified_time":"2019-02-27T09:43:21+00:00","twitter_card":"summary","twitter_misc":{"Est. reading time":"2 minutes"},"schema":{"@context":"https:\/\/schema.org","@graph":[{"@type":"WebSite","@id":"https:\/\/www.urlaubcornwall.de\/blog\/#website","url":"https:\/\/www.urlaubcornwall.de\/blog\/","name":"Urlaub &amp; Reisen","description":"Urlaub, Reisen, Cornwall und S\u00fcdengland: eine perfekte Kombination","potentialAction":[{"@type":"SearchAction","target":{"@type":"EntryPoint","urlTemplate":"https:\/\/www.urlaubcornwall.de\/blog\/?s={search_term_string}"},"query-input":"required name=search_term_string"}],"inLanguage":"en-US"},{"@type":"WebPage","@id":"https:\/\/www.urlaubcornwall.de\/blog\/ferienhaus-hastings-knowle-croft-haus\/","url":"https:\/\/www.urlaubcornwall.de\/blog\/ferienhaus-hastings-knowle-croft-haus\/","name":"Ferienhaus Hastings - Knowle Croft Haus am Meer - Urlaub &amp; Reisen","isPartOf":{"@id":"https:\/\/www.urlaubcornwall.de\/blog\/#website"},"datePublished":"2014-06-10T12:06:39+00:00","dateModified":"2019-02-27T09:43:21+00:00","breadcrumb":{"@id":"https:\/\/www.urlaubcornwall.de\/blog\/ferienhaus-hastings-knowle-croft-haus\/#breadcrumb"},"inLanguage":"en-US","potentialAction":[{"@type":"ReadAction","target":["https:\/\/www.urlaubcornwall.de\/blog\/ferienhaus-hastings-knowle-croft-haus\/"]}]},{"@type":"BreadcrumbList","@id":"https:\/\/www.urlaubcornwall.de\/blog\/ferienhaus-hastings-knowle-croft-haus\/#breadcrumb","itemListElement":[{"@type":"ListItem","position":1,"name":"Home","item":"https:\/\/www.urlaubcornwall.de\/blog\/"},{"@type":"ListItem","position":2,"name":"Ferienhaus Hastings &#8211; Knowle Croft Haus am Meer"}]}]}},"_links":{"self":[{"href":"https:\/\/www.urlaubcornwall.de\/blog\/wp-json\/wp\/v2\/pages\/15755"}],"collection":[{"href":"https:\/\/www.urlaubcornwall.de\/blog\/wp-json\/wp\/v2\/pages"}],"about":[{"href":"https:\/\/www.urlaubcornwall.de\/blog\/wp-json\/wp\/v2\/types\/page"}],"author":[{"embeddable":true,"href":"https:\/\/www.urlaubcornwall.de\/blog\/wp-json\/wp\/v2\/users\/1"}],"replies":[{"embeddable":true,"href":"https:\/\/www.urlaubcornwall.de\/blog\/wp-json\/wp\/v2\/comments?post=15755"}],"version-history":[{"count":5,"href":"https:\/\/www.urlaubcornwall.de\/blog\/wp-json\/wp\/v2\/pages\/15755\/revisions"}],"predecessor-version":[{"id":36589,"href":"https:\/\/www.urlaubcornwall.de\/blog\/wp-json\/wp\/v2\/pages\/15755\/revisions\/36589"}],"wp:attachment":[{"href":"https:\/\/www.urlaubcornwall.de\/blog\/wp-json\/wp\/v2\/media?parent=15755"}],"curies":[{"name":"wp","href":"https:\/\/api.w.org\/{rel}","templated":true}]}}