{"id":15746,"date":"2014-06-10T11:27:09","date_gmt":"2014-06-10T11:27:09","guid":{"rendered":"https:\/\/www.urlaubcornwall.de\/blog\/?page_id=15746"},"modified":"2019-02-27T11:15:38","modified_gmt":"2019-02-27T11:15:38","slug":"ferienwohnung-rye-studio-22","status":"publish","type":"page","link":"https:\/\/www.urlaubcornwall.de\/blog\/ferienwohnung-rye-studio-22\/","title":{"rendered":"Ferienwohnung Rye &#8211; Studio 22"},"content":{"rendered":"<p>Ein entz\u00fcckendes Urlaubsappartement f\u00fcr zwei Personen in der <a href=\"https:\/\/www.urlaubcornwall.de\/blog\/urlaub-in-rye-sussex-sehenswuerdigkeiten-unterkunft-und-geschichte\/\">wundersch\u00f6nen historischen Stadt Rye<\/a>.<\/p>\n<p>Sie finden diese Ferienwohnung an einer gepflasterten Allee gelegen, einen Steinwurf entfernt vom historischen Rye. Wenn Sie sich dem Appartement n\u00e4hern, erklimmen Sie die Stufen zur \u00fcberdachten Terrasse, wo sie Tag oder Nacht sitzen und die Ruhe genie\u00dfen k\u00f6nnen. Sie betreten das Geb\u00e4ude durch eine sogenannte Stallt\u00fcre, die Sie direkt in den offenen Wohn-\/Ess- und K\u00fcchenbereich f\u00fchrt. Fenster zu beiden Seiten fluten das Appartement mit Licht und tragen zum gro\u00dfr\u00e4umigen Eindruck bei. Das Appartement ist gut ausgestattet mit allem, was Sie m\u00f6glicherweise ben\u00f6tigen k\u00f6nnten.<\/p>\n<p><strong>1 Schlafzimmer , Schlafplatz f\u00fcr 2 , leider keine Haustiere erlaubt , Ferienwohnung Rye 1.5 Kilometer von Camber Sands , East Sussex K\u00fcste. Preisepanne \u00a3345-\u00a3545<\/strong><\/p>\n<p>Wenn Sie die schmale Treppe hinunter ins Untergeschoss steigen, werden Sie das Schlafzimmer und den en-suite Duschraum vorfinden. Flauschige Badem\u00e4ntel und ausreichend Handt\u00fccher stehen zur Verf\u00fcgung.<\/p>\n<p><strong>Rye und dar\u00fcber hinaus<\/strong><\/p>\n<p>Studio 22 befindet sich in beneidenswerter Lage und ist ein perfektes Schlupfloch f\u00fcr Paare, die ihren Urlaub in Sussex verbringen. Ein kurzer Spaziergang gen\u00fcgt, und Sie haben das \u00f6rtliche Delikatessengesch\u00e4ft, Gem\u00fcseladen, B\u00e4cker und Metzger, die alle vor Ort produzierte Produkte anbieten. Mehrere Kneipen und Restaurants befinden sich allesamt einen kurzen Spaziergang entfernt, sowie der Fischersteg, wo Sie frischen Fisch des Tagesfanges direkt am Boot kaufen k\u00f6nnen. Die Umgebung hier ist eine Mischung aus wundersch\u00f6ner l\u00e4ndlicher Gegend und hervorragenden Str\u00e4nden, die sich alle vor Ihrer Haust\u00fcre befinden.<\/p>\n<p><strong>M\u00f6glichkeiten &amp; Dienstleistungen<\/strong><\/p>\n<p>einschlie\u00dflich Gasheizung \u2013 Gaszentralheizung, WiFi<\/p>\n<p><strong>Verschiedenes<\/strong><\/p>\n<p>\u2022 2 Personen<br \/>\n\u2022 en-suite Waschm\u00f6glichkeiten<br \/>\n\u2022 Internetzugang<br \/>\n\u2022 einschlie\u00dflich Bettzeug und Handt\u00fccher , sowie kuscheliger Badem\u00e4ntel<br \/>\n\u2022 Freisitzm\u00f6glichkeit<br \/>\n\u2022 Fernseher und DVD<\/p>\n<p style=\"text-align: center;\"><strong>Bei uns finden Sie Ferienh\u00e4user in Uckfield zum Verlieben \u2013 so einfach ist das!<\/strong><\/p>\n<p style=\"text-align: center;\"><a class=\"tidycta\" href=\"https:\/\/www.urlaubcornwall.de\/ferienhaeuser\/sussex.php\">Suche Ferienh\u00e4user in Sussex <\/a><\/p>\n<p style=\"text-align: center;\">UrlaubCornwall.de hat eine einzigartige Sammlung pers\u00f6nlich inspizierter Ferienh\u00e4user und Ferienwohnungen in Sussex, <a href=\"https:\/\/www.urlaubcornwall.de\/ferienhaueser\/suedengland.php\">S\u00fcdengland<\/a> und nun auch im gesamten Gro\u00dfbritannien.<\/p>\n\n","protected":false},"excerpt":{"rendered":"<p>Ein entz\u00fcckendes Urlaubsappartement f\u00fcr zwei Personen in der wundersch\u00f6nen historischen Stadt Rye. Sie finden diese Ferienwohnung an einer gepflasterten Allee gelegen, einen Steinwurf entfernt vom historischen Rye. Wenn Sie sich dem Appartement n\u00e4hern, erklimmen Sie die Stufen zur \u00fcberdachten Terrasse, wo sie Tag oder Nacht sitzen und die Ruhe genie\u00dfen k\u00f6nnen. Sie betreten das Geb\u00e4ude [&hellip;]<\/p>\n","protected":false},"author":1,"featured_media":0,"parent":0,"menu_order":0,"comment_status":"closed","ping_status":"closed","template":"single-two.php","meta":[],"acf":[],"yoast_head":"<!-- This site is optimized with the Yoast SEO plugin v19.4 - https:\/\/yoast.com\/wordpress\/plugins\/seo\/ -->\n<title>Ferienwohnung Rye - Studio 22 - Urlaub &amp; Reisen<\/title>\n<meta name=\"robots\" content=\"index, follow, max-snippet:-1, max-image-preview:large, max-video-preview:-1\" \/>\n<link rel=\"canonical\" href=\"https:\/\/www.urlaubcornwall.de\/blog\/ferienwohnung-rye-studio-22\/\" \/>\n<meta property=\"og:locale\" content=\"en_US\" \/>\n<meta property=\"og:type\" content=\"article\" \/>\n<meta property=\"og:title\" content=\"Ferienwohnung Rye - Studio 22 - Urlaub &amp; Reisen\" \/>\n<meta property=\"og:description\" content=\"Ein entz\u00fcckendes Urlaubsappartement f\u00fcr zwei Personen in der wundersch\u00f6nen historischen Stadt Rye. Sie finden diese Ferienwohnung an einer gepflasterten Allee gelegen, einen Steinwurf entfernt vom historischen Rye. Wenn Sie sich dem Appartement n\u00e4hern, erklimmen Sie die Stufen zur \u00fcberdachten Terrasse, wo sie Tag oder Nacht sitzen und die Ruhe genie\u00dfen k\u00f6nnen. Sie betreten das Geb\u00e4ude [&hellip;]\" \/>\n<meta property=\"og:url\" content=\"https:\/\/www.urlaubcornwall.de\/blog\/ferienwohnung-rye-studio-22\/\" \/>\n<meta property=\"og:site_name\" content=\"Urlaub &amp; Reisen\" \/>\n<meta property=\"article:modified_time\" content=\"2019-02-27T11:15:38+00:00\" \/>\n<meta name=\"twitter:card\" content=\"summary\" \/>\n<meta name=\"twitter:label1\" content=\"Est. reading time\" \/>\n\t<meta name=\"twitter:data1\" content=\"2 minutes\" \/>\n<script type=\"application\/ld+json\" class=\"yoast-schema-graph\">{\"@context\":\"https:\/\/schema.org\",\"@graph\":[{\"@type\":\"WebSite\",\"@id\":\"https:\/\/www.urlaubcornwall.de\/blog\/#website\",\"url\":\"https:\/\/www.urlaubcornwall.de\/blog\/\",\"name\":\"Urlaub &amp; Reisen\",\"description\":\"Urlaub, Reisen, Cornwall und S\u00fcdengland: eine perfekte Kombination\",\"potentialAction\":[{\"@type\":\"SearchAction\",\"target\":{\"@type\":\"EntryPoint\",\"urlTemplate\":\"https:\/\/www.urlaubcornwall.de\/blog\/?s={search_term_string}\"},\"query-input\":\"required name=search_term_string\"}],\"inLanguage\":\"en-US\"},{\"@type\":\"WebPage\",\"@id\":\"https:\/\/www.urlaubcornwall.de\/blog\/ferienwohnung-rye-studio-22\/\",\"url\":\"https:\/\/www.urlaubcornwall.de\/blog\/ferienwohnung-rye-studio-22\/\",\"name\":\"Ferienwohnung Rye - Studio 22 - Urlaub &amp; Reisen\",\"isPartOf\":{\"@id\":\"https:\/\/www.urlaubcornwall.de\/blog\/#website\"},\"datePublished\":\"2014-06-10T11:27:09+00:00\",\"dateModified\":\"2019-02-27T11:15:38+00:00\",\"breadcrumb\":{\"@id\":\"https:\/\/www.urlaubcornwall.de\/blog\/ferienwohnung-rye-studio-22\/#breadcrumb\"},\"inLanguage\":\"en-US\",\"potentialAction\":[{\"@type\":\"ReadAction\",\"target\":[\"https:\/\/www.urlaubcornwall.de\/blog\/ferienwohnung-rye-studio-22\/\"]}]},{\"@type\":\"BreadcrumbList\",\"@id\":\"https:\/\/www.urlaubcornwall.de\/blog\/ferienwohnung-rye-studio-22\/#breadcrumb\",\"itemListElement\":[{\"@type\":\"ListItem\",\"position\":1,\"name\":\"Home\",\"item\":\"https:\/\/www.urlaubcornwall.de\/blog\/\"},{\"@type\":\"ListItem\",\"position\":2,\"name\":\"Ferienwohnung Rye &#8211; Studio 22\"}]}]}<\/script>\n<!-- \/ Yoast SEO plugin. -->","yoast_head_json":{"title":"Ferienwohnung Rye - Studio 22 - Urlaub &amp; Reisen","robots":{"index":"index","follow":"follow","max-snippet":"max-snippet:-1","max-image-preview":"max-image-preview:large","max-video-preview":"max-video-preview:-1"},"canonical":"https:\/\/www.urlaubcornwall.de\/blog\/ferienwohnung-rye-studio-22\/","og_locale":"en_US","og_type":"article","og_title":"Ferienwohnung Rye - Studio 22 - Urlaub &amp; Reisen","og_description":"Ein entz\u00fcckendes Urlaubsappartement f\u00fcr zwei Personen in der wundersch\u00f6nen historischen Stadt Rye. Sie finden diese Ferienwohnung an einer gepflasterten Allee gelegen, einen Steinwurf entfernt vom historischen Rye. Wenn Sie sich dem Appartement n\u00e4hern, erklimmen Sie die Stufen zur \u00fcberdachten Terrasse, wo sie Tag oder Nacht sitzen und die Ruhe genie\u00dfen k\u00f6nnen. Sie betreten das Geb\u00e4ude [&hellip;]","og_url":"https:\/\/www.urlaubcornwall.de\/blog\/ferienwohnung-rye-studio-22\/","og_site_name":"Urlaub &amp; Reisen","article_modified_time":"2019-02-27T11:15:38+00:00","twitter_card":"summary","twitter_misc":{"Est. reading time":"2 minutes"},"schema":{"@context":"https:\/\/schema.org","@graph":[{"@type":"WebSite","@id":"https:\/\/www.urlaubcornwall.de\/blog\/#website","url":"https:\/\/www.urlaubcornwall.de\/blog\/","name":"Urlaub &amp; Reisen","description":"Urlaub, Reisen, Cornwall und S\u00fcdengland: eine perfekte Kombination","potentialAction":[{"@type":"SearchAction","target":{"@type":"EntryPoint","urlTemplate":"https:\/\/www.urlaubcornwall.de\/blog\/?s={search_term_string}"},"query-input":"required name=search_term_string"}],"inLanguage":"en-US"},{"@type":"WebPage","@id":"https:\/\/www.urlaubcornwall.de\/blog\/ferienwohnung-rye-studio-22\/","url":"https:\/\/www.urlaubcornwall.de\/blog\/ferienwohnung-rye-studio-22\/","name":"Ferienwohnung Rye - Studio 22 - Urlaub &amp; Reisen","isPartOf":{"@id":"https:\/\/www.urlaubcornwall.de\/blog\/#website"},"datePublished":"2014-06-10T11:27:09+00:00","dateModified":"2019-02-27T11:15:38+00:00","breadcrumb":{"@id":"https:\/\/www.urlaubcornwall.de\/blog\/ferienwohnung-rye-studio-22\/#breadcrumb"},"inLanguage":"en-US","potentialAction":[{"@type":"ReadAction","target":["https:\/\/www.urlaubcornwall.de\/blog\/ferienwohnung-rye-studio-22\/"]}]},{"@type":"BreadcrumbList","@id":"https:\/\/www.urlaubcornwall.de\/blog\/ferienwohnung-rye-studio-22\/#breadcrumb","itemListElement":[{"@type":"ListItem","position":1,"name":"Home","item":"https:\/\/www.urlaubcornwall.de\/blog\/"},{"@type":"ListItem","position":2,"name":"Ferienwohnung Rye &#8211; Studio 22"}]}]}},"_links":{"self":[{"href":"https:\/\/www.urlaubcornwall.de\/blog\/wp-json\/wp\/v2\/pages\/15746"}],"collection":[{"href":"https:\/\/www.urlaubcornwall.de\/blog\/wp-json\/wp\/v2\/pages"}],"about":[{"href":"https:\/\/www.urlaubcornwall.de\/blog\/wp-json\/wp\/v2\/types\/page"}],"author":[{"embeddable":true,"href":"https:\/\/www.urlaubcornwall.de\/blog\/wp-json\/wp\/v2\/users\/1"}],"replies":[{"embeddable":true,"href":"https:\/\/www.urlaubcornwall.de\/blog\/wp-json\/wp\/v2\/comments?post=15746"}],"version-history":[{"count":4,"href":"https:\/\/www.urlaubcornwall.de\/blog\/wp-json\/wp\/v2\/pages\/15746\/revisions"}],"predecessor-version":[{"id":36654,"href":"https:\/\/www.urlaubcornwall.de\/blog\/wp-json\/wp\/v2\/pages\/15746\/revisions\/36654"}],"wp:attachment":[{"href":"https:\/\/www.urlaubcornwall.de\/blog\/wp-json\/wp\/v2\/media?parent=15746"}],"curies":[{"name":"wp","href":"https:\/\/api.w.org\/{rel}","templated":true}]}}