{"id":15711,"date":"2014-06-10T09:52:45","date_gmt":"2014-06-10T09:52:45","guid":{"rendered":"https:\/\/www.urlaubcornwall.de\/blog\/?page_id=15711"},"modified":"2019-02-27T11:14:52","modified_gmt":"2019-02-27T11:14:52","slug":"ferienwohnung-brighton-the-roof-terrace","status":"publish","type":"page","link":"https:\/\/www.urlaubcornwall.de\/blog\/ferienwohnung-brighton-the-roof-terrace\/","title":{"rendered":"Ferienwohnung Brighton &#8211; The Roof Terrace"},"content":{"rendered":"<p>Dieses hervorragende&nbsp;Ferienwohnung im Dachgeschoss bietet einen wundervollen Panoramablick \u00fcber die D\u00e4cher <a href=\"https:\/\/www.urlaubcornwall.de\/blog\/urlaub-in-brighton-sussex-sehenswuerdigkeiten-unterkunft-und-geschichte\/\">Brightons und Hoves<\/a> hinweg.Diese einzigartige Ferienwohnung befindet sich im dritten Stock eines traditionellen Hove Stadthauses in einer mit B\u00e4umen eingegrenzten Allee und nur 200 Meter von der Strandpromenade entfernt, au\u00dferdem sehr zentral gelegen f\u00fcr die Vielfalt an Einkaufsl\u00e4den und Restaurants von Hove.<\/p>\n<p><strong>2 Schlafzimmer , Schlafplatz f\u00fcr 4 , leider keine Haustiere erlaubt , Ferienwohnung Brighton , Sussex. Preisepanne \u00a3515-\u00a3715 <\/strong><\/p>\n<p>Die Dachterrasse ist sowohl nach Osten als auch nach Westen hin gelegen mit Blick von der Terrasse aus in beide Richtungen. Es mutet wundervoll ruhig und privat an dort oben und profitiert dennoch davon, so viele M\u00f6glichkeiten direkt vor der Haust\u00fcre vorzufinden. Das Wohnzimmer, sowie die K\u00fcche liegen nach Westen hin mit Blick \u00fcber Hove und hin zu den South Downs in der Ferne. Der Raum ist hell und kompakt, doch die Terrasse, die sich \u00fcber seine gesamte L\u00e4nge erstreckt, l\u00e4sst ihn bemerkenswert gro\u00dfr\u00e4umig erscheinen. Die beiden Schlafr\u00e4ume sind nach Osten hin gelegen und genie\u00dfen geradezu stilvoll den morgendlichen Sonnenaufgang \u00fcber Brighton. Die kleine Terrasse am Hauptschlafzimmer bietet sich hervorragend an, ein sommerliches Fr\u00fchst\u00fcck einzunehmen.<\/p>\n<p>Das Hauptschlafzimmer ist ein Doppelzimmer, hat jedoch ein Bett, das auf Wunsch hin zu zwei Betten umgebaut werden kann. Das zweite Schlafzimmer hat ein Doppelbett. Es gibt ein Familienbadezimmer mit Bad und einen Duschraum dar\u00fcber.<\/p>\n<p>Parkm\u00f6glichkeit f\u00fcr ein kleines oder mittelgro\u00dfes Auto gibt es an der Stra\u00dfe hinter dem Appartement. Daf\u00fcr wird pro Nacht \u00a310.00 verlangt.<\/p>\n<p>Bedauerlicherweise ist dieses Appartement nicht geeignet f\u00fcr Familien mit Kindern unter sechs Jahren.<\/p>\n<p><strong>M\u00f6glichkeiten &amp; Dienstleistungen<\/strong><\/p>\n<p>einschlie\u00dflich Gasheizung \u2013 Gaszentralheizung, WiFi<\/p>\n<p><strong>Verschiedenes<\/strong><\/p>\n<p>\u2022 4 Personen<br \/>\n\u2022 Fahrradabstellraum<br \/>\n\u2022 Geschirrsp\u00fclmaschine<br \/>\n\u2022 Parkm\u00f6glichkeit zu zus\u00e4tzlichem Tarif<br \/>\n\u2022 Internetzugang<br \/>\n\u2022 einschlie\u00dflich Bettzeug und Handt\u00fccher<br \/>\n\u2022 Freisitzm\u00f6glichkeit<br \/>\n\u2022 Satellitenfernseher<br \/>\n\u2022 Wasch- und Trockenm\u00f6glichkeiten<br \/>\n\u2022 Kinderreisebett<\/p>\n<p style=\"text-align: center;\"><strong>Bei uns finden Sie Ferienh\u00e4user in Brighton und Umgebung zum Verlieben \u2013 so einfach ist das!<\/strong><\/p>\n<p style=\"text-align: center;\"><a class=\"tidycta\" href=\"https:\/\/www.urlaubcornwall.de\/ferienhaeuser\/sussex.php\">Suche Ferienh\u00e4user in Sussex <\/a><\/p>\n<p style=\"text-align: center;\">UrlaubCornwall.de hat eine einzigartige Sammlung pers\u00f6nlich inspizierter Ferienh\u00e4user und Ferienwohnungen in Sussex, <a href=\"https:\/\/www.urlaubcornwall.de\/ferienhaueser\/suedengland.php\">S\u00fcdengland<\/a> und nun auch im gesamten Gro\u00dfbritannien.<\/p>\n","protected":false},"excerpt":{"rendered":"<p>Dieses hervorragende&nbsp;Ferienwohnung im Dachgeschoss bietet einen wundervollen Panoramablick \u00fcber die D\u00e4cher Brightons und Hoves hinweg.Diese einzigartige Ferienwohnung befindet sich im dritten Stock eines traditionellen Hove Stadthauses in einer mit B\u00e4umen eingegrenzten Allee und nur 200 Meter von der Strandpromenade entfernt, au\u00dferdem sehr zentral gelegen f\u00fcr die Vielfalt an Einkaufsl\u00e4den und Restaurants von Hove. 2 Schlafzimmer [&hellip;]<\/p>\n","protected":false},"author":1,"featured_media":0,"parent":0,"menu_order":0,"comment_status":"closed","ping_status":"closed","template":"single-two.php","meta":[],"acf":[],"yoast_head":"<!-- This site is optimized with the Yoast SEO plugin v19.4 - https:\/\/yoast.com\/wordpress\/plugins\/seo\/ -->\n<title>Ferienwohnung Brighton - The Roof Terrace - Urlaub &amp; Reisen<\/title>\n<meta name=\"robots\" content=\"index, follow, max-snippet:-1, max-image-preview:large, max-video-preview:-1\" \/>\n<link rel=\"canonical\" href=\"https:\/\/www.urlaubcornwall.de\/blog\/ferienwohnung-brighton-the-roof-terrace\/\" \/>\n<meta property=\"og:locale\" content=\"en_US\" \/>\n<meta property=\"og:type\" content=\"article\" \/>\n<meta property=\"og:title\" content=\"Ferienwohnung Brighton - The Roof Terrace - Urlaub &amp; Reisen\" \/>\n<meta property=\"og:description\" content=\"Dieses hervorragende&nbsp;Ferienwohnung im Dachgeschoss bietet einen wundervollen Panoramablick \u00fcber die D\u00e4cher Brightons und Hoves hinweg.Diese einzigartige Ferienwohnung befindet sich im dritten Stock eines traditionellen Hove Stadthauses in einer mit B\u00e4umen eingegrenzten Allee und nur 200 Meter von der Strandpromenade entfernt, au\u00dferdem sehr zentral gelegen f\u00fcr die Vielfalt an Einkaufsl\u00e4den und Restaurants von Hove. 2 Schlafzimmer [&hellip;]\" \/>\n<meta property=\"og:url\" content=\"https:\/\/www.urlaubcornwall.de\/blog\/ferienwohnung-brighton-the-roof-terrace\/\" \/>\n<meta property=\"og:site_name\" content=\"Urlaub &amp; Reisen\" \/>\n<meta property=\"article:modified_time\" content=\"2019-02-27T11:14:52+00:00\" \/>\n<meta name=\"twitter:card\" content=\"summary\" \/>\n<meta name=\"twitter:label1\" content=\"Est. reading time\" \/>\n\t<meta name=\"twitter:data1\" content=\"2 minutes\" \/>\n<script type=\"application\/ld+json\" class=\"yoast-schema-graph\">{\"@context\":\"https:\/\/schema.org\",\"@graph\":[{\"@type\":\"WebSite\",\"@id\":\"https:\/\/www.urlaubcornwall.de\/blog\/#website\",\"url\":\"https:\/\/www.urlaubcornwall.de\/blog\/\",\"name\":\"Urlaub &amp; Reisen\",\"description\":\"Urlaub, Reisen, Cornwall und S\u00fcdengland: eine perfekte Kombination\",\"potentialAction\":[{\"@type\":\"SearchAction\",\"target\":{\"@type\":\"EntryPoint\",\"urlTemplate\":\"https:\/\/www.urlaubcornwall.de\/blog\/?s={search_term_string}\"},\"query-input\":\"required name=search_term_string\"}],\"inLanguage\":\"en-US\"},{\"@type\":\"WebPage\",\"@id\":\"https:\/\/www.urlaubcornwall.de\/blog\/ferienwohnung-brighton-the-roof-terrace\/\",\"url\":\"https:\/\/www.urlaubcornwall.de\/blog\/ferienwohnung-brighton-the-roof-terrace\/\",\"name\":\"Ferienwohnung Brighton - The Roof Terrace - Urlaub &amp; Reisen\",\"isPartOf\":{\"@id\":\"https:\/\/www.urlaubcornwall.de\/blog\/#website\"},\"datePublished\":\"2014-06-10T09:52:45+00:00\",\"dateModified\":\"2019-02-27T11:14:52+00:00\",\"breadcrumb\":{\"@id\":\"https:\/\/www.urlaubcornwall.de\/blog\/ferienwohnung-brighton-the-roof-terrace\/#breadcrumb\"},\"inLanguage\":\"en-US\",\"potentialAction\":[{\"@type\":\"ReadAction\",\"target\":[\"https:\/\/www.urlaubcornwall.de\/blog\/ferienwohnung-brighton-the-roof-terrace\/\"]}]},{\"@type\":\"BreadcrumbList\",\"@id\":\"https:\/\/www.urlaubcornwall.de\/blog\/ferienwohnung-brighton-the-roof-terrace\/#breadcrumb\",\"itemListElement\":[{\"@type\":\"ListItem\",\"position\":1,\"name\":\"Home\",\"item\":\"https:\/\/www.urlaubcornwall.de\/blog\/\"},{\"@type\":\"ListItem\",\"position\":2,\"name\":\"Ferienwohnung Brighton &#8211; The Roof Terrace\"}]}]}<\/script>\n<!-- \/ Yoast SEO plugin. -->","yoast_head_json":{"title":"Ferienwohnung Brighton - The Roof Terrace - Urlaub &amp; Reisen","robots":{"index":"index","follow":"follow","max-snippet":"max-snippet:-1","max-image-preview":"max-image-preview:large","max-video-preview":"max-video-preview:-1"},"canonical":"https:\/\/www.urlaubcornwall.de\/blog\/ferienwohnung-brighton-the-roof-terrace\/","og_locale":"en_US","og_type":"article","og_title":"Ferienwohnung Brighton - The Roof Terrace - Urlaub &amp; Reisen","og_description":"Dieses hervorragende&nbsp;Ferienwohnung im Dachgeschoss bietet einen wundervollen Panoramablick \u00fcber die D\u00e4cher Brightons und Hoves hinweg.Diese einzigartige Ferienwohnung befindet sich im dritten Stock eines traditionellen Hove Stadthauses in einer mit B\u00e4umen eingegrenzten Allee und nur 200 Meter von der Strandpromenade entfernt, au\u00dferdem sehr zentral gelegen f\u00fcr die Vielfalt an Einkaufsl\u00e4den und Restaurants von Hove. 2 Schlafzimmer [&hellip;]","og_url":"https:\/\/www.urlaubcornwall.de\/blog\/ferienwohnung-brighton-the-roof-terrace\/","og_site_name":"Urlaub &amp; Reisen","article_modified_time":"2019-02-27T11:14:52+00:00","twitter_card":"summary","twitter_misc":{"Est. reading time":"2 minutes"},"schema":{"@context":"https:\/\/schema.org","@graph":[{"@type":"WebSite","@id":"https:\/\/www.urlaubcornwall.de\/blog\/#website","url":"https:\/\/www.urlaubcornwall.de\/blog\/","name":"Urlaub &amp; Reisen","description":"Urlaub, Reisen, Cornwall und S\u00fcdengland: eine perfekte Kombination","potentialAction":[{"@type":"SearchAction","target":{"@type":"EntryPoint","urlTemplate":"https:\/\/www.urlaubcornwall.de\/blog\/?s={search_term_string}"},"query-input":"required name=search_term_string"}],"inLanguage":"en-US"},{"@type":"WebPage","@id":"https:\/\/www.urlaubcornwall.de\/blog\/ferienwohnung-brighton-the-roof-terrace\/","url":"https:\/\/www.urlaubcornwall.de\/blog\/ferienwohnung-brighton-the-roof-terrace\/","name":"Ferienwohnung Brighton - The Roof Terrace - Urlaub &amp; Reisen","isPartOf":{"@id":"https:\/\/www.urlaubcornwall.de\/blog\/#website"},"datePublished":"2014-06-10T09:52:45+00:00","dateModified":"2019-02-27T11:14:52+00:00","breadcrumb":{"@id":"https:\/\/www.urlaubcornwall.de\/blog\/ferienwohnung-brighton-the-roof-terrace\/#breadcrumb"},"inLanguage":"en-US","potentialAction":[{"@type":"ReadAction","target":["https:\/\/www.urlaubcornwall.de\/blog\/ferienwohnung-brighton-the-roof-terrace\/"]}]},{"@type":"BreadcrumbList","@id":"https:\/\/www.urlaubcornwall.de\/blog\/ferienwohnung-brighton-the-roof-terrace\/#breadcrumb","itemListElement":[{"@type":"ListItem","position":1,"name":"Home","item":"https:\/\/www.urlaubcornwall.de\/blog\/"},{"@type":"ListItem","position":2,"name":"Ferienwohnung Brighton &#8211; The Roof Terrace"}]}]}},"_links":{"self":[{"href":"https:\/\/www.urlaubcornwall.de\/blog\/wp-json\/wp\/v2\/pages\/15711"}],"collection":[{"href":"https:\/\/www.urlaubcornwall.de\/blog\/wp-json\/wp\/v2\/pages"}],"about":[{"href":"https:\/\/www.urlaubcornwall.de\/blog\/wp-json\/wp\/v2\/types\/page"}],"author":[{"embeddable":true,"href":"https:\/\/www.urlaubcornwall.de\/blog\/wp-json\/wp\/v2\/users\/1"}],"replies":[{"embeddable":true,"href":"https:\/\/www.urlaubcornwall.de\/blog\/wp-json\/wp\/v2\/comments?post=15711"}],"version-history":[{"count":9,"href":"https:\/\/www.urlaubcornwall.de\/blog\/wp-json\/wp\/v2\/pages\/15711\/revisions"}],"predecessor-version":[{"id":36652,"href":"https:\/\/www.urlaubcornwall.de\/blog\/wp-json\/wp\/v2\/pages\/15711\/revisions\/36652"}],"wp:attachment":[{"href":"https:\/\/www.urlaubcornwall.de\/blog\/wp-json\/wp\/v2\/media?parent=15711"}],"curies":[{"name":"wp","href":"https:\/\/api.w.org\/{rel}","templated":true}]}}