{"id":15687,"date":"2014-06-09T10:53:39","date_gmt":"2014-06-09T10:53:39","guid":{"rendered":"https:\/\/www.urlaubcornwall.de\/blog\/?page_id=15687"},"modified":"2019-02-27T09:41:41","modified_gmt":"2019-02-27T09:41:41","slug":"ferienhaus-brighton-pelham-boutique-house","status":"publish","type":"page","link":"https:\/\/www.urlaubcornwall.de\/blog\/ferienhaus-brighton-pelham-boutique-house\/","title":{"rendered":"Ferienhaus Brighton &#8211; Pelham Boutique House"},"content":{"rendered":"<p><a href=\"https:\/\/www.urlaubcornwall.de\/blog\/urlaub-in-brighton-sussex-sehenswuerdigkeiten-unterkunft-und-geschichte\/\">Brighton und Hove<\/a> sind die lebendigsten, buntesten und ideenreichsten St\u00e4dte, die Sie in S\u00fcdostengland finden werden. Ob es nun ein Brighton Stadturlaub oder eine Urlaubswoche sein soll, ist dieses feine Ferienhaus doch sehr klassisch.<\/p>\n<p>Im Herzen von Brightons North Laines und lediglich einen f\u00fcnfmin\u00fctigen Spaziergang vom K\u00f6niglichen Pavillon, dem Brighton Dome und den Theaterh\u00e4usern Brightons entfernt, ist das Pelham Luxus Boutique Ferienhaus perfekt gelegen, um diese bunte kosmopolitische Urlaubsregion zu genie\u00dfen.<\/p>\n<p><strong>2 Schlafzimmer <\/strong><strong>+&nbsp;Sofabett<\/strong> , Schlafplatz f\u00fcr 4&nbsp; , leider keine Haustiere erlaubt , Luxus Ferienhaus Brighton , Sussex . Preisepanne \u00a3800-\u00a31000<\/p>\n<p>Das Luxus Ferienhaus befindet sich an einem kleinen, mit B\u00e4umen umgrenzten Platz an den Laines, eine friedvolle Lage und doch mitten im Herzen dieser modernen Gegend Brightons liegend. Das Haus erstreckt sich, hervorragend pr\u00e4sentiert, \u00fcber drei Stockwerke und bietet ein sehr ruhiges Zuhause f\u00fcr bis zu vier Personen. Das Hauptwohnzimmer erstreckt sich \u00fcber das gesamte Erdgeschoss und bietet somit gen\u00fcgend Raum zur Entspannung. Das Untergeschoss wurde wundersch\u00f6n restauriert und beherbergt eine traditionelle K\u00fcche, einen separaten Essbereich, ist insgesamt \u00fcberaus gro\u00dfz\u00fcgig angelegt.<\/p>\n<p>Die Stufen zum Untergeschoss sind recht steil. Daher raten wir von dieser Unterkunft ab, wenn Sie Kinder unter vier Jahren haben.Die beiden Schlafr\u00e4ume befinden sich auf dem ersten Stock. Das Hauptschlafzimmer hat ein riesengro\u00dfes sechs Fu\u00df Bett, w\u00e4hrend das zweite Schlafzimmer mit einem vier Fu\u00df Doppelbett ausgestattet ist. Wir empfehlen das Haus f\u00fcr bis zu vier Personen, da ein vier Fu\u00df Bett f\u00fcr manche Paare nicht geeignet sein mag. Es gibt jedoch ein Sofabett im Wohnzimmer einen Stock tiefer. Im ersten Stock befinden sich eine Nasszelle, ein Duschraum und eine Garderobe im Erdgeschoss.<\/p>\n<p>Das Luxus-Boutique House genie\u00dft einen privaten, mit einer Mauer umgebenen Garten, der Ihnen Ihre eigene kleine Oase im Herzen der Stadt bietet. Wenn Sie im Pelham Boutique House wohnen, haben Sie den Vorteil, kein Auto zu brauchen. Das Haus befindet sich nur 300 Meter vom Bahnhof entfernt und in direkter Nachbarschaft zu beliebten Bars, Restaurants und Boutiquen der North Laines, einer Gegend Brightons, die w\u00e4hrend der vergangenen Jahre an Beliebtheit zugenommen hat.<\/p>\n<p><strong>&nbsp;<\/strong><\/p>\n<p><strong>M\u00f6glichkeiten &amp; Dienstleistungen<\/strong><\/p>\n<p>einschlie\u00dflich Gasheizung \u2013 Gaszentralheizung, WiFi<\/p>\n<p><strong>Verschiedenes<\/strong><\/p>\n<p>\u2022 4 Personen<br \/>\n\u2022 Grill<br \/>\n\u2022 Geschirrsp\u00fclmaschine<br \/>\n\u2022 Garten<br \/>\n\u2022 Internetzugang<br \/>\n\u2022 einschlie\u00dflich Bettzeug und Handt\u00fccher<br \/>\n\u2022 Fernseher und DVD<br \/>\n\u2022 Wasch- und Trockenm\u00f6glichkeiten<\/p>\n<p style=\"text-align: center;\"><strong>Bei uns finden Sie Ferienh\u00e4user in Brighton zum Verlieben \u2013 so einfach ist das!<\/strong><\/p>\n<p style=\"text-align: center;\"><a class=\"tidycta\" href=\"https:\/\/www.urlaubcornwall.de\/ferienhaeuser\/sussex.php\">Suche Ferienh\u00e4user in Sussex <\/a><\/p>\n<p style=\"text-align: center;\">UrlaubCornwall.de hat eine einzigartige Sammlung pers\u00f6nlich inspizierter Ferienh\u00e4user und Ferienwohnungen in Sussex, <a href=\"https:\/\/www.urlaubcornwall.de\/ferienhaueser\/suedengland.php\">S\u00fcdengland<\/a> und nun auch im gesamten Gro\u00dfbritannien.<\/p>\n\n","protected":false},"excerpt":{"rendered":"<p>Brighton und Hove sind die lebendigsten, buntesten und ideenreichsten St\u00e4dte, die Sie in S\u00fcdostengland finden werden. Ob es nun ein Brighton Stadturlaub oder eine Urlaubswoche sein soll, ist dieses feine Ferienhaus doch sehr klassisch. Im Herzen von Brightons North Laines und lediglich einen f\u00fcnfmin\u00fctigen Spaziergang vom K\u00f6niglichen Pavillon, dem Brighton Dome und den Theaterh\u00e4usern Brightons [&hellip;]<\/p>\n","protected":false},"author":1,"featured_media":0,"parent":0,"menu_order":0,"comment_status":"closed","ping_status":"closed","template":"single-two.php","meta":[],"acf":[],"yoast_head":"<!-- This site is optimized with the Yoast SEO plugin v19.4 - https:\/\/yoast.com\/wordpress\/plugins\/seo\/ -->\n<title>Ferienhaus Brighton - Pelham Boutique House - Urlaub &amp; Reisen<\/title>\n<meta name=\"robots\" content=\"index, follow, max-snippet:-1, max-image-preview:large, max-video-preview:-1\" \/>\n<link rel=\"canonical\" href=\"https:\/\/www.urlaubcornwall.de\/blog\/ferienhaus-brighton-pelham-boutique-house\/\" \/>\n<meta property=\"og:locale\" content=\"en_US\" \/>\n<meta property=\"og:type\" content=\"article\" \/>\n<meta property=\"og:title\" content=\"Ferienhaus Brighton - Pelham Boutique House - Urlaub &amp; Reisen\" \/>\n<meta property=\"og:description\" content=\"Brighton und Hove sind die lebendigsten, buntesten und ideenreichsten St\u00e4dte, die Sie in S\u00fcdostengland finden werden. Ob es nun ein Brighton Stadturlaub oder eine Urlaubswoche sein soll, ist dieses feine Ferienhaus doch sehr klassisch. Im Herzen von Brightons North Laines und lediglich einen f\u00fcnfmin\u00fctigen Spaziergang vom K\u00f6niglichen Pavillon, dem Brighton Dome und den Theaterh\u00e4usern Brightons [&hellip;]\" \/>\n<meta property=\"og:url\" content=\"https:\/\/www.urlaubcornwall.de\/blog\/ferienhaus-brighton-pelham-boutique-house\/\" \/>\n<meta property=\"og:site_name\" content=\"Urlaub &amp; Reisen\" \/>\n<meta property=\"article:modified_time\" content=\"2019-02-27T09:41:41+00:00\" \/>\n<meta name=\"twitter:card\" content=\"summary\" \/>\n<meta name=\"twitter:label1\" content=\"Est. reading time\" \/>\n\t<meta name=\"twitter:data1\" content=\"2 minutes\" \/>\n<script type=\"application\/ld+json\" class=\"yoast-schema-graph\">{\"@context\":\"https:\/\/schema.org\",\"@graph\":[{\"@type\":\"WebSite\",\"@id\":\"https:\/\/www.urlaubcornwall.de\/blog\/#website\",\"url\":\"https:\/\/www.urlaubcornwall.de\/blog\/\",\"name\":\"Urlaub &amp; Reisen\",\"description\":\"Urlaub, Reisen, Cornwall und S\u00fcdengland: eine perfekte Kombination\",\"potentialAction\":[{\"@type\":\"SearchAction\",\"target\":{\"@type\":\"EntryPoint\",\"urlTemplate\":\"https:\/\/www.urlaubcornwall.de\/blog\/?s={search_term_string}\"},\"query-input\":\"required name=search_term_string\"}],\"inLanguage\":\"en-US\"},{\"@type\":\"WebPage\",\"@id\":\"https:\/\/www.urlaubcornwall.de\/blog\/ferienhaus-brighton-pelham-boutique-house\/\",\"url\":\"https:\/\/www.urlaubcornwall.de\/blog\/ferienhaus-brighton-pelham-boutique-house\/\",\"name\":\"Ferienhaus Brighton - Pelham Boutique House - Urlaub &amp; Reisen\",\"isPartOf\":{\"@id\":\"https:\/\/www.urlaubcornwall.de\/blog\/#website\"},\"datePublished\":\"2014-06-09T10:53:39+00:00\",\"dateModified\":\"2019-02-27T09:41:41+00:00\",\"breadcrumb\":{\"@id\":\"https:\/\/www.urlaubcornwall.de\/blog\/ferienhaus-brighton-pelham-boutique-house\/#breadcrumb\"},\"inLanguage\":\"en-US\",\"potentialAction\":[{\"@type\":\"ReadAction\",\"target\":[\"https:\/\/www.urlaubcornwall.de\/blog\/ferienhaus-brighton-pelham-boutique-house\/\"]}]},{\"@type\":\"BreadcrumbList\",\"@id\":\"https:\/\/www.urlaubcornwall.de\/blog\/ferienhaus-brighton-pelham-boutique-house\/#breadcrumb\",\"itemListElement\":[{\"@type\":\"ListItem\",\"position\":1,\"name\":\"Home\",\"item\":\"https:\/\/www.urlaubcornwall.de\/blog\/\"},{\"@type\":\"ListItem\",\"position\":2,\"name\":\"Ferienhaus Brighton &#8211; Pelham Boutique House\"}]}]}<\/script>\n<!-- \/ Yoast SEO plugin. -->","yoast_head_json":{"title":"Ferienhaus Brighton - Pelham Boutique House - Urlaub &amp; Reisen","robots":{"index":"index","follow":"follow","max-snippet":"max-snippet:-1","max-image-preview":"max-image-preview:large","max-video-preview":"max-video-preview:-1"},"canonical":"https:\/\/www.urlaubcornwall.de\/blog\/ferienhaus-brighton-pelham-boutique-house\/","og_locale":"en_US","og_type":"article","og_title":"Ferienhaus Brighton - Pelham Boutique House - Urlaub &amp; Reisen","og_description":"Brighton und Hove sind die lebendigsten, buntesten und ideenreichsten St\u00e4dte, die Sie in S\u00fcdostengland finden werden. Ob es nun ein Brighton Stadturlaub oder eine Urlaubswoche sein soll, ist dieses feine Ferienhaus doch sehr klassisch. Im Herzen von Brightons North Laines und lediglich einen f\u00fcnfmin\u00fctigen Spaziergang vom K\u00f6niglichen Pavillon, dem Brighton Dome und den Theaterh\u00e4usern Brightons [&hellip;]","og_url":"https:\/\/www.urlaubcornwall.de\/blog\/ferienhaus-brighton-pelham-boutique-house\/","og_site_name":"Urlaub &amp; Reisen","article_modified_time":"2019-02-27T09:41:41+00:00","twitter_card":"summary","twitter_misc":{"Est. reading time":"2 minutes"},"schema":{"@context":"https:\/\/schema.org","@graph":[{"@type":"WebSite","@id":"https:\/\/www.urlaubcornwall.de\/blog\/#website","url":"https:\/\/www.urlaubcornwall.de\/blog\/","name":"Urlaub &amp; Reisen","description":"Urlaub, Reisen, Cornwall und S\u00fcdengland: eine perfekte Kombination","potentialAction":[{"@type":"SearchAction","target":{"@type":"EntryPoint","urlTemplate":"https:\/\/www.urlaubcornwall.de\/blog\/?s={search_term_string}"},"query-input":"required name=search_term_string"}],"inLanguage":"en-US"},{"@type":"WebPage","@id":"https:\/\/www.urlaubcornwall.de\/blog\/ferienhaus-brighton-pelham-boutique-house\/","url":"https:\/\/www.urlaubcornwall.de\/blog\/ferienhaus-brighton-pelham-boutique-house\/","name":"Ferienhaus Brighton - Pelham Boutique House - Urlaub &amp; Reisen","isPartOf":{"@id":"https:\/\/www.urlaubcornwall.de\/blog\/#website"},"datePublished":"2014-06-09T10:53:39+00:00","dateModified":"2019-02-27T09:41:41+00:00","breadcrumb":{"@id":"https:\/\/www.urlaubcornwall.de\/blog\/ferienhaus-brighton-pelham-boutique-house\/#breadcrumb"},"inLanguage":"en-US","potentialAction":[{"@type":"ReadAction","target":["https:\/\/www.urlaubcornwall.de\/blog\/ferienhaus-brighton-pelham-boutique-house\/"]}]},{"@type":"BreadcrumbList","@id":"https:\/\/www.urlaubcornwall.de\/blog\/ferienhaus-brighton-pelham-boutique-house\/#breadcrumb","itemListElement":[{"@type":"ListItem","position":1,"name":"Home","item":"https:\/\/www.urlaubcornwall.de\/blog\/"},{"@type":"ListItem","position":2,"name":"Ferienhaus Brighton &#8211; Pelham Boutique House"}]}]}},"_links":{"self":[{"href":"https:\/\/www.urlaubcornwall.de\/blog\/wp-json\/wp\/v2\/pages\/15687"}],"collection":[{"href":"https:\/\/www.urlaubcornwall.de\/blog\/wp-json\/wp\/v2\/pages"}],"about":[{"href":"https:\/\/www.urlaubcornwall.de\/blog\/wp-json\/wp\/v2\/types\/page"}],"author":[{"embeddable":true,"href":"https:\/\/www.urlaubcornwall.de\/blog\/wp-json\/wp\/v2\/users\/1"}],"replies":[{"embeddable":true,"href":"https:\/\/www.urlaubcornwall.de\/blog\/wp-json\/wp\/v2\/comments?post=15687"}],"version-history":[{"count":14,"href":"https:\/\/www.urlaubcornwall.de\/blog\/wp-json\/wp\/v2\/pages\/15687\/revisions"}],"predecessor-version":[{"id":36587,"href":"https:\/\/www.urlaubcornwall.de\/blog\/wp-json\/wp\/v2\/pages\/15687\/revisions\/36587"}],"wp:attachment":[{"href":"https:\/\/www.urlaubcornwall.de\/blog\/wp-json\/wp\/v2\/media?parent=15687"}],"curies":[{"name":"wp","href":"https:\/\/api.w.org\/{rel}","templated":true}]}}