{"id":15667,"date":"2014-06-09T08:40:16","date_gmt":"2014-06-09T08:40:16","guid":{"rendered":"https:\/\/www.urlaubcornwall.de\/blog\/?page_id=15667"},"modified":"2021-08-31T14:37:33","modified_gmt":"2021-08-31T14:37:33","slug":"ferienhaus-polzeath-krowji","status":"publish","type":"page","link":"https:\/\/www.urlaubcornwall.de\/blog\/ferienhaus-polzeath-krowji\/","title":{"rendered":"Ferienhaus Polzeath am Meer &#8211; Krowji"},"content":{"rendered":"<p><strong>2 Schlafzimmer, Schlafplatz f\u00fcr 4 + Kinderbett , leider keine Haustiere erlaubt, Ferienhaus mit Meerblick Polzeath, Nordk\u00fcste Cornwall. <\/strong><\/p>\n<p>Eine Strandh\u00fctte am Meer ist genau, was Krowji darstellt, und welch ein Strand! Polzeath verf\u00fcgt \u00fcber alles: Surfm\u00f6glichkeit, einen kilometerlangen Sandstrand, die M\u00f6glichkeit, Kaurischnecken zu sammeln, trendige L\u00e4den, eine Vielfalt an Restaurants und einige der sch\u00f6nsten K\u00fcstenabschnitte, die Cornwall zu bieten hat.<\/p>\n<p style=\"text-align: center;\"><a class=\"tidycta\" href=\"https:\/\/www.urlaubcornwall.de\/ferienhaeuser-fewos\/polzeath.html\"><\/a>Suche Ferienh\u00e4user Polzeath<\/p>\n<p>Diese frei stehende, charmante, malerische, kleine, ebenerdige Unterkunft wurde mit Sorgfalt restauriert. Eine Mischung aus nautischen Themen, eine besondere Auswahl an Stoffen und sch\u00f6nen Einrichtungsgegenst\u00e4nden sorgen f\u00fcr eine entspannende Atmosph\u00e4re, die Sie von einer Unterkunft am Meer erwarten w\u00fcrden.<\/p>\n<p>In den 1930ern erbaut, f\u00fcgt sich Krowji in seine Nachbarunterk\u00fcnfte ein und bietet hervorragenden Meeresblick, einen w\u00e4rmenden Holzofen f\u00fcr die k\u00fchleren Tage und einen gro\u00dfartigen Wintergarten, von dem aus Sie die faszinierenden Sonnenunterg\u00e4nge betrachten und den Wellen zusehen k\u00f6nnen! Schnappen Sie sich also Ihre Flipflops und Schwimmsachen, Ihre Surfbretter oder Paddelbretter und erfahren Sie einen der entspannendsten Urlaube am Meer \u00fcberhaupt! Bitte beachten Sie, dass die en-suite Dusche von Schlafzimmer 1 eine H\u00f6he von lediglich 6ft hat, und das Doppelbett kann nur von einer Seite aus erreicht werden.<\/p>\n<p><strong>M\u00f6glichkeiten &amp; Dienstleistungen<\/strong><\/p>\n<p>einschlie\u00dflich Gasheizung \u2013 Gaszentralheizung, Kinderreisebett, WiFi<\/p>\n<p><strong>Verschiedenes<\/strong><\/p>\n<p>\u2022 private Parkm\u00f6glichkeit f\u00fcr 2 Autos<br \/>\n\u2022 Gartenm\u00f6bel<br \/>\n\u2022 Einkaufsm\u00f6glichkeit 300m<br \/>\n\u2022 Kneipe 300m.<br \/>\n\u2022 \u00f6ffentliche Telefonzelle 300m<br \/>\n\u2022 Nichtraucher<br \/>\n\u2022 leider keine Tiere erlaubt<br \/>\n\u2022 Ankunft\/Abreise Freitag<\/p>\n<p style=\"text-align: center;\"><a class=\"tidycta\" href=\"https:\/\/www.urlaubcornwall.de\/ferienhaeuser-fewos\/polzeath.html\"><\/a>Suche Ferienh\u00e4user Polzeath<\/p>\n","protected":false},"excerpt":{"rendered":"<p>2 Schlafzimmer, Schlafplatz f\u00fcr 4 + Kinderbett , leider keine Haustiere erlaubt, Ferienhaus mit Meerblick Polzeath, Nordk\u00fcste Cornwall. Eine Strandh\u00fctte am Meer ist genau, was Krowji darstellt, und welch ein Strand! Polzeath verf\u00fcgt \u00fcber alles: Surfm\u00f6glichkeit, einen kilometerlangen Sandstrand, die M\u00f6glichkeit, Kaurischnecken zu sammeln, trendige L\u00e4den, eine Vielfalt an Restaurants und einige der sch\u00f6nsten K\u00fcstenabschnitte, [&hellip;]<\/p>\n","protected":false},"author":1,"featured_media":0,"parent":0,"menu_order":0,"comment_status":"closed","ping_status":"closed","template":"single-two.php","meta":[],"acf":[],"yoast_head":"<!-- This site is optimized with the Yoast SEO plugin v19.4 - https:\/\/yoast.com\/wordpress\/plugins\/seo\/ -->\n<title>Ferienhaus Polzeath am Meer - Krowji - Urlaub &amp; Reisen<\/title>\n<meta name=\"robots\" content=\"index, follow, max-snippet:-1, max-image-preview:large, max-video-preview:-1\" \/>\n<link rel=\"canonical\" href=\"https:\/\/www.urlaubcornwall.de\/blog\/ferienhaus-polzeath-krowji\/\" \/>\n<meta property=\"og:locale\" content=\"en_US\" \/>\n<meta property=\"og:type\" content=\"article\" \/>\n<meta property=\"og:title\" content=\"Ferienhaus Polzeath am Meer - Krowji - Urlaub &amp; Reisen\" \/>\n<meta property=\"og:description\" content=\"2 Schlafzimmer, Schlafplatz f\u00fcr 4 + Kinderbett , leider keine Haustiere erlaubt, Ferienhaus mit Meerblick Polzeath, Nordk\u00fcste Cornwall. Eine Strandh\u00fctte am Meer ist genau, was Krowji darstellt, und welch ein Strand! Polzeath verf\u00fcgt \u00fcber alles: Surfm\u00f6glichkeit, einen kilometerlangen Sandstrand, die M\u00f6glichkeit, Kaurischnecken zu sammeln, trendige L\u00e4den, eine Vielfalt an Restaurants und einige der sch\u00f6nsten K\u00fcstenabschnitte, [&hellip;]\" \/>\n<meta property=\"og:url\" content=\"https:\/\/www.urlaubcornwall.de\/blog\/ferienhaus-polzeath-krowji\/\" \/>\n<meta property=\"og:site_name\" content=\"Urlaub &amp; Reisen\" \/>\n<meta property=\"article:modified_time\" content=\"2021-08-31T14:37:33+00:00\" \/>\n<meta name=\"twitter:card\" content=\"summary\" \/>\n<meta name=\"twitter:label1\" content=\"Est. reading time\" \/>\n\t<meta name=\"twitter:data1\" content=\"1 minute\" \/>\n<script type=\"application\/ld+json\" class=\"yoast-schema-graph\">{\"@context\":\"https:\/\/schema.org\",\"@graph\":[{\"@type\":\"WebSite\",\"@id\":\"https:\/\/www.urlaubcornwall.de\/blog\/#website\",\"url\":\"https:\/\/www.urlaubcornwall.de\/blog\/\",\"name\":\"Urlaub &amp; Reisen\",\"description\":\"Urlaub, Reisen, Cornwall und S\u00fcdengland: eine perfekte Kombination\",\"potentialAction\":[{\"@type\":\"SearchAction\",\"target\":{\"@type\":\"EntryPoint\",\"urlTemplate\":\"https:\/\/www.urlaubcornwall.de\/blog\/?s={search_term_string}\"},\"query-input\":\"required name=search_term_string\"}],\"inLanguage\":\"en-US\"},{\"@type\":\"WebPage\",\"@id\":\"https:\/\/www.urlaubcornwall.de\/blog\/ferienhaus-polzeath-krowji\/\",\"url\":\"https:\/\/www.urlaubcornwall.de\/blog\/ferienhaus-polzeath-krowji\/\",\"name\":\"Ferienhaus Polzeath am Meer - Krowji - Urlaub &amp; Reisen\",\"isPartOf\":{\"@id\":\"https:\/\/www.urlaubcornwall.de\/blog\/#website\"},\"datePublished\":\"2014-06-09T08:40:16+00:00\",\"dateModified\":\"2021-08-31T14:37:33+00:00\",\"breadcrumb\":{\"@id\":\"https:\/\/www.urlaubcornwall.de\/blog\/ferienhaus-polzeath-krowji\/#breadcrumb\"},\"inLanguage\":\"en-US\",\"potentialAction\":[{\"@type\":\"ReadAction\",\"target\":[\"https:\/\/www.urlaubcornwall.de\/blog\/ferienhaus-polzeath-krowji\/\"]}]},{\"@type\":\"BreadcrumbList\",\"@id\":\"https:\/\/www.urlaubcornwall.de\/blog\/ferienhaus-polzeath-krowji\/#breadcrumb\",\"itemListElement\":[{\"@type\":\"ListItem\",\"position\":1,\"name\":\"Home\",\"item\":\"https:\/\/www.urlaubcornwall.de\/blog\/\"},{\"@type\":\"ListItem\",\"position\":2,\"name\":\"Ferienhaus Polzeath am Meer &#8211; Krowji\"}]}]}<\/script>\n<!-- \/ Yoast SEO plugin. -->","yoast_head_json":{"title":"Ferienhaus Polzeath am Meer - Krowji - Urlaub &amp; Reisen","robots":{"index":"index","follow":"follow","max-snippet":"max-snippet:-1","max-image-preview":"max-image-preview:large","max-video-preview":"max-video-preview:-1"},"canonical":"https:\/\/www.urlaubcornwall.de\/blog\/ferienhaus-polzeath-krowji\/","og_locale":"en_US","og_type":"article","og_title":"Ferienhaus Polzeath am Meer - Krowji - Urlaub &amp; Reisen","og_description":"2 Schlafzimmer, Schlafplatz f\u00fcr 4 + Kinderbett , leider keine Haustiere erlaubt, Ferienhaus mit Meerblick Polzeath, Nordk\u00fcste Cornwall. Eine Strandh\u00fctte am Meer ist genau, was Krowji darstellt, und welch ein Strand! Polzeath verf\u00fcgt \u00fcber alles: Surfm\u00f6glichkeit, einen kilometerlangen Sandstrand, die M\u00f6glichkeit, Kaurischnecken zu sammeln, trendige L\u00e4den, eine Vielfalt an Restaurants und einige der sch\u00f6nsten K\u00fcstenabschnitte, [&hellip;]","og_url":"https:\/\/www.urlaubcornwall.de\/blog\/ferienhaus-polzeath-krowji\/","og_site_name":"Urlaub &amp; Reisen","article_modified_time":"2021-08-31T14:37:33+00:00","twitter_card":"summary","twitter_misc":{"Est. reading time":"1 minute"},"schema":{"@context":"https:\/\/schema.org","@graph":[{"@type":"WebSite","@id":"https:\/\/www.urlaubcornwall.de\/blog\/#website","url":"https:\/\/www.urlaubcornwall.de\/blog\/","name":"Urlaub &amp; Reisen","description":"Urlaub, Reisen, Cornwall und S\u00fcdengland: eine perfekte Kombination","potentialAction":[{"@type":"SearchAction","target":{"@type":"EntryPoint","urlTemplate":"https:\/\/www.urlaubcornwall.de\/blog\/?s={search_term_string}"},"query-input":"required name=search_term_string"}],"inLanguage":"en-US"},{"@type":"WebPage","@id":"https:\/\/www.urlaubcornwall.de\/blog\/ferienhaus-polzeath-krowji\/","url":"https:\/\/www.urlaubcornwall.de\/blog\/ferienhaus-polzeath-krowji\/","name":"Ferienhaus Polzeath am Meer - Krowji - Urlaub &amp; Reisen","isPartOf":{"@id":"https:\/\/www.urlaubcornwall.de\/blog\/#website"},"datePublished":"2014-06-09T08:40:16+00:00","dateModified":"2021-08-31T14:37:33+00:00","breadcrumb":{"@id":"https:\/\/www.urlaubcornwall.de\/blog\/ferienhaus-polzeath-krowji\/#breadcrumb"},"inLanguage":"en-US","potentialAction":[{"@type":"ReadAction","target":["https:\/\/www.urlaubcornwall.de\/blog\/ferienhaus-polzeath-krowji\/"]}]},{"@type":"BreadcrumbList","@id":"https:\/\/www.urlaubcornwall.de\/blog\/ferienhaus-polzeath-krowji\/#breadcrumb","itemListElement":[{"@type":"ListItem","position":1,"name":"Home","item":"https:\/\/www.urlaubcornwall.de\/blog\/"},{"@type":"ListItem","position":2,"name":"Ferienhaus Polzeath am Meer &#8211; Krowji"}]}]}},"_links":{"self":[{"href":"https:\/\/www.urlaubcornwall.de\/blog\/wp-json\/wp\/v2\/pages\/15667"}],"collection":[{"href":"https:\/\/www.urlaubcornwall.de\/blog\/wp-json\/wp\/v2\/pages"}],"about":[{"href":"https:\/\/www.urlaubcornwall.de\/blog\/wp-json\/wp\/v2\/types\/page"}],"author":[{"embeddable":true,"href":"https:\/\/www.urlaubcornwall.de\/blog\/wp-json\/wp\/v2\/users\/1"}],"replies":[{"embeddable":true,"href":"https:\/\/www.urlaubcornwall.de\/blog\/wp-json\/wp\/v2\/comments?post=15667"}],"version-history":[{"count":6,"href":"https:\/\/www.urlaubcornwall.de\/blog\/wp-json\/wp\/v2\/pages\/15667\/revisions"}],"predecessor-version":[{"id":42360,"href":"https:\/\/www.urlaubcornwall.de\/blog\/wp-json\/wp\/v2\/pages\/15667\/revisions\/42360"}],"wp:attachment":[{"href":"https:\/\/www.urlaubcornwall.de\/blog\/wp-json\/wp\/v2\/media?parent=15667"}],"curies":[{"name":"wp","href":"https:\/\/api.w.org\/{rel}","templated":true}]}}