{"id":15656,"date":"2014-06-09T08:29:04","date_gmt":"2014-06-09T08:29:04","guid":{"rendered":"https:\/\/www.urlaubcornwall.de\/blog\/?page_id=15656"},"modified":"2021-09-02T08:41:18","modified_gmt":"2021-09-02T08:41:18","slug":"ferienhaus-dorchester-the-old-coach-house","status":"publish","type":"page","link":"https:\/\/www.urlaubcornwall.de\/blog\/ferienhaus-dorchester-the-old-coach-house\/","title":{"rendered":"Ferienhaus Dorchester &#8211; The Old Coach House"},"content":{"rendered":"<p><strong>2 Schlafzimmer, Schlafplatz f\u00fcr 4 + Kinderbett , leider keine Haustiere erlaubt, Ferienhaus 14.8 Kilometer NO von Dorchester, Dorset. <\/strong><\/p>\n<p>Dieses h\u00fcbsche, frei stehende, ehemalige Kutschenhaus befindet sich auf einem H\u00fcgel im wundersch\u00f6nen l\u00e4ndlichen <a href=\"https:\/\/www.urlaubcornwall.de\/ferienhaeuser-fewos\/eng\/dorset\/dorset.html\">Dorset<\/a> in leichter Erreichbarkeit der atemberaubenden Jurak\u00fcste, die zum Weltkulturerbe z\u00e4hlt.<\/p>\n<p style=\"text-align: center;\"><a class=\"tidycta\" href=\"https:\/\/www.urlaubcornwall.de\/ferienhaeuser-fewos\/eng\/dorset\/dorchester.html\">Suche Ferienh\u00e4user Dorchester<\/a><\/p>\n<p>Das Old Coach House besticht mit einem ger\u00e4umigen, hellen und einladenden Inneren und \u00f6ffnet sich hin zu einem wahrhaft gro\u00dfen und privat umgrenzten Garten. Ein Terrakotta gefliester Boden erstreckt sich von der gut ausgestatteten K\u00fcche hin zum Wohn-\/Essbereich mit seinem w\u00e4rmenden Holzofen, der somit dieses Geb\u00e4ude das ganze Jahr \u00fcber f\u00fcr Urlauber geeignet sein l\u00e4sst.<\/p>\n<p>Im Obergeschoss haben beide Schlafzimmer Blick \u00fcber den Garten, wo G\u00e4ste Ruhe und Frieden der lieblichen Umgebung genie\u00dfen k\u00f6nnen, sowie einen weit reichenden Blick durch ein kleines W\u00e4ldchen \u00fcber das Tal hinweg. Direkt vor der Haust\u00fcre befinden sich friedvolle Spazierwege, h\u00fcbsche D\u00f6rfer, die es zu entdecken gilt und, besonders wichtig, einen Fu\u00dfmarsch entfernt, eine bekannte Ortskneipe. *Ein Kinderreisebett kann nicht zur Verf\u00fcgung gestellt werden. Bringen Sie bitte Ihr eigenes mit.<\/p>\n<p><strong>M\u00f6glichkeiten &amp; Dienstleistungen<\/strong><\/p>\n<p>einschlie\u00dflich Gasheizung \u2013 Gaszentralheizung, Kinderreisebett, WiFi<\/p>\n<p><strong>Verschiedenes<\/strong><\/p>\n<p>\u2022 Private Parkm\u00f6glichkeit f\u00fcr 2 Autos<br \/>\n\u2022 Gartenm\u00f6bel<br \/>\n\u2022 Einkaufsm\u00f6glichkeit 200m<br \/>\n\u2022 Kneipe 200m.<br \/>\n\u2022 \u00f6ffentliche Telefonzelle 300m<br \/>\n\u2022 Nichtraucher<br \/>\n\u2022 leider keine Tiere erlaubt<br \/>\n\u2022 Ankunft\/Abreise Freitag<\/p>\n<p style=\"text-align: center;\"><a class=\"tidycta\" href=\"https:\/\/www.urlaubcornwall.de\/ferienhaeuser-fewos\/eng\/dorset\/dorchester.html\">Suche Ferienh\u00e4user Dorchester<\/a><\/p>\n<p><strong>Um UrlaubCornwall.de einzigartige Kollektion nach Ihrem idealen Ferienhaus zu durchsuchen.<\/strong> <a href=\"https:\/\/www.urlaubcornwall.de\/ferienhaeuser.php\"><span style=\"text-decoration: underline;\"><strong>Klicken Sie hier<\/strong><\/span><strong> &gt;&gt;<\/strong><\/a><\/p>\n","protected":false},"excerpt":{"rendered":"<p>2 Schlafzimmer, Schlafplatz f\u00fcr 4 + Kinderbett , leider keine Haustiere erlaubt, Ferienhaus 14.8 Kilometer NO von Dorchester, Dorset. Dieses h\u00fcbsche, frei stehende, ehemalige Kutschenhaus befindet sich auf einem H\u00fcgel im wundersch\u00f6nen l\u00e4ndlichen Dorset in leichter Erreichbarkeit der atemberaubenden Jurak\u00fcste, die zum Weltkulturerbe z\u00e4hlt. Suche Ferienh\u00e4user Dorchester Das Old Coach House besticht mit einem ger\u00e4umigen, [&hellip;]<\/p>\n","protected":false},"author":1,"featured_media":0,"parent":0,"menu_order":0,"comment_status":"closed","ping_status":"closed","template":"single-two.php","meta":[],"acf":[],"yoast_head":"<!-- This site is optimized with the Yoast SEO plugin v19.4 - https:\/\/yoast.com\/wordpress\/plugins\/seo\/ -->\n<title>Ferienhaus Dorchester - The Old Coach House - Urlaub &amp; Reisen<\/title>\n<meta name=\"robots\" content=\"index, follow, max-snippet:-1, max-image-preview:large, max-video-preview:-1\" \/>\n<link rel=\"canonical\" href=\"https:\/\/www.urlaubcornwall.de\/blog\/ferienhaus-dorchester-the-old-coach-house\/\" \/>\n<meta property=\"og:locale\" content=\"en_US\" \/>\n<meta property=\"og:type\" content=\"article\" \/>\n<meta property=\"og:title\" content=\"Ferienhaus Dorchester - The Old Coach House - Urlaub &amp; Reisen\" \/>\n<meta property=\"og:description\" content=\"2 Schlafzimmer, Schlafplatz f\u00fcr 4 + Kinderbett , leider keine Haustiere erlaubt, Ferienhaus 14.8 Kilometer NO von Dorchester, Dorset. Dieses h\u00fcbsche, frei stehende, ehemalige Kutschenhaus befindet sich auf einem H\u00fcgel im wundersch\u00f6nen l\u00e4ndlichen Dorset in leichter Erreichbarkeit der atemberaubenden Jurak\u00fcste, die zum Weltkulturerbe z\u00e4hlt. Suche Ferienh\u00e4user Dorchester Das Old Coach House besticht mit einem ger\u00e4umigen, [&hellip;]\" \/>\n<meta property=\"og:url\" content=\"https:\/\/www.urlaubcornwall.de\/blog\/ferienhaus-dorchester-the-old-coach-house\/\" \/>\n<meta property=\"og:site_name\" content=\"Urlaub &amp; Reisen\" \/>\n<meta property=\"article:modified_time\" content=\"2021-09-02T08:41:18+00:00\" \/>\n<meta name=\"twitter:card\" content=\"summary\" \/>\n<meta name=\"twitter:label1\" content=\"Est. reading time\" \/>\n\t<meta name=\"twitter:data1\" content=\"1 minute\" \/>\n<script type=\"application\/ld+json\" class=\"yoast-schema-graph\">{\"@context\":\"https:\/\/schema.org\",\"@graph\":[{\"@type\":\"WebSite\",\"@id\":\"https:\/\/www.urlaubcornwall.de\/blog\/#website\",\"url\":\"https:\/\/www.urlaubcornwall.de\/blog\/\",\"name\":\"Urlaub &amp; Reisen\",\"description\":\"Urlaub, Reisen, Cornwall und S\u00fcdengland: eine perfekte Kombination\",\"potentialAction\":[{\"@type\":\"SearchAction\",\"target\":{\"@type\":\"EntryPoint\",\"urlTemplate\":\"https:\/\/www.urlaubcornwall.de\/blog\/?s={search_term_string}\"},\"query-input\":\"required name=search_term_string\"}],\"inLanguage\":\"en-US\"},{\"@type\":\"WebPage\",\"@id\":\"https:\/\/www.urlaubcornwall.de\/blog\/ferienhaus-dorchester-the-old-coach-house\/\",\"url\":\"https:\/\/www.urlaubcornwall.de\/blog\/ferienhaus-dorchester-the-old-coach-house\/\",\"name\":\"Ferienhaus Dorchester - The Old Coach House - Urlaub &amp; Reisen\",\"isPartOf\":{\"@id\":\"https:\/\/www.urlaubcornwall.de\/blog\/#website\"},\"datePublished\":\"2014-06-09T08:29:04+00:00\",\"dateModified\":\"2021-09-02T08:41:18+00:00\",\"breadcrumb\":{\"@id\":\"https:\/\/www.urlaubcornwall.de\/blog\/ferienhaus-dorchester-the-old-coach-house\/#breadcrumb\"},\"inLanguage\":\"en-US\",\"potentialAction\":[{\"@type\":\"ReadAction\",\"target\":[\"https:\/\/www.urlaubcornwall.de\/blog\/ferienhaus-dorchester-the-old-coach-house\/\"]}]},{\"@type\":\"BreadcrumbList\",\"@id\":\"https:\/\/www.urlaubcornwall.de\/blog\/ferienhaus-dorchester-the-old-coach-house\/#breadcrumb\",\"itemListElement\":[{\"@type\":\"ListItem\",\"position\":1,\"name\":\"Home\",\"item\":\"https:\/\/www.urlaubcornwall.de\/blog\/\"},{\"@type\":\"ListItem\",\"position\":2,\"name\":\"Ferienhaus Dorchester &#8211; The Old Coach House\"}]}]}<\/script>\n<!-- \/ Yoast SEO plugin. -->","yoast_head_json":{"title":"Ferienhaus Dorchester - The Old Coach House - Urlaub &amp; Reisen","robots":{"index":"index","follow":"follow","max-snippet":"max-snippet:-1","max-image-preview":"max-image-preview:large","max-video-preview":"max-video-preview:-1"},"canonical":"https:\/\/www.urlaubcornwall.de\/blog\/ferienhaus-dorchester-the-old-coach-house\/","og_locale":"en_US","og_type":"article","og_title":"Ferienhaus Dorchester - The Old Coach House - Urlaub &amp; Reisen","og_description":"2 Schlafzimmer, Schlafplatz f\u00fcr 4 + Kinderbett , leider keine Haustiere erlaubt, Ferienhaus 14.8 Kilometer NO von Dorchester, Dorset. Dieses h\u00fcbsche, frei stehende, ehemalige Kutschenhaus befindet sich auf einem H\u00fcgel im wundersch\u00f6nen l\u00e4ndlichen Dorset in leichter Erreichbarkeit der atemberaubenden Jurak\u00fcste, die zum Weltkulturerbe z\u00e4hlt. Suche Ferienh\u00e4user Dorchester Das Old Coach House besticht mit einem ger\u00e4umigen, [&hellip;]","og_url":"https:\/\/www.urlaubcornwall.de\/blog\/ferienhaus-dorchester-the-old-coach-house\/","og_site_name":"Urlaub &amp; Reisen","article_modified_time":"2021-09-02T08:41:18+00:00","twitter_card":"summary","twitter_misc":{"Est. reading time":"1 minute"},"schema":{"@context":"https:\/\/schema.org","@graph":[{"@type":"WebSite","@id":"https:\/\/www.urlaubcornwall.de\/blog\/#website","url":"https:\/\/www.urlaubcornwall.de\/blog\/","name":"Urlaub &amp; Reisen","description":"Urlaub, Reisen, Cornwall und S\u00fcdengland: eine perfekte Kombination","potentialAction":[{"@type":"SearchAction","target":{"@type":"EntryPoint","urlTemplate":"https:\/\/www.urlaubcornwall.de\/blog\/?s={search_term_string}"},"query-input":"required name=search_term_string"}],"inLanguage":"en-US"},{"@type":"WebPage","@id":"https:\/\/www.urlaubcornwall.de\/blog\/ferienhaus-dorchester-the-old-coach-house\/","url":"https:\/\/www.urlaubcornwall.de\/blog\/ferienhaus-dorchester-the-old-coach-house\/","name":"Ferienhaus Dorchester - The Old Coach House - Urlaub &amp; Reisen","isPartOf":{"@id":"https:\/\/www.urlaubcornwall.de\/blog\/#website"},"datePublished":"2014-06-09T08:29:04+00:00","dateModified":"2021-09-02T08:41:18+00:00","breadcrumb":{"@id":"https:\/\/www.urlaubcornwall.de\/blog\/ferienhaus-dorchester-the-old-coach-house\/#breadcrumb"},"inLanguage":"en-US","potentialAction":[{"@type":"ReadAction","target":["https:\/\/www.urlaubcornwall.de\/blog\/ferienhaus-dorchester-the-old-coach-house\/"]}]},{"@type":"BreadcrumbList","@id":"https:\/\/www.urlaubcornwall.de\/blog\/ferienhaus-dorchester-the-old-coach-house\/#breadcrumb","itemListElement":[{"@type":"ListItem","position":1,"name":"Home","item":"https:\/\/www.urlaubcornwall.de\/blog\/"},{"@type":"ListItem","position":2,"name":"Ferienhaus Dorchester &#8211; The Old Coach House"}]}]}},"_links":{"self":[{"href":"https:\/\/www.urlaubcornwall.de\/blog\/wp-json\/wp\/v2\/pages\/15656"}],"collection":[{"href":"https:\/\/www.urlaubcornwall.de\/blog\/wp-json\/wp\/v2\/pages"}],"about":[{"href":"https:\/\/www.urlaubcornwall.de\/blog\/wp-json\/wp\/v2\/types\/page"}],"author":[{"embeddable":true,"href":"https:\/\/www.urlaubcornwall.de\/blog\/wp-json\/wp\/v2\/users\/1"}],"replies":[{"embeddable":true,"href":"https:\/\/www.urlaubcornwall.de\/blog\/wp-json\/wp\/v2\/comments?post=15656"}],"version-history":[{"count":4,"href":"https:\/\/www.urlaubcornwall.de\/blog\/wp-json\/wp\/v2\/pages\/15656\/revisions"}],"predecessor-version":[{"id":42387,"href":"https:\/\/www.urlaubcornwall.de\/blog\/wp-json\/wp\/v2\/pages\/15656\/revisions\/42387"}],"wp:attachment":[{"href":"https:\/\/www.urlaubcornwall.de\/blog\/wp-json\/wp\/v2\/media?parent=15656"}],"curies":[{"name":"wp","href":"https:\/\/api.w.org\/{rel}","templated":true}]}}