{"id":15646,"date":"2014-06-08T15:48:15","date_gmt":"2014-06-08T15:48:15","guid":{"rendered":"https:\/\/www.urlaubcornwall.de\/blog\/?page_id=15646"},"modified":"2021-09-02T08:39:01","modified_gmt":"2021-09-02T08:39:01","slug":"ferienhaus-weymouth-the-stables","status":"publish","type":"page","link":"https:\/\/www.urlaubcornwall.de\/blog\/ferienhaus-weymouth-the-stables\/","title":{"rendered":"Ferienhaus Weymouth &#8211; The Stables"},"content":{"rendered":"<p><strong>1 Schlafzimmer, Schlafplatz f\u00fcr 2 + Kinderbett , leider keine Haustiere erlaubt, Ferienhaus 15 Kilometer N von Weymouth, Dorset<\/strong><\/p>\n<p>Die atemberaubende Jurak\u00fcste, die zum Weltkulturerbe z\u00e4hlt, befindet sich eine kurze Autofahrt entfernt von diesem komfortabel eingerichteten, ebenerdig umgebauten Pferdestall. Im Herzen von Thomas Hardys Dorset gelegen, in der N\u00e4he der Marktstadt Dorchester mit herrlichem Wald, Seen und Fl\u00fcssen, ist dieses Ferienhaus perfekt f\u00fcr friedvolle Ferien oder Wanderurlaub.<\/p>\n<p style=\"text-align: center;\"><a class=\"tidycta\" href=\"https:\/\/www.urlaubcornwall.de\/ferienhaeuser-fewos\/eng\/dorset\/weymouth.html\">Suche Ferienh\u00e4user Weymouth<\/a><\/p>\n<p>The Stables befindet sich auf dem Grundst\u00fcck des Zuhauses des Besitzers, v\u00f6llig unabh\u00e4ngig mit seinem eigenen, absolut abgeschiedenen, gro\u00dfen, nach Westen hin gelegenen Garten, der sich anbietet, einen entspannenden Morgenkaffee einzunehmen oder ein abendliches Grillmen\u00fc zu genie\u00dfen.<\/p>\n<p>Die Eingangshalle bietet Zugang zum en-suite Schlafzimmer zur rechten Seite hin, und zur linken Seite hin hat das komfortable Wohnzimmer kabellosen Breitbandzugang. Die franz\u00f6sischen Fenster \u00f6ffnen sich zum Garten hin.<\/p>\n<p><strong>M\u00f6glichkeiten &amp; Dienstleistungen<\/strong><\/p>\n<p>einschlie\u00dflich Gasheizung \u2013 Gaszentralheizung, Kinderreisebett, WiFi<\/p>\n<p><strong>Verschiedenes<\/strong><\/p>\n<p>\u2022 private Parkm\u00f6glichkeit f\u00fcr 2 Autos<br \/>\n\u2022 Gartenm\u00f6bel und Grill<br \/>\n\u2022 Einkaufsm\u00f6glichkeit 3km<br \/>\n\u2022 Kneipe 3km.<br \/>\n\u2022 \u00f6ffentliche Telefonzelle 3km<br \/>\n\u2022 Nichtraucher<br \/>\n\u2022 leider keine Tiere erlaubt<br \/>\n\u2022 Ankunft\/Abreise Freitag<\/p>\n<p style=\"text-align: center;\"><a class=\"tidycta\" href=\"https:\/\/www.urlaubcornwall.de\/ferienhaeuser-fewos\/eng\/dorset\/weymouth.html\">Suche Ferienh\u00e4user Weymouth<\/a><\/p>\n<p><strong>Um UrlaubCornwall.de einzigartige Kollektion nach Ihrem idealen Ferienhaus zu durchsuchen.<\/strong> <a href=\"https:\/\/www.urlaubcornwall.de\/ferienhaeuser.php\"><span style=\"text-decoration: underline;\"><strong>Klicken Sie hier<\/strong><\/span><strong> &gt;&gt;<\/strong><\/a><\/p>\n","protected":false},"excerpt":{"rendered":"<p>1 Schlafzimmer, Schlafplatz f\u00fcr 2 + Kinderbett , leider keine Haustiere erlaubt, Ferienhaus 15 Kilometer N von Weymouth, Dorset Die atemberaubende Jurak\u00fcste, die zum Weltkulturerbe z\u00e4hlt, befindet sich eine kurze Autofahrt entfernt von diesem komfortabel eingerichteten, ebenerdig umgebauten Pferdestall. Im Herzen von Thomas Hardys Dorset gelegen, in der N\u00e4he der Marktstadt Dorchester mit herrlichem Wald, [&hellip;]<\/p>\n","protected":false},"author":1,"featured_media":0,"parent":0,"menu_order":0,"comment_status":"closed","ping_status":"closed","template":"single-two.php","meta":[],"acf":[],"yoast_head":"<!-- This site is optimized with the Yoast SEO plugin v19.4 - https:\/\/yoast.com\/wordpress\/plugins\/seo\/ -->\n<title>Ferienhaus Weymouth - The Stables - Urlaub &amp; Reisen<\/title>\n<meta name=\"robots\" content=\"index, follow, max-snippet:-1, max-image-preview:large, max-video-preview:-1\" \/>\n<link rel=\"canonical\" href=\"https:\/\/www.urlaubcornwall.de\/blog\/ferienhaus-weymouth-the-stables\/\" \/>\n<meta property=\"og:locale\" content=\"en_US\" \/>\n<meta property=\"og:type\" content=\"article\" \/>\n<meta property=\"og:title\" content=\"Ferienhaus Weymouth - The Stables - Urlaub &amp; Reisen\" \/>\n<meta property=\"og:description\" content=\"1 Schlafzimmer, Schlafplatz f\u00fcr 2 + Kinderbett , leider keine Haustiere erlaubt, Ferienhaus 15 Kilometer N von Weymouth, Dorset Die atemberaubende Jurak\u00fcste, die zum Weltkulturerbe z\u00e4hlt, befindet sich eine kurze Autofahrt entfernt von diesem komfortabel eingerichteten, ebenerdig umgebauten Pferdestall. Im Herzen von Thomas Hardys Dorset gelegen, in der N\u00e4he der Marktstadt Dorchester mit herrlichem Wald, [&hellip;]\" \/>\n<meta property=\"og:url\" content=\"https:\/\/www.urlaubcornwall.de\/blog\/ferienhaus-weymouth-the-stables\/\" \/>\n<meta property=\"og:site_name\" content=\"Urlaub &amp; Reisen\" \/>\n<meta property=\"article:modified_time\" content=\"2021-09-02T08:39:01+00:00\" \/>\n<meta name=\"twitter:card\" content=\"summary\" \/>\n<meta name=\"twitter:label1\" content=\"Est. reading time\" \/>\n\t<meta name=\"twitter:data1\" content=\"1 minute\" \/>\n<script type=\"application\/ld+json\" class=\"yoast-schema-graph\">{\"@context\":\"https:\/\/schema.org\",\"@graph\":[{\"@type\":\"WebSite\",\"@id\":\"https:\/\/www.urlaubcornwall.de\/blog\/#website\",\"url\":\"https:\/\/www.urlaubcornwall.de\/blog\/\",\"name\":\"Urlaub &amp; Reisen\",\"description\":\"Urlaub, Reisen, Cornwall und S\u00fcdengland: eine perfekte Kombination\",\"potentialAction\":[{\"@type\":\"SearchAction\",\"target\":{\"@type\":\"EntryPoint\",\"urlTemplate\":\"https:\/\/www.urlaubcornwall.de\/blog\/?s={search_term_string}\"},\"query-input\":\"required name=search_term_string\"}],\"inLanguage\":\"en-US\"},{\"@type\":\"WebPage\",\"@id\":\"https:\/\/www.urlaubcornwall.de\/blog\/ferienhaus-weymouth-the-stables\/\",\"url\":\"https:\/\/www.urlaubcornwall.de\/blog\/ferienhaus-weymouth-the-stables\/\",\"name\":\"Ferienhaus Weymouth - The Stables - Urlaub &amp; Reisen\",\"isPartOf\":{\"@id\":\"https:\/\/www.urlaubcornwall.de\/blog\/#website\"},\"datePublished\":\"2014-06-08T15:48:15+00:00\",\"dateModified\":\"2021-09-02T08:39:01+00:00\",\"breadcrumb\":{\"@id\":\"https:\/\/www.urlaubcornwall.de\/blog\/ferienhaus-weymouth-the-stables\/#breadcrumb\"},\"inLanguage\":\"en-US\",\"potentialAction\":[{\"@type\":\"ReadAction\",\"target\":[\"https:\/\/www.urlaubcornwall.de\/blog\/ferienhaus-weymouth-the-stables\/\"]}]},{\"@type\":\"BreadcrumbList\",\"@id\":\"https:\/\/www.urlaubcornwall.de\/blog\/ferienhaus-weymouth-the-stables\/#breadcrumb\",\"itemListElement\":[{\"@type\":\"ListItem\",\"position\":1,\"name\":\"Home\",\"item\":\"https:\/\/www.urlaubcornwall.de\/blog\/\"},{\"@type\":\"ListItem\",\"position\":2,\"name\":\"Ferienhaus Weymouth &#8211; The Stables\"}]}]}<\/script>\n<!-- \/ Yoast SEO plugin. -->","yoast_head_json":{"title":"Ferienhaus Weymouth - The Stables - Urlaub &amp; Reisen","robots":{"index":"index","follow":"follow","max-snippet":"max-snippet:-1","max-image-preview":"max-image-preview:large","max-video-preview":"max-video-preview:-1"},"canonical":"https:\/\/www.urlaubcornwall.de\/blog\/ferienhaus-weymouth-the-stables\/","og_locale":"en_US","og_type":"article","og_title":"Ferienhaus Weymouth - The Stables - Urlaub &amp; Reisen","og_description":"1 Schlafzimmer, Schlafplatz f\u00fcr 2 + Kinderbett , leider keine Haustiere erlaubt, Ferienhaus 15 Kilometer N von Weymouth, Dorset Die atemberaubende Jurak\u00fcste, die zum Weltkulturerbe z\u00e4hlt, befindet sich eine kurze Autofahrt entfernt von diesem komfortabel eingerichteten, ebenerdig umgebauten Pferdestall. Im Herzen von Thomas Hardys Dorset gelegen, in der N\u00e4he der Marktstadt Dorchester mit herrlichem Wald, [&hellip;]","og_url":"https:\/\/www.urlaubcornwall.de\/blog\/ferienhaus-weymouth-the-stables\/","og_site_name":"Urlaub &amp; Reisen","article_modified_time":"2021-09-02T08:39:01+00:00","twitter_card":"summary","twitter_misc":{"Est. reading time":"1 minute"},"schema":{"@context":"https:\/\/schema.org","@graph":[{"@type":"WebSite","@id":"https:\/\/www.urlaubcornwall.de\/blog\/#website","url":"https:\/\/www.urlaubcornwall.de\/blog\/","name":"Urlaub &amp; Reisen","description":"Urlaub, Reisen, Cornwall und S\u00fcdengland: eine perfekte Kombination","potentialAction":[{"@type":"SearchAction","target":{"@type":"EntryPoint","urlTemplate":"https:\/\/www.urlaubcornwall.de\/blog\/?s={search_term_string}"},"query-input":"required name=search_term_string"}],"inLanguage":"en-US"},{"@type":"WebPage","@id":"https:\/\/www.urlaubcornwall.de\/blog\/ferienhaus-weymouth-the-stables\/","url":"https:\/\/www.urlaubcornwall.de\/blog\/ferienhaus-weymouth-the-stables\/","name":"Ferienhaus Weymouth - The Stables - Urlaub &amp; Reisen","isPartOf":{"@id":"https:\/\/www.urlaubcornwall.de\/blog\/#website"},"datePublished":"2014-06-08T15:48:15+00:00","dateModified":"2021-09-02T08:39:01+00:00","breadcrumb":{"@id":"https:\/\/www.urlaubcornwall.de\/blog\/ferienhaus-weymouth-the-stables\/#breadcrumb"},"inLanguage":"en-US","potentialAction":[{"@type":"ReadAction","target":["https:\/\/www.urlaubcornwall.de\/blog\/ferienhaus-weymouth-the-stables\/"]}]},{"@type":"BreadcrumbList","@id":"https:\/\/www.urlaubcornwall.de\/blog\/ferienhaus-weymouth-the-stables\/#breadcrumb","itemListElement":[{"@type":"ListItem","position":1,"name":"Home","item":"https:\/\/www.urlaubcornwall.de\/blog\/"},{"@type":"ListItem","position":2,"name":"Ferienhaus Weymouth &#8211; The Stables"}]}]}},"_links":{"self":[{"href":"https:\/\/www.urlaubcornwall.de\/blog\/wp-json\/wp\/v2\/pages\/15646"}],"collection":[{"href":"https:\/\/www.urlaubcornwall.de\/blog\/wp-json\/wp\/v2\/pages"}],"about":[{"href":"https:\/\/www.urlaubcornwall.de\/blog\/wp-json\/wp\/v2\/types\/page"}],"author":[{"embeddable":true,"href":"https:\/\/www.urlaubcornwall.de\/blog\/wp-json\/wp\/v2\/users\/1"}],"replies":[{"embeddable":true,"href":"https:\/\/www.urlaubcornwall.de\/blog\/wp-json\/wp\/v2\/comments?post=15646"}],"version-history":[{"count":5,"href":"https:\/\/www.urlaubcornwall.de\/blog\/wp-json\/wp\/v2\/pages\/15646\/revisions"}],"predecessor-version":[{"id":42385,"href":"https:\/\/www.urlaubcornwall.de\/blog\/wp-json\/wp\/v2\/pages\/15646\/revisions\/42385"}],"wp:attachment":[{"href":"https:\/\/www.urlaubcornwall.de\/blog\/wp-json\/wp\/v2\/media?parent=15646"}],"curies":[{"name":"wp","href":"https:\/\/api.w.org\/{rel}","templated":true}]}}