{"id":15636,"date":"2014-06-08T15:31:20","date_gmt":"2014-06-08T15:31:20","guid":{"rendered":"https:\/\/www.urlaubcornwall.de\/blog\/?page_id=15636"},"modified":"2021-09-02T07:53:24","modified_gmt":"2021-09-02T07:53:24","slug":"ferienhaus-barnstaple-fig-tree-cottage","status":"publish","type":"page","link":"https:\/\/www.urlaubcornwall.de\/blog\/ferienhaus-barnstaple-fig-tree-cottage\/","title":{"rendered":"Ferienhaus f\u00fcr 4 Barnstaple &#8211; Fig Tree Cottage"},"content":{"rendered":"<p>Lediglich ein paar Meilen Inlands von Norddevons wundersch\u00f6ner K\u00fcste, ist Fig Tree Cottage ein erfreulich friedvoller R\u00fcckzugsort, gelegen in 5 Ar Wald und Wiesen und mit seinem eigenen entz\u00fcckenden, privaten, mit einer Mauer umgebenen Garten.<\/p>\n<p><strong>2 Schlafzimmer, Schlafplatz f\u00fcr 4 + 2 Kinderbetten , leider keine Haustiere erlaubt, Ferienhaus 4.8 Kilometer O von Bideford, Devon.<\/strong> <\/p>\n<p>Das Ferienhaus wurde gekonnt vom freundlichen Besitzer, der nebenan wohnt, umgestaltet, um eine helle und ger\u00e4umige Ferienunterkunft zu bieten. Der offene Wohnbereich mit h\u00fcbschen Holzb\u00f6den liegt zum gro\u00dfen Garten hin, w\u00e4hrend zwei Stufen hinunter f\u00fchren zum gut ausgestatteten K\u00fcchenbereich. Oben verf\u00fcgen die ger\u00e4umigen Schlafzimmer \u00fcber einen Blick \u00fcber die friedliche, wallende Landschaft.<\/p>\n<p style=\"text-align: center;\"><a class=\"tidycta\" href=\"https:\/\/www.urlaubcornwall.de\/ferienhaeuser-fewos\/eng\/nord-devon\/barnstaple.html\">Suche Ferienh\u00e4user Barnstaple<\/a><\/p>\n<p>Die kleine Stadt Bideford mit ihrem Markt und der F\u00e4hre nach Lundy Island ist nahe gelegen, und die Galerien, Kneipen und Sandstr\u00e4nde von Instow sind sogar noch n\u00e4her. G\u00e4ste k\u00f6nnen sich Richtung Norden begeben an die Surfstr\u00e4nde von <a href=\"https:\/\/www.urlaubcornwall.de\/ferienhaeuser-fewos\/eng\/nord-devon\/croyde.html\">Croyde<\/a>, <a href=\"https:\/\/www.urlaubcornwall.de\/ferienhaeuser-fewos\/eng\/nord-devon\/woolacombe.html\">Woolacombe<\/a> und <a href=\"https:\/\/www.urlaubcornwall.de\/ferienhaeuser-fewos\/eng\/nord-devon\/saunton.html\">Saunton<\/a> oder Richtung Osten in die Wildheit Exmoors, oder westlich an die dramatische Szenerie Hartlands und Nordcornwalls. Wo immer G\u00e4ste auch auf Erkundungen gehen, wird Fig Tree Cottage doch stets eine komfortable Ausgangsbasis bieten f\u00fcr gl\u00fcckliche Ferien in dieser urspr\u00fcnglich erhaltenen und friedvollen Gegend.<\/p>\n<p><strong>M\u00f6glichkeiten &amp; Dienstleistungen<\/strong><\/p>\n<p>einschlie\u00dflich Gasheizung \u2013 Gaszentralheizung, Kinderreisebett, WiFi<\/p>\n<p><strong>Verschiedenes<\/strong><\/p>\n<p>\u2022 private Parkm\u00f6glichkeit f\u00fcr 2 Autos<br \/>\n\u2022 Gartenm\u00f6bel und Grill<br \/>\n\u2022 Einkaufsm\u00f6glichkeit 5km<br \/>\n\u2022 Kneipe 3km<br \/>\n\u2022 \u00f6ffentliche Telefonzelle 3km<br \/>\n\u2022 Nichtraucher<br \/>\n\u2022 leider keine Tiere erlaubt<br \/>\n\u2022 Ankunft\/Abreise Freitag<\/p>\n<p style=\"text-align: center;\"><a class=\"tidycta\" href=\"https:\/\/www.urlaubcornwall.de\/ferienhaeuser-fewos\/eng\/nord-devon\/barnstaple.html\">Suche Ferienh\u00e4user Barnstaple<\/a><\/p>\n<p><strong>Um UrlaubCornwall.de einzigartige Kollektion nach Ihrem idealen Ferienhaus zu durchsuchen.<\/strong> <a href=\"https:\/\/www.urlaubcornwall.de\/ferienhaeuser\/cornwall.php\"><span style=\"text-decoration: underline;\"><strong>Klicken Sie hier<\/strong><\/span><strong> &gt;&gt;<\/strong><\/a><\/p>\n","protected":false},"excerpt":{"rendered":"<p>Lediglich ein paar Meilen Inlands von Norddevons wundersch\u00f6ner K\u00fcste, ist Fig Tree Cottage ein erfreulich friedvoller R\u00fcckzugsort, gelegen in 5 Ar Wald und Wiesen und mit seinem eigenen entz\u00fcckenden, privaten, mit einer Mauer umgebenen Garten. 2 Schlafzimmer, Schlafplatz f\u00fcr 4 + 2 Kinderbetten , leider keine Haustiere erlaubt, Ferienhaus 4.8 Kilometer O von Bideford, Devon. [&hellip;]<\/p>\n","protected":false},"author":1,"featured_media":0,"parent":0,"menu_order":0,"comment_status":"closed","ping_status":"closed","template":"single-two.php","meta":[],"acf":[],"yoast_head":"<!-- This site is optimized with the Yoast SEO plugin v19.4 - https:\/\/yoast.com\/wordpress\/plugins\/seo\/ -->\n<title>Ferienhaus f\u00fcr 4 Barnstaple - Fig Tree Cottage - Urlaub &amp; Reisen<\/title>\n<meta name=\"robots\" content=\"index, follow, max-snippet:-1, max-image-preview:large, max-video-preview:-1\" \/>\n<link rel=\"canonical\" href=\"https:\/\/www.urlaubcornwall.de\/blog\/ferienhaus-barnstaple-fig-tree-cottage\/\" \/>\n<meta property=\"og:locale\" content=\"en_US\" \/>\n<meta property=\"og:type\" content=\"article\" \/>\n<meta property=\"og:title\" content=\"Ferienhaus f\u00fcr 4 Barnstaple - Fig Tree Cottage - Urlaub &amp; Reisen\" \/>\n<meta property=\"og:description\" content=\"Lediglich ein paar Meilen Inlands von Norddevons wundersch\u00f6ner K\u00fcste, ist Fig Tree Cottage ein erfreulich friedvoller R\u00fcckzugsort, gelegen in 5 Ar Wald und Wiesen und mit seinem eigenen entz\u00fcckenden, privaten, mit einer Mauer umgebenen Garten. 2 Schlafzimmer, Schlafplatz f\u00fcr 4 + 2 Kinderbetten , leider keine Haustiere erlaubt, Ferienhaus 4.8 Kilometer O von Bideford, Devon. [&hellip;]\" \/>\n<meta property=\"og:url\" content=\"https:\/\/www.urlaubcornwall.de\/blog\/ferienhaus-barnstaple-fig-tree-cottage\/\" \/>\n<meta property=\"og:site_name\" content=\"Urlaub &amp; Reisen\" \/>\n<meta property=\"article:modified_time\" content=\"2021-09-02T07:53:24+00:00\" \/>\n<meta name=\"twitter:card\" content=\"summary\" \/>\n<meta name=\"twitter:label1\" content=\"Est. reading time\" \/>\n\t<meta name=\"twitter:data1\" content=\"1 minute\" \/>\n<script type=\"application\/ld+json\" class=\"yoast-schema-graph\">{\"@context\":\"https:\/\/schema.org\",\"@graph\":[{\"@type\":\"WebSite\",\"@id\":\"https:\/\/www.urlaubcornwall.de\/blog\/#website\",\"url\":\"https:\/\/www.urlaubcornwall.de\/blog\/\",\"name\":\"Urlaub &amp; Reisen\",\"description\":\"Urlaub, Reisen, Cornwall und S\u00fcdengland: eine perfekte Kombination\",\"potentialAction\":[{\"@type\":\"SearchAction\",\"target\":{\"@type\":\"EntryPoint\",\"urlTemplate\":\"https:\/\/www.urlaubcornwall.de\/blog\/?s={search_term_string}\"},\"query-input\":\"required name=search_term_string\"}],\"inLanguage\":\"en-US\"},{\"@type\":\"WebPage\",\"@id\":\"https:\/\/www.urlaubcornwall.de\/blog\/ferienhaus-barnstaple-fig-tree-cottage\/\",\"url\":\"https:\/\/www.urlaubcornwall.de\/blog\/ferienhaus-barnstaple-fig-tree-cottage\/\",\"name\":\"Ferienhaus f\u00fcr 4 Barnstaple - Fig Tree Cottage - Urlaub &amp; Reisen\",\"isPartOf\":{\"@id\":\"https:\/\/www.urlaubcornwall.de\/blog\/#website\"},\"datePublished\":\"2014-06-08T15:31:20+00:00\",\"dateModified\":\"2021-09-02T07:53:24+00:00\",\"breadcrumb\":{\"@id\":\"https:\/\/www.urlaubcornwall.de\/blog\/ferienhaus-barnstaple-fig-tree-cottage\/#breadcrumb\"},\"inLanguage\":\"en-US\",\"potentialAction\":[{\"@type\":\"ReadAction\",\"target\":[\"https:\/\/www.urlaubcornwall.de\/blog\/ferienhaus-barnstaple-fig-tree-cottage\/\"]}]},{\"@type\":\"BreadcrumbList\",\"@id\":\"https:\/\/www.urlaubcornwall.de\/blog\/ferienhaus-barnstaple-fig-tree-cottage\/#breadcrumb\",\"itemListElement\":[{\"@type\":\"ListItem\",\"position\":1,\"name\":\"Home\",\"item\":\"https:\/\/www.urlaubcornwall.de\/blog\/\"},{\"@type\":\"ListItem\",\"position\":2,\"name\":\"Ferienhaus f\u00fcr 4 Barnstaple &#8211; Fig Tree Cottage\"}]}]}<\/script>\n<!-- \/ Yoast SEO plugin. -->","yoast_head_json":{"title":"Ferienhaus f\u00fcr 4 Barnstaple - Fig Tree Cottage - Urlaub &amp; Reisen","robots":{"index":"index","follow":"follow","max-snippet":"max-snippet:-1","max-image-preview":"max-image-preview:large","max-video-preview":"max-video-preview:-1"},"canonical":"https:\/\/www.urlaubcornwall.de\/blog\/ferienhaus-barnstaple-fig-tree-cottage\/","og_locale":"en_US","og_type":"article","og_title":"Ferienhaus f\u00fcr 4 Barnstaple - Fig Tree Cottage - Urlaub &amp; Reisen","og_description":"Lediglich ein paar Meilen Inlands von Norddevons wundersch\u00f6ner K\u00fcste, ist Fig Tree Cottage ein erfreulich friedvoller R\u00fcckzugsort, gelegen in 5 Ar Wald und Wiesen und mit seinem eigenen entz\u00fcckenden, privaten, mit einer Mauer umgebenen Garten. 2 Schlafzimmer, Schlafplatz f\u00fcr 4 + 2 Kinderbetten , leider keine Haustiere erlaubt, Ferienhaus 4.8 Kilometer O von Bideford, Devon. [&hellip;]","og_url":"https:\/\/www.urlaubcornwall.de\/blog\/ferienhaus-barnstaple-fig-tree-cottage\/","og_site_name":"Urlaub &amp; Reisen","article_modified_time":"2021-09-02T07:53:24+00:00","twitter_card":"summary","twitter_misc":{"Est. reading time":"1 minute"},"schema":{"@context":"https:\/\/schema.org","@graph":[{"@type":"WebSite","@id":"https:\/\/www.urlaubcornwall.de\/blog\/#website","url":"https:\/\/www.urlaubcornwall.de\/blog\/","name":"Urlaub &amp; Reisen","description":"Urlaub, Reisen, Cornwall und S\u00fcdengland: eine perfekte Kombination","potentialAction":[{"@type":"SearchAction","target":{"@type":"EntryPoint","urlTemplate":"https:\/\/www.urlaubcornwall.de\/blog\/?s={search_term_string}"},"query-input":"required name=search_term_string"}],"inLanguage":"en-US"},{"@type":"WebPage","@id":"https:\/\/www.urlaubcornwall.de\/blog\/ferienhaus-barnstaple-fig-tree-cottage\/","url":"https:\/\/www.urlaubcornwall.de\/blog\/ferienhaus-barnstaple-fig-tree-cottage\/","name":"Ferienhaus f\u00fcr 4 Barnstaple - Fig Tree Cottage - Urlaub &amp; Reisen","isPartOf":{"@id":"https:\/\/www.urlaubcornwall.de\/blog\/#website"},"datePublished":"2014-06-08T15:31:20+00:00","dateModified":"2021-09-02T07:53:24+00:00","breadcrumb":{"@id":"https:\/\/www.urlaubcornwall.de\/blog\/ferienhaus-barnstaple-fig-tree-cottage\/#breadcrumb"},"inLanguage":"en-US","potentialAction":[{"@type":"ReadAction","target":["https:\/\/www.urlaubcornwall.de\/blog\/ferienhaus-barnstaple-fig-tree-cottage\/"]}]},{"@type":"BreadcrumbList","@id":"https:\/\/www.urlaubcornwall.de\/blog\/ferienhaus-barnstaple-fig-tree-cottage\/#breadcrumb","itemListElement":[{"@type":"ListItem","position":1,"name":"Home","item":"https:\/\/www.urlaubcornwall.de\/blog\/"},{"@type":"ListItem","position":2,"name":"Ferienhaus f\u00fcr 4 Barnstaple &#8211; Fig Tree Cottage"}]}]}},"_links":{"self":[{"href":"https:\/\/www.urlaubcornwall.de\/blog\/wp-json\/wp\/v2\/pages\/15636"}],"collection":[{"href":"https:\/\/www.urlaubcornwall.de\/blog\/wp-json\/wp\/v2\/pages"}],"about":[{"href":"https:\/\/www.urlaubcornwall.de\/blog\/wp-json\/wp\/v2\/types\/page"}],"author":[{"embeddable":true,"href":"https:\/\/www.urlaubcornwall.de\/blog\/wp-json\/wp\/v2\/users\/1"}],"replies":[{"embeddable":true,"href":"https:\/\/www.urlaubcornwall.de\/blog\/wp-json\/wp\/v2\/comments?post=15636"}],"version-history":[{"count":6,"href":"https:\/\/www.urlaubcornwall.de\/blog\/wp-json\/wp\/v2\/pages\/15636\/revisions"}],"predecessor-version":[{"id":31565,"href":"https:\/\/www.urlaubcornwall.de\/blog\/wp-json\/wp\/v2\/pages\/15636\/revisions\/31565"}],"wp:attachment":[{"href":"https:\/\/www.urlaubcornwall.de\/blog\/wp-json\/wp\/v2\/media?parent=15636"}],"curies":[{"name":"wp","href":"https:\/\/api.w.org\/{rel}","templated":true}]}}