{"id":15622,"date":"2014-06-08T14:23:58","date_gmt":"2014-06-08T14:23:58","guid":{"rendered":"https:\/\/www.urlaubcornwall.de\/blog\/?page_id=15622"},"modified":"2021-07-12T08:59:02","modified_gmt":"2021-07-12T08:59:02","slug":"ferienhaus-ferienwohnung-polperro","status":"publish","type":"page","link":"https:\/\/www.urlaubcornwall.de\/blog\/ferienhaus-ferienwohnung-polperro\/","title":{"rendered":"Ferienhaus &#038; Ferienwohnung Polperro"},"content":{"rendered":"<p>Polperro ist ein historisches cornisches Fischerdorf mit Cottages, die sich an den steilen H\u00e4ngen um den gesch\u00e4ftigen Hafen herum befinden und so engen Stra\u00dfen, dass die Autos der Besucher drau\u00dfen vor dem Dorf abgestellt werden m\u00fcssen (dennoch bietet Alarra Parkm\u00f6glichkeit f\u00fcr G\u00e4ste). Restaurants, Caf\u00e9s, Kneipen und L\u00e4den befinden sich an jeder Ecke, und Segeltouren vom Hafen aus bieten spektakul\u00e4ren Blick auf die K\u00fcste.<\/p>\n<p><strong>3 Schlafzimmer,\u00a0Schlafplatz f\u00fcr 7 + Kinderbett , hundefreundlich, Ferienwohnung Polperro mit Parken , S\u00fcdk\u00fcste Cornwall. <a class=\"prettyPhoto\" href=\"http:\/\/www.urlaubcornwall.de\/ferienhaus-tarif.php?n=Alarra&amp;c=2431&amp;iframe=true&amp;width=500&amp;height=720\" target=\"_blank\" rel=\"noopener\">Preisspanne P\u00a0(\u00a3546\u00a0&#8211;\u00a0\u00a31491)<\/a><\/strong> , <strong><a class=\"prettyPhoto\" href=\"http:\/\/www.urlaubcornwall.de\/ferienhaus-verfugbarkeit.php?c=2431&amp;iframe=true&amp;width=800&amp;height=500\" target=\"_blank\" rel=\"noopener\">Kalender anschauen<\/a><\/strong><\/p>\n<p>Alarra ist ein zeitgen\u00f6ssisches Appartement im Erdgeschoss mit lediglich dem Ferienwohnsitz der Besitzer dar\u00fcber. Die deckenhohen Fenster im gro\u00dfen Wohnzimmer mit Breitbandanschluss bieten Blick hinunter zum steilen, terrassenf\u00f6rmig angelegten Garten und dem angrenzenden Bach. Eichenb\u00f6den, aus mehreren Elementen zusammengesetzte Sofas, hellfarbene Kissen und ein an die Wand montierter Heizk\u00f6rper mit Steineffekt bieten die ideale Szenerie zur Entspannung. Die ebenerdige Unterkunft hat drei gro\u00dfe Schlafzimmer, das Doppelzimmer mit en-suite Duschraum, zwei weitere teilen sich zwei LED-beleuchtete Badezimmer.<\/p>\n<p>Der S\u00fcdwestk\u00fcstenwanderweg f\u00fchrt zu Str\u00e4nden bei Talland im Osten und Lansallos im Westen. Das Eden Projekt und die Heligan G\u00e4rten sind leicht mit dem Auto erreichbar, und die h\u00fcbsche Segelstadt Fowey befindet sich nur ein paar Meilen entfernt.<\/p>\n<p style=\"text-align: center;\"><a class=\"tidycta\" href=\"https:\/\/www.urlaubcornwall.de\/ferienhaeuser-fewos\/polperro.html\">Ferienh\u00e4user in Polperro<\/a><\/p>\n<p><strong>M\u00f6glichkeiten &amp; Dienstleistungen<\/strong><\/p>\n<p>einschlie\u00dflich Gasheizung \u2013 Gaszentralheizung, Kinderreisebett, WiFi<\/p>\n<p><strong>Verschiedenes<\/strong><\/p>\n<p>\u2022 private Parkm\u00f6glichkeit f\u00fcr 2 Autos<br \/>\n\u2022 Gartenm\u00f6bel<br \/>\n\u2022 Einkaufsm\u00f6glichkeit 250m<br \/>\n\u2022 Kneipe 250m<br \/>\n\u2022 \u00f6ffentliche Telefonzelle 250m<br \/>\n\u2022 Nichtraucher<br \/>\n\u2022 Hunde willkommen (nur 1)<br \/>\n\u2022 Ankunft\/Abreise Samstag<\/p>\n<p><strong>Um Classic Cottages einzigartige Kollektion nach Ihrem idealen Ferienhaus zu durchsuchen.<\/strong> <a href=\"https:\/\/www.urlaubcornwall.de\/ferienhaeuser\/cornwall.php\"><span style=\"text-decoration: underline;\"><strong>Klicken Sie hier<\/strong><\/span><strong> &gt;&gt;<\/strong><\/a><\/p>\n","protected":false},"excerpt":{"rendered":"<p>Polperro ist ein historisches cornisches Fischerdorf mit Cottages, die sich an den steilen H\u00e4ngen um den gesch\u00e4ftigen Hafen herum befinden und so engen Stra\u00dfen, dass die Autos der Besucher drau\u00dfen vor dem Dorf abgestellt werden m\u00fcssen (dennoch bietet Alarra Parkm\u00f6glichkeit f\u00fcr G\u00e4ste). Restaurants, Caf\u00e9s, Kneipen und L\u00e4den befinden sich an jeder Ecke, und Segeltouren vom [&hellip;]<\/p>\n","protected":false},"author":1,"featured_media":0,"parent":0,"menu_order":0,"comment_status":"closed","ping_status":"closed","template":"single-two.php","meta":[],"acf":[],"yoast_head":"<!-- This site is optimized with the Yoast SEO plugin v19.4 - https:\/\/yoast.com\/wordpress\/plugins\/seo\/ -->\n<title>Ferienhaus &amp; Ferienwohnung Polperro - Urlaub &amp; Reisen<\/title>\n<meta name=\"robots\" content=\"index, follow, max-snippet:-1, max-image-preview:large, max-video-preview:-1\" \/>\n<link rel=\"canonical\" href=\"https:\/\/www.urlaubcornwall.de\/blog\/ferienhaus-ferienwohnung-polperro\/\" \/>\n<meta property=\"og:locale\" content=\"en_US\" \/>\n<meta property=\"og:type\" content=\"article\" \/>\n<meta property=\"og:title\" content=\"Ferienhaus &amp; Ferienwohnung Polperro - Urlaub &amp; Reisen\" \/>\n<meta property=\"og:description\" content=\"Polperro ist ein historisches cornisches Fischerdorf mit Cottages, die sich an den steilen H\u00e4ngen um den gesch\u00e4ftigen Hafen herum befinden und so engen Stra\u00dfen, dass die Autos der Besucher drau\u00dfen vor dem Dorf abgestellt werden m\u00fcssen (dennoch bietet Alarra Parkm\u00f6glichkeit f\u00fcr G\u00e4ste). Restaurants, Caf\u00e9s, Kneipen und L\u00e4den befinden sich an jeder Ecke, und Segeltouren vom [&hellip;]\" \/>\n<meta property=\"og:url\" content=\"https:\/\/www.urlaubcornwall.de\/blog\/ferienhaus-ferienwohnung-polperro\/\" \/>\n<meta property=\"og:site_name\" content=\"Urlaub &amp; Reisen\" \/>\n<meta property=\"article:modified_time\" content=\"2021-07-12T08:59:02+00:00\" \/>\n<meta name=\"twitter:card\" content=\"summary\" \/>\n<meta name=\"twitter:label1\" content=\"Est. reading time\" \/>\n\t<meta name=\"twitter:data1\" content=\"1 minute\" \/>\n<script type=\"application\/ld+json\" class=\"yoast-schema-graph\">{\"@context\":\"https:\/\/schema.org\",\"@graph\":[{\"@type\":\"WebSite\",\"@id\":\"https:\/\/www.urlaubcornwall.de\/blog\/#website\",\"url\":\"https:\/\/www.urlaubcornwall.de\/blog\/\",\"name\":\"Urlaub &amp; Reisen\",\"description\":\"Urlaub, Reisen, Cornwall und S\u00fcdengland: eine perfekte Kombination\",\"potentialAction\":[{\"@type\":\"SearchAction\",\"target\":{\"@type\":\"EntryPoint\",\"urlTemplate\":\"https:\/\/www.urlaubcornwall.de\/blog\/?s={search_term_string}\"},\"query-input\":\"required name=search_term_string\"}],\"inLanguage\":\"en-US\"},{\"@type\":\"WebPage\",\"@id\":\"https:\/\/www.urlaubcornwall.de\/blog\/ferienhaus-ferienwohnung-polperro\/\",\"url\":\"https:\/\/www.urlaubcornwall.de\/blog\/ferienhaus-ferienwohnung-polperro\/\",\"name\":\"Ferienhaus & Ferienwohnung Polperro - Urlaub &amp; Reisen\",\"isPartOf\":{\"@id\":\"https:\/\/www.urlaubcornwall.de\/blog\/#website\"},\"datePublished\":\"2014-06-08T14:23:58+00:00\",\"dateModified\":\"2021-07-12T08:59:02+00:00\",\"breadcrumb\":{\"@id\":\"https:\/\/www.urlaubcornwall.de\/blog\/ferienhaus-ferienwohnung-polperro\/#breadcrumb\"},\"inLanguage\":\"en-US\",\"potentialAction\":[{\"@type\":\"ReadAction\",\"target\":[\"https:\/\/www.urlaubcornwall.de\/blog\/ferienhaus-ferienwohnung-polperro\/\"]}]},{\"@type\":\"BreadcrumbList\",\"@id\":\"https:\/\/www.urlaubcornwall.de\/blog\/ferienhaus-ferienwohnung-polperro\/#breadcrumb\",\"itemListElement\":[{\"@type\":\"ListItem\",\"position\":1,\"name\":\"Home\",\"item\":\"https:\/\/www.urlaubcornwall.de\/blog\/\"},{\"@type\":\"ListItem\",\"position\":2,\"name\":\"Ferienhaus &#038; Ferienwohnung Polperro\"}]}]}<\/script>\n<!-- \/ Yoast SEO plugin. -->","yoast_head_json":{"title":"Ferienhaus & Ferienwohnung Polperro - Urlaub &amp; Reisen","robots":{"index":"index","follow":"follow","max-snippet":"max-snippet:-1","max-image-preview":"max-image-preview:large","max-video-preview":"max-video-preview:-1"},"canonical":"https:\/\/www.urlaubcornwall.de\/blog\/ferienhaus-ferienwohnung-polperro\/","og_locale":"en_US","og_type":"article","og_title":"Ferienhaus & Ferienwohnung Polperro - Urlaub &amp; Reisen","og_description":"Polperro ist ein historisches cornisches Fischerdorf mit Cottages, die sich an den steilen H\u00e4ngen um den gesch\u00e4ftigen Hafen herum befinden und so engen Stra\u00dfen, dass die Autos der Besucher drau\u00dfen vor dem Dorf abgestellt werden m\u00fcssen (dennoch bietet Alarra Parkm\u00f6glichkeit f\u00fcr G\u00e4ste). Restaurants, Caf\u00e9s, Kneipen und L\u00e4den befinden sich an jeder Ecke, und Segeltouren vom [&hellip;]","og_url":"https:\/\/www.urlaubcornwall.de\/blog\/ferienhaus-ferienwohnung-polperro\/","og_site_name":"Urlaub &amp; Reisen","article_modified_time":"2021-07-12T08:59:02+00:00","twitter_card":"summary","twitter_misc":{"Est. reading time":"1 minute"},"schema":{"@context":"https:\/\/schema.org","@graph":[{"@type":"WebSite","@id":"https:\/\/www.urlaubcornwall.de\/blog\/#website","url":"https:\/\/www.urlaubcornwall.de\/blog\/","name":"Urlaub &amp; Reisen","description":"Urlaub, Reisen, Cornwall und S\u00fcdengland: eine perfekte Kombination","potentialAction":[{"@type":"SearchAction","target":{"@type":"EntryPoint","urlTemplate":"https:\/\/www.urlaubcornwall.de\/blog\/?s={search_term_string}"},"query-input":"required name=search_term_string"}],"inLanguage":"en-US"},{"@type":"WebPage","@id":"https:\/\/www.urlaubcornwall.de\/blog\/ferienhaus-ferienwohnung-polperro\/","url":"https:\/\/www.urlaubcornwall.de\/blog\/ferienhaus-ferienwohnung-polperro\/","name":"Ferienhaus & Ferienwohnung Polperro - Urlaub &amp; Reisen","isPartOf":{"@id":"https:\/\/www.urlaubcornwall.de\/blog\/#website"},"datePublished":"2014-06-08T14:23:58+00:00","dateModified":"2021-07-12T08:59:02+00:00","breadcrumb":{"@id":"https:\/\/www.urlaubcornwall.de\/blog\/ferienhaus-ferienwohnung-polperro\/#breadcrumb"},"inLanguage":"en-US","potentialAction":[{"@type":"ReadAction","target":["https:\/\/www.urlaubcornwall.de\/blog\/ferienhaus-ferienwohnung-polperro\/"]}]},{"@type":"BreadcrumbList","@id":"https:\/\/www.urlaubcornwall.de\/blog\/ferienhaus-ferienwohnung-polperro\/#breadcrumb","itemListElement":[{"@type":"ListItem","position":1,"name":"Home","item":"https:\/\/www.urlaubcornwall.de\/blog\/"},{"@type":"ListItem","position":2,"name":"Ferienhaus &#038; Ferienwohnung Polperro"}]}]}},"_links":{"self":[{"href":"https:\/\/www.urlaubcornwall.de\/blog\/wp-json\/wp\/v2\/pages\/15622"}],"collection":[{"href":"https:\/\/www.urlaubcornwall.de\/blog\/wp-json\/wp\/v2\/pages"}],"about":[{"href":"https:\/\/www.urlaubcornwall.de\/blog\/wp-json\/wp\/v2\/types\/page"}],"author":[{"embeddable":true,"href":"https:\/\/www.urlaubcornwall.de\/blog\/wp-json\/wp\/v2\/users\/1"}],"replies":[{"embeddable":true,"href":"https:\/\/www.urlaubcornwall.de\/blog\/wp-json\/wp\/v2\/comments?post=15622"}],"version-history":[{"count":6,"href":"https:\/\/www.urlaubcornwall.de\/blog\/wp-json\/wp\/v2\/pages\/15622\/revisions"}],"predecessor-version":[{"id":41818,"href":"https:\/\/www.urlaubcornwall.de\/blog\/wp-json\/wp\/v2\/pages\/15622\/revisions\/41818"}],"wp:attachment":[{"href":"https:\/\/www.urlaubcornwall.de\/blog\/wp-json\/wp\/v2\/media?parent=15622"}],"curies":[{"name":"wp","href":"https:\/\/api.w.org\/{rel}","templated":true}]}}