{"id":15611,"date":"2014-06-08T14:05:14","date_gmt":"2014-06-08T14:05:14","guid":{"rendered":"https:\/\/www.urlaubcornwall.de\/blog\/?page_id=15611"},"modified":"2021-07-12T15:53:25","modified_gmt":"2021-07-12T15:53:25","slug":"ferienhaus-brixham-white-cottage","status":"publish","type":"page","link":"https:\/\/www.urlaubcornwall.de\/blog\/ferienhaus-brixham-white-cottage\/","title":{"rendered":"Ferienhaus Brixham am Meer in Devon"},"content":{"rendered":"<p><strong>Urlaub in Devon :<\/strong> Hoch \u00fcber dem Hafen von Brixham mit Meeresblick von fast jedem Raum aus, ist White Cottage ein schrulliges, einzigartiges und au\u00dferordentlich gro\u00dfr\u00e4umiges Cottage. Ein paar tiefe Stufen f\u00fchren zur Haust\u00fcre, die in einen Wohnraum \u00fcberleitet mit hervorragendem Blick und der eigenen Terrasse.<\/p>\n<p><strong>3 Schlafzimmer, Schlafplatz f\u00fcr 6 + Kinderbett , leider keine Haustiere erlaubt, Ferienhaus mit Meerblick Brixham , S\u00fcd-Devon <\/strong><\/p>\n<p>Dieser Stock hat zudem ein Schlafzimmer mit zwei Betten. Eine steile Treppe f\u00fchrt hinauf zum oberen Geschoss und einem Doppelzimmer. Eine zweite, offene Wendeltreppe f\u00fchrt hinunter ins Erdgeschoss zum Ess-\/Wohnbereich und K\u00fcchen-\/Fr\u00fchst\u00fccksraum mit T\u00fcren zu einem weiteren Freisitz und Blick \u00fcber den gesch\u00e4ftigen Hafen. Auf demselben Stock befindet sich au\u00dferdem ein en-suite Doppelzimmer. Derart zentral gelegen, bedeutet, dass Sie sich nur einen kurzen Spaziergang von den Gesch\u00e4ften, Bars und Restaurants entfernt befinden. Andererseits bieten die sonnigen Terrassen den G\u00e4sten die Chance zu entspannen und dem gesch\u00e4ftigen nautischen Treiben unten zuzusehen.<\/p>\n<p style=\"text-align: center;\"><a class=\"tidycta\" href=\"https:\/\/www.urlaubcornwall.de\/ferienhaeuser-fewos\/eng\/sued-devon\/brixham.html\">Ferienh\u00e4user in Brixham<\/a><\/p>\n<p><strong>M\u00f6glichkeiten &amp; Dienstleistungen<\/strong><\/p>\n<p>einschlie\u00dflich Gasheizung \u2013 Gaszentralheizung, Kinderreisebett, WiFi<\/p>\n<p><strong>Verschiedenes<\/strong><\/p>\n<p>\u2022 private Parkm\u00f6glichkeit f\u00fcr 1 kleines Auto; \u00f6ffentlicher Parkplatz 350 m.<br \/>\n\u2022 Freisitzm\u00f6bel und Grill<br \/>\n\u2022 Einkaufsgesch\u00e4ft 200 m<br \/>\n\u2022 Kneipe 200 m.<br \/>\n\u2022 \u00f6ffentliche Telefonzelle 200m<br \/>\n\u2022 Golf (18 Loch) 3km.<br \/>\n\u2022 Nichtraucher<br \/>\n\u2022 leider keine Tiere erlaubt<br \/>\n\u2022 Ankunft\/Abreise Samstag<\/p>\n<p><strong>Um Classic Cottages einzigartige Kollektion nach Ihrem idealen Ferienhaus zu durchsuchen.<\/strong> <a href=\"https:\/\/www.urlaubcornwall.de\/ferienhaeuser\/cornwall.php\"><span style=\"text-decoration: underline;\"><strong>Klicken Sie hier<\/strong><\/span><strong> &gt;&gt;<\/strong><\/a><\/p>\n","protected":false},"excerpt":{"rendered":"<p>Urlaub in Devon : Hoch \u00fcber dem Hafen von Brixham mit Meeresblick von fast jedem Raum aus, ist White Cottage ein schrulliges, einzigartiges und au\u00dferordentlich gro\u00dfr\u00e4umiges Cottage. Ein paar tiefe Stufen f\u00fchren zur Haust\u00fcre, die in einen Wohnraum \u00fcberleitet mit hervorragendem Blick und der eigenen Terrasse. 3 Schlafzimmer, Schlafplatz f\u00fcr 6 + Kinderbett , leider [&hellip;]<\/p>\n","protected":false},"author":1,"featured_media":0,"parent":0,"menu_order":0,"comment_status":"closed","ping_status":"closed","template":"single-two.php","meta":[],"acf":[],"yoast_head":"<!-- This site is optimized with the Yoast SEO plugin v19.4 - https:\/\/yoast.com\/wordpress\/plugins\/seo\/ -->\n<title>Ferienhaus Brixham am Meer in Devon - Urlaub &amp; Reisen<\/title>\n<meta name=\"robots\" content=\"index, follow, max-snippet:-1, max-image-preview:large, max-video-preview:-1\" \/>\n<link rel=\"canonical\" href=\"https:\/\/www.urlaubcornwall.de\/blog\/ferienhaus-brixham-white-cottage\/\" \/>\n<meta property=\"og:locale\" content=\"en_US\" \/>\n<meta property=\"og:type\" content=\"article\" \/>\n<meta property=\"og:title\" content=\"Ferienhaus Brixham am Meer in Devon - Urlaub &amp; Reisen\" \/>\n<meta property=\"og:description\" content=\"Urlaub in Devon : Hoch \u00fcber dem Hafen von Brixham mit Meeresblick von fast jedem Raum aus, ist White Cottage ein schrulliges, einzigartiges und au\u00dferordentlich gro\u00dfr\u00e4umiges Cottage. Ein paar tiefe Stufen f\u00fchren zur Haust\u00fcre, die in einen Wohnraum \u00fcberleitet mit hervorragendem Blick und der eigenen Terrasse. 3 Schlafzimmer, Schlafplatz f\u00fcr 6 + Kinderbett , leider [&hellip;]\" \/>\n<meta property=\"og:url\" content=\"https:\/\/www.urlaubcornwall.de\/blog\/ferienhaus-brixham-white-cottage\/\" \/>\n<meta property=\"og:site_name\" content=\"Urlaub &amp; Reisen\" \/>\n<meta property=\"article:modified_time\" content=\"2021-07-12T15:53:25+00:00\" \/>\n<meta name=\"twitter:card\" content=\"summary\" \/>\n<meta name=\"twitter:label1\" content=\"Est. reading time\" \/>\n\t<meta name=\"twitter:data1\" content=\"1 minute\" \/>\n<script type=\"application\/ld+json\" class=\"yoast-schema-graph\">{\"@context\":\"https:\/\/schema.org\",\"@graph\":[{\"@type\":\"WebSite\",\"@id\":\"https:\/\/www.urlaubcornwall.de\/blog\/#website\",\"url\":\"https:\/\/www.urlaubcornwall.de\/blog\/\",\"name\":\"Urlaub &amp; Reisen\",\"description\":\"Urlaub, Reisen, Cornwall und S\u00fcdengland: eine perfekte Kombination\",\"potentialAction\":[{\"@type\":\"SearchAction\",\"target\":{\"@type\":\"EntryPoint\",\"urlTemplate\":\"https:\/\/www.urlaubcornwall.de\/blog\/?s={search_term_string}\"},\"query-input\":\"required name=search_term_string\"}],\"inLanguage\":\"en-US\"},{\"@type\":\"WebPage\",\"@id\":\"https:\/\/www.urlaubcornwall.de\/blog\/ferienhaus-brixham-white-cottage\/\",\"url\":\"https:\/\/www.urlaubcornwall.de\/blog\/ferienhaus-brixham-white-cottage\/\",\"name\":\"Ferienhaus Brixham am Meer in Devon - Urlaub &amp; Reisen\",\"isPartOf\":{\"@id\":\"https:\/\/www.urlaubcornwall.de\/blog\/#website\"},\"datePublished\":\"2014-06-08T14:05:14+00:00\",\"dateModified\":\"2021-07-12T15:53:25+00:00\",\"breadcrumb\":{\"@id\":\"https:\/\/www.urlaubcornwall.de\/blog\/ferienhaus-brixham-white-cottage\/#breadcrumb\"},\"inLanguage\":\"en-US\",\"potentialAction\":[{\"@type\":\"ReadAction\",\"target\":[\"https:\/\/www.urlaubcornwall.de\/blog\/ferienhaus-brixham-white-cottage\/\"]}]},{\"@type\":\"BreadcrumbList\",\"@id\":\"https:\/\/www.urlaubcornwall.de\/blog\/ferienhaus-brixham-white-cottage\/#breadcrumb\",\"itemListElement\":[{\"@type\":\"ListItem\",\"position\":1,\"name\":\"Home\",\"item\":\"https:\/\/www.urlaubcornwall.de\/blog\/\"},{\"@type\":\"ListItem\",\"position\":2,\"name\":\"Ferienhaus Brixham am Meer in Devon\"}]}]}<\/script>\n<!-- \/ Yoast SEO plugin. -->","yoast_head_json":{"title":"Ferienhaus Brixham am Meer in Devon - Urlaub &amp; Reisen","robots":{"index":"index","follow":"follow","max-snippet":"max-snippet:-1","max-image-preview":"max-image-preview:large","max-video-preview":"max-video-preview:-1"},"canonical":"https:\/\/www.urlaubcornwall.de\/blog\/ferienhaus-brixham-white-cottage\/","og_locale":"en_US","og_type":"article","og_title":"Ferienhaus Brixham am Meer in Devon - Urlaub &amp; Reisen","og_description":"Urlaub in Devon : Hoch \u00fcber dem Hafen von Brixham mit Meeresblick von fast jedem Raum aus, ist White Cottage ein schrulliges, einzigartiges und au\u00dferordentlich gro\u00dfr\u00e4umiges Cottage. Ein paar tiefe Stufen f\u00fchren zur Haust\u00fcre, die in einen Wohnraum \u00fcberleitet mit hervorragendem Blick und der eigenen Terrasse. 3 Schlafzimmer, Schlafplatz f\u00fcr 6 + Kinderbett , leider [&hellip;]","og_url":"https:\/\/www.urlaubcornwall.de\/blog\/ferienhaus-brixham-white-cottage\/","og_site_name":"Urlaub &amp; Reisen","article_modified_time":"2021-07-12T15:53:25+00:00","twitter_card":"summary","twitter_misc":{"Est. reading time":"1 minute"},"schema":{"@context":"https:\/\/schema.org","@graph":[{"@type":"WebSite","@id":"https:\/\/www.urlaubcornwall.de\/blog\/#website","url":"https:\/\/www.urlaubcornwall.de\/blog\/","name":"Urlaub &amp; Reisen","description":"Urlaub, Reisen, Cornwall und S\u00fcdengland: eine perfekte Kombination","potentialAction":[{"@type":"SearchAction","target":{"@type":"EntryPoint","urlTemplate":"https:\/\/www.urlaubcornwall.de\/blog\/?s={search_term_string}"},"query-input":"required name=search_term_string"}],"inLanguage":"en-US"},{"@type":"WebPage","@id":"https:\/\/www.urlaubcornwall.de\/blog\/ferienhaus-brixham-white-cottage\/","url":"https:\/\/www.urlaubcornwall.de\/blog\/ferienhaus-brixham-white-cottage\/","name":"Ferienhaus Brixham am Meer in Devon - Urlaub &amp; Reisen","isPartOf":{"@id":"https:\/\/www.urlaubcornwall.de\/blog\/#website"},"datePublished":"2014-06-08T14:05:14+00:00","dateModified":"2021-07-12T15:53:25+00:00","breadcrumb":{"@id":"https:\/\/www.urlaubcornwall.de\/blog\/ferienhaus-brixham-white-cottage\/#breadcrumb"},"inLanguage":"en-US","potentialAction":[{"@type":"ReadAction","target":["https:\/\/www.urlaubcornwall.de\/blog\/ferienhaus-brixham-white-cottage\/"]}]},{"@type":"BreadcrumbList","@id":"https:\/\/www.urlaubcornwall.de\/blog\/ferienhaus-brixham-white-cottage\/#breadcrumb","itemListElement":[{"@type":"ListItem","position":1,"name":"Home","item":"https:\/\/www.urlaubcornwall.de\/blog\/"},{"@type":"ListItem","position":2,"name":"Ferienhaus Brixham am Meer in Devon"}]}]}},"_links":{"self":[{"href":"https:\/\/www.urlaubcornwall.de\/blog\/wp-json\/wp\/v2\/pages\/15611"}],"collection":[{"href":"https:\/\/www.urlaubcornwall.de\/blog\/wp-json\/wp\/v2\/pages"}],"about":[{"href":"https:\/\/www.urlaubcornwall.de\/blog\/wp-json\/wp\/v2\/types\/page"}],"author":[{"embeddable":true,"href":"https:\/\/www.urlaubcornwall.de\/blog\/wp-json\/wp\/v2\/users\/1"}],"replies":[{"embeddable":true,"href":"https:\/\/www.urlaubcornwall.de\/blog\/wp-json\/wp\/v2\/comments?post=15611"}],"version-history":[{"count":9,"href":"https:\/\/www.urlaubcornwall.de\/blog\/wp-json\/wp\/v2\/pages\/15611\/revisions"}],"predecessor-version":[{"id":41877,"href":"https:\/\/www.urlaubcornwall.de\/blog\/wp-json\/wp\/v2\/pages\/15611\/revisions\/41877"}],"wp:attachment":[{"href":"https:\/\/www.urlaubcornwall.de\/blog\/wp-json\/wp\/v2\/media?parent=15611"}],"curies":[{"name":"wp","href":"https:\/\/api.w.org\/{rel}","templated":true}]}}