{"id":15285,"date":"2014-05-11T11:35:53","date_gmt":"2014-05-11T11:35:53","guid":{"rendered":"https:\/\/www.urlaubcornwall.de\/blog\/?page_id=15285"},"modified":"2021-08-31T15:14:30","modified_gmt":"2021-08-31T15:14:30","slug":"ferienhaus-portreath-lower-nance-cottage","status":"publish","type":"page","link":"https:\/\/www.urlaubcornwall.de\/blog\/ferienhaus-portreath-lower-nance-cottage\/","title":{"rendered":"Ferienhaus Portreath : Lower Nance Cottage"},"content":{"rendered":"<p><strong>3 Schlafzimmer, Schlafplatz f\u00fcr 4 + Kinderbett , leider keine Haustiere erlaubt, Ferienhaus 1.9 Kilometer SO von Portreath, Nordk\u00fcste Cornwall<\/strong><\/p>\n<p>Lediglich drei Minuten Autofahrt vom Sandstrand bei Portreath entfernt, ist Lower Nance Ferienhaus ein entz\u00fcckendes, traditionell eingerichtetes, frei stehendes Steinhaus im Herzen der kleinen Siedlung Bridge gelegen, mit eigenem, eingegrenztem Rasengarten.<\/p>\n<p style=\"text-align: center;\"><a class=\"tidycta\" href=\"https:\/\/www.urlaubcornwall.de\/ferienhaeuser-fewos\/portreath.html\"><\/a>Suche Ferienh\u00e4user Portreath<\/p>\n<p>Neben der methodistischen Kapelle und ein paar Yards von der Dorfkneipe entfernt gelegen, bietet dieses Cottage eine heimelige Atmosph\u00e4re, die unterstrichen wird von der Balkendecke, einem gem\u00fctlichen Holzofen unterhalb des Granitsturzes im Wohnzimmer, einer anziehenden, ausgeschm\u00fcckten Feuerstelle im Esszimmer und den h\u00fcbschen miteinander harmonierenden Stoffen der Schlafzimmer im Obergeschoss. Es gibt kabellosen Internetanschluss und die Kiefer-Einbauk\u00fcche ist ausgestattet mit allem, was Sie brauchen k\u00f6nnten, sei es f\u00fcr Mahlzeiten drinnen oder drau\u00dfen im sonnigen, ruhigen Garten, der von der K\u00fcchent\u00fcr aus um die Ecke herum gelegen ist.<\/p>\n<p><strong>M\u00f6glichkeiten &amp; Dienstleistungen<\/strong><\/p>\n<p>\u2022 einschlie\u00dflich Heizung und Wi-Fi<br \/>\n\u2022 Parkm\u00f6glichkeit an der Stra\u00dfe f\u00fcr 2 Autos<br \/>\n\u2022 Gartenm\u00f6bel<br \/>\n\u2022 Einkaufsm\u00f6glichkeit: 1,5 Meilen<br \/>\n\u2022 Kneipe: 25 yds<br \/>\n\u2022 \u00f6ffentliche Telefonzelle: 1,5 Meilen<br \/>\n\u2022 Nichtraucher<br \/>\n\u2022 keine Haustiere<br \/>\n\u2022 Ankunft\/Abreise Freitag<\/p>\n<p><\n\n<\/p><p style=\"text-align: center;\"><a class=\"tidycta\" href=\"https:\/\/www.urlaubcornwall.de\/ferienhaeuser-fewos\/portreath.html\"><\/a>Ferienh\u00e4user Nord-Cornwall<\/p>\n","protected":false},"excerpt":{"rendered":"<p>3 Schlafzimmer, Schlafplatz f\u00fcr 4 + Kinderbett , leider keine Haustiere erlaubt, Ferienhaus 1.9 Kilometer SO von Portreath, Nordk\u00fcste Cornwall Lediglich drei Minuten Autofahrt vom Sandstrand bei Portreath entfernt, ist Lower Nance Ferienhaus ein entz\u00fcckendes, traditionell eingerichtetes, frei stehendes Steinhaus im Herzen der kleinen Siedlung Bridge gelegen, mit eigenem, eingegrenztem Rasengarten. Suche Ferienh\u00e4user Portreath Neben [&hellip;]<\/p>\n","protected":false},"author":1,"featured_media":0,"parent":0,"menu_order":0,"comment_status":"closed","ping_status":"closed","template":"single-two.php","meta":[],"acf":[],"yoast_head":"<!-- This site is optimized with the Yoast SEO plugin v19.4 - https:\/\/yoast.com\/wordpress\/plugins\/seo\/ -->\n<title>Ferienhaus Portreath : Lower Nance Cottage - Urlaub &amp; Reisen<\/title>\n<meta name=\"robots\" content=\"index, follow, max-snippet:-1, max-image-preview:large, max-video-preview:-1\" \/>\n<link rel=\"canonical\" href=\"https:\/\/www.urlaubcornwall.de\/blog\/ferienhaus-portreath-lower-nance-cottage\/\" \/>\n<meta property=\"og:locale\" content=\"en_US\" \/>\n<meta property=\"og:type\" content=\"article\" \/>\n<meta property=\"og:title\" content=\"Ferienhaus Portreath : Lower Nance Cottage - Urlaub &amp; Reisen\" \/>\n<meta property=\"og:description\" content=\"3 Schlafzimmer, Schlafplatz f\u00fcr 4 + Kinderbett , leider keine Haustiere erlaubt, Ferienhaus 1.9 Kilometer SO von Portreath, Nordk\u00fcste Cornwall Lediglich drei Minuten Autofahrt vom Sandstrand bei Portreath entfernt, ist Lower Nance Ferienhaus ein entz\u00fcckendes, traditionell eingerichtetes, frei stehendes Steinhaus im Herzen der kleinen Siedlung Bridge gelegen, mit eigenem, eingegrenztem Rasengarten. Suche Ferienh\u00e4user Portreath Neben [&hellip;]\" \/>\n<meta property=\"og:url\" content=\"https:\/\/www.urlaubcornwall.de\/blog\/ferienhaus-portreath-lower-nance-cottage\/\" \/>\n<meta property=\"og:site_name\" content=\"Urlaub &amp; Reisen\" \/>\n<meta property=\"article:modified_time\" content=\"2021-08-31T15:14:30+00:00\" \/>\n<meta name=\"twitter:card\" content=\"summary\" \/>\n<meta name=\"twitter:label1\" content=\"Est. reading time\" \/>\n\t<meta name=\"twitter:data1\" content=\"1 minute\" \/>\n<script type=\"application\/ld+json\" class=\"yoast-schema-graph\">{\"@context\":\"https:\/\/schema.org\",\"@graph\":[{\"@type\":\"WebSite\",\"@id\":\"https:\/\/www.urlaubcornwall.de\/blog\/#website\",\"url\":\"https:\/\/www.urlaubcornwall.de\/blog\/\",\"name\":\"Urlaub &amp; Reisen\",\"description\":\"Urlaub, Reisen, Cornwall und S\u00fcdengland: eine perfekte Kombination\",\"potentialAction\":[{\"@type\":\"SearchAction\",\"target\":{\"@type\":\"EntryPoint\",\"urlTemplate\":\"https:\/\/www.urlaubcornwall.de\/blog\/?s={search_term_string}\"},\"query-input\":\"required name=search_term_string\"}],\"inLanguage\":\"en-US\"},{\"@type\":\"WebPage\",\"@id\":\"https:\/\/www.urlaubcornwall.de\/blog\/ferienhaus-portreath-lower-nance-cottage\/\",\"url\":\"https:\/\/www.urlaubcornwall.de\/blog\/ferienhaus-portreath-lower-nance-cottage\/\",\"name\":\"Ferienhaus Portreath : Lower Nance Cottage - Urlaub &amp; Reisen\",\"isPartOf\":{\"@id\":\"https:\/\/www.urlaubcornwall.de\/blog\/#website\"},\"datePublished\":\"2014-05-11T11:35:53+00:00\",\"dateModified\":\"2021-08-31T15:14:30+00:00\",\"breadcrumb\":{\"@id\":\"https:\/\/www.urlaubcornwall.de\/blog\/ferienhaus-portreath-lower-nance-cottage\/#breadcrumb\"},\"inLanguage\":\"en-US\",\"potentialAction\":[{\"@type\":\"ReadAction\",\"target\":[\"https:\/\/www.urlaubcornwall.de\/blog\/ferienhaus-portreath-lower-nance-cottage\/\"]}]},{\"@type\":\"BreadcrumbList\",\"@id\":\"https:\/\/www.urlaubcornwall.de\/blog\/ferienhaus-portreath-lower-nance-cottage\/#breadcrumb\",\"itemListElement\":[{\"@type\":\"ListItem\",\"position\":1,\"name\":\"Home\",\"item\":\"https:\/\/www.urlaubcornwall.de\/blog\/\"},{\"@type\":\"ListItem\",\"position\":2,\"name\":\"Ferienhaus Portreath : Lower Nance Cottage\"}]}]}<\/script>\n<!-- \/ Yoast SEO plugin. -->","yoast_head_json":{"title":"Ferienhaus Portreath : Lower Nance Cottage - Urlaub &amp; Reisen","robots":{"index":"index","follow":"follow","max-snippet":"max-snippet:-1","max-image-preview":"max-image-preview:large","max-video-preview":"max-video-preview:-1"},"canonical":"https:\/\/www.urlaubcornwall.de\/blog\/ferienhaus-portreath-lower-nance-cottage\/","og_locale":"en_US","og_type":"article","og_title":"Ferienhaus Portreath : Lower Nance Cottage - Urlaub &amp; Reisen","og_description":"3 Schlafzimmer, Schlafplatz f\u00fcr 4 + Kinderbett , leider keine Haustiere erlaubt, Ferienhaus 1.9 Kilometer SO von Portreath, Nordk\u00fcste Cornwall Lediglich drei Minuten Autofahrt vom Sandstrand bei Portreath entfernt, ist Lower Nance Ferienhaus ein entz\u00fcckendes, traditionell eingerichtetes, frei stehendes Steinhaus im Herzen der kleinen Siedlung Bridge gelegen, mit eigenem, eingegrenztem Rasengarten. Suche Ferienh\u00e4user Portreath Neben [&hellip;]","og_url":"https:\/\/www.urlaubcornwall.de\/blog\/ferienhaus-portreath-lower-nance-cottage\/","og_site_name":"Urlaub &amp; Reisen","article_modified_time":"2021-08-31T15:14:30+00:00","twitter_card":"summary","twitter_misc":{"Est. reading time":"1 minute"},"schema":{"@context":"https:\/\/schema.org","@graph":[{"@type":"WebSite","@id":"https:\/\/www.urlaubcornwall.de\/blog\/#website","url":"https:\/\/www.urlaubcornwall.de\/blog\/","name":"Urlaub &amp; Reisen","description":"Urlaub, Reisen, Cornwall und S\u00fcdengland: eine perfekte Kombination","potentialAction":[{"@type":"SearchAction","target":{"@type":"EntryPoint","urlTemplate":"https:\/\/www.urlaubcornwall.de\/blog\/?s={search_term_string}"},"query-input":"required name=search_term_string"}],"inLanguage":"en-US"},{"@type":"WebPage","@id":"https:\/\/www.urlaubcornwall.de\/blog\/ferienhaus-portreath-lower-nance-cottage\/","url":"https:\/\/www.urlaubcornwall.de\/blog\/ferienhaus-portreath-lower-nance-cottage\/","name":"Ferienhaus Portreath : Lower Nance Cottage - Urlaub &amp; Reisen","isPartOf":{"@id":"https:\/\/www.urlaubcornwall.de\/blog\/#website"},"datePublished":"2014-05-11T11:35:53+00:00","dateModified":"2021-08-31T15:14:30+00:00","breadcrumb":{"@id":"https:\/\/www.urlaubcornwall.de\/blog\/ferienhaus-portreath-lower-nance-cottage\/#breadcrumb"},"inLanguage":"en-US","potentialAction":[{"@type":"ReadAction","target":["https:\/\/www.urlaubcornwall.de\/blog\/ferienhaus-portreath-lower-nance-cottage\/"]}]},{"@type":"BreadcrumbList","@id":"https:\/\/www.urlaubcornwall.de\/blog\/ferienhaus-portreath-lower-nance-cottage\/#breadcrumb","itemListElement":[{"@type":"ListItem","position":1,"name":"Home","item":"https:\/\/www.urlaubcornwall.de\/blog\/"},{"@type":"ListItem","position":2,"name":"Ferienhaus Portreath : Lower Nance Cottage"}]}]}},"_links":{"self":[{"href":"https:\/\/www.urlaubcornwall.de\/blog\/wp-json\/wp\/v2\/pages\/15285"}],"collection":[{"href":"https:\/\/www.urlaubcornwall.de\/blog\/wp-json\/wp\/v2\/pages"}],"about":[{"href":"https:\/\/www.urlaubcornwall.de\/blog\/wp-json\/wp\/v2\/types\/page"}],"author":[{"embeddable":true,"href":"https:\/\/www.urlaubcornwall.de\/blog\/wp-json\/wp\/v2\/users\/1"}],"replies":[{"embeddable":true,"href":"https:\/\/www.urlaubcornwall.de\/blog\/wp-json\/wp\/v2\/comments?post=15285"}],"version-history":[{"count":5,"href":"https:\/\/www.urlaubcornwall.de\/blog\/wp-json\/wp\/v2\/pages\/15285\/revisions"}],"predecessor-version":[{"id":42367,"href":"https:\/\/www.urlaubcornwall.de\/blog\/wp-json\/wp\/v2\/pages\/15285\/revisions\/42367"}],"wp:attachment":[{"href":"https:\/\/www.urlaubcornwall.de\/blog\/wp-json\/wp\/v2\/media?parent=15285"}],"curies":[{"name":"wp","href":"https:\/\/api.w.org\/{rel}","templated":true}]}}