{"id":15275,"date":"2014-05-11T11:15:38","date_gmt":"2014-05-11T11:15:38","guid":{"rendered":"https:\/\/www.urlaubcornwall.de\/blog\/?page_id=15275"},"modified":"2021-08-31T15:12:12","modified_gmt":"2021-08-31T15:12:12","slug":"ferienhaus-helford-helford-fluss-house","status":"publish","type":"page","link":"https:\/\/www.urlaubcornwall.de\/blog\/ferienhaus-helford-helford-fluss-house\/","title":{"rendered":"Ferienhaus Helford : Helford Fluss House"},"content":{"rendered":"<p><strong>3 Schlafzimmer, Schlafplatz f\u00fcr 6 + Kinderbett , leider keine Haustiere erlaubt, Ferienhaus mit Meerblick 7.2 Kilometer SW von Falmouth, S\u00fcdwest-Cornwall<\/strong><\/p>\n<p>An einer der begehrenswertesten Privatstra\u00dfen Cornwalls an den Ufern des ruhigen Helford River gelegen, jedoch vor Blicken versteckt, ist dieses h\u00fcbsche alleinstehende Geb\u00e4ude ein wahrhaftes Urlaubsversteck. Sie erreichen es \u00fcber einen steilen Zickzackweg zwischen B\u00e4umen hindurch. Wenn Sie erst einmal fast die Haust\u00fcre erreicht haben, wissen Sie dieses sehr spezielle Haus zu sch\u00e4tzen.<\/p>\n<p style=\"text-align: center;\"><a class=\"tidycta\" href=\"https:\/\/www.urlaubcornwall.de\/ferienhaeuser-fewos\/helford.html\"><\/a>Suche Ferienh\u00e4user Helford<\/p>\n<p>Wie Sie sich vorstellen k\u00f6nnen, ist die Au\u00dfenanlage genauso von Wichtigkeit wie das Innere. Somit machen also ein gro\u00dfer h\u00f6lzerner Freisitz mit Blick \u00fcber den Fluss zum Port Navas und ein Patio Garten am Flussufer (bitte achten Sie auf Kinder) das Beste aus dieser erstaunlichen Lage. Das gro\u00dfz\u00fcgige Hauptschlafzimmer genie\u00dft ebenfalls Blick zur Wasserseite, und das Stockbettzimmer nebenan ist geradezu ideal f\u00fcr Ihre kleinen Abenteurer und hat sogar seine eigene Dusche. Das zweite Doppelzimmer hat, wenngleich es kompakt ist, doch gen\u00fcgend Platz f\u00fcr zwei Personen.<\/p>\n<p>Der Gro\u00dfe Wohn-\/Essbereich mit seinem soliden Holzboden eignet sich hervorragend, um G\u00e4ste zu unterhalten, verf\u00fcgt \u00fcber Doppelt\u00fcren, die auf den Freisitz f\u00fchren und ein offenes Feuer f\u00fcr die k\u00fchleren Abende. Dieses Zuhause vom Zuhause am Flussufer k\u00f6nnte also all Ihre Ferienw\u00fcnsche erf\u00fcllen. Ob Sie nun Erkundungen machen oder einfach nur entspannen wollen, Helford House kann Ihnen alles bieten mit den nahe gelegenen D\u00f6rfern Mawnan Smith und Constantine und nur eine kurze Autofahrt entfernt von den gr\u00f6\u00dferen St\u00e4dten Falmouth, Helston und der Kathedralenstadt Truro.<\/p>\n<p><strong>M\u00f6glichkeiten &amp; Dienstleistungen<\/strong><\/p>\n<p>\u2022 einschlie\u00dflich Heizung und Kinderreisebett, Hochstuhl, Wi-Fi<br \/>\n\u2022 private Parkm\u00f6glichkeit f\u00fcr 3 Autos<br \/>\n\u2022 Freisitzm\u00f6bel<br \/>\n\u2022 Einkaufsm\u00f6glichkeit: 1,5 Meilen<br \/>\n\u2022 Kneipe: 1,5 Meilen<br \/>\n\u2022 Golf (9 Loch): 0,5 Meilen<br \/>\n\u2022 Nichtraucher<br \/>\n\u2022 keine Haustiere<br \/>\n\u2022 Ankunft\/Abreise Samstag<\/p>\n<p style=\"text-align: center;\"><a class=\"tidycta\" href=\"https:\/\/www.urlaubcornwall.de\/ferienhaeuser-fewos\/helford.html\"><\/a>Suche Ferienh\u00e4user Helford<\/p>\n","protected":false},"excerpt":{"rendered":"<p>3 Schlafzimmer, Schlafplatz f\u00fcr 6 + Kinderbett , leider keine Haustiere erlaubt, Ferienhaus mit Meerblick 7.2 Kilometer SW von Falmouth, S\u00fcdwest-Cornwall An einer der begehrenswertesten Privatstra\u00dfen Cornwalls an den Ufern des ruhigen Helford River gelegen, jedoch vor Blicken versteckt, ist dieses h\u00fcbsche alleinstehende Geb\u00e4ude ein wahrhaftes Urlaubsversteck. Sie erreichen es \u00fcber einen steilen Zickzackweg zwischen [&hellip;]<\/p>\n","protected":false},"author":1,"featured_media":0,"parent":0,"menu_order":0,"comment_status":"closed","ping_status":"closed","template":"single-two.php","meta":[],"acf":[],"yoast_head":"<!-- This site is optimized with the Yoast SEO plugin v19.4 - https:\/\/yoast.com\/wordpress\/plugins\/seo\/ -->\n<title>Ferienhaus Helford : Helford Fluss House - Urlaub &amp; Reisen<\/title>\n<meta name=\"robots\" content=\"index, follow, max-snippet:-1, max-image-preview:large, max-video-preview:-1\" \/>\n<link rel=\"canonical\" href=\"https:\/\/www.urlaubcornwall.de\/blog\/ferienhaus-helford-helford-fluss-house\/\" \/>\n<meta property=\"og:locale\" content=\"en_US\" \/>\n<meta property=\"og:type\" content=\"article\" \/>\n<meta property=\"og:title\" content=\"Ferienhaus Helford : Helford Fluss House - Urlaub &amp; Reisen\" \/>\n<meta property=\"og:description\" content=\"3 Schlafzimmer, Schlafplatz f\u00fcr 6 + Kinderbett , leider keine Haustiere erlaubt, Ferienhaus mit Meerblick 7.2 Kilometer SW von Falmouth, S\u00fcdwest-Cornwall An einer der begehrenswertesten Privatstra\u00dfen Cornwalls an den Ufern des ruhigen Helford River gelegen, jedoch vor Blicken versteckt, ist dieses h\u00fcbsche alleinstehende Geb\u00e4ude ein wahrhaftes Urlaubsversteck. Sie erreichen es \u00fcber einen steilen Zickzackweg zwischen [&hellip;]\" \/>\n<meta property=\"og:url\" content=\"https:\/\/www.urlaubcornwall.de\/blog\/ferienhaus-helford-helford-fluss-house\/\" \/>\n<meta property=\"og:site_name\" content=\"Urlaub &amp; Reisen\" \/>\n<meta property=\"article:modified_time\" content=\"2021-08-31T15:12:12+00:00\" \/>\n<meta name=\"twitter:card\" content=\"summary\" \/>\n<meta name=\"twitter:label1\" content=\"Est. reading time\" \/>\n\t<meta name=\"twitter:data1\" content=\"2 minutes\" \/>\n<script type=\"application\/ld+json\" class=\"yoast-schema-graph\">{\"@context\":\"https:\/\/schema.org\",\"@graph\":[{\"@type\":\"WebSite\",\"@id\":\"https:\/\/www.urlaubcornwall.de\/blog\/#website\",\"url\":\"https:\/\/www.urlaubcornwall.de\/blog\/\",\"name\":\"Urlaub &amp; Reisen\",\"description\":\"Urlaub, Reisen, Cornwall und S\u00fcdengland: eine perfekte Kombination\",\"potentialAction\":[{\"@type\":\"SearchAction\",\"target\":{\"@type\":\"EntryPoint\",\"urlTemplate\":\"https:\/\/www.urlaubcornwall.de\/blog\/?s={search_term_string}\"},\"query-input\":\"required name=search_term_string\"}],\"inLanguage\":\"en-US\"},{\"@type\":\"WebPage\",\"@id\":\"https:\/\/www.urlaubcornwall.de\/blog\/ferienhaus-helford-helford-fluss-house\/\",\"url\":\"https:\/\/www.urlaubcornwall.de\/blog\/ferienhaus-helford-helford-fluss-house\/\",\"name\":\"Ferienhaus Helford : Helford Fluss House - Urlaub &amp; Reisen\",\"isPartOf\":{\"@id\":\"https:\/\/www.urlaubcornwall.de\/blog\/#website\"},\"datePublished\":\"2014-05-11T11:15:38+00:00\",\"dateModified\":\"2021-08-31T15:12:12+00:00\",\"breadcrumb\":{\"@id\":\"https:\/\/www.urlaubcornwall.de\/blog\/ferienhaus-helford-helford-fluss-house\/#breadcrumb\"},\"inLanguage\":\"en-US\",\"potentialAction\":[{\"@type\":\"ReadAction\",\"target\":[\"https:\/\/www.urlaubcornwall.de\/blog\/ferienhaus-helford-helford-fluss-house\/\"]}]},{\"@type\":\"BreadcrumbList\",\"@id\":\"https:\/\/www.urlaubcornwall.de\/blog\/ferienhaus-helford-helford-fluss-house\/#breadcrumb\",\"itemListElement\":[{\"@type\":\"ListItem\",\"position\":1,\"name\":\"Home\",\"item\":\"https:\/\/www.urlaubcornwall.de\/blog\/\"},{\"@type\":\"ListItem\",\"position\":2,\"name\":\"Ferienhaus Helford : Helford Fluss House\"}]}]}<\/script>\n<!-- \/ Yoast SEO plugin. -->","yoast_head_json":{"title":"Ferienhaus Helford : Helford Fluss House - Urlaub &amp; Reisen","robots":{"index":"index","follow":"follow","max-snippet":"max-snippet:-1","max-image-preview":"max-image-preview:large","max-video-preview":"max-video-preview:-1"},"canonical":"https:\/\/www.urlaubcornwall.de\/blog\/ferienhaus-helford-helford-fluss-house\/","og_locale":"en_US","og_type":"article","og_title":"Ferienhaus Helford : Helford Fluss House - Urlaub &amp; Reisen","og_description":"3 Schlafzimmer, Schlafplatz f\u00fcr 6 + Kinderbett , leider keine Haustiere erlaubt, Ferienhaus mit Meerblick 7.2 Kilometer SW von Falmouth, S\u00fcdwest-Cornwall An einer der begehrenswertesten Privatstra\u00dfen Cornwalls an den Ufern des ruhigen Helford River gelegen, jedoch vor Blicken versteckt, ist dieses h\u00fcbsche alleinstehende Geb\u00e4ude ein wahrhaftes Urlaubsversteck. Sie erreichen es \u00fcber einen steilen Zickzackweg zwischen [&hellip;]","og_url":"https:\/\/www.urlaubcornwall.de\/blog\/ferienhaus-helford-helford-fluss-house\/","og_site_name":"Urlaub &amp; Reisen","article_modified_time":"2021-08-31T15:12:12+00:00","twitter_card":"summary","twitter_misc":{"Est. reading time":"2 minutes"},"schema":{"@context":"https:\/\/schema.org","@graph":[{"@type":"WebSite","@id":"https:\/\/www.urlaubcornwall.de\/blog\/#website","url":"https:\/\/www.urlaubcornwall.de\/blog\/","name":"Urlaub &amp; Reisen","description":"Urlaub, Reisen, Cornwall und S\u00fcdengland: eine perfekte Kombination","potentialAction":[{"@type":"SearchAction","target":{"@type":"EntryPoint","urlTemplate":"https:\/\/www.urlaubcornwall.de\/blog\/?s={search_term_string}"},"query-input":"required name=search_term_string"}],"inLanguage":"en-US"},{"@type":"WebPage","@id":"https:\/\/www.urlaubcornwall.de\/blog\/ferienhaus-helford-helford-fluss-house\/","url":"https:\/\/www.urlaubcornwall.de\/blog\/ferienhaus-helford-helford-fluss-house\/","name":"Ferienhaus Helford : Helford Fluss House - Urlaub &amp; Reisen","isPartOf":{"@id":"https:\/\/www.urlaubcornwall.de\/blog\/#website"},"datePublished":"2014-05-11T11:15:38+00:00","dateModified":"2021-08-31T15:12:12+00:00","breadcrumb":{"@id":"https:\/\/www.urlaubcornwall.de\/blog\/ferienhaus-helford-helford-fluss-house\/#breadcrumb"},"inLanguage":"en-US","potentialAction":[{"@type":"ReadAction","target":["https:\/\/www.urlaubcornwall.de\/blog\/ferienhaus-helford-helford-fluss-house\/"]}]},{"@type":"BreadcrumbList","@id":"https:\/\/www.urlaubcornwall.de\/blog\/ferienhaus-helford-helford-fluss-house\/#breadcrumb","itemListElement":[{"@type":"ListItem","position":1,"name":"Home","item":"https:\/\/www.urlaubcornwall.de\/blog\/"},{"@type":"ListItem","position":2,"name":"Ferienhaus Helford : Helford Fluss House"}]}]}},"_links":{"self":[{"href":"https:\/\/www.urlaubcornwall.de\/blog\/wp-json\/wp\/v2\/pages\/15275"}],"collection":[{"href":"https:\/\/www.urlaubcornwall.de\/blog\/wp-json\/wp\/v2\/pages"}],"about":[{"href":"https:\/\/www.urlaubcornwall.de\/blog\/wp-json\/wp\/v2\/types\/page"}],"author":[{"embeddable":true,"href":"https:\/\/www.urlaubcornwall.de\/blog\/wp-json\/wp\/v2\/users\/1"}],"replies":[{"embeddable":true,"href":"https:\/\/www.urlaubcornwall.de\/blog\/wp-json\/wp\/v2\/comments?post=15275"}],"version-history":[{"count":5,"href":"https:\/\/www.urlaubcornwall.de\/blog\/wp-json\/wp\/v2\/pages\/15275\/revisions"}],"predecessor-version":[{"id":42365,"href":"https:\/\/www.urlaubcornwall.de\/blog\/wp-json\/wp\/v2\/pages\/15275\/revisions\/42365"}],"wp:attachment":[{"href":"https:\/\/www.urlaubcornwall.de\/blog\/wp-json\/wp\/v2\/media?parent=15275"}],"curies":[{"name":"wp","href":"https:\/\/api.w.org\/{rel}","templated":true}]}}