{"id":15263,"date":"2014-05-11T10:59:13","date_gmt":"2014-05-11T10:59:13","guid":{"rendered":"https:\/\/www.urlaubcornwall.de\/blog\/?page_id=15263"},"modified":"2021-08-31T15:10:52","modified_gmt":"2021-08-31T15:10:52","slug":"ferienhaus-gwithian-count-house-cottage","status":"publish","type":"page","link":"https:\/\/www.urlaubcornwall.de\/blog\/ferienhaus-gwithian-count-house-cottage\/","title":{"rendered":"Ferienhaus Gwithian : Count House Cottage"},"content":{"rendered":"<p><strong>1 Schlafzimmer, Schlafplatz f\u00fcr 2 , leider keine Haustiere erlaubt, Ferienhaus 1.8 Kilometer O von Hayle, S\u00fcdwest-Cornwall<\/strong><\/p>\n<p>Das h\u00fcbsche Count House Cottage liegt nur wenige Minuten Autofahrt von den langen Sandstr\u00e4nden der Hayle Towans und Gwithian entfernt und nur f\u00fcnf Meilen von St Ives mit seinen Galerien, Einkaufsgesch\u00e4ften und Restaurants, und es liegt ebenso g\u00fcnstig, um die S\u00fcdk\u00fcste zu erreichen.<\/p>\n<p style=\"text-align: center;\"><a class=\"tidycta\" href=\"https:\/\/www.urlaubcornwall.de\/ferienhaeuser-fewos\/hayle.html\"><\/a>Suche Ferienh\u00e4user Gwithian<\/p>\n<p>Ideal also gelegen, um diesen wundersch\u00f6nen Teil Cornwalls zu erkunden, ist das Cottage an das Zuhause der Besitzer angebaut, liegt dennoch in l\u00e4ndlicher, friedvollen Idylle neben einer Sackgasse, die zu einem sehr kleinen privaten <a href=\"https:\/\/www.urlaubcornwall.de\/blog\/glamping-camping-in-cornwall-und-devon-auf-die-andere-art\/\">Campingplatz<\/a> 500 Yards weiter entfernt f\u00fchrt. Der sonnige, nach S\u00fcden hin gelegene Garten wird gesch\u00fctzt von einer hohen Steinmauer an der Frontseite und blickt \u00fcber den gro\u00dfen hinteren Rasen der Besitzer. Im Inneren f\u00fchrt der gem\u00fctliche Wohn-\/Essbereich hin\u00fcber in einen kleinen Sonnenraum und die voll ausgestattete moderne K\u00fcche. Das Badezimmer befindet sich ebenfalls im Erdgeschoss, und die schmale, steile Treppe f\u00fchrt hinauf in das sehr ger\u00e4umige Schlafzimmer, das \u00fcber einen herrlichen Blick \u00fcber die Landschaft hinweg verf\u00fcgt.<\/p>\n<p>M\u00f6glichkeiten &amp; Dienstleistungen<\/p>\n<p>\u2022 einschlie\u00dflich Heizung und Wi-Fi<br \/>\n\u2022 private Parkm\u00f6glichkeit f\u00fcr 2 Autos<br \/>\n\u2022 Freisitzm\u00f6bel und Grill<br \/>\n\u2022 Einkaufsm\u00f6glichkeit: 1Meile<br \/>\n\u2022 Kneipe: 1,5 Meilen<br \/>\n\u2022 \u00f6ffentliche Telefonzelle: 1,5 Meilen<br \/>\n\u2022 keine Kinder unter 16<br \/>\n\u2022 Nichtraucher.<br \/>\n\u2022 keine Haustiere<br \/>\n\u2022 Ankunft\/Abreise Freitag<\/p>\n<p style=\"text-align: center;\"><a class=\"tidycta\" href=\"https:\/\/www.urlaubcornwall.de\/ferienhaeuser-fewos\/hayle.html\"><\/a>Suche Ferienh\u00e4user Gwithian<\/p>\n","protected":false},"excerpt":{"rendered":"<p>1 Schlafzimmer, Schlafplatz f\u00fcr 2 , leider keine Haustiere erlaubt, Ferienhaus 1.8 Kilometer O von Hayle, S\u00fcdwest-Cornwall Das h\u00fcbsche Count House Cottage liegt nur wenige Minuten Autofahrt von den langen Sandstr\u00e4nden der Hayle Towans und Gwithian entfernt und nur f\u00fcnf Meilen von St Ives mit seinen Galerien, Einkaufsgesch\u00e4ften und Restaurants, und es liegt ebenso g\u00fcnstig, [&hellip;]<\/p>\n","protected":false},"author":1,"featured_media":0,"parent":0,"menu_order":0,"comment_status":"closed","ping_status":"closed","template":"single-two.php","meta":[],"acf":[],"yoast_head":"<!-- This site is optimized with the Yoast SEO plugin v19.4 - https:\/\/yoast.com\/wordpress\/plugins\/seo\/ -->\n<title>Ferienhaus Gwithian : Count House Cottage - Urlaub &amp; Reisen<\/title>\n<meta name=\"robots\" content=\"index, follow, max-snippet:-1, max-image-preview:large, max-video-preview:-1\" \/>\n<link rel=\"canonical\" href=\"https:\/\/www.urlaubcornwall.de\/blog\/ferienhaus-gwithian-count-house-cottage\/\" \/>\n<meta property=\"og:locale\" content=\"en_US\" \/>\n<meta property=\"og:type\" content=\"article\" \/>\n<meta property=\"og:title\" content=\"Ferienhaus Gwithian : Count House Cottage - Urlaub &amp; Reisen\" \/>\n<meta property=\"og:description\" content=\"1 Schlafzimmer, Schlafplatz f\u00fcr 2 , leider keine Haustiere erlaubt, Ferienhaus 1.8 Kilometer O von Hayle, S\u00fcdwest-Cornwall Das h\u00fcbsche Count House Cottage liegt nur wenige Minuten Autofahrt von den langen Sandstr\u00e4nden der Hayle Towans und Gwithian entfernt und nur f\u00fcnf Meilen von St Ives mit seinen Galerien, Einkaufsgesch\u00e4ften und Restaurants, und es liegt ebenso g\u00fcnstig, [&hellip;]\" \/>\n<meta property=\"og:url\" content=\"https:\/\/www.urlaubcornwall.de\/blog\/ferienhaus-gwithian-count-house-cottage\/\" \/>\n<meta property=\"og:site_name\" content=\"Urlaub &amp; Reisen\" \/>\n<meta property=\"article:modified_time\" content=\"2021-08-31T15:10:52+00:00\" \/>\n<meta name=\"twitter:card\" content=\"summary\" \/>\n<meta name=\"twitter:label1\" content=\"Est. reading time\" \/>\n\t<meta name=\"twitter:data1\" content=\"1 minute\" \/>\n<script type=\"application\/ld+json\" class=\"yoast-schema-graph\">{\"@context\":\"https:\/\/schema.org\",\"@graph\":[{\"@type\":\"WebSite\",\"@id\":\"https:\/\/www.urlaubcornwall.de\/blog\/#website\",\"url\":\"https:\/\/www.urlaubcornwall.de\/blog\/\",\"name\":\"Urlaub &amp; Reisen\",\"description\":\"Urlaub, Reisen, Cornwall und S\u00fcdengland: eine perfekte Kombination\",\"potentialAction\":[{\"@type\":\"SearchAction\",\"target\":{\"@type\":\"EntryPoint\",\"urlTemplate\":\"https:\/\/www.urlaubcornwall.de\/blog\/?s={search_term_string}\"},\"query-input\":\"required name=search_term_string\"}],\"inLanguage\":\"en-US\"},{\"@type\":\"WebPage\",\"@id\":\"https:\/\/www.urlaubcornwall.de\/blog\/ferienhaus-gwithian-count-house-cottage\/\",\"url\":\"https:\/\/www.urlaubcornwall.de\/blog\/ferienhaus-gwithian-count-house-cottage\/\",\"name\":\"Ferienhaus Gwithian : Count House Cottage - Urlaub &amp; Reisen\",\"isPartOf\":{\"@id\":\"https:\/\/www.urlaubcornwall.de\/blog\/#website\"},\"datePublished\":\"2014-05-11T10:59:13+00:00\",\"dateModified\":\"2021-08-31T15:10:52+00:00\",\"breadcrumb\":{\"@id\":\"https:\/\/www.urlaubcornwall.de\/blog\/ferienhaus-gwithian-count-house-cottage\/#breadcrumb\"},\"inLanguage\":\"en-US\",\"potentialAction\":[{\"@type\":\"ReadAction\",\"target\":[\"https:\/\/www.urlaubcornwall.de\/blog\/ferienhaus-gwithian-count-house-cottage\/\"]}]},{\"@type\":\"BreadcrumbList\",\"@id\":\"https:\/\/www.urlaubcornwall.de\/blog\/ferienhaus-gwithian-count-house-cottage\/#breadcrumb\",\"itemListElement\":[{\"@type\":\"ListItem\",\"position\":1,\"name\":\"Home\",\"item\":\"https:\/\/www.urlaubcornwall.de\/blog\/\"},{\"@type\":\"ListItem\",\"position\":2,\"name\":\"Ferienhaus Gwithian : Count House Cottage\"}]}]}<\/script>\n<!-- \/ Yoast SEO plugin. -->","yoast_head_json":{"title":"Ferienhaus Gwithian : Count House Cottage - Urlaub &amp; Reisen","robots":{"index":"index","follow":"follow","max-snippet":"max-snippet:-1","max-image-preview":"max-image-preview:large","max-video-preview":"max-video-preview:-1"},"canonical":"https:\/\/www.urlaubcornwall.de\/blog\/ferienhaus-gwithian-count-house-cottage\/","og_locale":"en_US","og_type":"article","og_title":"Ferienhaus Gwithian : Count House Cottage - Urlaub &amp; Reisen","og_description":"1 Schlafzimmer, Schlafplatz f\u00fcr 2 , leider keine Haustiere erlaubt, Ferienhaus 1.8 Kilometer O von Hayle, S\u00fcdwest-Cornwall Das h\u00fcbsche Count House Cottage liegt nur wenige Minuten Autofahrt von den langen Sandstr\u00e4nden der Hayle Towans und Gwithian entfernt und nur f\u00fcnf Meilen von St Ives mit seinen Galerien, Einkaufsgesch\u00e4ften und Restaurants, und es liegt ebenso g\u00fcnstig, [&hellip;]","og_url":"https:\/\/www.urlaubcornwall.de\/blog\/ferienhaus-gwithian-count-house-cottage\/","og_site_name":"Urlaub &amp; Reisen","article_modified_time":"2021-08-31T15:10:52+00:00","twitter_card":"summary","twitter_misc":{"Est. reading time":"1 minute"},"schema":{"@context":"https:\/\/schema.org","@graph":[{"@type":"WebSite","@id":"https:\/\/www.urlaubcornwall.de\/blog\/#website","url":"https:\/\/www.urlaubcornwall.de\/blog\/","name":"Urlaub &amp; Reisen","description":"Urlaub, Reisen, Cornwall und S\u00fcdengland: eine perfekte Kombination","potentialAction":[{"@type":"SearchAction","target":{"@type":"EntryPoint","urlTemplate":"https:\/\/www.urlaubcornwall.de\/blog\/?s={search_term_string}"},"query-input":"required name=search_term_string"}],"inLanguage":"en-US"},{"@type":"WebPage","@id":"https:\/\/www.urlaubcornwall.de\/blog\/ferienhaus-gwithian-count-house-cottage\/","url":"https:\/\/www.urlaubcornwall.de\/blog\/ferienhaus-gwithian-count-house-cottage\/","name":"Ferienhaus Gwithian : Count House Cottage - Urlaub &amp; Reisen","isPartOf":{"@id":"https:\/\/www.urlaubcornwall.de\/blog\/#website"},"datePublished":"2014-05-11T10:59:13+00:00","dateModified":"2021-08-31T15:10:52+00:00","breadcrumb":{"@id":"https:\/\/www.urlaubcornwall.de\/blog\/ferienhaus-gwithian-count-house-cottage\/#breadcrumb"},"inLanguage":"en-US","potentialAction":[{"@type":"ReadAction","target":["https:\/\/www.urlaubcornwall.de\/blog\/ferienhaus-gwithian-count-house-cottage\/"]}]},{"@type":"BreadcrumbList","@id":"https:\/\/www.urlaubcornwall.de\/blog\/ferienhaus-gwithian-count-house-cottage\/#breadcrumb","itemListElement":[{"@type":"ListItem","position":1,"name":"Home","item":"https:\/\/www.urlaubcornwall.de\/blog\/"},{"@type":"ListItem","position":2,"name":"Ferienhaus Gwithian : Count House Cottage"}]}]}},"_links":{"self":[{"href":"https:\/\/www.urlaubcornwall.de\/blog\/wp-json\/wp\/v2\/pages\/15263"}],"collection":[{"href":"https:\/\/www.urlaubcornwall.de\/blog\/wp-json\/wp\/v2\/pages"}],"about":[{"href":"https:\/\/www.urlaubcornwall.de\/blog\/wp-json\/wp\/v2\/types\/page"}],"author":[{"embeddable":true,"href":"https:\/\/www.urlaubcornwall.de\/blog\/wp-json\/wp\/v2\/users\/1"}],"replies":[{"embeddable":true,"href":"https:\/\/www.urlaubcornwall.de\/blog\/wp-json\/wp\/v2\/comments?post=15263"}],"version-history":[{"count":5,"href":"https:\/\/www.urlaubcornwall.de\/blog\/wp-json\/wp\/v2\/pages\/15263\/revisions"}],"predecessor-version":[{"id":42364,"href":"https:\/\/www.urlaubcornwall.de\/blog\/wp-json\/wp\/v2\/pages\/15263\/revisions\/42364"}],"wp:attachment":[{"href":"https:\/\/www.urlaubcornwall.de\/blog\/wp-json\/wp\/v2\/media?parent=15263"}],"curies":[{"name":"wp","href":"https:\/\/api.w.org\/{rel}","templated":true}]}}