{"id":15249,"date":"2014-05-11T09:03:14","date_gmt":"2014-05-11T09:03:14","guid":{"rendered":"https:\/\/www.urlaubcornwall.de\/blog\/?page_id=15249"},"modified":"2021-08-31T14:41:20","modified_gmt":"2021-08-31T14:41:20","slug":"ferienhaus-st-austell-lantern-cottage","status":"publish","type":"page","link":"https:\/\/www.urlaubcornwall.de\/blog\/ferienhaus-st-austell-lantern-cottage\/","title":{"rendered":"Ferienhaus St Austell : Lantern Cottage"},"content":{"rendered":"<p><strong>3 Schlafzimmer , Schlafplatz f\u00fcr 4 , leider keine Haustiere erlaubt, Ferienhaus strandnah Charlestown, S\u00fcdk\u00fcste Cornwall<\/strong> <\/p>\n<p>Im historischen Hafen von Charlestown bei St Austell liegen Klipper, und Bootsbauer kommen hier noch immer ihrer Arbeit nach. Lantern Cottage ist Teil einer entz\u00fcckenden georgianischen Terrasse hinter einem langen Vorderrasen gelegen, eingeschlossen von Palisadenz\u00e4unen und einem majest\u00e4tischen Eichenbaum.<\/p>\n<p style=\"text-align: center;\"><a class=\"tidycta\" href=\"https:\/\/www.urlaubcornwall.de\/ferienhaeuser-fewos\/st-austell.html\"><\/a>Ferienh\u00e4user St Austell<\/p>\n<p>Dieses herrliche kleine Ferienhaus, einf\u00fchlsam restauriert, um die urspr\u00fcngliche Pracht hervorzuheben, verf\u00fcgt au\u00dferdem \u00fcber s\u00e4mtliche Annehmlichkeiten des 21. Jahrhunderts. Wundersch\u00f6ne M\u00f6bel, hervorragende Tapeten und herrliche Stoffe erg\u00e4nzen originelle Erscheinungen, wie Schiebefenster, niedere T\u00fcrrahmen und Schieferplatten, die alle von vergangenen Zeiten zeugen. Sofas umrahmen im Wohnzimmer ein offenes Feuer, w\u00e4hrend handgearbeitete Schrankelemente, ein kleiner K\u00fcchenherd und ein Belfast Sp\u00fclbecken zum historischen Charakter des K\u00fcchen-\/Essbereichs beitragen.<\/p>\n<p>Im Obergeschoss ist jedes der Schlafzimmer wundersch\u00f6n ausgestattet, und sie teilen sich ein kleines, doch funktionelles Badezimmer. Charlestown ist bezaubernd mit seinen Kneipen, einem Restaurant, Teeh\u00e4usern und kleinen Gesch\u00e4ften. Der Hafen befindet sich einen zweimin\u00fctigen Spaziergang entfernt; mit den Kippern direkt vor der Haust\u00fcre und Zugang zum Strand und den K\u00fcstenwanderwegen. Das Eden Projekt, die G\u00e4rten von Heligan, die Segelstadt Fowey und der Fischerhafen Mevagissey sind allesamt leicht mit dem Auto erreichbar.<\/p>\n<p><strong>M\u00f6glichkeiten &amp; Dienstleistungen<\/strong><\/p>\n<p>\u2022 einschlie\u00dflich Heizung und Wi-Fi<br \/>\n\u2022 Parkm\u00f6glichkeit an der Stra\u00dfe; \u00f6ffentlicher Parkplatz: 300 yds<br \/>\n\u2022 Gartenm\u00f6bel und Grill<br \/>\n\u2022 Einkaufsm\u00f6glichkeit: 300 yds<br \/>\n\u2022 Kneipe: 300 yds<br \/>\n\u2022 \u00f6ffentliche Telefonzelle: 300 yds<br \/>\n\u2022 keine Kinder unter 5 Jahren<br \/>\n\u2022 Nichtraucher<br \/>\n\u2022 keine Haustiere<br \/>\n\u2022 Ankunft\/Abreise Freitag<\/p>\n<p style=\"text-align: center;\"><a class=\"tidycta\" href=\"https:\/\/www.urlaubcornwall.de\/ferienhaeuser-fewos\/st-austell.html\"><\/a>Ferienh\u00e4user St Austell<\/p>\n","protected":false},"excerpt":{"rendered":"<p>3 Schlafzimmer , Schlafplatz f\u00fcr 4 , leider keine Haustiere erlaubt, Ferienhaus strandnah Charlestown, S\u00fcdk\u00fcste Cornwall Im historischen Hafen von Charlestown bei St Austell liegen Klipper, und Bootsbauer kommen hier noch immer ihrer Arbeit nach. Lantern Cottage ist Teil einer entz\u00fcckenden georgianischen Terrasse hinter einem langen Vorderrasen gelegen, eingeschlossen von Palisadenz\u00e4unen und einem majest\u00e4tischen Eichenbaum. [&hellip;]<\/p>\n","protected":false},"author":1,"featured_media":0,"parent":0,"menu_order":0,"comment_status":"closed","ping_status":"closed","template":"single-two.php","meta":[],"acf":[],"yoast_head":"<!-- This site is optimized with the Yoast SEO plugin v19.4 - https:\/\/yoast.com\/wordpress\/plugins\/seo\/ -->\n<title>Ferienhaus St Austell : Lantern Cottage - Urlaub &amp; Reisen<\/title>\n<meta name=\"robots\" content=\"index, follow, max-snippet:-1, max-image-preview:large, max-video-preview:-1\" \/>\n<link rel=\"canonical\" href=\"https:\/\/www.urlaubcornwall.de\/blog\/ferienhaus-st-austell-lantern-cottage\/\" \/>\n<meta property=\"og:locale\" content=\"en_US\" \/>\n<meta property=\"og:type\" content=\"article\" \/>\n<meta property=\"og:title\" content=\"Ferienhaus St Austell : Lantern Cottage - Urlaub &amp; Reisen\" \/>\n<meta property=\"og:description\" content=\"3 Schlafzimmer , Schlafplatz f\u00fcr 4 , leider keine Haustiere erlaubt, Ferienhaus strandnah Charlestown, S\u00fcdk\u00fcste Cornwall Im historischen Hafen von Charlestown bei St Austell liegen Klipper, und Bootsbauer kommen hier noch immer ihrer Arbeit nach. Lantern Cottage ist Teil einer entz\u00fcckenden georgianischen Terrasse hinter einem langen Vorderrasen gelegen, eingeschlossen von Palisadenz\u00e4unen und einem majest\u00e4tischen Eichenbaum. [&hellip;]\" \/>\n<meta property=\"og:url\" content=\"https:\/\/www.urlaubcornwall.de\/blog\/ferienhaus-st-austell-lantern-cottage\/\" \/>\n<meta property=\"og:site_name\" content=\"Urlaub &amp; Reisen\" \/>\n<meta property=\"article:modified_time\" content=\"2021-08-31T14:41:20+00:00\" \/>\n<meta name=\"twitter:card\" content=\"summary\" \/>\n<meta name=\"twitter:label1\" content=\"Est. reading time\" \/>\n\t<meta name=\"twitter:data1\" content=\"1 minute\" \/>\n<script type=\"application\/ld+json\" class=\"yoast-schema-graph\">{\"@context\":\"https:\/\/schema.org\",\"@graph\":[{\"@type\":\"WebSite\",\"@id\":\"https:\/\/www.urlaubcornwall.de\/blog\/#website\",\"url\":\"https:\/\/www.urlaubcornwall.de\/blog\/\",\"name\":\"Urlaub &amp; Reisen\",\"description\":\"Urlaub, Reisen, Cornwall und S\u00fcdengland: eine perfekte Kombination\",\"potentialAction\":[{\"@type\":\"SearchAction\",\"target\":{\"@type\":\"EntryPoint\",\"urlTemplate\":\"https:\/\/www.urlaubcornwall.de\/blog\/?s={search_term_string}\"},\"query-input\":\"required name=search_term_string\"}],\"inLanguage\":\"en-US\"},{\"@type\":\"WebPage\",\"@id\":\"https:\/\/www.urlaubcornwall.de\/blog\/ferienhaus-st-austell-lantern-cottage\/\",\"url\":\"https:\/\/www.urlaubcornwall.de\/blog\/ferienhaus-st-austell-lantern-cottage\/\",\"name\":\"Ferienhaus St Austell : Lantern Cottage - Urlaub &amp; Reisen\",\"isPartOf\":{\"@id\":\"https:\/\/www.urlaubcornwall.de\/blog\/#website\"},\"datePublished\":\"2014-05-11T09:03:14+00:00\",\"dateModified\":\"2021-08-31T14:41:20+00:00\",\"breadcrumb\":{\"@id\":\"https:\/\/www.urlaubcornwall.de\/blog\/ferienhaus-st-austell-lantern-cottage\/#breadcrumb\"},\"inLanguage\":\"en-US\",\"potentialAction\":[{\"@type\":\"ReadAction\",\"target\":[\"https:\/\/www.urlaubcornwall.de\/blog\/ferienhaus-st-austell-lantern-cottage\/\"]}]},{\"@type\":\"BreadcrumbList\",\"@id\":\"https:\/\/www.urlaubcornwall.de\/blog\/ferienhaus-st-austell-lantern-cottage\/#breadcrumb\",\"itemListElement\":[{\"@type\":\"ListItem\",\"position\":1,\"name\":\"Home\",\"item\":\"https:\/\/www.urlaubcornwall.de\/blog\/\"},{\"@type\":\"ListItem\",\"position\":2,\"name\":\"Ferienhaus St Austell : Lantern Cottage\"}]}]}<\/script>\n<!-- \/ Yoast SEO plugin. -->","yoast_head_json":{"title":"Ferienhaus St Austell : Lantern Cottage - Urlaub &amp; Reisen","robots":{"index":"index","follow":"follow","max-snippet":"max-snippet:-1","max-image-preview":"max-image-preview:large","max-video-preview":"max-video-preview:-1"},"canonical":"https:\/\/www.urlaubcornwall.de\/blog\/ferienhaus-st-austell-lantern-cottage\/","og_locale":"en_US","og_type":"article","og_title":"Ferienhaus St Austell : Lantern Cottage - Urlaub &amp; Reisen","og_description":"3 Schlafzimmer , Schlafplatz f\u00fcr 4 , leider keine Haustiere erlaubt, Ferienhaus strandnah Charlestown, S\u00fcdk\u00fcste Cornwall Im historischen Hafen von Charlestown bei St Austell liegen Klipper, und Bootsbauer kommen hier noch immer ihrer Arbeit nach. Lantern Cottage ist Teil einer entz\u00fcckenden georgianischen Terrasse hinter einem langen Vorderrasen gelegen, eingeschlossen von Palisadenz\u00e4unen und einem majest\u00e4tischen Eichenbaum. [&hellip;]","og_url":"https:\/\/www.urlaubcornwall.de\/blog\/ferienhaus-st-austell-lantern-cottage\/","og_site_name":"Urlaub &amp; Reisen","article_modified_time":"2021-08-31T14:41:20+00:00","twitter_card":"summary","twitter_misc":{"Est. reading time":"1 minute"},"schema":{"@context":"https:\/\/schema.org","@graph":[{"@type":"WebSite","@id":"https:\/\/www.urlaubcornwall.de\/blog\/#website","url":"https:\/\/www.urlaubcornwall.de\/blog\/","name":"Urlaub &amp; Reisen","description":"Urlaub, Reisen, Cornwall und S\u00fcdengland: eine perfekte Kombination","potentialAction":[{"@type":"SearchAction","target":{"@type":"EntryPoint","urlTemplate":"https:\/\/www.urlaubcornwall.de\/blog\/?s={search_term_string}"},"query-input":"required name=search_term_string"}],"inLanguage":"en-US"},{"@type":"WebPage","@id":"https:\/\/www.urlaubcornwall.de\/blog\/ferienhaus-st-austell-lantern-cottage\/","url":"https:\/\/www.urlaubcornwall.de\/blog\/ferienhaus-st-austell-lantern-cottage\/","name":"Ferienhaus St Austell : Lantern Cottage - Urlaub &amp; Reisen","isPartOf":{"@id":"https:\/\/www.urlaubcornwall.de\/blog\/#website"},"datePublished":"2014-05-11T09:03:14+00:00","dateModified":"2021-08-31T14:41:20+00:00","breadcrumb":{"@id":"https:\/\/www.urlaubcornwall.de\/blog\/ferienhaus-st-austell-lantern-cottage\/#breadcrumb"},"inLanguage":"en-US","potentialAction":[{"@type":"ReadAction","target":["https:\/\/www.urlaubcornwall.de\/blog\/ferienhaus-st-austell-lantern-cottage\/"]}]},{"@type":"BreadcrumbList","@id":"https:\/\/www.urlaubcornwall.de\/blog\/ferienhaus-st-austell-lantern-cottage\/#breadcrumb","itemListElement":[{"@type":"ListItem","position":1,"name":"Home","item":"https:\/\/www.urlaubcornwall.de\/blog\/"},{"@type":"ListItem","position":2,"name":"Ferienhaus St Austell : Lantern Cottage"}]}]}},"_links":{"self":[{"href":"https:\/\/www.urlaubcornwall.de\/blog\/wp-json\/wp\/v2\/pages\/15249"}],"collection":[{"href":"https:\/\/www.urlaubcornwall.de\/blog\/wp-json\/wp\/v2\/pages"}],"about":[{"href":"https:\/\/www.urlaubcornwall.de\/blog\/wp-json\/wp\/v2\/types\/page"}],"author":[{"embeddable":true,"href":"https:\/\/www.urlaubcornwall.de\/blog\/wp-json\/wp\/v2\/users\/1"}],"replies":[{"embeddable":true,"href":"https:\/\/www.urlaubcornwall.de\/blog\/wp-json\/wp\/v2\/comments?post=15249"}],"version-history":[{"count":12,"href":"https:\/\/www.urlaubcornwall.de\/blog\/wp-json\/wp\/v2\/pages\/15249\/revisions"}],"predecessor-version":[{"id":42362,"href":"https:\/\/www.urlaubcornwall.de\/blog\/wp-json\/wp\/v2\/pages\/15249\/revisions\/42362"}],"wp:attachment":[{"href":"https:\/\/www.urlaubcornwall.de\/blog\/wp-json\/wp\/v2\/media?parent=15249"}],"curies":[{"name":"wp","href":"https:\/\/api.w.org\/{rel}","templated":true}]}}