{"id":15238,"date":"2014-05-10T16:41:43","date_gmt":"2014-05-10T16:41:43","guid":{"rendered":"https:\/\/www.urlaubcornwall.de\/blog\/?page_id=15238"},"modified":"2021-08-31T14:33:59","modified_gmt":"2021-08-31T14:33:59","slug":"perranporth-ferienhaus-und-ferienwohnung-strandblick","status":"publish","type":"page","link":"https:\/\/www.urlaubcornwall.de\/blog\/perranporth-ferienhaus-und-ferienwohnung-strandblick\/","title":{"rendered":"Perranporth Ferienhaus und Ferienwohnung : Strandblick"},"content":{"rendered":"<p><strong>2 Schlafzimmer, Schlafplatz f\u00fcr 4 + Kinderbett , hundefreundlich, Ferienwohnung mit Meerblick Perranporth, Nordk\u00fcste Cornwall. Preisspanne J (\u00a3414 &#8211; \u00a31041)<\/strong><\/p>\n<p>Mit bezauberndem Blick vom Erkerfenster aus \u00fcber den Strand Perranporths hinweg, ist Beach View sicherlich das beneidenswerteste der 14 Ferienwohnungen in diesem interessanten und ungew\u00f6hnlichen Geb\u00e4ude. Stufen f\u00fchren hinab zum Appartement, das einen der T\u00fcrme des Droskyn Castle bildet, f\u00fcr vier Personen geeignet ist und besticht mit einer Eckposition auf dem ersten Stock. Der offene Wohnbereich ist gro\u00dfz\u00fcgig, und der Essbereich befindet sich innerhalb des Erkerfensters, welches eine hervorragende Position bietet, um den herrlichen Blick zu genie\u00dfen. Die beiden Schlafzimmer verf\u00fcgen \u00fcber Meeresblick (das Hauptschlafzimmer hat ein Doppelbett und auch ein Stockbett).<\/p>\n<p style=\"text-align: center;\"><a class=\"tidycta\" href=\"https:\/\/www.urlaubcornwall.de\/ferienhaeuser-fewos\/perranporth.html\"><\/a>Suche Ferienh\u00e4user Perranporth<\/p>\n<p>Vom gemeinschaftlichen Garten aus sehen Sie drei Meilen Sandstrand (siehe Foto), der bekannt ist bei Schwimmern und Surfern. Ein kurzer Spaziergang den H\u00fcgel hinunter bringt Sie nach Perranporth, ein beliebtes K\u00fcstendorf mit einer gro\u00dfen Anzahl an Caf\u00e9s, Kneipen, Restaurants und Einkaufsgesch\u00e4ften. Beach View eignet sich ideal als Ausgangsbasis, um Nordcornwall zu erobern, liegt aber auch in Reichweite der Kathedralenstadt Truro und der Hafenstadt Falmouth. * Ein Kinderreisebett kann nicht zur Verf\u00fcgung gestellt werden. Bitte bringen Sie Ihr eigenes mit.<\/p>\n<p><strong>M\u00f6glichkeiten &amp; Dienstleistungen<\/strong><\/p>\n<p>\u2022 einschlie\u00dflich Heizung \u2013 2 Kinderhochst\u00fchle, Wi-Fi<br \/>\n\u2022 private Parkm\u00f6glichkeit f\u00fcr 2 Autos<br \/>\n\u2022 Einkaufsm\u00f6glichkeit: 0.5 Meilen<br \/>\n\u2022 Kneipe: 0.5 Meilen<br \/>\n\u2022 \u00f6ffentliche Telefonzelle: 0.5 Meilen<br \/>\n\u2022 Golf (18 Loch): 1Meile<br \/>\n\u2022 Reitstallungen: 1Meile<br \/>\n\u2022 Nichtraucher<br \/>\n\u2022 Hunde willkommen (nur 1)<br \/>\n\u2022 Anreise\/Abreise Samstag<\/p>\n<p style=\"text-align: center;\"><a class=\"tidycta\" href=\"https:\/\/www.urlaubcornwall.de\/ferienhaeuser-fewos\/perranporth.html\"><\/a>Suche Ferienh\u00e4user Perranporth<\/p>\n","protected":false},"excerpt":{"rendered":"<p>2 Schlafzimmer, Schlafplatz f\u00fcr 4 + Kinderbett , hundefreundlich, Ferienwohnung mit Meerblick Perranporth, Nordk\u00fcste Cornwall. Preisspanne J (\u00a3414 &#8211; \u00a31041) Mit bezauberndem Blick vom Erkerfenster aus \u00fcber den Strand Perranporths hinweg, ist Beach View sicherlich das beneidenswerteste der 14 Ferienwohnungen in diesem interessanten und ungew\u00f6hnlichen Geb\u00e4ude. Stufen f\u00fchren hinab zum Appartement, das einen der T\u00fcrme [&hellip;]<\/p>\n","protected":false},"author":1,"featured_media":0,"parent":0,"menu_order":0,"comment_status":"closed","ping_status":"closed","template":"single-two.php","meta":[],"acf":[],"yoast_head":"<!-- This site is optimized with the Yoast SEO plugin v19.4 - https:\/\/yoast.com\/wordpress\/plugins\/seo\/ -->\n<title>Perranporth Ferienhaus und Ferienwohnung : Strandblick - Urlaub &amp; Reisen<\/title>\n<meta name=\"robots\" content=\"index, follow, max-snippet:-1, max-image-preview:large, max-video-preview:-1\" \/>\n<link rel=\"canonical\" href=\"https:\/\/www.urlaubcornwall.de\/blog\/perranporth-ferienhaus-und-ferienwohnung-strandblick\/\" \/>\n<meta property=\"og:locale\" content=\"en_US\" \/>\n<meta property=\"og:type\" content=\"article\" \/>\n<meta property=\"og:title\" content=\"Perranporth Ferienhaus und Ferienwohnung : Strandblick - Urlaub &amp; Reisen\" \/>\n<meta property=\"og:description\" content=\"2 Schlafzimmer, Schlafplatz f\u00fcr 4 + Kinderbett , hundefreundlich, Ferienwohnung mit Meerblick Perranporth, Nordk\u00fcste Cornwall. Preisspanne J (\u00a3414 &#8211; \u00a31041) Mit bezauberndem Blick vom Erkerfenster aus \u00fcber den Strand Perranporths hinweg, ist Beach View sicherlich das beneidenswerteste der 14 Ferienwohnungen in diesem interessanten und ungew\u00f6hnlichen Geb\u00e4ude. Stufen f\u00fchren hinab zum Appartement, das einen der T\u00fcrme [&hellip;]\" \/>\n<meta property=\"og:url\" content=\"https:\/\/www.urlaubcornwall.de\/blog\/perranporth-ferienhaus-und-ferienwohnung-strandblick\/\" \/>\n<meta property=\"og:site_name\" content=\"Urlaub &amp; Reisen\" \/>\n<meta property=\"article:modified_time\" content=\"2021-08-31T14:33:59+00:00\" \/>\n<meta name=\"twitter:card\" content=\"summary\" \/>\n<meta name=\"twitter:label1\" content=\"Est. reading time\" \/>\n\t<meta name=\"twitter:data1\" content=\"1 minute\" \/>\n<script type=\"application\/ld+json\" class=\"yoast-schema-graph\">{\"@context\":\"https:\/\/schema.org\",\"@graph\":[{\"@type\":\"WebSite\",\"@id\":\"https:\/\/www.urlaubcornwall.de\/blog\/#website\",\"url\":\"https:\/\/www.urlaubcornwall.de\/blog\/\",\"name\":\"Urlaub &amp; Reisen\",\"description\":\"Urlaub, Reisen, Cornwall und S\u00fcdengland: eine perfekte Kombination\",\"potentialAction\":[{\"@type\":\"SearchAction\",\"target\":{\"@type\":\"EntryPoint\",\"urlTemplate\":\"https:\/\/www.urlaubcornwall.de\/blog\/?s={search_term_string}\"},\"query-input\":\"required name=search_term_string\"}],\"inLanguage\":\"en-US\"},{\"@type\":\"WebPage\",\"@id\":\"https:\/\/www.urlaubcornwall.de\/blog\/perranporth-ferienhaus-und-ferienwohnung-strandblick\/\",\"url\":\"https:\/\/www.urlaubcornwall.de\/blog\/perranporth-ferienhaus-und-ferienwohnung-strandblick\/\",\"name\":\"Perranporth Ferienhaus und Ferienwohnung : Strandblick - Urlaub &amp; Reisen\",\"isPartOf\":{\"@id\":\"https:\/\/www.urlaubcornwall.de\/blog\/#website\"},\"datePublished\":\"2014-05-10T16:41:43+00:00\",\"dateModified\":\"2021-08-31T14:33:59+00:00\",\"breadcrumb\":{\"@id\":\"https:\/\/www.urlaubcornwall.de\/blog\/perranporth-ferienhaus-und-ferienwohnung-strandblick\/#breadcrumb\"},\"inLanguage\":\"en-US\",\"potentialAction\":[{\"@type\":\"ReadAction\",\"target\":[\"https:\/\/www.urlaubcornwall.de\/blog\/perranporth-ferienhaus-und-ferienwohnung-strandblick\/\"]}]},{\"@type\":\"BreadcrumbList\",\"@id\":\"https:\/\/www.urlaubcornwall.de\/blog\/perranporth-ferienhaus-und-ferienwohnung-strandblick\/#breadcrumb\",\"itemListElement\":[{\"@type\":\"ListItem\",\"position\":1,\"name\":\"Home\",\"item\":\"https:\/\/www.urlaubcornwall.de\/blog\/\"},{\"@type\":\"ListItem\",\"position\":2,\"name\":\"Perranporth Ferienhaus und Ferienwohnung : Strandblick\"}]}]}<\/script>\n<!-- \/ Yoast SEO plugin. -->","yoast_head_json":{"title":"Perranporth Ferienhaus und Ferienwohnung : Strandblick - Urlaub &amp; Reisen","robots":{"index":"index","follow":"follow","max-snippet":"max-snippet:-1","max-image-preview":"max-image-preview:large","max-video-preview":"max-video-preview:-1"},"canonical":"https:\/\/www.urlaubcornwall.de\/blog\/perranporth-ferienhaus-und-ferienwohnung-strandblick\/","og_locale":"en_US","og_type":"article","og_title":"Perranporth Ferienhaus und Ferienwohnung : Strandblick - Urlaub &amp; Reisen","og_description":"2 Schlafzimmer, Schlafplatz f\u00fcr 4 + Kinderbett , hundefreundlich, Ferienwohnung mit Meerblick Perranporth, Nordk\u00fcste Cornwall. Preisspanne J (\u00a3414 &#8211; \u00a31041) Mit bezauberndem Blick vom Erkerfenster aus \u00fcber den Strand Perranporths hinweg, ist Beach View sicherlich das beneidenswerteste der 14 Ferienwohnungen in diesem interessanten und ungew\u00f6hnlichen Geb\u00e4ude. Stufen f\u00fchren hinab zum Appartement, das einen der T\u00fcrme [&hellip;]","og_url":"https:\/\/www.urlaubcornwall.de\/blog\/perranporth-ferienhaus-und-ferienwohnung-strandblick\/","og_site_name":"Urlaub &amp; Reisen","article_modified_time":"2021-08-31T14:33:59+00:00","twitter_card":"summary","twitter_misc":{"Est. reading time":"1 minute"},"schema":{"@context":"https:\/\/schema.org","@graph":[{"@type":"WebSite","@id":"https:\/\/www.urlaubcornwall.de\/blog\/#website","url":"https:\/\/www.urlaubcornwall.de\/blog\/","name":"Urlaub &amp; Reisen","description":"Urlaub, Reisen, Cornwall und S\u00fcdengland: eine perfekte Kombination","potentialAction":[{"@type":"SearchAction","target":{"@type":"EntryPoint","urlTemplate":"https:\/\/www.urlaubcornwall.de\/blog\/?s={search_term_string}"},"query-input":"required name=search_term_string"}],"inLanguage":"en-US"},{"@type":"WebPage","@id":"https:\/\/www.urlaubcornwall.de\/blog\/perranporth-ferienhaus-und-ferienwohnung-strandblick\/","url":"https:\/\/www.urlaubcornwall.de\/blog\/perranporth-ferienhaus-und-ferienwohnung-strandblick\/","name":"Perranporth Ferienhaus und Ferienwohnung : Strandblick - Urlaub &amp; Reisen","isPartOf":{"@id":"https:\/\/www.urlaubcornwall.de\/blog\/#website"},"datePublished":"2014-05-10T16:41:43+00:00","dateModified":"2021-08-31T14:33:59+00:00","breadcrumb":{"@id":"https:\/\/www.urlaubcornwall.de\/blog\/perranporth-ferienhaus-und-ferienwohnung-strandblick\/#breadcrumb"},"inLanguage":"en-US","potentialAction":[{"@type":"ReadAction","target":["https:\/\/www.urlaubcornwall.de\/blog\/perranporth-ferienhaus-und-ferienwohnung-strandblick\/"]}]},{"@type":"BreadcrumbList","@id":"https:\/\/www.urlaubcornwall.de\/blog\/perranporth-ferienhaus-und-ferienwohnung-strandblick\/#breadcrumb","itemListElement":[{"@type":"ListItem","position":1,"name":"Home","item":"https:\/\/www.urlaubcornwall.de\/blog\/"},{"@type":"ListItem","position":2,"name":"Perranporth Ferienhaus und Ferienwohnung : Strandblick"}]}]}},"_links":{"self":[{"href":"https:\/\/www.urlaubcornwall.de\/blog\/wp-json\/wp\/v2\/pages\/15238"}],"collection":[{"href":"https:\/\/www.urlaubcornwall.de\/blog\/wp-json\/wp\/v2\/pages"}],"about":[{"href":"https:\/\/www.urlaubcornwall.de\/blog\/wp-json\/wp\/v2\/types\/page"}],"author":[{"embeddable":true,"href":"https:\/\/www.urlaubcornwall.de\/blog\/wp-json\/wp\/v2\/users\/1"}],"replies":[{"embeddable":true,"href":"https:\/\/www.urlaubcornwall.de\/blog\/wp-json\/wp\/v2\/comments?post=15238"}],"version-history":[{"count":5,"href":"https:\/\/www.urlaubcornwall.de\/blog\/wp-json\/wp\/v2\/pages\/15238\/revisions"}],"predecessor-version":[{"id":42356,"href":"https:\/\/www.urlaubcornwall.de\/blog\/wp-json\/wp\/v2\/pages\/15238\/revisions\/42356"}],"wp:attachment":[{"href":"https:\/\/www.urlaubcornwall.de\/blog\/wp-json\/wp\/v2\/media?parent=15238"}],"curies":[{"name":"wp","href":"https:\/\/api.w.org\/{rel}","templated":true}]}}