{"id":15223,"date":"2014-05-09T12:58:42","date_gmt":"2014-05-09T12:58:42","guid":{"rendered":"https:\/\/www.urlaubcornwall.de\/blog\/?page_id=15223"},"modified":"2018-08-31T11:13:46","modified_gmt":"2018-08-31T11:13:46","slug":"kinderhotels-in-cornwall","status":"publish","type":"page","link":"https:\/\/www.urlaubcornwall.de\/blog\/kinderhotels-in-cornwall\/","title":{"rendered":"Kinderhotels in Cornwall"},"content":{"rendered":"<p>Cornwall ist Familien-Urlaubsregion f\u00fcr viele und unsere Auswahl an Kinderhotels bietet die perfekte Unterkunft f\u00fcr Ihren Familienurlaub in Cornwall, S\u00fcdengland. In einem Familienhotel finden Sie, was immer Sie brauchen, wie zum Beispiel gro\u00dfe Familiensuiten mit getrennten Schlafbereichen, Unterhaltungsprogramm, Kinderklubs, Babybetreuungsservice und verschiedene Speisem\u00f6glichkeiten.<\/p>\n<h3><span style=\"color: #999999;\">Sands Resort Hotel &#8211; Newquay, Nordk\u00fcste Cornwall<br \/>\n<\/span><\/h3>\n<table>\n<tbody>\n<tr>\n<td><img loading=\"lazy\" class=\"aligncenter size-full wp-image-6642\" style=\"border: 0pt none; padding: 0px;\" src=\"https:\/\/www.urlaubcornwall.de\/blog\/wp-content\/uploads\/2012\/12\/BSHOTELsunrise1-Custom.jpg\" alt=\"Familienhotel Cornwall\" width=\"148\" height=\"118\" \/><\/td>\n<td>Das Sands Resort Hotel befindet sich in perfekter Lage an der Nordk\u00fcste Cornwalls, unweit von Newquay mit seinen fantastischen Sandstr\u00e4nden. Dieses familienfreundliche Hotel bietet Urlaubskomfort zu tollen Preisen.<br \/>\n<strong><a href=\"https:\/\/www.urlaubcornwall.de\/blog\/das-sands-resort-in-newquay-ein-preisgekroentes-familienhotel-an-der-nordkueste-cornwalls\/\" target=\"_blank\"><span style=\"text-decoration: underline;\">Lesen Sie den vollst\u00e4ndigen Beitrag<\/span>&gt;&gt;<\/a><\/strong><br \/>\n<strong><a href=\"https:\/\/www.booking.com\/hotel\/gb\/sands-resort-amp-spa.en.html?aid=1320750&#038;no_rooms=1&#038;group_adults=2&#038;room1=A%2CA\" rel=\"nofollow\"><span style=\"text-decoration: underline;\">Mehr Info<\/span>&gt;&gt;<\/a><\/strong><\/td>\n<\/tr>\n<\/tbody>\n<\/table>\n<h3><\/h3>\n<h3><span style=\"color: #999999;\">Polurrian Hotel &#8211; Mullion, Lizard-Halbinsel, S\u00fcdk\u00fcste Cornwall<br \/>\n<\/span><\/h3>\n<table>\n<tbody>\n<tr>\n<td><img loading=\"lazy\" class=\"aligncenter size-full wp-image-6647\" style=\"border: 0pt none; padding: 0px;\" src=\"https:\/\/www.urlaubcornwall.de\/blog\/wp-content\/uploads\/2012\/12\/polurrian-sunset-Custom.jpg\" alt=\"polurrian-sunset \" width=\"148\" height=\"118\" \/><\/td>\n<td>Stilvolles Familienhotel, neu renoviert und perfekt f\u00fcr Ihren Traumurlaub am Meer in Cornwall. Familienfreundliche Einrichtungen mit kostenlosem Kinderhort f\u00fcr kleinere Kinder.<br \/>\n<a href=\"https:\/\/www.urlaubcornwall.de\/blog\/das-polurrian-bay-hotel-beeindruckt-mit-stilvollem-ambiente-herrlichem-meerblick-und-familienfreundlichen-einrichtungen\/\"><strong><span style=\"text-decoration: underline;\">Lesen Sie den vollst\u00e4ndigen Beitrag<\/span>&gt;&gt;<\/strong><\/a><br \/>\n<strong><a href=\"https:\/\/www.booking.com\/hotel\/gb\/polurrianhotel.en.html?aid=1320750&#038;no_rooms=1&#038;group_adults=2&#038;room1=A%2CA\" rel=\"nofollow\"><span style=\"text-decoration: underline;\">Webseite des Hotels<\/span>&gt;&gt;<\/a><\/strong><\/td>\n<\/tr>\n<\/tbody>\n<\/table>\n<h3><\/h3>\n<h3><span style=\"color: #999999;\">Fowey Hall &#8211; Fowey, S\u00fcdk\u00fcste Cornwall<br \/>\n<\/span><\/h3>\n<table>\n<tbody>\n<tr>\n<td><img loading=\"lazy\" class=\"aligncenter size-full wp-image-6645\" style=\"border: 0pt none; padding: 0px;\" src=\"https:\/\/www.urlaubcornwall.de\/blog\/wp-content\/uploads\/2012\/12\/Fowey-Hall-Hotel-Custom.jpg\" alt=\"Fowey Hall Hotel\" width=\"148\" height=\"118\" \/><\/td>\n<td>Die familienfreundliche Fowey Hall bietet komfortablen Luxus in einer spektakul\u00e4ren K\u00fcstenlandschaft, mit Blick \u00fcber das Fischerdorf Fowey; mit einem kostenlosen Kinderhort f\u00fcr Kleinkinder und Aktivit\u00e4ten f\u00fcr die ganze Familie.<br \/>\n<a href=\"https:\/\/www.urlaubcornwall.de\/blog\/luxusurlaub-mit-kindern-das-fowey-hall-hotel-an-der-suedkueste-von-cornwall-bietet-die-perfekte-kombination-aus-familienfreundlichen-einrichtungen-und-modernem-luxus\/\"><strong><span style=\"text-decoration: underline;\">Lesen Sie den vollst\u00e4ndigen Beitrag<\/span>&gt;&gt;<\/strong><\/a><br \/>\n<strong><a href=\"https:\/\/www.booking.com\/hotel\/gb\/fowey-hall-a-luxury-family.en.html?aid=1320750&#038;no_rooms=1&#038;group_adults=2&#038;room1=A%2CA\" rel=\"nofollow\"><span style=\"text-decoration: underline;\">Webseite des Hotels<\/span>&gt;&gt;<\/a><\/strong><\/td>\n<\/tr>\n<\/tbody>\n<\/table>\n<p>All unsere Kinderhotels verf\u00fcgen \u00fcber Meeresblick, und Sie finden nahe gelegene Str\u00e4nde f\u00fcr wahrhaft unvergessliche Ferien f\u00fcr Ihre Kinder. Allerdings wissen wir auch, dass Eltern ebenso gro\u00dfartigen Urlaub verbringen wollen. Daher haben all die Hotels, die wir besuchen und ausw\u00e4hlen, Stil und einen Hauch Luxus. Ein Mahl ohne Kind am Ende eines gesch\u00e4ftigen Tages am Strand oder ein Besuch der \u00f6rtlichen Attraktionen ist die perfekte Art und Weise, um zu entspannen und auch Meeresfr\u00fcchte zu genie\u00dfen, f\u00fcr die Cornwall bekannt ist.<\/p>\n<p style=\"text-align: center;\"><b>Klicken Sie <\/b><strong>hie<\/strong>r<b>, um sich unser vollst\u00e4ndiges Angebot der besten <a href=\"https:\/\/www.urlaubcornwall.de\/hotels.php\">Hotels in Cornwall&gt;&gt;<\/a><\/b><\/p>\n","protected":false},"excerpt":{"rendered":"<p>Cornwall ist Familien-Urlaubsregion f\u00fcr viele und unsere Auswahl an Kinderhotels bietet die perfekte Unterkunft f\u00fcr Ihren Familienurlaub in Cornwall, S\u00fcdengland. In einem Familienhotel finden Sie, was immer Sie brauchen, wie zum Beispiel gro\u00dfe Familiensuiten mit getrennten Schlafbereichen, Unterhaltungsprogramm, Kinderklubs, Babybetreuungsservice und verschiedene Speisem\u00f6glichkeiten. Sands Resort Hotel &#8211; Newquay, Nordk\u00fcste Cornwall Das Sands Resort Hotel befindet [&hellip;]<\/p>\n","protected":false},"author":1,"featured_media":0,"parent":0,"menu_order":0,"comment_status":"closed","ping_status":"closed","template":"single-four.php","meta":[],"acf":[],"yoast_head":"<!-- This site is optimized with the Yoast SEO plugin v19.4 - https:\/\/yoast.com\/wordpress\/plugins\/seo\/ -->\n<title>Kinderhotels in Cornwall - Urlaub &amp; Reisen<\/title>\n<meta name=\"robots\" content=\"index, follow, max-snippet:-1, max-image-preview:large, max-video-preview:-1\" \/>\n<link rel=\"canonical\" href=\"https:\/\/www.urlaubcornwall.de\/blog\/kinderhotels-in-cornwall\/\" \/>\n<meta property=\"og:locale\" content=\"en_US\" \/>\n<meta property=\"og:type\" content=\"article\" \/>\n<meta property=\"og:title\" content=\"Kinderhotels in Cornwall - Urlaub &amp; Reisen\" \/>\n<meta property=\"og:description\" content=\"Cornwall ist Familien-Urlaubsregion f\u00fcr viele und unsere Auswahl an Kinderhotels bietet die perfekte Unterkunft f\u00fcr Ihren Familienurlaub in Cornwall, S\u00fcdengland. In einem Familienhotel finden Sie, was immer Sie brauchen, wie zum Beispiel gro\u00dfe Familiensuiten mit getrennten Schlafbereichen, Unterhaltungsprogramm, Kinderklubs, Babybetreuungsservice und verschiedene Speisem\u00f6glichkeiten. Sands Resort Hotel &#8211; Newquay, Nordk\u00fcste Cornwall Das Sands Resort Hotel befindet [&hellip;]\" \/>\n<meta property=\"og:url\" content=\"https:\/\/www.urlaubcornwall.de\/blog\/kinderhotels-in-cornwall\/\" \/>\n<meta property=\"og:site_name\" content=\"Urlaub &amp; Reisen\" \/>\n<meta property=\"article:modified_time\" content=\"2018-08-31T11:13:46+00:00\" \/>\n<meta property=\"og:image\" content=\"https:\/\/www.urlaubcornwall.de\/blog\/wp-content\/uploads\/2012\/12\/BSHOTELsunrise1-Custom.jpg\" \/>\n<meta name=\"twitter:card\" content=\"summary\" \/>\n<meta name=\"twitter:label1\" content=\"Est. reading time\" \/>\n\t<meta name=\"twitter:data1\" content=\"2 minutes\" \/>\n<script type=\"application\/ld+json\" class=\"yoast-schema-graph\">{\"@context\":\"https:\/\/schema.org\",\"@graph\":[{\"@type\":\"WebSite\",\"@id\":\"https:\/\/www.urlaubcornwall.de\/blog\/#website\",\"url\":\"https:\/\/www.urlaubcornwall.de\/blog\/\",\"name\":\"Urlaub &amp; Reisen\",\"description\":\"Urlaub, Reisen, Cornwall und S\u00fcdengland: eine perfekte Kombination\",\"potentialAction\":[{\"@type\":\"SearchAction\",\"target\":{\"@type\":\"EntryPoint\",\"urlTemplate\":\"https:\/\/www.urlaubcornwall.de\/blog\/?s={search_term_string}\"},\"query-input\":\"required name=search_term_string\"}],\"inLanguage\":\"en-US\"},{\"@type\":\"WebPage\",\"@id\":\"https:\/\/www.urlaubcornwall.de\/blog\/kinderhotels-in-cornwall\/\",\"url\":\"https:\/\/www.urlaubcornwall.de\/blog\/kinderhotels-in-cornwall\/\",\"name\":\"Kinderhotels in Cornwall - Urlaub &amp; Reisen\",\"isPartOf\":{\"@id\":\"https:\/\/www.urlaubcornwall.de\/blog\/#website\"},\"datePublished\":\"2014-05-09T12:58:42+00:00\",\"dateModified\":\"2018-08-31T11:13:46+00:00\",\"breadcrumb\":{\"@id\":\"https:\/\/www.urlaubcornwall.de\/blog\/kinderhotels-in-cornwall\/#breadcrumb\"},\"inLanguage\":\"en-US\",\"potentialAction\":[{\"@type\":\"ReadAction\",\"target\":[\"https:\/\/www.urlaubcornwall.de\/blog\/kinderhotels-in-cornwall\/\"]}]},{\"@type\":\"BreadcrumbList\",\"@id\":\"https:\/\/www.urlaubcornwall.de\/blog\/kinderhotels-in-cornwall\/#breadcrumb\",\"itemListElement\":[{\"@type\":\"ListItem\",\"position\":1,\"name\":\"Home\",\"item\":\"https:\/\/www.urlaubcornwall.de\/blog\/\"},{\"@type\":\"ListItem\",\"position\":2,\"name\":\"Kinderhotels in Cornwall\"}]}]}<\/script>\n<!-- \/ Yoast SEO plugin. -->","yoast_head_json":{"title":"Kinderhotels in Cornwall - Urlaub &amp; Reisen","robots":{"index":"index","follow":"follow","max-snippet":"max-snippet:-1","max-image-preview":"max-image-preview:large","max-video-preview":"max-video-preview:-1"},"canonical":"https:\/\/www.urlaubcornwall.de\/blog\/kinderhotels-in-cornwall\/","og_locale":"en_US","og_type":"article","og_title":"Kinderhotels in Cornwall - Urlaub &amp; Reisen","og_description":"Cornwall ist Familien-Urlaubsregion f\u00fcr viele und unsere Auswahl an Kinderhotels bietet die perfekte Unterkunft f\u00fcr Ihren Familienurlaub in Cornwall, S\u00fcdengland. In einem Familienhotel finden Sie, was immer Sie brauchen, wie zum Beispiel gro\u00dfe Familiensuiten mit getrennten Schlafbereichen, Unterhaltungsprogramm, Kinderklubs, Babybetreuungsservice und verschiedene Speisem\u00f6glichkeiten. Sands Resort Hotel &#8211; Newquay, Nordk\u00fcste Cornwall Das Sands Resort Hotel befindet [&hellip;]","og_url":"https:\/\/www.urlaubcornwall.de\/blog\/kinderhotels-in-cornwall\/","og_site_name":"Urlaub &amp; Reisen","article_modified_time":"2018-08-31T11:13:46+00:00","og_image":[{"url":"https:\/\/www.urlaubcornwall.de\/blog\/wp-content\/uploads\/2012\/12\/BSHOTELsunrise1-Custom.jpg"}],"twitter_card":"summary","twitter_misc":{"Est. reading time":"2 minutes"},"schema":{"@context":"https:\/\/schema.org","@graph":[{"@type":"WebSite","@id":"https:\/\/www.urlaubcornwall.de\/blog\/#website","url":"https:\/\/www.urlaubcornwall.de\/blog\/","name":"Urlaub &amp; Reisen","description":"Urlaub, Reisen, Cornwall und S\u00fcdengland: eine perfekte Kombination","potentialAction":[{"@type":"SearchAction","target":{"@type":"EntryPoint","urlTemplate":"https:\/\/www.urlaubcornwall.de\/blog\/?s={search_term_string}"},"query-input":"required name=search_term_string"}],"inLanguage":"en-US"},{"@type":"WebPage","@id":"https:\/\/www.urlaubcornwall.de\/blog\/kinderhotels-in-cornwall\/","url":"https:\/\/www.urlaubcornwall.de\/blog\/kinderhotels-in-cornwall\/","name":"Kinderhotels in Cornwall - Urlaub &amp; Reisen","isPartOf":{"@id":"https:\/\/www.urlaubcornwall.de\/blog\/#website"},"datePublished":"2014-05-09T12:58:42+00:00","dateModified":"2018-08-31T11:13:46+00:00","breadcrumb":{"@id":"https:\/\/www.urlaubcornwall.de\/blog\/kinderhotels-in-cornwall\/#breadcrumb"},"inLanguage":"en-US","potentialAction":[{"@type":"ReadAction","target":["https:\/\/www.urlaubcornwall.de\/blog\/kinderhotels-in-cornwall\/"]}]},{"@type":"BreadcrumbList","@id":"https:\/\/www.urlaubcornwall.de\/blog\/kinderhotels-in-cornwall\/#breadcrumb","itemListElement":[{"@type":"ListItem","position":1,"name":"Home","item":"https:\/\/www.urlaubcornwall.de\/blog\/"},{"@type":"ListItem","position":2,"name":"Kinderhotels in Cornwall"}]}]}},"_links":{"self":[{"href":"https:\/\/www.urlaubcornwall.de\/blog\/wp-json\/wp\/v2\/pages\/15223"}],"collection":[{"href":"https:\/\/www.urlaubcornwall.de\/blog\/wp-json\/wp\/v2\/pages"}],"about":[{"href":"https:\/\/www.urlaubcornwall.de\/blog\/wp-json\/wp\/v2\/types\/page"}],"author":[{"embeddable":true,"href":"https:\/\/www.urlaubcornwall.de\/blog\/wp-json\/wp\/v2\/users\/1"}],"replies":[{"embeddable":true,"href":"https:\/\/www.urlaubcornwall.de\/blog\/wp-json\/wp\/v2\/comments?post=15223"}],"version-history":[{"count":9,"href":"https:\/\/www.urlaubcornwall.de\/blog\/wp-json\/wp\/v2\/pages\/15223\/revisions"}],"predecessor-version":[{"id":34220,"href":"https:\/\/www.urlaubcornwall.de\/blog\/wp-json\/wp\/v2\/pages\/15223\/revisions\/34220"}],"wp:attachment":[{"href":"https:\/\/www.urlaubcornwall.de\/blog\/wp-json\/wp\/v2\/media?parent=15223"}],"curies":[{"name":"wp","href":"https:\/\/api.w.org\/{rel}","templated":true}]}}