{"id":14937,"date":"2014-04-20T15:48:02","date_gmt":"2014-04-20T15:48:02","guid":{"rendered":"https:\/\/www.urlaubcornwall.de\/blog\/?page_id=14937"},"modified":"2021-08-31T14:28:08","modified_gmt":"2021-08-31T14:28:08","slug":"ferienhaus-falmouth-am-meer-waters-edge","status":"publish","type":"page","link":"https:\/\/www.urlaubcornwall.de\/blog\/ferienhaus-falmouth-am-meer-waters-edge\/","title":{"rendered":"Ferienhaus Falmouth am Meer: Water\u2019s Edge"},"content":{"rendered":"<p>Dieses moderne Reihenhaus am Wasser wird seines Namens gerecht, mit hervorragendem Panoramablick \u00fcber die Carrick Roads bis hin zum malerischen Dorf Flushing. Eine offene Terrasse mit Stufen zum Wasser (bitte Vorsicht mit Kindern) und kleine Balkone am Hauptwohnzimmer und dem Hauptschlafzimmer profitieren von der wundersch\u00f6nen Lage (ein eingegrenzter Hinterhof ist kindersicher).<\/p>\n<p><strong> 3 Schlafzimmer, Schlafplatz f\u00fcr 6 + Kinderbett, leider keine Haustiere erlaubt, Ferienhaus mit Meerblick Falmouth, S\u00fcdk\u00fcste Cornwall, Preisspanne Q (\u00a3567 &#8211; \u00a31581)<\/strong><\/p>\n<p>Die gesch\u00e4ftigen Stra\u00dfen von Falmouth und ihre zahlreichen Gesch\u00e4fte, Restaurants und Kneipen befinden sich lediglich au\u00dferhalb des \u00fcberraschend ruhigen Hofes von Water\u2019s Edge.<\/p>\n<p style=\"text-align: center;\"><a class=\"tidycta\" href=\"https:\/\/www.urlaubcornwall.de\/ferienhaeuser-fewos\/falmouth.html\"><\/a>Suche Ferienh\u00e4user Falmouth<\/p>\n<p>Das Erdgeschoss verf\u00fcgt \u00fcber ein Doppelschlafzimmer, sowie einen gut ausgestatteten K\u00fcchen \/ Essbereich mit Schieferboden und Zugang zur wasserseitig gelegenen Terrasse \u2013 geradezu perfekt, um im Freien zu speisen. Um die Vorz\u00fcge des Meeresblickes zu genie\u00dfen, befindet sich das Hauptwohnzimmer im ersten Stock und hat ein HD Fernsehger\u00e4t, sowie einen Blu-ray Player. Doch werden Sie es wahrscheinlich vorziehen, die Zeit damit zu verbringen, dem Kommen und Gehen auf dem Wasser zuzuschauen. Ein zweites Wohnzimmer bietet eine weiteres Fernsehger\u00e4t und DVD Spieler, B\u00fccher und Spiele. Im Obergeschoss verf\u00fcgt das gro\u00dfe Hauptschlafzimmer \u00fcber einen fantastischen Blick und teilt sich das Familienbadezimmer und einen separaten Garderobenraum mit dem Zwillingsschlafzimmer. Bitte beachten Sie, dass sich der zus\u00e4tzliche Parkplatz eine halbe Meile entfernt befindet.<\/p>\n<p><strong>M\u00f6glichkeiten &amp; Dienstleistungen<\/strong><\/p>\n<p>einschlie\u00dflich Gasheizung \u2013CH. Reisekinderbett. Hochstuhl. WiFi.<br \/>\n\u2022 Garage f\u00fcr 1 mittelgro\u00dfes Auto<br \/>\n\u2022 Freisitzm\u00f6bel<br \/>\n\u2022 Einkaufsm\u00f6glichkeit 75 yds<br \/>\n\u2022 Kneipe 100 yds<br \/>\n\u2022 \u00f6ffentliche Telefonzelle 100 yds<br \/>\n\u2022 Nichtraucher<br \/>\n\u2022 bedauerlicherweise keine Haustiere<br \/>\n\u2022 Ankunft\/Abreise Samstag<\/p>\n<p style=\"text-align: center;\"><a class=\"tidycta\" href=\"https:\/\/www.urlaubcornwall.de\/ferienhaeuser-fewos\/falmouth.html\"><\/a>Suche Ferienh\u00e4user Falmouth<\/p>\n","protected":false},"excerpt":{"rendered":"<p>Dieses moderne Reihenhaus am Wasser wird seines Namens gerecht, mit hervorragendem Panoramablick \u00fcber die Carrick Roads bis hin zum malerischen Dorf Flushing. Eine offene Terrasse mit Stufen zum Wasser (bitte Vorsicht mit Kindern) und kleine Balkone am Hauptwohnzimmer und dem Hauptschlafzimmer profitieren von der wundersch\u00f6nen Lage (ein eingegrenzter Hinterhof ist kindersicher). 3 Schlafzimmer, Schlafplatz f\u00fcr [&hellip;]<\/p>\n","protected":false},"author":1,"featured_media":0,"parent":0,"menu_order":0,"comment_status":"closed","ping_status":"closed","template":"single-two.php","meta":[],"acf":[],"yoast_head":"<!-- This site is optimized with the Yoast SEO plugin v19.4 - https:\/\/yoast.com\/wordpress\/plugins\/seo\/ -->\n<title>Ferienhaus Falmouth am Meer: Water\u2019s Edge - Urlaub &amp; Reisen<\/title>\n<meta name=\"robots\" content=\"index, follow, max-snippet:-1, max-image-preview:large, max-video-preview:-1\" \/>\n<link rel=\"canonical\" href=\"https:\/\/www.urlaubcornwall.de\/blog\/ferienhaus-falmouth-am-meer-waters-edge\/\" \/>\n<meta property=\"og:locale\" content=\"en_US\" \/>\n<meta property=\"og:type\" content=\"article\" \/>\n<meta property=\"og:title\" content=\"Ferienhaus Falmouth am Meer: Water\u2019s Edge - Urlaub &amp; Reisen\" \/>\n<meta property=\"og:description\" content=\"Dieses moderne Reihenhaus am Wasser wird seines Namens gerecht, mit hervorragendem Panoramablick \u00fcber die Carrick Roads bis hin zum malerischen Dorf Flushing. Eine offene Terrasse mit Stufen zum Wasser (bitte Vorsicht mit Kindern) und kleine Balkone am Hauptwohnzimmer und dem Hauptschlafzimmer profitieren von der wundersch\u00f6nen Lage (ein eingegrenzter Hinterhof ist kindersicher). 3 Schlafzimmer, Schlafplatz f\u00fcr [&hellip;]\" \/>\n<meta property=\"og:url\" content=\"https:\/\/www.urlaubcornwall.de\/blog\/ferienhaus-falmouth-am-meer-waters-edge\/\" \/>\n<meta property=\"og:site_name\" content=\"Urlaub &amp; Reisen\" \/>\n<meta property=\"article:modified_time\" content=\"2021-08-31T14:28:08+00:00\" \/>\n<meta name=\"twitter:card\" content=\"summary\" \/>\n<meta name=\"twitter:label1\" content=\"Est. reading time\" \/>\n\t<meta name=\"twitter:data1\" content=\"1 minute\" \/>\n<script type=\"application\/ld+json\" class=\"yoast-schema-graph\">{\"@context\":\"https:\/\/schema.org\",\"@graph\":[{\"@type\":\"WebSite\",\"@id\":\"https:\/\/www.urlaubcornwall.de\/blog\/#website\",\"url\":\"https:\/\/www.urlaubcornwall.de\/blog\/\",\"name\":\"Urlaub &amp; Reisen\",\"description\":\"Urlaub, Reisen, Cornwall und S\u00fcdengland: eine perfekte Kombination\",\"potentialAction\":[{\"@type\":\"SearchAction\",\"target\":{\"@type\":\"EntryPoint\",\"urlTemplate\":\"https:\/\/www.urlaubcornwall.de\/blog\/?s={search_term_string}\"},\"query-input\":\"required name=search_term_string\"}],\"inLanguage\":\"en-US\"},{\"@type\":\"WebPage\",\"@id\":\"https:\/\/www.urlaubcornwall.de\/blog\/ferienhaus-falmouth-am-meer-waters-edge\/\",\"url\":\"https:\/\/www.urlaubcornwall.de\/blog\/ferienhaus-falmouth-am-meer-waters-edge\/\",\"name\":\"Ferienhaus Falmouth am Meer: Water\u2019s Edge - Urlaub &amp; Reisen\",\"isPartOf\":{\"@id\":\"https:\/\/www.urlaubcornwall.de\/blog\/#website\"},\"datePublished\":\"2014-04-20T15:48:02+00:00\",\"dateModified\":\"2021-08-31T14:28:08+00:00\",\"breadcrumb\":{\"@id\":\"https:\/\/www.urlaubcornwall.de\/blog\/ferienhaus-falmouth-am-meer-waters-edge\/#breadcrumb\"},\"inLanguage\":\"en-US\",\"potentialAction\":[{\"@type\":\"ReadAction\",\"target\":[\"https:\/\/www.urlaubcornwall.de\/blog\/ferienhaus-falmouth-am-meer-waters-edge\/\"]}]},{\"@type\":\"BreadcrumbList\",\"@id\":\"https:\/\/www.urlaubcornwall.de\/blog\/ferienhaus-falmouth-am-meer-waters-edge\/#breadcrumb\",\"itemListElement\":[{\"@type\":\"ListItem\",\"position\":1,\"name\":\"Home\",\"item\":\"https:\/\/www.urlaubcornwall.de\/blog\/\"},{\"@type\":\"ListItem\",\"position\":2,\"name\":\"Ferienhaus Falmouth am Meer: Water\u2019s Edge\"}]}]}<\/script>\n<!-- \/ Yoast SEO plugin. -->","yoast_head_json":{"title":"Ferienhaus Falmouth am Meer: Water\u2019s Edge - Urlaub &amp; Reisen","robots":{"index":"index","follow":"follow","max-snippet":"max-snippet:-1","max-image-preview":"max-image-preview:large","max-video-preview":"max-video-preview:-1"},"canonical":"https:\/\/www.urlaubcornwall.de\/blog\/ferienhaus-falmouth-am-meer-waters-edge\/","og_locale":"en_US","og_type":"article","og_title":"Ferienhaus Falmouth am Meer: Water\u2019s Edge - Urlaub &amp; Reisen","og_description":"Dieses moderne Reihenhaus am Wasser wird seines Namens gerecht, mit hervorragendem Panoramablick \u00fcber die Carrick Roads bis hin zum malerischen Dorf Flushing. Eine offene Terrasse mit Stufen zum Wasser (bitte Vorsicht mit Kindern) und kleine Balkone am Hauptwohnzimmer und dem Hauptschlafzimmer profitieren von der wundersch\u00f6nen Lage (ein eingegrenzter Hinterhof ist kindersicher). 3 Schlafzimmer, Schlafplatz f\u00fcr [&hellip;]","og_url":"https:\/\/www.urlaubcornwall.de\/blog\/ferienhaus-falmouth-am-meer-waters-edge\/","og_site_name":"Urlaub &amp; Reisen","article_modified_time":"2021-08-31T14:28:08+00:00","twitter_card":"summary","twitter_misc":{"Est. reading time":"1 minute"},"schema":{"@context":"https:\/\/schema.org","@graph":[{"@type":"WebSite","@id":"https:\/\/www.urlaubcornwall.de\/blog\/#website","url":"https:\/\/www.urlaubcornwall.de\/blog\/","name":"Urlaub &amp; Reisen","description":"Urlaub, Reisen, Cornwall und S\u00fcdengland: eine perfekte Kombination","potentialAction":[{"@type":"SearchAction","target":{"@type":"EntryPoint","urlTemplate":"https:\/\/www.urlaubcornwall.de\/blog\/?s={search_term_string}"},"query-input":"required name=search_term_string"}],"inLanguage":"en-US"},{"@type":"WebPage","@id":"https:\/\/www.urlaubcornwall.de\/blog\/ferienhaus-falmouth-am-meer-waters-edge\/","url":"https:\/\/www.urlaubcornwall.de\/blog\/ferienhaus-falmouth-am-meer-waters-edge\/","name":"Ferienhaus Falmouth am Meer: Water\u2019s Edge - Urlaub &amp; Reisen","isPartOf":{"@id":"https:\/\/www.urlaubcornwall.de\/blog\/#website"},"datePublished":"2014-04-20T15:48:02+00:00","dateModified":"2021-08-31T14:28:08+00:00","breadcrumb":{"@id":"https:\/\/www.urlaubcornwall.de\/blog\/ferienhaus-falmouth-am-meer-waters-edge\/#breadcrumb"},"inLanguage":"en-US","potentialAction":[{"@type":"ReadAction","target":["https:\/\/www.urlaubcornwall.de\/blog\/ferienhaus-falmouth-am-meer-waters-edge\/"]}]},{"@type":"BreadcrumbList","@id":"https:\/\/www.urlaubcornwall.de\/blog\/ferienhaus-falmouth-am-meer-waters-edge\/#breadcrumb","itemListElement":[{"@type":"ListItem","position":1,"name":"Home","item":"https:\/\/www.urlaubcornwall.de\/blog\/"},{"@type":"ListItem","position":2,"name":"Ferienhaus Falmouth am Meer: Water\u2019s Edge"}]}]}},"_links":{"self":[{"href":"https:\/\/www.urlaubcornwall.de\/blog\/wp-json\/wp\/v2\/pages\/14937"}],"collection":[{"href":"https:\/\/www.urlaubcornwall.de\/blog\/wp-json\/wp\/v2\/pages"}],"about":[{"href":"https:\/\/www.urlaubcornwall.de\/blog\/wp-json\/wp\/v2\/types\/page"}],"author":[{"embeddable":true,"href":"https:\/\/www.urlaubcornwall.de\/blog\/wp-json\/wp\/v2\/users\/1"}],"replies":[{"embeddable":true,"href":"https:\/\/www.urlaubcornwall.de\/blog\/wp-json\/wp\/v2\/comments?post=14937"}],"version-history":[{"count":4,"href":"https:\/\/www.urlaubcornwall.de\/blog\/wp-json\/wp\/v2\/pages\/14937\/revisions"}],"predecessor-version":[{"id":42352,"href":"https:\/\/www.urlaubcornwall.de\/blog\/wp-json\/wp\/v2\/pages\/14937\/revisions\/42352"}],"wp:attachment":[{"href":"https:\/\/www.urlaubcornwall.de\/blog\/wp-json\/wp\/v2\/media?parent=14937"}],"curies":[{"name":"wp","href":"https:\/\/api.w.org\/{rel}","templated":true}]}}