{"id":14925,"date":"2014-04-20T13:38:09","date_gmt":"2014-04-20T13:38:09","guid":{"rendered":"https:\/\/www.urlaubcornwall.de\/blog\/?page_id=14925"},"modified":"2021-08-31T14:27:33","modified_gmt":"2021-08-31T14:27:33","slug":"ferienhaus-falmouth-mit-meerblick-the-lookout","status":"publish","type":"page","link":"https:\/\/www.urlaubcornwall.de\/blog\/ferienhaus-falmouth-mit-meerblick-the-lookout\/","title":{"rendered":"Ferienhaus Falmouth mit Meerblick : The Lookout"},"content":{"rendered":"<p>Von jedem Raum dieses ebenerdigen Ferienhauses genie\u00dfen Sie herrlichen Meeresblick \u00fcber den Hafen Falmouths hinweg bis hin zur Roseland Halbinsel.<\/p>\n<p><strong>2 Schlafzimmer, Schlafplatz f\u00fcr 4 + Kinderbett, leider keine Haustiere erlaubt, Ferienhaus mit Meerblick Falmouth, S\u00fcdk\u00fcste Cornwall, Preisspanne M (\u00a3480 &#8211; \u00a31275) <\/strong><\/p>\n<p>Au\u00dferdem haben Sie Zugang zu einer gro\u00dfz\u00fcgigen Terrasse, die sich ganzseitig entlang des Geb\u00e4udes erstreckt. Unterhalb der Stra\u00dfenebene \u00fcber der Stadt gelegen, tr\u00e4gt The Lookout zu Recht seinen Namen. Es ist wundervoll friedlich und wartet doch mit \u00dcberraschungen auf \u2013 einem hervorragenden terrassenartig angelegten Garten, bepflanzt mit einer F\u00fclle an Str\u00e4uchern, B\u00e4umen und exotischen Pflanzen, einschlie\u00dflich eines Gazebos und Gartenhauses.<\/p>\n<p style=\"text-align: center;\"><a class=\"tidycta\" href=\"https:\/\/www.urlaubcornwall.de\/ferienhaeuser-fewos\/falmouth.html\"><\/a>Suche Ferienh\u00e4user Falmouth<\/p>\n<p>Im Inneren steht Ihnen WLAN zur Verf\u00fcgung, und das Geb\u00e4ude ist in zeitgen\u00f6ssischem Stil eingerichtet; der gro\u00dfe Wohn- \/ Essbereich verf\u00fcgt \u00fcber bequeme Sofas und gepolsterte Essst\u00fchle, geradezu perfekt f\u00fcr entspannende Mahlzeiten, w\u00e4hrend derer Sie die wundervolle Sicht genie\u00dfen k\u00f6nnen. Der K\u00fcchen &#8211; \/ Fr\u00fchst\u00fccksraum eignet sich ideal f\u00fcr informelle Mahlzeiten, und beide Schlafzimmer haben en Suite M\u00f6glichkeiten; das Zwillingsschlafzimmer hat einen Duschraum und das Doppelschlafzimmer ein Badezimmer.<\/p>\n<p>Die Gesch\u00e4fte, Bars, Kneipen und Restaurants von Falmouth befinden sich lediglich einen f\u00fcnf min\u00fctigen Spaziergang entfernt den H\u00fcgel hinunter, und die Sandstr\u00e4nde sind weniger als eine Meile entfernt. Wassersportm\u00f6glichkeiten aller Arten stehen zur Verf\u00fcgung, und F\u00e4hren gehen nach Flushing, St Mawes, Truro und zum Helford River. Die G\u00e4rten bei Trebah, Glendurgan und Trelissick sind des allesamt wert, besucht zu werden, und die Surfstr\u00e4nde der Nordk\u00fcste sind nur eine kurze Autofahrt entfernt.<\/p>\n<p><strong>M\u00f6glichkeiten &amp; Dienstleistungen<\/strong><\/p>\n<p>einschlie\u00dflich Gasheizung \u2013 3 NS Heizk\u00f6rper und 2 Wandheizk\u00f6rper. Reisekinderbett. Hochstuhl. WiFi. zu bezahlendes Telefon mit entsprechendem Beh\u00e4ltnis f\u00fcr das Geld.<\/p>\n<p>\u2022 private Parkm\u00f6glichkeit f\u00fcr 1 Auto 100 Yards<br \/>\n\u2022 Gartenm\u00f6bel und Grill.<br \/>\n\u2022 Einkaufsm\u00f6glichkeit 0,5 Meilen<br \/>\n\u2022 Kneipe 300 yds.<br \/>\n\u2022 Nichtraucher.<br \/>\n\u2022 leider keine Haustiere<br \/>\n\u2022 Ankunft\/Abreise Freitag<\/p>\n<p style=\"text-align: center;\"><a class=\"tidycta\" href=\"https:\/\/www.urlaubcornwall.de\/ferienhaeuser-fewos\/falmouth.html\"><\/a>Suche Ferienh\u00e4user Falmouth<\/p>\n","protected":false},"excerpt":{"rendered":"<p>Von jedem Raum dieses ebenerdigen Ferienhauses genie\u00dfen Sie herrlichen Meeresblick \u00fcber den Hafen Falmouths hinweg bis hin zur Roseland Halbinsel. 2 Schlafzimmer, Schlafplatz f\u00fcr 4 + Kinderbett, leider keine Haustiere erlaubt, Ferienhaus mit Meerblick Falmouth, S\u00fcdk\u00fcste Cornwall, Preisspanne M (\u00a3480 &#8211; \u00a31275) Au\u00dferdem haben Sie Zugang zu einer gro\u00dfz\u00fcgigen Terrasse, die sich ganzseitig entlang des [&hellip;]<\/p>\n","protected":false},"author":1,"featured_media":0,"parent":0,"menu_order":0,"comment_status":"closed","ping_status":"closed","template":"single-two.php","meta":[],"acf":[],"yoast_head":"<!-- This site is optimized with the Yoast SEO plugin v19.4 - https:\/\/yoast.com\/wordpress\/plugins\/seo\/ -->\n<title>Ferienhaus Falmouth mit Meerblick : The Lookout - Urlaub &amp; Reisen<\/title>\n<meta name=\"robots\" content=\"index, follow, max-snippet:-1, max-image-preview:large, max-video-preview:-1\" \/>\n<link rel=\"canonical\" href=\"https:\/\/www.urlaubcornwall.de\/blog\/ferienhaus-falmouth-mit-meerblick-the-lookout\/\" \/>\n<meta property=\"og:locale\" content=\"en_US\" \/>\n<meta property=\"og:type\" content=\"article\" \/>\n<meta property=\"og:title\" content=\"Ferienhaus Falmouth mit Meerblick : The Lookout - Urlaub &amp; Reisen\" \/>\n<meta property=\"og:description\" content=\"Von jedem Raum dieses ebenerdigen Ferienhauses genie\u00dfen Sie herrlichen Meeresblick \u00fcber den Hafen Falmouths hinweg bis hin zur Roseland Halbinsel. 2 Schlafzimmer, Schlafplatz f\u00fcr 4 + Kinderbett, leider keine Haustiere erlaubt, Ferienhaus mit Meerblick Falmouth, S\u00fcdk\u00fcste Cornwall, Preisspanne M (\u00a3480 &#8211; \u00a31275) Au\u00dferdem haben Sie Zugang zu einer gro\u00dfz\u00fcgigen Terrasse, die sich ganzseitig entlang des [&hellip;]\" \/>\n<meta property=\"og:url\" content=\"https:\/\/www.urlaubcornwall.de\/blog\/ferienhaus-falmouth-mit-meerblick-the-lookout\/\" \/>\n<meta property=\"og:site_name\" content=\"Urlaub &amp; Reisen\" \/>\n<meta property=\"article:modified_time\" content=\"2021-08-31T14:27:33+00:00\" \/>\n<meta name=\"twitter:card\" content=\"summary\" \/>\n<meta name=\"twitter:label1\" content=\"Est. reading time\" \/>\n\t<meta name=\"twitter:data1\" content=\"2 minutes\" \/>\n<script type=\"application\/ld+json\" class=\"yoast-schema-graph\">{\"@context\":\"https:\/\/schema.org\",\"@graph\":[{\"@type\":\"WebSite\",\"@id\":\"https:\/\/www.urlaubcornwall.de\/blog\/#website\",\"url\":\"https:\/\/www.urlaubcornwall.de\/blog\/\",\"name\":\"Urlaub &amp; Reisen\",\"description\":\"Urlaub, Reisen, Cornwall und S\u00fcdengland: eine perfekte Kombination\",\"potentialAction\":[{\"@type\":\"SearchAction\",\"target\":{\"@type\":\"EntryPoint\",\"urlTemplate\":\"https:\/\/www.urlaubcornwall.de\/blog\/?s={search_term_string}\"},\"query-input\":\"required name=search_term_string\"}],\"inLanguage\":\"en-US\"},{\"@type\":\"WebPage\",\"@id\":\"https:\/\/www.urlaubcornwall.de\/blog\/ferienhaus-falmouth-mit-meerblick-the-lookout\/\",\"url\":\"https:\/\/www.urlaubcornwall.de\/blog\/ferienhaus-falmouth-mit-meerblick-the-lookout\/\",\"name\":\"Ferienhaus Falmouth mit Meerblick : The Lookout - Urlaub &amp; Reisen\",\"isPartOf\":{\"@id\":\"https:\/\/www.urlaubcornwall.de\/blog\/#website\"},\"datePublished\":\"2014-04-20T13:38:09+00:00\",\"dateModified\":\"2021-08-31T14:27:33+00:00\",\"breadcrumb\":{\"@id\":\"https:\/\/www.urlaubcornwall.de\/blog\/ferienhaus-falmouth-mit-meerblick-the-lookout\/#breadcrumb\"},\"inLanguage\":\"en-US\",\"potentialAction\":[{\"@type\":\"ReadAction\",\"target\":[\"https:\/\/www.urlaubcornwall.de\/blog\/ferienhaus-falmouth-mit-meerblick-the-lookout\/\"]}]},{\"@type\":\"BreadcrumbList\",\"@id\":\"https:\/\/www.urlaubcornwall.de\/blog\/ferienhaus-falmouth-mit-meerblick-the-lookout\/#breadcrumb\",\"itemListElement\":[{\"@type\":\"ListItem\",\"position\":1,\"name\":\"Home\",\"item\":\"https:\/\/www.urlaubcornwall.de\/blog\/\"},{\"@type\":\"ListItem\",\"position\":2,\"name\":\"Ferienhaus Falmouth mit Meerblick : The Lookout\"}]}]}<\/script>\n<!-- \/ Yoast SEO plugin. -->","yoast_head_json":{"title":"Ferienhaus Falmouth mit Meerblick : The Lookout - Urlaub &amp; Reisen","robots":{"index":"index","follow":"follow","max-snippet":"max-snippet:-1","max-image-preview":"max-image-preview:large","max-video-preview":"max-video-preview:-1"},"canonical":"https:\/\/www.urlaubcornwall.de\/blog\/ferienhaus-falmouth-mit-meerblick-the-lookout\/","og_locale":"en_US","og_type":"article","og_title":"Ferienhaus Falmouth mit Meerblick : The Lookout - Urlaub &amp; Reisen","og_description":"Von jedem Raum dieses ebenerdigen Ferienhauses genie\u00dfen Sie herrlichen Meeresblick \u00fcber den Hafen Falmouths hinweg bis hin zur Roseland Halbinsel. 2 Schlafzimmer, Schlafplatz f\u00fcr 4 + Kinderbett, leider keine Haustiere erlaubt, Ferienhaus mit Meerblick Falmouth, S\u00fcdk\u00fcste Cornwall, Preisspanne M (\u00a3480 &#8211; \u00a31275) Au\u00dferdem haben Sie Zugang zu einer gro\u00dfz\u00fcgigen Terrasse, die sich ganzseitig entlang des [&hellip;]","og_url":"https:\/\/www.urlaubcornwall.de\/blog\/ferienhaus-falmouth-mit-meerblick-the-lookout\/","og_site_name":"Urlaub &amp; Reisen","article_modified_time":"2021-08-31T14:27:33+00:00","twitter_card":"summary","twitter_misc":{"Est. reading time":"2 minutes"},"schema":{"@context":"https:\/\/schema.org","@graph":[{"@type":"WebSite","@id":"https:\/\/www.urlaubcornwall.de\/blog\/#website","url":"https:\/\/www.urlaubcornwall.de\/blog\/","name":"Urlaub &amp; Reisen","description":"Urlaub, Reisen, Cornwall und S\u00fcdengland: eine perfekte Kombination","potentialAction":[{"@type":"SearchAction","target":{"@type":"EntryPoint","urlTemplate":"https:\/\/www.urlaubcornwall.de\/blog\/?s={search_term_string}"},"query-input":"required name=search_term_string"}],"inLanguage":"en-US"},{"@type":"WebPage","@id":"https:\/\/www.urlaubcornwall.de\/blog\/ferienhaus-falmouth-mit-meerblick-the-lookout\/","url":"https:\/\/www.urlaubcornwall.de\/blog\/ferienhaus-falmouth-mit-meerblick-the-lookout\/","name":"Ferienhaus Falmouth mit Meerblick : The Lookout - Urlaub &amp; Reisen","isPartOf":{"@id":"https:\/\/www.urlaubcornwall.de\/blog\/#website"},"datePublished":"2014-04-20T13:38:09+00:00","dateModified":"2021-08-31T14:27:33+00:00","breadcrumb":{"@id":"https:\/\/www.urlaubcornwall.de\/blog\/ferienhaus-falmouth-mit-meerblick-the-lookout\/#breadcrumb"},"inLanguage":"en-US","potentialAction":[{"@type":"ReadAction","target":["https:\/\/www.urlaubcornwall.de\/blog\/ferienhaus-falmouth-mit-meerblick-the-lookout\/"]}]},{"@type":"BreadcrumbList","@id":"https:\/\/www.urlaubcornwall.de\/blog\/ferienhaus-falmouth-mit-meerblick-the-lookout\/#breadcrumb","itemListElement":[{"@type":"ListItem","position":1,"name":"Home","item":"https:\/\/www.urlaubcornwall.de\/blog\/"},{"@type":"ListItem","position":2,"name":"Ferienhaus Falmouth mit Meerblick : The Lookout"}]}]}},"_links":{"self":[{"href":"https:\/\/www.urlaubcornwall.de\/blog\/wp-json\/wp\/v2\/pages\/14925"}],"collection":[{"href":"https:\/\/www.urlaubcornwall.de\/blog\/wp-json\/wp\/v2\/pages"}],"about":[{"href":"https:\/\/www.urlaubcornwall.de\/blog\/wp-json\/wp\/v2\/types\/page"}],"author":[{"embeddable":true,"href":"https:\/\/www.urlaubcornwall.de\/blog\/wp-json\/wp\/v2\/users\/1"}],"replies":[{"embeddable":true,"href":"https:\/\/www.urlaubcornwall.de\/blog\/wp-json\/wp\/v2\/comments?post=14925"}],"version-history":[{"count":5,"href":"https:\/\/www.urlaubcornwall.de\/blog\/wp-json\/wp\/v2\/pages\/14925\/revisions"}],"predecessor-version":[{"id":42351,"href":"https:\/\/www.urlaubcornwall.de\/blog\/wp-json\/wp\/v2\/pages\/14925\/revisions\/42351"}],"wp:attachment":[{"href":"https:\/\/www.urlaubcornwall.de\/blog\/wp-json\/wp\/v2\/media?parent=14925"}],"curies":[{"name":"wp","href":"https:\/\/api.w.org\/{rel}","templated":true}]}}