{"id":14900,"date":"2014-04-20T11:38:54","date_gmt":"2014-04-20T11:38:54","guid":{"rendered":"https:\/\/www.urlaubcornwall.de\/blog\/?page_id=14900"},"modified":"2021-08-31T14:27:05","modified_gmt":"2021-08-31T14:27:05","slug":"hundefreundliches-ferienhaus-in-falmouth-opies-toy","status":"publish","type":"page","link":"https:\/\/www.urlaubcornwall.de\/blog\/hundefreundliches-ferienhaus-in-falmouth-opies-toy\/","title":{"rendered":"Hundefreundliche Ferienhaus in Falmouth: Opie\u2019s Toy"},"content":{"rendered":"<p>Urlaub in Falmouth mit hund: Der Sandstrand Maenporth befindet sich lediglich f\u00fcnf Minuten Spazierweg entfernt; der K\u00fcstenpfad ist sogar noch n\u00e4her.<\/p>\n<p><strong>2 Schlafzimmer, Schlafplatz f\u00fcr 6 + Kinderbett, hundefreundlich, Ferienwohnung strandnah 3.9 Kilometer SW von Falmouth, S\u00fcdk\u00fcste Cornwall, Preisspanne I (\u00a3396 &#8211; \u00a3984) <\/strong><\/p>\n<p>Somit ist dieses luxuri\u00f6se Appartement im Erdgeschoss mit seinem Meeresblick die perfekte Unterkunft f\u00fcr Strandliebhaber und Hundefreunde, Spazierg\u00e4nger und alle, die diese wundersch\u00f6ne Gegend erkunden wollen. Opie`s Toy ist nur 4 Kilometer von Falmouth, einer der beliebtesten St\u00e4dte Cornwalls entfernt und Teil einer kleinen Neubausiedlung mit Prestige, die neun Ferienh\u00e4user und Ferienwohnungen umfasst. Es verf\u00fcgt \u00fcber weitreichenden Blick \u00fcber die Landschaft hinweg zum Meer hin. Die Qualit\u00e4t und der Komfort dieses Appartements werden sofort offenkundig; das ger\u00e4umige Innere verf\u00fcgt \u00fcber Eichenb\u00f6den und zeitgen\u00f6ssische Einrichtung, sowie durchg\u00e4ngige Fu\u00dfbodenheizung.<\/p>\n<p style=\"text-align: center;\"><a class=\"tidycta\" href=\"https:\/\/www.urlaubcornwall.de\/ferienhaeuser-fewos\/falmouth.html\"><\/a>Suche Ferienh\u00e4user Falmouth<\/p>\n<p>Der gro\u00dfz\u00fcgige offene Wohnbereich hat eine integrierte K\u00fcchenzeile mit hochwertigen Ger\u00e4ten, Arbeitsfl\u00e4chen aus Granit und einem Balkon jenseits des vom Fu\u00dfboden bis zur Decke reichenden Fensters. Eichenm\u00f6bel und Ledersofas, ein LCD Fernsehger\u00e4t, drahtlose Internetverbindung und eine iPod-Ladestation stehen zur Verf\u00fcgung. Das Hauptschlafzimmer hat einen en-Suite Duschraum mit Doppelduschzelle, w\u00e4hrend das zweite Schlafzimmer \u00fcber ein Doppelbett oder zwei Einzelbetten verf\u00fcgt.<\/p>\n<p>Maenporth hat ein Strandcafe und ein beliebtes Bistro, und der K\u00fcstenwanderweg f\u00fchrt in der einen Richtung ins gesch\u00e4ftige Falmouth und in der anderen Richtung zum Helford River und den wundersch\u00f6nen G\u00e4rten Glendurgan und Trebah.<\/p>\n<p><strong>M\u00f6glichkeiten &amp; Dienstleistungen<\/strong><\/p>\n<p>\u2022 private Parkm\u00f6glichkeit f\u00fcr 1 Auto<br \/>\n\u2022 Balkonm\u00f6bel<br \/>\n\u2022 Einkaufsm\u00f6glichkeit 1.5 Meilen<br \/>\n\u2022 Kneipe 1.5 Meilen<br \/>\n\u2022 \u00f6ffentliche Telefonzelle 1.5 Meilen<br \/>\n\u2022 Nichtraucher<br \/>\n\u2022 Hunde willkommen (nur 1)<br \/>\n\u2022 Ankunft\/Abreise Samstag<\/p>\n<p style=\"text-align: center;\"><a class=\"tidycta\" href=\"https:\/\/www.urlaubcornwall.de\/ferienhaeuser-fewos\/falmouth.html\"><\/a>Suche Ferienh\u00e4user Falmouth<\/p>\n","protected":false},"excerpt":{"rendered":"<p>Urlaub in Falmouth mit hund: Der Sandstrand Maenporth befindet sich lediglich f\u00fcnf Minuten Spazierweg entfernt; der K\u00fcstenpfad ist sogar noch n\u00e4her. 2 Schlafzimmer, Schlafplatz f\u00fcr 6 + Kinderbett, hundefreundlich, Ferienwohnung strandnah 3.9 Kilometer SW von Falmouth, S\u00fcdk\u00fcste Cornwall, Preisspanne I (\u00a3396 &#8211; \u00a3984) Somit ist dieses luxuri\u00f6se Appartement im Erdgeschoss mit seinem Meeresblick die perfekte [&hellip;]<\/p>\n","protected":false},"author":1,"featured_media":0,"parent":0,"menu_order":0,"comment_status":"closed","ping_status":"closed","template":"single-two.php","meta":[],"acf":[],"yoast_head":"<!-- This site is optimized with the Yoast SEO plugin v19.4 - https:\/\/yoast.com\/wordpress\/plugins\/seo\/ -->\n<title>Hundefreundliche Ferienhaus in Falmouth: Opie\u2019s Toy - Urlaub &amp; Reisen<\/title>\n<meta name=\"robots\" content=\"index, follow, max-snippet:-1, max-image-preview:large, max-video-preview:-1\" \/>\n<link rel=\"canonical\" href=\"https:\/\/www.urlaubcornwall.de\/blog\/hundefreundliches-ferienhaus-in-falmouth-opies-toy\/\" \/>\n<meta property=\"og:locale\" content=\"en_US\" \/>\n<meta property=\"og:type\" content=\"article\" \/>\n<meta property=\"og:title\" content=\"Hundefreundliche Ferienhaus in Falmouth: Opie\u2019s Toy - Urlaub &amp; Reisen\" \/>\n<meta property=\"og:description\" content=\"Urlaub in Falmouth mit hund: Der Sandstrand Maenporth befindet sich lediglich f\u00fcnf Minuten Spazierweg entfernt; der K\u00fcstenpfad ist sogar noch n\u00e4her. 2 Schlafzimmer, Schlafplatz f\u00fcr 6 + Kinderbett, hundefreundlich, Ferienwohnung strandnah 3.9 Kilometer SW von Falmouth, S\u00fcdk\u00fcste Cornwall, Preisspanne I (\u00a3396 &#8211; \u00a3984) Somit ist dieses luxuri\u00f6se Appartement im Erdgeschoss mit seinem Meeresblick die perfekte [&hellip;]\" \/>\n<meta property=\"og:url\" content=\"https:\/\/www.urlaubcornwall.de\/blog\/hundefreundliches-ferienhaus-in-falmouth-opies-toy\/\" \/>\n<meta property=\"og:site_name\" content=\"Urlaub &amp; Reisen\" \/>\n<meta property=\"article:modified_time\" content=\"2021-08-31T14:27:05+00:00\" \/>\n<meta name=\"twitter:card\" content=\"summary\" \/>\n<meta name=\"twitter:label1\" content=\"Est. reading time\" \/>\n\t<meta name=\"twitter:data1\" content=\"1 minute\" \/>\n<script type=\"application\/ld+json\" class=\"yoast-schema-graph\">{\"@context\":\"https:\/\/schema.org\",\"@graph\":[{\"@type\":\"WebSite\",\"@id\":\"https:\/\/www.urlaubcornwall.de\/blog\/#website\",\"url\":\"https:\/\/www.urlaubcornwall.de\/blog\/\",\"name\":\"Urlaub &amp; Reisen\",\"description\":\"Urlaub, Reisen, Cornwall und S\u00fcdengland: eine perfekte Kombination\",\"potentialAction\":[{\"@type\":\"SearchAction\",\"target\":{\"@type\":\"EntryPoint\",\"urlTemplate\":\"https:\/\/www.urlaubcornwall.de\/blog\/?s={search_term_string}\"},\"query-input\":\"required name=search_term_string\"}],\"inLanguage\":\"en-US\"},{\"@type\":\"WebPage\",\"@id\":\"https:\/\/www.urlaubcornwall.de\/blog\/hundefreundliches-ferienhaus-in-falmouth-opies-toy\/\",\"url\":\"https:\/\/www.urlaubcornwall.de\/blog\/hundefreundliches-ferienhaus-in-falmouth-opies-toy\/\",\"name\":\"Hundefreundliche Ferienhaus in Falmouth: Opie\u2019s Toy - Urlaub &amp; Reisen\",\"isPartOf\":{\"@id\":\"https:\/\/www.urlaubcornwall.de\/blog\/#website\"},\"datePublished\":\"2014-04-20T11:38:54+00:00\",\"dateModified\":\"2021-08-31T14:27:05+00:00\",\"breadcrumb\":{\"@id\":\"https:\/\/www.urlaubcornwall.de\/blog\/hundefreundliches-ferienhaus-in-falmouth-opies-toy\/#breadcrumb\"},\"inLanguage\":\"en-US\",\"potentialAction\":[{\"@type\":\"ReadAction\",\"target\":[\"https:\/\/www.urlaubcornwall.de\/blog\/hundefreundliches-ferienhaus-in-falmouth-opies-toy\/\"]}]},{\"@type\":\"BreadcrumbList\",\"@id\":\"https:\/\/www.urlaubcornwall.de\/blog\/hundefreundliches-ferienhaus-in-falmouth-opies-toy\/#breadcrumb\",\"itemListElement\":[{\"@type\":\"ListItem\",\"position\":1,\"name\":\"Home\",\"item\":\"https:\/\/www.urlaubcornwall.de\/blog\/\"},{\"@type\":\"ListItem\",\"position\":2,\"name\":\"Hundefreundliche Ferienhaus in Falmouth: Opie\u2019s Toy\"}]}]}<\/script>\n<!-- \/ Yoast SEO plugin. -->","yoast_head_json":{"title":"Hundefreundliche Ferienhaus in Falmouth: Opie\u2019s Toy - Urlaub &amp; Reisen","robots":{"index":"index","follow":"follow","max-snippet":"max-snippet:-1","max-image-preview":"max-image-preview:large","max-video-preview":"max-video-preview:-1"},"canonical":"https:\/\/www.urlaubcornwall.de\/blog\/hundefreundliches-ferienhaus-in-falmouth-opies-toy\/","og_locale":"en_US","og_type":"article","og_title":"Hundefreundliche Ferienhaus in Falmouth: Opie\u2019s Toy - Urlaub &amp; Reisen","og_description":"Urlaub in Falmouth mit hund: Der Sandstrand Maenporth befindet sich lediglich f\u00fcnf Minuten Spazierweg entfernt; der K\u00fcstenpfad ist sogar noch n\u00e4her. 2 Schlafzimmer, Schlafplatz f\u00fcr 6 + Kinderbett, hundefreundlich, Ferienwohnung strandnah 3.9 Kilometer SW von Falmouth, S\u00fcdk\u00fcste Cornwall, Preisspanne I (\u00a3396 &#8211; \u00a3984) Somit ist dieses luxuri\u00f6se Appartement im Erdgeschoss mit seinem Meeresblick die perfekte [&hellip;]","og_url":"https:\/\/www.urlaubcornwall.de\/blog\/hundefreundliches-ferienhaus-in-falmouth-opies-toy\/","og_site_name":"Urlaub &amp; Reisen","article_modified_time":"2021-08-31T14:27:05+00:00","twitter_card":"summary","twitter_misc":{"Est. reading time":"1 minute"},"schema":{"@context":"https:\/\/schema.org","@graph":[{"@type":"WebSite","@id":"https:\/\/www.urlaubcornwall.de\/blog\/#website","url":"https:\/\/www.urlaubcornwall.de\/blog\/","name":"Urlaub &amp; Reisen","description":"Urlaub, Reisen, Cornwall und S\u00fcdengland: eine perfekte Kombination","potentialAction":[{"@type":"SearchAction","target":{"@type":"EntryPoint","urlTemplate":"https:\/\/www.urlaubcornwall.de\/blog\/?s={search_term_string}"},"query-input":"required name=search_term_string"}],"inLanguage":"en-US"},{"@type":"WebPage","@id":"https:\/\/www.urlaubcornwall.de\/blog\/hundefreundliches-ferienhaus-in-falmouth-opies-toy\/","url":"https:\/\/www.urlaubcornwall.de\/blog\/hundefreundliches-ferienhaus-in-falmouth-opies-toy\/","name":"Hundefreundliche Ferienhaus in Falmouth: Opie\u2019s Toy - Urlaub &amp; Reisen","isPartOf":{"@id":"https:\/\/www.urlaubcornwall.de\/blog\/#website"},"datePublished":"2014-04-20T11:38:54+00:00","dateModified":"2021-08-31T14:27:05+00:00","breadcrumb":{"@id":"https:\/\/www.urlaubcornwall.de\/blog\/hundefreundliches-ferienhaus-in-falmouth-opies-toy\/#breadcrumb"},"inLanguage":"en-US","potentialAction":[{"@type":"ReadAction","target":["https:\/\/www.urlaubcornwall.de\/blog\/hundefreundliches-ferienhaus-in-falmouth-opies-toy\/"]}]},{"@type":"BreadcrumbList","@id":"https:\/\/www.urlaubcornwall.de\/blog\/hundefreundliches-ferienhaus-in-falmouth-opies-toy\/#breadcrumb","itemListElement":[{"@type":"ListItem","position":1,"name":"Home","item":"https:\/\/www.urlaubcornwall.de\/blog\/"},{"@type":"ListItem","position":2,"name":"Hundefreundliche Ferienhaus in Falmouth: Opie\u2019s Toy"}]}]}},"_links":{"self":[{"href":"https:\/\/www.urlaubcornwall.de\/blog\/wp-json\/wp\/v2\/pages\/14900"}],"collection":[{"href":"https:\/\/www.urlaubcornwall.de\/blog\/wp-json\/wp\/v2\/pages"}],"about":[{"href":"https:\/\/www.urlaubcornwall.de\/blog\/wp-json\/wp\/v2\/types\/page"}],"author":[{"embeddable":true,"href":"https:\/\/www.urlaubcornwall.de\/blog\/wp-json\/wp\/v2\/users\/1"}],"replies":[{"embeddable":true,"href":"https:\/\/www.urlaubcornwall.de\/blog\/wp-json\/wp\/v2\/comments?post=14900"}],"version-history":[{"count":4,"href":"https:\/\/www.urlaubcornwall.de\/blog\/wp-json\/wp\/v2\/pages\/14900\/revisions"}],"predecessor-version":[{"id":42350,"href":"https:\/\/www.urlaubcornwall.de\/blog\/wp-json\/wp\/v2\/pages\/14900\/revisions\/42350"}],"wp:attachment":[{"href":"https:\/\/www.urlaubcornwall.de\/blog\/wp-json\/wp\/v2\/media?parent=14900"}],"curies":[{"name":"wp","href":"https:\/\/api.w.org\/{rel}","templated":true}]}}