{"id":14706,"date":"2014-04-02T10:57:53","date_gmt":"2014-04-02T10:57:53","guid":{"rendered":"https:\/\/www.urlaubcornwall.de\/blog\/?page_id=14706"},"modified":"2024-05-30T14:34:43","modified_gmt":"2024-05-30T14:34:43","slug":"urlaubstipps-fuer-die-suedkueste-von-england","status":"publish","type":"page","link":"https:\/\/www.urlaubcornwall.de\/blog\/urlaubstipps-fuer-die-suedkueste-von-england\/","title":{"rendered":"Urlaubstipps f\u00fcr Cornwall &#038; die S\u00fcdk\u00fcste von England"},"content":{"rendered":"<p>UrlaubCornwall.de hat seinen Firmensitz in <a href=\"https:\/\/www.urlaubcornwall.de\/reiseziel\/cornwall.php\">Cornwall in S\u00fcdengland<\/a> und bietet Kunden im Deutsch sprechenden Europa Hilfe im Erstellen der perfekten Urlaubserfahrung hier. Wir haben <a href=\"http:\/\/www.urlaubcornwall.de\/rundreisenservice.php\">ein Team Deutsch sprechender Experten<\/a>, so dass wir eine individuelle Urlaub in England &amp; Wales. Hier finden Sie unsere Top 10 Tipps f\u00fcr die Grafschaften S\u00fcdenglands&#8230;.<\/p>\n<p style=\"text-align: center;\">\n\t\t<strong><br \/>\n                        <a href=\"#cornwall\" title=\"Cornwall Tipps\">Cornwall Tipps<\/a> |<br \/>\n                        <a href=\"#devon\" title=\"Devon Tipps\">Devon Tipps<\/a> |<br \/>\n\t\t\t<a href=\"#kent\" title=\"Kent Tipps\">Kent Tipps<\/a> |<br \/>\n\t\t\t<a href=\"#sussex\" title=\"Sussex Tipps\">Sussex Tipps<\/a> |<br \/>\n\t\t\t<a href=\"#hampshire\" title=\"Hampshire Tipps\">Hampshire Tipps<\/a> |<br \/>\n\t\t\t<a href=\"#dorset\" title=\"Dorset Tipps\">Dorset Tipps<\/a> |<br \/>\n\t\t\t<a href=\"#somerset\" title=\"Somerset Tipps\">Somerset Tipps<\/a><br \/>\n\t\t<\/strong>\n\t<\/p>\n<p><img loading=\"lazy\" class=\"aligncenter size-full wp-image-47987\" src=\"https:\/\/www.urlaubcornwall.de\/blog\/wp-content\/uploads\/2024\/03\/leeds-castle.jpg\" alt=\"leeds castle\" width=\"750\" height=\"479\" srcset=\"https:\/\/www.urlaubcornwall.de\/blog\/wp-content\/uploads\/2024\/03\/leeds-castle.jpg 750w, https:\/\/www.urlaubcornwall.de\/blog\/wp-content\/uploads\/2024\/03\/leeds-castle-300x192.jpg 300w\" sizes=\"(max-width: 750px) 100vw, 750px\" \/><\/p>\n<h2 id=\"kent\">Top 10 Tipps Kent <\/h2>\n<p>Kent, der \u2018Garten Englands\u2019, mit seinen sanft gewellten H\u00fcgeln und reichlichen Obstg\u00e4rten ist bekannt f\u00fcr seine Hopfeng\u00e4rten und Trockenh\u00e4user, wie auch eine wachsende Winzerindustrie. Die K\u00fcste ist vielf\u00e4ltig und doch spektakul\u00e4r mit sieben wundervollen Sandbuchten&#8230;. <a href=\"https:\/\/www.urlaubcornwall.de\/blog\/top-10-reisetipps-kent-die-sie-sehen-und-erleben-sollten\/\">Mehr Info<\/a><\/p>\n<p><img loading=\"lazy\" class=\"aligncenter size-full wp-image-48006\" src=\"https:\/\/www.urlaubcornwall.de\/blog\/wp-content\/uploads\/2024\/03\/white-cliffs-cuckmere-haven-sussex.jpg\" alt=\"white cliffs cuckmere haven sussex\" width=\"750\" height=\"563\" srcset=\"https:\/\/www.urlaubcornwall.de\/blog\/wp-content\/uploads\/2024\/03\/white-cliffs-cuckmere-haven-sussex.jpg 750w, https:\/\/www.urlaubcornwall.de\/blog\/wp-content\/uploads\/2024\/03\/white-cliffs-cuckmere-haven-sussex-300x225.jpg 300w\" sizes=\"(max-width: 750px) 100vw, 750px\" \/><\/p>\n<h2 id=\"Sussex\">Top 10 Tipps Sussex<\/h2>\n<p>Sussex ist bekannt f\u00fcr seine historische K\u00fcste, die wundersch\u00f6nen South Downs und sie umgebende Landschaft, sowie seine vielf\u00e4ltigen St\u00e4dte und Ortschaften. Die K\u00fcste von Sussex beinhaltet hervorragenden Blick&#8230;. <a href=\"https:\/\/www.urlaubcornwall.de\/blog\/top-10-reisetipps-ostsussex-sie-sie-sehen-und-erleben-sollten\/\">Mehr Info<\/a><\/p>\n<h2 id=\"hampshire\">Top 10 Tipps Hampshire<\/h2>\n<p>Hampshire in S\u00fcdengland verf\u00fcgt \u00fcber die perfekte Mischung an K\u00fcste, St\u00e4dte und Landschaft mit einer Menge zu sehen und zu tun w\u00e4hrend eines Urlaubs hier, dazu mit leichter Erreichbarkeit von London aus&#8230;.<a href=\"https:\/\/www.urlaubcornwall.de\/blog\/top-10-reisetipps-hampshire-die-sie-sehen-und-erleben-sollten\/\"> Mehr Info<\/a><\/p>\n<p><img loading=\"lazy\" class=\"aligncenter size-full wp-image-41213\" src=\"https:\/\/www.urlaubcornwall.de\/blog\/wp-content\/uploads\/2020\/11\/jurasss-kueste-e1713175000993.jpg\" alt=\"jurassic kueste dorset\" width=\"750\" height=\"567\"\/><\/p>\n<h2 id=\"dorset\">Top 10 Tipps Dorset<\/h2>\n<p>Die Grafschaft Dorset begeistert mit ihrer Sch\u00f6nheit, ihren Kontrasten und der atemberaubenden Landschaft. Dorset liegt im S\u00fcden Englands am Meer und seine K\u00fcstenlinie erstreckt sich \u00fcber 140 km von Lyme Regis im Westen bis nach Christchurch im Osten&#8230;.<a href=\"https:\/\/www.urlaubcornwall.de\/blog\/top-10-reisetipps-dorset-die-sie-sehen-und-erleben-sollten\/\"> Mehr Info<\/a><\/p>\n<p><img loading=\"lazy\" class=\"aligncenter size-full wp-image-32377\" src=\"https:\/\/www.urlaubcornwall.de\/blog\/wp-content\/uploads\/2018\/02\/rundreise-devon-cornwall.jpg\" alt=\"rundreise devon cornwall\" width=\"748\" height=\"364\" srcset=\"https:\/\/www.urlaubcornwall.de\/blog\/wp-content\/uploads\/2018\/02\/rundreise-devon-cornwall.jpg 748w, https:\/\/www.urlaubcornwall.de\/blog\/wp-content\/uploads\/2018\/02\/rundreise-devon-cornwall-300x146.jpg 300w\" sizes=\"(max-width: 748px) 100vw, 748px\" \/><\/p>\n<h2 id=\"devon\">Top 10 Tipps Devon<\/h2>\n<p>Devon liegt in S\u00fcdwestengland und ist die einzige Grafschaft, die zwei v\u00f6llig voneinander getrennte K\u00fcstenlinien besitzt, n\u00e4mlich Norddevon und S\u00fcddevon (South Hams), die sich beide durch wundersch\u00f6ne Sandstr\u00e4nde ausweisen, ideal um Ihren Urlaub dort zu verbringen&#8230;.<a href=\"https:\/\/www.urlaubcornwall.de\/blog\/top-10-reisetipps-devon-die-sie-unbedingt-erleben-und-sehen-sollten\/\">&nbsp;<span style=\"text-decoration: underline;\">Mehr Info<\/span><\/a><\/p>\n<p><a href=\"https:\/\/www.urlaubcornwall.de\/blog\/wp-content\/uploads\/2024\/03\/mousehole_urlaub.jpg\"><img loading=\"lazy\" src=\"https:\/\/www.urlaubcornwall.de\/blog\/wp-content\/uploads\/2024\/03\/mousehole_urlaub.jpg\" alt=\"\" width=\"750\" height=\"665\" class=\"alignnone size-full wp-image-48071\" srcset=\"https:\/\/www.urlaubcornwall.de\/blog\/wp-content\/uploads\/2024\/03\/mousehole_urlaub.jpg 750w, https:\/\/www.urlaubcornwall.de\/blog\/wp-content\/uploads\/2024\/03\/mousehole_urlaub-300x266.jpg 300w\" sizes=\"(max-width: 750px) 100vw, 750px\" \/><\/a><\/p>\n<h2 id=\"cornwall\">Top 10 Tipps Cornwall<\/h2>\n<p>Cornwall ist unter deutschen Urlaubern das beliebteste Reiseziel in England und Gro\u00dfbritannien. Das ist auch kein Wunder, denn Cornwall hat alle Zutaten, die man f\u00fcr einen perfekten Urlaub braucht. Genie\u00dfen Sie die fantastische kornische Landschaft, die schon durch die Verfilmungen der Rosamunde Pilcher Romane&#8230;.<a href=\"http:\/\/www.urlaubcornwall.de\/\"> Mehr Info<\/a><\/p>\n<p><img loading=\"lazy\" class=\"aligncenter size-full wp-image-20983\" src=\"https:\/\/www.urlaubcornwall.de\/blog\/wp-content\/uploads\/2015\/10\/Glastonbury.jpg\" alt=\"Glastonbury somerset\" width=\"745\" height=\"376\" srcset=\"https:\/\/www.urlaubcornwall.de\/blog\/wp-content\/uploads\/2015\/10\/Glastonbury.jpg 745w, https:\/\/www.urlaubcornwall.de\/blog\/wp-content\/uploads\/2015\/10\/Glastonbury-300x151.jpg 300w\" sizes=\"(max-width: 745px) 100vw, 745px\" \/><\/p>\n<h2 id=\"somerset\">Top 10 Tipps Somerset<\/h2>\n<p>Bekannt f\u00fcr sein Musikfestival, ist Glastonbury Tor auch ein ikonischer Turm des 15. Jahrhunderts, der spektakul\u00e4ren Blick \u00fcber die Ebenen Somersets hinweg bietet. Die Stadt ist durchdrungen von der Artuslegende, sowie Legenden, den Heiligen Gral und Joseph von Arimathea betreffend&#8230;. <a href=\"https:\/\/www.urlaubcornwall.de\/blog\/reisetipps-somerset-unsere-top-10-die-sie-sehen-und-erleben-sollten\/\">Mehr Info<\/a><\/p>\n<div class=\"snippet\"> <a class=\"featured-item\" href=\"https:\/\/www.urlaubcornwall.de\/ferienhaeuser\/suedengland.php\"> <span class=\"image-holder\" style=\"background-image: url(' https:\/\/www.urlaubcornwall.de\/blog\/wp-content\/uploads\/2024\/03\/ferienhaus-england-cornwall.jpg ');\"><\/span> <span class=\"featured-content\"> \n<h2 class=\"featured-title\">Ferienh\u00e4user in S\u00fcdengland zum Verlieben!<\/h2>\n<p class=\"featured-body\">S\u00fcdengland besitzt mehr K\u00fcstenlinien als jede andere Grafschaft und bietet einige der besten Str\u00e4nde, K\u00fcstenwanderwege und Klippenlandschaften, die man \u00fcberhaupt finden kann&#8230;.<\/p><\/span> <span class=\"featured-link-holder\"> <span class=\"featured-extra-info\"> \n<p>F\u00fcr Paare, Familien &#038; Gruppen<\/p>\n<\/span> \n<p class=\"featured-link\">DETAILS<\/p>\n<\/span> <\/a><\/div>\n<div class=\"snippet\"> <a class=\"featured-item\" href=\" https:\/\/www.urlaubcornwall.de\/rundreisen\/cornwall-suedengland.php\"> <span class=\"image-holder\" style=\"background-image: url(' https:\/\/www.urlaubcornwall.de\/blog\/wp-content\/uploads\/2018\/11\/rundreise-cornwall.jpg ');\"><\/span> <span class=\"featured-content\"> \n<h2 class=\"featured-title\">Individuelle Rundreise in Cornwall &#038; S\u00fcdengland<\/h2>\n<p class=\"featured-body\"> Bei dieser Cornwall Rundreise entdecken Sie die H\u00f6hepunkte S\u00fcdenglands. Kultur, Geschichte, Landschaft und heutiges Leben werden Sie hierbei kennenlernen&#8230;<\/p>\n<\/span> <span class=\"featured-link-holder\"> <span class=\"featured-extra-info\"> \n<p>Urlaub im eigenen Schritttempo<\/p>\n<\/span> \n<p class=\"featured-link\">DETAILS<\/p>\n<\/span> <\/a><\/div>\n","protected":false},"excerpt":{"rendered":"<p>UrlaubCornwall.de hat seinen Firmensitz in Cornwall in S\u00fcdengland und bietet Kunden im Deutsch sprechenden Europa Hilfe im Erstellen der perfekten Urlaubserfahrung hier. Wir haben ein Team Deutsch sprechender Experten, so dass wir eine individuelle Urlaub in England &amp; Wales. Hier finden Sie unsere Top 10 Tipps f\u00fcr die Grafschaften S\u00fcdenglands&#8230;. Cornwall Tipps | Devon Tipps [&hellip;]<\/p>\n","protected":false},"author":1,"featured_media":0,"parent":0,"menu_order":0,"comment_status":"closed","ping_status":"closed","template":"single-four.php","meta":[],"acf":[],"yoast_head":"<!-- This site is optimized with the Yoast SEO plugin v19.4 - https:\/\/yoast.com\/wordpress\/plugins\/seo\/ -->\n<title>Urlaubstipps f\u00fcr Cornwall &amp; die S\u00fcdk\u00fcste von England - Urlaub &amp; Reisen<\/title>\n<meta name=\"robots\" content=\"index, follow, max-snippet:-1, max-image-preview:large, max-video-preview:-1\" \/>\n<link rel=\"canonical\" href=\"https:\/\/www.urlaubcornwall.de\/blog\/urlaubstipps-fuer-die-suedkueste-von-england\/\" \/>\n<meta property=\"og:locale\" content=\"en_US\" \/>\n<meta property=\"og:type\" content=\"article\" \/>\n<meta property=\"og:title\" content=\"Urlaubstipps f\u00fcr Cornwall &amp; die S\u00fcdk\u00fcste von England - Urlaub &amp; Reisen\" \/>\n<meta property=\"og:description\" content=\"UrlaubCornwall.de hat seinen Firmensitz in Cornwall in S\u00fcdengland und bietet Kunden im Deutsch sprechenden Europa Hilfe im Erstellen der perfekten Urlaubserfahrung hier. Wir haben ein Team Deutsch sprechender Experten, so dass wir eine individuelle Urlaub in England &amp; Wales. Hier finden Sie unsere Top 10 Tipps f\u00fcr die Grafschaften S\u00fcdenglands&#8230;. Cornwall Tipps | Devon Tipps [&hellip;]\" \/>\n<meta property=\"og:url\" content=\"https:\/\/www.urlaubcornwall.de\/blog\/urlaubstipps-fuer-die-suedkueste-von-england\/\" \/>\n<meta property=\"og:site_name\" content=\"Urlaub &amp; Reisen\" \/>\n<meta property=\"article:modified_time\" content=\"2024-05-30T14:34:43+00:00\" \/>\n<meta property=\"og:image\" content=\"https:\/\/www.urlaubcornwall.de\/blog\/wp-content\/uploads\/2024\/03\/leeds-castle.jpg\" \/>\n<meta name=\"twitter:card\" content=\"summary\" \/>\n<meta name=\"twitter:label1\" content=\"Est. reading time\" \/>\n\t<meta name=\"twitter:data1\" content=\"4 minutes\" \/>\n<script type=\"application\/ld+json\" class=\"yoast-schema-graph\">{\"@context\":\"https:\/\/schema.org\",\"@graph\":[{\"@type\":\"WebSite\",\"@id\":\"https:\/\/www.urlaubcornwall.de\/blog\/#website\",\"url\":\"https:\/\/www.urlaubcornwall.de\/blog\/\",\"name\":\"Urlaub &amp; Reisen\",\"description\":\"Urlaub, Reisen, Cornwall und S\u00fcdengland: eine perfekte Kombination\",\"potentialAction\":[{\"@type\":\"SearchAction\",\"target\":{\"@type\":\"EntryPoint\",\"urlTemplate\":\"https:\/\/www.urlaubcornwall.de\/blog\/?s={search_term_string}\"},\"query-input\":\"required name=search_term_string\"}],\"inLanguage\":\"en-US\"},{\"@type\":\"WebPage\",\"@id\":\"https:\/\/www.urlaubcornwall.de\/blog\/urlaubstipps-fuer-die-suedkueste-von-england\/\",\"url\":\"https:\/\/www.urlaubcornwall.de\/blog\/urlaubstipps-fuer-die-suedkueste-von-england\/\",\"name\":\"Urlaubstipps f\u00fcr Cornwall & die S\u00fcdk\u00fcste von England - Urlaub &amp; Reisen\",\"isPartOf\":{\"@id\":\"https:\/\/www.urlaubcornwall.de\/blog\/#website\"},\"datePublished\":\"2014-04-02T10:57:53+00:00\",\"dateModified\":\"2024-05-30T14:34:43+00:00\",\"breadcrumb\":{\"@id\":\"https:\/\/www.urlaubcornwall.de\/blog\/urlaubstipps-fuer-die-suedkueste-von-england\/#breadcrumb\"},\"inLanguage\":\"en-US\",\"potentialAction\":[{\"@type\":\"ReadAction\",\"target\":[\"https:\/\/www.urlaubcornwall.de\/blog\/urlaubstipps-fuer-die-suedkueste-von-england\/\"]}]},{\"@type\":\"BreadcrumbList\",\"@id\":\"https:\/\/www.urlaubcornwall.de\/blog\/urlaubstipps-fuer-die-suedkueste-von-england\/#breadcrumb\",\"itemListElement\":[{\"@type\":\"ListItem\",\"position\":1,\"name\":\"Home\",\"item\":\"https:\/\/www.urlaubcornwall.de\/blog\/\"},{\"@type\":\"ListItem\",\"position\":2,\"name\":\"Urlaubstipps f\u00fcr Cornwall &#038; die S\u00fcdk\u00fcste von England\"}]}]}<\/script>\n<!-- \/ Yoast SEO plugin. -->","yoast_head_json":{"title":"Urlaubstipps f\u00fcr Cornwall & die S\u00fcdk\u00fcste von England - Urlaub &amp; Reisen","robots":{"index":"index","follow":"follow","max-snippet":"max-snippet:-1","max-image-preview":"max-image-preview:large","max-video-preview":"max-video-preview:-1"},"canonical":"https:\/\/www.urlaubcornwall.de\/blog\/urlaubstipps-fuer-die-suedkueste-von-england\/","og_locale":"en_US","og_type":"article","og_title":"Urlaubstipps f\u00fcr Cornwall & die S\u00fcdk\u00fcste von England - Urlaub &amp; Reisen","og_description":"UrlaubCornwall.de hat seinen Firmensitz in Cornwall in S\u00fcdengland und bietet Kunden im Deutsch sprechenden Europa Hilfe im Erstellen der perfekten Urlaubserfahrung hier. Wir haben ein Team Deutsch sprechender Experten, so dass wir eine individuelle Urlaub in England &amp; Wales. Hier finden Sie unsere Top 10 Tipps f\u00fcr die Grafschaften S\u00fcdenglands&#8230;. Cornwall Tipps | Devon Tipps [&hellip;]","og_url":"https:\/\/www.urlaubcornwall.de\/blog\/urlaubstipps-fuer-die-suedkueste-von-england\/","og_site_name":"Urlaub &amp; Reisen","article_modified_time":"2024-05-30T14:34:43+00:00","og_image":[{"url":"https:\/\/www.urlaubcornwall.de\/blog\/wp-content\/uploads\/2024\/03\/leeds-castle.jpg"}],"twitter_card":"summary","twitter_misc":{"Est. reading time":"4 minutes"},"schema":{"@context":"https:\/\/schema.org","@graph":[{"@type":"WebSite","@id":"https:\/\/www.urlaubcornwall.de\/blog\/#website","url":"https:\/\/www.urlaubcornwall.de\/blog\/","name":"Urlaub &amp; Reisen","description":"Urlaub, Reisen, Cornwall und S\u00fcdengland: eine perfekte Kombination","potentialAction":[{"@type":"SearchAction","target":{"@type":"EntryPoint","urlTemplate":"https:\/\/www.urlaubcornwall.de\/blog\/?s={search_term_string}"},"query-input":"required name=search_term_string"}],"inLanguage":"en-US"},{"@type":"WebPage","@id":"https:\/\/www.urlaubcornwall.de\/blog\/urlaubstipps-fuer-die-suedkueste-von-england\/","url":"https:\/\/www.urlaubcornwall.de\/blog\/urlaubstipps-fuer-die-suedkueste-von-england\/","name":"Urlaubstipps f\u00fcr Cornwall & die S\u00fcdk\u00fcste von England - Urlaub &amp; Reisen","isPartOf":{"@id":"https:\/\/www.urlaubcornwall.de\/blog\/#website"},"datePublished":"2014-04-02T10:57:53+00:00","dateModified":"2024-05-30T14:34:43+00:00","breadcrumb":{"@id":"https:\/\/www.urlaubcornwall.de\/blog\/urlaubstipps-fuer-die-suedkueste-von-england\/#breadcrumb"},"inLanguage":"en-US","potentialAction":[{"@type":"ReadAction","target":["https:\/\/www.urlaubcornwall.de\/blog\/urlaubstipps-fuer-die-suedkueste-von-england\/"]}]},{"@type":"BreadcrumbList","@id":"https:\/\/www.urlaubcornwall.de\/blog\/urlaubstipps-fuer-die-suedkueste-von-england\/#breadcrumb","itemListElement":[{"@type":"ListItem","position":1,"name":"Home","item":"https:\/\/www.urlaubcornwall.de\/blog\/"},{"@type":"ListItem","position":2,"name":"Urlaubstipps f\u00fcr Cornwall &#038; die S\u00fcdk\u00fcste von England"}]}]}},"_links":{"self":[{"href":"https:\/\/www.urlaubcornwall.de\/blog\/wp-json\/wp\/v2\/pages\/14706"}],"collection":[{"href":"https:\/\/www.urlaubcornwall.de\/blog\/wp-json\/wp\/v2\/pages"}],"about":[{"href":"https:\/\/www.urlaubcornwall.de\/blog\/wp-json\/wp\/v2\/types\/page"}],"author":[{"embeddable":true,"href":"https:\/\/www.urlaubcornwall.de\/blog\/wp-json\/wp\/v2\/users\/1"}],"replies":[{"embeddable":true,"href":"https:\/\/www.urlaubcornwall.de\/blog\/wp-json\/wp\/v2\/comments?post=14706"}],"version-history":[{"count":29,"href":"https:\/\/www.urlaubcornwall.de\/blog\/wp-json\/wp\/v2\/pages\/14706\/revisions"}],"predecessor-version":[{"id":51110,"href":"https:\/\/www.urlaubcornwall.de\/blog\/wp-json\/wp\/v2\/pages\/14706\/revisions\/51110"}],"wp:attachment":[{"href":"https:\/\/www.urlaubcornwall.de\/blog\/wp-json\/wp\/v2\/media?parent=14706"}],"curies":[{"name":"wp","href":"https:\/\/api.w.org\/{rel}","templated":true}]}}