{"id":14693,"date":"2014-04-02T11:03:34","date_gmt":"2014-04-02T11:03:34","guid":{"rendered":"https:\/\/www.urlaubcornwall.de\/blog\/?page_id=14693"},"modified":"2020-08-11T15:49:20","modified_gmt":"2020-08-11T15:49:20","slug":"hell-bay-hotel-auf-bryher-luxusurlaub-scilly-inseln","status":"publish","type":"page","link":"https:\/\/www.urlaubcornwall.de\/blog\/hell-bay-hotel-auf-bryher-luxusurlaub-scilly-inseln\/","title":{"rendered":"Hell Bay Hotel auf Bryher, Luxusurlaub Scilly-Inseln"},"content":{"rendered":"<p style=\"text-align: left;\">Ein eleganter Inselurlaub in Cornwall, bei dem Neuengland auf karibische Sandstr\u00e4nde trifft: Hell Bay Hotel befindet sich auf Cornwalls Geheimtipp und Juwel, den <a title=\"Urlaub Scilly\" href=\"http:\/\/www.urlaubcornwall.de\/Scilly-Inseln.php\"><span style=\"text-decoration: underline;\">Scilly-Inseln<\/span><\/a>, und bietet einen perfekten Urlaub in einem unber\u00fchrten kornischen Paradies auf der Insel Bryher &#8211; 28 Meilen vor der K\u00fcste von S\u00fcdwestengland.<\/p>\n<p style=\"text-align: left;\">UrlaubCornwall hat ein Luxushotel in Cornwall entdeckt, das unvergleichliche Ruhe und Entspannung verspricht. Es bietet eleganten Komfort, Seeblick und preisgekr\u00f6nte Speisen in einzigartiger Insellage. Der ideale Strandurlaub f\u00fcr Familien mit Kindern oder Urlauber, die f\u00fcr ihren Sommerurlaub nach etwas ganz Besonderem suchen.<\/p>\n<p style=\"text-align: left;\">Hell Bay Hotel eines der besten Urlaubsdomizile, das man sich vorstellen kann. Es liegt inmitten wundersch\u00f6n gepflegter G\u00e4rten und ist mit Kunstwerken von \u00f6rtlichen K\u00fcnstlern und Bildhauern mit \u00f6rtlicher Verbindung elegant eingerichtet. Darunter z\u00e4hlen die Originalkunstwerke und -skulpturen von Barbara Hepworth, John Miller, Ivon Hitchens, Julian Trevelyan und Richard Pearce. Vom Hotel aus bietet sich Ihnen ein atemberaubender Ausblick auf den Ozean und die umliegenden Inseln.<\/p>\n<p style=\"text-align: left;\">Diese winzige Insel l\u00e4sst erahnen, wie Cornwall einst aussah und bietet herrliche unber\u00fchrte Str\u00e4nde mit kristallklarem Wasser, weichem Sand und weit und breit kaum einer Menschenseele. Abgesehen von der Entspannung am beheizten Pool hat Bryher auch viele Aktivit\u00e4ten zu bieten. Das Hotel kann Kajaking oder Ausfl\u00fcge mit dem Jetboot zu den Robben und Papageientauchern organisieren und Ihnen den Weg zu den felsigen Buchten zeigen, die rund um die Insel zur Erkundung einladen.<\/p>\n<p style=\"text-align: left;\">Mit t\u00e4glichen Bootsausfl\u00fcgen von Bryher k\u00f6nnen Sie auch die anderen Inseln erkunden. Es gibt viel zu sehen, angefangen bei den Strandgastst\u00e4tten in St Mary&#8217;s oder dem wei\u00dfen Sandstrand an der Great Bay auf St Martins. Die weltbekannten tropischen Abbey Gardens auf der Nachbarinsel Tresco sind nur eine kurze Bootsfahrt entfernt. Sie werden kaum glauben, dass Sie sich noch auf britischem Boden befinden!<\/p>\n<p style=\"text-align: center;\"><a class=\"tidycta\" href=\"http:\/\/www.urlaubcornwall.de\/Scilly-Inseln\/reiseservice.php\">Anfrage \/ Buchung <\/a><\/p>\n<h2 style=\"text-align: center;\">Der <strong>EINZIGE<\/strong> Deutsch sprechende Reiseservice f\u00fcr die Scilly-Inseln<\/h2>\n<p>Mit Sitz in Cornwall. Mit unserer 25j\u00e4hrigen Erfahrung haben wir f\u00fcr Sie nur die beste, pers\u00f6nlich inspizierte Unterkunft der Inseln im Angebot und ein <a href=\"http:\/\/www.urlaubcornwall.de\/Scilly-Inseln\/reiseservice.php\">Deutsch sprechendes Team an Scilly-Reiseexperten<\/a>.<\/p>\n<p>Wir k\u00f6nnen auch Fl\u00fcge nach Gro\u00dfbritannien mit ber\u00fccksichtigen, sowie F\u00e4hrtickets zu den Inseln und eine Autovermietung. Alle Kunden erhalten Sonderangebote und Nachl\u00e4sse, sowie eine Kopie unserer einzigartigen Urlaubstipps, um das Beste aus Ihrem Urlaub auf den Inseln zu machen.<\/p>\n<h1><span style=\"text-decoration: underline;\"><a href=\"http:\/\/www.urlaubcornwall.de\/Scilly-Inseln.php\">Entdecken Sie hier mehr dazu.<\/a><\/span><\/h1>\n","protected":false},"excerpt":{"rendered":"<p>Ein eleganter Inselurlaub in Cornwall, bei dem Neuengland auf karibische Sandstr\u00e4nde trifft: Hell Bay Hotel befindet sich auf Cornwalls Geheimtipp und Juwel, den Scilly-Inseln, und bietet einen perfekten Urlaub in einem unber\u00fchrten kornischen Paradies auf der Insel Bryher &#8211; 28 Meilen vor der K\u00fcste von S\u00fcdwestengland. UrlaubCornwall hat ein Luxushotel in Cornwall entdeckt, das unvergleichliche [&hellip;]<\/p>\n","protected":false},"author":1,"featured_media":0,"parent":0,"menu_order":0,"comment_status":"closed","ping_status":"closed","template":"single-two.php","meta":[],"acf":[],"yoast_head":"<!-- This site is optimized with the Yoast SEO plugin v19.4 - https:\/\/yoast.com\/wordpress\/plugins\/seo\/ -->\n<title>Hell Bay Hotel auf Bryher, Luxusurlaub Scilly-Inseln - Urlaub &amp; Reisen<\/title>\n<meta name=\"robots\" content=\"index, follow, max-snippet:-1, max-image-preview:large, max-video-preview:-1\" \/>\n<link rel=\"canonical\" href=\"https:\/\/www.urlaubcornwall.de\/blog\/hell-bay-hotel-auf-bryher-luxusurlaub-scilly-inseln\/\" \/>\n<meta property=\"og:locale\" content=\"en_US\" \/>\n<meta property=\"og:type\" content=\"article\" \/>\n<meta property=\"og:title\" content=\"Hell Bay Hotel auf Bryher, Luxusurlaub Scilly-Inseln - Urlaub &amp; Reisen\" \/>\n<meta property=\"og:description\" content=\"Ein eleganter Inselurlaub in Cornwall, bei dem Neuengland auf karibische Sandstr\u00e4nde trifft: Hell Bay Hotel befindet sich auf Cornwalls Geheimtipp und Juwel, den Scilly-Inseln, und bietet einen perfekten Urlaub in einem unber\u00fchrten kornischen Paradies auf der Insel Bryher &#8211; 28 Meilen vor der K\u00fcste von S\u00fcdwestengland. UrlaubCornwall hat ein Luxushotel in Cornwall entdeckt, das unvergleichliche [&hellip;]\" \/>\n<meta property=\"og:url\" content=\"https:\/\/www.urlaubcornwall.de\/blog\/hell-bay-hotel-auf-bryher-luxusurlaub-scilly-inseln\/\" \/>\n<meta property=\"og:site_name\" content=\"Urlaub &amp; Reisen\" \/>\n<meta property=\"article:modified_time\" content=\"2020-08-11T15:49:20+00:00\" \/>\n<meta name=\"twitter:card\" content=\"summary\" \/>\n<meta name=\"twitter:label1\" content=\"Est. reading time\" \/>\n\t<meta name=\"twitter:data1\" content=\"2 minutes\" \/>\n<script type=\"application\/ld+json\" class=\"yoast-schema-graph\">{\"@context\":\"https:\/\/schema.org\",\"@graph\":[{\"@type\":\"WebSite\",\"@id\":\"https:\/\/www.urlaubcornwall.de\/blog\/#website\",\"url\":\"https:\/\/www.urlaubcornwall.de\/blog\/\",\"name\":\"Urlaub &amp; Reisen\",\"description\":\"Urlaub, Reisen, Cornwall und S\u00fcdengland: eine perfekte Kombination\",\"potentialAction\":[{\"@type\":\"SearchAction\",\"target\":{\"@type\":\"EntryPoint\",\"urlTemplate\":\"https:\/\/www.urlaubcornwall.de\/blog\/?s={search_term_string}\"},\"query-input\":\"required name=search_term_string\"}],\"inLanguage\":\"en-US\"},{\"@type\":\"WebPage\",\"@id\":\"https:\/\/www.urlaubcornwall.de\/blog\/hell-bay-hotel-auf-bryher-luxusurlaub-scilly-inseln\/\",\"url\":\"https:\/\/www.urlaubcornwall.de\/blog\/hell-bay-hotel-auf-bryher-luxusurlaub-scilly-inseln\/\",\"name\":\"Hell Bay Hotel auf Bryher, Luxusurlaub Scilly-Inseln - Urlaub &amp; Reisen\",\"isPartOf\":{\"@id\":\"https:\/\/www.urlaubcornwall.de\/blog\/#website\"},\"datePublished\":\"2014-04-02T11:03:34+00:00\",\"dateModified\":\"2020-08-11T15:49:20+00:00\",\"breadcrumb\":{\"@id\":\"https:\/\/www.urlaubcornwall.de\/blog\/hell-bay-hotel-auf-bryher-luxusurlaub-scilly-inseln\/#breadcrumb\"},\"inLanguage\":\"en-US\",\"potentialAction\":[{\"@type\":\"ReadAction\",\"target\":[\"https:\/\/www.urlaubcornwall.de\/blog\/hell-bay-hotel-auf-bryher-luxusurlaub-scilly-inseln\/\"]}]},{\"@type\":\"BreadcrumbList\",\"@id\":\"https:\/\/www.urlaubcornwall.de\/blog\/hell-bay-hotel-auf-bryher-luxusurlaub-scilly-inseln\/#breadcrumb\",\"itemListElement\":[{\"@type\":\"ListItem\",\"position\":1,\"name\":\"Home\",\"item\":\"https:\/\/www.urlaubcornwall.de\/blog\/\"},{\"@type\":\"ListItem\",\"position\":2,\"name\":\"Hell Bay Hotel auf Bryher, Luxusurlaub Scilly-Inseln\"}]}]}<\/script>\n<!-- \/ Yoast SEO plugin. -->","yoast_head_json":{"title":"Hell Bay Hotel auf Bryher, Luxusurlaub Scilly-Inseln - Urlaub &amp; Reisen","robots":{"index":"index","follow":"follow","max-snippet":"max-snippet:-1","max-image-preview":"max-image-preview:large","max-video-preview":"max-video-preview:-1"},"canonical":"https:\/\/www.urlaubcornwall.de\/blog\/hell-bay-hotel-auf-bryher-luxusurlaub-scilly-inseln\/","og_locale":"en_US","og_type":"article","og_title":"Hell Bay Hotel auf Bryher, Luxusurlaub Scilly-Inseln - Urlaub &amp; Reisen","og_description":"Ein eleganter Inselurlaub in Cornwall, bei dem Neuengland auf karibische Sandstr\u00e4nde trifft: Hell Bay Hotel befindet sich auf Cornwalls Geheimtipp und Juwel, den Scilly-Inseln, und bietet einen perfekten Urlaub in einem unber\u00fchrten kornischen Paradies auf der Insel Bryher &#8211; 28 Meilen vor der K\u00fcste von S\u00fcdwestengland. UrlaubCornwall hat ein Luxushotel in Cornwall entdeckt, das unvergleichliche [&hellip;]","og_url":"https:\/\/www.urlaubcornwall.de\/blog\/hell-bay-hotel-auf-bryher-luxusurlaub-scilly-inseln\/","og_site_name":"Urlaub &amp; Reisen","article_modified_time":"2020-08-11T15:49:20+00:00","twitter_card":"summary","twitter_misc":{"Est. reading time":"2 minutes"},"schema":{"@context":"https:\/\/schema.org","@graph":[{"@type":"WebSite","@id":"https:\/\/www.urlaubcornwall.de\/blog\/#website","url":"https:\/\/www.urlaubcornwall.de\/blog\/","name":"Urlaub &amp; Reisen","description":"Urlaub, Reisen, Cornwall und S\u00fcdengland: eine perfekte Kombination","potentialAction":[{"@type":"SearchAction","target":{"@type":"EntryPoint","urlTemplate":"https:\/\/www.urlaubcornwall.de\/blog\/?s={search_term_string}"},"query-input":"required name=search_term_string"}],"inLanguage":"en-US"},{"@type":"WebPage","@id":"https:\/\/www.urlaubcornwall.de\/blog\/hell-bay-hotel-auf-bryher-luxusurlaub-scilly-inseln\/","url":"https:\/\/www.urlaubcornwall.de\/blog\/hell-bay-hotel-auf-bryher-luxusurlaub-scilly-inseln\/","name":"Hell Bay Hotel auf Bryher, Luxusurlaub Scilly-Inseln - Urlaub &amp; Reisen","isPartOf":{"@id":"https:\/\/www.urlaubcornwall.de\/blog\/#website"},"datePublished":"2014-04-02T11:03:34+00:00","dateModified":"2020-08-11T15:49:20+00:00","breadcrumb":{"@id":"https:\/\/www.urlaubcornwall.de\/blog\/hell-bay-hotel-auf-bryher-luxusurlaub-scilly-inseln\/#breadcrumb"},"inLanguage":"en-US","potentialAction":[{"@type":"ReadAction","target":["https:\/\/www.urlaubcornwall.de\/blog\/hell-bay-hotel-auf-bryher-luxusurlaub-scilly-inseln\/"]}]},{"@type":"BreadcrumbList","@id":"https:\/\/www.urlaubcornwall.de\/blog\/hell-bay-hotel-auf-bryher-luxusurlaub-scilly-inseln\/#breadcrumb","itemListElement":[{"@type":"ListItem","position":1,"name":"Home","item":"https:\/\/www.urlaubcornwall.de\/blog\/"},{"@type":"ListItem","position":2,"name":"Hell Bay Hotel auf Bryher, Luxusurlaub Scilly-Inseln"}]}]}},"_links":{"self":[{"href":"https:\/\/www.urlaubcornwall.de\/blog\/wp-json\/wp\/v2\/pages\/14693"}],"collection":[{"href":"https:\/\/www.urlaubcornwall.de\/blog\/wp-json\/wp\/v2\/pages"}],"about":[{"href":"https:\/\/www.urlaubcornwall.de\/blog\/wp-json\/wp\/v2\/types\/page"}],"author":[{"embeddable":true,"href":"https:\/\/www.urlaubcornwall.de\/blog\/wp-json\/wp\/v2\/users\/1"}],"replies":[{"embeddable":true,"href":"https:\/\/www.urlaubcornwall.de\/blog\/wp-json\/wp\/v2\/comments?post=14693"}],"version-history":[{"count":19,"href":"https:\/\/www.urlaubcornwall.de\/blog\/wp-json\/wp\/v2\/pages\/14693\/revisions"}],"predecessor-version":[{"id":16976,"href":"https:\/\/www.urlaubcornwall.de\/blog\/wp-json\/wp\/v2\/pages\/14693\/revisions\/16976"}],"wp:attachment":[{"href":"https:\/\/www.urlaubcornwall.de\/blog\/wp-json\/wp\/v2\/media?parent=14693"}],"curies":[{"name":"wp","href":"https:\/\/api.w.org\/{rel}","templated":true}]}}