{"id":14651,"date":"2014-04-01T09:54:52","date_gmt":"2014-04-01T09:54:52","guid":{"rendered":"https:\/\/www.urlaubcornwall.de\/blog\/?page_id=14651"},"modified":"2021-09-02T12:18:55","modified_gmt":"2021-09-02T12:18:55","slug":"stilvoller-urlaub-mieten-sie-ein-historisches-pilcher-haus-in-cornwall","status":"publish","type":"page","link":"https:\/\/www.urlaubcornwall.de\/blog\/stilvoller-urlaub-mieten-sie-ein-historisches-pilcher-haus-in-cornwall\/","title":{"rendered":"Stilvoller Urlaub \u2013 mieten Sie ein historisches Pilcher Haus in Cornwall."},"content":{"rendered":"<p><strong>Bei uns finden Sie Ferienh\u00e4user zum Verlieben \u2013 so einfach ist das! <\/strong>Hier finden Sie weitere einzigartige historische H\u00e4user, die Sie w\u00e4hrend Ihres Urlaubs in Cornwall mieten k\u00f6nnen.<strong><br \/>\n<\/strong><\/p>\n<p>Genie\u00dfen Sie Ihren <a href=\"http:\/\/www.urlaubcornwall.de\/reiseziel\/cornwall.php\"><strong>Urlaub in Cornwall<\/strong><\/a> in einem historischen Haus, das direkt aus einem Rosamunde Pilcher Film stammen k\u00f6nnte \u2013 geradezu perfekt f\u00fcr Gro\u00dffamilien oder Freundesgruppen. In Cornwall finden Sie zahlreiche spektakul\u00e4re H\u00e4user; viele davon wurden als Hintergrundmotiv in einigen ihrer bestbekannten Geschichten benutzt.<\/p>\n<p>Schweifen Sie zur\u00fcck in ein erhabenes, w\u00fcrdevolles Zeitalter! Auf dem Lande au\u00dferhalb von Penzance gelegen, finden Sie Nancealverne House , ein denkmalgesch\u00fctztes Herrschaftshaus des 18. Jahrhunderts, inmitten von 14 Ar Wiesen, G\u00e4rten und Park gelegen. Durchdrungen von Geschichte, wurde ein Teil des Hauses mit dem Preisgeld von Nelsons Schlacht am Nil erbaut. Die Unterkunft umfasst den ersten Stock und die Mehrheit des Erdgeschosses; es k\u00f6nnen 8 Personen m\u00fchelos untergebracht werden.<\/p>\n<p style=\"text-align: center;\"><a class=\"tidycta\" href=\"https:\/\/www.urlaubcornwall.de\/ferienhaeuser-fewos\/cornwall.html\">Suche Ferienh\u00e4user <\/a><\/p>\n<p>Granitstufen f\u00fchren zum Eingang des ersten Stockes, von dem aus Sie das gem\u00fctliche Wohn-\/Esszimmer betreten. Von hier aus bietet ein Korridor Zugang zu den Schlafr\u00e4umen mit Blick \u00fcber die G\u00e4rten. Angebaut an die K\u00fcche ist ein Wintergarten\/Esszimmer, in dem sich ein lebensgro\u00dfes Schaukelpferd befindet, und von dort aus geht es in ein au\u00dferordentliches, zeltf\u00f6rmiges Nebenzimmer. Eine elegante Treppe f\u00fchrt hinunter zum gro\u00dfz\u00fcgigen Wohnzimmer im Erdgeschoss. G\u00e4ste k\u00f6nnen in den G\u00e4rten umher spazieren oder auf der Wiese sitzen, wo ein Gartenhaus den idealen Platz bietet, al fresco zu speisen. Sie finden auch einen kleinen Teich (komplett umz\u00e4unt, doch achten Sie bitte auf Ihre Kinder), wo Sie als G\u00e4ste die M\u00f6glichkeit haben, in einem Ruderboot zur mittig gelegenen Insel zu rudern. Sennen Cove, Porthcurno, St Ives und Marazion befinden sich allesamt in kurzer Entfernung und sind eines Besuches wert.<\/p>\n<p>Um Classic Cottages einzigartige Kollektion nach Ihrem idealen Ferienhaus zu durchsuchen, <strong><a href=\"https:\/\/www.urlaubcornwall.de\/ferienhaeuser-fewos\/cornwall.html\">klicken Sie hier<\/a><\/strong>.<\/p>\n","protected":false},"excerpt":{"rendered":"<p>Bei uns finden Sie Ferienh\u00e4user zum Verlieben \u2013 so einfach ist das! Hier finden Sie weitere einzigartige historische H\u00e4user, die Sie w\u00e4hrend Ihres Urlaubs in Cornwall mieten k\u00f6nnen. Genie\u00dfen Sie Ihren Urlaub in Cornwall in einem historischen Haus, das direkt aus einem Rosamunde Pilcher Film stammen k\u00f6nnte \u2013 geradezu perfekt f\u00fcr Gro\u00dffamilien oder Freundesgruppen. In [&hellip;]<\/p>\n","protected":false},"author":1,"featured_media":0,"parent":0,"menu_order":0,"comment_status":"closed","ping_status":"closed","template":"single-two.php","meta":[],"acf":[],"yoast_head":"<!-- This site is optimized with the Yoast SEO plugin v19.4 - https:\/\/yoast.com\/wordpress\/plugins\/seo\/ -->\n<title>Stilvoller Urlaub \u2013 mieten Sie ein historisches Pilcher Haus in Cornwall. - Urlaub &amp; Reisen<\/title>\n<meta name=\"robots\" content=\"index, follow, max-snippet:-1, max-image-preview:large, max-video-preview:-1\" \/>\n<link rel=\"canonical\" href=\"https:\/\/www.urlaubcornwall.de\/blog\/stilvoller-urlaub-mieten-sie-ein-historisches-pilcher-haus-in-cornwall\/\" \/>\n<meta property=\"og:locale\" content=\"en_US\" \/>\n<meta property=\"og:type\" content=\"article\" \/>\n<meta property=\"og:title\" content=\"Stilvoller Urlaub \u2013 mieten Sie ein historisches Pilcher Haus in Cornwall. - Urlaub &amp; Reisen\" \/>\n<meta property=\"og:description\" content=\"Bei uns finden Sie Ferienh\u00e4user zum Verlieben \u2013 so einfach ist das! Hier finden Sie weitere einzigartige historische H\u00e4user, die Sie w\u00e4hrend Ihres Urlaubs in Cornwall mieten k\u00f6nnen. Genie\u00dfen Sie Ihren Urlaub in Cornwall in einem historischen Haus, das direkt aus einem Rosamunde Pilcher Film stammen k\u00f6nnte \u2013 geradezu perfekt f\u00fcr Gro\u00dffamilien oder Freundesgruppen. In [&hellip;]\" \/>\n<meta property=\"og:url\" content=\"https:\/\/www.urlaubcornwall.de\/blog\/stilvoller-urlaub-mieten-sie-ein-historisches-pilcher-haus-in-cornwall\/\" \/>\n<meta property=\"og:site_name\" content=\"Urlaub &amp; Reisen\" \/>\n<meta property=\"article:modified_time\" content=\"2021-09-02T12:18:55+00:00\" \/>\n<meta name=\"twitter:card\" content=\"summary\" \/>\n<meta name=\"twitter:label1\" content=\"Est. reading time\" \/>\n\t<meta name=\"twitter:data1\" content=\"2 minutes\" \/>\n<script type=\"application\/ld+json\" class=\"yoast-schema-graph\">{\"@context\":\"https:\/\/schema.org\",\"@graph\":[{\"@type\":\"WebSite\",\"@id\":\"https:\/\/www.urlaubcornwall.de\/blog\/#website\",\"url\":\"https:\/\/www.urlaubcornwall.de\/blog\/\",\"name\":\"Urlaub &amp; Reisen\",\"description\":\"Urlaub, Reisen, Cornwall und S\u00fcdengland: eine perfekte Kombination\",\"potentialAction\":[{\"@type\":\"SearchAction\",\"target\":{\"@type\":\"EntryPoint\",\"urlTemplate\":\"https:\/\/www.urlaubcornwall.de\/blog\/?s={search_term_string}\"},\"query-input\":\"required name=search_term_string\"}],\"inLanguage\":\"en-US\"},{\"@type\":\"WebPage\",\"@id\":\"https:\/\/www.urlaubcornwall.de\/blog\/stilvoller-urlaub-mieten-sie-ein-historisches-pilcher-haus-in-cornwall\/\",\"url\":\"https:\/\/www.urlaubcornwall.de\/blog\/stilvoller-urlaub-mieten-sie-ein-historisches-pilcher-haus-in-cornwall\/\",\"name\":\"Stilvoller Urlaub \u2013 mieten Sie ein historisches Pilcher Haus in Cornwall. - Urlaub &amp; Reisen\",\"isPartOf\":{\"@id\":\"https:\/\/www.urlaubcornwall.de\/blog\/#website\"},\"datePublished\":\"2014-04-01T09:54:52+00:00\",\"dateModified\":\"2021-09-02T12:18:55+00:00\",\"breadcrumb\":{\"@id\":\"https:\/\/www.urlaubcornwall.de\/blog\/stilvoller-urlaub-mieten-sie-ein-historisches-pilcher-haus-in-cornwall\/#breadcrumb\"},\"inLanguage\":\"en-US\",\"potentialAction\":[{\"@type\":\"ReadAction\",\"target\":[\"https:\/\/www.urlaubcornwall.de\/blog\/stilvoller-urlaub-mieten-sie-ein-historisches-pilcher-haus-in-cornwall\/\"]}]},{\"@type\":\"BreadcrumbList\",\"@id\":\"https:\/\/www.urlaubcornwall.de\/blog\/stilvoller-urlaub-mieten-sie-ein-historisches-pilcher-haus-in-cornwall\/#breadcrumb\",\"itemListElement\":[{\"@type\":\"ListItem\",\"position\":1,\"name\":\"Home\",\"item\":\"https:\/\/www.urlaubcornwall.de\/blog\/\"},{\"@type\":\"ListItem\",\"position\":2,\"name\":\"Stilvoller Urlaub \u2013 mieten Sie ein historisches Pilcher Haus in Cornwall.\"}]}]}<\/script>\n<!-- \/ Yoast SEO plugin. -->","yoast_head_json":{"title":"Stilvoller Urlaub \u2013 mieten Sie ein historisches Pilcher Haus in Cornwall. - Urlaub &amp; Reisen","robots":{"index":"index","follow":"follow","max-snippet":"max-snippet:-1","max-image-preview":"max-image-preview:large","max-video-preview":"max-video-preview:-1"},"canonical":"https:\/\/www.urlaubcornwall.de\/blog\/stilvoller-urlaub-mieten-sie-ein-historisches-pilcher-haus-in-cornwall\/","og_locale":"en_US","og_type":"article","og_title":"Stilvoller Urlaub \u2013 mieten Sie ein historisches Pilcher Haus in Cornwall. - Urlaub &amp; Reisen","og_description":"Bei uns finden Sie Ferienh\u00e4user zum Verlieben \u2013 so einfach ist das! Hier finden Sie weitere einzigartige historische H\u00e4user, die Sie w\u00e4hrend Ihres Urlaubs in Cornwall mieten k\u00f6nnen. Genie\u00dfen Sie Ihren Urlaub in Cornwall in einem historischen Haus, das direkt aus einem Rosamunde Pilcher Film stammen k\u00f6nnte \u2013 geradezu perfekt f\u00fcr Gro\u00dffamilien oder Freundesgruppen. In [&hellip;]","og_url":"https:\/\/www.urlaubcornwall.de\/blog\/stilvoller-urlaub-mieten-sie-ein-historisches-pilcher-haus-in-cornwall\/","og_site_name":"Urlaub &amp; Reisen","article_modified_time":"2021-09-02T12:18:55+00:00","twitter_card":"summary","twitter_misc":{"Est. reading time":"2 minutes"},"schema":{"@context":"https:\/\/schema.org","@graph":[{"@type":"WebSite","@id":"https:\/\/www.urlaubcornwall.de\/blog\/#website","url":"https:\/\/www.urlaubcornwall.de\/blog\/","name":"Urlaub &amp; Reisen","description":"Urlaub, Reisen, Cornwall und S\u00fcdengland: eine perfekte Kombination","potentialAction":[{"@type":"SearchAction","target":{"@type":"EntryPoint","urlTemplate":"https:\/\/www.urlaubcornwall.de\/blog\/?s={search_term_string}"},"query-input":"required name=search_term_string"}],"inLanguage":"en-US"},{"@type":"WebPage","@id":"https:\/\/www.urlaubcornwall.de\/blog\/stilvoller-urlaub-mieten-sie-ein-historisches-pilcher-haus-in-cornwall\/","url":"https:\/\/www.urlaubcornwall.de\/blog\/stilvoller-urlaub-mieten-sie-ein-historisches-pilcher-haus-in-cornwall\/","name":"Stilvoller Urlaub \u2013 mieten Sie ein historisches Pilcher Haus in Cornwall. - Urlaub &amp; Reisen","isPartOf":{"@id":"https:\/\/www.urlaubcornwall.de\/blog\/#website"},"datePublished":"2014-04-01T09:54:52+00:00","dateModified":"2021-09-02T12:18:55+00:00","breadcrumb":{"@id":"https:\/\/www.urlaubcornwall.de\/blog\/stilvoller-urlaub-mieten-sie-ein-historisches-pilcher-haus-in-cornwall\/#breadcrumb"},"inLanguage":"en-US","potentialAction":[{"@type":"ReadAction","target":["https:\/\/www.urlaubcornwall.de\/blog\/stilvoller-urlaub-mieten-sie-ein-historisches-pilcher-haus-in-cornwall\/"]}]},{"@type":"BreadcrumbList","@id":"https:\/\/www.urlaubcornwall.de\/blog\/stilvoller-urlaub-mieten-sie-ein-historisches-pilcher-haus-in-cornwall\/#breadcrumb","itemListElement":[{"@type":"ListItem","position":1,"name":"Home","item":"https:\/\/www.urlaubcornwall.de\/blog\/"},{"@type":"ListItem","position":2,"name":"Stilvoller Urlaub \u2013 mieten Sie ein historisches Pilcher Haus in Cornwall."}]}]}},"_links":{"self":[{"href":"https:\/\/www.urlaubcornwall.de\/blog\/wp-json\/wp\/v2\/pages\/14651"}],"collection":[{"href":"https:\/\/www.urlaubcornwall.de\/blog\/wp-json\/wp\/v2\/pages"}],"about":[{"href":"https:\/\/www.urlaubcornwall.de\/blog\/wp-json\/wp\/v2\/types\/page"}],"author":[{"embeddable":true,"href":"https:\/\/www.urlaubcornwall.de\/blog\/wp-json\/wp\/v2\/users\/1"}],"replies":[{"embeddable":true,"href":"https:\/\/www.urlaubcornwall.de\/blog\/wp-json\/wp\/v2\/comments?post=14651"}],"version-history":[{"count":14,"href":"https:\/\/www.urlaubcornwall.de\/blog\/wp-json\/wp\/v2\/pages\/14651\/revisions"}],"predecessor-version":[{"id":42505,"href":"https:\/\/www.urlaubcornwall.de\/blog\/wp-json\/wp\/v2\/pages\/14651\/revisions\/42505"}],"wp:attachment":[{"href":"https:\/\/www.urlaubcornwall.de\/blog\/wp-json\/wp\/v2\/media?parent=14651"}],"curies":[{"name":"wp","href":"https:\/\/api.w.org\/{rel}","templated":true}]}}