{"id":14246,"date":"2014-03-22T15:01:35","date_gmt":"2014-03-22T15:01:35","guid":{"rendered":"https:\/\/www.urlaubcornwall.de\/blog\/?page_id=14246"},"modified":"2022-02-18T09:22:58","modified_gmt":"2022-02-18T09:22:58","slug":"sprachreisen-und-sprachschulen-in-cornwall-2","status":"publish","type":"page","link":"https:\/\/www.urlaubcornwall.de\/blog\/sprachreisen-und-sprachschulen-in-cornwall-2\/","title":{"rendered":"Sprachreisen und Sprachschulen in Cornwall"},"content":{"rendered":"<p><strong>Sprachschule &#038; Sprachurlaub in Cornwall<\/strong> &#8211; Lernen Sie Englisch und haben Sie Spa\u00df w\u00e4hrend Ihres Urlaubs in Cornwall!<\/p>\n<p>Ich m\u00f6chte daf\u00fcr sorgen, dass Ihr Urlaub in Cornwall der bestm\u00f6glichste ist, indem ich Ihr Englisch verbessere. Wir bieten an <a title=\"Anfrage\" href=\"http:\/\/www.urlaubcornwall.de\/anfrage-sprachschule.php\"><span style=\"text-decoration: underline;\"><strong>unserer Sprachschule<\/strong><\/span><\/a> Sprachunterricht w\u00e4hrend Ihres Urlaubs in Cornwall an, der beliebtesten Ferienregion S\u00fcdenglands. Ganz auf Ihre Bed\u00fcrfnisse zugeschnitten, eignen sich unsere Englischkurse f\u00fcr die gesamte Familie, f\u00fcr Kinder oder Erwachsene oder all jene, die Ihr Gesch\u00e4ftsenglisch aufbessern wollen.<\/p>\n<p><strong>Unterrichtsstunden k\u00f6nnen entweder in Ihrer Unterkunft stattfinden oder f\u00fcr gr\u00f6\u00dfere Gruppen in einer Art Klassenzimmer in der N\u00e4he Ihrer Ferienunterkunft.<\/strong><\/p>\n<p>Nachfolgend ein paar Informationen zu meiner Person, meinem Unterricht und wie ich Ihnen dabei helfen kann, das meiste aus Ihrer Zeit hier zu machen.<\/p>\n<p>Ich bin eine voll qualifizierte Englischlehrerin f\u00fcr Englisch als Zweitsprache (ESOL) und habe beide Zertifikate ED und QTLS. Diese Qualifikationen erm\u00f6glichen es mir, ESOL in Schulen und Colleges zu unterrichten. Ich habe mich auf Aussprache spezialisiert und bin derzeit dabei, das \u201eInternational Phonetics Association&#8217;s\u201c Zertifikat in englischer Phonetik zu erwerben. Ich bin in Cornwall geboren und lebe hier, wenngleich ich im gesamten K\u00f6nigreich und in Europa unterrichte. Ich habe Erfahrung darin, mit Colleges, karitativen Vereinen, Firmen und einzelnen Sch\u00fclern zu arbeiten.<\/p>\n<p>Eine Vielzahl meiner Kunden, die<a href=\"http:\/\/www.urlaubcornwall.de\/sprachreisen.php\"> Urlaub in Cornwall<\/a> verbringen, hat mich um Englischunterricht gebeten, w\u00e4hrend sie in der Gegend waren. Diese Intensivkurse haben zunehmend an Beliebtheit gewonnen, und so habe ich damit begonnen, Englischkurse f\u00fcr meine Kunden zu geben, die ma\u00dfgeschneidert ihren Bed\u00fcrfnissen entsprechen.<\/p>\n<p><strong>Wie das alles vonstatten geht.<\/strong><\/p>\n<p>Es ist g\u00e4nzlich Ihre eigene Wahl, was Sie lernen m\u00f6chten. Vor Urlaubsbeginn werde ich Sie via Skype kontaktieren, um eine Reihe an Unterrichtsstunden auszuarbeiten, die Sie gerne erarbeiten m\u00f6chten und n\u00fctzlich finden werden!<\/p>\n<p>Ich kann zu Ihrem Hotel oder Ihrer Ferienwohnung kommen und werde Ihnen s\u00e4mtliche Lernmittel zur Verf\u00fcgung stellen, die Sie f\u00fcr Ihren Kurs brauchen werden. Ich kann Ihnen auch zus\u00e4tzliche Unterst\u00fctzung mit Skype-Unterrichtsstunden anbieten, wenn Sie wieder zu Hause sind, um Ihr Englisch auf dem neuen Stand zu halten.<\/p>\n<p>Kosten variieren, da alle Sprachkurse unterschiedlich und auf den individuellen Kunden zugeschnitten sind. Wenn ich mit Ihnen gesprochen und einen Englischkurs entworfen habe, der auf Sie zugeschnitten ist, werde ich Ihnen ein Preisangebot schicken.<\/p>\n<p>Meine Unterrichtsstunden sind so ausgelegt, dass Sie Ihren Urlaub aufwerten \u2013 Sie werden Ihre Zeit in Cornwall noch mehr genie\u00dfen, wenn Sie sich selbstbewusster mit Menschen unterhalten k\u00f6nnen! Doch glauben Sie nicht nur meinen Worten.<\/p>\n<p><strong>F\u00fcr weitere Informationen und um Verf\u00fcgbarkeit zu pr\u00fcfen &#8211;<\/strong>\u00a0 <\/p>\n<p style=\"text-align: center;\"><a class=\"tidycta\" href=\"http:\/\/www.urlaubcornwall.de\/anfrage-sprachschule.php\">Sprachschule Anfrage<\/a><\/p>\n<p><strong>Englischkurs<\/strong><\/p>\n<p>Hier sind einige Beispiele an Themen, nach denen am meisten verlangt wird. Vielleicht k\u00f6nnte etwa davon auch Ihnen und Ihrer Familie gefallen.<\/p>\n<p><strong>Unterrichtsstunden f\u00fcr Kinder.<\/strong><\/p>\n<p>Eine Mischung all dieser Aspekte kann in den Ferienkurs Ihrer Kinder mit einflie\u00dfen.<\/p>\n<ul>\n<li>\u2022 Unterst\u00fctzung und Erweiterung der bereits vorhanden Schul-Englischkenntnisse.<\/li>\n<li>\u2022 \u00dcbungen in Vorbereitung akademischer Pr\u00fcfungen (Cambridge\/IELTS usw.)<\/li>\n<li>\u2022 Betonung der vier grundlegenden Gebieten \u2013 Lesen, Schreiben, Sprechen und H\u00f6ren.<\/li>\n<li>\u2022 Besondere Wertlegung auf schw\u00e4chere Gebiete, in denen gearbeitet werden m\u00fcsste: Rechtschreibung, Aussprache, Grammatik.<\/li>\n<li>\u2022 Wissensvermittlung der cornischen Kultur und Geschichte \u2013 z.B. Legenden, Schmuggel- und Piratengeschichten.<\/li>\n<li>\u2022 Spiele, die Spa\u00df machen und w\u00e4hrend derer gelernt werden kann<\/li>\n<\/ul>\n<p><strong>Unterrichtsstunden f\u00fcr Erwachsene.<\/strong><\/p>\n<p>W\u00e4hlen Sie aus folgenden Optionen oder sagen Sie mir genau, was Sie lernen m\u00f6chten.<\/p>\n<ul>\n<li>\u2022 \u00dcbungen in Konversation &#8211; \u00fcber aktuelle Ereignisse mit der \u00f6rtlichen Bev\u00f6lkerung sprechen.<\/li>\n<li>\u2022 Einkaufen \u2013 Fragen stellen zu Preisen, Gr\u00f6\u00dfen, besonderen Angeboten, sich beschweren.<\/li>\n<li>\u2022 Essen \u2013 Lebensmittel auf dem Markt oder im Supermarkt einkaufen; im Restaurant.<\/li>\n<li>\u2022 Sich verst\u00e4ndlich machen \u2013 Aussprache, Satzstruktur, Grammatik usw.<\/li>\n<li>\u2022 Sich zurechtfinden \u2013 nach Richtungen fragen, Bus- und Zugfahrpl\u00e4ne verstehen, Empfehlungen erfragen bez\u00fcglich sehenswerter Orte, Speisem\u00f6glichkeiten, Freizeitm\u00f6glichkeiten.<\/li>\n<li>\u2022 Unterhaltung \u2013 Ausfl\u00fcge buchen, Karten f\u00fcr Theater und Kino bestellen, in die Kneipe gehen.<\/li>\n<li>\u2022 Kulturelle Unterschiede \u2013 zurechtkommen damit, wenn Menschen Sie nicht verstehen, mit Menschen umgehen, ohne diese unabsichtlich anzugreifen, \u00fcber Stereotypen Bescheid wissen.<\/li>\n<\/ul>\n<p><strong>Unterrichtsstunden in Gesch\u00e4ftsenglisch.<\/strong><\/p>\n<ul>\n<li>\u2022 Mischen und arrangieren sie diese Unterrichtsstunden in Gesch\u00e4ftsenglisch neu, wenn Sie mit Englisch sprechenden Kunden zu tun haben.<\/li>\n<li>\u2022 Steigern Sie Konversations- und Networking \u2013F\u00e4higkeiten.<\/li>\n<li>\u2022 \u00dcben Sie, formelle und informelle e-Mails und Briefe zu schreiben, um Ihre Sprachfl\u00fcssigkeit zu verbessern.<\/li>\n<li>\u2022 Sprechen und Pr\u00e4sentieren.<\/li>\n<li>\u2022 Gesch\u00e4ftsausdr\u00fccke, Phrasen und Verben, die in t\u00e4glichen Gesch\u00e4ftsgespr\u00e4chen gebraucht werden.<\/li>\n<li>\u2022 Ubungen zu Techniken in Vorstellungsgespr\u00e4chen \/ wenn Sie selbst von Kunden interviewt werden.<\/li>\n<\/ul>\n<p><strong>Wie das alles vonstatten geht.<\/strong><\/p>\n<p>Es ist g\u00e4nzlich Ihre eigene Wahl, was Sie lernen m\u00f6chten. Vor Urlaubsbeginn werde ich Sie via Skype kontaktieren, um eine Reihe an Unterrichtsstunden auszuarbeiten, die Sie gerne erarbeiten m\u00f6chten und n\u00fctzlich finden werden!<\/p>\n<p>Ich kann zu Ihrem Hotel oder Ihrer Ferienwohnung kommen und werde Ihnen s\u00e4mtliche Lernmittel zur Verf\u00fcgung stellen, die Sie f\u00fcr Ihren Kurs brauchen werden. Ich kann Ihnen auch zus\u00e4tzliche Unterst\u00fctzung mit Skype-Unterrichtsstunden anbieten, wenn Sie wieder zu Hause sind, um Ihr Englisch auf dem neuen Stand zu halten.<\/p>\n<p>Kosten variieren, da alle Sprachkurse unterschiedlich und auf den individuellen Kunden zugeschnitten sind. Wenn ich mit Ihnen gesprochen und einen Englischkurs entworfen habe, der auf Sie zugeschnitten ist, werde ich Ihnen ein Preisangebot schicken.<\/p>\n<p>Meine Unterrichtsstunden sind so ausgelegt, dass Sie Ihren Urlaub aufwerten \u2013 Sie werden Ihre Zeit in Cornwall noch mehr genie\u00dfen, wenn Sie sich selbstbewusster mit Menschen unterhalten k\u00f6nnen! Doch glauben Sie nicht nur meinen Worten.<\/p>\n<p><a><strong>Nachfolgend lesen Sie, was einige meiner Kunden sagten<\/strong> &#8211; <\/a><a href=\"https:\/\/www.urlaubcornwall.de\/blog\/2014\/03\/cornwall-sprachreise-kommentare-unserer-schueler\/\"><span style=\"text-decoration: underline;\"><strong> Mehr <\/strong><\/span><strong>&gt;&gt;<\/strong><\/a><\/p>\n<p style=\"text-align: center;\"><a class=\"tidycta\" href=\"http:\/\/www.urlaubcornwall.de\/anfrage-sprachschule.php\">Sprachschule Anfrage<\/a><\/p>\n<p><strong>G\u00e4stebuch<\/strong><\/p>\n<p><strong>Kundenstimmen aus unserem G\u00e4stebuch:<\/strong><\/p>\n<p>Liebe Debbie,<\/p>\n<p>ich m\u00f6chte Dir Danke sagen: Du hast mich unterst\u00fctzt, dass ich nun wieder einen Zugang zur Englischen Sprache habe, dass es mir wieder Spa\u00df macht, Englisch zu sprechen und zu h\u00f6ren.<\/p>\n<p>Deine Unterrichtsstunden waren immer sehr gut organisiert, sowohl auf den Inhalt als auch auf das Unterrichtsmaterial bezogen: sorgsam vorbereitete Arbeitsbl\u00e4tter, mit vielen hilfreichen B\u00fccher ausgestattet kammst Du zu unseren Stunden.<\/p>\n<p>Du bist immer auf meine Bed\u00fcrfnisse und Fragen sowie meine aktuelle berufliche Situation und individuellen Themen eingegangen \u2013 ganz einfach ma\u00dfgeschneidert.<\/p>\n<p>Ich bin sehr froh, dass ich Dich via Internet gefunden habe.<\/p>\n<p>Und ich hoffe, dass wir die Impulse, die wir in unseren Englisch-Stunden in Cornwall gesetzt haben, nun per Skype aufrecht erhalten und fortf\u00fchren k\u00f6nnen.<\/p>\n<p>Liebe Gr\u00fc\u00dfe aus M\u00fcnchen<br \/>\nTanja<\/p>\n","protected":false},"excerpt":{"rendered":"<p>Sprachschule &#038; Sprachurlaub in Cornwall &#8211; Lernen Sie Englisch und haben Sie Spa\u00df w\u00e4hrend Ihres Urlaubs in Cornwall! Ich m\u00f6chte daf\u00fcr sorgen, dass Ihr Urlaub in Cornwall der bestm\u00f6glichste ist, indem ich Ihr Englisch verbessere. Wir bieten an unserer Sprachschule Sprachunterricht w\u00e4hrend Ihres Urlaubs in Cornwall an, der beliebtesten Ferienregion S\u00fcdenglands. Ganz auf Ihre Bed\u00fcrfnisse [&hellip;]<\/p>\n","protected":false},"author":1,"featured_media":0,"parent":0,"menu_order":0,"comment_status":"closed","ping_status":"closed","template":"single-two.php","meta":[],"acf":[],"yoast_head":"<!-- This site is optimized with the Yoast SEO plugin v19.4 - https:\/\/yoast.com\/wordpress\/plugins\/seo\/ -->\n<title>Sprachreisen und Sprachschulen in Cornwall - Urlaub &amp; Reisen<\/title>\n<meta name=\"robots\" content=\"index, follow, max-snippet:-1, max-image-preview:large, max-video-preview:-1\" \/>\n<link rel=\"canonical\" href=\"https:\/\/www.urlaubcornwall.de\/blog\/sprachreisen-und-sprachschulen-in-cornwall-2\/\" \/>\n<meta property=\"og:locale\" content=\"en_US\" \/>\n<meta property=\"og:type\" content=\"article\" \/>\n<meta property=\"og:title\" content=\"Sprachreisen und Sprachschulen in Cornwall - Urlaub &amp; Reisen\" \/>\n<meta property=\"og:description\" content=\"Sprachschule &#038; Sprachurlaub in Cornwall &#8211; Lernen Sie Englisch und haben Sie Spa\u00df w\u00e4hrend Ihres Urlaubs in Cornwall! Ich m\u00f6chte daf\u00fcr sorgen, dass Ihr Urlaub in Cornwall der bestm\u00f6glichste ist, indem ich Ihr Englisch verbessere. Wir bieten an unserer Sprachschule Sprachunterricht w\u00e4hrend Ihres Urlaubs in Cornwall an, der beliebtesten Ferienregion S\u00fcdenglands. Ganz auf Ihre Bed\u00fcrfnisse [&hellip;]\" \/>\n<meta property=\"og:url\" content=\"https:\/\/www.urlaubcornwall.de\/blog\/sprachreisen-und-sprachschulen-in-cornwall-2\/\" \/>\n<meta property=\"og:site_name\" content=\"Urlaub &amp; Reisen\" \/>\n<meta property=\"article:modified_time\" content=\"2022-02-18T09:22:58+00:00\" \/>\n<meta name=\"twitter:card\" content=\"summary\" \/>\n<meta name=\"twitter:label1\" content=\"Est. reading time\" \/>\n\t<meta name=\"twitter:data1\" content=\"5 minutes\" \/>\n<script type=\"application\/ld+json\" class=\"yoast-schema-graph\">{\"@context\":\"https:\/\/schema.org\",\"@graph\":[{\"@type\":\"WebSite\",\"@id\":\"https:\/\/www.urlaubcornwall.de\/blog\/#website\",\"url\":\"https:\/\/www.urlaubcornwall.de\/blog\/\",\"name\":\"Urlaub &amp; Reisen\",\"description\":\"Urlaub, Reisen, Cornwall und S\u00fcdengland: eine perfekte Kombination\",\"potentialAction\":[{\"@type\":\"SearchAction\",\"target\":{\"@type\":\"EntryPoint\",\"urlTemplate\":\"https:\/\/www.urlaubcornwall.de\/blog\/?s={search_term_string}\"},\"query-input\":\"required name=search_term_string\"}],\"inLanguage\":\"en-US\"},{\"@type\":\"WebPage\",\"@id\":\"https:\/\/www.urlaubcornwall.de\/blog\/sprachreisen-und-sprachschulen-in-cornwall-2\/\",\"url\":\"https:\/\/www.urlaubcornwall.de\/blog\/sprachreisen-und-sprachschulen-in-cornwall-2\/\",\"name\":\"Sprachreisen und Sprachschulen in Cornwall - Urlaub &amp; Reisen\",\"isPartOf\":{\"@id\":\"https:\/\/www.urlaubcornwall.de\/blog\/#website\"},\"datePublished\":\"2014-03-22T15:01:35+00:00\",\"dateModified\":\"2022-02-18T09:22:58+00:00\",\"breadcrumb\":{\"@id\":\"https:\/\/www.urlaubcornwall.de\/blog\/sprachreisen-und-sprachschulen-in-cornwall-2\/#breadcrumb\"},\"inLanguage\":\"en-US\",\"potentialAction\":[{\"@type\":\"ReadAction\",\"target\":[\"https:\/\/www.urlaubcornwall.de\/blog\/sprachreisen-und-sprachschulen-in-cornwall-2\/\"]}]},{\"@type\":\"BreadcrumbList\",\"@id\":\"https:\/\/www.urlaubcornwall.de\/blog\/sprachreisen-und-sprachschulen-in-cornwall-2\/#breadcrumb\",\"itemListElement\":[{\"@type\":\"ListItem\",\"position\":1,\"name\":\"Home\",\"item\":\"https:\/\/www.urlaubcornwall.de\/blog\/\"},{\"@type\":\"ListItem\",\"position\":2,\"name\":\"Sprachreisen und Sprachschulen in Cornwall\"}]}]}<\/script>\n<!-- \/ Yoast SEO plugin. -->","yoast_head_json":{"title":"Sprachreisen und Sprachschulen in Cornwall - Urlaub &amp; Reisen","robots":{"index":"index","follow":"follow","max-snippet":"max-snippet:-1","max-image-preview":"max-image-preview:large","max-video-preview":"max-video-preview:-1"},"canonical":"https:\/\/www.urlaubcornwall.de\/blog\/sprachreisen-und-sprachschulen-in-cornwall-2\/","og_locale":"en_US","og_type":"article","og_title":"Sprachreisen und Sprachschulen in Cornwall - Urlaub &amp; Reisen","og_description":"Sprachschule &#038; Sprachurlaub in Cornwall &#8211; Lernen Sie Englisch und haben Sie Spa\u00df w\u00e4hrend Ihres Urlaubs in Cornwall! Ich m\u00f6chte daf\u00fcr sorgen, dass Ihr Urlaub in Cornwall der bestm\u00f6glichste ist, indem ich Ihr Englisch verbessere. Wir bieten an unserer Sprachschule Sprachunterricht w\u00e4hrend Ihres Urlaubs in Cornwall an, der beliebtesten Ferienregion S\u00fcdenglands. Ganz auf Ihre Bed\u00fcrfnisse [&hellip;]","og_url":"https:\/\/www.urlaubcornwall.de\/blog\/sprachreisen-und-sprachschulen-in-cornwall-2\/","og_site_name":"Urlaub &amp; Reisen","article_modified_time":"2022-02-18T09:22:58+00:00","twitter_card":"summary","twitter_misc":{"Est. reading time":"5 minutes"},"schema":{"@context":"https:\/\/schema.org","@graph":[{"@type":"WebSite","@id":"https:\/\/www.urlaubcornwall.de\/blog\/#website","url":"https:\/\/www.urlaubcornwall.de\/blog\/","name":"Urlaub &amp; Reisen","description":"Urlaub, Reisen, Cornwall und S\u00fcdengland: eine perfekte Kombination","potentialAction":[{"@type":"SearchAction","target":{"@type":"EntryPoint","urlTemplate":"https:\/\/www.urlaubcornwall.de\/blog\/?s={search_term_string}"},"query-input":"required name=search_term_string"}],"inLanguage":"en-US"},{"@type":"WebPage","@id":"https:\/\/www.urlaubcornwall.de\/blog\/sprachreisen-und-sprachschulen-in-cornwall-2\/","url":"https:\/\/www.urlaubcornwall.de\/blog\/sprachreisen-und-sprachschulen-in-cornwall-2\/","name":"Sprachreisen und Sprachschulen in Cornwall - Urlaub &amp; Reisen","isPartOf":{"@id":"https:\/\/www.urlaubcornwall.de\/blog\/#website"},"datePublished":"2014-03-22T15:01:35+00:00","dateModified":"2022-02-18T09:22:58+00:00","breadcrumb":{"@id":"https:\/\/www.urlaubcornwall.de\/blog\/sprachreisen-und-sprachschulen-in-cornwall-2\/#breadcrumb"},"inLanguage":"en-US","potentialAction":[{"@type":"ReadAction","target":["https:\/\/www.urlaubcornwall.de\/blog\/sprachreisen-und-sprachschulen-in-cornwall-2\/"]}]},{"@type":"BreadcrumbList","@id":"https:\/\/www.urlaubcornwall.de\/blog\/sprachreisen-und-sprachschulen-in-cornwall-2\/#breadcrumb","itemListElement":[{"@type":"ListItem","position":1,"name":"Home","item":"https:\/\/www.urlaubcornwall.de\/blog\/"},{"@type":"ListItem","position":2,"name":"Sprachreisen und Sprachschulen in Cornwall"}]}]}},"_links":{"self":[{"href":"https:\/\/www.urlaubcornwall.de\/blog\/wp-json\/wp\/v2\/pages\/14246"}],"collection":[{"href":"https:\/\/www.urlaubcornwall.de\/blog\/wp-json\/wp\/v2\/pages"}],"about":[{"href":"https:\/\/www.urlaubcornwall.de\/blog\/wp-json\/wp\/v2\/types\/page"}],"author":[{"embeddable":true,"href":"https:\/\/www.urlaubcornwall.de\/blog\/wp-json\/wp\/v2\/users\/1"}],"replies":[{"embeddable":true,"href":"https:\/\/www.urlaubcornwall.de\/blog\/wp-json\/wp\/v2\/comments?post=14246"}],"version-history":[{"count":22,"href":"https:\/\/www.urlaubcornwall.de\/blog\/wp-json\/wp\/v2\/pages\/14246\/revisions"}],"predecessor-version":[{"id":44592,"href":"https:\/\/www.urlaubcornwall.de\/blog\/wp-json\/wp\/v2\/pages\/14246\/revisions\/44592"}],"wp:attachment":[{"href":"https:\/\/www.urlaubcornwall.de\/blog\/wp-json\/wp\/v2\/media?parent=14246"}],"curies":[{"name":"wp","href":"https:\/\/api.w.org\/{rel}","templated":true}]}}