{"id":13941,"date":"2014-03-17T13:04:41","date_gmt":"2014-03-17T13:04:41","guid":{"rendered":"https:\/\/www.urlaubcornwall.de\/blog\/?page_id=13941"},"modified":"2018-08-22T15:59:03","modified_gmt":"2018-08-22T15:59:03","slug":"restaurant-und-terrasse-an-der-fowey-hall-hotel","status":"publish","type":"page","link":"https:\/\/www.urlaubcornwall.de\/blog\/restaurant-und-terrasse-an-der-fowey-hall-hotel\/","title":{"rendered":"Restaurant und Terrasse Fowey Hall Hotel"},"content":{"rendered":"<p>Fowey Hall Hotel ist herrschaftlich gelegen oberhalb der wundersch\u00f6nen Stadt Fowey und hat dramatischen Meeresblick. Fowey Hall wurde im englischen Landhausstil erbaut und kombiniert nun diese Eleganz mit dem entspannten Ambiente eines Luxus-Familienhotels. Der Speisesaal ist auch Nicht-Hotelg\u00e4sten zug\u00e4nglich und gew\u00e4hrt Ihnen ein einzigartiges Speiseerlebnis mit den besten cornischen Zutaten der Region.<\/p>\n<p>Sie k\u00f6nnen ein Men\u00fc genie\u00dfen und somit die besten Zutaten der Region. Vervollst\u00e4ndigen Sie Ihr Mahl mit einer Auswahl an Weinen der bedachtsam zusammengestellten Weinkarte Fowey Halls, das stolz ist auf seine Weine der Region von nahegelegenen cornischen Weing\u00fctern.<\/p>\n<p>Sonntagsbraten ist etwas typisch Englisches, und Sie erhalten 3 G\u00e4nge mit Betonung auf gebratenem Fleisch. Halbe Portionen sind f\u00fcr Kinder erh\u00e4ltlich. Da das Sonntagsmahl bei Einheimischen und Hotelg\u00e4sten gleichsam beliebt ist, empfiehlt es sich, im Voraus zu buchen.<\/p>\n<p><strong>Unser Tipp:<\/strong> Genie\u00dfen Sie an einem sonnigen Nachmittag Ihr Mittagessen auf der Terrasse und saugen Sie den Blick ein. Es ist auch der perfekte Platz, um einen Tee mit s\u00fc\u00dfem St\u00fcckchen einzunehmen.<\/p>\n<p><span style=\"text-decoration: underline;\"><strong><a href=\" https:\/\/www.booking.com\/hotel\/gb\/fowey-hall-a-luxury-family.en.html?aid=1320750&#038;no_rooms=1&#038;group_adults=2&#038;room1=A%2CA\" rel=\"nofollow\">Restaurant-Webseite<\/a><\/strong><\/span><strong><a href=\" https:\/\/www.booking.com\/hotel\/gb\/fowey-hall-a-luxury-family.en.html?aid=1320750&#038;no_rooms=1&#038;group_adults=2&#038;room1=A%2CA\" rel=\"nofollow\"> &gt;<\/a><\/strong><\/p>\n<p>BEISPIEL DER ABENDSPEISEKARTE<\/p>\n<p>3 G\u00e4nge \u00a339<br \/>\n2 G\u00e4nge \u00a334<\/p>\n<p>Vorspeisen \u2013 Fischsuppe vom \u201cFang des Tages\u201d mit Rouille &amp;Croutons<br \/>\nGeangelte Fowey Makrele in Parmaschinken<br \/>\nHausger\u00e4ucherte Brust der Waldtaube<\/p>\n<p>Hauptg\u00e4nge\u00a0&#8211; Confit der Creedy Farm Ente<br \/>\nIn der Pfanne gebratenes Filet des Meeresbarsches<br \/>\nGebratene Hinterbacken vom cornischen Lamm<\/p>\n<p>Desserts \u2013 Apfel- und Brombeertorte, geschlagene Sahne<br \/>\nSticky Toffee Pudding &amp; Bananeneis.<\/p>\n<div id=\"google_blog_map\" style=\"width: 100%; height: 700px; margin-top: 25px;\" data-location=\"https:\/\/www.urlaubcornwall.de\/listings\/restaurants_blog.xml\" data-lat=\"50.332984\" data-lng=\"-4.64237\" data-zoom=\"13\"><\/div>\n<p style=\"text-align: left;\"><b>Klicken Sie <\/b><b>hier<\/b><b>, um sich unser vollst\u00e4ndiges Angebot der besten <a href=\"http:\/\/www.urlaubcornwall.de\/restaurants-and-gastronomie.php\"><span style=\"text-decoration: underline;\">Restaurants in Cornwall <\/span><\/a> anzusehen.<\/b><\/p>\n\n<p style=\"text-align: right;\"><a href=\"https:\/\/plus.google.com\/103486003688192803777\/about?rel=author\">Niall MacDougall Google+<\/a><\/p>\n","protected":false},"excerpt":{"rendered":"<p>Fowey Hall Hotel ist herrschaftlich gelegen oberhalb der wundersch\u00f6nen Stadt Fowey und hat dramatischen Meeresblick. Fowey Hall wurde im englischen Landhausstil erbaut und kombiniert nun diese Eleganz mit dem entspannten Ambiente eines Luxus-Familienhotels. Der Speisesaal ist auch Nicht-Hotelg\u00e4sten zug\u00e4nglich und gew\u00e4hrt Ihnen ein einzigartiges Speiseerlebnis mit den besten cornischen Zutaten der Region. Sie k\u00f6nnen ein [&hellip;]<\/p>\n","protected":false},"author":1,"featured_media":0,"parent":0,"menu_order":0,"comment_status":"closed","ping_status":"closed","template":"single-three.php","meta":[],"acf":[],"yoast_head":"<!-- This site is optimized with the Yoast SEO plugin v19.4 - https:\/\/yoast.com\/wordpress\/plugins\/seo\/ -->\n<title>Restaurant und Terrasse Fowey Hall Hotel - Urlaub &amp; Reisen<\/title>\n<meta name=\"robots\" content=\"index, follow, max-snippet:-1, max-image-preview:large, max-video-preview:-1\" \/>\n<link rel=\"canonical\" href=\"https:\/\/www.urlaubcornwall.de\/blog\/restaurant-und-terrasse-an-der-fowey-hall-hotel\/\" \/>\n<meta property=\"og:locale\" content=\"en_US\" \/>\n<meta property=\"og:type\" content=\"article\" \/>\n<meta property=\"og:title\" content=\"Restaurant und Terrasse Fowey Hall Hotel - Urlaub &amp; Reisen\" \/>\n<meta property=\"og:description\" content=\"Fowey Hall Hotel ist herrschaftlich gelegen oberhalb der wundersch\u00f6nen Stadt Fowey und hat dramatischen Meeresblick. Fowey Hall wurde im englischen Landhausstil erbaut und kombiniert nun diese Eleganz mit dem entspannten Ambiente eines Luxus-Familienhotels. Der Speisesaal ist auch Nicht-Hotelg\u00e4sten zug\u00e4nglich und gew\u00e4hrt Ihnen ein einzigartiges Speiseerlebnis mit den besten cornischen Zutaten der Region. Sie k\u00f6nnen ein [&hellip;]\" \/>\n<meta property=\"og:url\" content=\"https:\/\/www.urlaubcornwall.de\/blog\/restaurant-und-terrasse-an-der-fowey-hall-hotel\/\" \/>\n<meta property=\"og:site_name\" content=\"Urlaub &amp; Reisen\" \/>\n<meta property=\"article:modified_time\" content=\"2018-08-22T15:59:03+00:00\" \/>\n<meta name=\"twitter:card\" content=\"summary\" \/>\n<meta name=\"twitter:label1\" content=\"Est. reading time\" \/>\n\t<meta name=\"twitter:data1\" content=\"1 minute\" \/>\n<script type=\"application\/ld+json\" class=\"yoast-schema-graph\">{\"@context\":\"https:\/\/schema.org\",\"@graph\":[{\"@type\":\"WebSite\",\"@id\":\"https:\/\/www.urlaubcornwall.de\/blog\/#website\",\"url\":\"https:\/\/www.urlaubcornwall.de\/blog\/\",\"name\":\"Urlaub &amp; Reisen\",\"description\":\"Urlaub, Reisen, Cornwall und S\u00fcdengland: eine perfekte Kombination\",\"potentialAction\":[{\"@type\":\"SearchAction\",\"target\":{\"@type\":\"EntryPoint\",\"urlTemplate\":\"https:\/\/www.urlaubcornwall.de\/blog\/?s={search_term_string}\"},\"query-input\":\"required name=search_term_string\"}],\"inLanguage\":\"en-US\"},{\"@type\":\"WebPage\",\"@id\":\"https:\/\/www.urlaubcornwall.de\/blog\/restaurant-und-terrasse-an-der-fowey-hall-hotel\/\",\"url\":\"https:\/\/www.urlaubcornwall.de\/blog\/restaurant-und-terrasse-an-der-fowey-hall-hotel\/\",\"name\":\"Restaurant und Terrasse Fowey Hall Hotel - Urlaub &amp; Reisen\",\"isPartOf\":{\"@id\":\"https:\/\/www.urlaubcornwall.de\/blog\/#website\"},\"datePublished\":\"2014-03-17T13:04:41+00:00\",\"dateModified\":\"2018-08-22T15:59:03+00:00\",\"breadcrumb\":{\"@id\":\"https:\/\/www.urlaubcornwall.de\/blog\/restaurant-und-terrasse-an-der-fowey-hall-hotel\/#breadcrumb\"},\"inLanguage\":\"en-US\",\"potentialAction\":[{\"@type\":\"ReadAction\",\"target\":[\"https:\/\/www.urlaubcornwall.de\/blog\/restaurant-und-terrasse-an-der-fowey-hall-hotel\/\"]}]},{\"@type\":\"BreadcrumbList\",\"@id\":\"https:\/\/www.urlaubcornwall.de\/blog\/restaurant-und-terrasse-an-der-fowey-hall-hotel\/#breadcrumb\",\"itemListElement\":[{\"@type\":\"ListItem\",\"position\":1,\"name\":\"Home\",\"item\":\"https:\/\/www.urlaubcornwall.de\/blog\/\"},{\"@type\":\"ListItem\",\"position\":2,\"name\":\"Restaurant und Terrasse Fowey Hall Hotel\"}]}]}<\/script>\n<!-- \/ Yoast SEO plugin. -->","yoast_head_json":{"title":"Restaurant und Terrasse Fowey Hall Hotel - Urlaub &amp; Reisen","robots":{"index":"index","follow":"follow","max-snippet":"max-snippet:-1","max-image-preview":"max-image-preview:large","max-video-preview":"max-video-preview:-1"},"canonical":"https:\/\/www.urlaubcornwall.de\/blog\/restaurant-und-terrasse-an-der-fowey-hall-hotel\/","og_locale":"en_US","og_type":"article","og_title":"Restaurant und Terrasse Fowey Hall Hotel - Urlaub &amp; Reisen","og_description":"Fowey Hall Hotel ist herrschaftlich gelegen oberhalb der wundersch\u00f6nen Stadt Fowey und hat dramatischen Meeresblick. Fowey Hall wurde im englischen Landhausstil erbaut und kombiniert nun diese Eleganz mit dem entspannten Ambiente eines Luxus-Familienhotels. Der Speisesaal ist auch Nicht-Hotelg\u00e4sten zug\u00e4nglich und gew\u00e4hrt Ihnen ein einzigartiges Speiseerlebnis mit den besten cornischen Zutaten der Region. Sie k\u00f6nnen ein [&hellip;]","og_url":"https:\/\/www.urlaubcornwall.de\/blog\/restaurant-und-terrasse-an-der-fowey-hall-hotel\/","og_site_name":"Urlaub &amp; Reisen","article_modified_time":"2018-08-22T15:59:03+00:00","twitter_card":"summary","twitter_misc":{"Est. reading time":"1 minute"},"schema":{"@context":"https:\/\/schema.org","@graph":[{"@type":"WebSite","@id":"https:\/\/www.urlaubcornwall.de\/blog\/#website","url":"https:\/\/www.urlaubcornwall.de\/blog\/","name":"Urlaub &amp; Reisen","description":"Urlaub, Reisen, Cornwall und S\u00fcdengland: eine perfekte Kombination","potentialAction":[{"@type":"SearchAction","target":{"@type":"EntryPoint","urlTemplate":"https:\/\/www.urlaubcornwall.de\/blog\/?s={search_term_string}"},"query-input":"required name=search_term_string"}],"inLanguage":"en-US"},{"@type":"WebPage","@id":"https:\/\/www.urlaubcornwall.de\/blog\/restaurant-und-terrasse-an-der-fowey-hall-hotel\/","url":"https:\/\/www.urlaubcornwall.de\/blog\/restaurant-und-terrasse-an-der-fowey-hall-hotel\/","name":"Restaurant und Terrasse Fowey Hall Hotel - Urlaub &amp; Reisen","isPartOf":{"@id":"https:\/\/www.urlaubcornwall.de\/blog\/#website"},"datePublished":"2014-03-17T13:04:41+00:00","dateModified":"2018-08-22T15:59:03+00:00","breadcrumb":{"@id":"https:\/\/www.urlaubcornwall.de\/blog\/restaurant-und-terrasse-an-der-fowey-hall-hotel\/#breadcrumb"},"inLanguage":"en-US","potentialAction":[{"@type":"ReadAction","target":["https:\/\/www.urlaubcornwall.de\/blog\/restaurant-und-terrasse-an-der-fowey-hall-hotel\/"]}]},{"@type":"BreadcrumbList","@id":"https:\/\/www.urlaubcornwall.de\/blog\/restaurant-und-terrasse-an-der-fowey-hall-hotel\/#breadcrumb","itemListElement":[{"@type":"ListItem","position":1,"name":"Home","item":"https:\/\/www.urlaubcornwall.de\/blog\/"},{"@type":"ListItem","position":2,"name":"Restaurant und Terrasse Fowey Hall Hotel"}]}]}},"_links":{"self":[{"href":"https:\/\/www.urlaubcornwall.de\/blog\/wp-json\/wp\/v2\/pages\/13941"}],"collection":[{"href":"https:\/\/www.urlaubcornwall.de\/blog\/wp-json\/wp\/v2\/pages"}],"about":[{"href":"https:\/\/www.urlaubcornwall.de\/blog\/wp-json\/wp\/v2\/types\/page"}],"author":[{"embeddable":true,"href":"https:\/\/www.urlaubcornwall.de\/blog\/wp-json\/wp\/v2\/users\/1"}],"replies":[{"embeddable":true,"href":"https:\/\/www.urlaubcornwall.de\/blog\/wp-json\/wp\/v2\/comments?post=13941"}],"version-history":[{"count":12,"href":"https:\/\/www.urlaubcornwall.de\/blog\/wp-json\/wp\/v2\/pages\/13941\/revisions"}],"predecessor-version":[{"id":34178,"href":"https:\/\/www.urlaubcornwall.de\/blog\/wp-json\/wp\/v2\/pages\/13941\/revisions\/34178"}],"wp:attachment":[{"href":"https:\/\/www.urlaubcornwall.de\/blog\/wp-json\/wp\/v2\/media?parent=13941"}],"curies":[{"name":"wp","href":"https:\/\/api.w.org\/{rel}","templated":true}]}}