{"id":13938,"date":"2014-03-17T13:29:35","date_gmt":"2014-03-17T13:29:35","guid":{"rendered":"https:\/\/www.urlaubcornwall.de\/blog\/?page_id=13938"},"modified":"2018-02-27T15:21:46","modified_gmt":"2018-02-27T15:21:46","slug":"rosewarne-manor-restaurant-in-der-naehe-st-ives-und-carbis-bay","status":"publish","type":"page","link":"https:\/\/www.urlaubcornwall.de\/blog\/rosewarne-manor-restaurant-in-der-naehe-st-ives-und-carbis-bay\/","title":{"rendered":"Rosewarne Manor Restaurant in der N\u00e4he St Ives und Carbis Bay"},"content":{"rendered":"<p>Rosewarne Manor ist ein Restaurant innerhalb eines wundersch\u00f6nen, typisch englischen Landhauses und G\u00e4rten mit Blick \u00fcber die gro\u00dfe Rasenfl\u00e4che. Es befindet sich lediglich ein paar Minuten von der K\u00fcste entfernt und St\u00e4dten wie St Ives, liegt an der A30 und dennoch in einer friedlichen Umgebung.<\/p>\n<p>Die Speisekarte \u00e4ndert sich je nach Jahreszeit und den Produkten, die lokal erh\u00e4ltlich sind. Die Speisen werden alle frisch zubereitet. Das Restaurant hat sowohl im Umkreis, wie auch bei Urlaubern einen hervorragenden Ruf und wurde mit 2AA Rosetten ausgezeichnet.<\/p>\n<p>Rosewarne ist bekannt f\u00fcr seine Fleischgerichte und Steaks, einschlie\u00dflich 28 Tage alten Filetsteaks, Filets und Wild und bietet auch eine Auswahl weiterer Speisem\u00f6glichkeiten, neu f\u00fcr 2014 ist das spezielle 7-Gang-Probiermen\u00fc.<\/p>\n<p><strong>Unser Tipp<\/strong>: Es ist perfekt f\u00fcr all jene, die in St Ives und Carbis Bay wohnen, vor allem dann, wenn Sie cornisches Rind probieren wollen, doch auch lokal gefangener Fisch spielt eine gro\u00dfe Rolle. Entspannende Umgebung, um ein Mahl zu genie\u00dfen und dabei den Sonnenuntergang zu betrachten.<\/p>\n<p><span style=\"text-decoration: underline;\"><strong><a onclick=\"_gaq.push(['_trackEvent',' Rosewarne Restaurant Text Link', ' http:\/\/www.rosewarnemanor.co.uk\/','outbound links']);\" href=\" http:\/\/www.rosewarnemanor.co.uk\/ \" target=\"_blank\" rel=\"nofollow\">Restaurant-Webseite<\/a><\/strong><\/span><strong><\/strong><\/p>\n<p>BEISPIEL-MEN\u00dcS<\/p>\n<p>MITTAGESSEN<\/p>\n<p>Vorspeisen \u2013 Eichenger\u00e4ucherte Entenbrust<br \/>\nK\u00fcchenchefs Suppe des Tages<br \/>\nMeeresfr\u00fcchtesuppe<br \/>\n\u00a35.95<br \/>\nHauptgang \u2013 28 Tage gereiftes cornisches Steak, handgeschnittene Pommes frites, gebratene Tomaten, Knoblauchpilze, Zwiebelringe &#8211; 10oz Filet \u00a318.95<br \/>\n8oz Filet \u00a310.95<\/p>\n<p>Geangelter Kabeljau \u00a314.50<\/p>\n<p>Abendmen\u00fc \u2013 2 G\u00e4nge \u00a324<br \/>\n3 G\u00e4nge \u00a330<\/p>\n<p>Vorspeisen \u2013 Ziegenk\u00e4se<br \/>\nCornische Rote Meer\u00e4sche<br \/>\nCornische Fischsuppe<\/p>\n<p>Hauptgang &#8211; Hinterbacken vom Cornischen Lamm<br \/>\nGeangelter Pollack<br \/>\nSchweinefilet aus \u00f6rtlicher Aufzucht<\/p>\n<p>Alle Speisen werden mit cornischen Kartoffeln und jahreszeitlichem Gem\u00fcse der Saison gereicht. Sie finden auch Fischspezialit\u00e4ten, Steaks und vegetarische Gerichte.<\/p>\n<p>Sonntags sind ein traditioneller Braten, sowie weitere M\u00f6glichkeiten erh\u00e4ltlich.<br \/>\n1 Gang \u00a39.85<br \/>\n2 G\u00e4nge\u00a314.60<br \/>\n3 G\u00e4nge \u00a3 19.35<\/p>\n<p>Neu f\u00fcr 2014: Am letzten Donnerstag jeden Monats ist ein 7-G\u00e4nge-Probiermen\u00fc am Abend f\u00fcr \u00a345 pro Person erh\u00e4ltlich. Bitte unbedingt vorbuchen.<\/p>\n<div id=\"google_blog_map\" style=\"width: 100%; height: 700px; margin-top: 25px;\" data-location=\"https:\/\/www.urlaubcornwall.de\/listings\/restaurants_blog.xml\" data-lat=\"50.197774\" data-lng=\"-5.348593\" data-zoom=\"12\"><\/div>\n<p style=\"text-align: left;\"><b>Klicken Sie <\/b><b>hier<\/b><b>, um sich unser vollst\u00e4ndiges Angebot der besten <a href=\"http:\/\/www.urlaubcornwall.de\/restaurants-and-gastronomie.php\"><span style=\"text-decoration: underline;\">Restaurants in Cornwall <\/span><\/a> anzusehen.<\/b><\/p>\n\n<p style=\"text-align: right;\"><a href=\"https:\/\/plus.google.com\/103486003688192803777\/about?rel=author\">Niall MacDougall Google+<\/a><\/p>\n","protected":false},"excerpt":{"rendered":"<p>Rosewarne Manor ist ein Restaurant innerhalb eines wundersch\u00f6nen, typisch englischen Landhauses und G\u00e4rten mit Blick \u00fcber die gro\u00dfe Rasenfl\u00e4che. Es befindet sich lediglich ein paar Minuten von der K\u00fcste entfernt und St\u00e4dten wie St Ives, liegt an der A30 und dennoch in einer friedlichen Umgebung. Die Speisekarte \u00e4ndert sich je nach Jahreszeit und den Produkten, [&hellip;]<\/p>\n","protected":false},"author":1,"featured_media":0,"parent":0,"menu_order":0,"comment_status":"closed","ping_status":"closed","template":"single-three.php","meta":[],"acf":[],"yoast_head":"<!-- This site is optimized with the Yoast SEO plugin v19.4 - https:\/\/yoast.com\/wordpress\/plugins\/seo\/ -->\n<title>Rosewarne Manor Restaurant in der N\u00e4he St Ives und Carbis Bay - Urlaub &amp; Reisen<\/title>\n<meta name=\"robots\" content=\"index, follow, max-snippet:-1, max-image-preview:large, max-video-preview:-1\" \/>\n<link rel=\"canonical\" href=\"https:\/\/www.urlaubcornwall.de\/blog\/rosewarne-manor-restaurant-in-der-naehe-st-ives-und-carbis-bay\/\" \/>\n<meta property=\"og:locale\" content=\"en_US\" \/>\n<meta property=\"og:type\" content=\"article\" \/>\n<meta property=\"og:title\" content=\"Rosewarne Manor Restaurant in der N\u00e4he St Ives und Carbis Bay - Urlaub &amp; Reisen\" \/>\n<meta property=\"og:description\" content=\"Rosewarne Manor ist ein Restaurant innerhalb eines wundersch\u00f6nen, typisch englischen Landhauses und G\u00e4rten mit Blick \u00fcber die gro\u00dfe Rasenfl\u00e4che. Es befindet sich lediglich ein paar Minuten von der K\u00fcste entfernt und St\u00e4dten wie St Ives, liegt an der A30 und dennoch in einer friedlichen Umgebung. Die Speisekarte \u00e4ndert sich je nach Jahreszeit und den Produkten, [&hellip;]\" \/>\n<meta property=\"og:url\" content=\"https:\/\/www.urlaubcornwall.de\/blog\/rosewarne-manor-restaurant-in-der-naehe-st-ives-und-carbis-bay\/\" \/>\n<meta property=\"og:site_name\" content=\"Urlaub &amp; Reisen\" \/>\n<meta property=\"article:modified_time\" content=\"2018-02-27T15:21:46+00:00\" \/>\n<meta name=\"twitter:card\" content=\"summary\" \/>\n<meta name=\"twitter:label1\" content=\"Est. reading time\" \/>\n\t<meta name=\"twitter:data1\" content=\"2 minutes\" \/>\n<script type=\"application\/ld+json\" class=\"yoast-schema-graph\">{\"@context\":\"https:\/\/schema.org\",\"@graph\":[{\"@type\":\"WebSite\",\"@id\":\"https:\/\/www.urlaubcornwall.de\/blog\/#website\",\"url\":\"https:\/\/www.urlaubcornwall.de\/blog\/\",\"name\":\"Urlaub &amp; Reisen\",\"description\":\"Urlaub, Reisen, Cornwall und S\u00fcdengland: eine perfekte Kombination\",\"potentialAction\":[{\"@type\":\"SearchAction\",\"target\":{\"@type\":\"EntryPoint\",\"urlTemplate\":\"https:\/\/www.urlaubcornwall.de\/blog\/?s={search_term_string}\"},\"query-input\":\"required name=search_term_string\"}],\"inLanguage\":\"en-US\"},{\"@type\":\"WebPage\",\"@id\":\"https:\/\/www.urlaubcornwall.de\/blog\/rosewarne-manor-restaurant-in-der-naehe-st-ives-und-carbis-bay\/\",\"url\":\"https:\/\/www.urlaubcornwall.de\/blog\/rosewarne-manor-restaurant-in-der-naehe-st-ives-und-carbis-bay\/\",\"name\":\"Rosewarne Manor Restaurant in der N\u00e4he St Ives und Carbis Bay - Urlaub &amp; Reisen\",\"isPartOf\":{\"@id\":\"https:\/\/www.urlaubcornwall.de\/blog\/#website\"},\"datePublished\":\"2014-03-17T13:29:35+00:00\",\"dateModified\":\"2018-02-27T15:21:46+00:00\",\"breadcrumb\":{\"@id\":\"https:\/\/www.urlaubcornwall.de\/blog\/rosewarne-manor-restaurant-in-der-naehe-st-ives-und-carbis-bay\/#breadcrumb\"},\"inLanguage\":\"en-US\",\"potentialAction\":[{\"@type\":\"ReadAction\",\"target\":[\"https:\/\/www.urlaubcornwall.de\/blog\/rosewarne-manor-restaurant-in-der-naehe-st-ives-und-carbis-bay\/\"]}]},{\"@type\":\"BreadcrumbList\",\"@id\":\"https:\/\/www.urlaubcornwall.de\/blog\/rosewarne-manor-restaurant-in-der-naehe-st-ives-und-carbis-bay\/#breadcrumb\",\"itemListElement\":[{\"@type\":\"ListItem\",\"position\":1,\"name\":\"Home\",\"item\":\"https:\/\/www.urlaubcornwall.de\/blog\/\"},{\"@type\":\"ListItem\",\"position\":2,\"name\":\"Rosewarne Manor Restaurant in der N\u00e4he St Ives und Carbis Bay\"}]}]}<\/script>\n<!-- \/ Yoast SEO plugin. -->","yoast_head_json":{"title":"Rosewarne Manor Restaurant in der N\u00e4he St Ives und Carbis Bay - Urlaub &amp; Reisen","robots":{"index":"index","follow":"follow","max-snippet":"max-snippet:-1","max-image-preview":"max-image-preview:large","max-video-preview":"max-video-preview:-1"},"canonical":"https:\/\/www.urlaubcornwall.de\/blog\/rosewarne-manor-restaurant-in-der-naehe-st-ives-und-carbis-bay\/","og_locale":"en_US","og_type":"article","og_title":"Rosewarne Manor Restaurant in der N\u00e4he St Ives und Carbis Bay - Urlaub &amp; Reisen","og_description":"Rosewarne Manor ist ein Restaurant innerhalb eines wundersch\u00f6nen, typisch englischen Landhauses und G\u00e4rten mit Blick \u00fcber die gro\u00dfe Rasenfl\u00e4che. Es befindet sich lediglich ein paar Minuten von der K\u00fcste entfernt und St\u00e4dten wie St Ives, liegt an der A30 und dennoch in einer friedlichen Umgebung. Die Speisekarte \u00e4ndert sich je nach Jahreszeit und den Produkten, [&hellip;]","og_url":"https:\/\/www.urlaubcornwall.de\/blog\/rosewarne-manor-restaurant-in-der-naehe-st-ives-und-carbis-bay\/","og_site_name":"Urlaub &amp; Reisen","article_modified_time":"2018-02-27T15:21:46+00:00","twitter_card":"summary","twitter_misc":{"Est. reading time":"2 minutes"},"schema":{"@context":"https:\/\/schema.org","@graph":[{"@type":"WebSite","@id":"https:\/\/www.urlaubcornwall.de\/blog\/#website","url":"https:\/\/www.urlaubcornwall.de\/blog\/","name":"Urlaub &amp; Reisen","description":"Urlaub, Reisen, Cornwall und S\u00fcdengland: eine perfekte Kombination","potentialAction":[{"@type":"SearchAction","target":{"@type":"EntryPoint","urlTemplate":"https:\/\/www.urlaubcornwall.de\/blog\/?s={search_term_string}"},"query-input":"required name=search_term_string"}],"inLanguage":"en-US"},{"@type":"WebPage","@id":"https:\/\/www.urlaubcornwall.de\/blog\/rosewarne-manor-restaurant-in-der-naehe-st-ives-und-carbis-bay\/","url":"https:\/\/www.urlaubcornwall.de\/blog\/rosewarne-manor-restaurant-in-der-naehe-st-ives-und-carbis-bay\/","name":"Rosewarne Manor Restaurant in der N\u00e4he St Ives und Carbis Bay - Urlaub &amp; Reisen","isPartOf":{"@id":"https:\/\/www.urlaubcornwall.de\/blog\/#website"},"datePublished":"2014-03-17T13:29:35+00:00","dateModified":"2018-02-27T15:21:46+00:00","breadcrumb":{"@id":"https:\/\/www.urlaubcornwall.de\/blog\/rosewarne-manor-restaurant-in-der-naehe-st-ives-und-carbis-bay\/#breadcrumb"},"inLanguage":"en-US","potentialAction":[{"@type":"ReadAction","target":["https:\/\/www.urlaubcornwall.de\/blog\/rosewarne-manor-restaurant-in-der-naehe-st-ives-und-carbis-bay\/"]}]},{"@type":"BreadcrumbList","@id":"https:\/\/www.urlaubcornwall.de\/blog\/rosewarne-manor-restaurant-in-der-naehe-st-ives-und-carbis-bay\/#breadcrumb","itemListElement":[{"@type":"ListItem","position":1,"name":"Home","item":"https:\/\/www.urlaubcornwall.de\/blog\/"},{"@type":"ListItem","position":2,"name":"Rosewarne Manor Restaurant in der N\u00e4he St Ives und Carbis Bay"}]}]}},"_links":{"self":[{"href":"https:\/\/www.urlaubcornwall.de\/blog\/wp-json\/wp\/v2\/pages\/13938"}],"collection":[{"href":"https:\/\/www.urlaubcornwall.de\/blog\/wp-json\/wp\/v2\/pages"}],"about":[{"href":"https:\/\/www.urlaubcornwall.de\/blog\/wp-json\/wp\/v2\/types\/page"}],"author":[{"embeddable":true,"href":"https:\/\/www.urlaubcornwall.de\/blog\/wp-json\/wp\/v2\/users\/1"}],"replies":[{"embeddable":true,"href":"https:\/\/www.urlaubcornwall.de\/blog\/wp-json\/wp\/v2\/comments?post=13938"}],"version-history":[{"count":11,"href":"https:\/\/www.urlaubcornwall.de\/blog\/wp-json\/wp\/v2\/pages\/13938\/revisions"}],"predecessor-version":[{"id":32688,"href":"https:\/\/www.urlaubcornwall.de\/blog\/wp-json\/wp\/v2\/pages\/13938\/revisions\/32688"}],"wp:attachment":[{"href":"https:\/\/www.urlaubcornwall.de\/blog\/wp-json\/wp\/v2\/media?parent=13938"}],"curies":[{"name":"wp","href":"https:\/\/api.w.org\/{rel}","templated":true}]}}