{"id":13934,"date":"2014-03-17T13:00:49","date_gmt":"2014-03-17T13:00:49","guid":{"rendered":"https:\/\/www.urlaubcornwall.de\/blog\/?page_id=13934"},"modified":"2014-04-09T16:37:06","modified_gmt":"2014-04-09T16:37:06","slug":"langmans-restaurant-callington-in-der-naehe-liskeard-und-launceston","status":"publish","type":"page","link":"https:\/\/www.urlaubcornwall.de\/blog\/langmans-restaurant-callington-in-der-naehe-liskeard-und-launceston\/","title":{"rendered":"Langmans Restaurant Callington in der N\u00e4he Liskeard und Launceston."},"content":{"rendered":"<p>Langmans Restaurant in Callington wird betrieben von den Besitzern, Ehepaar Anton und Gail.<br \/>\nCallington ist eine kleine Stadt in einer wundersch\u00f6nen Gegend S\u00fcdostcornwalls, in der N\u00e4he Dartmoors, 6 Meilen vom Tamar Tal und 14 Meilen von Plymouth entfernt.<\/p>\n<p>Chefkoch Anton Buttery bietet G\u00e4sten seines Restaurants ein gro\u00dfartiges gastronomisches Erlebnis. Hier im mit 2AA Rosetten gek\u00fcrten Restaurant k\u00f6nnen Sie das 7-G\u00e4nge-Probiermen\u00fc moderner britischer K\u00fcche versuchen, welches sich stets \u00e4ndert, um die besten jahreszeitlichen und lokalen Produkte zu verarbeiten.<\/p>\n<p><strong>Unser Tipp:<\/strong> ein kulinarischer H\u00f6hepunkt in diesem Teil Ostcornwalls, feines Speiseerlebnis mit 2 AA Rosetten f\u00fcr ein besonderes Mahl oder eine Feier w\u00e4hrend des Urlaubs. Es liegt zwischen Launceston und der S\u00fcdk\u00fcste Cornwalls bei Fowey und Looe.<\/p>\n<p><span style=\"text-decoration: underline;\"><strong><a onclick=\"_gaq.push(['_trackEvent',' Langmans Restaurant Text Link', ' http:\/\/www.langmansrestaurant.co.uk\/ ','outbound links']);\" href=\" http:\/\/www.langmansrestaurant.co.uk\/\" target=\"_blank\" rel=\"nofollow\">Restaurant-Webseite<\/a><\/strong><\/span><strong><a onclick=\"_gaq.push(['_trackEvent',' Langmans Restaurant Text Link', ' http:\/\/www.langmansrestaurant.co.uk\/ ','outbound links']);\" href=\" http:\/\/www.langmansrestaurant.co.uk\/\" target=\"_blank\" rel=\"nofollow\"> &gt;<\/a><\/strong><strong><\/strong><\/p>\n<p><strong>BEISPIEL-MEN\u00dcS<\/strong><\/p>\n<p>7-G\u00e4nge-Probiermen\u00fc &#8211; \u00a340<br \/>\nW\u00e4hlen sie 6 Weine, um jeden Gang zu vervollst\u00e4ndigen &#8211; \u00a335 pro Person<\/p>\n<p>Jerusalem Artischocke \u2013 Entenconfit, Cep -P\u00fcree- Sommertr\u00fcffel<\/p>\n<p>Gep\u00f6kelter Schweinebauch- Jakobsmuscheln, Butternutk\u00fcrbis,<\/p>\n<p>John Dory \u2013 Fenchel, Spinat, Orange<\/p>\n<p>Rinderlende \u2013R\u00f6sti -Kartoffeln, K\u00f6nigsaustern, violette Brokkolisch\u00f6\u00dflinge, Perlzwiebeln<\/p>\n<p>Eine Auswahl an West Country K\u00e4sesorten\u2013 Apfel- und Haselnussbrot, Selleriesamen- und Haferkeksen<\/p>\n<p>Zitronenmeringue<\/p>\n<p>Schokolade<\/p>\n<p>Fleischlose Men\u00fcs mit lediglich Fisch sind erh\u00e4ltlich.<br \/>\nMen\u00fcs \u00e4ndern sich je nach Erh\u00e4ltlichkeit frischer Produkte.<\/p>\n<div id=\"google_blog_map\" style=\"width: 100%; height: 700px; margin-top:25px;\" data-location=\"http:\/\/www.urlaubcornwall.de\/listings\/restaurants_blog.xml\" data-lat=\"50.503361\" data-lng=\"-4.315409\" data-zoom=\"11\"><\/div>\n<p style=\"text-align: left;\"><b>Klicken Sie <\/b><b>hier<\/b><b>, um sich unser vollst\u00e4ndiges Angebot der besten <a href=\"http:\/\/www.urlaubcornwall.de\/restaurants-and-gastronomie.php\"><span style=\"text-decoration: underline;\">Restaurants in Cornwall <\/span><\/a> anzusehen.<\/b><\/p>\n<p style=\"text-align: right;\"><a href=\"https:\/\/plus.google.com\/103486003688192803777\/about?rel=author\">Niall MacDougall Google+<\/a><\/p>\n","protected":false},"excerpt":{"rendered":"<p>Langmans Restaurant in Callington wird betrieben von den Besitzern, Ehepaar Anton und Gail. Callington ist eine kleine Stadt in einer wundersch\u00f6nen Gegend S\u00fcdostcornwalls, in der N\u00e4he Dartmoors, 6 Meilen vom Tamar Tal und 14 Meilen von Plymouth entfernt. Chefkoch Anton Buttery bietet G\u00e4sten seines Restaurants ein gro\u00dfartiges gastronomisches Erlebnis. Hier im mit 2AA Rosetten gek\u00fcrten [&hellip;]<\/p>\n","protected":false},"author":1,"featured_media":0,"parent":0,"menu_order":0,"comment_status":"closed","ping_status":"closed","template":"single-three.php","meta":[],"acf":[],"yoast_head":"<!-- This site is optimized with the Yoast SEO plugin v19.4 - https:\/\/yoast.com\/wordpress\/plugins\/seo\/ -->\n<title>Langmans Restaurant Callington in der N\u00e4he Liskeard und Launceston. - Urlaub &amp; Reisen<\/title>\n<meta name=\"robots\" content=\"index, follow, max-snippet:-1, max-image-preview:large, max-video-preview:-1\" \/>\n<link rel=\"canonical\" href=\"https:\/\/www.urlaubcornwall.de\/blog\/langmans-restaurant-callington-in-der-naehe-liskeard-und-launceston\/\" \/>\n<meta property=\"og:locale\" content=\"en_US\" \/>\n<meta property=\"og:type\" content=\"article\" \/>\n<meta property=\"og:title\" content=\"Langmans Restaurant Callington in der N\u00e4he Liskeard und Launceston. - Urlaub &amp; Reisen\" \/>\n<meta property=\"og:description\" content=\"Langmans Restaurant in Callington wird betrieben von den Besitzern, Ehepaar Anton und Gail. Callington ist eine kleine Stadt in einer wundersch\u00f6nen Gegend S\u00fcdostcornwalls, in der N\u00e4he Dartmoors, 6 Meilen vom Tamar Tal und 14 Meilen von Plymouth entfernt. Chefkoch Anton Buttery bietet G\u00e4sten seines Restaurants ein gro\u00dfartiges gastronomisches Erlebnis. Hier im mit 2AA Rosetten gek\u00fcrten [&hellip;]\" \/>\n<meta property=\"og:url\" content=\"https:\/\/www.urlaubcornwall.de\/blog\/langmans-restaurant-callington-in-der-naehe-liskeard-und-launceston\/\" \/>\n<meta property=\"og:site_name\" content=\"Urlaub &amp; Reisen\" \/>\n<meta property=\"article:modified_time\" content=\"2014-04-09T16:37:06+00:00\" \/>\n<meta name=\"twitter:card\" content=\"summary\" \/>\n<meta name=\"twitter:label1\" content=\"Est. reading time\" \/>\n\t<meta name=\"twitter:data1\" content=\"1 minute\" \/>\n<script type=\"application\/ld+json\" class=\"yoast-schema-graph\">{\"@context\":\"https:\/\/schema.org\",\"@graph\":[{\"@type\":\"WebSite\",\"@id\":\"https:\/\/www.urlaubcornwall.de\/blog\/#website\",\"url\":\"https:\/\/www.urlaubcornwall.de\/blog\/\",\"name\":\"Urlaub &amp; Reisen\",\"description\":\"Urlaub, Reisen, Cornwall und S\u00fcdengland: eine perfekte Kombination\",\"potentialAction\":[{\"@type\":\"SearchAction\",\"target\":{\"@type\":\"EntryPoint\",\"urlTemplate\":\"https:\/\/www.urlaubcornwall.de\/blog\/?s={search_term_string}\"},\"query-input\":\"required name=search_term_string\"}],\"inLanguage\":\"en-US\"},{\"@type\":\"WebPage\",\"@id\":\"https:\/\/www.urlaubcornwall.de\/blog\/langmans-restaurant-callington-in-der-naehe-liskeard-und-launceston\/\",\"url\":\"https:\/\/www.urlaubcornwall.de\/blog\/langmans-restaurant-callington-in-der-naehe-liskeard-und-launceston\/\",\"name\":\"Langmans Restaurant Callington in der N\u00e4he Liskeard und Launceston. - Urlaub &amp; Reisen\",\"isPartOf\":{\"@id\":\"https:\/\/www.urlaubcornwall.de\/blog\/#website\"},\"datePublished\":\"2014-03-17T13:00:49+00:00\",\"dateModified\":\"2014-04-09T16:37:06+00:00\",\"breadcrumb\":{\"@id\":\"https:\/\/www.urlaubcornwall.de\/blog\/langmans-restaurant-callington-in-der-naehe-liskeard-und-launceston\/#breadcrumb\"},\"inLanguage\":\"en-US\",\"potentialAction\":[{\"@type\":\"ReadAction\",\"target\":[\"https:\/\/www.urlaubcornwall.de\/blog\/langmans-restaurant-callington-in-der-naehe-liskeard-und-launceston\/\"]}]},{\"@type\":\"BreadcrumbList\",\"@id\":\"https:\/\/www.urlaubcornwall.de\/blog\/langmans-restaurant-callington-in-der-naehe-liskeard-und-launceston\/#breadcrumb\",\"itemListElement\":[{\"@type\":\"ListItem\",\"position\":1,\"name\":\"Home\",\"item\":\"https:\/\/www.urlaubcornwall.de\/blog\/\"},{\"@type\":\"ListItem\",\"position\":2,\"name\":\"Langmans Restaurant Callington in der N\u00e4he Liskeard und Launceston.\"}]}]}<\/script>\n<!-- \/ Yoast SEO plugin. -->","yoast_head_json":{"title":"Langmans Restaurant Callington in der N\u00e4he Liskeard und Launceston. - Urlaub &amp; Reisen","robots":{"index":"index","follow":"follow","max-snippet":"max-snippet:-1","max-image-preview":"max-image-preview:large","max-video-preview":"max-video-preview:-1"},"canonical":"https:\/\/www.urlaubcornwall.de\/blog\/langmans-restaurant-callington-in-der-naehe-liskeard-und-launceston\/","og_locale":"en_US","og_type":"article","og_title":"Langmans Restaurant Callington in der N\u00e4he Liskeard und Launceston. - Urlaub &amp; Reisen","og_description":"Langmans Restaurant in Callington wird betrieben von den Besitzern, Ehepaar Anton und Gail. Callington ist eine kleine Stadt in einer wundersch\u00f6nen Gegend S\u00fcdostcornwalls, in der N\u00e4he Dartmoors, 6 Meilen vom Tamar Tal und 14 Meilen von Plymouth entfernt. Chefkoch Anton Buttery bietet G\u00e4sten seines Restaurants ein gro\u00dfartiges gastronomisches Erlebnis. Hier im mit 2AA Rosetten gek\u00fcrten [&hellip;]","og_url":"https:\/\/www.urlaubcornwall.de\/blog\/langmans-restaurant-callington-in-der-naehe-liskeard-und-launceston\/","og_site_name":"Urlaub &amp; Reisen","article_modified_time":"2014-04-09T16:37:06+00:00","twitter_card":"summary","twitter_misc":{"Est. reading time":"1 minute"},"schema":{"@context":"https:\/\/schema.org","@graph":[{"@type":"WebSite","@id":"https:\/\/www.urlaubcornwall.de\/blog\/#website","url":"https:\/\/www.urlaubcornwall.de\/blog\/","name":"Urlaub &amp; Reisen","description":"Urlaub, Reisen, Cornwall und S\u00fcdengland: eine perfekte Kombination","potentialAction":[{"@type":"SearchAction","target":{"@type":"EntryPoint","urlTemplate":"https:\/\/www.urlaubcornwall.de\/blog\/?s={search_term_string}"},"query-input":"required name=search_term_string"}],"inLanguage":"en-US"},{"@type":"WebPage","@id":"https:\/\/www.urlaubcornwall.de\/blog\/langmans-restaurant-callington-in-der-naehe-liskeard-und-launceston\/","url":"https:\/\/www.urlaubcornwall.de\/blog\/langmans-restaurant-callington-in-der-naehe-liskeard-und-launceston\/","name":"Langmans Restaurant Callington in der N\u00e4he Liskeard und Launceston. - Urlaub &amp; Reisen","isPartOf":{"@id":"https:\/\/www.urlaubcornwall.de\/blog\/#website"},"datePublished":"2014-03-17T13:00:49+00:00","dateModified":"2014-04-09T16:37:06+00:00","breadcrumb":{"@id":"https:\/\/www.urlaubcornwall.de\/blog\/langmans-restaurant-callington-in-der-naehe-liskeard-und-launceston\/#breadcrumb"},"inLanguage":"en-US","potentialAction":[{"@type":"ReadAction","target":["https:\/\/www.urlaubcornwall.de\/blog\/langmans-restaurant-callington-in-der-naehe-liskeard-und-launceston\/"]}]},{"@type":"BreadcrumbList","@id":"https:\/\/www.urlaubcornwall.de\/blog\/langmans-restaurant-callington-in-der-naehe-liskeard-und-launceston\/#breadcrumb","itemListElement":[{"@type":"ListItem","position":1,"name":"Home","item":"https:\/\/www.urlaubcornwall.de\/blog\/"},{"@type":"ListItem","position":2,"name":"Langmans Restaurant Callington in der N\u00e4he Liskeard und Launceston."}]}]}},"_links":{"self":[{"href":"https:\/\/www.urlaubcornwall.de\/blog\/wp-json\/wp\/v2\/pages\/13934"}],"collection":[{"href":"https:\/\/www.urlaubcornwall.de\/blog\/wp-json\/wp\/v2\/pages"}],"about":[{"href":"https:\/\/www.urlaubcornwall.de\/blog\/wp-json\/wp\/v2\/types\/page"}],"author":[{"embeddable":true,"href":"https:\/\/www.urlaubcornwall.de\/blog\/wp-json\/wp\/v2\/users\/1"}],"replies":[{"embeddable":true,"href":"https:\/\/www.urlaubcornwall.de\/blog\/wp-json\/wp\/v2\/comments?post=13934"}],"version-history":[{"count":12,"href":"https:\/\/www.urlaubcornwall.de\/blog\/wp-json\/wp\/v2\/pages\/13934\/revisions"}],"predecessor-version":[{"id":14804,"href":"https:\/\/www.urlaubcornwall.de\/blog\/wp-json\/wp\/v2\/pages\/13934\/revisions\/14804"}],"wp:attachment":[{"href":"https:\/\/www.urlaubcornwall.de\/blog\/wp-json\/wp\/v2\/media?parent=13934"}],"curies":[{"name":"wp","href":"https:\/\/api.w.org\/{rel}","templated":true}]}}