{"id":13931,"date":"2014-03-17T13:01:35","date_gmt":"2014-03-17T13:01:35","guid":{"rendered":"https:\/\/www.urlaubcornwall.de\/blog\/?page_id=13931"},"modified":"2018-02-27T15:24:02","modified_gmt":"2018-02-27T15:24:02","slug":"merchants-manor-restaurant-in-falmouth","status":"publish","type":"page","link":"https:\/\/www.urlaubcornwall.de\/blog\/merchants-manor-restaurant-in-falmouth\/","title":{"rendered":"Merchants Manor Restaurant in Falmouth"},"content":{"rendered":"<p>Die Brasserie von Merchants Manor bietet traditionelle Speisen im Stile einer Brasserie in einem Landhaushotel Falmouths an der cornischen Riviera. Falmouth mit seinem gesch\u00e4ftigen Hafen, seiner lebendigen Stadt und den Sandstr\u00e4nden ist ein \u00e4u\u00dferst beliebtes Urlaubsziel w\u00e4hrend eines Aufenthalts oder einer Rundreise in Cornwall.<\/p>\n<p>Die j\u00fcngst restaurierte Brasserie befindet sich einen kurzen Spaziergang vom Stadtzentrum entfernt mit gen\u00fcgend Parkm\u00f6glichkeit und bietet jahreszeitliche Produkte hoher Qualit\u00e4t, einfach zubereitet, allesamt hausgemacht, vom Brot bis hin zu den Nachspeisen und serviert von freundlichem Personal<\/p>\n<p>Fleisch bester Qualit\u00e4t, Gefl\u00fcgel und Wild bilden den Grundstock der Speisekarte, w\u00e4hrend leichtere Snacks in der Bar und dem Gesellschaftsraum serviert werden. Nachmittagstee kann im Sommer in den preisgekr\u00f6nten G\u00e4rten eingenommen werden oder am gem\u00fctlichen Holzfeuer, falls es k\u00fchl ist.<\/p>\n<p><span style=\"text-decoration: underline;\"><strong><a href=\" https:\/\/merchantsmanor.com\/\" rel=\"nofollow\">&gt;<\/a><\/strong><\/span><\/p>\n<p><strong>BEISPIEL-MEN\u00dcS<\/strong><br \/>\nVorspeisen \u2013 Kaufmannssuppe mit hausgemachten Focaccia \u00a36<br \/>\nin gusseiserner Pfanne gebratene Jakobsmuscheln aus der Falmouth Bucht &#8211; \u00a38<br \/>\nwhiskey- und eichenger\u00e4uchertes Makrelenpate \u00a36.50<\/p>\n<p>Hauptgang \u2013 6 Stunden lang geschmorte Lammkeule \u00a315.50<br \/>\nIn Butter pochierte Lende vom Reh des Moorland \u00a319.25<br \/>\nMarktfisch in klassischem Bierteigmantel \u00a313.00<\/p>\n<p>Nachspeisen \u2013 Vanille Panna Cotta \u00a35.00<br \/>\nDunkles Schokoladenfondant \u00a37.00<br \/>\nCornisches K\u00e4sebrett \u00a38.00<\/p>\n<div id=\"google_blog_map\" style=\"width: 100%; height: 700px; margin-top: 25px;\" data-location=\"https:\/\/www.urlaubcornwall.de\/listings\/restaurants_blog.xml\" data-lat=\"50.148308\" data-lng=\"-5.074152\" data-zoom=\"13\">&nbsp;<\/div>\n<p style=\"text-align: left;\"><b>Klicken Sie <\/b><b>hier<\/b><b>, um sich unser vollst\u00e4ndiges Angebot der besten <a href=\"http:\/\/www.urlaubcornwall.de\/restaurants-and-gastronomie.php\"><span style=\"text-decoration: underline;\">Restaurants in Cornwall <\/span><\/a> anzusehen.<\/b><\/p>\n\n","protected":false},"excerpt":{"rendered":"<p>Die Brasserie von Merchants Manor bietet traditionelle Speisen im Stile einer Brasserie in einem Landhaushotel Falmouths an der cornischen Riviera. Falmouth mit seinem gesch\u00e4ftigen Hafen, seiner lebendigen Stadt und den Sandstr\u00e4nden ist ein \u00e4u\u00dferst beliebtes Urlaubsziel w\u00e4hrend eines Aufenthalts oder einer Rundreise in Cornwall. Die j\u00fcngst restaurierte Brasserie befindet sich einen kurzen Spaziergang vom Stadtzentrum [&hellip;]<\/p>\n","protected":false},"author":1,"featured_media":0,"parent":0,"menu_order":0,"comment_status":"closed","ping_status":"closed","template":"single-three.php","meta":[],"acf":[],"yoast_head":"<!-- This site is optimized with the Yoast SEO plugin v19.4 - https:\/\/yoast.com\/wordpress\/plugins\/seo\/ -->\n<title>Merchants Manor Restaurant in Falmouth - Urlaub &amp; Reisen<\/title>\n<meta name=\"robots\" content=\"index, follow, max-snippet:-1, max-image-preview:large, max-video-preview:-1\" \/>\n<link rel=\"canonical\" href=\"https:\/\/www.urlaubcornwall.de\/blog\/merchants-manor-restaurant-in-falmouth\/\" \/>\n<meta property=\"og:locale\" content=\"en_US\" \/>\n<meta property=\"og:type\" content=\"article\" \/>\n<meta property=\"og:title\" content=\"Merchants Manor Restaurant in Falmouth - Urlaub &amp; Reisen\" \/>\n<meta property=\"og:description\" content=\"Die Brasserie von Merchants Manor bietet traditionelle Speisen im Stile einer Brasserie in einem Landhaushotel Falmouths an der cornischen Riviera. Falmouth mit seinem gesch\u00e4ftigen Hafen, seiner lebendigen Stadt und den Sandstr\u00e4nden ist ein \u00e4u\u00dferst beliebtes Urlaubsziel w\u00e4hrend eines Aufenthalts oder einer Rundreise in Cornwall. Die j\u00fcngst restaurierte Brasserie befindet sich einen kurzen Spaziergang vom Stadtzentrum [&hellip;]\" \/>\n<meta property=\"og:url\" content=\"https:\/\/www.urlaubcornwall.de\/blog\/merchants-manor-restaurant-in-falmouth\/\" \/>\n<meta property=\"og:site_name\" content=\"Urlaub &amp; Reisen\" \/>\n<meta property=\"article:modified_time\" content=\"2018-02-27T15:24:02+00:00\" \/>\n<meta name=\"twitter:card\" content=\"summary\" \/>\n<meta name=\"twitter:label1\" content=\"Est. reading time\" \/>\n\t<meta name=\"twitter:data1\" content=\"1 minute\" \/>\n<script type=\"application\/ld+json\" class=\"yoast-schema-graph\">{\"@context\":\"https:\/\/schema.org\",\"@graph\":[{\"@type\":\"WebSite\",\"@id\":\"https:\/\/www.urlaubcornwall.de\/blog\/#website\",\"url\":\"https:\/\/www.urlaubcornwall.de\/blog\/\",\"name\":\"Urlaub &amp; Reisen\",\"description\":\"Urlaub, Reisen, Cornwall und S\u00fcdengland: eine perfekte Kombination\",\"potentialAction\":[{\"@type\":\"SearchAction\",\"target\":{\"@type\":\"EntryPoint\",\"urlTemplate\":\"https:\/\/www.urlaubcornwall.de\/blog\/?s={search_term_string}\"},\"query-input\":\"required name=search_term_string\"}],\"inLanguage\":\"en-US\"},{\"@type\":\"WebPage\",\"@id\":\"https:\/\/www.urlaubcornwall.de\/blog\/merchants-manor-restaurant-in-falmouth\/\",\"url\":\"https:\/\/www.urlaubcornwall.de\/blog\/merchants-manor-restaurant-in-falmouth\/\",\"name\":\"Merchants Manor Restaurant in Falmouth - Urlaub &amp; Reisen\",\"isPartOf\":{\"@id\":\"https:\/\/www.urlaubcornwall.de\/blog\/#website\"},\"datePublished\":\"2014-03-17T13:01:35+00:00\",\"dateModified\":\"2018-02-27T15:24:02+00:00\",\"breadcrumb\":{\"@id\":\"https:\/\/www.urlaubcornwall.de\/blog\/merchants-manor-restaurant-in-falmouth\/#breadcrumb\"},\"inLanguage\":\"en-US\",\"potentialAction\":[{\"@type\":\"ReadAction\",\"target\":[\"https:\/\/www.urlaubcornwall.de\/blog\/merchants-manor-restaurant-in-falmouth\/\"]}]},{\"@type\":\"BreadcrumbList\",\"@id\":\"https:\/\/www.urlaubcornwall.de\/blog\/merchants-manor-restaurant-in-falmouth\/#breadcrumb\",\"itemListElement\":[{\"@type\":\"ListItem\",\"position\":1,\"name\":\"Home\",\"item\":\"https:\/\/www.urlaubcornwall.de\/blog\/\"},{\"@type\":\"ListItem\",\"position\":2,\"name\":\"Merchants Manor Restaurant in Falmouth\"}]}]}<\/script>\n<!-- \/ Yoast SEO plugin. -->","yoast_head_json":{"title":"Merchants Manor Restaurant in Falmouth - Urlaub &amp; Reisen","robots":{"index":"index","follow":"follow","max-snippet":"max-snippet:-1","max-image-preview":"max-image-preview:large","max-video-preview":"max-video-preview:-1"},"canonical":"https:\/\/www.urlaubcornwall.de\/blog\/merchants-manor-restaurant-in-falmouth\/","og_locale":"en_US","og_type":"article","og_title":"Merchants Manor Restaurant in Falmouth - Urlaub &amp; Reisen","og_description":"Die Brasserie von Merchants Manor bietet traditionelle Speisen im Stile einer Brasserie in einem Landhaushotel Falmouths an der cornischen Riviera. Falmouth mit seinem gesch\u00e4ftigen Hafen, seiner lebendigen Stadt und den Sandstr\u00e4nden ist ein \u00e4u\u00dferst beliebtes Urlaubsziel w\u00e4hrend eines Aufenthalts oder einer Rundreise in Cornwall. Die j\u00fcngst restaurierte Brasserie befindet sich einen kurzen Spaziergang vom Stadtzentrum [&hellip;]","og_url":"https:\/\/www.urlaubcornwall.de\/blog\/merchants-manor-restaurant-in-falmouth\/","og_site_name":"Urlaub &amp; Reisen","article_modified_time":"2018-02-27T15:24:02+00:00","twitter_card":"summary","twitter_misc":{"Est. reading time":"1 minute"},"schema":{"@context":"https:\/\/schema.org","@graph":[{"@type":"WebSite","@id":"https:\/\/www.urlaubcornwall.de\/blog\/#website","url":"https:\/\/www.urlaubcornwall.de\/blog\/","name":"Urlaub &amp; Reisen","description":"Urlaub, Reisen, Cornwall und S\u00fcdengland: eine perfekte Kombination","potentialAction":[{"@type":"SearchAction","target":{"@type":"EntryPoint","urlTemplate":"https:\/\/www.urlaubcornwall.de\/blog\/?s={search_term_string}"},"query-input":"required name=search_term_string"}],"inLanguage":"en-US"},{"@type":"WebPage","@id":"https:\/\/www.urlaubcornwall.de\/blog\/merchants-manor-restaurant-in-falmouth\/","url":"https:\/\/www.urlaubcornwall.de\/blog\/merchants-manor-restaurant-in-falmouth\/","name":"Merchants Manor Restaurant in Falmouth - Urlaub &amp; Reisen","isPartOf":{"@id":"https:\/\/www.urlaubcornwall.de\/blog\/#website"},"datePublished":"2014-03-17T13:01:35+00:00","dateModified":"2018-02-27T15:24:02+00:00","breadcrumb":{"@id":"https:\/\/www.urlaubcornwall.de\/blog\/merchants-manor-restaurant-in-falmouth\/#breadcrumb"},"inLanguage":"en-US","potentialAction":[{"@type":"ReadAction","target":["https:\/\/www.urlaubcornwall.de\/blog\/merchants-manor-restaurant-in-falmouth\/"]}]},{"@type":"BreadcrumbList","@id":"https:\/\/www.urlaubcornwall.de\/blog\/merchants-manor-restaurant-in-falmouth\/#breadcrumb","itemListElement":[{"@type":"ListItem","position":1,"name":"Home","item":"https:\/\/www.urlaubcornwall.de\/blog\/"},{"@type":"ListItem","position":2,"name":"Merchants Manor Restaurant in Falmouth"}]}]}},"_links":{"self":[{"href":"https:\/\/www.urlaubcornwall.de\/blog\/wp-json\/wp\/v2\/pages\/13931"}],"collection":[{"href":"https:\/\/www.urlaubcornwall.de\/blog\/wp-json\/wp\/v2\/pages"}],"about":[{"href":"https:\/\/www.urlaubcornwall.de\/blog\/wp-json\/wp\/v2\/types\/page"}],"author":[{"embeddable":true,"href":"https:\/\/www.urlaubcornwall.de\/blog\/wp-json\/wp\/v2\/users\/1"}],"replies":[{"embeddable":true,"href":"https:\/\/www.urlaubcornwall.de\/blog\/wp-json\/wp\/v2\/comments?post=13931"}],"version-history":[{"count":14,"href":"https:\/\/www.urlaubcornwall.de\/blog\/wp-json\/wp\/v2\/pages\/13931\/revisions"}],"predecessor-version":[{"id":32693,"href":"https:\/\/www.urlaubcornwall.de\/blog\/wp-json\/wp\/v2\/pages\/13931\/revisions\/32693"}],"wp:attachment":[{"href":"https:\/\/www.urlaubcornwall.de\/blog\/wp-json\/wp\/v2\/media?parent=13931"}],"curies":[{"name":"wp","href":"https:\/\/api.w.org\/{rel}","templated":true}]}}