{"id":13926,"date":"2014-03-17T13:02:22","date_gmt":"2014-03-17T13:02:22","guid":{"rendered":"https:\/\/www.urlaubcornwall.de\/blog\/?page_id=13926"},"modified":"2018-03-26T16:20:44","modified_gmt":"2018-03-26T16:20:44","slug":"das-wellington-restaurant-boscastle-nord-cornwall","status":"publish","type":"page","link":"https:\/\/www.urlaubcornwall.de\/blog\/das-wellington-restaurant-boscastle-nord-cornwall\/","title":{"rendered":"Das Wellington Restaurant Boscastle, Nord Cornwall"},"content":{"rendered":"<p>The Wellington in Boscastle, einer Sehensw\u00fcrdigkeit an sich, ist eines der \u00e4ltesten Kutschengasth\u00e4user, das zur\u00fcck reicht ins 16. Jahrhundert.<\/p>\n<p>Sie haben die Wahl zwischen zwei unterschiedlichen Speiseerfahrungen:<\/p>\n<p>Das Waterloo Restaurant wurde mit 2 AA Rosetten ausgezeichnet und bietet eine feine Speiseerfahrung in einem bezaubernden georgianischen Speisesaal. Die lokal angebauten und regionalen Produkte geh\u00f6ren zum Besten, was Cornwall zu bieten hat.<\/p>\n<p>Die Long Bar ist eine traditionelle Kneipe, in der Sie echte Biere und fantastische Kneipengerichte bekommen; die beliebtesten Biersorten sind die Cornish Ales, und im Weinkeller lagern \u00fcber 60 verschiedene Weine.<\/p>\n<p><strong>Unser Tipp:<\/strong> Boscastle, ein h\u00fcbscher und typischer Hafen Nordcornwalls und beliebtes Anlaufziel bei Rundreisen. Die Speisen der Kneipe stammen aus derselben K\u00fcche wie die des Haupt-Waterloo- Restaurants und sind somit Kneipenspeisen gehobeneren Standards. Das Restaurant ist Hauptanliegen des Besitzers Jonathan Scott, und die Speisen sind tats\u00e4chlich unvergessliche Mahlzeiten.<\/p>\n<p><a href=\"https:\/\/www.booking.com\/hotel\/gb\/the-wellington-boscastle.html?aid=1320750&#038;no_rooms=1&#038;group_adults=2&#038;room1=A%2CA\"rel=\"nofollow\"><span style=\"text-decoration: underline;\"><strong>Verf\u00fcgbarkeit pr\u00fcfen<\/strong><\/span><\/a> &gt;<\/p>\n<p><strong>BEISPIELMEN\u00dcS <\/strong><\/p>\n<p><strong>The Waterloo Restaurant<\/strong><br \/>\n2 G\u00e4nge \u00a330.00<br \/>\n3 G\u00e4nge \u00a337.50<\/p>\n<p>Vorspeisen; &#8211; Makrele<br \/>\nKrabbe &amp; Lobster<br \/>\nGut gehangenes cornisches Rind<\/p>\n<p>Hauptgang \u2013 Lamm<br \/>\nMeeresbarsch<br \/>\nGer\u00e4ucherter Schellfisch<\/p>\n<p>Nachspeisen \u2013 Cornische Erdbeeren<br \/>\nChampagnerrhabarber<br \/>\nK\u00e4sebrett<\/p>\n<p><strong>The Long Bar<\/strong><\/p>\n<p>Vorspeisen \u2013 lokale Makrele \u00a35.50<br \/>\nKrabbe &amp; Lobster \u00a38.00<br \/>\nMiesmuscheln \u00a37.50<\/p>\n<p>Salate \u2013 Thunfisch Nicoise \u00a310.50<br \/>\nPloughman\u2019s \u00a39.00<\/p>\n<p>Sandwiches \u2013 lokale Krabbe &amp; Zitronenmayonnaise \u00a38.50<br \/>\nLachs &amp; Schnittlauch Cr\u00e8me fraiche \u00a36.00<\/p>\n<p>Hauptgang \u2013 Wellington Burger &#8211; \u00a311.50<br \/>\nFang des Tages- POA<br \/>\nMeeresfr\u00fcchte Linguine &#8211; \u00a316.00<\/p>\n<p>Cornischer Cream Tea &#8211; \u00a36.50<\/p>\n<div id=\"google_blog_map\" style=\"width: 100%; height: 700px; margin-top: 25px;\" data-location=\"https:\/\/www.urlaubcornwall.de\/listings\/restaurants_blog.xml\" data-lat=\"50.689202\" data-lng=\"-4.692938\" data-zoom=\"13\">&nbsp;<\/div>\n<p style=\"text-align: left;\"><b>Klicken Sie <\/b><b>hier<\/b><b>, um sich unser vollst\u00e4ndiges Angebot der besten <a href=\"http:\/\/www.urlaubcornwall.de\/restaurants-and-gastronomie.php\"><span style=\"text-decoration: underline;\">Restaurants in Cornwall <\/span><\/a> anzusehen.<\/b><\/p>\n\n","protected":false},"excerpt":{"rendered":"<p>The Wellington in Boscastle, einer Sehensw\u00fcrdigkeit an sich, ist eines der \u00e4ltesten Kutschengasth\u00e4user, das zur\u00fcck reicht ins 16. Jahrhundert. Sie haben die Wahl zwischen zwei unterschiedlichen Speiseerfahrungen: Das Waterloo Restaurant wurde mit 2 AA Rosetten ausgezeichnet und bietet eine feine Speiseerfahrung in einem bezaubernden georgianischen Speisesaal. Die lokal angebauten und regionalen Produkte geh\u00f6ren zum Besten, [&hellip;]<\/p>\n","protected":false},"author":1,"featured_media":0,"parent":0,"menu_order":0,"comment_status":"closed","ping_status":"closed","template":"single-three.php","meta":[],"acf":[],"yoast_head":"<!-- This site is optimized with the Yoast SEO plugin v19.4 - https:\/\/yoast.com\/wordpress\/plugins\/seo\/ -->\n<title>Das Wellington Restaurant Boscastle, Nord Cornwall - Urlaub &amp; Reisen<\/title>\n<meta name=\"robots\" content=\"index, follow, max-snippet:-1, max-image-preview:large, max-video-preview:-1\" \/>\n<link rel=\"canonical\" href=\"https:\/\/www.urlaubcornwall.de\/blog\/das-wellington-restaurant-boscastle-nord-cornwall\/\" \/>\n<meta property=\"og:locale\" content=\"en_US\" \/>\n<meta property=\"og:type\" content=\"article\" \/>\n<meta property=\"og:title\" content=\"Das Wellington Restaurant Boscastle, Nord Cornwall - Urlaub &amp; Reisen\" \/>\n<meta property=\"og:description\" content=\"The Wellington in Boscastle, einer Sehensw\u00fcrdigkeit an sich, ist eines der \u00e4ltesten Kutschengasth\u00e4user, das zur\u00fcck reicht ins 16. Jahrhundert. Sie haben die Wahl zwischen zwei unterschiedlichen Speiseerfahrungen: Das Waterloo Restaurant wurde mit 2 AA Rosetten ausgezeichnet und bietet eine feine Speiseerfahrung in einem bezaubernden georgianischen Speisesaal. Die lokal angebauten und regionalen Produkte geh\u00f6ren zum Besten, [&hellip;]\" \/>\n<meta property=\"og:url\" content=\"https:\/\/www.urlaubcornwall.de\/blog\/das-wellington-restaurant-boscastle-nord-cornwall\/\" \/>\n<meta property=\"og:site_name\" content=\"Urlaub &amp; Reisen\" \/>\n<meta property=\"article:modified_time\" content=\"2018-03-26T16:20:44+00:00\" \/>\n<meta name=\"twitter:card\" content=\"summary\" \/>\n<meta name=\"twitter:label1\" content=\"Est. reading time\" \/>\n\t<meta name=\"twitter:data1\" content=\"1 minute\" \/>\n<script type=\"application\/ld+json\" class=\"yoast-schema-graph\">{\"@context\":\"https:\/\/schema.org\",\"@graph\":[{\"@type\":\"WebSite\",\"@id\":\"https:\/\/www.urlaubcornwall.de\/blog\/#website\",\"url\":\"https:\/\/www.urlaubcornwall.de\/blog\/\",\"name\":\"Urlaub &amp; Reisen\",\"description\":\"Urlaub, Reisen, Cornwall und S\u00fcdengland: eine perfekte Kombination\",\"potentialAction\":[{\"@type\":\"SearchAction\",\"target\":{\"@type\":\"EntryPoint\",\"urlTemplate\":\"https:\/\/www.urlaubcornwall.de\/blog\/?s={search_term_string}\"},\"query-input\":\"required name=search_term_string\"}],\"inLanguage\":\"en-US\"},{\"@type\":\"WebPage\",\"@id\":\"https:\/\/www.urlaubcornwall.de\/blog\/das-wellington-restaurant-boscastle-nord-cornwall\/\",\"url\":\"https:\/\/www.urlaubcornwall.de\/blog\/das-wellington-restaurant-boscastle-nord-cornwall\/\",\"name\":\"Das Wellington Restaurant Boscastle, Nord Cornwall - Urlaub &amp; Reisen\",\"isPartOf\":{\"@id\":\"https:\/\/www.urlaubcornwall.de\/blog\/#website\"},\"datePublished\":\"2014-03-17T13:02:22+00:00\",\"dateModified\":\"2018-03-26T16:20:44+00:00\",\"breadcrumb\":{\"@id\":\"https:\/\/www.urlaubcornwall.de\/blog\/das-wellington-restaurant-boscastle-nord-cornwall\/#breadcrumb\"},\"inLanguage\":\"en-US\",\"potentialAction\":[{\"@type\":\"ReadAction\",\"target\":[\"https:\/\/www.urlaubcornwall.de\/blog\/das-wellington-restaurant-boscastle-nord-cornwall\/\"]}]},{\"@type\":\"BreadcrumbList\",\"@id\":\"https:\/\/www.urlaubcornwall.de\/blog\/das-wellington-restaurant-boscastle-nord-cornwall\/#breadcrumb\",\"itemListElement\":[{\"@type\":\"ListItem\",\"position\":1,\"name\":\"Home\",\"item\":\"https:\/\/www.urlaubcornwall.de\/blog\/\"},{\"@type\":\"ListItem\",\"position\":2,\"name\":\"Das Wellington Restaurant Boscastle, Nord Cornwall\"}]}]}<\/script>\n<!-- \/ Yoast SEO plugin. -->","yoast_head_json":{"title":"Das Wellington Restaurant Boscastle, Nord Cornwall - Urlaub &amp; Reisen","robots":{"index":"index","follow":"follow","max-snippet":"max-snippet:-1","max-image-preview":"max-image-preview:large","max-video-preview":"max-video-preview:-1"},"canonical":"https:\/\/www.urlaubcornwall.de\/blog\/das-wellington-restaurant-boscastle-nord-cornwall\/","og_locale":"en_US","og_type":"article","og_title":"Das Wellington Restaurant Boscastle, Nord Cornwall - Urlaub &amp; Reisen","og_description":"The Wellington in Boscastle, einer Sehensw\u00fcrdigkeit an sich, ist eines der \u00e4ltesten Kutschengasth\u00e4user, das zur\u00fcck reicht ins 16. Jahrhundert. Sie haben die Wahl zwischen zwei unterschiedlichen Speiseerfahrungen: Das Waterloo Restaurant wurde mit 2 AA Rosetten ausgezeichnet und bietet eine feine Speiseerfahrung in einem bezaubernden georgianischen Speisesaal. Die lokal angebauten und regionalen Produkte geh\u00f6ren zum Besten, [&hellip;]","og_url":"https:\/\/www.urlaubcornwall.de\/blog\/das-wellington-restaurant-boscastle-nord-cornwall\/","og_site_name":"Urlaub &amp; Reisen","article_modified_time":"2018-03-26T16:20:44+00:00","twitter_card":"summary","twitter_misc":{"Est. reading time":"1 minute"},"schema":{"@context":"https:\/\/schema.org","@graph":[{"@type":"WebSite","@id":"https:\/\/www.urlaubcornwall.de\/blog\/#website","url":"https:\/\/www.urlaubcornwall.de\/blog\/","name":"Urlaub &amp; Reisen","description":"Urlaub, Reisen, Cornwall und S\u00fcdengland: eine perfekte Kombination","potentialAction":[{"@type":"SearchAction","target":{"@type":"EntryPoint","urlTemplate":"https:\/\/www.urlaubcornwall.de\/blog\/?s={search_term_string}"},"query-input":"required name=search_term_string"}],"inLanguage":"en-US"},{"@type":"WebPage","@id":"https:\/\/www.urlaubcornwall.de\/blog\/das-wellington-restaurant-boscastle-nord-cornwall\/","url":"https:\/\/www.urlaubcornwall.de\/blog\/das-wellington-restaurant-boscastle-nord-cornwall\/","name":"Das Wellington Restaurant Boscastle, Nord Cornwall - Urlaub &amp; Reisen","isPartOf":{"@id":"https:\/\/www.urlaubcornwall.de\/blog\/#website"},"datePublished":"2014-03-17T13:02:22+00:00","dateModified":"2018-03-26T16:20:44+00:00","breadcrumb":{"@id":"https:\/\/www.urlaubcornwall.de\/blog\/das-wellington-restaurant-boscastle-nord-cornwall\/#breadcrumb"},"inLanguage":"en-US","potentialAction":[{"@type":"ReadAction","target":["https:\/\/www.urlaubcornwall.de\/blog\/das-wellington-restaurant-boscastle-nord-cornwall\/"]}]},{"@type":"BreadcrumbList","@id":"https:\/\/www.urlaubcornwall.de\/blog\/das-wellington-restaurant-boscastle-nord-cornwall\/#breadcrumb","itemListElement":[{"@type":"ListItem","position":1,"name":"Home","item":"https:\/\/www.urlaubcornwall.de\/blog\/"},{"@type":"ListItem","position":2,"name":"Das Wellington Restaurant Boscastle, Nord Cornwall"}]}]}},"_links":{"self":[{"href":"https:\/\/www.urlaubcornwall.de\/blog\/wp-json\/wp\/v2\/pages\/13926"}],"collection":[{"href":"https:\/\/www.urlaubcornwall.de\/blog\/wp-json\/wp\/v2\/pages"}],"about":[{"href":"https:\/\/www.urlaubcornwall.de\/blog\/wp-json\/wp\/v2\/types\/page"}],"author":[{"embeddable":true,"href":"https:\/\/www.urlaubcornwall.de\/blog\/wp-json\/wp\/v2\/users\/1"}],"replies":[{"embeddable":true,"href":"https:\/\/www.urlaubcornwall.de\/blog\/wp-json\/wp\/v2\/comments?post=13926"}],"version-history":[{"count":16,"href":"https:\/\/www.urlaubcornwall.de\/blog\/wp-json\/wp\/v2\/pages\/13926\/revisions"}],"predecessor-version":[{"id":33327,"href":"https:\/\/www.urlaubcornwall.de\/blog\/wp-json\/wp\/v2\/pages\/13926\/revisions\/33327"}],"wp:attachment":[{"href":"https:\/\/www.urlaubcornwall.de\/blog\/wp-json\/wp\/v2\/media?parent=13926"}],"curies":[{"name":"wp","href":"https:\/\/api.w.org\/{rel}","templated":true}]}}