{"id":13923,"date":"2014-03-17T13:03:14","date_gmt":"2014-03-17T13:03:14","guid":{"rendered":"https:\/\/www.urlaubcornwall.de\/blog\/?page_id=13923"},"modified":"2018-08-22T15:33:38","modified_gmt":"2018-08-22T15:33:38","slug":"vista-restaurant-mit-meerblick-mullion-lizard-halbinsel","status":"publish","type":"page","link":"https:\/\/www.urlaubcornwall.de\/blog\/vista-restaurant-mit-meerblick-mullion-lizard-halbinsel\/","title":{"rendered":"Vista Restaurant mit Meerblick Mullion, Lizard-Halbinsel"},"content":{"rendered":"<p>Die Vista Lounge im Polurrian Bay Hotel in Mullion auf der Lizard Halbinsel hat eine der atemberaubendsten Meeresblicke in Cornwall \u00fcberhaupt mit einer 180 Grad Panoramasicht der K\u00fcste und des Meeres.<br \/>\nW\u00e4hrend des Tages k\u00f6nnen Sie entspannt und informell speisen und die besten lokal gefangenen Meeresfr\u00fcchte und frische Produkte genie\u00dfen, die Cornwall zu bieten hat.<\/p>\n<p>Die Speisen werden zwischen 12 und 21 Uhr serviert, auch f\u00fcr Nicht- Hotelg\u00e4ste, und es ist der perfekte Ort, um sich zu treffen und ein Mittagessen oder einen Nachmittagskaffee einzunehmen.<\/p>\n<p>Am Abend herrscht im Restaurant des Polurrian Bay Hotel ein sehr viel gehobeneres Flair, indem ein 3-G\u00e4nge Men\u00fc bei Kerzenschein angeboten wird, mit Betonung frischer cornischer Meeresfr\u00fcchte mit t\u00e4glichen Spezialit\u00e4ten.<\/p>\n<p><strong>Unser Tipp:<\/strong> Bleiben sie auf der Lizard Halbinsel, einem unvergesslichen Ort f\u00fcr ein Mittagessen oder ein Abendmahl. Familienfreundlich mit M\u00f6glichkeiten h\u00f6chster Qualit\u00e4t auf der Kinderspeisekarte oder f\u00fcr Paare, die ein Restaurant mit Blick suchen.<\/p>\n<p><span style=\"text-decoration: underline;\"><strong><a href=\" https:\/\/www.booking.com\/hotel\/gb\/polurrianhotel.en.html?aid=1320750&#038;no_rooms=1&#038;group_adults=2&#038;room1=A%2CA\" rel=\"nofollow\">Restaurant-Webseite <\/a><\/strong><\/span><strong><a href=\" https:\/\/www.booking.com\/hotel\/gb\/polurrianhotel.en.html?aid=1320750&#038;no_rooms=1&#038;group_adults=2&#038;room1=A%2CA\" rel=\"nofollow\">&gt;<\/a><\/strong><\/p>\n<p><strong>BEISPIEL-MEN\u00dcS<\/strong><\/p>\n<p>VISTA Restaurant<\/p>\n<p>Vorspeisen \/\u00a0hauptg\u00e4nge Miesmuscheln mariniere der Gweek Bucht, knuspriges Brot \u00a36.50\/\u00a312.00<br \/>\nFlusskrebs Linguini, Zitrone, Chili &amp; Schnittlauch \u00a38.00\/\u00a316.00<br \/>\nPolurrian Bay Fischfrikadelle, Kr\u00e4utersalat &amp; Knoblauch \u00a37.00\/\u00a314.00<br \/>\nBURGERS Vista Burger &#8211; Gruyere K\u00e4se, Tomaten, Baby-<br \/>\nSalatherzen, rote Zwiebelmarmelade &amp; Pommes frites \u00a312.00<br \/>\ngegrillte Makrele \u2013 rote Zwiebeln, Tomaten, Baby &#8211;<br \/>\nSalatherzen, Rote Beete Chutney &amp; Pommes frites \u00a313.00<\/p>\n<p>MEHRPERSONENPLATTE Weidebrett \u2013 ger\u00f6stete Paprika, marinierte Artischocken,<br \/>\nOliven, halbgetrocknete Tomaten, gebratenes Gem\u00fcse, Mozzarella,<br \/>\nFeta, Humus, Knoblauchbrot &amp; knuspriges Brot \u00a315.00<\/p>\n<p>SANDWICHES Flusskrebs, Zitronen-Dill- Mayonnaise \u00a38.00<\/p>\n<p>RESTAURANT<\/p>\n<p>2 G\u00e4nge \u00a334.00<br \/>\n3 G\u00e4nge \u00a339.00<\/p>\n<p>Vorspeisen &#8211; Langustinen Biquet<br \/>\nMarinierte Cornische Makrele<\/p>\n<p>Hauptg\u00e4nge- am Ganzen gebratene cornische Scholle<br \/>\nlangsam gekochte, gew\u00fcrzte Lammhachse<br \/>\nGebackenes Filet vom Newlyn Hecht<\/p>\n<p>Dies ist nur eine Auswahl der Angebote der Speisekarte, welche sich entsprechend der Jahreszeit und den Erh\u00e4ltlichkeiten ver\u00e4ndert.<\/p>\n<div id=\"google_blog_map\" style=\"width: 100%; height: 700px; margin-top: 25px;\" data-location=\"http:\/\/www.urlaubcornwall.de\/listings\/restaurants_blog.xml\" data-lat=\"50.023058\" data-lng=\"-5.254104\" data-zoom=\"13\"><\/div>\n<p style=\"text-align: left;\"><b>Klicken Sie <\/b><b>hier<\/b><b>, um sich unser vollst\u00e4ndiges Angebot der besten <a href=\"http:\/\/www.urlaubcornwall.de\/restaurants-and-gastronomie.php\"><span style=\"text-decoration: underline;\">Restaurants in Cornwall <\/span><\/a> anzusehen.<\/b><\/p>\n\n<p style=\"text-align: right;\"><a href=\"https:\/\/plus.google.com\/103486003688192803777\/about?rel=author\">Niall MacDougall Google+<\/a><\/p>\n\n","protected":false},"excerpt":{"rendered":"<p>Die Vista Lounge im Polurrian Bay Hotel in Mullion auf der Lizard Halbinsel hat eine der atemberaubendsten Meeresblicke in Cornwall \u00fcberhaupt mit einer 180 Grad Panoramasicht der K\u00fcste und des Meeres. W\u00e4hrend des Tages k\u00f6nnen Sie entspannt und informell speisen und die besten lokal gefangenen Meeresfr\u00fcchte und frische Produkte genie\u00dfen, die Cornwall zu bieten hat. [&hellip;]<\/p>\n","protected":false},"author":1,"featured_media":0,"parent":0,"menu_order":0,"comment_status":"closed","ping_status":"closed","template":"single-three.php","meta":[],"acf":[],"yoast_head":"<!-- This site is optimized with the Yoast SEO plugin v19.4 - https:\/\/yoast.com\/wordpress\/plugins\/seo\/ -->\n<title>Vista Restaurant mit Meerblick Mullion, Lizard-Halbinsel - Urlaub &amp; Reisen<\/title>\n<meta name=\"robots\" content=\"index, follow, max-snippet:-1, max-image-preview:large, max-video-preview:-1\" \/>\n<link rel=\"canonical\" href=\"https:\/\/www.urlaubcornwall.de\/blog\/vista-restaurant-mit-meerblick-mullion-lizard-halbinsel\/\" \/>\n<meta property=\"og:locale\" content=\"en_US\" \/>\n<meta property=\"og:type\" content=\"article\" \/>\n<meta property=\"og:title\" content=\"Vista Restaurant mit Meerblick Mullion, Lizard-Halbinsel - Urlaub &amp; Reisen\" \/>\n<meta property=\"og:description\" content=\"Die Vista Lounge im Polurrian Bay Hotel in Mullion auf der Lizard Halbinsel hat eine der atemberaubendsten Meeresblicke in Cornwall \u00fcberhaupt mit einer 180 Grad Panoramasicht der K\u00fcste und des Meeres. W\u00e4hrend des Tages k\u00f6nnen Sie entspannt und informell speisen und die besten lokal gefangenen Meeresfr\u00fcchte und frische Produkte genie\u00dfen, die Cornwall zu bieten hat. [&hellip;]\" \/>\n<meta property=\"og:url\" content=\"https:\/\/www.urlaubcornwall.de\/blog\/vista-restaurant-mit-meerblick-mullion-lizard-halbinsel\/\" \/>\n<meta property=\"og:site_name\" content=\"Urlaub &amp; Reisen\" \/>\n<meta property=\"article:modified_time\" content=\"2018-08-22T15:33:38+00:00\" \/>\n<meta name=\"twitter:card\" content=\"summary\" \/>\n<meta name=\"twitter:label1\" content=\"Est. reading time\" \/>\n\t<meta name=\"twitter:data1\" content=\"2 minutes\" \/>\n<script type=\"application\/ld+json\" class=\"yoast-schema-graph\">{\"@context\":\"https:\/\/schema.org\",\"@graph\":[{\"@type\":\"WebSite\",\"@id\":\"https:\/\/www.urlaubcornwall.de\/blog\/#website\",\"url\":\"https:\/\/www.urlaubcornwall.de\/blog\/\",\"name\":\"Urlaub &amp; Reisen\",\"description\":\"Urlaub, Reisen, Cornwall und S\u00fcdengland: eine perfekte Kombination\",\"potentialAction\":[{\"@type\":\"SearchAction\",\"target\":{\"@type\":\"EntryPoint\",\"urlTemplate\":\"https:\/\/www.urlaubcornwall.de\/blog\/?s={search_term_string}\"},\"query-input\":\"required name=search_term_string\"}],\"inLanguage\":\"en-US\"},{\"@type\":\"WebPage\",\"@id\":\"https:\/\/www.urlaubcornwall.de\/blog\/vista-restaurant-mit-meerblick-mullion-lizard-halbinsel\/\",\"url\":\"https:\/\/www.urlaubcornwall.de\/blog\/vista-restaurant-mit-meerblick-mullion-lizard-halbinsel\/\",\"name\":\"Vista Restaurant mit Meerblick Mullion, Lizard-Halbinsel - Urlaub &amp; Reisen\",\"isPartOf\":{\"@id\":\"https:\/\/www.urlaubcornwall.de\/blog\/#website\"},\"datePublished\":\"2014-03-17T13:03:14+00:00\",\"dateModified\":\"2018-08-22T15:33:38+00:00\",\"breadcrumb\":{\"@id\":\"https:\/\/www.urlaubcornwall.de\/blog\/vista-restaurant-mit-meerblick-mullion-lizard-halbinsel\/#breadcrumb\"},\"inLanguage\":\"en-US\",\"potentialAction\":[{\"@type\":\"ReadAction\",\"target\":[\"https:\/\/www.urlaubcornwall.de\/blog\/vista-restaurant-mit-meerblick-mullion-lizard-halbinsel\/\"]}]},{\"@type\":\"BreadcrumbList\",\"@id\":\"https:\/\/www.urlaubcornwall.de\/blog\/vista-restaurant-mit-meerblick-mullion-lizard-halbinsel\/#breadcrumb\",\"itemListElement\":[{\"@type\":\"ListItem\",\"position\":1,\"name\":\"Home\",\"item\":\"https:\/\/www.urlaubcornwall.de\/blog\/\"},{\"@type\":\"ListItem\",\"position\":2,\"name\":\"Vista Restaurant mit Meerblick Mullion, Lizard-Halbinsel\"}]}]}<\/script>\n<!-- \/ Yoast SEO plugin. -->","yoast_head_json":{"title":"Vista Restaurant mit Meerblick Mullion, Lizard-Halbinsel - Urlaub &amp; Reisen","robots":{"index":"index","follow":"follow","max-snippet":"max-snippet:-1","max-image-preview":"max-image-preview:large","max-video-preview":"max-video-preview:-1"},"canonical":"https:\/\/www.urlaubcornwall.de\/blog\/vista-restaurant-mit-meerblick-mullion-lizard-halbinsel\/","og_locale":"en_US","og_type":"article","og_title":"Vista Restaurant mit Meerblick Mullion, Lizard-Halbinsel - Urlaub &amp; Reisen","og_description":"Die Vista Lounge im Polurrian Bay Hotel in Mullion auf der Lizard Halbinsel hat eine der atemberaubendsten Meeresblicke in Cornwall \u00fcberhaupt mit einer 180 Grad Panoramasicht der K\u00fcste und des Meeres. W\u00e4hrend des Tages k\u00f6nnen Sie entspannt und informell speisen und die besten lokal gefangenen Meeresfr\u00fcchte und frische Produkte genie\u00dfen, die Cornwall zu bieten hat. [&hellip;]","og_url":"https:\/\/www.urlaubcornwall.de\/blog\/vista-restaurant-mit-meerblick-mullion-lizard-halbinsel\/","og_site_name":"Urlaub &amp; Reisen","article_modified_time":"2018-08-22T15:33:38+00:00","twitter_card":"summary","twitter_misc":{"Est. reading time":"2 minutes"},"schema":{"@context":"https:\/\/schema.org","@graph":[{"@type":"WebSite","@id":"https:\/\/www.urlaubcornwall.de\/blog\/#website","url":"https:\/\/www.urlaubcornwall.de\/blog\/","name":"Urlaub &amp; Reisen","description":"Urlaub, Reisen, Cornwall und S\u00fcdengland: eine perfekte Kombination","potentialAction":[{"@type":"SearchAction","target":{"@type":"EntryPoint","urlTemplate":"https:\/\/www.urlaubcornwall.de\/blog\/?s={search_term_string}"},"query-input":"required name=search_term_string"}],"inLanguage":"en-US"},{"@type":"WebPage","@id":"https:\/\/www.urlaubcornwall.de\/blog\/vista-restaurant-mit-meerblick-mullion-lizard-halbinsel\/","url":"https:\/\/www.urlaubcornwall.de\/blog\/vista-restaurant-mit-meerblick-mullion-lizard-halbinsel\/","name":"Vista Restaurant mit Meerblick Mullion, Lizard-Halbinsel - Urlaub &amp; Reisen","isPartOf":{"@id":"https:\/\/www.urlaubcornwall.de\/blog\/#website"},"datePublished":"2014-03-17T13:03:14+00:00","dateModified":"2018-08-22T15:33:38+00:00","breadcrumb":{"@id":"https:\/\/www.urlaubcornwall.de\/blog\/vista-restaurant-mit-meerblick-mullion-lizard-halbinsel\/#breadcrumb"},"inLanguage":"en-US","potentialAction":[{"@type":"ReadAction","target":["https:\/\/www.urlaubcornwall.de\/blog\/vista-restaurant-mit-meerblick-mullion-lizard-halbinsel\/"]}]},{"@type":"BreadcrumbList","@id":"https:\/\/www.urlaubcornwall.de\/blog\/vista-restaurant-mit-meerblick-mullion-lizard-halbinsel\/#breadcrumb","itemListElement":[{"@type":"ListItem","position":1,"name":"Home","item":"https:\/\/www.urlaubcornwall.de\/blog\/"},{"@type":"ListItem","position":2,"name":"Vista Restaurant mit Meerblick Mullion, Lizard-Halbinsel"}]}]}},"_links":{"self":[{"href":"https:\/\/www.urlaubcornwall.de\/blog\/wp-json\/wp\/v2\/pages\/13923"}],"collection":[{"href":"https:\/\/www.urlaubcornwall.de\/blog\/wp-json\/wp\/v2\/pages"}],"about":[{"href":"https:\/\/www.urlaubcornwall.de\/blog\/wp-json\/wp\/v2\/types\/page"}],"author":[{"embeddable":true,"href":"https:\/\/www.urlaubcornwall.de\/blog\/wp-json\/wp\/v2\/users\/1"}],"replies":[{"embeddable":true,"href":"https:\/\/www.urlaubcornwall.de\/blog\/wp-json\/wp\/v2\/comments?post=13923"}],"version-history":[{"count":14,"href":"https:\/\/www.urlaubcornwall.de\/blog\/wp-json\/wp\/v2\/pages\/13923\/revisions"}],"predecessor-version":[{"id":34171,"href":"https:\/\/www.urlaubcornwall.de\/blog\/wp-json\/wp\/v2\/pages\/13923\/revisions\/34171"}],"wp:attachment":[{"href":"https:\/\/www.urlaubcornwall.de\/blog\/wp-json\/wp\/v2\/media?parent=13923"}],"curies":[{"name":"wp","href":"https:\/\/api.w.org\/{rel}","templated":true}]}}