{"id":13817,"date":"2014-03-16T14:17:33","date_gmt":"2014-03-16T14:17:33","guid":{"rendered":"https:\/\/www.urlaubcornwall.de\/blog\/?page_id=13817"},"modified":"2024-05-28T16:16:11","modified_gmt":"2024-05-28T16:16:11","slug":"ferienhaeuser-und-ferienwohnungen-in-lewes-suedost-england","status":"publish","type":"page","link":"https:\/\/www.urlaubcornwall.de\/blog\/ferienhaeuser-und-ferienwohnungen-in-lewes-suedost-england\/","title":{"rendered":"Ferienh\u00e4user &#038; Ferienwohnungen in Lewes, S\u00fcdost-England"},"content":{"rendered":"<div id=\"attachment_34377\" style=\"width: 756px\" class=\"wp-caption alignnone\"><a href=\"https:\/\/www.urlaubcornwall.de\/blog\/wp-content\/uploads\/2018\/09\/Herbstgarten-S\u00fcdengland-Sheffield-Park-Sussex.jpg\"><img aria-describedby=\"caption-attachment-34377\" loading=\"lazy\" src=\"https:\/\/www.urlaubcornwall.de\/blog\/wp-content\/uploads\/2018\/09\/Herbstgarten-S\u00fcdengland-Sheffield-Park-Sussex.jpg\" alt=\"Herbstgarten S\u00fcdengland Sheffield Park Sussex\" width=\"746\" height=\"598\" class=\"size-full wp-image-34377\" srcset=\"https:\/\/www.urlaubcornwall.de\/blog\/wp-content\/uploads\/2018\/09\/Herbstgarten-S\u00fcdengland-Sheffield-Park-Sussex.jpg 746w, https:\/\/www.urlaubcornwall.de\/blog\/wp-content\/uploads\/2018\/09\/Herbstgarten-S\u00fcdengland-Sheffield-Park-Sussex-300x240.jpg 300w\" sizes=\"(max-width: 746px) 100vw, 746px\" \/><\/a><p id=\"caption-attachment-34377\" class=\"wp-caption-text\">Herbstgarten in S\u00fcdengland  &#8211; Sheffield Park, Sussex<\/p><\/div>\n<h1 style=\"text-align: center;\"><strong>Bei uns finden Sie Ferienh\u00e4user in Lewes zum Verlieben &#8211; so einfach ist das!<\/strong><\/h1>\n<p style=\"text-align: center;\">UrlaubCornwall.de hat eine einzigartige Sammlung pers\u00f6nlich inspizierter Ferienh\u00e4user und Ferienwohnungen in Sussex,&nbsp;f\u00fcr Ihren Urlaub in <a href=\"https:\/\/www.urlaubcornwall.de\/ferienhaueser\/suedengland.php\">S\u00fcdengland<\/a> und nun auch im gesamten Gro\u00dfbritannien.<\/p>\n<p style=\"text-align: center;\"><a class=\"tidycta\" href=\"https:\/\/www.urlaubcornwall.de\/ferienhaeuser\/sussex.php\">Suche Ferienh\u00e4user Sussex<\/a><\/p>\n<table>\n<tbody>\n<tr>\n<td><img loading=\"lazy\" class=\"aligncenter size-full wp-image-7090\" style=\"border: 0pt none; padding: 0px;\" src=\" https:\/\/www.urlaubcornwall.de\/blog\/wp-content\/uploads\/2014\/03\/Beacon-Cottage.jpg\" alt=\"Moderne Ferienhaus Ditchling \" height=\"98\" width=\"148\"\/><\/td>\n<td><strong><\/strong><strong>Beacon Cottage<\/strong> , Sussex Downs\n<h3>&nbsp;<\/h3>\n<p>1 Schlafzimmer , Schlafplatz f\u00fcr 2 , leider keine Haustiere erlaubt , Ferienhaus Ditchling 7 Kilometer von Brighton , West Sussex.<\/p>\n<h3>&nbsp;<\/h3>\n<p>Preisepanne \u00a3360-\u00a3485<\/p><\/td>\n<\/tr>\n<\/tbody>\n<\/table>\n<table>\n<tbody>\n<tr>\n<td><img loading=\"lazy\" class=\"aligncenter size-full wp-image-7090\" style=\"border: 0pt none; padding: 0px;\" src=\" https:\/\/www.urlaubcornwall.de\/blog\/wp-content\/uploads\/2014\/03\/The-Cottage-at-Tovey-Lodge.jpg \" alt=\" \" height=\"98\" width=\"148\"\/><\/td>\n<td><strong><\/strong><strong>The Cottage at Tovey Lodge <\/strong> , Sussex Downs\n<h3>&nbsp;<\/h3>\n<p>1 Schlafzimmer , Schlafplatz f\u00fcr 2 , hundefreundlich , Ferienhaus Ditchling 7 Kilometer NO von Lewes , East Sussex.<\/p>\n<h3>&nbsp;<\/h3>\n<p>Preisepanne \u00a3345-\u00a3545<\/p><\/td>\n<\/tr>\n<\/tbody>\n<\/table>\n<table>\n<tbody>\n<tr>\n<td><img loading=\"lazy\" class=\"aligncenter size-full wp-image-7090\" style=\"border: 0pt none; padding: 0px;\" src=\" https:\/\/www.urlaubcornwall.de\/blog\/wp-content\/uploads\/2014\/03\/Priors-Barn.jpg\" alt=\"Ferienhaus uckfield\" height=\"98\" width=\"148\"\/><\/td>\n<td><strong><\/strong><strong>Priors Barn <\/strong> Sussex Weald\n<h3>&nbsp;<\/h3>\n<p>1 Schlafzimmer , Schlafplatz f\u00fcr 2 , hundefreundlich , Ferienhaus Underhill 3 Kilometer von Uckfield , East Sussex.<\/p>\n<h3>&nbsp;<\/h3>\n<p>Preisepanne \u00a3415-\u00a3595<\/p><\/td>\n<\/tr>\n<\/tbody>\n<\/table>\n<table>\n<tbody>\n<tr>\n<td><img loading=\"lazy\" class=\"aligncenter size-full wp-image-7090\" style=\"border: 0pt none; padding: 0px;\" src=\" https:\/\/www.urlaubcornwall.de\/blog\/wp-content\/uploads\/2014\/03\/Skansen.jpg\" alt=\"Ferienhaus naehe east grinstead\" height=\"98\" width=\"148\"\/><\/td>\n<td><strong><\/strong><strong>Skansen <\/strong> , Sussex Weald\n<h3>&nbsp;<\/h3>\n<p>1 Schlafzimmer , Schlafplatz f\u00fcr 2 , leider keine Haustiere erlaubt , Ferienhaus mit Pool Newick 5.5 Kilometer von Haywards Heath , East Sussex.<\/p>\n<h3>&nbsp;<\/h3>\n<p>Preisepanne \u00a3240-\u00a3395<\/p><\/td>\n<\/tr>\n<\/tbody>\n<\/table>\n<table>\n<tbody>\n<tr>\n<td><img loading=\"lazy\" class=\"aligncenter size-full wp-image-7090\" style=\"border: 0pt none; padding: 0px;\" src=\" https:\/\/www.urlaubcornwall.de\/blog\/wp-content\/uploads\/2014\/03\/The-Hayloft.jpg\" alt=\" \" height=\"98\" width=\"148\"\/><\/td>\n<td><strong><\/strong><strong>The Hayloft<\/strong> , South Downs\n<h3>&nbsp;<\/h3>\n<p>2 Schlafzimmer , Schlafplatz f\u00fcr 4 , leider keine Haustiere erlaubt , Ferienhaus South Chailey 5.5 Kilometer von Lewes , Sussex.<\/p>\n<h3>&nbsp;<\/h3>\n<p>Preisepanne \u00a3370-\u00a3660<\/p><\/td>\n<\/tr>\n<\/tbody>\n<\/table>\n<table>\n<tbody>\n<tr>\n<td><img loading=\"lazy\" class=\"aligncenter size-full wp-image-7090\" style=\"border: 0pt none; padding: 0px;\" src=\" https:\/\/www.urlaubcornwall.de\/blog\/wp-content\/uploads\/2014\/03\/Honeysuckle-Cottage1.jpg \" alt=\"landhaus sussex\" height=\"98\" width=\"148\"\/><\/td>\n<td><strong><\/strong><strong>Honeysuckle Cottage<\/strong> , Sussex Weald\n<h3>&nbsp;<\/h3>\n<p>2 Schlafzimmer , Schlafplatz f\u00fcr 4 , leider keine Haustiere erlaubt , Ferienhaus Golden Cross 5.5 Kilometer von Hailsham , Sussex.<\/p>\n<h3>&nbsp;<\/h3>\n<p>Preisepanne \u00a3395-\u00a3635<\/p><\/td>\n<\/tr>\n<\/tbody>\n<\/table>\n<table>\n<tbody>\n<tr>\n<td><img loading=\"lazy\" class=\"aligncenter size-full wp-image-7090\" style=\"border: 0pt none; padding: 0px;\" src=\" https:\/\/www.urlaubcornwall.de\/blog\/wp-content\/uploads\/2014\/03\/Paines-Oast-Cottage.jpg \" alt=\" oast cottage \" height=\"98\" width=\"148\"\/><\/td>\n<td><strong><\/strong><strong>Paines Oast Cottage<\/strong> Sussex Weald\n<h3>&nbsp;<\/h3>\n<p>2 Schlafzimmer , Schlafplatz f\u00fcr 4 , hundefreundlich , Ferienhaus East Hoathly 8.5 Kilometer von Lewes , East Sussex .<\/p>\n<h3>&nbsp;<\/h3>\n<p>Preisepanne \u00a3450-\u00a3725<\/p><\/td>\n<\/tr>\n<\/tbody>\n<\/table>\n<table>\n<tbody>\n<tr>\n<td><img loading=\"lazy\" class=\"aligncenter size-full wp-image-7090\" style=\"border: 0pt none; padding: 0px;\" src=\" https:\/\/www.urlaubcornwall.de\/blog\/wp-content\/uploads\/2014\/03\/Oakhurst-Granary.jpg\" alt=\" Ferienhaus heathfield \" height=\"98\" width=\"148\"\/><\/td>\n<td><strong><\/strong><strong>Oakhurst Granary <\/strong> , Sussex Weald\n<h3>&nbsp;<\/h3>\n<p>3 Schlafzimmer , Schlafplatz f\u00fcr 6 , hundefreundlich , Ferienhaus Horam 5 Kilometer von Heathfield , East Sussex.<\/p>\n<h3>&nbsp;<\/h3>\n<p>Preisepanne \u00a3595-\u00a3950<\/p><\/td>\n<\/tr>\n<\/tbody>\n<\/table>\n<table>\n<tbody>\n<tr>\n<td><img loading=\"lazy\" class=\"aligncenter size-full wp-image-7090\" style=\"border: 0pt none; padding: 0px;\" src=\" https:\/\/www.urlaubcornwall.de\/blog\/wp-content\/uploads\/2014\/03\/Sea-View.jpg \" alt=\"Ferienhaus rottingdean\" height=\"98\" width=\"148\"\/><\/td>\n<td><strong><\/strong><strong>Meerblick <\/strong> , Sussex K\u00fcste\n<h3>&nbsp;<\/h3>\n<p>3 Schlafzimmer , Schlafplatz f\u00fcr 6 , leider keine Haustiere erlaubt , Ferienhaus Rottingdean am Meer 3 Kilometer von Brighton , Sussex .<\/p>\n<h3>&nbsp;<\/h3>\n<p>Preisepanne \u00a3800-\u00a31250<\/p><\/td>\n<\/tr>\n<\/tbody>\n<\/table>\n<table>\n<tbody>\n<tr>\n<td><img loading=\"lazy\" class=\"aligncenter size-full wp-image-7090\" style=\"border: 0pt none; padding: 0px;\" src=\" https:\/\/www.urlaubcornwall.de\/blog\/wp-content\/uploads\/2014\/03\/Mount-Noddy.jpg\" alt=\"luxus Ferienhaus east grinstead\" height=\"98\" width=\"148\"\/><\/td>\n<td><strong><\/strong><strong>Mount Noddy <\/strong> , Sussex Weald\n<h3>&nbsp;<\/h3>\n<p>6 Schlafzimmer , Schlafplatz f\u00fcr 12 , leider keine Haustiere erlaubt , Luxus Ferienhaus Danehill , 7 Kilometer von East Grinstead , East Sussex .<\/p>\n<h3>&nbsp;<\/h3>\n<p>Preisepanne \u00a33400-\u00a34200<\/p><\/td>\n<\/tr>\n<\/tbody>\n<\/table>\n<p>W\u00e4hlen Sie aus \u00fcber 150 pers\u00f6nlich inspizierten Ferienh\u00e4usern, Cottages &amp; Ferienwohnungen in <a href=\"https:\/\/www.urlaubcornwall.de\/ferienhaeuser\/suedengland.php\">Kent, Sussex und S\u00fcdostengland<\/a>. Unterk\u00fcnfte der Spitzenklasse f\u00fcr 2 Personen, Familien und Gruppen mit 4, 6, 8, 10 oder 12 G\u00e4sten.<\/p>\n\n","protected":false},"excerpt":{"rendered":"<p>Bei uns finden Sie Ferienh\u00e4user in Lewes zum Verlieben &#8211; so einfach ist das! UrlaubCornwall.de hat eine einzigartige Sammlung pers\u00f6nlich inspizierter Ferienh\u00e4user und Ferienwohnungen in Sussex,&nbsp;f\u00fcr Ihren Urlaub in S\u00fcdengland und nun auch im gesamten Gro\u00dfbritannien. Suche Ferienh\u00e4user Sussex Beacon Cottage , Sussex Downs &nbsp; 1 Schlafzimmer , Schlafplatz f\u00fcr 2 , leider keine Haustiere [&hellip;]<\/p>\n","protected":false},"author":1,"featured_media":0,"parent":0,"menu_order":0,"comment_status":"closed","ping_status":"closed","template":"single-four.php","meta":[],"acf":[],"yoast_head":"<!-- This site is optimized with the Yoast SEO plugin v19.4 - https:\/\/yoast.com\/wordpress\/plugins\/seo\/ -->\n<title>Ferienh\u00e4user &amp; Ferienwohnungen in Lewes, S\u00fcdost-England - Urlaub &amp; Reisen<\/title>\n<meta name=\"robots\" content=\"index, follow, max-snippet:-1, max-image-preview:large, max-video-preview:-1\" \/>\n<link rel=\"canonical\" href=\"https:\/\/www.urlaubcornwall.de\/blog\/ferienhaeuser-und-ferienwohnungen-in-lewes-suedost-england\/\" \/>\n<meta property=\"og:locale\" content=\"en_US\" \/>\n<meta property=\"og:type\" content=\"article\" \/>\n<meta property=\"og:title\" content=\"Ferienh\u00e4user &amp; Ferienwohnungen in Lewes, S\u00fcdost-England - Urlaub &amp; Reisen\" \/>\n<meta property=\"og:description\" content=\"Bei uns finden Sie Ferienh\u00e4user in Lewes zum Verlieben &#8211; so einfach ist das! UrlaubCornwall.de hat eine einzigartige Sammlung pers\u00f6nlich inspizierter Ferienh\u00e4user und Ferienwohnungen in Sussex,&nbsp;f\u00fcr Ihren Urlaub in S\u00fcdengland und nun auch im gesamten Gro\u00dfbritannien. Suche Ferienh\u00e4user Sussex Beacon Cottage , Sussex Downs &nbsp; 1 Schlafzimmer , Schlafplatz f\u00fcr 2 , leider keine Haustiere [&hellip;]\" \/>\n<meta property=\"og:url\" content=\"https:\/\/www.urlaubcornwall.de\/blog\/ferienhaeuser-und-ferienwohnungen-in-lewes-suedost-england\/\" \/>\n<meta property=\"og:site_name\" content=\"Urlaub &amp; Reisen\" \/>\n<meta property=\"article:modified_time\" content=\"2024-05-28T16:16:11+00:00\" \/>\n<meta name=\"twitter:card\" content=\"summary\" \/>\n<meta name=\"twitter:label1\" content=\"Est. reading time\" \/>\n\t<meta name=\"twitter:data1\" content=\"4 minutes\" \/>\n<script type=\"application\/ld+json\" class=\"yoast-schema-graph\">{\"@context\":\"https:\/\/schema.org\",\"@graph\":[{\"@type\":\"WebSite\",\"@id\":\"https:\/\/www.urlaubcornwall.de\/blog\/#website\",\"url\":\"https:\/\/www.urlaubcornwall.de\/blog\/\",\"name\":\"Urlaub &amp; Reisen\",\"description\":\"Urlaub, Reisen, Cornwall und S\u00fcdengland: eine perfekte Kombination\",\"potentialAction\":[{\"@type\":\"SearchAction\",\"target\":{\"@type\":\"EntryPoint\",\"urlTemplate\":\"https:\/\/www.urlaubcornwall.de\/blog\/?s={search_term_string}\"},\"query-input\":\"required name=search_term_string\"}],\"inLanguage\":\"en-US\"},{\"@type\":\"WebPage\",\"@id\":\"https:\/\/www.urlaubcornwall.de\/blog\/ferienhaeuser-und-ferienwohnungen-in-lewes-suedost-england\/\",\"url\":\"https:\/\/www.urlaubcornwall.de\/blog\/ferienhaeuser-und-ferienwohnungen-in-lewes-suedost-england\/\",\"name\":\"Ferienh\u00e4user & Ferienwohnungen in Lewes, S\u00fcdost-England - Urlaub &amp; Reisen\",\"isPartOf\":{\"@id\":\"https:\/\/www.urlaubcornwall.de\/blog\/#website\"},\"datePublished\":\"2014-03-16T14:17:33+00:00\",\"dateModified\":\"2024-05-28T16:16:11+00:00\",\"breadcrumb\":{\"@id\":\"https:\/\/www.urlaubcornwall.de\/blog\/ferienhaeuser-und-ferienwohnungen-in-lewes-suedost-england\/#breadcrumb\"},\"inLanguage\":\"en-US\",\"potentialAction\":[{\"@type\":\"ReadAction\",\"target\":[\"https:\/\/www.urlaubcornwall.de\/blog\/ferienhaeuser-und-ferienwohnungen-in-lewes-suedost-england\/\"]}]},{\"@type\":\"BreadcrumbList\",\"@id\":\"https:\/\/www.urlaubcornwall.de\/blog\/ferienhaeuser-und-ferienwohnungen-in-lewes-suedost-england\/#breadcrumb\",\"itemListElement\":[{\"@type\":\"ListItem\",\"position\":1,\"name\":\"Home\",\"item\":\"https:\/\/www.urlaubcornwall.de\/blog\/\"},{\"@type\":\"ListItem\",\"position\":2,\"name\":\"Ferienh\u00e4user &#038; Ferienwohnungen in Lewes, S\u00fcdost-England\"}]}]}<\/script>\n<!-- \/ Yoast SEO plugin. -->","yoast_head_json":{"title":"Ferienh\u00e4user & Ferienwohnungen in Lewes, S\u00fcdost-England - Urlaub &amp; Reisen","robots":{"index":"index","follow":"follow","max-snippet":"max-snippet:-1","max-image-preview":"max-image-preview:large","max-video-preview":"max-video-preview:-1"},"canonical":"https:\/\/www.urlaubcornwall.de\/blog\/ferienhaeuser-und-ferienwohnungen-in-lewes-suedost-england\/","og_locale":"en_US","og_type":"article","og_title":"Ferienh\u00e4user & Ferienwohnungen in Lewes, S\u00fcdost-England - Urlaub &amp; Reisen","og_description":"Bei uns finden Sie Ferienh\u00e4user in Lewes zum Verlieben &#8211; so einfach ist das! UrlaubCornwall.de hat eine einzigartige Sammlung pers\u00f6nlich inspizierter Ferienh\u00e4user und Ferienwohnungen in Sussex,&nbsp;f\u00fcr Ihren Urlaub in S\u00fcdengland und nun auch im gesamten Gro\u00dfbritannien. Suche Ferienh\u00e4user Sussex Beacon Cottage , Sussex Downs &nbsp; 1 Schlafzimmer , Schlafplatz f\u00fcr 2 , leider keine Haustiere [&hellip;]","og_url":"https:\/\/www.urlaubcornwall.de\/blog\/ferienhaeuser-und-ferienwohnungen-in-lewes-suedost-england\/","og_site_name":"Urlaub &amp; Reisen","article_modified_time":"2024-05-28T16:16:11+00:00","twitter_card":"summary","twitter_misc":{"Est. reading time":"4 minutes"},"schema":{"@context":"https:\/\/schema.org","@graph":[{"@type":"WebSite","@id":"https:\/\/www.urlaubcornwall.de\/blog\/#website","url":"https:\/\/www.urlaubcornwall.de\/blog\/","name":"Urlaub &amp; Reisen","description":"Urlaub, Reisen, Cornwall und S\u00fcdengland: eine perfekte Kombination","potentialAction":[{"@type":"SearchAction","target":{"@type":"EntryPoint","urlTemplate":"https:\/\/www.urlaubcornwall.de\/blog\/?s={search_term_string}"},"query-input":"required name=search_term_string"}],"inLanguage":"en-US"},{"@type":"WebPage","@id":"https:\/\/www.urlaubcornwall.de\/blog\/ferienhaeuser-und-ferienwohnungen-in-lewes-suedost-england\/","url":"https:\/\/www.urlaubcornwall.de\/blog\/ferienhaeuser-und-ferienwohnungen-in-lewes-suedost-england\/","name":"Ferienh\u00e4user & Ferienwohnungen in Lewes, S\u00fcdost-England - Urlaub &amp; Reisen","isPartOf":{"@id":"https:\/\/www.urlaubcornwall.de\/blog\/#website"},"datePublished":"2014-03-16T14:17:33+00:00","dateModified":"2024-05-28T16:16:11+00:00","breadcrumb":{"@id":"https:\/\/www.urlaubcornwall.de\/blog\/ferienhaeuser-und-ferienwohnungen-in-lewes-suedost-england\/#breadcrumb"},"inLanguage":"en-US","potentialAction":[{"@type":"ReadAction","target":["https:\/\/www.urlaubcornwall.de\/blog\/ferienhaeuser-und-ferienwohnungen-in-lewes-suedost-england\/"]}]},{"@type":"BreadcrumbList","@id":"https:\/\/www.urlaubcornwall.de\/blog\/ferienhaeuser-und-ferienwohnungen-in-lewes-suedost-england\/#breadcrumb","itemListElement":[{"@type":"ListItem","position":1,"name":"Home","item":"https:\/\/www.urlaubcornwall.de\/blog\/"},{"@type":"ListItem","position":2,"name":"Ferienh\u00e4user &#038; Ferienwohnungen in Lewes, S\u00fcdost-England"}]}]}},"_links":{"self":[{"href":"https:\/\/www.urlaubcornwall.de\/blog\/wp-json\/wp\/v2\/pages\/13817"}],"collection":[{"href":"https:\/\/www.urlaubcornwall.de\/blog\/wp-json\/wp\/v2\/pages"}],"about":[{"href":"https:\/\/www.urlaubcornwall.de\/blog\/wp-json\/wp\/v2\/types\/page"}],"author":[{"embeddable":true,"href":"https:\/\/www.urlaubcornwall.de\/blog\/wp-json\/wp\/v2\/users\/1"}],"replies":[{"embeddable":true,"href":"https:\/\/www.urlaubcornwall.de\/blog\/wp-json\/wp\/v2\/comments?post=13817"}],"version-history":[{"count":15,"href":"https:\/\/www.urlaubcornwall.de\/blog\/wp-json\/wp\/v2\/pages\/13817\/revisions"}],"predecessor-version":[{"id":50513,"href":"https:\/\/www.urlaubcornwall.de\/blog\/wp-json\/wp\/v2\/pages\/13817\/revisions\/50513"}],"wp:attachment":[{"href":"https:\/\/www.urlaubcornwall.de\/blog\/wp-json\/wp\/v2\/media?parent=13817"}],"curies":[{"name":"wp","href":"https:\/\/api.w.org\/{rel}","templated":true}]}}