{"id":13765,"date":"2014-03-15T16:30:45","date_gmt":"2014-03-15T16:30:45","guid":{"rendered":"https:\/\/www.urlaubcornwall.de\/blog\/?page_id=13765"},"modified":"2024-04-04T10:04:58","modified_gmt":"2024-04-04T10:04:58","slug":"ferienhaeuser-und-ferienwohnungen-in-arundel","status":"publish","type":"page","link":"https:\/\/www.urlaubcornwall.de\/blog\/ferienhaeuser-und-ferienwohnungen-in-arundel\/","title":{"rendered":"Ferienh\u00e4user &#038; Ferienwohnungen in Arundel"},"content":{"rendered":"<p><a href=\"https:\/\/www.urlaubcornwall.de\/blog\/wp-content\/uploads\/2024\/03\/arundel-schloss-rotated.jpg\"><img loading=\"lazy\" src=\"https:\/\/www.urlaubcornwall.de\/blog\/wp-content\/uploads\/2024\/03\/arundel-schloss-rotated.jpg\" alt=\"arundel schloss\" width=\"750\" height=\"563\" class=\"alignnone size-full wp-image-48095\" srcset=\"https:\/\/www.urlaubcornwall.de\/blog\/wp-content\/uploads\/2024\/03\/arundel-schloss-rotated.jpg 750w, https:\/\/www.urlaubcornwall.de\/blog\/wp-content\/uploads\/2024\/03\/arundel-schloss-300x225.jpg 300w\" sizes=\"(max-width: 750px) 100vw, 750px\" \/><\/a><\/p>\n<h1 style=\"text-align: center;\"><strong>Bei uns finden Sie Ferienh\u00e4user in Arundel zum Verlieben &#8211; so einfach ist das!<\/strong><\/h1>\n<p style=\"text-align: center;\">UrlaubCornwall.de hat eine einzigartige Sammlung pers\u00f6nlich inspizierter Ferienh\u00e4user und in Sussex,&nbsp;f\u00fcr Ihren Urlaub in <a href=\"https:\/\/www.urlaubcornwall.de\/ferienhaueser\/suedengland.php\">S\u00fcdengland<\/a> und nun auch im gesamten Gro\u00dfbritannien.<\/p>\n<p style=\"text-align: center;\"><a class=\"tidycta\" href=\"https:\/\/www.urlaubcornwall.de\/ferienhaeuser\/sussex.php\">Suche Ferienh\u00e4user Sussex<\/a><\/p>\n<table>\n<tbody>\n<tr>\n<td><img loading=\"lazy\" class=\"aligncenter size-full wp-image-7090\" style=\"border: 0pt none; padding: 0px;\" src=\" https:\/\/www.urlaubcornwall.de\/blog\/wp-content\/uploads\/2014\/03\/Calceto.jpg\" alt=\"Moderne Ferienhaus Arundel \" height=\"98\" width=\"148\"\/><\/td>\n<td><strong><\/strong><strong>Calceto<\/strong> , Sussex K\u00fcste\n<h3>&nbsp;<\/h3>\n<p>1 Schlafzimmer , Schlafplatz f\u00fcr 2 , leider keine Haustiere erlaubt , Ferienhaus Arundel 8 Kilometer von Worthing , West Sussex.<br \/>\nPreisepanne \u00a3360-\u00a3610<\/p><\/td>\n<\/tr>\n<\/tbody>\n<\/table>\n<table>\n<tbody>\n<tr>\n<td><img loading=\"lazy\" class=\"aligncenter size-full wp-image-7090\" style=\"border: 0pt none; padding: 0px;\" src=\" https:\/\/www.urlaubcornwall.de\/blog\/wp-content\/uploads\/2014\/03\/Ferrymans-Rest.jpg \" alt=\" \" height=\"98\" width=\"148\"\/><\/td>\n<td><strong><\/strong><strong>The Ferryman\u2019s Rest <\/strong> , Sussex Downs\n<h3>&nbsp;<\/h3>\n<p>1 Schlafzimmer , Schlafplatz f\u00fcr 2 , leider keine Haustiere erlaubt , Ferienhaus Bury 5.5 Kilometer von Arundel , Sussex.<br \/>\nPreisepanne \u00a3315-\u00a3420<\/p><\/td>\n<\/tr>\n<\/tbody>\n<\/table>\n<table>\n<tbody>\n<tr>\n<td><img loading=\"lazy\" class=\"aligncenter size-full wp-image-7090\" style=\"border: 0pt none; padding: 0px;\" src=\" https:\/\/www.urlaubcornwall.de\/blog\/wp-content\/uploads\/2014\/03\/The-Sail-Loft.jpg\" alt=\"Ferienhaus Arundel fuer 2\" height=\"98\" width=\"148\"\/><\/td>\n<td><strong><\/strong><strong>The Sail Loft <\/strong> Sussex Downs\n<h3>&nbsp;<\/h3>\n<p>1 Schlafzimmer , Schlafplatz f\u00fcr 2 , leider keine Haustiere erlaubt , Ferienhaus Arundel 8 Kilometer von Worthing , Sussex.<br \/>\nPreisepanne \u00a3350-\u00a3360<\/p><\/td>\n<\/tr>\n<\/tbody>\n<\/table>\n<table>\n<tbody>\n<tr>\n<td><img loading=\"lazy\" class=\"aligncenter size-full wp-image-7090\" style=\"border: 0pt none; padding: 0px;\" src=\" https:\/\/www.urlaubcornwall.de\/blog\/wp-content\/uploads\/2014\/03\/The-Swimming-Pool-Retreat2.jpg\" alt=\"Ferienhaus Arundel fuer 2\" height=\"98\" width=\"148\"\/><\/td>\n<td><strong><\/strong><strong>The Swimming Pool Retreat <\/strong> , Sussex Downs\n<h3>&nbsp;<\/h3>\n<p>1 Schlafzimmer , Schlafplatz f\u00fcr 2 , leider keine Haustiere erlaubt , Ferienhaus Slindon Woods 3 W Kilometer von Arundel , Sussex. Preisepanne \u00a3605-\u00a3730<\/p><\/td>\n<\/tr>\n<\/tbody>\n<\/table>\n<table>\n<tbody>\n<tr>\n<td><img loading=\"lazy\" class=\"aligncenter size-full wp-image-7090\" style=\"border: 0pt none; padding: 0px;\" src=\" https:\/\/www.urlaubcornwall.de\/blog\/wp-content\/uploads\/2014\/03\/Tarante.jpg\" alt=\" \" height=\"98\" width=\"148\"\/><\/td>\n<td><strong><\/strong><strong>Tarante <\/strong> , Sussex Downs\n<h3>&nbsp;<\/h3>\n<p>1 Schlafzimmer , Schlafplatz f\u00fcr 2 , hundefreundlich , Ferienhaus Arundel 8 Kilometer von Petworth , Sussex. Preisepanne \u00a3315-\u00a3665<\/p><\/td>\n<\/tr>\n<\/tbody>\n<\/table>\n<table>\n<tbody>\n<tr>\n<td><img loading=\"lazy\" class=\"aligncenter size-full wp-image-7090\" style=\"border: 0pt none; padding: 0px;\" src=\" https:\/\/www.urlaubcornwall.de\/blog\/wp-content\/uploads\/2014\/03\/Rose-Cottage.jpg \" alt=\"cottage arundel\" height=\"98\" width=\"148\"\/><\/td>\n<td><strong><\/strong><strong>Rose Cottage<\/strong> , Sussex Downs\n<h3>&nbsp;<\/h3>\n<p>2 Schlafzimmer , Schlafplatz f\u00fcr 3 , hundefreundlich , Ferienhaus Arundel 8 Kilometer von Worthing , West Sussex. Preisepanne \u00a3330-\u00a3540<\/p><\/td>\n<\/tr>\n<\/tbody>\n<\/table>\n<table>\n<tbody>\n<tr>\n<td><img loading=\"lazy\" class=\"aligncenter size-full wp-image-7090\" style=\"border: 0pt none; padding: 0px;\" src=\" https:\/\/www.urlaubcornwall.de\/blog\/wp-content\/uploads\/2014\/03\/Cathedral-View.jpg\" alt=\"Ferienhaus Arundel fuer 2\" height=\"98\" width=\"148\"\/><\/td>\n<td><strong><\/strong><strong>Cathedral View ,<\/strong> Sussex Downs\n<h3>&nbsp;<\/h3>\n<p>2 Schlafzimmer , Schlafplatz f\u00fcr 4 , hundefreundlich, Ferienhaus Arundel 8 Kilometer von Worthing , Sussex . Preisepanne \u00a3390-\u00a3575<\/p><\/td>\n<\/tr>\n<\/tbody>\n<\/table>\n<table>\n<tbody>\n<tr>\n<td><img loading=\"lazy\" class=\"aligncenter size-full wp-image-7090\" style=\"border: 0pt none; padding: 0px;\" src=\" https:\/\/www.urlaubcornwall.de\/blog\/wp-content\/uploads\/2014\/03\/River-Cottage.jpg \" alt=\"cottage west sussex\" height=\"98\" width=\"148\"\/><\/td>\n<td><strong><\/strong><strong>River Cottage <\/strong> , Sussex Downs\n<h3>&nbsp;<\/h3>\n<p>2 Schlafzimmer , Schlafplatz f\u00fcr 4 , leider keine Haustiere erlaubt , Ferienhaus Arundel 8 Kilometer von Worthing , West Sussex. Preisepanne \u00a3495-\u00a3715<\/p><\/td>\n<\/tr>\n<\/tbody>\n<\/table>\n<table>\n<tbody>\n<tr>\n<td><img loading=\"lazy\" class=\"aligncenter size-full wp-image-7090\" style=\"border: 0pt none; padding: 0px;\" src=\" https:\/\/www.urlaubcornwall.de\/blog\/wp-content\/uploads\/2014\/03\/The-Stables.jpg \" alt=\"cottage sussex\" height=\"98\" width=\"148\"\/><\/td>\n<td><strong><\/strong><strong>The Stables<\/strong> , Sussex Downs\n<h3>&nbsp;<\/h3>\n<p>2 Schlafzimmer , Schlafplatz f\u00fcr 4 , leider keine Haustiere erlaubt , Ferienhaus Walberton 6 Kilometer von Arundel , West Sussex . Preisepanne \u00a3420-\u00a3745<\/p><\/td>\n<\/tr>\n<\/tbody>\n<\/table>\n<table>\n<tbody>\n<tr>\n<td><img loading=\"lazy\" class=\"aligncenter size-full wp-image-7090\" style=\"border: 0pt none; padding: 0px;\" src=\" https:\/\/www.urlaubcornwall.de\/blog\/wp-content\/uploads\/2014\/03\/Brewery-Cottage.jpg \" alt=\"feriencottage pulborough\" height=\"98\" width=\"148\"\/><\/td>\n<td><strong><\/strong><strong>Brewery Cottage <\/strong> Pulborough, Sussex Downs\n<h3>&nbsp;<\/h3>\n<p>3 Schlafzimmer , Schlafplatz f\u00fcr 6 , leider keine Haustiere erlaubt , Ferienhaus Arundel 8 Kilometer von Worthing , Sussex . Preisepanne \u00a3550-\u00a3965<\/p><\/td>\n<\/tr>\n<\/tbody>\n<\/table>\n<p><a href=\"https:\/\/www.urlaubcornwall.de\/blog\/ferienhaeuser-und-ferienwohnungen-in-arundel-2\/\"><span style=\"text-decoration: underline;\"><strong>16 Unterk\u00fcnfte auf 2 Seiten<\/strong><\/span><\/a><\/p>\n<p>W\u00e4hlen Sie aus \u00fcber <a href=\"https:\/\/www.urlaubcornwall.de\/ferienhaeuser\/suedengland.php\">1000 pers\u00f6nlich inspizierten Ferienh\u00e4usern, Cottages &amp; Ferienwohnungen<\/a> in Kent, Sussex und S\u00fcdostengland. Unterk\u00fcnfte der Spitzenklasse f\u00fcr 2 Personen, Familien und Gruppen mit 4, 6, 8, 10 oder 12 G\u00e4sten.<\/p>\n\n","protected":false},"excerpt":{"rendered":"<p>Bei uns finden Sie Ferienh\u00e4user in Arundel zum Verlieben &#8211; so einfach ist das! UrlaubCornwall.de hat eine einzigartige Sammlung pers\u00f6nlich inspizierter Ferienh\u00e4user und in Sussex,&nbsp;f\u00fcr Ihren Urlaub in S\u00fcdengland und nun auch im gesamten Gro\u00dfbritannien. Suche Ferienh\u00e4user Sussex Calceto , Sussex K\u00fcste &nbsp; 1 Schlafzimmer , Schlafplatz f\u00fcr 2 , leider keine Haustiere erlaubt , [&hellip;]<\/p>\n","protected":false},"author":1,"featured_media":0,"parent":0,"menu_order":0,"comment_status":"closed","ping_status":"closed","template":"single-four.php","meta":[],"acf":[],"yoast_head":"<!-- This site is optimized with the Yoast SEO plugin v19.4 - https:\/\/yoast.com\/wordpress\/plugins\/seo\/ -->\n<title>Ferienh\u00e4user &amp; Ferienwohnungen in Arundel - Urlaub &amp; Reisen<\/title>\n<meta name=\"robots\" content=\"index, follow, max-snippet:-1, max-image-preview:large, max-video-preview:-1\" \/>\n<link rel=\"canonical\" href=\"https:\/\/www.urlaubcornwall.de\/blog\/ferienhaeuser-und-ferienwohnungen-in-arundel\/\" \/>\n<meta property=\"og:locale\" content=\"en_US\" \/>\n<meta property=\"og:type\" content=\"article\" \/>\n<meta property=\"og:title\" content=\"Ferienh\u00e4user &amp; Ferienwohnungen in Arundel - Urlaub &amp; Reisen\" \/>\n<meta property=\"og:description\" content=\"Bei uns finden Sie Ferienh\u00e4user in Arundel zum Verlieben &#8211; so einfach ist das! UrlaubCornwall.de hat eine einzigartige Sammlung pers\u00f6nlich inspizierter Ferienh\u00e4user und in Sussex,&nbsp;f\u00fcr Ihren Urlaub in S\u00fcdengland und nun auch im gesamten Gro\u00dfbritannien. Suche Ferienh\u00e4user Sussex Calceto , Sussex K\u00fcste &nbsp; 1 Schlafzimmer , Schlafplatz f\u00fcr 2 , leider keine Haustiere erlaubt , [&hellip;]\" \/>\n<meta property=\"og:url\" content=\"https:\/\/www.urlaubcornwall.de\/blog\/ferienhaeuser-und-ferienwohnungen-in-arundel\/\" \/>\n<meta property=\"og:site_name\" content=\"Urlaub &amp; Reisen\" \/>\n<meta property=\"article:modified_time\" content=\"2024-04-04T10:04:58+00:00\" \/>\n<meta property=\"og:image\" content=\"https:\/\/www.urlaubcornwall.de\/blog\/wp-content\/uploads\/2024\/03\/arundel-schloss-rotated.jpg\" \/>\n<meta name=\"twitter:card\" content=\"summary\" \/>\n<meta name=\"twitter:label1\" content=\"Est. reading time\" \/>\n\t<meta name=\"twitter:data1\" content=\"4 minutes\" \/>\n<script type=\"application\/ld+json\" class=\"yoast-schema-graph\">{\"@context\":\"https:\/\/schema.org\",\"@graph\":[{\"@type\":\"WebSite\",\"@id\":\"https:\/\/www.urlaubcornwall.de\/blog\/#website\",\"url\":\"https:\/\/www.urlaubcornwall.de\/blog\/\",\"name\":\"Urlaub &amp; Reisen\",\"description\":\"Urlaub, Reisen, Cornwall und S\u00fcdengland: eine perfekte Kombination\",\"potentialAction\":[{\"@type\":\"SearchAction\",\"target\":{\"@type\":\"EntryPoint\",\"urlTemplate\":\"https:\/\/www.urlaubcornwall.de\/blog\/?s={search_term_string}\"},\"query-input\":\"required name=search_term_string\"}],\"inLanguage\":\"en-US\"},{\"@type\":\"WebPage\",\"@id\":\"https:\/\/www.urlaubcornwall.de\/blog\/ferienhaeuser-und-ferienwohnungen-in-arundel\/\",\"url\":\"https:\/\/www.urlaubcornwall.de\/blog\/ferienhaeuser-und-ferienwohnungen-in-arundel\/\",\"name\":\"Ferienh\u00e4user & Ferienwohnungen in Arundel - Urlaub &amp; Reisen\",\"isPartOf\":{\"@id\":\"https:\/\/www.urlaubcornwall.de\/blog\/#website\"},\"datePublished\":\"2014-03-15T16:30:45+00:00\",\"dateModified\":\"2024-04-04T10:04:58+00:00\",\"breadcrumb\":{\"@id\":\"https:\/\/www.urlaubcornwall.de\/blog\/ferienhaeuser-und-ferienwohnungen-in-arundel\/#breadcrumb\"},\"inLanguage\":\"en-US\",\"potentialAction\":[{\"@type\":\"ReadAction\",\"target\":[\"https:\/\/www.urlaubcornwall.de\/blog\/ferienhaeuser-und-ferienwohnungen-in-arundel\/\"]}]},{\"@type\":\"BreadcrumbList\",\"@id\":\"https:\/\/www.urlaubcornwall.de\/blog\/ferienhaeuser-und-ferienwohnungen-in-arundel\/#breadcrumb\",\"itemListElement\":[{\"@type\":\"ListItem\",\"position\":1,\"name\":\"Home\",\"item\":\"https:\/\/www.urlaubcornwall.de\/blog\/\"},{\"@type\":\"ListItem\",\"position\":2,\"name\":\"Ferienh\u00e4user &#038; Ferienwohnungen in Arundel\"}]}]}<\/script>\n<!-- \/ Yoast SEO plugin. -->","yoast_head_json":{"title":"Ferienh\u00e4user & Ferienwohnungen in Arundel - Urlaub &amp; Reisen","robots":{"index":"index","follow":"follow","max-snippet":"max-snippet:-1","max-image-preview":"max-image-preview:large","max-video-preview":"max-video-preview:-1"},"canonical":"https:\/\/www.urlaubcornwall.de\/blog\/ferienhaeuser-und-ferienwohnungen-in-arundel\/","og_locale":"en_US","og_type":"article","og_title":"Ferienh\u00e4user & Ferienwohnungen in Arundel - Urlaub &amp; Reisen","og_description":"Bei uns finden Sie Ferienh\u00e4user in Arundel zum Verlieben &#8211; so einfach ist das! UrlaubCornwall.de hat eine einzigartige Sammlung pers\u00f6nlich inspizierter Ferienh\u00e4user und in Sussex,&nbsp;f\u00fcr Ihren Urlaub in S\u00fcdengland und nun auch im gesamten Gro\u00dfbritannien. Suche Ferienh\u00e4user Sussex Calceto , Sussex K\u00fcste &nbsp; 1 Schlafzimmer , Schlafplatz f\u00fcr 2 , leider keine Haustiere erlaubt , [&hellip;]","og_url":"https:\/\/www.urlaubcornwall.de\/blog\/ferienhaeuser-und-ferienwohnungen-in-arundel\/","og_site_name":"Urlaub &amp; Reisen","article_modified_time":"2024-04-04T10:04:58+00:00","og_image":[{"url":"https:\/\/www.urlaubcornwall.de\/blog\/wp-content\/uploads\/2024\/03\/arundel-schloss-rotated.jpg"}],"twitter_card":"summary","twitter_misc":{"Est. reading time":"4 minutes"},"schema":{"@context":"https:\/\/schema.org","@graph":[{"@type":"WebSite","@id":"https:\/\/www.urlaubcornwall.de\/blog\/#website","url":"https:\/\/www.urlaubcornwall.de\/blog\/","name":"Urlaub &amp; Reisen","description":"Urlaub, Reisen, Cornwall und S\u00fcdengland: eine perfekte Kombination","potentialAction":[{"@type":"SearchAction","target":{"@type":"EntryPoint","urlTemplate":"https:\/\/www.urlaubcornwall.de\/blog\/?s={search_term_string}"},"query-input":"required name=search_term_string"}],"inLanguage":"en-US"},{"@type":"WebPage","@id":"https:\/\/www.urlaubcornwall.de\/blog\/ferienhaeuser-und-ferienwohnungen-in-arundel\/","url":"https:\/\/www.urlaubcornwall.de\/blog\/ferienhaeuser-und-ferienwohnungen-in-arundel\/","name":"Ferienh\u00e4user & Ferienwohnungen in Arundel - Urlaub &amp; Reisen","isPartOf":{"@id":"https:\/\/www.urlaubcornwall.de\/blog\/#website"},"datePublished":"2014-03-15T16:30:45+00:00","dateModified":"2024-04-04T10:04:58+00:00","breadcrumb":{"@id":"https:\/\/www.urlaubcornwall.de\/blog\/ferienhaeuser-und-ferienwohnungen-in-arundel\/#breadcrumb"},"inLanguage":"en-US","potentialAction":[{"@type":"ReadAction","target":["https:\/\/www.urlaubcornwall.de\/blog\/ferienhaeuser-und-ferienwohnungen-in-arundel\/"]}]},{"@type":"BreadcrumbList","@id":"https:\/\/www.urlaubcornwall.de\/blog\/ferienhaeuser-und-ferienwohnungen-in-arundel\/#breadcrumb","itemListElement":[{"@type":"ListItem","position":1,"name":"Home","item":"https:\/\/www.urlaubcornwall.de\/blog\/"},{"@type":"ListItem","position":2,"name":"Ferienh\u00e4user &#038; Ferienwohnungen in Arundel"}]}]}},"_links":{"self":[{"href":"https:\/\/www.urlaubcornwall.de\/blog\/wp-json\/wp\/v2\/pages\/13765"}],"collection":[{"href":"https:\/\/www.urlaubcornwall.de\/blog\/wp-json\/wp\/v2\/pages"}],"about":[{"href":"https:\/\/www.urlaubcornwall.de\/blog\/wp-json\/wp\/v2\/types\/page"}],"author":[{"embeddable":true,"href":"https:\/\/www.urlaubcornwall.de\/blog\/wp-json\/wp\/v2\/users\/1"}],"replies":[{"embeddable":true,"href":"https:\/\/www.urlaubcornwall.de\/blog\/wp-json\/wp\/v2\/comments?post=13765"}],"version-history":[{"count":19,"href":"https:\/\/www.urlaubcornwall.de\/blog\/wp-json\/wp\/v2\/pages\/13765\/revisions"}],"predecessor-version":[{"id":48883,"href":"https:\/\/www.urlaubcornwall.de\/blog\/wp-json\/wp\/v2\/pages\/13765\/revisions\/48883"}],"wp:attachment":[{"href":"https:\/\/www.urlaubcornwall.de\/blog\/wp-json\/wp\/v2\/media?parent=13765"}],"curies":[{"name":"wp","href":"https:\/\/api.w.org\/{rel}","templated":true}]}}