{"id":13366,"date":"2014-03-06T19:25:30","date_gmt":"2014-03-06T19:25:30","guid":{"rendered":"https:\/\/www.urlaubcornwall.de\/blog\/?page_id=13366"},"modified":"2021-10-18T13:19:51","modified_gmt":"2021-10-18T13:19:51","slug":"landhaeuser-in-suedengland","status":"publish","type":"page","link":"https:\/\/www.urlaubcornwall.de\/blog\/landhaeuser-in-suedengland\/","title":{"rendered":"Landh\u00e4user in S\u00fcdengland mieten"},"content":{"rendered":"<p><img loading=\"lazy\" class=\"aligncenter size-full wp-image-38137\" src=\"https:\/\/www.urlaubcornwall.de\/blog\/wp-content\/uploads\/2019\/04\/Charmante-D\u00f6rfer-cornwall.jpg\" alt=\"Landh\u00e4user in S\u00fcdengland \" width=\"749\" height=\"498\"\/><\/p>\n<p>Urlaub in einem traditionellen Landhaus ist beliebt bei Paaren, Familien oder gr\u00f6\u00dferen Gruppen, die einen Ausgangspunkt suchen, um von dort aus die l\u00e4ndlichen \u00d6rtlichkeiten zu erkunden. Gemeinsam mit unseren Partnern in <a href=\"https:\/\/www.urlaubcornwall.de\/reiseziel\/suedwestengland.php\">S\u00fcdwestengland<\/a>, <a href=\"https:\/\/www.urlaubcornwall.de\/reiseziel\/isle-of-wight.php\">Isle of Wight<\/a>, <a href=\"https:\/\/www.urlaubcornwall.de\/reiseziel\/kent.php\">Kent<\/a> und <a href=\"https:\/\/www.urlaubcornwall.de\/reiseziel\/sussex.php\">Sussex<\/a> haben wir eine Auswahl fantastischer Ferienh\u00e4user und Ferienwohnungen, von perfekten, reetgedeckten Cottages, modernen , umgebauten Geh\u00f6ften bis hin zu historischen H\u00e4usern im gesamten S\u00fcdengland.<\/p>\n<p>Bei uns finden Sie Landh\u00e4usern in S\u00fcdengland zum Verlieben &#8211; so einfach ist das! UrlaubCornwall hat eine einzigartige Sammlung <a href=\"https:\/\/www.urlaubcornwall.de\/ferienhaeuser\/suedengland.php\">pers\u00f6nlich inspizierter Ferienh\u00e4user und Ferienwohnungen in S\u00fcdengland<\/a>,&nbsp;f\u00fcr Ihren Urlaub in&nbsp;Gro\u00dfbritannien und nun auch im gesamten Gro\u00dfbritannien. <\/p>\n<div class=\"snippet\"> <a class=\"featured-item\" href=\"https:\/\/www.urlaubcornwall.de\/ferienhaeuser\/cornwall.php\"> <span class=\"image-holder\" style=\"background-image: url('https:\/\/www.urlaubcornwall.de\/blog\/wp-content\/uploads\/2018\/11\/landhaus-cornwall-1.jpg');\"><\/span> <span class=\"featured-content\"> \n<h2 class=\"featured-title\">Ferienh\u00e4user in Cornwall<\/h2>\n<p class=\"featured-body\">Cornwall besitzt mehr K\u00fcstenlinien als jede andere Grafschaft und bietet einige der besten Str\u00e4nde, K\u00fcstenwanderwege und Klippenlandschaften, die man \u00fcberhaupt finden kann&#8230;.<\/p><\/span> <span class=\"featured-link-holder\"> <span class=\"featured-extra-info\"> \n<p>F\u00fcr Paare, Familien &#038; Gruppen<\/p>\n<\/span> \n<p class=\"featured-link\">DETAILS<\/p>\n<\/span> <\/a><\/div>\n<div class=\"snippet\"> <a class=\"featured-item\" href=\" https:\/\/www.urlaubcornwall.de\/ferienhaeuser\/sussex.php\"> <span class=\"image-holder\" style=\"background-image: url(' https:\/\/www.urlaubcornwall.de\/blog\/wp-content\/uploads\/2018\/12\/20360149.jpg ');\"><\/span> <span class=\"featured-content\"> \n<h2 class=\"featured-title\">Landh\u00e4user in Sussex<\/h2>\n<p class=\"featured-body\"> Sussex bietet viele H\u00f6hepunkte f\u00fcr Besucher, die diesen Teil Englands aufsuchen, und wir k\u00f6nnen herrlich gelegene Ferienh\u00e4user  &#038; Ferienwohnungen anbieten, von Stadtappartements, Strandh\u00e4usern mit Meeresblick oder typisch englischen Landh\u00e4usern&#8230;..<\/p>\n<\/span> <span class=\"featured-link-holder\"> <span class=\"featured-extra-info\"> \n<p> Ferienh\u00e4user S\u00fcdost-England mieten<\/p>\n<\/span> \n<p class=\"featured-link\">DETAILS<\/p>\n<\/span> <\/a><\/div>\n<div class=\"snippet\"> <a class=\"featured-item\" href=\" https:\/\/www.urlaubcornwall.de\/ferienhaeuser\/kent.php\"> <span class=\"image-holder\" style=\"background-image: url(' https:\/\/www.urlaubcornwall.de\/blog\/wp-content\/uploads\/2018\/12\/38440039.jpg ');\"><\/span> <span class=\"featured-content\"> \n<h2 class=\"featured-title\">Ferienh\u00e4user in Kent<\/h2>\n<p class=\"featured-body\">Kent ist ein Gebiet unbeschreiblicher Natursch\u00f6nheit und gilt als der Garten Englands. Weshalb also nicht einige Zeit hier verbringen, um in dieser wundersch\u00f6nen Ecke S\u00fcdenglands&#8230;.<\/p>\n<\/span> <span class=\"featured-link-holder\"> <span class=\"featured-extra-info\"> \n<p> F\u00fcr Paare, Familien &#038; Gruppen<\/p>\n<\/span> \n<p class=\"featured-link\">DETAILS<\/p>\n<\/span> <\/a><\/div>\n<div class=\"snippet\"> <a class=\"featured-item\" href=\" https:\/\/www.urlaubcornwall.de\/ferienhaeuser\/devon.php \"> <span class=\"image-holder\" style=\"background-image: url(' https:\/\/www.urlaubcornwall.de\/blog\/wp-content\/uploads\/2018\/12\/20360148.jpg ');\"><\/span> <span class=\"featured-content\"> \n<h2 class=\"featured-title\"> Landh\u00e4user &#038; Cottages in Devon<\/h2>\n<p class=\"featured-body\"> Diese Region ist von l\u00e4ndlicher Idylle gepr\u00e4gt: Von Schafen, die in Dartmoor die Stra\u00dfe \u00fcberqueren, bis zu den Cricket-Spielern, die auf der Dorfwiese spielen. Auch die K\u00fcste ist herrlich&#8230;..<\/p>\n<\/span> <span class=\"featured-link-holder\"> <span class=\"featured-extra-info\"> \n<p>Ein Ferienhaus mit Selbstverpflegung <\/p>\n<\/span> \n<p class=\"featured-link\">DETAILS<\/p>\n<\/span> <\/a><\/div>\n<div class=\"snippet\"> <a class=\"featured-item\" href=\" https:\/\/www.urlaubcornwall.de\/ferienhaeuser-fewos\/dorset.html\"> <span class=\"image-holder\" style=\"background-image: url(' https:\/\/www.urlaubcornwall.de\/blog\/wp-content\/uploads\/2018\/12\/25560149.jpg ');\"><\/span> <span class=\"featured-content\"> \n<h2 class=\"featured-title\">Cottages in Dorset<\/h2>\n<p class=\"featured-body\">Dorset ist ein geschichtstr\u00e4chtiges Land, von den Fossilien in Charmouth an der Jurassic Coast bis zum Pier von Lyme Regis&#8230;.<\/p>\n<\/span> <span class=\"featured-link-holder\"> <span class=\"featured-extra-info\"> \n<p> Sonderangebote und g\u00fcnstige Ferienh\u00e4user<\/p>\n<\/span> \n<p class=\"featured-link\">DETAILS<\/p>\n<\/span> <\/a><\/div>\n<p>Die englischen l\u00e4ndlichen Gefilde, von dem Dichter William Blake beschrieben als gr\u00fcnes, angenehmes Land, vereinigen in sich so viele ikonische Bilder h\u00fcbscher D\u00f6rfer, sich dahin schwingender H\u00fcgel und Felder, die Vorstellung eines entspannenden Getr\u00e4nks in einer traditionellen Kneipe oder eines Spaziergangs am Flussufer entlang. Die Attraktionen Londons sind leicht mit dem Auto oder \u00f6ffentlichen Verkehrsmitteln von den meisten Orten in Kent, Sussex, Hampshire oder <a href=\"https:\/\/www.urlaubcornwall.de\/reiseziel\/dorset.php\">Dorset<\/a> erreichbar, so dass Sie Tagesausfl\u00fcge dorthin unternehmen k\u00f6nnen oder auch einen Kurzurlaub in der Stadt verbringen k\u00f6nnen.<\/p>\n","protected":false},"excerpt":{"rendered":"<p>Urlaub in einem traditionellen Landhaus ist beliebt bei Paaren, Familien oder gr\u00f6\u00dferen Gruppen, die einen Ausgangspunkt suchen, um von dort aus die l\u00e4ndlichen \u00d6rtlichkeiten zu erkunden. Gemeinsam mit unseren Partnern in S\u00fcdwestengland, Isle of Wight, Kent und Sussex haben wir eine Auswahl fantastischer Ferienh\u00e4user und Ferienwohnungen, von perfekten, reetgedeckten Cottages, modernen , umgebauten Geh\u00f6ften bis [&hellip;]<\/p>\n","protected":false},"author":1,"featured_media":0,"parent":0,"menu_order":0,"comment_status":"closed","ping_status":"closed","template":"single-four.php","meta":[],"acf":[],"yoast_head":"<!-- This site is optimized with the Yoast SEO plugin v19.4 - https:\/\/yoast.com\/wordpress\/plugins\/seo\/ -->\n<title>Landh\u00e4user in S\u00fcdengland mieten - Urlaub &amp; Reisen<\/title>\n<meta name=\"robots\" content=\"index, follow, max-snippet:-1, max-image-preview:large, max-video-preview:-1\" \/>\n<link rel=\"canonical\" href=\"https:\/\/www.urlaubcornwall.de\/blog\/landhaeuser-in-suedengland\/\" \/>\n<meta property=\"og:locale\" content=\"en_US\" \/>\n<meta property=\"og:type\" content=\"article\" \/>\n<meta property=\"og:title\" content=\"Landh\u00e4user in S\u00fcdengland mieten - Urlaub &amp; Reisen\" \/>\n<meta property=\"og:description\" content=\"Urlaub in einem traditionellen Landhaus ist beliebt bei Paaren, Familien oder gr\u00f6\u00dferen Gruppen, die einen Ausgangspunkt suchen, um von dort aus die l\u00e4ndlichen \u00d6rtlichkeiten zu erkunden. Gemeinsam mit unseren Partnern in S\u00fcdwestengland, Isle of Wight, Kent und Sussex haben wir eine Auswahl fantastischer Ferienh\u00e4user und Ferienwohnungen, von perfekten, reetgedeckten Cottages, modernen , umgebauten Geh\u00f6ften bis [&hellip;]\" \/>\n<meta property=\"og:url\" content=\"https:\/\/www.urlaubcornwall.de\/blog\/landhaeuser-in-suedengland\/\" \/>\n<meta property=\"og:site_name\" content=\"Urlaub &amp; Reisen\" \/>\n<meta property=\"article:modified_time\" content=\"2021-10-18T13:19:51+00:00\" \/>\n<meta property=\"og:image\" content=\"https:\/\/www.urlaubcornwall.de\/blog\/wp-content\/uploads\/2019\/04\/Charmante-D\u00f6rfer-cornwall.jpg\" \/>\n<meta name=\"twitter:card\" content=\"summary\" \/>\n<meta name=\"twitter:label1\" content=\"Est. reading time\" \/>\n\t<meta name=\"twitter:data1\" content=\"2 minutes\" \/>\n<script type=\"application\/ld+json\" class=\"yoast-schema-graph\">{\"@context\":\"https:\/\/schema.org\",\"@graph\":[{\"@type\":\"WebSite\",\"@id\":\"https:\/\/www.urlaubcornwall.de\/blog\/#website\",\"url\":\"https:\/\/www.urlaubcornwall.de\/blog\/\",\"name\":\"Urlaub &amp; Reisen\",\"description\":\"Urlaub, Reisen, Cornwall und S\u00fcdengland: eine perfekte Kombination\",\"potentialAction\":[{\"@type\":\"SearchAction\",\"target\":{\"@type\":\"EntryPoint\",\"urlTemplate\":\"https:\/\/www.urlaubcornwall.de\/blog\/?s={search_term_string}\"},\"query-input\":\"required name=search_term_string\"}],\"inLanguage\":\"en-US\"},{\"@type\":\"WebPage\",\"@id\":\"https:\/\/www.urlaubcornwall.de\/blog\/landhaeuser-in-suedengland\/\",\"url\":\"https:\/\/www.urlaubcornwall.de\/blog\/landhaeuser-in-suedengland\/\",\"name\":\"Landh\u00e4user in S\u00fcdengland mieten - Urlaub &amp; Reisen\",\"isPartOf\":{\"@id\":\"https:\/\/www.urlaubcornwall.de\/blog\/#website\"},\"datePublished\":\"2014-03-06T19:25:30+00:00\",\"dateModified\":\"2021-10-18T13:19:51+00:00\",\"breadcrumb\":{\"@id\":\"https:\/\/www.urlaubcornwall.de\/blog\/landhaeuser-in-suedengland\/#breadcrumb\"},\"inLanguage\":\"en-US\",\"potentialAction\":[{\"@type\":\"ReadAction\",\"target\":[\"https:\/\/www.urlaubcornwall.de\/blog\/landhaeuser-in-suedengland\/\"]}]},{\"@type\":\"BreadcrumbList\",\"@id\":\"https:\/\/www.urlaubcornwall.de\/blog\/landhaeuser-in-suedengland\/#breadcrumb\",\"itemListElement\":[{\"@type\":\"ListItem\",\"position\":1,\"name\":\"Home\",\"item\":\"https:\/\/www.urlaubcornwall.de\/blog\/\"},{\"@type\":\"ListItem\",\"position\":2,\"name\":\"Landh\u00e4user in S\u00fcdengland mieten\"}]}]}<\/script>\n<!-- \/ Yoast SEO plugin. -->","yoast_head_json":{"title":"Landh\u00e4user in S\u00fcdengland mieten - Urlaub &amp; Reisen","robots":{"index":"index","follow":"follow","max-snippet":"max-snippet:-1","max-image-preview":"max-image-preview:large","max-video-preview":"max-video-preview:-1"},"canonical":"https:\/\/www.urlaubcornwall.de\/blog\/landhaeuser-in-suedengland\/","og_locale":"en_US","og_type":"article","og_title":"Landh\u00e4user in S\u00fcdengland mieten - Urlaub &amp; Reisen","og_description":"Urlaub in einem traditionellen Landhaus ist beliebt bei Paaren, Familien oder gr\u00f6\u00dferen Gruppen, die einen Ausgangspunkt suchen, um von dort aus die l\u00e4ndlichen \u00d6rtlichkeiten zu erkunden. Gemeinsam mit unseren Partnern in S\u00fcdwestengland, Isle of Wight, Kent und Sussex haben wir eine Auswahl fantastischer Ferienh\u00e4user und Ferienwohnungen, von perfekten, reetgedeckten Cottages, modernen , umgebauten Geh\u00f6ften bis [&hellip;]","og_url":"https:\/\/www.urlaubcornwall.de\/blog\/landhaeuser-in-suedengland\/","og_site_name":"Urlaub &amp; Reisen","article_modified_time":"2021-10-18T13:19:51+00:00","og_image":[{"url":"https:\/\/www.urlaubcornwall.de\/blog\/wp-content\/uploads\/2019\/04\/Charmante-D\u00f6rfer-cornwall.jpg"}],"twitter_card":"summary","twitter_misc":{"Est. reading time":"2 minutes"},"schema":{"@context":"https:\/\/schema.org","@graph":[{"@type":"WebSite","@id":"https:\/\/www.urlaubcornwall.de\/blog\/#website","url":"https:\/\/www.urlaubcornwall.de\/blog\/","name":"Urlaub &amp; Reisen","description":"Urlaub, Reisen, Cornwall und S\u00fcdengland: eine perfekte Kombination","potentialAction":[{"@type":"SearchAction","target":{"@type":"EntryPoint","urlTemplate":"https:\/\/www.urlaubcornwall.de\/blog\/?s={search_term_string}"},"query-input":"required name=search_term_string"}],"inLanguage":"en-US"},{"@type":"WebPage","@id":"https:\/\/www.urlaubcornwall.de\/blog\/landhaeuser-in-suedengland\/","url":"https:\/\/www.urlaubcornwall.de\/blog\/landhaeuser-in-suedengland\/","name":"Landh\u00e4user in S\u00fcdengland mieten - Urlaub &amp; Reisen","isPartOf":{"@id":"https:\/\/www.urlaubcornwall.de\/blog\/#website"},"datePublished":"2014-03-06T19:25:30+00:00","dateModified":"2021-10-18T13:19:51+00:00","breadcrumb":{"@id":"https:\/\/www.urlaubcornwall.de\/blog\/landhaeuser-in-suedengland\/#breadcrumb"},"inLanguage":"en-US","potentialAction":[{"@type":"ReadAction","target":["https:\/\/www.urlaubcornwall.de\/blog\/landhaeuser-in-suedengland\/"]}]},{"@type":"BreadcrumbList","@id":"https:\/\/www.urlaubcornwall.de\/blog\/landhaeuser-in-suedengland\/#breadcrumb","itemListElement":[{"@type":"ListItem","position":1,"name":"Home","item":"https:\/\/www.urlaubcornwall.de\/blog\/"},{"@type":"ListItem","position":2,"name":"Landh\u00e4user in S\u00fcdengland mieten"}]}]}},"_links":{"self":[{"href":"https:\/\/www.urlaubcornwall.de\/blog\/wp-json\/wp\/v2\/pages\/13366"}],"collection":[{"href":"https:\/\/www.urlaubcornwall.de\/blog\/wp-json\/wp\/v2\/pages"}],"about":[{"href":"https:\/\/www.urlaubcornwall.de\/blog\/wp-json\/wp\/v2\/types\/page"}],"author":[{"embeddable":true,"href":"https:\/\/www.urlaubcornwall.de\/blog\/wp-json\/wp\/v2\/users\/1"}],"replies":[{"embeddable":true,"href":"https:\/\/www.urlaubcornwall.de\/blog\/wp-json\/wp\/v2\/comments?post=13366"}],"version-history":[{"count":23,"href":"https:\/\/www.urlaubcornwall.de\/blog\/wp-json\/wp\/v2\/pages\/13366\/revisions"}],"predecessor-version":[{"id":43418,"href":"https:\/\/www.urlaubcornwall.de\/blog\/wp-json\/wp\/v2\/pages\/13366\/revisions\/43418"}],"wp:attachment":[{"href":"https:\/\/www.urlaubcornwall.de\/blog\/wp-json\/wp\/v2\/media?parent=13366"}],"curies":[{"name":"wp","href":"https:\/\/api.w.org\/{rel}","templated":true}]}}