{"id":13360,"date":"2014-03-06T19:18:26","date_gmt":"2014-03-06T19:18:26","guid":{"rendered":"https:\/\/www.urlaubcornwall.de\/blog\/?page_id=13360"},"modified":"2024-05-28T15:59:05","modified_gmt":"2024-05-28T15:59:05","slug":"kinderfreundliche-ferienhaeuser-und-ferienwohnungen-suedengland","status":"publish","type":"page","link":"https:\/\/www.urlaubcornwall.de\/blog\/kinderfreundliche-ferienhaeuser-und-ferienwohnungen-suedengland\/","title":{"rendered":"Kinderfreundliche Ferienh\u00e4user &#038; Fewos S\u00fcdengland"},"content":{"rendered":"<p><a href=\"https:\/\/www.urlaubcornwall.de\/blog\/wp-content\/uploads\/2024\/03\/holywell-cornwall-strand-rotated.jpg\"><img loading=\"lazy\" src=\"https:\/\/www.urlaubcornwall.de\/blog\/wp-content\/uploads\/2024\/03\/holywell-cornwall-strand-rotated.jpg\" alt=\"holywell cornwall strand\" width=\"750\" height=\"563\" class=\"alignnone size-full wp-image-47899\" srcset=\"https:\/\/www.urlaubcornwall.de\/blog\/wp-content\/uploads\/2024\/03\/holywell-cornwall-strand-rotated.jpg 750w, https:\/\/www.urlaubcornwall.de\/blog\/wp-content\/uploads\/2024\/03\/holywell-cornwall-strand-300x225.jpg 300w\" sizes=\"(max-width: 750px) 100vw, 750px\" \/><\/a><\/p>\n<h1 style=\"text-align: center;\"><strong>Bei uns finden Sie Ferienh\u00e4user zum Verlieben \u2013 so einfach ist das!<\/strong><\/h1>\n<p style=\"text-align: center;\">UrlaubCornwall.de hat eine einzigartige Sammlung pers\u00f6nlich inspizierter Ferienh\u00e4user und Ferienwohnungen in Cornwall, <a href=\"https:\/\/www.urlaubcornwall.de\/ferienhaueser\/suedengland.php\">S\u00fcdengland<\/a> und nun auch im gesamten Gro\u00dfbritannien.<\/p>\n<p style=\"text-align: center;\"><a class=\"tidycta\" href=\"https:\/\/www.urlaubcornwall.de\/ferienhaueser\/suedengland.php\">Suche Ferienh\u00e4user in S\u00fcdengland<\/a><\/p>\n<table>\n<tbody>\n<tr>\n<td><img loading=\"lazy\" class=\"aligncenter size-full wp-image-7090\" style=\"border: 0pt none; padding: 0px;\" src=\"https:\/\/www.urlaubcornwall.de\/blog\/wp-content\/uploads\/2014\/01\/Image-6-Dining1.jpg\" alt=\"Ferienhaus Sussex am meer\" height=\"118\" width=\"148\"\/><\/td>\n<td>\n<p style=\"text-align: center;\"><strong>Urlaub in Kent und Sussex mit Kindern<\/strong>, <strong>S\u00fcdost-England<\/strong><\/p>\n<h3 style=\"text-align: center;\">&nbsp;<\/h3>\n<p style=\"text-align: center;\">Kent und Sussex repr\u00e4sentieren viele H\u00f6hepunkte f\u00fcr Besucher, die diesen Teil Englands aufsuchen, und wir k\u00f6nnen herrlich gelegene Ferienh\u00e4user und Ferienwohnungen &#8230;.<br \/>\nKinderfreundliche Ferienh\u00e4user&nbsp; in <a href=\"https:\/\/www.urlaubcornwall.de\/ferienhaueser\/kent.php\"><span style=\"text-decoration: underline;\"><strong>Kent<\/strong><\/span><\/a> und <a href=\"https:\/\/www.urlaubcornwall.de\/ferienhaueser\/sussex.php\"><span style=\"text-decoration: underline;\"><strong>Sussex<\/strong><\/span><\/a><\/p>\n<\/td>\n<\/tr>\n<\/tbody>\n<\/table>\n\n<table>\n<tbody>\n<tr>\n<td><img loading=\"lazy\" class=\"aligncenter size-full wp-image-7090\" style=\"border: 0pt none; padding: 0px;\" src=\"https:\/\/www.urlaubcornwall.de\/blog\/wp-content\/uploads\/2011\/09\/Praa-Sands-Bojowan41.jpg\" alt=\"Ferienhaus Cornwall am meer\" height=\"118\" width=\"148\"\/><\/td>\n<td>\n<p style=\"text-align: center;\"><strong>Urlaub in S\u00fcdwest-England mit Kindern<\/strong><\/p>\n<h3 style=\"text-align: center;\">&nbsp;<\/h3>\n<p style=\"text-align: center;\">Hier finden pers\u00f6nlich inspizierte Kinderfreundliche Ferienh\u00e4user und Ferienwohnungen in S\u00fcdwest-England. UrlaubCornwall und Classic Cottages verf\u00fcgen \u00fcber 250 Kinderfreundliche Ferienh\u00e4user und Ferienwohnungen in ganz <a href=\"http:\/\/www.urlaubcornwall.de\/ferienhaeuser-fewos\/kinderfreundlich-cornwall.html\"><span style=\"text-decoration: underline;\"><strong>Cornwall<\/strong><\/span><\/a>, <a href=\"http:\/\/www.urlaubcornwall.de\/ferienhaeuser-fewos\/devon.php\"><span style=\"text-decoration: underline;\"><strong>Devon<\/strong><\/span><\/a>, <a href=\"https:\/\/www.urlaubcornwall.de\/ferienhaeuser-fewos\/eng\/dorset\/dorset.html\"><span style=\"text-decoration: underline;\"><strong>Dorset<\/strong><\/span><\/a> und <a href=\"https:\/\/www.urlaubcornwall.de\/ferienhaeuser-fewos\/eng\/somerset\/somerset.html\"><span style=\"text-decoration: underline;\"><strong>Somerset<\/strong><\/span><\/a>, S\u00fcdwest-England.<\/p>\n<\/td>\n<\/tr>\n<\/tbody>\n<\/table>\n<p style=\"text-align: center;\">Familienurlaub mit Kindern in S\u00fcdengland sind sehr beliebt w\u00e4hrend eines Aufenthalts in Gro\u00dfbritannien. Es gibt Aktivit\u00e4tsm\u00f6glichkeiten im \u00dcberfluss, um Kinder jeden Alters bei Laune zu halten, angefangen von den Burgen, G\u00e4rten und historischen H\u00e4usern oder pr\u00e4historischen Monumenten wie Stonehenge bis hin zu Vergn\u00fcgungsparks f\u00fcr Teenager. Es gibt hunderte Meilen variantenreicher K\u00fcste mit einigen der besten Str\u00e4nde in Gro\u00dfbritannien, um zu schwimmen, Sandburgen zu bauen oder f\u00fcr die Abenteuerlichen unter Ihnen zu Surfen und zu paddeln.<\/p>\n<p style=\"text-align: center;\">Die Attraktionen Londons sind leicht mit dem Auto oder \u00f6ffentlichen Verkehrsmitteln von den meisten Orten in Kent, Sussex, Hampshire oder Dorset erreichbar, so dass Sie Tagesausfl\u00fcge dorthin unternehmen oder auch einen Kurzurlaub in der Stadt verbringen k\u00f6nnen.<\/p>\n<p style=\"text-align: center;\">Wir haben ein Angebot an Ferienh\u00e4usern und Ferienwohnungen, das Familien mit Kindern entgegen kommt; viele stellen Kleinkinderbetten zur Verf\u00fcgung, Babybadewannen und Treppengitter. Ein Ferienhaus gibt Ihren Kindern Zeit und Raum zu entspannen; es ist gro\u00dfartig, seinen eigenen Raum zu haben und die Freiheit, die Dinge zu tun, die man m\u00f6chte und wann man m\u00f6chte.<\/p>\n\n","protected":false},"excerpt":{"rendered":"<p>Bei uns finden Sie Ferienh\u00e4user zum Verlieben \u2013 so einfach ist das! UrlaubCornwall.de hat eine einzigartige Sammlung pers\u00f6nlich inspizierter Ferienh\u00e4user und Ferienwohnungen in Cornwall, S\u00fcdengland und nun auch im gesamten Gro\u00dfbritannien. Suche Ferienh\u00e4user in S\u00fcdengland Urlaub in Kent und Sussex mit Kindern, S\u00fcdost-England &nbsp; Kent und Sussex repr\u00e4sentieren viele H\u00f6hepunkte f\u00fcr Besucher, die diesen Teil [&hellip;]<\/p>\n","protected":false},"author":1,"featured_media":0,"parent":0,"menu_order":0,"comment_status":"closed","ping_status":"closed","template":"single-four.php","meta":[],"acf":[],"yoast_head":"<!-- This site is optimized with the Yoast SEO plugin v19.4 - https:\/\/yoast.com\/wordpress\/plugins\/seo\/ -->\n<title>Kinderfreundliche Ferienh\u00e4user &amp; Fewos S\u00fcdengland - Urlaub &amp; Reisen<\/title>\n<meta name=\"robots\" content=\"index, follow, max-snippet:-1, max-image-preview:large, max-video-preview:-1\" \/>\n<link rel=\"canonical\" href=\"https:\/\/www.urlaubcornwall.de\/blog\/kinderfreundliche-ferienhaeuser-und-ferienwohnungen-suedengland\/\" \/>\n<meta property=\"og:locale\" content=\"en_US\" \/>\n<meta property=\"og:type\" content=\"article\" \/>\n<meta property=\"og:title\" content=\"Kinderfreundliche Ferienh\u00e4user &amp; Fewos S\u00fcdengland - Urlaub &amp; Reisen\" \/>\n<meta property=\"og:description\" content=\"Bei uns finden Sie Ferienh\u00e4user zum Verlieben \u2013 so einfach ist das! UrlaubCornwall.de hat eine einzigartige Sammlung pers\u00f6nlich inspizierter Ferienh\u00e4user und Ferienwohnungen in Cornwall, S\u00fcdengland und nun auch im gesamten Gro\u00dfbritannien. Suche Ferienh\u00e4user in S\u00fcdengland Urlaub in Kent und Sussex mit Kindern, S\u00fcdost-England &nbsp; Kent und Sussex repr\u00e4sentieren viele H\u00f6hepunkte f\u00fcr Besucher, die diesen Teil [&hellip;]\" \/>\n<meta property=\"og:url\" content=\"https:\/\/www.urlaubcornwall.de\/blog\/kinderfreundliche-ferienhaeuser-und-ferienwohnungen-suedengland\/\" \/>\n<meta property=\"og:site_name\" content=\"Urlaub &amp; Reisen\" \/>\n<meta property=\"article:modified_time\" content=\"2024-05-28T15:59:05+00:00\" \/>\n<meta property=\"og:image\" content=\"https:\/\/www.urlaubcornwall.de\/blog\/wp-content\/uploads\/2024\/03\/holywell-cornwall-strand-rotated.jpg\" \/>\n<meta name=\"twitter:card\" content=\"summary\" \/>\n<meta name=\"twitter:label1\" content=\"Est. reading time\" \/>\n\t<meta name=\"twitter:data1\" content=\"2 minutes\" \/>\n<script type=\"application\/ld+json\" class=\"yoast-schema-graph\">{\"@context\":\"https:\/\/schema.org\",\"@graph\":[{\"@type\":\"WebSite\",\"@id\":\"https:\/\/www.urlaubcornwall.de\/blog\/#website\",\"url\":\"https:\/\/www.urlaubcornwall.de\/blog\/\",\"name\":\"Urlaub &amp; Reisen\",\"description\":\"Urlaub, Reisen, Cornwall und S\u00fcdengland: eine perfekte Kombination\",\"potentialAction\":[{\"@type\":\"SearchAction\",\"target\":{\"@type\":\"EntryPoint\",\"urlTemplate\":\"https:\/\/www.urlaubcornwall.de\/blog\/?s={search_term_string}\"},\"query-input\":\"required name=search_term_string\"}],\"inLanguage\":\"en-US\"},{\"@type\":\"WebPage\",\"@id\":\"https:\/\/www.urlaubcornwall.de\/blog\/kinderfreundliche-ferienhaeuser-und-ferienwohnungen-suedengland\/\",\"url\":\"https:\/\/www.urlaubcornwall.de\/blog\/kinderfreundliche-ferienhaeuser-und-ferienwohnungen-suedengland\/\",\"name\":\"Kinderfreundliche Ferienh\u00e4user & Fewos S\u00fcdengland - Urlaub &amp; Reisen\",\"isPartOf\":{\"@id\":\"https:\/\/www.urlaubcornwall.de\/blog\/#website\"},\"datePublished\":\"2014-03-06T19:18:26+00:00\",\"dateModified\":\"2024-05-28T15:59:05+00:00\",\"breadcrumb\":{\"@id\":\"https:\/\/www.urlaubcornwall.de\/blog\/kinderfreundliche-ferienhaeuser-und-ferienwohnungen-suedengland\/#breadcrumb\"},\"inLanguage\":\"en-US\",\"potentialAction\":[{\"@type\":\"ReadAction\",\"target\":[\"https:\/\/www.urlaubcornwall.de\/blog\/kinderfreundliche-ferienhaeuser-und-ferienwohnungen-suedengland\/\"]}]},{\"@type\":\"BreadcrumbList\",\"@id\":\"https:\/\/www.urlaubcornwall.de\/blog\/kinderfreundliche-ferienhaeuser-und-ferienwohnungen-suedengland\/#breadcrumb\",\"itemListElement\":[{\"@type\":\"ListItem\",\"position\":1,\"name\":\"Home\",\"item\":\"https:\/\/www.urlaubcornwall.de\/blog\/\"},{\"@type\":\"ListItem\",\"position\":2,\"name\":\"Kinderfreundliche Ferienh\u00e4user &#038; Fewos S\u00fcdengland\"}]}]}<\/script>\n<!-- \/ Yoast SEO plugin. -->","yoast_head_json":{"title":"Kinderfreundliche Ferienh\u00e4user & Fewos S\u00fcdengland - Urlaub &amp; Reisen","robots":{"index":"index","follow":"follow","max-snippet":"max-snippet:-1","max-image-preview":"max-image-preview:large","max-video-preview":"max-video-preview:-1"},"canonical":"https:\/\/www.urlaubcornwall.de\/blog\/kinderfreundliche-ferienhaeuser-und-ferienwohnungen-suedengland\/","og_locale":"en_US","og_type":"article","og_title":"Kinderfreundliche Ferienh\u00e4user & Fewos S\u00fcdengland - Urlaub &amp; Reisen","og_description":"Bei uns finden Sie Ferienh\u00e4user zum Verlieben \u2013 so einfach ist das! UrlaubCornwall.de hat eine einzigartige Sammlung pers\u00f6nlich inspizierter Ferienh\u00e4user und Ferienwohnungen in Cornwall, S\u00fcdengland und nun auch im gesamten Gro\u00dfbritannien. Suche Ferienh\u00e4user in S\u00fcdengland Urlaub in Kent und Sussex mit Kindern, S\u00fcdost-England &nbsp; Kent und Sussex repr\u00e4sentieren viele H\u00f6hepunkte f\u00fcr Besucher, die diesen Teil [&hellip;]","og_url":"https:\/\/www.urlaubcornwall.de\/blog\/kinderfreundliche-ferienhaeuser-und-ferienwohnungen-suedengland\/","og_site_name":"Urlaub &amp; Reisen","article_modified_time":"2024-05-28T15:59:05+00:00","og_image":[{"url":"https:\/\/www.urlaubcornwall.de\/blog\/wp-content\/uploads\/2024\/03\/holywell-cornwall-strand-rotated.jpg"}],"twitter_card":"summary","twitter_misc":{"Est. reading time":"2 minutes"},"schema":{"@context":"https:\/\/schema.org","@graph":[{"@type":"WebSite","@id":"https:\/\/www.urlaubcornwall.de\/blog\/#website","url":"https:\/\/www.urlaubcornwall.de\/blog\/","name":"Urlaub &amp; Reisen","description":"Urlaub, Reisen, Cornwall und S\u00fcdengland: eine perfekte Kombination","potentialAction":[{"@type":"SearchAction","target":{"@type":"EntryPoint","urlTemplate":"https:\/\/www.urlaubcornwall.de\/blog\/?s={search_term_string}"},"query-input":"required name=search_term_string"}],"inLanguage":"en-US"},{"@type":"WebPage","@id":"https:\/\/www.urlaubcornwall.de\/blog\/kinderfreundliche-ferienhaeuser-und-ferienwohnungen-suedengland\/","url":"https:\/\/www.urlaubcornwall.de\/blog\/kinderfreundliche-ferienhaeuser-und-ferienwohnungen-suedengland\/","name":"Kinderfreundliche Ferienh\u00e4user & Fewos S\u00fcdengland - Urlaub &amp; Reisen","isPartOf":{"@id":"https:\/\/www.urlaubcornwall.de\/blog\/#website"},"datePublished":"2014-03-06T19:18:26+00:00","dateModified":"2024-05-28T15:59:05+00:00","breadcrumb":{"@id":"https:\/\/www.urlaubcornwall.de\/blog\/kinderfreundliche-ferienhaeuser-und-ferienwohnungen-suedengland\/#breadcrumb"},"inLanguage":"en-US","potentialAction":[{"@type":"ReadAction","target":["https:\/\/www.urlaubcornwall.de\/blog\/kinderfreundliche-ferienhaeuser-und-ferienwohnungen-suedengland\/"]}]},{"@type":"BreadcrumbList","@id":"https:\/\/www.urlaubcornwall.de\/blog\/kinderfreundliche-ferienhaeuser-und-ferienwohnungen-suedengland\/#breadcrumb","itemListElement":[{"@type":"ListItem","position":1,"name":"Home","item":"https:\/\/www.urlaubcornwall.de\/blog\/"},{"@type":"ListItem","position":2,"name":"Kinderfreundliche Ferienh\u00e4user &#038; Fewos S\u00fcdengland"}]}]}},"_links":{"self":[{"href":"https:\/\/www.urlaubcornwall.de\/blog\/wp-json\/wp\/v2\/pages\/13360"}],"collection":[{"href":"https:\/\/www.urlaubcornwall.de\/blog\/wp-json\/wp\/v2\/pages"}],"about":[{"href":"https:\/\/www.urlaubcornwall.de\/blog\/wp-json\/wp\/v2\/types\/page"}],"author":[{"embeddable":true,"href":"https:\/\/www.urlaubcornwall.de\/blog\/wp-json\/wp\/v2\/users\/1"}],"replies":[{"embeddable":true,"href":"https:\/\/www.urlaubcornwall.de\/blog\/wp-json\/wp\/v2\/comments?post=13360"}],"version-history":[{"count":13,"href":"https:\/\/www.urlaubcornwall.de\/blog\/wp-json\/wp\/v2\/pages\/13360\/revisions"}],"predecessor-version":[{"id":50512,"href":"https:\/\/www.urlaubcornwall.de\/blog\/wp-json\/wp\/v2\/pages\/13360\/revisions\/50512"}],"wp:attachment":[{"href":"https:\/\/www.urlaubcornwall.de\/blog\/wp-json\/wp\/v2\/media?parent=13360"}],"curies":[{"name":"wp","href":"https:\/\/api.w.org\/{rel}","templated":true}]}}