{"id":13228,"date":"2014-03-03T16:51:17","date_gmt":"2014-03-03T16:51:17","guid":{"rendered":"https:\/\/www.urlaubcornwall.de\/blog\/?page_id=13228"},"modified":"2018-09-20T14:45:21","modified_gmt":"2018-09-20T14:45:21","slug":"ferienhaeuser-und-ferienwohnungen-cornwall-karte","status":"publish","type":"page","link":"https:\/\/www.urlaubcornwall.de\/blog\/ferienhaeuser-und-ferienwohnungen-cornwall-karte\/","title":{"rendered":"Ferienh\u00e4user, Ferienwohnungen &#038; Cottages in Cornwall Karte"},"content":{"rendered":"<p><strong>Bei uns finden Sie Ferienh\u00e4user zum Verlieben \u2013 so einfach ist das! <\/strong>W\u00e4hlen Sie aus \u00fcber <a href=\"https:\/\/www.urlaubcornwall.de\/ferienhaeuser\/cornwall.php\">600 pers\u00f6nlich inspizierten Ferienh\u00e4usern, Cottages &amp; Ferienwohnungen in Cornwall<\/a>.<\/p>\n<p style=\"text-align: center;\"><a class=\"tidycta\" href=\"https:\/\/www.urlaubcornwall.de\/ferienhaeuser\/cornwall.php\">Suche Ferienh\u00e4user &gt;<\/a><\/p>\n<p>Unterk\u00fcnfte der Spitzenklasse f\u00fcr 2 Personen, Familien und Gruppen mit 4, 6, 8, 10 oder 12 G\u00e4sten.<\/p>\n<div id=\"google_blog_map\" style=\"width: 100%; height: 700px;\" data-location=\"https:\/\/www.urlaubcornwall.de\/listings\/cottage_listings.xml\" data-lat=\"50.40326597175612\" data-lng=\"-5.0482177734375\" data-zoom=\"9\">&nbsp;<\/div>\n<h3>&nbsp;<\/h3>\n<p><strong>Beliebte Urlaubsorte<\/strong><\/p>\n<table cellspacing=\"0\" cellpadding=\"0\" width=\"685\" border=\"0\">\n<colgroup>\n<col width=\"154\"\/>\n<col width=\"131\"\/>\n<col width=\"142\"\/>\n<col width=\"135\"\/>\n<col width=\"123\"\/> <\/colgroup>\n<tbody>\n<tr>\n<td width=\"154\" height=\"20\"><strong>A<\/strong><\/td>\n<td width=\"131\"><strong>F<\/strong><\/td>\n<td width=\"142\"><a href=\"http:\/\/www.urlaubcornwall.de\/ferienhaeuser-fewos\/looe.html\"><span style=\"text-decoration: underline;\">Looe<\/span><\/a><\/td>\n<td width=\"135\"><a href=\"http:\/\/www.urlaubcornwall.de\/ferienhaeuser-fewos\/port-gaverne.html\"><span style=\"text-decoration: underline;\">Port Gaverne<\/span><\/a><\/td>\n<td width=\"123\"><a href=\"http:\/\/www.urlaubcornwall.de\/ferienhaeuser-fewos\/st-ives-umgebung.html\"><span style=\"text-decoration: underline;\">St Ives<\/span><\/a><\/td>\n<\/tr>\n<tr>\n<td height=\"20\"><a href=\"http:\/\/www.urlaubcornwall.de\/ferienhaeuser-fewos\/altarnun.html\"><span style=\"text-decoration: underline;\">Altarnun<\/span><\/a><\/td>\n<td><a href=\"http:\/\/www.urlaubcornwall.de\/ferienhaeuser-fewos\/falmouth-umgebung.html\"><span style=\"text-decoration: underline;\">Falmouth<\/span><\/a><\/td>\n<td><a href=\"http:\/\/www.urlaubcornwall.de\/ferienhaeuser-fewos\/lostwithiel.html\"><span style=\"text-decoration: underline;\">Lostwithiel<\/span><\/a><\/td>\n<td><a href=\"http:\/\/www.urlaubcornwall.de\/ferienhaeuser-fewos\/port-isaac.html\"><span style=\"text-decoration: underline;\">Port Isaac<\/span><\/a><\/td>\n<td><a href=\"http:\/\/www.urlaubcornwall.de\/ferienhaeuser-fewos\/st-just.html\"><span style=\"text-decoration: underline;\">St Just<\/span><\/a><\/td>\n<\/tr>\n<tr>\n<td height=\"20\"><strong>B<\/strong><\/td>\n<td><a href=\"http:\/\/www.urlaubcornwall.de\/ferienhaeuser-fewos\/feock.html\"><span style=\"text-decoration: underline;\">Feock<\/span><\/a><\/td>\n<td><strong>M<\/strong><\/td>\n<td><a href=\"http:\/\/www.urlaubcornwall.de\/ferienhaeuser-fewos\/porthallow.html\"><span style=\"text-decoration: underline;\">Porthallow<\/span><\/a><\/td>\n<td><a href=\"http:\/\/www.urlaubcornwall.de\/ferienhaeuser-fewos\/st-just-in-roseland.html\"><span style=\"text-decoration: underline;\">St Just in Roseland<\/span><\/a><\/td>\n<\/tr>\n<tr>\n<td height=\"20\"><a href=\"http:\/\/www.urlaubcornwall.de\/ferienhaeuser-fewos\/blisland.html\"><span style=\"text-decoration: underline;\">Blisland<\/span><\/a><\/td>\n<td><a href=\"http:\/\/www.urlaubcornwall.de\/ferienhaeuser-fewos\/flushing.html\"><span style=\"text-decoration: underline;\">Flushing<\/span><\/a><\/td>\n<td><a href=\"http:\/\/www.urlaubcornwall.de\/ferienhaeuser-fewos\/maenporth.html\"><span style=\"text-decoration: underline;\">Maenporth Estate<\/span><\/a><\/td>\n<td><a href=\"http:\/\/www.urlaubcornwall.de\/ferienhaeuser-fewos\/porthcurno.html\"><span style=\"text-decoration: underline;\">Porthcurno<\/span><\/a><\/td>\n<td><a href=\"http:\/\/www.urlaubcornwall.de\/ferienhaeuser-fewos\/st-mawes.html\"><span style=\"text-decoration: underline;\">St Mawes<\/span><\/a><\/td>\n<\/tr>\n<tr>\n<td height=\"20\"><a href=\"http:\/\/www.urlaubcornwall.de\/ferienhaeuser-fewos\/bodmin.html\"><span style=\"text-decoration: underline;\">Bodmin<\/span><\/a><\/td>\n<td><a href=\"http:\/\/www.urlaubcornwall.de\/ferienhaeuser-fewos\/fowey.html\"><span style=\"text-decoration: underline;\">Fowey<\/span><\/a><\/td>\n<td><a href=\"http:\/\/www.urlaubcornwall.de\/ferienhaeuser-fewos\/marazion.html\"><span style=\"text-decoration: underline;\">Marazion<\/span><\/a><\/td>\n<td><a href=\"http:\/\/www.urlaubcornwall.de\/ferienhaeuser-fewos\/porthleven.html\"><span style=\"text-decoration: underline;\">Porthleven<\/span><\/a><\/td>\n<td><a href=\"http:\/\/www.urlaubcornwall.de\/ferienhaeuser-fewos\/st-neot.html\"><span style=\"text-decoration: underline;\">St Neot<\/span><\/a><\/td>\n<\/tr>\n<tr>\n<td height=\"20\"><a href=\"http:\/\/www.urlaubcornwall.de\/ferienhaeuser-fewos\/bodmin-moor-centre.html\"><span style=\"text-decoration: underline;\">Bodmin Moor (centre)<\/span><\/a><\/td>\n<td><strong>G<\/strong><\/td>\n<td><a href=\"http:\/\/www.urlaubcornwall.de\/ferienhaeuser-fewos\/marhamchurch.html\"><span style=\"text-decoration: underline;\">Marhamchurch<\/span><\/a><\/td>\n<td><a href=\"http:\/\/www.urlaubcornwall.de\/ferienhaeuser-fewos\/portreath.html\"><span style=\"text-decoration: underline;\">Portreath<\/span><\/a><\/td>\n<td><strong>T<\/strong><\/td>\n<\/tr>\n<tr>\n<td height=\"20\"><a href=\"http:\/\/www.urlaubcornwall.de\/ferienhaeuser-fewos\/boscastle.html\"><span style=\"text-decoration: underline;\">Boscastle<\/span><\/a><\/td>\n<td><a href=\"http:\/\/www.urlaubcornwall.de\/ferienhaeuser-fewos\/gorran-haven.html\"><span style=\"text-decoration: underline;\">Gorran Haven<\/span><\/a><\/td>\n<td><a href=\"http:\/\/www.urlaubcornwall.de\/ferienhaeuser-fewos\/mawnan-smith.html\"><span style=\"text-decoration: underline;\">Mawnan Smith<\/span><\/a><\/td>\n<td><a href=\"http:\/\/www.urlaubcornwall.de\/ferienhaeuser-fewos\/portscatho.html\"><span style=\"text-decoration: underline;\">Portscatho<\/span><\/a><\/td>\n<td><a href=\"http:\/\/www.urlaubcornwall.de\/ferienhaeuser-fewos\/lizard-halbinsel.html\"><span style=\"text-decoration: underline;\">The Lizard<\/span><\/a><\/td>\n<\/tr>\n<tr>\n<td height=\"20\"><a href=\"http:\/\/www.urlaubcornwall.de\/ferienhaeuser-fewos\/bude.html\"><span style=\"text-decoration: underline;\">Bude<\/span><\/a><\/td>\n<td><a href=\"http:\/\/www.urlaubcornwall.de\/ferienhaeuser-fewos\/gunwalloe.html\"><span style=\"text-decoration: underline;\">Gunwalloe<\/span><\/a><\/td>\n<td><a href=\"http:\/\/www.urlaubcornwall.de\/ferienhaeuser-fewos\/mevagissey.html\"><span style=\"text-decoration: underline;\">Mevagissey<\/span><\/a><\/td>\n<td><a href=\"http:\/\/www.urlaubcornwall.de\/ferienhaeuser-fewos\/praa-sands.html\"><span style=\"text-decoration: underline;\">Praa Sands<\/span><\/a><\/td>\n<td><a href=\"http:\/\/www.urlaubcornwall.de\/ferienhaeuser-fewos\/tintagel.html\"><span style=\"text-decoration: underline;\">Tintagel<\/span><\/a><\/td>\n<\/tr>\n<tr>\n<td height=\"20\"><strong>C<\/strong><\/td>\n<td><strong>H<\/strong><\/td>\n<td><a href=\"http:\/\/www.urlaubcornwall.de\/ferienhaeuser-fewos\/mousehole.html\"><span style=\"text-decoration: underline;\">Mousehole<\/span><\/a><\/td>\n<td><strong>R<\/strong><\/td>\n<td><a href=\"http:\/\/www.urlaubcornwall.de\/ferienhaeuser-fewos\/tregony.html\"><span style=\"text-decoration: underline;\">Tregony<\/span><\/a><\/td>\n<\/tr>\n<tr>\n<td height=\"20\"><a href=\"http:\/\/www.urlaubcornwall.de\/ferienhaeuser-fewos\/cadgwith.html\"><span style=\"text-decoration: underline;\">Cadgwith<\/span><\/a><\/td>\n<td><a href=\"http:\/\/www.urlaubcornwall.de\/ferienhaeuser-fewos\/hayle.html\"><span style=\"text-decoration: underline;\">Hayle<\/span><\/a><\/td>\n<td><a href=\"http:\/\/www.urlaubcornwall.de\/ferienhaeuser-fewos\/mullion.html\"><span style=\"text-decoration: underline;\">Mullion<\/span><\/a><\/td>\n<td><a href=\"http:\/\/www.urlaubcornwall.de\/ferienhaeuser-fewos\/rock.html\"><span style=\"text-decoration: underline;\">Rock<\/span><\/a><\/td>\n<td><a href=\"http:\/\/www.urlaubcornwall.de\/ferienhaeuser-fewos\/truro.html\"><span style=\"text-decoration: underline;\">Truro<\/span><\/a><\/td>\n<\/tr>\n<tr>\n<td height=\"20\"><a href=\"http:\/\/www.urlaubcornwall.de\/ferienhaeuser-fewos\/callington.html\"><span style=\"text-decoration: underline;\">Callington<\/span><\/a><\/td>\n<td><a href=\"http:\/\/www.urlaubcornwall.de\/ferienhaeuser-fewos\/helford.html\"><span style=\"text-decoration: underline;\">Helford<\/span><\/a><\/td>\n<td><strong>N<\/strong><\/td>\n<td><a href=\"http:\/\/www.urlaubcornwall.de\/ferienhaeuser-fewos\/roseland-halbinsel.html\"><span style=\"text-decoration: underline;\">Roseland Peninsula<\/span><\/a><\/td>\n<td><strong>V<\/strong><\/td>\n<\/tr>\n<tr>\n<td height=\"20\"><a href=\"http:\/\/www.urlaubcornwall.de\/ferienhaeuser-fewos\/calstock.html\"><span style=\"text-decoration: underline;\">Calstock<\/span><\/a><\/td>\n<td><a href=\"http:\/\/www.urlaubcornwall.de\/ferienhaeuser-fewos\/helston.html\"><span style=\"text-decoration: underline;\">Helston<\/span><\/a><\/td>\n<td><a href=\"http:\/\/www.urlaubcornwall.de\/ferienhaeuser-fewos\/newlyn.html\"><span style=\"text-decoration: underline;\">Newlyn<\/span><\/a><\/td>\n<td><strong>S<\/strong><\/td>\n<td><a href=\"http:\/\/www.urlaubcornwall.de\/ferienhaeuser-fewos\/veryan.html\"><span style=\"text-decoration: underline;\">Veryan<\/span><\/a><\/td>\n<\/tr>\n<tr>\n<td height=\"20\"><a href=\"http:\/\/www.urlaubcornwall.de\/ferienhaeuser-fewos\/camelford.html\"><span style=\"text-decoration: underline;\">Camelford<\/span><\/a><\/td>\n<td><strong>L<\/strong><\/td>\n<td><a href=\"http:\/\/www.urlaubcornwall.de\/ferienhaeuser-fewos\/newquay.html\"><span style=\"text-decoration: underline;\">Newquay<\/span><\/a><\/td>\n<td><span style=\"text-decoration: underline;\"><a href=\"http:\/\/www.urlaubcornwall.de\/ferienhaeuser-fewos\/sennen.html\">Sennen<\/a><\/span><\/td>\n<td><strong>W<\/strong><\/td>\n<\/tr>\n<tr>\n<td height=\"20\"><a href=\"http:\/\/www.urlaubcornwall.de\/ferienhaeuser-fewos\/carbis-bay.html\"><span style=\"text-decoration: underline;\">Carbis Bay<\/span><\/a><\/td>\n<td><a href=\"http:\/\/www.urlaubcornwall.de\/ferienhaeuser-fewos\/lamorna-cove.html\"><span style=\"text-decoration: underline;\">Lamorna Cove<\/span><\/a><\/td>\n<td><strong>P<\/strong><\/td>\n<td><span style=\"text-decoration: underline;\"><a href=\"http:\/\/www.urlaubcornwall.de\/ferienhaeuser-fewos\/st-agnes.html\">St Agnes<\/a><\/span><\/td>\n<td><a href=\"http:\/\/www.urlaubcornwall.de\/ferienhaeuser-fewos\/wadebridge.html\">Wadebridge<\/a><\/td>\n<\/tr>\n<tr>\n<td height=\"20\"><a href=\"http:\/\/www.urlaubcornwall.de\/ferienhaeuser-fewos\/carlyon-bay.html\"><span style=\"text-decoration: underline;\">Carlyon Bay<\/span><\/a><\/td>\n<td><a href=\"http:\/\/www.urlaubcornwall.de\/ferienhaeuser-fewos\/lands-end.html\"><span style=\"text-decoration: underline;\">Land&#8217;s End<\/span><\/a><\/td>\n<td><a href=\"http:\/\/www.urlaubcornwall.de\/ferienhaeuser-fewos\/padstow.html\"><span style=\"text-decoration: underline;\">Padstow<\/span><\/a><\/td>\n<td><span style=\"text-decoration: underline;\"><a href=\"http:\/\/www.urlaubcornwall.de\/ferienhaeuser-fewos\/st-austell.html\">St Austell<\/a><\/span><\/td>\n<td><a href=\"http:\/\/www.urlaubcornwall.de\/ferienhaeuser-fewos\/widemouth-bay.html\"><span style=\"text-decoration: underline;\">Widemouth Bay<\/span><\/a><\/td>\n<\/tr>\n<tr>\n<td height=\"20\"><a href=\"http:\/\/www.urlaubcornwall.de\/ferienhaeuser-fewos\/charlestown.html\"><span style=\"text-decoration: underline;\">Charlestown<\/span><\/a><\/td>\n<td><a href=\"http:\/\/www.urlaubcornwall.de\/ferienhaeuser-fewos\/launceston.html\"><span style=\"text-decoration: underline;\">Launceston<\/span><\/a><\/td>\n<td><a href=\"http:\/\/www.urlaubcornwall.de\/ferienhaeuser-fewos\/penzance.html\"><span style=\"text-decoration: underline;\">Penzance<\/span><\/a><\/td>\n<td><span style=\"text-decoration: underline;\"><a href=\"http:\/\/www.urlaubcornwall.de\/ferienhaeuser-fewos\/st-cleer.html\">St Cleer<\/a><\/span><\/td>\n<td><strong>Z<\/strong><\/td>\n<\/tr>\n<tr>\n<td height=\"20\"><a href=\"http:\/\/www.urlaubcornwall.de\/ferienhaeuser-fewos\/coverack.html\"><span style=\"text-decoration: underline;\">Coverack<\/span><\/a><\/td>\n<td><a href=\"http:\/\/www.urlaubcornwall.de\/ferienhaeuser-fewos\/lerryn.html\"><span style=\"text-decoration: underline;\">Lerryn<\/span><\/a><\/td>\n<td><a href=\"http:\/\/www.urlaubcornwall.de\/ferienhaeuser-fewos\/polperro.html\"><span style=\"text-decoration: underline;\">Polperro<\/span><\/a><\/td>\n<td><span style=\"text-decoration: underline;\"><a href=\"http:\/\/www.urlaubcornwall.de\/ferienhaeuser-fewos\/st-issey.html\">St Issey<\/a><\/span><\/td>\n<td><a href=\"http:\/\/www.urlaubcornwall.de\/ferienhaeuser-fewos\/zennor.html\"><span style=\"text-decoration: underline;\">Zennor<\/span><\/a><\/td>\n<\/tr>\n<tr>\n<td height=\"20\"><a href=\"http:\/\/www.urlaubcornwall.de\/ferienhaeuser-fewos\/crantock.html\"><span style=\"text-decoration: underline;\">Crantock<\/span><\/a><\/td>\n<td><a href=\"http:\/\/www.urlaubcornwall.de\/ferienhaeuser-fewos\/liskeard.html\"><span style=\"text-decoration: underline;\">Liskeard<\/span><\/a><\/td>\n<td><a href=\"http:\/\/www.urlaubcornwall.de\/ferienhaeuser-fewos\/polzeath.html\"><span style=\"text-decoration: underline;\">Polzeath<\/span><\/a><\/td>\n<td>&nbsp;<\/td>\n<td>&nbsp;<\/td>\n<\/tr>\n<\/tbody>\n<\/table>\n\n","protected":false},"excerpt":{"rendered":"<p>Bei uns finden Sie Ferienh\u00e4user zum Verlieben \u2013 so einfach ist das! W\u00e4hlen Sie aus \u00fcber 600 pers\u00f6nlich inspizierten Ferienh\u00e4usern, Cottages &amp; Ferienwohnungen in Cornwall. Suche Ferienh\u00e4user &gt; Unterk\u00fcnfte der Spitzenklasse f\u00fcr 2 Personen, Familien und Gruppen mit 4, 6, 8, 10 oder 12 G\u00e4sten. &nbsp; &nbsp; Beliebte Urlaubsorte A F Looe Port Gaverne St [&hellip;]<\/p>\n","protected":false},"author":1,"featured_media":0,"parent":0,"menu_order":0,"comment_status":"closed","ping_status":"closed","template":"single-four.php","meta":[],"acf":[],"yoast_head":"<!-- This site is optimized with the Yoast SEO plugin v19.4 - https:\/\/yoast.com\/wordpress\/plugins\/seo\/ -->\n<title>Ferienh\u00e4user, Ferienwohnungen &amp; Cottages in Cornwall Karte - Urlaub &amp; Reisen<\/title>\n<meta name=\"robots\" content=\"index, follow, max-snippet:-1, max-image-preview:large, max-video-preview:-1\" \/>\n<link rel=\"canonical\" href=\"https:\/\/www.urlaubcornwall.de\/blog\/ferienhaeuser-und-ferienwohnungen-cornwall-karte\/\" \/>\n<meta property=\"og:locale\" content=\"en_US\" \/>\n<meta property=\"og:type\" content=\"article\" \/>\n<meta property=\"og:title\" content=\"Ferienh\u00e4user, Ferienwohnungen &amp; Cottages in Cornwall Karte - Urlaub &amp; Reisen\" \/>\n<meta property=\"og:description\" content=\"Bei uns finden Sie Ferienh\u00e4user zum Verlieben \u2013 so einfach ist das! W\u00e4hlen Sie aus \u00fcber 600 pers\u00f6nlich inspizierten Ferienh\u00e4usern, Cottages &amp; Ferienwohnungen in Cornwall. Suche Ferienh\u00e4user &gt; Unterk\u00fcnfte der Spitzenklasse f\u00fcr 2 Personen, Familien und Gruppen mit 4, 6, 8, 10 oder 12 G\u00e4sten. &nbsp; &nbsp; Beliebte Urlaubsorte A F Looe Port Gaverne St [&hellip;]\" \/>\n<meta property=\"og:url\" content=\"https:\/\/www.urlaubcornwall.de\/blog\/ferienhaeuser-und-ferienwohnungen-cornwall-karte\/\" \/>\n<meta property=\"og:site_name\" content=\"Urlaub &amp; Reisen\" \/>\n<meta property=\"article:modified_time\" content=\"2018-09-20T14:45:21+00:00\" \/>\n<meta name=\"twitter:card\" content=\"summary\" \/>\n<meta name=\"twitter:label1\" content=\"Est. reading time\" \/>\n\t<meta name=\"twitter:data1\" content=\"1 minute\" \/>\n<script type=\"application\/ld+json\" class=\"yoast-schema-graph\">{\"@context\":\"https:\/\/schema.org\",\"@graph\":[{\"@type\":\"WebSite\",\"@id\":\"https:\/\/www.urlaubcornwall.de\/blog\/#website\",\"url\":\"https:\/\/www.urlaubcornwall.de\/blog\/\",\"name\":\"Urlaub &amp; Reisen\",\"description\":\"Urlaub, Reisen, Cornwall und S\u00fcdengland: eine perfekte Kombination\",\"potentialAction\":[{\"@type\":\"SearchAction\",\"target\":{\"@type\":\"EntryPoint\",\"urlTemplate\":\"https:\/\/www.urlaubcornwall.de\/blog\/?s={search_term_string}\"},\"query-input\":\"required name=search_term_string\"}],\"inLanguage\":\"en-US\"},{\"@type\":\"WebPage\",\"@id\":\"https:\/\/www.urlaubcornwall.de\/blog\/ferienhaeuser-und-ferienwohnungen-cornwall-karte\/\",\"url\":\"https:\/\/www.urlaubcornwall.de\/blog\/ferienhaeuser-und-ferienwohnungen-cornwall-karte\/\",\"name\":\"Ferienh\u00e4user, Ferienwohnungen & Cottages in Cornwall Karte - Urlaub &amp; Reisen\",\"isPartOf\":{\"@id\":\"https:\/\/www.urlaubcornwall.de\/blog\/#website\"},\"datePublished\":\"2014-03-03T16:51:17+00:00\",\"dateModified\":\"2018-09-20T14:45:21+00:00\",\"breadcrumb\":{\"@id\":\"https:\/\/www.urlaubcornwall.de\/blog\/ferienhaeuser-und-ferienwohnungen-cornwall-karte\/#breadcrumb\"},\"inLanguage\":\"en-US\",\"potentialAction\":[{\"@type\":\"ReadAction\",\"target\":[\"https:\/\/www.urlaubcornwall.de\/blog\/ferienhaeuser-und-ferienwohnungen-cornwall-karte\/\"]}]},{\"@type\":\"BreadcrumbList\",\"@id\":\"https:\/\/www.urlaubcornwall.de\/blog\/ferienhaeuser-und-ferienwohnungen-cornwall-karte\/#breadcrumb\",\"itemListElement\":[{\"@type\":\"ListItem\",\"position\":1,\"name\":\"Home\",\"item\":\"https:\/\/www.urlaubcornwall.de\/blog\/\"},{\"@type\":\"ListItem\",\"position\":2,\"name\":\"Ferienh\u00e4user, Ferienwohnungen &#038; Cottages in Cornwall Karte\"}]}]}<\/script>\n<!-- \/ Yoast SEO plugin. -->","yoast_head_json":{"title":"Ferienh\u00e4user, Ferienwohnungen & Cottages in Cornwall Karte - Urlaub &amp; Reisen","robots":{"index":"index","follow":"follow","max-snippet":"max-snippet:-1","max-image-preview":"max-image-preview:large","max-video-preview":"max-video-preview:-1"},"canonical":"https:\/\/www.urlaubcornwall.de\/blog\/ferienhaeuser-und-ferienwohnungen-cornwall-karte\/","og_locale":"en_US","og_type":"article","og_title":"Ferienh\u00e4user, Ferienwohnungen & Cottages in Cornwall Karte - Urlaub &amp; Reisen","og_description":"Bei uns finden Sie Ferienh\u00e4user zum Verlieben \u2013 so einfach ist das! W\u00e4hlen Sie aus \u00fcber 600 pers\u00f6nlich inspizierten Ferienh\u00e4usern, Cottages &amp; Ferienwohnungen in Cornwall. Suche Ferienh\u00e4user &gt; Unterk\u00fcnfte der Spitzenklasse f\u00fcr 2 Personen, Familien und Gruppen mit 4, 6, 8, 10 oder 12 G\u00e4sten. &nbsp; &nbsp; Beliebte Urlaubsorte A F Looe Port Gaverne St [&hellip;]","og_url":"https:\/\/www.urlaubcornwall.de\/blog\/ferienhaeuser-und-ferienwohnungen-cornwall-karte\/","og_site_name":"Urlaub &amp; Reisen","article_modified_time":"2018-09-20T14:45:21+00:00","twitter_card":"summary","twitter_misc":{"Est. reading time":"1 minute"},"schema":{"@context":"https:\/\/schema.org","@graph":[{"@type":"WebSite","@id":"https:\/\/www.urlaubcornwall.de\/blog\/#website","url":"https:\/\/www.urlaubcornwall.de\/blog\/","name":"Urlaub &amp; Reisen","description":"Urlaub, Reisen, Cornwall und S\u00fcdengland: eine perfekte Kombination","potentialAction":[{"@type":"SearchAction","target":{"@type":"EntryPoint","urlTemplate":"https:\/\/www.urlaubcornwall.de\/blog\/?s={search_term_string}"},"query-input":"required name=search_term_string"}],"inLanguage":"en-US"},{"@type":"WebPage","@id":"https:\/\/www.urlaubcornwall.de\/blog\/ferienhaeuser-und-ferienwohnungen-cornwall-karte\/","url":"https:\/\/www.urlaubcornwall.de\/blog\/ferienhaeuser-und-ferienwohnungen-cornwall-karte\/","name":"Ferienh\u00e4user, Ferienwohnungen & Cottages in Cornwall Karte - Urlaub &amp; Reisen","isPartOf":{"@id":"https:\/\/www.urlaubcornwall.de\/blog\/#website"},"datePublished":"2014-03-03T16:51:17+00:00","dateModified":"2018-09-20T14:45:21+00:00","breadcrumb":{"@id":"https:\/\/www.urlaubcornwall.de\/blog\/ferienhaeuser-und-ferienwohnungen-cornwall-karte\/#breadcrumb"},"inLanguage":"en-US","potentialAction":[{"@type":"ReadAction","target":["https:\/\/www.urlaubcornwall.de\/blog\/ferienhaeuser-und-ferienwohnungen-cornwall-karte\/"]}]},{"@type":"BreadcrumbList","@id":"https:\/\/www.urlaubcornwall.de\/blog\/ferienhaeuser-und-ferienwohnungen-cornwall-karte\/#breadcrumb","itemListElement":[{"@type":"ListItem","position":1,"name":"Home","item":"https:\/\/www.urlaubcornwall.de\/blog\/"},{"@type":"ListItem","position":2,"name":"Ferienh\u00e4user, Ferienwohnungen &#038; Cottages in Cornwall Karte"}]}]}},"_links":{"self":[{"href":"https:\/\/www.urlaubcornwall.de\/blog\/wp-json\/wp\/v2\/pages\/13228"}],"collection":[{"href":"https:\/\/www.urlaubcornwall.de\/blog\/wp-json\/wp\/v2\/pages"}],"about":[{"href":"https:\/\/www.urlaubcornwall.de\/blog\/wp-json\/wp\/v2\/types\/page"}],"author":[{"embeddable":true,"href":"https:\/\/www.urlaubcornwall.de\/blog\/wp-json\/wp\/v2\/users\/1"}],"replies":[{"embeddable":true,"href":"https:\/\/www.urlaubcornwall.de\/blog\/wp-json\/wp\/v2\/comments?post=13228"}],"version-history":[{"count":13,"href":"https:\/\/www.urlaubcornwall.de\/blog\/wp-json\/wp\/v2\/pages\/13228\/revisions"}],"predecessor-version":[{"id":34419,"href":"https:\/\/www.urlaubcornwall.de\/blog\/wp-json\/wp\/v2\/pages\/13228\/revisions\/34419"}],"wp:attachment":[{"href":"https:\/\/www.urlaubcornwall.de\/blog\/wp-json\/wp\/v2\/media?parent=13228"}],"curies":[{"name":"wp","href":"https:\/\/api.w.org\/{rel}","templated":true}]}}