{"id":13169,"date":"2014-03-02T09:56:07","date_gmt":"2014-03-02T09:56:07","guid":{"rendered":"https:\/\/www.urlaubcornwall.de\/blog\/?page_id=13169"},"modified":"2024-04-04T09:56:44","modified_gmt":"2024-04-04T09:56:44","slug":"urlaub-kent-sussex-eine-reise-durch-suedengland-seine-landschaft-und-geschichte","status":"publish","type":"page","link":"https:\/\/www.urlaubcornwall.de\/blog\/urlaub-kent-sussex-eine-reise-durch-suedengland-seine-landschaft-und-geschichte\/","title":{"rendered":"Urlaub Kent &#038; Sussex : Eine Reise durch S\u00fcdengland, seine Landschaft und Geschichte."},"content":{"rendered":"<p><a href=\"https:\/\/www.urlaubcornwall.de\/blog\/wp-content\/uploads\/2024\/03\/sussex-strand.jpg\"><img loading=\"lazy\" src=\"https:\/\/www.urlaubcornwall.de\/blog\/wp-content\/uploads\/2024\/03\/sussex-strand.jpg\" alt=\"sussex strand\" width=\"750\" height=\"563\" class=\"alignnone size-full wp-image-48172\" srcset=\"https:\/\/www.urlaubcornwall.de\/blog\/wp-content\/uploads\/2024\/03\/sussex-strand.jpg 750w, https:\/\/www.urlaubcornwall.de\/blog\/wp-content\/uploads\/2024\/03\/sussex-strand-300x225.jpg 300w\" sizes=\"(max-width: 750px) 100vw, 750px\" \/><\/a><\/p>\n<p>Der <a href=\"https:\/\/www.urlaubcornwall.de\/reiseziel\/suedengland.php\">Charakter S\u00fcdenglands<\/a> wurde gepr\u00e4gt von haupts\u00e4chlich drei Faktoren. Erstens ist es \u00fcberwiegend Niederland mit relativ mildem Klima; die h\u00f6chsten Punkte sind keine Berge, sondern eher eine Reihe an absteigendem Kalkland. Zweitens die N\u00e4he zum Kontinent Europa mit den Stra\u00dfen von und zu den Kanalh\u00e4fen, um Handel und Kommunikation zu f\u00f6rdern. Drittens, London als das Zwillings-Handels- und Regierungszentrum half der Region beim Aufbl\u00fchen, und dabei finden sich doch gr\u00f6\u00dftenteils kaum Industriest\u00e4dte.<\/p>\n<p>Dank der 60 Jahre \u201cGr\u00fcner G\u00fcrtel\u201d und anderer baulicher Einschr\u00e4nkungen bleibt ein Gro\u00dfteil der Landschaft unangetastet und urspr\u00fcnglich; ebenso die K\u00fcste mit ihren zahlreichen K\u00fcstenorten, die im allgemeinen von schrecklichen Entwicklungen verschont geblieben sind; auch der National Trust ist verantwortlich, Meilen der urspr\u00fcnglichen K\u00fcste zu pflegen.<\/p>\n<p>Kent und Sussex repr\u00e4sentieren viele H\u00f6hepunkte f\u00fcr Besucher, die diesen Teil Englands aufsuchen, und wir k\u00f6nnen herrlich gelegene <a href=\"https:\/\/www.urlaubcornwall.de\/ferienhaeuser\/suedengland.php\"><span style=\"text-decoration: underline;\"><strong> Ferienh\u00e4user und Ferienwohnungen<\/strong><\/span><\/a> anbieten, von Stadtappartements, Strandh\u00e4usern mit Meeresblick oder typisch englischen Landh\u00e4usern. Schauen Sie sich doch unsere F\u00fchrer an, die Sehenswertes auff\u00fchren und auch, was wir im Angebot haben.<\/p>\n<p style=\"text-align: center;\"><a class=\"tidycta\" href=\"https:\/\/www.urlaubcornwall.de\/ferienhaeuser\/suedengland.php\">Suche Ferienh\u00e4user in Kent &#038; Sussex<\/a><\/p>\n<p>Kent und Sussex repr\u00e4sentieren viele H\u00f6hepunkte f\u00fcr Besucher, die diesen Teil Englands aufsuchen, und wir k\u00f6nnen herrlich gelegene Ferienh\u00e4user und Ferienwohnungen anbieten, von Stadtappartements, Strandh\u00e4usern mit Meeresblick oder typisch englischen Landh\u00e4usern. Schauen Sie sich doch unsere F\u00fchrer an, die Sehenswertes auff\u00fchren und auch, was wir im Angebot haben.<\/p>\n<p style=\"text-align: center;\"><strong>Urlaubstipps<\/strong> <strong>f\u00fcr<\/strong> <a href=\"https:\/\/www.urlaubcornwall.de\/blog\/reiseziel-kent\/\"><span style=\"text-decoration: underline;\"><strong>Kent<\/strong><\/span><\/a> <strong>und<\/strong> <a href=\"https:\/\/www.urlaubcornwall.de\/blog\/reiseziel-sussex\/\"><span style=\"text-decoration: underline;\"><strong>Sussex<\/strong><\/span><\/a><\/p>\n","protected":false},"excerpt":{"rendered":"<p>Der Charakter S\u00fcdenglands wurde gepr\u00e4gt von haupts\u00e4chlich drei Faktoren. Erstens ist es \u00fcberwiegend Niederland mit relativ mildem Klima; die h\u00f6chsten Punkte sind keine Berge, sondern eher eine Reihe an absteigendem Kalkland. Zweitens die N\u00e4he zum Kontinent Europa mit den Stra\u00dfen von und zu den Kanalh\u00e4fen, um Handel und Kommunikation zu f\u00f6rdern. Drittens, London als das [&hellip;]<\/p>\n","protected":false},"author":1,"featured_media":0,"parent":0,"menu_order":0,"comment_status":"closed","ping_status":"closed","template":"single-four.php","meta":[],"acf":[],"yoast_head":"<!-- This site is optimized with the Yoast SEO plugin v19.4 - https:\/\/yoast.com\/wordpress\/plugins\/seo\/ -->\n<title>Urlaub Kent &amp; Sussex : Eine Reise durch S\u00fcdengland, seine Landschaft und Geschichte. - Urlaub &amp; Reisen<\/title>\n<meta name=\"robots\" content=\"index, follow, max-snippet:-1, max-image-preview:large, max-video-preview:-1\" \/>\n<link rel=\"canonical\" href=\"https:\/\/www.urlaubcornwall.de\/blog\/urlaub-kent-sussex-eine-reise-durch-suedengland-seine-landschaft-und-geschichte\/\" \/>\n<meta property=\"og:locale\" content=\"en_US\" \/>\n<meta property=\"og:type\" content=\"article\" \/>\n<meta property=\"og:title\" content=\"Urlaub Kent &amp; Sussex : Eine Reise durch S\u00fcdengland, seine Landschaft und Geschichte. - Urlaub &amp; Reisen\" \/>\n<meta property=\"og:description\" content=\"Der Charakter S\u00fcdenglands wurde gepr\u00e4gt von haupts\u00e4chlich drei Faktoren. Erstens ist es \u00fcberwiegend Niederland mit relativ mildem Klima; die h\u00f6chsten Punkte sind keine Berge, sondern eher eine Reihe an absteigendem Kalkland. Zweitens die N\u00e4he zum Kontinent Europa mit den Stra\u00dfen von und zu den Kanalh\u00e4fen, um Handel und Kommunikation zu f\u00f6rdern. Drittens, London als das [&hellip;]\" \/>\n<meta property=\"og:url\" content=\"https:\/\/www.urlaubcornwall.de\/blog\/urlaub-kent-sussex-eine-reise-durch-suedengland-seine-landschaft-und-geschichte\/\" \/>\n<meta property=\"og:site_name\" content=\"Urlaub &amp; Reisen\" \/>\n<meta property=\"article:modified_time\" content=\"2024-04-04T09:56:44+00:00\" \/>\n<meta property=\"og:image\" content=\"https:\/\/www.urlaubcornwall.de\/blog\/wp-content\/uploads\/2024\/03\/sussex-strand.jpg\" \/>\n<meta name=\"twitter:card\" content=\"summary\" \/>\n<meta name=\"twitter:label1\" content=\"Est. reading time\" \/>\n\t<meta name=\"twitter:data1\" content=\"2 minutes\" \/>\n<script type=\"application\/ld+json\" class=\"yoast-schema-graph\">{\"@context\":\"https:\/\/schema.org\",\"@graph\":[{\"@type\":\"WebSite\",\"@id\":\"https:\/\/www.urlaubcornwall.de\/blog\/#website\",\"url\":\"https:\/\/www.urlaubcornwall.de\/blog\/\",\"name\":\"Urlaub &amp; Reisen\",\"description\":\"Urlaub, Reisen, Cornwall und S\u00fcdengland: eine perfekte Kombination\",\"potentialAction\":[{\"@type\":\"SearchAction\",\"target\":{\"@type\":\"EntryPoint\",\"urlTemplate\":\"https:\/\/www.urlaubcornwall.de\/blog\/?s={search_term_string}\"},\"query-input\":\"required name=search_term_string\"}],\"inLanguage\":\"en-US\"},{\"@type\":\"WebPage\",\"@id\":\"https:\/\/www.urlaubcornwall.de\/blog\/urlaub-kent-sussex-eine-reise-durch-suedengland-seine-landschaft-und-geschichte\/\",\"url\":\"https:\/\/www.urlaubcornwall.de\/blog\/urlaub-kent-sussex-eine-reise-durch-suedengland-seine-landschaft-und-geschichte\/\",\"name\":\"Urlaub Kent & Sussex : Eine Reise durch S\u00fcdengland, seine Landschaft und Geschichte. - Urlaub &amp; Reisen\",\"isPartOf\":{\"@id\":\"https:\/\/www.urlaubcornwall.de\/blog\/#website\"},\"datePublished\":\"2014-03-02T09:56:07+00:00\",\"dateModified\":\"2024-04-04T09:56:44+00:00\",\"breadcrumb\":{\"@id\":\"https:\/\/www.urlaubcornwall.de\/blog\/urlaub-kent-sussex-eine-reise-durch-suedengland-seine-landschaft-und-geschichte\/#breadcrumb\"},\"inLanguage\":\"en-US\",\"potentialAction\":[{\"@type\":\"ReadAction\",\"target\":[\"https:\/\/www.urlaubcornwall.de\/blog\/urlaub-kent-sussex-eine-reise-durch-suedengland-seine-landschaft-und-geschichte\/\"]}]},{\"@type\":\"BreadcrumbList\",\"@id\":\"https:\/\/www.urlaubcornwall.de\/blog\/urlaub-kent-sussex-eine-reise-durch-suedengland-seine-landschaft-und-geschichte\/#breadcrumb\",\"itemListElement\":[{\"@type\":\"ListItem\",\"position\":1,\"name\":\"Home\",\"item\":\"https:\/\/www.urlaubcornwall.de\/blog\/\"},{\"@type\":\"ListItem\",\"position\":2,\"name\":\"Urlaub Kent &#038; Sussex : Eine Reise durch S\u00fcdengland, seine Landschaft und Geschichte.\"}]}]}<\/script>\n<!-- \/ Yoast SEO plugin. -->","yoast_head_json":{"title":"Urlaub Kent & Sussex : Eine Reise durch S\u00fcdengland, seine Landschaft und Geschichte. - Urlaub &amp; Reisen","robots":{"index":"index","follow":"follow","max-snippet":"max-snippet:-1","max-image-preview":"max-image-preview:large","max-video-preview":"max-video-preview:-1"},"canonical":"https:\/\/www.urlaubcornwall.de\/blog\/urlaub-kent-sussex-eine-reise-durch-suedengland-seine-landschaft-und-geschichte\/","og_locale":"en_US","og_type":"article","og_title":"Urlaub Kent & Sussex : Eine Reise durch S\u00fcdengland, seine Landschaft und Geschichte. - Urlaub &amp; Reisen","og_description":"Der Charakter S\u00fcdenglands wurde gepr\u00e4gt von haupts\u00e4chlich drei Faktoren. Erstens ist es \u00fcberwiegend Niederland mit relativ mildem Klima; die h\u00f6chsten Punkte sind keine Berge, sondern eher eine Reihe an absteigendem Kalkland. Zweitens die N\u00e4he zum Kontinent Europa mit den Stra\u00dfen von und zu den Kanalh\u00e4fen, um Handel und Kommunikation zu f\u00f6rdern. Drittens, London als das [&hellip;]","og_url":"https:\/\/www.urlaubcornwall.de\/blog\/urlaub-kent-sussex-eine-reise-durch-suedengland-seine-landschaft-und-geschichte\/","og_site_name":"Urlaub &amp; Reisen","article_modified_time":"2024-04-04T09:56:44+00:00","og_image":[{"url":"https:\/\/www.urlaubcornwall.de\/blog\/wp-content\/uploads\/2024\/03\/sussex-strand.jpg"}],"twitter_card":"summary","twitter_misc":{"Est. reading time":"2 minutes"},"schema":{"@context":"https:\/\/schema.org","@graph":[{"@type":"WebSite","@id":"https:\/\/www.urlaubcornwall.de\/blog\/#website","url":"https:\/\/www.urlaubcornwall.de\/blog\/","name":"Urlaub &amp; Reisen","description":"Urlaub, Reisen, Cornwall und S\u00fcdengland: eine perfekte Kombination","potentialAction":[{"@type":"SearchAction","target":{"@type":"EntryPoint","urlTemplate":"https:\/\/www.urlaubcornwall.de\/blog\/?s={search_term_string}"},"query-input":"required name=search_term_string"}],"inLanguage":"en-US"},{"@type":"WebPage","@id":"https:\/\/www.urlaubcornwall.de\/blog\/urlaub-kent-sussex-eine-reise-durch-suedengland-seine-landschaft-und-geschichte\/","url":"https:\/\/www.urlaubcornwall.de\/blog\/urlaub-kent-sussex-eine-reise-durch-suedengland-seine-landschaft-und-geschichte\/","name":"Urlaub Kent & Sussex : Eine Reise durch S\u00fcdengland, seine Landschaft und Geschichte. - Urlaub &amp; Reisen","isPartOf":{"@id":"https:\/\/www.urlaubcornwall.de\/blog\/#website"},"datePublished":"2014-03-02T09:56:07+00:00","dateModified":"2024-04-04T09:56:44+00:00","breadcrumb":{"@id":"https:\/\/www.urlaubcornwall.de\/blog\/urlaub-kent-sussex-eine-reise-durch-suedengland-seine-landschaft-und-geschichte\/#breadcrumb"},"inLanguage":"en-US","potentialAction":[{"@type":"ReadAction","target":["https:\/\/www.urlaubcornwall.de\/blog\/urlaub-kent-sussex-eine-reise-durch-suedengland-seine-landschaft-und-geschichte\/"]}]},{"@type":"BreadcrumbList","@id":"https:\/\/www.urlaubcornwall.de\/blog\/urlaub-kent-sussex-eine-reise-durch-suedengland-seine-landschaft-und-geschichte\/#breadcrumb","itemListElement":[{"@type":"ListItem","position":1,"name":"Home","item":"https:\/\/www.urlaubcornwall.de\/blog\/"},{"@type":"ListItem","position":2,"name":"Urlaub Kent &#038; Sussex : Eine Reise durch S\u00fcdengland, seine Landschaft und Geschichte."}]}]}},"_links":{"self":[{"href":"https:\/\/www.urlaubcornwall.de\/blog\/wp-json\/wp\/v2\/pages\/13169"}],"collection":[{"href":"https:\/\/www.urlaubcornwall.de\/blog\/wp-json\/wp\/v2\/pages"}],"about":[{"href":"https:\/\/www.urlaubcornwall.de\/blog\/wp-json\/wp\/v2\/types\/page"}],"author":[{"embeddable":true,"href":"https:\/\/www.urlaubcornwall.de\/blog\/wp-json\/wp\/v2\/users\/1"}],"replies":[{"embeddable":true,"href":"https:\/\/www.urlaubcornwall.de\/blog\/wp-json\/wp\/v2\/comments?post=13169"}],"version-history":[{"count":13,"href":"https:\/\/www.urlaubcornwall.de\/blog\/wp-json\/wp\/v2\/pages\/13169\/revisions"}],"predecessor-version":[{"id":13173,"href":"https:\/\/www.urlaubcornwall.de\/blog\/wp-json\/wp\/v2\/pages\/13169\/revisions\/13173"}],"wp:attachment":[{"href":"https:\/\/www.urlaubcornwall.de\/blog\/wp-json\/wp\/v2\/media?parent=13169"}],"curies":[{"name":"wp","href":"https:\/\/api.w.org\/{rel}","templated":true}]}}