{"id":12943,"date":"2014-01-31T16:33:36","date_gmt":"2014-01-31T16:33:36","guid":{"rendered":"https:\/\/www.urlaubcornwall.de\/blog\/?page_id=12943"},"modified":"2021-08-13T08:57:48","modified_gmt":"2021-08-13T08:57:48","slug":"anchorage-ferienhaus-fuer-12-cornwall","status":"publish","type":"page","link":"https:\/\/www.urlaubcornwall.de\/blog\/anchorage-ferienhaus-fuer-12-cornwall\/","title":{"rendered":"Anchorage \u2013 Ferienhaus f\u00fcr 12 Cornwall"},"content":{"rendered":"<p><strong>6 Schlafzimmer, hundefreundlich, Ferienhaus mit Meerblick Port Isaac, Nordk\u00fcste Cornwall. Preisspanne Y (\u00a31158 &#8211; \u00a33519)<\/strong><\/p>\n<p>Oben bei Port Isaac gelegen, schmiegt sich Anchorage ein inmitten seiner eleganten Nachbarn dieser beliebten H\u00e4userreihe, von der aus der Blick \u00fcber die Bucht Port Gaverne zur Nordk\u00fcste Cornwalls f\u00fchrt. Die hervorragende Lage des bezaubernden viktorianischen Hauses besticht mit seinem Panoramablick \u00fcber das Meer, die Klippen und die K\u00fcste. Es wurde liebevoll und geschickt restauriert, um ein au\u00dferordentliches Zuhause vom Zuhause zu schaffen.<\/p>\n<p style=\"text-align: center;\"><a class=\"tidycta\" href=\"https:\/\/www.urlaubcornwall.de\/ferienhaeuser-fewos\/unterkunft\/Classic\/2305-anchorage.html\">Anfrage \/ Buchung<\/a><\/p>\n<p>Die Meereslandschaft stellt einen beneidenswerten Hintergrund des gro\u00dfz\u00fcgigen, einladenden Wohnzimmers dar, von dem aus Sie den mit einem Glasdach versehenen Essbereich betreten. Hier k\u00f6nnen Sie k\u00f6stliche Mahlzeiten einnehmen, wenn diese erst einmal vorbereitet wurden in der modernen und gut ausgestatteten K\u00fcche. Wei\u00dfe und schwarze Farbt\u00f6ne finden sich wider im ganzen Haus, um den urspr\u00fcnglichen cornischen Schieferboden in der K\u00fcche, sowie die Fliesen in den Bade- und Duschr\u00e4umen zu erg\u00e4nzen. Da es sich um ein wahrhaft viktorianisches Geb\u00e4ude handelt, f\u00fchren Treppen zu den Schlafr\u00e4umen, die \u00fcber drei Ebenen hinweg verteilt sind und jedes seinen eigenen Bade- oder Duschraum hat. Das Wohnzimmer und zwei der Schlafzimmer verf\u00fcgen \u00fcber Meeresblick, den die G\u00e4ste bei jeder Wetterlage genie\u00dfen k\u00f6nnen. Das sechste Schlafzimmer erreichen Sie \u00fcber steile Stufen; es hat eine eingeschr\u00e4nkte H\u00f6he (gro\u00dfe G\u00e4ste m\u00fcssen achtgeben), und das Doppelbett ist lediglich von einer Seite her zug\u00e4nglich. Dieser Raum ist ungeeignet f\u00fcr kleine Kinder oder Menschen mit eingeschr\u00e4nkter Beweglichkeit.<\/p>\n<p>Im Au\u00dfenbereich des eingegrenzten, terrassenartig angelegten Gartens befinden sich verschiedene M\u00f6glichkeiten, im Freien zu speisen. Vor dem Haus gibt es eine entz\u00fcckende Terrasse, auf der sich herrlich bei Sonnenuntergang entspannen l\u00e4sst. Port Isaac mit seinen verwundenen, engen Gassen, besonderen Gesch\u00e4ften und Teeh\u00e4usern, Restaurants und Kneipen, wird sie stundenlang bei Laune halten, und die Einheimischen sind stets sehr herzlich. Vom Anchorage f\u00fchrt die Stra\u00dfe hinunter zum Port Gaverne, einer gesch\u00fctzten Bucht, wo sowohl Kinder als auch Erwachsene das kristallblaue Meer genie\u00dfen werden. K\u00fcstenpfade zu erklimmen ist ein Muss in dieser Gegend von ganz besonderer Natursch\u00f6nheit und eine Vielfalt an Wassersportm\u00f6glichkeiten ist bei Polzeath und Rock geboten.<\/p>\n<p style=\"text-align: center;\"><a class=\"tidycta\" href=\"https:\/\/www.urlaubcornwall.de\/ferienhaeuser-fewos\/unterkunft\/Classic\/2305-anchorage.html\">Anfrage \/ Buchung<\/a><\/p>\n<p><strong>Einrichtungen<\/strong><\/p>\n<p>\u2022 Private Parkm\u00f6glichkeit f\u00fcr 2 Autos. Parken auf der Stra\u00dfe<br \/>\n\u2022 Brennstoff und Strom inbegriffen<br \/>\n\u2022 Internetzugang<br \/>\n\u2022 Bettw\u00e4sche und Handt\u00fccher inbegriffen<br \/>\n\u2022 Gartenm\u00f6bel und BBQ<br \/>\n\u2022 Laden 200 m<br \/>\n\u2022 Pub 100 m<br \/>\n\u2022 M\u00fcnztelefon 150 m<br \/>\n\u2022 Rauchen verboten<br \/>\n\u2022 hundefreundlich (1 Hund).<br \/>\n\u2022 Ankunftstag Samstag<\/p>\n<p style=\"text-align: center;\"><a class=\"tidycta\" href=\"https:\/\/www.urlaubcornwall.de\/ferienhaeuser-fewos\/cornwall-fuer-12-personen.html\">Ferienh\u00e4user f\u00fcr 12 Cornwall<\/a><\/p>\n<p><strong>Um UrlaubCornwall einzigartige Kollektion nach Ihrem idealen Ferienhaus zu durchsuchen.<\/strong> <a href=\"http:\/\/www.urlaubcornwall.de\/ferienhaeuser-fewos.php\"><span style=\"text-decoration: underline;\"><strong>Klicken Sie hier<\/strong><\/span><strong> &gt;&gt;<\/strong><\/a><\/p>\n","protected":false},"excerpt":{"rendered":"<p>6 Schlafzimmer, hundefreundlich, Ferienhaus mit Meerblick Port Isaac, Nordk\u00fcste Cornwall. Preisspanne Y (\u00a31158 &#8211; \u00a33519) Oben bei Port Isaac gelegen, schmiegt sich Anchorage ein inmitten seiner eleganten Nachbarn dieser beliebten H\u00e4userreihe, von der aus der Blick \u00fcber die Bucht Port Gaverne zur Nordk\u00fcste Cornwalls f\u00fchrt. Die hervorragende Lage des bezaubernden viktorianischen Hauses besticht mit seinem [&hellip;]<\/p>\n","protected":false},"author":1,"featured_media":0,"parent":0,"menu_order":0,"comment_status":"closed","ping_status":"closed","template":"single-two.php","meta":[],"acf":[],"yoast_head":"<!-- This site is optimized with the Yoast SEO plugin v19.4 - https:\/\/yoast.com\/wordpress\/plugins\/seo\/ -->\n<title>Anchorage \u2013 Ferienhaus f\u00fcr 12 Cornwall - Urlaub &amp; Reisen<\/title>\n<meta name=\"robots\" content=\"index, follow, max-snippet:-1, max-image-preview:large, max-video-preview:-1\" \/>\n<link rel=\"canonical\" href=\"https:\/\/www.urlaubcornwall.de\/blog\/anchorage-ferienhaus-fuer-12-cornwall\/\" \/>\n<meta property=\"og:locale\" content=\"en_US\" \/>\n<meta property=\"og:type\" content=\"article\" \/>\n<meta property=\"og:title\" content=\"Anchorage \u2013 Ferienhaus f\u00fcr 12 Cornwall - Urlaub &amp; Reisen\" \/>\n<meta property=\"og:description\" content=\"6 Schlafzimmer, hundefreundlich, Ferienhaus mit Meerblick Port Isaac, Nordk\u00fcste Cornwall. Preisspanne Y (\u00a31158 &#8211; \u00a33519) Oben bei Port Isaac gelegen, schmiegt sich Anchorage ein inmitten seiner eleganten Nachbarn dieser beliebten H\u00e4userreihe, von der aus der Blick \u00fcber die Bucht Port Gaverne zur Nordk\u00fcste Cornwalls f\u00fchrt. Die hervorragende Lage des bezaubernden viktorianischen Hauses besticht mit seinem [&hellip;]\" \/>\n<meta property=\"og:url\" content=\"https:\/\/www.urlaubcornwall.de\/blog\/anchorage-ferienhaus-fuer-12-cornwall\/\" \/>\n<meta property=\"og:site_name\" content=\"Urlaub &amp; Reisen\" \/>\n<meta property=\"article:modified_time\" content=\"2021-08-13T08:57:48+00:00\" \/>\n<meta name=\"twitter:card\" content=\"summary\" \/>\n<meta name=\"twitter:label1\" content=\"Est. reading time\" \/>\n\t<meta name=\"twitter:data1\" content=\"2 minutes\" \/>\n<script type=\"application\/ld+json\" class=\"yoast-schema-graph\">{\"@context\":\"https:\/\/schema.org\",\"@graph\":[{\"@type\":\"WebSite\",\"@id\":\"https:\/\/www.urlaubcornwall.de\/blog\/#website\",\"url\":\"https:\/\/www.urlaubcornwall.de\/blog\/\",\"name\":\"Urlaub &amp; Reisen\",\"description\":\"Urlaub, Reisen, Cornwall und S\u00fcdengland: eine perfekte Kombination\",\"potentialAction\":[{\"@type\":\"SearchAction\",\"target\":{\"@type\":\"EntryPoint\",\"urlTemplate\":\"https:\/\/www.urlaubcornwall.de\/blog\/?s={search_term_string}\"},\"query-input\":\"required name=search_term_string\"}],\"inLanguage\":\"en-US\"},{\"@type\":\"WebPage\",\"@id\":\"https:\/\/www.urlaubcornwall.de\/blog\/anchorage-ferienhaus-fuer-12-cornwall\/\",\"url\":\"https:\/\/www.urlaubcornwall.de\/blog\/anchorage-ferienhaus-fuer-12-cornwall\/\",\"name\":\"Anchorage \u2013 Ferienhaus f\u00fcr 12 Cornwall - Urlaub &amp; Reisen\",\"isPartOf\":{\"@id\":\"https:\/\/www.urlaubcornwall.de\/blog\/#website\"},\"datePublished\":\"2014-01-31T16:33:36+00:00\",\"dateModified\":\"2021-08-13T08:57:48+00:00\",\"breadcrumb\":{\"@id\":\"https:\/\/www.urlaubcornwall.de\/blog\/anchorage-ferienhaus-fuer-12-cornwall\/#breadcrumb\"},\"inLanguage\":\"en-US\",\"potentialAction\":[{\"@type\":\"ReadAction\",\"target\":[\"https:\/\/www.urlaubcornwall.de\/blog\/anchorage-ferienhaus-fuer-12-cornwall\/\"]}]},{\"@type\":\"BreadcrumbList\",\"@id\":\"https:\/\/www.urlaubcornwall.de\/blog\/anchorage-ferienhaus-fuer-12-cornwall\/#breadcrumb\",\"itemListElement\":[{\"@type\":\"ListItem\",\"position\":1,\"name\":\"Home\",\"item\":\"https:\/\/www.urlaubcornwall.de\/blog\/\"},{\"@type\":\"ListItem\",\"position\":2,\"name\":\"Anchorage \u2013 Ferienhaus f\u00fcr 12 Cornwall\"}]}]}<\/script>\n<!-- \/ Yoast SEO plugin. -->","yoast_head_json":{"title":"Anchorage \u2013 Ferienhaus f\u00fcr 12 Cornwall - Urlaub &amp; Reisen","robots":{"index":"index","follow":"follow","max-snippet":"max-snippet:-1","max-image-preview":"max-image-preview:large","max-video-preview":"max-video-preview:-1"},"canonical":"https:\/\/www.urlaubcornwall.de\/blog\/anchorage-ferienhaus-fuer-12-cornwall\/","og_locale":"en_US","og_type":"article","og_title":"Anchorage \u2013 Ferienhaus f\u00fcr 12 Cornwall - Urlaub &amp; Reisen","og_description":"6 Schlafzimmer, hundefreundlich, Ferienhaus mit Meerblick Port Isaac, Nordk\u00fcste Cornwall. Preisspanne Y (\u00a31158 &#8211; \u00a33519) Oben bei Port Isaac gelegen, schmiegt sich Anchorage ein inmitten seiner eleganten Nachbarn dieser beliebten H\u00e4userreihe, von der aus der Blick \u00fcber die Bucht Port Gaverne zur Nordk\u00fcste Cornwalls f\u00fchrt. Die hervorragende Lage des bezaubernden viktorianischen Hauses besticht mit seinem [&hellip;]","og_url":"https:\/\/www.urlaubcornwall.de\/blog\/anchorage-ferienhaus-fuer-12-cornwall\/","og_site_name":"Urlaub &amp; Reisen","article_modified_time":"2021-08-13T08:57:48+00:00","twitter_card":"summary","twitter_misc":{"Est. reading time":"2 minutes"},"schema":{"@context":"https:\/\/schema.org","@graph":[{"@type":"WebSite","@id":"https:\/\/www.urlaubcornwall.de\/blog\/#website","url":"https:\/\/www.urlaubcornwall.de\/blog\/","name":"Urlaub &amp; Reisen","description":"Urlaub, Reisen, Cornwall und S\u00fcdengland: eine perfekte Kombination","potentialAction":[{"@type":"SearchAction","target":{"@type":"EntryPoint","urlTemplate":"https:\/\/www.urlaubcornwall.de\/blog\/?s={search_term_string}"},"query-input":"required name=search_term_string"}],"inLanguage":"en-US"},{"@type":"WebPage","@id":"https:\/\/www.urlaubcornwall.de\/blog\/anchorage-ferienhaus-fuer-12-cornwall\/","url":"https:\/\/www.urlaubcornwall.de\/blog\/anchorage-ferienhaus-fuer-12-cornwall\/","name":"Anchorage \u2013 Ferienhaus f\u00fcr 12 Cornwall - Urlaub &amp; Reisen","isPartOf":{"@id":"https:\/\/www.urlaubcornwall.de\/blog\/#website"},"datePublished":"2014-01-31T16:33:36+00:00","dateModified":"2021-08-13T08:57:48+00:00","breadcrumb":{"@id":"https:\/\/www.urlaubcornwall.de\/blog\/anchorage-ferienhaus-fuer-12-cornwall\/#breadcrumb"},"inLanguage":"en-US","potentialAction":[{"@type":"ReadAction","target":["https:\/\/www.urlaubcornwall.de\/blog\/anchorage-ferienhaus-fuer-12-cornwall\/"]}]},{"@type":"BreadcrumbList","@id":"https:\/\/www.urlaubcornwall.de\/blog\/anchorage-ferienhaus-fuer-12-cornwall\/#breadcrumb","itemListElement":[{"@type":"ListItem","position":1,"name":"Home","item":"https:\/\/www.urlaubcornwall.de\/blog\/"},{"@type":"ListItem","position":2,"name":"Anchorage \u2013 Ferienhaus f\u00fcr 12 Cornwall"}]}]}},"_links":{"self":[{"href":"https:\/\/www.urlaubcornwall.de\/blog\/wp-json\/wp\/v2\/pages\/12943"}],"collection":[{"href":"https:\/\/www.urlaubcornwall.de\/blog\/wp-json\/wp\/v2\/pages"}],"about":[{"href":"https:\/\/www.urlaubcornwall.de\/blog\/wp-json\/wp\/v2\/types\/page"}],"author":[{"embeddable":true,"href":"https:\/\/www.urlaubcornwall.de\/blog\/wp-json\/wp\/v2\/users\/1"}],"replies":[{"embeddable":true,"href":"https:\/\/www.urlaubcornwall.de\/blog\/wp-json\/wp\/v2\/comments?post=12943"}],"version-history":[{"count":6,"href":"https:\/\/www.urlaubcornwall.de\/blog\/wp-json\/wp\/v2\/pages\/12943\/revisions"}],"predecessor-version":[{"id":42204,"href":"https:\/\/www.urlaubcornwall.de\/blog\/wp-json\/wp\/v2\/pages\/12943\/revisions\/42204"}],"wp:attachment":[{"href":"https:\/\/www.urlaubcornwall.de\/blog\/wp-json\/wp\/v2\/media?parent=12943"}],"curies":[{"name":"wp","href":"https:\/\/api.w.org\/{rel}","templated":true}]}}