{"id":12935,"date":"2014-01-31T16:25:26","date_gmt":"2014-01-31T16:25:26","guid":{"rendered":"https:\/\/www.urlaubcornwall.de\/blog\/?page_id=12935"},"modified":"2024-03-27T15:35:28","modified_gmt":"2024-03-27T15:35:28","slug":"twelve-steps-ferienhaus-fuer-10-cornwall","status":"publish","type":"page","link":"https:\/\/www.urlaubcornwall.de\/blog\/twelve-steps-ferienhaus-fuer-10-cornwall\/","title":{"rendered":"Twelve Steps- Ferienhaus Newquay f\u00fcr 10 Cornwall"},"content":{"rendered":"<p><strong>5 Schlafzimmer, leider keine Haustiere erlaubt, Ferienhaus mit Meerblick 7.4 Kilometer NO von Newquay, Nordk\u00fcste Cornwall. Preisspanne <\/strong><\/p>\n<p>Twelve Steps befindet sich abseits der K\u00fcstenstra\u00dfe, die hinunter f\u00fchrt nach <a href=\"https:\/\/www.urlaubcornwall.de\/ferienhaeuser-fewos\/mawgan-porth.html\">Mawgan Porth<\/a>, einem Paradies f\u00fcr Surfer an der <a href=\"https:\/\/www.urlaubcornwall.de\/ferienhaeuser-fewos\/nordkueste-cornwall.html\">Nordk\u00fcste<\/a>. Twelve Steps ist eine zeitgen\u00f6ssische Ferienunterkunft mit Meeresblick und direktem Zugang zum Strand \u00fcber einen Pfad vom eingegrenzten Garten aus. Bei der Renovierung wurde viel Wert darauf gelegt, das Meiste aus dem Blick und Zugang zum h\u00fcbschen Garten zu machen. Gro\u00dfe Fl\u00fcgelt\u00fcren f\u00fchren vom offenen Wohnbereich hinaus, eingerichtet auch mit einer entz\u00fcckenden K\u00fcche mit Granitarbeitsfl\u00e4chen, Essbereich, Holzofen und bequemen Sofas. Vier der Schlafr\u00e4ume befinden sich im Erdgeschoss, einschlie\u00dflich des Hauptschlafzimmers, das mit Meeresblick und einem en-suite-Badezimmer besticht.<\/p>\n<p><a href=\"https:\/\/www.urlaubcornwall.de\/ferienhaeuser-fewos\/newquay.html\"><strong>Suche Ferienh\u00e4user Newquay<\/strong><\/a><\/p>\n<p>Im Obergeschoss befindet sich ein weiteres Doppelschlafzimmer mit en-suite-Badezimmer, Balkon (bitte achten Sie auf Ihre Kinder) und Blick \u00fcber die Stra\u00dfe hin zur weiten Landschaft. Auch gibt es im Obergeschoss ein herrliches Wohnzimmer \u2013 wiederum mit vollverglaster Fensterfront und atemberaubendem Meeresblick. Von hier aus k\u00f6nnen Sie viele Stunden damit verbringen, aufs Meer zu schauen und Ihren n\u00e4chsten Urlaub hier zu planen. M\u00fchelos k\u00f6nnen Sie diese herrliche K\u00fcstengegend erkunden, Jamie Oliver\u2019s Beach Hut an der Watergate Bay l\u00e4dt zum Genie\u00dfen ein; der familienfreundliche Stand Mawgan Porths befindet sich direkt vor Ihrer Haust\u00fcre, und auch ein Tagesausflug zum Eden Projekt l\u00e4sst sich leicht organisieren.<\/p>\n<p><strong>Einrichtungen<\/strong><\/p>\n<p>\u2022 Private Parkm\u00f6glichkeit f\u00fcr 2 Autos.<br \/>\n\u2022 Brennstoff und Strom inbegriffen<br \/>\n\u2022 Internetzugang<br \/>\n\u2022 Bettw\u00e4sche und Handt\u00fccher inbegriffen<br \/>\n\u2022 Gartenm\u00f6bel und Grill.<br \/>\n\u2022 Einkaufsm\u00f6glichkeit 0,5 Meilen<br \/>\n\u2022 Kneipe 0,5 Meilen<br \/>\n\u2022 \u00d6ffentliche Telefonzelle 0,5 Meilen<br \/>\n\u2022 Rauchen nicht erlaubt<br \/>\n\u2022 Tiere nicht erlaubt<br \/>\n\u2022 Ankunft\/Abreise Freitag<\/p>\n<p><a href=\"https:\/\/www.urlaubcornwall.de\/ferienhaeuser-fewos\/newquay.html\"><strong>Suche Ferienh\u00e4user Newquay<\/strong><\/a><\/p>\n","protected":false},"excerpt":{"rendered":"<p>5 Schlafzimmer, leider keine Haustiere erlaubt, Ferienhaus mit Meerblick 7.4 Kilometer NO von Newquay, Nordk\u00fcste Cornwall. Preisspanne Twelve Steps befindet sich abseits der K\u00fcstenstra\u00dfe, die hinunter f\u00fchrt nach Mawgan Porth, einem Paradies f\u00fcr Surfer an der Nordk\u00fcste. Twelve Steps ist eine zeitgen\u00f6ssische Ferienunterkunft mit Meeresblick und direktem Zugang zum Strand \u00fcber einen Pfad vom eingegrenzten [&hellip;]<\/p>\n","protected":false},"author":1,"featured_media":0,"parent":0,"menu_order":0,"comment_status":"closed","ping_status":"closed","template":"single-two.php","meta":[],"acf":[],"yoast_head":"<!-- This site is optimized with the Yoast SEO plugin v19.4 - https:\/\/yoast.com\/wordpress\/plugins\/seo\/ -->\n<title>Twelve Steps- Ferienhaus Newquay f\u00fcr 10 Cornwall - Urlaub &amp; Reisen<\/title>\n<meta name=\"robots\" content=\"index, follow, max-snippet:-1, max-image-preview:large, max-video-preview:-1\" \/>\n<link rel=\"canonical\" href=\"https:\/\/www.urlaubcornwall.de\/blog\/twelve-steps-ferienhaus-fuer-10-cornwall\/\" \/>\n<meta property=\"og:locale\" content=\"en_US\" \/>\n<meta property=\"og:type\" content=\"article\" \/>\n<meta property=\"og:title\" content=\"Twelve Steps- Ferienhaus Newquay f\u00fcr 10 Cornwall - Urlaub &amp; Reisen\" \/>\n<meta property=\"og:description\" content=\"5 Schlafzimmer, leider keine Haustiere erlaubt, Ferienhaus mit Meerblick 7.4 Kilometer NO von Newquay, Nordk\u00fcste Cornwall. Preisspanne Twelve Steps befindet sich abseits der K\u00fcstenstra\u00dfe, die hinunter f\u00fchrt nach Mawgan Porth, einem Paradies f\u00fcr Surfer an der Nordk\u00fcste. Twelve Steps ist eine zeitgen\u00f6ssische Ferienunterkunft mit Meeresblick und direktem Zugang zum Strand \u00fcber einen Pfad vom eingegrenzten [&hellip;]\" \/>\n<meta property=\"og:url\" content=\"https:\/\/www.urlaubcornwall.de\/blog\/twelve-steps-ferienhaus-fuer-10-cornwall\/\" \/>\n<meta property=\"og:site_name\" content=\"Urlaub &amp; Reisen\" \/>\n<meta property=\"article:modified_time\" content=\"2024-03-27T15:35:28+00:00\" \/>\n<meta name=\"twitter:card\" content=\"summary\" \/>\n<meta name=\"twitter:label1\" content=\"Est. reading time\" \/>\n\t<meta name=\"twitter:data1\" content=\"2 minutes\" \/>\n<script type=\"application\/ld+json\" class=\"yoast-schema-graph\">{\"@context\":\"https:\/\/schema.org\",\"@graph\":[{\"@type\":\"WebSite\",\"@id\":\"https:\/\/www.urlaubcornwall.de\/blog\/#website\",\"url\":\"https:\/\/www.urlaubcornwall.de\/blog\/\",\"name\":\"Urlaub &amp; Reisen\",\"description\":\"Urlaub, Reisen, Cornwall und S\u00fcdengland: eine perfekte Kombination\",\"potentialAction\":[{\"@type\":\"SearchAction\",\"target\":{\"@type\":\"EntryPoint\",\"urlTemplate\":\"https:\/\/www.urlaubcornwall.de\/blog\/?s={search_term_string}\"},\"query-input\":\"required name=search_term_string\"}],\"inLanguage\":\"en-US\"},{\"@type\":\"WebPage\",\"@id\":\"https:\/\/www.urlaubcornwall.de\/blog\/twelve-steps-ferienhaus-fuer-10-cornwall\/\",\"url\":\"https:\/\/www.urlaubcornwall.de\/blog\/twelve-steps-ferienhaus-fuer-10-cornwall\/\",\"name\":\"Twelve Steps- Ferienhaus Newquay f\u00fcr 10 Cornwall - Urlaub &amp; Reisen\",\"isPartOf\":{\"@id\":\"https:\/\/www.urlaubcornwall.de\/blog\/#website\"},\"datePublished\":\"2014-01-31T16:25:26+00:00\",\"dateModified\":\"2024-03-27T15:35:28+00:00\",\"breadcrumb\":{\"@id\":\"https:\/\/www.urlaubcornwall.de\/blog\/twelve-steps-ferienhaus-fuer-10-cornwall\/#breadcrumb\"},\"inLanguage\":\"en-US\",\"potentialAction\":[{\"@type\":\"ReadAction\",\"target\":[\"https:\/\/www.urlaubcornwall.de\/blog\/twelve-steps-ferienhaus-fuer-10-cornwall\/\"]}]},{\"@type\":\"BreadcrumbList\",\"@id\":\"https:\/\/www.urlaubcornwall.de\/blog\/twelve-steps-ferienhaus-fuer-10-cornwall\/#breadcrumb\",\"itemListElement\":[{\"@type\":\"ListItem\",\"position\":1,\"name\":\"Home\",\"item\":\"https:\/\/www.urlaubcornwall.de\/blog\/\"},{\"@type\":\"ListItem\",\"position\":2,\"name\":\"Twelve Steps- Ferienhaus Newquay f\u00fcr 10 Cornwall\"}]}]}<\/script>\n<!-- \/ Yoast SEO plugin. -->","yoast_head_json":{"title":"Twelve Steps- Ferienhaus Newquay f\u00fcr 10 Cornwall - Urlaub &amp; Reisen","robots":{"index":"index","follow":"follow","max-snippet":"max-snippet:-1","max-image-preview":"max-image-preview:large","max-video-preview":"max-video-preview:-1"},"canonical":"https:\/\/www.urlaubcornwall.de\/blog\/twelve-steps-ferienhaus-fuer-10-cornwall\/","og_locale":"en_US","og_type":"article","og_title":"Twelve Steps- Ferienhaus Newquay f\u00fcr 10 Cornwall - Urlaub &amp; Reisen","og_description":"5 Schlafzimmer, leider keine Haustiere erlaubt, Ferienhaus mit Meerblick 7.4 Kilometer NO von Newquay, Nordk\u00fcste Cornwall. Preisspanne Twelve Steps befindet sich abseits der K\u00fcstenstra\u00dfe, die hinunter f\u00fchrt nach Mawgan Porth, einem Paradies f\u00fcr Surfer an der Nordk\u00fcste. Twelve Steps ist eine zeitgen\u00f6ssische Ferienunterkunft mit Meeresblick und direktem Zugang zum Strand \u00fcber einen Pfad vom eingegrenzten [&hellip;]","og_url":"https:\/\/www.urlaubcornwall.de\/blog\/twelve-steps-ferienhaus-fuer-10-cornwall\/","og_site_name":"Urlaub &amp; Reisen","article_modified_time":"2024-03-27T15:35:28+00:00","twitter_card":"summary","twitter_misc":{"Est. reading time":"2 minutes"},"schema":{"@context":"https:\/\/schema.org","@graph":[{"@type":"WebSite","@id":"https:\/\/www.urlaubcornwall.de\/blog\/#website","url":"https:\/\/www.urlaubcornwall.de\/blog\/","name":"Urlaub &amp; Reisen","description":"Urlaub, Reisen, Cornwall und S\u00fcdengland: eine perfekte Kombination","potentialAction":[{"@type":"SearchAction","target":{"@type":"EntryPoint","urlTemplate":"https:\/\/www.urlaubcornwall.de\/blog\/?s={search_term_string}"},"query-input":"required name=search_term_string"}],"inLanguage":"en-US"},{"@type":"WebPage","@id":"https:\/\/www.urlaubcornwall.de\/blog\/twelve-steps-ferienhaus-fuer-10-cornwall\/","url":"https:\/\/www.urlaubcornwall.de\/blog\/twelve-steps-ferienhaus-fuer-10-cornwall\/","name":"Twelve Steps- Ferienhaus Newquay f\u00fcr 10 Cornwall - Urlaub &amp; Reisen","isPartOf":{"@id":"https:\/\/www.urlaubcornwall.de\/blog\/#website"},"datePublished":"2014-01-31T16:25:26+00:00","dateModified":"2024-03-27T15:35:28+00:00","breadcrumb":{"@id":"https:\/\/www.urlaubcornwall.de\/blog\/twelve-steps-ferienhaus-fuer-10-cornwall\/#breadcrumb"},"inLanguage":"en-US","potentialAction":[{"@type":"ReadAction","target":["https:\/\/www.urlaubcornwall.de\/blog\/twelve-steps-ferienhaus-fuer-10-cornwall\/"]}]},{"@type":"BreadcrumbList","@id":"https:\/\/www.urlaubcornwall.de\/blog\/twelve-steps-ferienhaus-fuer-10-cornwall\/#breadcrumb","itemListElement":[{"@type":"ListItem","position":1,"name":"Home","item":"https:\/\/www.urlaubcornwall.de\/blog\/"},{"@type":"ListItem","position":2,"name":"Twelve Steps- Ferienhaus Newquay f\u00fcr 10 Cornwall"}]}]}},"_links":{"self":[{"href":"https:\/\/www.urlaubcornwall.de\/blog\/wp-json\/wp\/v2\/pages\/12935"}],"collection":[{"href":"https:\/\/www.urlaubcornwall.de\/blog\/wp-json\/wp\/v2\/pages"}],"about":[{"href":"https:\/\/www.urlaubcornwall.de\/blog\/wp-json\/wp\/v2\/types\/page"}],"author":[{"embeddable":true,"href":"https:\/\/www.urlaubcornwall.de\/blog\/wp-json\/wp\/v2\/users\/1"}],"replies":[{"embeddable":true,"href":"https:\/\/www.urlaubcornwall.de\/blog\/wp-json\/wp\/v2\/comments?post=12935"}],"version-history":[{"count":7,"href":"https:\/\/www.urlaubcornwall.de\/blog\/wp-json\/wp\/v2\/pages\/12935\/revisions"}],"predecessor-version":[{"id":48486,"href":"https:\/\/www.urlaubcornwall.de\/blog\/wp-json\/wp\/v2\/pages\/12935\/revisions\/48486"}],"wp:attachment":[{"href":"https:\/\/www.urlaubcornwall.de\/blog\/wp-json\/wp\/v2\/media?parent=12935"}],"curies":[{"name":"wp","href":"https:\/\/api.w.org\/{rel}","templated":true}]}}