{"id":12925,"date":"2014-01-31T16:18:11","date_gmt":"2014-01-31T16:18:11","guid":{"rendered":"https:\/\/www.urlaubcornwall.de\/blog\/?page_id=12925"},"modified":"2021-08-31T14:19:22","modified_gmt":"2021-08-31T14:19:22","slug":"gate-acre-ferienhaus-fuer-9-cornwall","status":"publish","type":"page","link":"https:\/\/www.urlaubcornwall.de\/blog\/gate-acre-ferienhaus-fuer-9-cornwall\/","title":{"rendered":"Gate Acre- Ferienhaus f\u00fcr 9 Cornwall"},"content":{"rendered":"<p><strong>5 Schlafzimmer, leider keine Haustiere erlaubt, Ferienhaus mit Meerblick 6.8 Kilometer SW von Falmouth, S\u00fcdwest-Cornwall. Preisspanne W (\u00a3834 &#8211; \u00a32454)<\/strong><\/p>\n<p>Wegen seines Blicks \u00fcber Port Navas Creek, absolute Ruhe und Frieden in idyllischer Lage, ist Gate Acre nicht leicht zu \u00fcberbieten. Dieses ger\u00e4umige ebenerdige Haus eignet sich perfekt f\u00fcr Familienurlaube zu jeder Jahreszeit und liegt im Herzen des wundervollen Helford River Tals. Ein wundersch\u00f6n angelegter Garten mit leichter Neigung bietet Kindern Raum zum Spielen. G\u00e4ste jeden Alters werden den atemberaubenden Blick von der herrlich erh\u00f6ht gelegenen Terrasse bewundern (bitte Vorsicht auf den Stufen und Wegen) \u2013 \u00fcber das Wasser hinweg, das bewaldete Tal, bis hin zum offenen Land dahinter. Eine kurze Autofahrt bringt Sie zu den Str\u00e4nden Falmouths oder den malerischen Buchten und D\u00f6rfern der Lizard Halbinsel. Da auch die G\u00e4rten Glendurgan und Trebah nahe gelegen sind, gibt es f\u00fcr Jedermann in dieser Gegend gen\u00fcgend zu sehen und zu tun.<\/p>\n<p style=\"text-align: center;\"><a class=\"tidycta\" href=\"https:\/\/www.urlaubcornwall.de\/ferienhaeuser-fewos\/falmouth.html\"><\/a>Suche Ferienh\u00e4user Falmouth<\/p>\n<p>Im Innern wartet Gate Acre auf mit Internetzugang, und von allen Wohnzimmern, sowie dem Doppelschlafzimmer mit variablem, trennbarem Bett aus, haben Sie einen hervorragenden Blick \u00fcber die Bucht, wie auch vom Einzelzimmer aus \u2013 welches ein weiteres Wohnzimmer darstellt. Auf der Hinterseite des Hauses befinden sich das Doppelschlafzimmer mit Einzelbetten und zwei en-suite Doppelzimmer, eines davon mit einem luxuri\u00f6sen 6 Fu\u00df Bett, sowie das wundervolle Familienbadezimmer mit seiner freistehenden Wanne, einer gro\u00dfen ebenerdig begehbaren Dusche und Doppelwaschbecken.<\/p>\n<p>Alle R\u00e4ume auf der Vorderseite des Hauses verf\u00fcgen \u00fcber Schiebet\u00fcren zur Terrasse hin. Das gro\u00dfz\u00fcgige Hauptwohnzimmer verf\u00fcgt auch \u00fcber einen Blu-Ray-Spieler und einen hocheffizienten zeitgen\u00f6ssischen Holzofen. Im ebenfalls ger\u00e4umigen Wohn-\/ Essbereich befindet sich eine weitere Sitzm\u00f6glichkeit mit Holzofen, und der Esstisch steht an der Fl\u00fcgelt\u00fcre und bietet sich geradezu an, gen\u00fcsslich bei Familienmahlzeiten zusammen zu sitzen.<\/p>\n<p><strong>Einrichtungen<\/strong><\/p>\n<p>\u2022 \u00dcberdachte Parkm\u00f6glichkeit f\u00fcr 1 Auto, sowie private Parkm\u00f6glichkeit f\u00fcr 2 Autos<br \/>\n\u2022 Brennstoff und Strom inbegriffen<br \/>\n\u2022 Internetzugang<br \/>\n\u2022 Bettw\u00e4sche und Handt\u00fccher inbegriffen<br \/>\n\u2022 Gartenm\u00f6bel<br \/>\n\u2022 einkaufsm\u00f6glichkeit 2 Meilen.<br \/>\n\u2022 Kneipe 2 Meilen.<br \/>\n\u2022 Rauchen nicht erlaubt<br \/>\n\u2022 Haustiere nicht erlaubt.<br \/>\n\u2022 Anreise\/Abreise Samstag<\/p>\n<p style=\"text-align: center;\"><a class=\"tidycta\" href=\"https:\/\/www.urlaubcornwall.de\/ferienhaeuser-fewos\/falmouth.html\"><\/a>Suche Ferienh\u00e4user Falmouth<\/p>\n","protected":false},"excerpt":{"rendered":"<p>5 Schlafzimmer, leider keine Haustiere erlaubt, Ferienhaus mit Meerblick 6.8 Kilometer SW von Falmouth, S\u00fcdwest-Cornwall. Preisspanne W (\u00a3834 &#8211; \u00a32454) Wegen seines Blicks \u00fcber Port Navas Creek, absolute Ruhe und Frieden in idyllischer Lage, ist Gate Acre nicht leicht zu \u00fcberbieten. Dieses ger\u00e4umige ebenerdige Haus eignet sich perfekt f\u00fcr Familienurlaube zu jeder Jahreszeit und liegt [&hellip;]<\/p>\n","protected":false},"author":1,"featured_media":0,"parent":0,"menu_order":0,"comment_status":"closed","ping_status":"closed","template":"single-two.php","meta":[],"acf":[],"yoast_head":"<!-- This site is optimized with the Yoast SEO plugin v19.4 - https:\/\/yoast.com\/wordpress\/plugins\/seo\/ -->\n<title>Gate Acre- Ferienhaus f\u00fcr 9 Cornwall - Urlaub &amp; Reisen<\/title>\n<meta name=\"robots\" content=\"index, follow, max-snippet:-1, max-image-preview:large, max-video-preview:-1\" \/>\n<link rel=\"canonical\" href=\"https:\/\/www.urlaubcornwall.de\/blog\/gate-acre-ferienhaus-fuer-9-cornwall\/\" \/>\n<meta property=\"og:locale\" content=\"en_US\" \/>\n<meta property=\"og:type\" content=\"article\" \/>\n<meta property=\"og:title\" content=\"Gate Acre- Ferienhaus f\u00fcr 9 Cornwall - Urlaub &amp; Reisen\" \/>\n<meta property=\"og:description\" content=\"5 Schlafzimmer, leider keine Haustiere erlaubt, Ferienhaus mit Meerblick 6.8 Kilometer SW von Falmouth, S\u00fcdwest-Cornwall. Preisspanne W (\u00a3834 &#8211; \u00a32454) Wegen seines Blicks \u00fcber Port Navas Creek, absolute Ruhe und Frieden in idyllischer Lage, ist Gate Acre nicht leicht zu \u00fcberbieten. Dieses ger\u00e4umige ebenerdige Haus eignet sich perfekt f\u00fcr Familienurlaube zu jeder Jahreszeit und liegt [&hellip;]\" \/>\n<meta property=\"og:url\" content=\"https:\/\/www.urlaubcornwall.de\/blog\/gate-acre-ferienhaus-fuer-9-cornwall\/\" \/>\n<meta property=\"og:site_name\" content=\"Urlaub &amp; Reisen\" \/>\n<meta property=\"article:modified_time\" content=\"2021-08-31T14:19:22+00:00\" \/>\n<meta name=\"twitter:card\" content=\"summary\" \/>\n<meta name=\"twitter:label1\" content=\"Est. reading time\" \/>\n\t<meta name=\"twitter:data1\" content=\"2 minutes\" \/>\n<script type=\"application\/ld+json\" class=\"yoast-schema-graph\">{\"@context\":\"https:\/\/schema.org\",\"@graph\":[{\"@type\":\"WebSite\",\"@id\":\"https:\/\/www.urlaubcornwall.de\/blog\/#website\",\"url\":\"https:\/\/www.urlaubcornwall.de\/blog\/\",\"name\":\"Urlaub &amp; Reisen\",\"description\":\"Urlaub, Reisen, Cornwall und S\u00fcdengland: eine perfekte Kombination\",\"potentialAction\":[{\"@type\":\"SearchAction\",\"target\":{\"@type\":\"EntryPoint\",\"urlTemplate\":\"https:\/\/www.urlaubcornwall.de\/blog\/?s={search_term_string}\"},\"query-input\":\"required name=search_term_string\"}],\"inLanguage\":\"en-US\"},{\"@type\":\"WebPage\",\"@id\":\"https:\/\/www.urlaubcornwall.de\/blog\/gate-acre-ferienhaus-fuer-9-cornwall\/\",\"url\":\"https:\/\/www.urlaubcornwall.de\/blog\/gate-acre-ferienhaus-fuer-9-cornwall\/\",\"name\":\"Gate Acre- Ferienhaus f\u00fcr 9 Cornwall - Urlaub &amp; Reisen\",\"isPartOf\":{\"@id\":\"https:\/\/www.urlaubcornwall.de\/blog\/#website\"},\"datePublished\":\"2014-01-31T16:18:11+00:00\",\"dateModified\":\"2021-08-31T14:19:22+00:00\",\"breadcrumb\":{\"@id\":\"https:\/\/www.urlaubcornwall.de\/blog\/gate-acre-ferienhaus-fuer-9-cornwall\/#breadcrumb\"},\"inLanguage\":\"en-US\",\"potentialAction\":[{\"@type\":\"ReadAction\",\"target\":[\"https:\/\/www.urlaubcornwall.de\/blog\/gate-acre-ferienhaus-fuer-9-cornwall\/\"]}]},{\"@type\":\"BreadcrumbList\",\"@id\":\"https:\/\/www.urlaubcornwall.de\/blog\/gate-acre-ferienhaus-fuer-9-cornwall\/#breadcrumb\",\"itemListElement\":[{\"@type\":\"ListItem\",\"position\":1,\"name\":\"Home\",\"item\":\"https:\/\/www.urlaubcornwall.de\/blog\/\"},{\"@type\":\"ListItem\",\"position\":2,\"name\":\"Gate Acre- Ferienhaus f\u00fcr 9 Cornwall\"}]}]}<\/script>\n<!-- \/ Yoast SEO plugin. -->","yoast_head_json":{"title":"Gate Acre- Ferienhaus f\u00fcr 9 Cornwall - Urlaub &amp; Reisen","robots":{"index":"index","follow":"follow","max-snippet":"max-snippet:-1","max-image-preview":"max-image-preview:large","max-video-preview":"max-video-preview:-1"},"canonical":"https:\/\/www.urlaubcornwall.de\/blog\/gate-acre-ferienhaus-fuer-9-cornwall\/","og_locale":"en_US","og_type":"article","og_title":"Gate Acre- Ferienhaus f\u00fcr 9 Cornwall - Urlaub &amp; Reisen","og_description":"5 Schlafzimmer, leider keine Haustiere erlaubt, Ferienhaus mit Meerblick 6.8 Kilometer SW von Falmouth, S\u00fcdwest-Cornwall. Preisspanne W (\u00a3834 &#8211; \u00a32454) Wegen seines Blicks \u00fcber Port Navas Creek, absolute Ruhe und Frieden in idyllischer Lage, ist Gate Acre nicht leicht zu \u00fcberbieten. Dieses ger\u00e4umige ebenerdige Haus eignet sich perfekt f\u00fcr Familienurlaube zu jeder Jahreszeit und liegt [&hellip;]","og_url":"https:\/\/www.urlaubcornwall.de\/blog\/gate-acre-ferienhaus-fuer-9-cornwall\/","og_site_name":"Urlaub &amp; Reisen","article_modified_time":"2021-08-31T14:19:22+00:00","twitter_card":"summary","twitter_misc":{"Est. reading time":"2 minutes"},"schema":{"@context":"https:\/\/schema.org","@graph":[{"@type":"WebSite","@id":"https:\/\/www.urlaubcornwall.de\/blog\/#website","url":"https:\/\/www.urlaubcornwall.de\/blog\/","name":"Urlaub &amp; Reisen","description":"Urlaub, Reisen, Cornwall und S\u00fcdengland: eine perfekte Kombination","potentialAction":[{"@type":"SearchAction","target":{"@type":"EntryPoint","urlTemplate":"https:\/\/www.urlaubcornwall.de\/blog\/?s={search_term_string}"},"query-input":"required name=search_term_string"}],"inLanguage":"en-US"},{"@type":"WebPage","@id":"https:\/\/www.urlaubcornwall.de\/blog\/gate-acre-ferienhaus-fuer-9-cornwall\/","url":"https:\/\/www.urlaubcornwall.de\/blog\/gate-acre-ferienhaus-fuer-9-cornwall\/","name":"Gate Acre- Ferienhaus f\u00fcr 9 Cornwall - Urlaub &amp; Reisen","isPartOf":{"@id":"https:\/\/www.urlaubcornwall.de\/blog\/#website"},"datePublished":"2014-01-31T16:18:11+00:00","dateModified":"2021-08-31T14:19:22+00:00","breadcrumb":{"@id":"https:\/\/www.urlaubcornwall.de\/blog\/gate-acre-ferienhaus-fuer-9-cornwall\/#breadcrumb"},"inLanguage":"en-US","potentialAction":[{"@type":"ReadAction","target":["https:\/\/www.urlaubcornwall.de\/blog\/gate-acre-ferienhaus-fuer-9-cornwall\/"]}]},{"@type":"BreadcrumbList","@id":"https:\/\/www.urlaubcornwall.de\/blog\/gate-acre-ferienhaus-fuer-9-cornwall\/#breadcrumb","itemListElement":[{"@type":"ListItem","position":1,"name":"Home","item":"https:\/\/www.urlaubcornwall.de\/blog\/"},{"@type":"ListItem","position":2,"name":"Gate Acre- Ferienhaus f\u00fcr 9 Cornwall"}]}]}},"_links":{"self":[{"href":"https:\/\/www.urlaubcornwall.de\/blog\/wp-json\/wp\/v2\/pages\/12925"}],"collection":[{"href":"https:\/\/www.urlaubcornwall.de\/blog\/wp-json\/wp\/v2\/pages"}],"about":[{"href":"https:\/\/www.urlaubcornwall.de\/blog\/wp-json\/wp\/v2\/types\/page"}],"author":[{"embeddable":true,"href":"https:\/\/www.urlaubcornwall.de\/blog\/wp-json\/wp\/v2\/users\/1"}],"replies":[{"embeddable":true,"href":"https:\/\/www.urlaubcornwall.de\/blog\/wp-json\/wp\/v2\/comments?post=12925"}],"version-history":[{"count":3,"href":"https:\/\/www.urlaubcornwall.de\/blog\/wp-json\/wp\/v2\/pages\/12925\/revisions"}],"predecessor-version":[{"id":42347,"href":"https:\/\/www.urlaubcornwall.de\/blog\/wp-json\/wp\/v2\/pages\/12925\/revisions\/42347"}],"wp:attachment":[{"href":"https:\/\/www.urlaubcornwall.de\/blog\/wp-json\/wp\/v2\/media?parent=12925"}],"curies":[{"name":"wp","href":"https:\/\/api.w.org\/{rel}","templated":true}]}}