{"id":12890,"date":"2014-01-31T14:45:43","date_gmt":"2014-01-31T14:45:43","guid":{"rendered":"https:\/\/www.urlaubcornwall.de\/blog\/?page_id=12890"},"modified":"2021-07-12T08:24:05","modified_gmt":"2021-07-12T08:24:05","slug":"camellia-cottage-ferienhaus-fuer-5-cornwall","status":"publish","type":"page","link":"https:\/\/www.urlaubcornwall.de\/blog\/camellia-cottage-ferienhaus-fuer-5-cornwall\/","title":{"rendered":"Camellia Cottage- Ferienhaus f\u00fcr 5 Cornwall"},"content":{"rendered":"<p><strong>3 Schlafzimmer, leider keine Haustiere erlaubt, Ferienhaus strandnah 3.9 Kilometer SW von Falmouth, S\u00fcdk\u00fcste Cornwall. Preisspanne M (\u00a3480 &#8211; \u00a31275)<\/strong><\/p>\n<p>Maenporth Estate ist eine zeitgen\u00f6ssische Siedlung von Ferienh\u00e4usern, die sich auf 29 Ar \u00fcber die wundersch\u00f6n angelegte Gemeinschaftsfl\u00e4che erstreckt, auf dem H\u00fcgel oberhalb der sandigen Maenporth Bucht. Camellia Cottage ist eines der ger\u00e4umigsten H\u00e4user de Siedlung von hoher Qualit\u00e4t und bietet alle Annehmlichkeiten eines Zuhauses.<\/p>\n<p>Zwanzig niedere Stufen f\u00fchren vom Parkplatz zu diesem s\u00fcdlich gelegene Endreihenhaus. Ein Gartenpfad jedoch bildet leichteren Zugang f\u00fcr Kinderw\u00e4gen und all jene G\u00e4ste mit eingeschr\u00e4nkter Beweglichkeit. Der lichtdurchflutete Wohn-\/ Essbereich verf\u00fcgt \u00fcber gro\u00dfe Sofas, T\u00fcren zum Vorhof und Garten und einen breiten Torbogen hin zur voll ausgestatteten K\u00fcche. Auf demselben Stock befindet sich auch ein Duschraum zus\u00e4tzlich zu einem en-suite-Duschraum und dem Familienbadezimmer im Obergeschoss. Ein kurzer Spaziergang f\u00fchrt zum Freizeitzentrum mit seinem beheizten Pool, Jacuzzi, Sauna, Tischtennis und Pooltischen, die allesamt den G\u00e4sten zur freien Verf\u00fcgung stehen. Ein gemeinsamer Grillbereich, zwei Allwetter-Tennispl\u00e4tze und ein Kinderspielplatz befinden sich drau\u00dfen.<\/p>\n<p>Zum familienfreundlichen Strand geht es einen steilen H\u00fcgel hinunter, und die bekannten G\u00e4rten Glendurgan und Trebah befinden sich ein paar Meilen entfernt in westlicher Richtung, die ber\u00fchmten Str\u00e4nde Falmouths und Wassersportm\u00f6glichkeiten befinden sich eher \u00f6stlich etwas n\u00e4her gelegen. *Ein Kinder-Reisebett kann nicht zur Verf\u00fcgung gestellt werden. Bitte bringen Sie ihr eigenes mit.<\/p>\n<p style=\"text-align: center;\"><a class=\"tidycta\" href=\"https:\/\/www.urlaubcornwall.de\/ferienhaeuser-fewos\/falmouth.html\">Ferienh\u00e4user nahe Falmouth<\/a><\/p>\n<p><strong>Einrichtungen<\/strong><\/p>\n<p>\u2022 Private Parkm\u00f6glichkeit f\u00fcr 1 Auto. Parken auf der Stra\u00dfe<br \/>\n\u2022 Brennstoff und Strom inbegriffen<br \/>\n\u2022 Internetzugang<br \/>\n\u2022 Bettw\u00e4sche und Handt\u00fccher inbegriffen<br \/>\n\u2022 Gartenm\u00f6bel und BBQ.<br \/>\n\u2022 Laden 3 km<br \/>\n\u2022 Pub 200 m.<br \/>\n\u2022 M\u00fcnztelefon 300 M<br \/>\n\u2022 Rauchen verboten<br \/>\n\u2022 Keine Hunde erlaubt<br \/>\n\u2022 Ankunftstag Samstag<\/p>\n<p><strong>Um UrlaubCornwall.de einzigartige Kollektion nach Ihrem idealen Ferienhaus zu durchsuchen.<\/strong> <a href=\"https:\/\/www.urlaubcornwall.de\/ferienhaeuser\/cornwall.php\"><span style=\"text-decoration: underline;\"><strong>Klicken Sie hier<\/strong><\/span><strong> &gt;&gt;<\/strong><\/a><\/p>\n","protected":false},"excerpt":{"rendered":"<p>3 Schlafzimmer, leider keine Haustiere erlaubt, Ferienhaus strandnah 3.9 Kilometer SW von Falmouth, S\u00fcdk\u00fcste Cornwall. Preisspanne M (\u00a3480 &#8211; \u00a31275) Maenporth Estate ist eine zeitgen\u00f6ssische Siedlung von Ferienh\u00e4usern, die sich auf 29 Ar \u00fcber die wundersch\u00f6n angelegte Gemeinschaftsfl\u00e4che erstreckt, auf dem H\u00fcgel oberhalb der sandigen Maenporth Bucht. Camellia Cottage ist eines der ger\u00e4umigsten H\u00e4user de [&hellip;]<\/p>\n","protected":false},"author":1,"featured_media":0,"parent":0,"menu_order":0,"comment_status":"closed","ping_status":"closed","template":"single-two.php","meta":[],"acf":[],"yoast_head":"<!-- This site is optimized with the Yoast SEO plugin v19.4 - https:\/\/yoast.com\/wordpress\/plugins\/seo\/ -->\n<title>Camellia Cottage- Ferienhaus f\u00fcr 5 Cornwall - Urlaub &amp; Reisen<\/title>\n<meta name=\"robots\" content=\"index, follow, max-snippet:-1, max-image-preview:large, max-video-preview:-1\" \/>\n<link rel=\"canonical\" href=\"https:\/\/www.urlaubcornwall.de\/blog\/camellia-cottage-ferienhaus-fuer-5-cornwall\/\" \/>\n<meta property=\"og:locale\" content=\"en_US\" \/>\n<meta property=\"og:type\" content=\"article\" \/>\n<meta property=\"og:title\" content=\"Camellia Cottage- Ferienhaus f\u00fcr 5 Cornwall - Urlaub &amp; Reisen\" \/>\n<meta property=\"og:description\" content=\"3 Schlafzimmer, leider keine Haustiere erlaubt, Ferienhaus strandnah 3.9 Kilometer SW von Falmouth, S\u00fcdk\u00fcste Cornwall. Preisspanne M (\u00a3480 &#8211; \u00a31275) Maenporth Estate ist eine zeitgen\u00f6ssische Siedlung von Ferienh\u00e4usern, die sich auf 29 Ar \u00fcber die wundersch\u00f6n angelegte Gemeinschaftsfl\u00e4che erstreckt, auf dem H\u00fcgel oberhalb der sandigen Maenporth Bucht. Camellia Cottage ist eines der ger\u00e4umigsten H\u00e4user de [&hellip;]\" \/>\n<meta property=\"og:url\" content=\"https:\/\/www.urlaubcornwall.de\/blog\/camellia-cottage-ferienhaus-fuer-5-cornwall\/\" \/>\n<meta property=\"og:site_name\" content=\"Urlaub &amp; Reisen\" \/>\n<meta property=\"article:modified_time\" content=\"2021-07-12T08:24:05+00:00\" \/>\n<meta name=\"twitter:card\" content=\"summary\" \/>\n<meta name=\"twitter:label1\" content=\"Est. reading time\" \/>\n\t<meta name=\"twitter:data1\" content=\"2 minutes\" \/>\n<script type=\"application\/ld+json\" class=\"yoast-schema-graph\">{\"@context\":\"https:\/\/schema.org\",\"@graph\":[{\"@type\":\"WebSite\",\"@id\":\"https:\/\/www.urlaubcornwall.de\/blog\/#website\",\"url\":\"https:\/\/www.urlaubcornwall.de\/blog\/\",\"name\":\"Urlaub &amp; Reisen\",\"description\":\"Urlaub, Reisen, Cornwall und S\u00fcdengland: eine perfekte Kombination\",\"potentialAction\":[{\"@type\":\"SearchAction\",\"target\":{\"@type\":\"EntryPoint\",\"urlTemplate\":\"https:\/\/www.urlaubcornwall.de\/blog\/?s={search_term_string}\"},\"query-input\":\"required name=search_term_string\"}],\"inLanguage\":\"en-US\"},{\"@type\":\"WebPage\",\"@id\":\"https:\/\/www.urlaubcornwall.de\/blog\/camellia-cottage-ferienhaus-fuer-5-cornwall\/\",\"url\":\"https:\/\/www.urlaubcornwall.de\/blog\/camellia-cottage-ferienhaus-fuer-5-cornwall\/\",\"name\":\"Camellia Cottage- Ferienhaus f\u00fcr 5 Cornwall - Urlaub &amp; Reisen\",\"isPartOf\":{\"@id\":\"https:\/\/www.urlaubcornwall.de\/blog\/#website\"},\"datePublished\":\"2014-01-31T14:45:43+00:00\",\"dateModified\":\"2021-07-12T08:24:05+00:00\",\"breadcrumb\":{\"@id\":\"https:\/\/www.urlaubcornwall.de\/blog\/camellia-cottage-ferienhaus-fuer-5-cornwall\/#breadcrumb\"},\"inLanguage\":\"en-US\",\"potentialAction\":[{\"@type\":\"ReadAction\",\"target\":[\"https:\/\/www.urlaubcornwall.de\/blog\/camellia-cottage-ferienhaus-fuer-5-cornwall\/\"]}]},{\"@type\":\"BreadcrumbList\",\"@id\":\"https:\/\/www.urlaubcornwall.de\/blog\/camellia-cottage-ferienhaus-fuer-5-cornwall\/#breadcrumb\",\"itemListElement\":[{\"@type\":\"ListItem\",\"position\":1,\"name\":\"Home\",\"item\":\"https:\/\/www.urlaubcornwall.de\/blog\/\"},{\"@type\":\"ListItem\",\"position\":2,\"name\":\"Camellia Cottage- Ferienhaus f\u00fcr 5 Cornwall\"}]}]}<\/script>\n<!-- \/ Yoast SEO plugin. -->","yoast_head_json":{"title":"Camellia Cottage- Ferienhaus f\u00fcr 5 Cornwall - Urlaub &amp; Reisen","robots":{"index":"index","follow":"follow","max-snippet":"max-snippet:-1","max-image-preview":"max-image-preview:large","max-video-preview":"max-video-preview:-1"},"canonical":"https:\/\/www.urlaubcornwall.de\/blog\/camellia-cottage-ferienhaus-fuer-5-cornwall\/","og_locale":"en_US","og_type":"article","og_title":"Camellia Cottage- Ferienhaus f\u00fcr 5 Cornwall - Urlaub &amp; Reisen","og_description":"3 Schlafzimmer, leider keine Haustiere erlaubt, Ferienhaus strandnah 3.9 Kilometer SW von Falmouth, S\u00fcdk\u00fcste Cornwall. Preisspanne M (\u00a3480 &#8211; \u00a31275) Maenporth Estate ist eine zeitgen\u00f6ssische Siedlung von Ferienh\u00e4usern, die sich auf 29 Ar \u00fcber die wundersch\u00f6n angelegte Gemeinschaftsfl\u00e4che erstreckt, auf dem H\u00fcgel oberhalb der sandigen Maenporth Bucht. Camellia Cottage ist eines der ger\u00e4umigsten H\u00e4user de [&hellip;]","og_url":"https:\/\/www.urlaubcornwall.de\/blog\/camellia-cottage-ferienhaus-fuer-5-cornwall\/","og_site_name":"Urlaub &amp; Reisen","article_modified_time":"2021-07-12T08:24:05+00:00","twitter_card":"summary","twitter_misc":{"Est. reading time":"2 minutes"},"schema":{"@context":"https:\/\/schema.org","@graph":[{"@type":"WebSite","@id":"https:\/\/www.urlaubcornwall.de\/blog\/#website","url":"https:\/\/www.urlaubcornwall.de\/blog\/","name":"Urlaub &amp; Reisen","description":"Urlaub, Reisen, Cornwall und S\u00fcdengland: eine perfekte Kombination","potentialAction":[{"@type":"SearchAction","target":{"@type":"EntryPoint","urlTemplate":"https:\/\/www.urlaubcornwall.de\/blog\/?s={search_term_string}"},"query-input":"required name=search_term_string"}],"inLanguage":"en-US"},{"@type":"WebPage","@id":"https:\/\/www.urlaubcornwall.de\/blog\/camellia-cottage-ferienhaus-fuer-5-cornwall\/","url":"https:\/\/www.urlaubcornwall.de\/blog\/camellia-cottage-ferienhaus-fuer-5-cornwall\/","name":"Camellia Cottage- Ferienhaus f\u00fcr 5 Cornwall - Urlaub &amp; Reisen","isPartOf":{"@id":"https:\/\/www.urlaubcornwall.de\/blog\/#website"},"datePublished":"2014-01-31T14:45:43+00:00","dateModified":"2021-07-12T08:24:05+00:00","breadcrumb":{"@id":"https:\/\/www.urlaubcornwall.de\/blog\/camellia-cottage-ferienhaus-fuer-5-cornwall\/#breadcrumb"},"inLanguage":"en-US","potentialAction":[{"@type":"ReadAction","target":["https:\/\/www.urlaubcornwall.de\/blog\/camellia-cottage-ferienhaus-fuer-5-cornwall\/"]}]},{"@type":"BreadcrumbList","@id":"https:\/\/www.urlaubcornwall.de\/blog\/camellia-cottage-ferienhaus-fuer-5-cornwall\/#breadcrumb","itemListElement":[{"@type":"ListItem","position":1,"name":"Home","item":"https:\/\/www.urlaubcornwall.de\/blog\/"},{"@type":"ListItem","position":2,"name":"Camellia Cottage- Ferienhaus f\u00fcr 5 Cornwall"}]}]}},"_links":{"self":[{"href":"https:\/\/www.urlaubcornwall.de\/blog\/wp-json\/wp\/v2\/pages\/12890"}],"collection":[{"href":"https:\/\/www.urlaubcornwall.de\/blog\/wp-json\/wp\/v2\/pages"}],"about":[{"href":"https:\/\/www.urlaubcornwall.de\/blog\/wp-json\/wp\/v2\/types\/page"}],"author":[{"embeddable":true,"href":"https:\/\/www.urlaubcornwall.de\/blog\/wp-json\/wp\/v2\/users\/1"}],"replies":[{"embeddable":true,"href":"https:\/\/www.urlaubcornwall.de\/blog\/wp-json\/wp\/v2\/comments?post=12890"}],"version-history":[{"count":5,"href":"https:\/\/www.urlaubcornwall.de\/blog\/wp-json\/wp\/v2\/pages\/12890\/revisions"}],"predecessor-version":[{"id":41799,"href":"https:\/\/www.urlaubcornwall.de\/blog\/wp-json\/wp\/v2\/pages\/12890\/revisions\/41799"}],"wp:attachment":[{"href":"https:\/\/www.urlaubcornwall.de\/blog\/wp-json\/wp\/v2\/media?parent=12890"}],"curies":[{"name":"wp","href":"https:\/\/api.w.org\/{rel}","templated":true}]}}