{"id":12880,"date":"2014-01-31T14:37:23","date_gmt":"2014-01-31T14:37:23","guid":{"rendered":"https:\/\/www.urlaubcornwall.de\/blog\/?page_id=12880"},"modified":"2021-08-31T14:09:34","modified_gmt":"2021-08-31T14:09:34","slug":"tremaen-cottage-ferienhaus-fuer-3-cornwall","status":"publish","type":"page","link":"https:\/\/www.urlaubcornwall.de\/blog\/tremaen-cottage-ferienhaus-fuer-3-cornwall\/","title":{"rendered":"Tremaen Cottage- Ferienhaus f\u00fcr 3 Cornwall"},"content":{"rendered":"<p><strong>2 Schlafzimmer, leider keine Haustiere erlaubt, Ferienhaus 2.4 Kilometer SW von Porthallow, S\u00fcdwest-Cornwall. Preisspanne E (\u00a3333 &#8211; \u00a3732)<\/strong><\/p>\n<p>Es gibt wohl keinen Kerzengie\u00dfer mehr in St Keverne, doch das Dorf hat einen Metzger, B\u00e4cker, Gem\u00fcseh\u00e4ndler und zwei Kneipen! Au\u00dferhalb des Dorfes gelegen finden Sie Tremaen Cottage mit seinem sonnigen kleinen Vorhofgarten neben der Stra\u00dfe gelegen.<\/p>\n<p style=\"text-align: center;\"><a class=\"tidycta\" href=\"https:\/\/www.urlaubcornwall.de\/ferienhaeuser-fewos\/porthallow.html\"><\/a>Suche Ferienh\u00e4user Porthallow<\/p>\n<p>Ideal f\u00fcr Paare oder eine kleine Familie, bildet dieses charmante charaktervolle Haus eine ideale Ausgangsbasis, um die Umgebung zu erkunden, sei es mit dem Auto oder zu Fu\u00df. Coveracks malerischer Hafen und der Kieselstrand bei Porthallow mit dem spektakul\u00e4ren K\u00fcstenpfad, der sich die zerkl\u00fcftete, wundersch\u00f6ne K\u00fcste des Lizard entlang schl\u00e4ngelt, befinden sich beide in lediglich geringer Autoentfernung.Von einer kleinen, gut ausgestatteten K\u00fcche geht es zum Wohn-\/Essbereich mit gem\u00fctlicher Sitzm\u00f6glichkeit gegen\u00fcber des Holzofens. Bitte beachten Sie die niederen Balken und die typisch steile Haustreppe, die hinauf f\u00fchrt zum Badezimmer und zwei entz\u00fcckenden Schlafr\u00e4umen, beide mit herrlichem Blick \u00fcber die D\u00e4cher hinweg zur Dorfkirche.<\/p>\n<p><strong>Einrichtungen<\/strong><\/p>\n<p>\u2022 Private Parkm\u00f6glichkeit f\u00fcr 1 Auto<br \/>\n\u2022 Gartenm\u00f6bel und BBQ<br \/>\n\u2022 Brennstoff und Strom inbegriffen<br \/>\n\u2022 Internetzugang<br \/>\n\u2022 Bettw\u00e4sche und Handt\u00fccher inbegriffen<br \/>\n\u2022 Laden 400 m<br \/>\n\u2022 Pub 400 m<br \/>\n\u2022 Rauchen verboten<br \/>\n\u2022 Keine Hunde erlaubt<br \/>\n\u2022 Ankunftstag Freitag<\/p>\n<p style=\"text-align: center;\"><a class=\"tidycta\" href=\"https:\/\/www.urlaubcornwall.de\/ferienhaeuser-fewos\/porthallow.html\"><\/a>Suche Ferienh\u00e4user Porthallow<\/p>\n","protected":false},"excerpt":{"rendered":"<p>2 Schlafzimmer, leider keine Haustiere erlaubt, Ferienhaus 2.4 Kilometer SW von Porthallow, S\u00fcdwest-Cornwall. Preisspanne E (\u00a3333 &#8211; \u00a3732) Es gibt wohl keinen Kerzengie\u00dfer mehr in St Keverne, doch das Dorf hat einen Metzger, B\u00e4cker, Gem\u00fcseh\u00e4ndler und zwei Kneipen! Au\u00dferhalb des Dorfes gelegen finden Sie Tremaen Cottage mit seinem sonnigen kleinen Vorhofgarten neben der Stra\u00dfe gelegen. [&hellip;]<\/p>\n","protected":false},"author":1,"featured_media":0,"parent":0,"menu_order":0,"comment_status":"closed","ping_status":"closed","template":"single-two.php","meta":[],"acf":[],"yoast_head":"<!-- This site is optimized with the Yoast SEO plugin v19.4 - https:\/\/yoast.com\/wordpress\/plugins\/seo\/ -->\n<title>Tremaen Cottage- Ferienhaus f\u00fcr 3 Cornwall - Urlaub &amp; Reisen<\/title>\n<meta name=\"robots\" content=\"index, follow, max-snippet:-1, max-image-preview:large, max-video-preview:-1\" \/>\n<link rel=\"canonical\" href=\"https:\/\/www.urlaubcornwall.de\/blog\/tremaen-cottage-ferienhaus-fuer-3-cornwall\/\" \/>\n<meta property=\"og:locale\" content=\"en_US\" \/>\n<meta property=\"og:type\" content=\"article\" \/>\n<meta property=\"og:title\" content=\"Tremaen Cottage- Ferienhaus f\u00fcr 3 Cornwall - Urlaub &amp; Reisen\" \/>\n<meta property=\"og:description\" content=\"2 Schlafzimmer, leider keine Haustiere erlaubt, Ferienhaus 2.4 Kilometer SW von Porthallow, S\u00fcdwest-Cornwall. Preisspanne E (\u00a3333 &#8211; \u00a3732) Es gibt wohl keinen Kerzengie\u00dfer mehr in St Keverne, doch das Dorf hat einen Metzger, B\u00e4cker, Gem\u00fcseh\u00e4ndler und zwei Kneipen! Au\u00dferhalb des Dorfes gelegen finden Sie Tremaen Cottage mit seinem sonnigen kleinen Vorhofgarten neben der Stra\u00dfe gelegen. [&hellip;]\" \/>\n<meta property=\"og:url\" content=\"https:\/\/www.urlaubcornwall.de\/blog\/tremaen-cottage-ferienhaus-fuer-3-cornwall\/\" \/>\n<meta property=\"og:site_name\" content=\"Urlaub &amp; Reisen\" \/>\n<meta property=\"article:modified_time\" content=\"2021-08-31T14:09:34+00:00\" \/>\n<meta name=\"twitter:card\" content=\"summary\" \/>\n<meta name=\"twitter:label1\" content=\"Est. reading time\" \/>\n\t<meta name=\"twitter:data1\" content=\"1 minute\" \/>\n<script type=\"application\/ld+json\" class=\"yoast-schema-graph\">{\"@context\":\"https:\/\/schema.org\",\"@graph\":[{\"@type\":\"WebSite\",\"@id\":\"https:\/\/www.urlaubcornwall.de\/blog\/#website\",\"url\":\"https:\/\/www.urlaubcornwall.de\/blog\/\",\"name\":\"Urlaub &amp; Reisen\",\"description\":\"Urlaub, Reisen, Cornwall und S\u00fcdengland: eine perfekte Kombination\",\"potentialAction\":[{\"@type\":\"SearchAction\",\"target\":{\"@type\":\"EntryPoint\",\"urlTemplate\":\"https:\/\/www.urlaubcornwall.de\/blog\/?s={search_term_string}\"},\"query-input\":\"required name=search_term_string\"}],\"inLanguage\":\"en-US\"},{\"@type\":\"WebPage\",\"@id\":\"https:\/\/www.urlaubcornwall.de\/blog\/tremaen-cottage-ferienhaus-fuer-3-cornwall\/\",\"url\":\"https:\/\/www.urlaubcornwall.de\/blog\/tremaen-cottage-ferienhaus-fuer-3-cornwall\/\",\"name\":\"Tremaen Cottage- Ferienhaus f\u00fcr 3 Cornwall - Urlaub &amp; Reisen\",\"isPartOf\":{\"@id\":\"https:\/\/www.urlaubcornwall.de\/blog\/#website\"},\"datePublished\":\"2014-01-31T14:37:23+00:00\",\"dateModified\":\"2021-08-31T14:09:34+00:00\",\"breadcrumb\":{\"@id\":\"https:\/\/www.urlaubcornwall.de\/blog\/tremaen-cottage-ferienhaus-fuer-3-cornwall\/#breadcrumb\"},\"inLanguage\":\"en-US\",\"potentialAction\":[{\"@type\":\"ReadAction\",\"target\":[\"https:\/\/www.urlaubcornwall.de\/blog\/tremaen-cottage-ferienhaus-fuer-3-cornwall\/\"]}]},{\"@type\":\"BreadcrumbList\",\"@id\":\"https:\/\/www.urlaubcornwall.de\/blog\/tremaen-cottage-ferienhaus-fuer-3-cornwall\/#breadcrumb\",\"itemListElement\":[{\"@type\":\"ListItem\",\"position\":1,\"name\":\"Home\",\"item\":\"https:\/\/www.urlaubcornwall.de\/blog\/\"},{\"@type\":\"ListItem\",\"position\":2,\"name\":\"Tremaen Cottage- Ferienhaus f\u00fcr 3 Cornwall\"}]}]}<\/script>\n<!-- \/ Yoast SEO plugin. -->","yoast_head_json":{"title":"Tremaen Cottage- Ferienhaus f\u00fcr 3 Cornwall - Urlaub &amp; Reisen","robots":{"index":"index","follow":"follow","max-snippet":"max-snippet:-1","max-image-preview":"max-image-preview:large","max-video-preview":"max-video-preview:-1"},"canonical":"https:\/\/www.urlaubcornwall.de\/blog\/tremaen-cottage-ferienhaus-fuer-3-cornwall\/","og_locale":"en_US","og_type":"article","og_title":"Tremaen Cottage- Ferienhaus f\u00fcr 3 Cornwall - Urlaub &amp; Reisen","og_description":"2 Schlafzimmer, leider keine Haustiere erlaubt, Ferienhaus 2.4 Kilometer SW von Porthallow, S\u00fcdwest-Cornwall. Preisspanne E (\u00a3333 &#8211; \u00a3732) Es gibt wohl keinen Kerzengie\u00dfer mehr in St Keverne, doch das Dorf hat einen Metzger, B\u00e4cker, Gem\u00fcseh\u00e4ndler und zwei Kneipen! Au\u00dferhalb des Dorfes gelegen finden Sie Tremaen Cottage mit seinem sonnigen kleinen Vorhofgarten neben der Stra\u00dfe gelegen. [&hellip;]","og_url":"https:\/\/www.urlaubcornwall.de\/blog\/tremaen-cottage-ferienhaus-fuer-3-cornwall\/","og_site_name":"Urlaub &amp; Reisen","article_modified_time":"2021-08-31T14:09:34+00:00","twitter_card":"summary","twitter_misc":{"Est. reading time":"1 minute"},"schema":{"@context":"https:\/\/schema.org","@graph":[{"@type":"WebSite","@id":"https:\/\/www.urlaubcornwall.de\/blog\/#website","url":"https:\/\/www.urlaubcornwall.de\/blog\/","name":"Urlaub &amp; Reisen","description":"Urlaub, Reisen, Cornwall und S\u00fcdengland: eine perfekte Kombination","potentialAction":[{"@type":"SearchAction","target":{"@type":"EntryPoint","urlTemplate":"https:\/\/www.urlaubcornwall.de\/blog\/?s={search_term_string}"},"query-input":"required name=search_term_string"}],"inLanguage":"en-US"},{"@type":"WebPage","@id":"https:\/\/www.urlaubcornwall.de\/blog\/tremaen-cottage-ferienhaus-fuer-3-cornwall\/","url":"https:\/\/www.urlaubcornwall.de\/blog\/tremaen-cottage-ferienhaus-fuer-3-cornwall\/","name":"Tremaen Cottage- Ferienhaus f\u00fcr 3 Cornwall - Urlaub &amp; Reisen","isPartOf":{"@id":"https:\/\/www.urlaubcornwall.de\/blog\/#website"},"datePublished":"2014-01-31T14:37:23+00:00","dateModified":"2021-08-31T14:09:34+00:00","breadcrumb":{"@id":"https:\/\/www.urlaubcornwall.de\/blog\/tremaen-cottage-ferienhaus-fuer-3-cornwall\/#breadcrumb"},"inLanguage":"en-US","potentialAction":[{"@type":"ReadAction","target":["https:\/\/www.urlaubcornwall.de\/blog\/tremaen-cottage-ferienhaus-fuer-3-cornwall\/"]}]},{"@type":"BreadcrumbList","@id":"https:\/\/www.urlaubcornwall.de\/blog\/tremaen-cottage-ferienhaus-fuer-3-cornwall\/#breadcrumb","itemListElement":[{"@type":"ListItem","position":1,"name":"Home","item":"https:\/\/www.urlaubcornwall.de\/blog\/"},{"@type":"ListItem","position":2,"name":"Tremaen Cottage- Ferienhaus f\u00fcr 3 Cornwall"}]}]}},"_links":{"self":[{"href":"https:\/\/www.urlaubcornwall.de\/blog\/wp-json\/wp\/v2\/pages\/12880"}],"collection":[{"href":"https:\/\/www.urlaubcornwall.de\/blog\/wp-json\/wp\/v2\/pages"}],"about":[{"href":"https:\/\/www.urlaubcornwall.de\/blog\/wp-json\/wp\/v2\/types\/page"}],"author":[{"embeddable":true,"href":"https:\/\/www.urlaubcornwall.de\/blog\/wp-json\/wp\/v2\/users\/1"}],"replies":[{"embeddable":true,"href":"https:\/\/www.urlaubcornwall.de\/blog\/wp-json\/wp\/v2\/comments?post=12880"}],"version-history":[{"count":5,"href":"https:\/\/www.urlaubcornwall.de\/blog\/wp-json\/wp\/v2\/pages\/12880\/revisions"}],"predecessor-version":[{"id":42341,"href":"https:\/\/www.urlaubcornwall.de\/blog\/wp-json\/wp\/v2\/pages\/12880\/revisions\/42341"}],"wp:attachment":[{"href":"https:\/\/www.urlaubcornwall.de\/blog\/wp-json\/wp\/v2\/media?parent=12880"}],"curies":[{"name":"wp","href":"https:\/\/api.w.org\/{rel}","templated":true}]}}