{"id":12862,"date":"2014-01-31T14:08:12","date_gmt":"2014-01-31T14:08:12","guid":{"rendered":"https:\/\/www.urlaubcornwall.de\/blog\/?page_id=12862"},"modified":"2021-08-31T14:07:28","modified_gmt":"2021-08-31T14:07:28","slug":"the-cart-shed-ferienhaus-marazion-fuer-2-cornwall","status":"publish","type":"page","link":"https:\/\/www.urlaubcornwall.de\/blog\/the-cart-shed-ferienhaus-marazion-fuer-2-cornwall\/","title":{"rendered":"The Cart Shed- Ferienhaus Marazion f\u00fcr 2 Cornwall"},"content":{"rendered":"<p><strong>1 Schlafzimmer, hundefreundlich, Ferienhaus 5.3 Kilometer NW von Marazion, West-Cornwall. Preisspanne AA (\u00a3273 &#8211; \u00a3492)<\/strong><\/p>\n<p>Dieses sch\u00f6ne, gut ausgestattete Haus mit einem Schlafzimmer liegt in einer winzigen Siedlung im Moor West Penwiths. Es gibt zahlreiche Wanderm\u00f6glichkeiten, und Erholung ist sicher, wenn Sie erst einmal die Wege zum The Cart Shed spaziert sind. Auf dem Grundst\u00fcck des Barn Court\u00a0 gelegen, haben G\u00e4ste Zutritt zum gekieselten Freisitz und teilen sich die private Parkm\u00f6glichkeit.<\/p>\n<p style=\"text-align: center;\"><a class=\"tidycta\" href=\"https:\/\/www.urlaubcornwall.de\/ferienhaeuser-fewos\/marazion.html\"><\/a>Suche Ferienh\u00e4user Marazion<\/p>\n<p>Der zeitgen\u00f6ssische offene Wohnbereich bietet Komfort und W\u00e4rme, eine gut ausgestattete K\u00fcche und einen herrlich gro\u00dfen Nassraum. Vom Wohnbereich aus f\u00fchren eine Treppe hinauf zur Gallerie, zum Schlafzimmer, wo ein niederes Doppelbett (zug\u00e4nglich nur von einer Seite) unter die Dachschr\u00e4ge gestellt ist (bitte achten Sie auf ihren Kopf). Im Sommer lassen gro\u00dfe Fenster Licht hereinstr\u00f6men. Doch im Winter ziehen Sie besser die Vorh\u00e4nge, packen Ihr Buch aus und machen es sich vor dem knisternden Holzofen gem\u00fctlich. Dieser schicke, ehemalige Kutschenschuppen stellt sicherlich etwas ganz Besonderes dar.<\/p>\n<p><strong>Einrichtungen<\/strong><\/p>\n<p>\u2022 Private Parkm\u00f6glichkeit f\u00fcr 1 Auto<br \/>\n\u2022 Gartenm\u00f6bel<br \/>\n\u2022 Einkaufsm\u00f6glichkeit 1.5Meile.<br \/>\n\u2022 Kneipe 1.5 Meile<br \/>\n\u2022 \u00d6ffentliche Ttelefonzelle 1.5 Meile.<br \/>\n\u2022 Golf (18 Loch) 7 Meilen.<br \/>\n\u2022 Rauchen nicht erlaubt<br \/>\n\u2022 Hunde willkommen (nur 1).<br \/>\n\u2022 Anreise\/Abreise Samstag.<\/p>\n<p style=\"text-align: center;\"><a class=\"tidycta\" href=\"https:\/\/www.urlaubcornwall.de\/ferienhaeuser-fewos\/marazion.html\"><\/a>Suche Ferienh\u00e4user Marazion<\/p>\n","protected":false},"excerpt":{"rendered":"<p>1 Schlafzimmer, hundefreundlich, Ferienhaus 5.3 Kilometer NW von Marazion, West-Cornwall. Preisspanne AA (\u00a3273 &#8211; \u00a3492) Dieses sch\u00f6ne, gut ausgestattete Haus mit einem Schlafzimmer liegt in einer winzigen Siedlung im Moor West Penwiths. Es gibt zahlreiche Wanderm\u00f6glichkeiten, und Erholung ist sicher, wenn Sie erst einmal die Wege zum The Cart Shed spaziert sind. Auf dem Grundst\u00fcck [&hellip;]<\/p>\n","protected":false},"author":1,"featured_media":0,"parent":0,"menu_order":0,"comment_status":"closed","ping_status":"closed","template":"single-two.php","meta":[],"acf":[],"yoast_head":"<!-- This site is optimized with the Yoast SEO plugin v19.4 - https:\/\/yoast.com\/wordpress\/plugins\/seo\/ -->\n<title>The Cart Shed- Ferienhaus Marazion f\u00fcr 2 Cornwall - Urlaub &amp; Reisen<\/title>\n<meta name=\"robots\" content=\"index, follow, max-snippet:-1, max-image-preview:large, max-video-preview:-1\" \/>\n<link rel=\"canonical\" href=\"https:\/\/www.urlaubcornwall.de\/blog\/the-cart-shed-ferienhaus-marazion-fuer-2-cornwall\/\" \/>\n<meta property=\"og:locale\" content=\"en_US\" \/>\n<meta property=\"og:type\" content=\"article\" \/>\n<meta property=\"og:title\" content=\"The Cart Shed- Ferienhaus Marazion f\u00fcr 2 Cornwall - Urlaub &amp; Reisen\" \/>\n<meta property=\"og:description\" content=\"1 Schlafzimmer, hundefreundlich, Ferienhaus 5.3 Kilometer NW von Marazion, West-Cornwall. Preisspanne AA (\u00a3273 &#8211; \u00a3492) Dieses sch\u00f6ne, gut ausgestattete Haus mit einem Schlafzimmer liegt in einer winzigen Siedlung im Moor West Penwiths. Es gibt zahlreiche Wanderm\u00f6glichkeiten, und Erholung ist sicher, wenn Sie erst einmal die Wege zum The Cart Shed spaziert sind. Auf dem Grundst\u00fcck [&hellip;]\" \/>\n<meta property=\"og:url\" content=\"https:\/\/www.urlaubcornwall.de\/blog\/the-cart-shed-ferienhaus-marazion-fuer-2-cornwall\/\" \/>\n<meta property=\"og:site_name\" content=\"Urlaub &amp; Reisen\" \/>\n<meta property=\"article:modified_time\" content=\"2021-08-31T14:07:28+00:00\" \/>\n<meta name=\"twitter:card\" content=\"summary\" \/>\n<meta name=\"twitter:label1\" content=\"Est. reading time\" \/>\n\t<meta name=\"twitter:data1\" content=\"1 minute\" \/>\n<script type=\"application\/ld+json\" class=\"yoast-schema-graph\">{\"@context\":\"https:\/\/schema.org\",\"@graph\":[{\"@type\":\"WebSite\",\"@id\":\"https:\/\/www.urlaubcornwall.de\/blog\/#website\",\"url\":\"https:\/\/www.urlaubcornwall.de\/blog\/\",\"name\":\"Urlaub &amp; Reisen\",\"description\":\"Urlaub, Reisen, Cornwall und S\u00fcdengland: eine perfekte Kombination\",\"potentialAction\":[{\"@type\":\"SearchAction\",\"target\":{\"@type\":\"EntryPoint\",\"urlTemplate\":\"https:\/\/www.urlaubcornwall.de\/blog\/?s={search_term_string}\"},\"query-input\":\"required name=search_term_string\"}],\"inLanguage\":\"en-US\"},{\"@type\":\"WebPage\",\"@id\":\"https:\/\/www.urlaubcornwall.de\/blog\/the-cart-shed-ferienhaus-marazion-fuer-2-cornwall\/\",\"url\":\"https:\/\/www.urlaubcornwall.de\/blog\/the-cart-shed-ferienhaus-marazion-fuer-2-cornwall\/\",\"name\":\"The Cart Shed- Ferienhaus Marazion f\u00fcr 2 Cornwall - Urlaub &amp; Reisen\",\"isPartOf\":{\"@id\":\"https:\/\/www.urlaubcornwall.de\/blog\/#website\"},\"datePublished\":\"2014-01-31T14:08:12+00:00\",\"dateModified\":\"2021-08-31T14:07:28+00:00\",\"breadcrumb\":{\"@id\":\"https:\/\/www.urlaubcornwall.de\/blog\/the-cart-shed-ferienhaus-marazion-fuer-2-cornwall\/#breadcrumb\"},\"inLanguage\":\"en-US\",\"potentialAction\":[{\"@type\":\"ReadAction\",\"target\":[\"https:\/\/www.urlaubcornwall.de\/blog\/the-cart-shed-ferienhaus-marazion-fuer-2-cornwall\/\"]}]},{\"@type\":\"BreadcrumbList\",\"@id\":\"https:\/\/www.urlaubcornwall.de\/blog\/the-cart-shed-ferienhaus-marazion-fuer-2-cornwall\/#breadcrumb\",\"itemListElement\":[{\"@type\":\"ListItem\",\"position\":1,\"name\":\"Home\",\"item\":\"https:\/\/www.urlaubcornwall.de\/blog\/\"},{\"@type\":\"ListItem\",\"position\":2,\"name\":\"The Cart Shed- Ferienhaus Marazion f\u00fcr 2 Cornwall\"}]}]}<\/script>\n<!-- \/ Yoast SEO plugin. -->","yoast_head_json":{"title":"The Cart Shed- Ferienhaus Marazion f\u00fcr 2 Cornwall - Urlaub &amp; Reisen","robots":{"index":"index","follow":"follow","max-snippet":"max-snippet:-1","max-image-preview":"max-image-preview:large","max-video-preview":"max-video-preview:-1"},"canonical":"https:\/\/www.urlaubcornwall.de\/blog\/the-cart-shed-ferienhaus-marazion-fuer-2-cornwall\/","og_locale":"en_US","og_type":"article","og_title":"The Cart Shed- Ferienhaus Marazion f\u00fcr 2 Cornwall - Urlaub &amp; Reisen","og_description":"1 Schlafzimmer, hundefreundlich, Ferienhaus 5.3 Kilometer NW von Marazion, West-Cornwall. Preisspanne AA (\u00a3273 &#8211; \u00a3492) Dieses sch\u00f6ne, gut ausgestattete Haus mit einem Schlafzimmer liegt in einer winzigen Siedlung im Moor West Penwiths. Es gibt zahlreiche Wanderm\u00f6glichkeiten, und Erholung ist sicher, wenn Sie erst einmal die Wege zum The Cart Shed spaziert sind. Auf dem Grundst\u00fcck [&hellip;]","og_url":"https:\/\/www.urlaubcornwall.de\/blog\/the-cart-shed-ferienhaus-marazion-fuer-2-cornwall\/","og_site_name":"Urlaub &amp; Reisen","article_modified_time":"2021-08-31T14:07:28+00:00","twitter_card":"summary","twitter_misc":{"Est. reading time":"1 minute"},"schema":{"@context":"https:\/\/schema.org","@graph":[{"@type":"WebSite","@id":"https:\/\/www.urlaubcornwall.de\/blog\/#website","url":"https:\/\/www.urlaubcornwall.de\/blog\/","name":"Urlaub &amp; Reisen","description":"Urlaub, Reisen, Cornwall und S\u00fcdengland: eine perfekte Kombination","potentialAction":[{"@type":"SearchAction","target":{"@type":"EntryPoint","urlTemplate":"https:\/\/www.urlaubcornwall.de\/blog\/?s={search_term_string}"},"query-input":"required name=search_term_string"}],"inLanguage":"en-US"},{"@type":"WebPage","@id":"https:\/\/www.urlaubcornwall.de\/blog\/the-cart-shed-ferienhaus-marazion-fuer-2-cornwall\/","url":"https:\/\/www.urlaubcornwall.de\/blog\/the-cart-shed-ferienhaus-marazion-fuer-2-cornwall\/","name":"The Cart Shed- Ferienhaus Marazion f\u00fcr 2 Cornwall - Urlaub &amp; Reisen","isPartOf":{"@id":"https:\/\/www.urlaubcornwall.de\/blog\/#website"},"datePublished":"2014-01-31T14:08:12+00:00","dateModified":"2021-08-31T14:07:28+00:00","breadcrumb":{"@id":"https:\/\/www.urlaubcornwall.de\/blog\/the-cart-shed-ferienhaus-marazion-fuer-2-cornwall\/#breadcrumb"},"inLanguage":"en-US","potentialAction":[{"@type":"ReadAction","target":["https:\/\/www.urlaubcornwall.de\/blog\/the-cart-shed-ferienhaus-marazion-fuer-2-cornwall\/"]}]},{"@type":"BreadcrumbList","@id":"https:\/\/www.urlaubcornwall.de\/blog\/the-cart-shed-ferienhaus-marazion-fuer-2-cornwall\/#breadcrumb","itemListElement":[{"@type":"ListItem","position":1,"name":"Home","item":"https:\/\/www.urlaubcornwall.de\/blog\/"},{"@type":"ListItem","position":2,"name":"The Cart Shed- Ferienhaus Marazion f\u00fcr 2 Cornwall"}]}]}},"_links":{"self":[{"href":"https:\/\/www.urlaubcornwall.de\/blog\/wp-json\/wp\/v2\/pages\/12862"}],"collection":[{"href":"https:\/\/www.urlaubcornwall.de\/blog\/wp-json\/wp\/v2\/pages"}],"about":[{"href":"https:\/\/www.urlaubcornwall.de\/blog\/wp-json\/wp\/v2\/types\/page"}],"author":[{"embeddable":true,"href":"https:\/\/www.urlaubcornwall.de\/blog\/wp-json\/wp\/v2\/users\/1"}],"replies":[{"embeddable":true,"href":"https:\/\/www.urlaubcornwall.de\/blog\/wp-json\/wp\/v2\/comments?post=12862"}],"version-history":[{"count":5,"href":"https:\/\/www.urlaubcornwall.de\/blog\/wp-json\/wp\/v2\/pages\/12862\/revisions"}],"predecessor-version":[{"id":42339,"href":"https:\/\/www.urlaubcornwall.de\/blog\/wp-json\/wp\/v2\/pages\/12862\/revisions\/42339"}],"wp:attachment":[{"href":"https:\/\/www.urlaubcornwall.de\/blog\/wp-json\/wp\/v2\/media?parent=12862"}],"curies":[{"name":"wp","href":"https:\/\/api.w.org\/{rel}","templated":true}]}}