{"id":12853,"date":"2014-01-31T13:32:04","date_gmt":"2014-01-31T13:32:04","guid":{"rendered":"https:\/\/www.urlaubcornwall.de\/blog\/?page_id=12853"},"modified":"2021-08-31T14:06:41","modified_gmt":"2021-08-31T14:06:41","slug":"the-bosuns-locker-ferienhaus-lands-end","status":"publish","type":"page","link":"https:\/\/www.urlaubcornwall.de\/blog\/the-bosuns-locker-ferienhaus-lands-end\/","title":{"rendered":"Ferienh\u00e4user Cornwall K\u00fcste &#8211; The Bosun\u2019s Locker"},"content":{"rendered":"<p><strong>3 Schlafzimmer, leider keine Haustiere erlaubt, Ferienhaus mit Meerblick Sennen, West-Cornwall. Preisspanne O (\u00a3525 &#8211; \u00a31425)<\/strong><\/p>\n<p>Sennen Cove, <a href=\"https:\/\/www.urlaubcornwall.de\/ferienhaeuser-fewos\/west-cornwall.html\">West-K\u00fcste Cornwall<\/a>, ist zu Recht bekannt f\u00fcr seinen hervorragenden langen Sandstrand, Klippenpfade und die Wellen des Atlantiks, die sich am Ufer brechen. The Bosun\u2019s Locker Ferienhaus ist geradezu ideal, da es nahe genug gelegen ist, um all die Annehmlichkeiten dieses beliebten Dorfes zu genie\u00dfen und doch weit genug entfernt, um Ruhe und Frieden bieten zu k\u00f6nnen. In den 1970ern gebaut, verf\u00fcgt diese Reihe an H\u00e4usern \u00fcber unvergleichlichen Meeresblick, \u00fcber die Bucht selbst hinweg und bis hin zum Cape Cornwall.<\/p>\n<p style=\"text-align: center;\"><a class=\"tidycta\" href=\"https:\/\/www.urlaubcornwall.de\/ferienhaeuser-fewos\/sennen.html\"><\/a>Suche Ferienh\u00e4user Sennen<\/p>\n<p>Das Haus verf\u00fcgt \u00fcber einen kleinen Vorhof und eine gro\u00dfe, gepflasterte Terrasse hinter dem Haus, welche zum Klippenrand f\u00fchrt. Im Innenbereich finden Sie einen gem\u00fctlich ausgestatteten Wohn-\/Essbereich, und selbst an Wintertagen k\u00f6nnen G\u00e4ste den Meeresblick genie\u00dfen durch die gro\u00dfen doppelverglasten Fensterfronten. Eine ger\u00e4umige K\u00fcche im Shaker-Stil und drei lichte und luftige Schlafzimmer im Obergeschoss (zwei davon mit Meeresblick) tragen zur Besonderheit dieses Hauses bei. Aufgrund seiner Lage am Klippenrand ist dieses Haus bedauerlicherweise nicht geeignet f\u00fcr Kinder unter 10 Jahren.<\/p>\n<p><strong>Einrichtungen<\/strong><\/p>\n<p>\u2022 Parkplatz f\u00fcr 1 Auto<br \/>\n\u2022 Brennstoff und Strom inbegriffen<br \/>\n\u2022 Internetzugang<br \/>\n\u2022 Bettw\u00e4sche und Handt\u00fccher inbegriffen<br \/>\n\u2022 Gartenm\u00f6bel<br \/>\n\u2022 Laden 200 m<br \/>\n\u2022 Pub 200 m<br \/>\n\u2022 M\u00fcnztelefon 250 m.<br \/>\n\u2022 Golfplatz 6 km.<br \/>\n\u2022 keine Kinder unter 2 Jahre alt<br \/>\n\u2022 Rauchen verboten<br \/>\n\u2022 Keine Hunde erlaubt<br \/>\n\u2022 Ankunftstag Samstag<\/p>\n<p style=\"text-align: center;\"><a class=\"tidycta\" href=\"https:\/\/www.urlaubcornwall.de\/ferienhaeuser-fewos\/sennen.html\"><\/a>Suche Ferienh\u00e4user Sennen<\/p>\n","protected":false},"excerpt":{"rendered":"<p>3 Schlafzimmer, leider keine Haustiere erlaubt, Ferienhaus mit Meerblick Sennen, West-Cornwall. Preisspanne O (\u00a3525 &#8211; \u00a31425) Sennen Cove, West-K\u00fcste Cornwall, ist zu Recht bekannt f\u00fcr seinen hervorragenden langen Sandstrand, Klippenpfade und die Wellen des Atlantiks, die sich am Ufer brechen. The Bosun\u2019s Locker Ferienhaus ist geradezu ideal, da es nahe genug gelegen ist, um all [&hellip;]<\/p>\n","protected":false},"author":1,"featured_media":0,"parent":0,"menu_order":0,"comment_status":"closed","ping_status":"closed","template":"single-two.php","meta":[],"acf":[],"yoast_head":"<!-- This site is optimized with the Yoast SEO plugin v19.4 - https:\/\/yoast.com\/wordpress\/plugins\/seo\/ -->\n<title>Ferienh\u00e4user Cornwall K\u00fcste - The Bosun\u2019s Locker - Urlaub &amp; Reisen<\/title>\n<meta name=\"robots\" content=\"index, follow, max-snippet:-1, max-image-preview:large, max-video-preview:-1\" \/>\n<link rel=\"canonical\" href=\"https:\/\/www.urlaubcornwall.de\/blog\/the-bosuns-locker-ferienhaus-lands-end\/\" \/>\n<meta property=\"og:locale\" content=\"en_US\" \/>\n<meta property=\"og:type\" content=\"article\" \/>\n<meta property=\"og:title\" content=\"Ferienh\u00e4user Cornwall K\u00fcste - The Bosun\u2019s Locker - Urlaub &amp; Reisen\" \/>\n<meta property=\"og:description\" content=\"3 Schlafzimmer, leider keine Haustiere erlaubt, Ferienhaus mit Meerblick Sennen, West-Cornwall. Preisspanne O (\u00a3525 &#8211; \u00a31425) Sennen Cove, West-K\u00fcste Cornwall, ist zu Recht bekannt f\u00fcr seinen hervorragenden langen Sandstrand, Klippenpfade und die Wellen des Atlantiks, die sich am Ufer brechen. The Bosun\u2019s Locker Ferienhaus ist geradezu ideal, da es nahe genug gelegen ist, um all [&hellip;]\" \/>\n<meta property=\"og:url\" content=\"https:\/\/www.urlaubcornwall.de\/blog\/the-bosuns-locker-ferienhaus-lands-end\/\" \/>\n<meta property=\"og:site_name\" content=\"Urlaub &amp; Reisen\" \/>\n<meta property=\"article:modified_time\" content=\"2021-08-31T14:06:41+00:00\" \/>\n<meta name=\"twitter:card\" content=\"summary\" \/>\n<meta name=\"twitter:label1\" content=\"Est. reading time\" \/>\n\t<meta name=\"twitter:data1\" content=\"1 minute\" \/>\n<script type=\"application\/ld+json\" class=\"yoast-schema-graph\">{\"@context\":\"https:\/\/schema.org\",\"@graph\":[{\"@type\":\"WebSite\",\"@id\":\"https:\/\/www.urlaubcornwall.de\/blog\/#website\",\"url\":\"https:\/\/www.urlaubcornwall.de\/blog\/\",\"name\":\"Urlaub &amp; Reisen\",\"description\":\"Urlaub, Reisen, Cornwall und S\u00fcdengland: eine perfekte Kombination\",\"potentialAction\":[{\"@type\":\"SearchAction\",\"target\":{\"@type\":\"EntryPoint\",\"urlTemplate\":\"https:\/\/www.urlaubcornwall.de\/blog\/?s={search_term_string}\"},\"query-input\":\"required name=search_term_string\"}],\"inLanguage\":\"en-US\"},{\"@type\":\"WebPage\",\"@id\":\"https:\/\/www.urlaubcornwall.de\/blog\/the-bosuns-locker-ferienhaus-lands-end\/\",\"url\":\"https:\/\/www.urlaubcornwall.de\/blog\/the-bosuns-locker-ferienhaus-lands-end\/\",\"name\":\"Ferienh\u00e4user Cornwall K\u00fcste - The Bosun\u2019s Locker - Urlaub &amp; Reisen\",\"isPartOf\":{\"@id\":\"https:\/\/www.urlaubcornwall.de\/blog\/#website\"},\"datePublished\":\"2014-01-31T13:32:04+00:00\",\"dateModified\":\"2021-08-31T14:06:41+00:00\",\"breadcrumb\":{\"@id\":\"https:\/\/www.urlaubcornwall.de\/blog\/the-bosuns-locker-ferienhaus-lands-end\/#breadcrumb\"},\"inLanguage\":\"en-US\",\"potentialAction\":[{\"@type\":\"ReadAction\",\"target\":[\"https:\/\/www.urlaubcornwall.de\/blog\/the-bosuns-locker-ferienhaus-lands-end\/\"]}]},{\"@type\":\"BreadcrumbList\",\"@id\":\"https:\/\/www.urlaubcornwall.de\/blog\/the-bosuns-locker-ferienhaus-lands-end\/#breadcrumb\",\"itemListElement\":[{\"@type\":\"ListItem\",\"position\":1,\"name\":\"Home\",\"item\":\"https:\/\/www.urlaubcornwall.de\/blog\/\"},{\"@type\":\"ListItem\",\"position\":2,\"name\":\"Ferienh\u00e4user Cornwall K\u00fcste &#8211; The Bosun\u2019s Locker\"}]}]}<\/script>\n<!-- \/ Yoast SEO plugin. -->","yoast_head_json":{"title":"Ferienh\u00e4user Cornwall K\u00fcste - The Bosun\u2019s Locker - Urlaub &amp; Reisen","robots":{"index":"index","follow":"follow","max-snippet":"max-snippet:-1","max-image-preview":"max-image-preview:large","max-video-preview":"max-video-preview:-1"},"canonical":"https:\/\/www.urlaubcornwall.de\/blog\/the-bosuns-locker-ferienhaus-lands-end\/","og_locale":"en_US","og_type":"article","og_title":"Ferienh\u00e4user Cornwall K\u00fcste - The Bosun\u2019s Locker - Urlaub &amp; Reisen","og_description":"3 Schlafzimmer, leider keine Haustiere erlaubt, Ferienhaus mit Meerblick Sennen, West-Cornwall. Preisspanne O (\u00a3525 &#8211; \u00a31425) Sennen Cove, West-K\u00fcste Cornwall, ist zu Recht bekannt f\u00fcr seinen hervorragenden langen Sandstrand, Klippenpfade und die Wellen des Atlantiks, die sich am Ufer brechen. The Bosun\u2019s Locker Ferienhaus ist geradezu ideal, da es nahe genug gelegen ist, um all [&hellip;]","og_url":"https:\/\/www.urlaubcornwall.de\/blog\/the-bosuns-locker-ferienhaus-lands-end\/","og_site_name":"Urlaub &amp; Reisen","article_modified_time":"2021-08-31T14:06:41+00:00","twitter_card":"summary","twitter_misc":{"Est. reading time":"1 minute"},"schema":{"@context":"https:\/\/schema.org","@graph":[{"@type":"WebSite","@id":"https:\/\/www.urlaubcornwall.de\/blog\/#website","url":"https:\/\/www.urlaubcornwall.de\/blog\/","name":"Urlaub &amp; Reisen","description":"Urlaub, Reisen, Cornwall und S\u00fcdengland: eine perfekte Kombination","potentialAction":[{"@type":"SearchAction","target":{"@type":"EntryPoint","urlTemplate":"https:\/\/www.urlaubcornwall.de\/blog\/?s={search_term_string}"},"query-input":"required name=search_term_string"}],"inLanguage":"en-US"},{"@type":"WebPage","@id":"https:\/\/www.urlaubcornwall.de\/blog\/the-bosuns-locker-ferienhaus-lands-end\/","url":"https:\/\/www.urlaubcornwall.de\/blog\/the-bosuns-locker-ferienhaus-lands-end\/","name":"Ferienh\u00e4user Cornwall K\u00fcste - The Bosun\u2019s Locker - Urlaub &amp; Reisen","isPartOf":{"@id":"https:\/\/www.urlaubcornwall.de\/blog\/#website"},"datePublished":"2014-01-31T13:32:04+00:00","dateModified":"2021-08-31T14:06:41+00:00","breadcrumb":{"@id":"https:\/\/www.urlaubcornwall.de\/blog\/the-bosuns-locker-ferienhaus-lands-end\/#breadcrumb"},"inLanguage":"en-US","potentialAction":[{"@type":"ReadAction","target":["https:\/\/www.urlaubcornwall.de\/blog\/the-bosuns-locker-ferienhaus-lands-end\/"]}]},{"@type":"BreadcrumbList","@id":"https:\/\/www.urlaubcornwall.de\/blog\/the-bosuns-locker-ferienhaus-lands-end\/#breadcrumb","itemListElement":[{"@type":"ListItem","position":1,"name":"Home","item":"https:\/\/www.urlaubcornwall.de\/blog\/"},{"@type":"ListItem","position":2,"name":"Ferienh\u00e4user Cornwall K\u00fcste &#8211; The Bosun\u2019s Locker"}]}]}},"_links":{"self":[{"href":"https:\/\/www.urlaubcornwall.de\/blog\/wp-json\/wp\/v2\/pages\/12853"}],"collection":[{"href":"https:\/\/www.urlaubcornwall.de\/blog\/wp-json\/wp\/v2\/pages"}],"about":[{"href":"https:\/\/www.urlaubcornwall.de\/blog\/wp-json\/wp\/v2\/types\/page"}],"author":[{"embeddable":true,"href":"https:\/\/www.urlaubcornwall.de\/blog\/wp-json\/wp\/v2\/users\/1"}],"replies":[{"embeddable":true,"href":"https:\/\/www.urlaubcornwall.de\/blog\/wp-json\/wp\/v2\/comments?post=12853"}],"version-history":[{"count":8,"href":"https:\/\/www.urlaubcornwall.de\/blog\/wp-json\/wp\/v2\/pages\/12853\/revisions"}],"predecessor-version":[{"id":42338,"href":"https:\/\/www.urlaubcornwall.de\/blog\/wp-json\/wp\/v2\/pages\/12853\/revisions\/42338"}],"wp:attachment":[{"href":"https:\/\/www.urlaubcornwall.de\/blog\/wp-json\/wp\/v2\/media?parent=12853"}],"curies":[{"name":"wp","href":"https:\/\/api.w.org\/{rel}","templated":true}]}}