{"id":12843,"date":"2014-01-31T13:18:47","date_gmt":"2014-01-31T13:18:47","guid":{"rendered":"https:\/\/www.urlaubcornwall.de\/blog\/?page_id=12843"},"modified":"2021-08-31T14:05:23","modified_gmt":"2021-08-31T14:05:23","slug":"porthia-blue-ferienwohnung-carbis-bay","status":"publish","type":"page","link":"https:\/\/www.urlaubcornwall.de\/blog\/porthia-blue-ferienwohnung-carbis-bay\/","title":{"rendered":"Porthia Blue- Ferienwohnung Carbis Bay am Meer"},"content":{"rendered":"<p><strong>2 Schlafzimmer, leider keine Haustiere erlaubt, Ferienwohnung mit Meerblick 2.1 Kilometer SO von St Ives, West-Cornwall. Preisspanne P (\u00a3546 &#8211; \u00a31491)<\/strong><\/p>\n<p>Sobald Sie dieses stilvolle Appartement auf dem ersten Stock betreten, betrachten Sie auch den Ozean. Schauen Sie dann \u00fcber den zeitgen\u00f6ssischen offenen Wohnbereich hinweg zur klaren, blauen Bucht. Lassen Sie Ihr Gep\u00e4ck fallen und rennen Sie hinunter den steilen H\u00fcgel entlang zum Strand \u2013 Carbis Bay ist einfach wundersch\u00f6n! Porthia Blue befindet sich lediglich 400 Yards entfernt vom Strand und seinen Annehmlichkeiten, einschlie\u00dflich eines Hotels und Restaurants. Daher k\u00f6nnen Sie also das Auto ruhig unbewegt lassen w\u00e4hrend Ihres gesamten Aufenthalts hier.<\/p>\n<p style=\"text-align: center;\"><a class=\"tidycta\" href=\"https:\/\/www.urlaubcornwall.de\/ferienhaeuser-fewos\/carbis-bay.html\"><\/a>Suche Ferienh\u00e4user Carbis Bay<\/p>\n<p>Klippenpfade gibt es im \u00dcberfluss, und eine wundersch\u00f6ne Zugfahrt vom nahe gelegenen Bahnhof aus bringt Sie der K\u00fcste entlang zur malerischen Meeresstadt St Ives, das mit exquisiten Galerien und hervorragenden Restaurants aufwartet.<\/p>\n<p>Auf sehr hohem Standard eingerichtet, verf\u00fcgt Porthia Blue Ferienwohnung \u00fcber Eichenb\u00f6den im gesamten Wohnraum, einer kunstvollen K\u00fcche und zwei stilvollen, ger\u00e4umigen Schlafzimmern, beide mit \u201eRomeo und Julia\u201c-Balkon. Das Hauptschlafzimmer verf\u00fcgt \u00fcber einen en-suite-Duschraum. Auf dem \u00fcberdachten Balkon befinden sich ein Tisch und St\u00fchle, die es Ihnen erm\u00f6glichen, drau\u00dfen zu sitzen und gen\u00fcsslich die atemberaubende Sicht zu genie\u00dfen, w\u00e4hrend Sie eine Mahlzeit im Freien einnehmen, vielleicht sogar einen oder zwei Delphine sehen, die gerade vorbeischwimmen. Es gibt auch einen gro\u00dfen Garten, der mit den anderen Appartements geteilt wird.<\/p>\n<p><strong>Einrichtungen<\/strong><\/p>\n<p>\u2022 Parkplatz f\u00fcr 1 Auto<br \/>\n\u2022 Brennstoff und Strom inbegriffen<br \/>\n\u2022 Laden 500 m<br \/>\n\u2022 Pub 500 m<br \/>\n\u2022 M\u00fcnztelefon 150 m<br \/>\n\u2022 Golfplatz 3 km.<br \/>\n\u2022 Rauchen verboten<br \/>\n\u2022 Keine Hunde erlaubt<br \/>\n\u2022 Ankunftstag Freitag<\/p>\n<p style=\"text-align: center;\"><a class=\"tidycta\" href=\"https:\/\/www.urlaubcornwall.de\/ferienhaeuser-fewos\/carbis-bay.html\"><\/a>Suche Ferienh\u00e4user Carbis Bay<\/p>\n","protected":false},"excerpt":{"rendered":"<p>2 Schlafzimmer, leider keine Haustiere erlaubt, Ferienwohnung mit Meerblick 2.1 Kilometer SO von St Ives, West-Cornwall. Preisspanne P (\u00a3546 &#8211; \u00a31491) Sobald Sie dieses stilvolle Appartement auf dem ersten Stock betreten, betrachten Sie auch den Ozean. Schauen Sie dann \u00fcber den zeitgen\u00f6ssischen offenen Wohnbereich hinweg zur klaren, blauen Bucht. Lassen Sie Ihr Gep\u00e4ck fallen und [&hellip;]<\/p>\n","protected":false},"author":1,"featured_media":0,"parent":0,"menu_order":0,"comment_status":"closed","ping_status":"closed","template":"single-two.php","meta":[],"acf":[],"yoast_head":"<!-- This site is optimized with the Yoast SEO plugin v19.4 - https:\/\/yoast.com\/wordpress\/plugins\/seo\/ -->\n<title>Porthia Blue- Ferienwohnung Carbis Bay am Meer - Urlaub &amp; Reisen<\/title>\n<meta name=\"robots\" content=\"index, follow, max-snippet:-1, max-image-preview:large, max-video-preview:-1\" \/>\n<link rel=\"canonical\" href=\"https:\/\/www.urlaubcornwall.de\/blog\/porthia-blue-ferienwohnung-carbis-bay\/\" \/>\n<meta property=\"og:locale\" content=\"en_US\" \/>\n<meta property=\"og:type\" content=\"article\" \/>\n<meta property=\"og:title\" content=\"Porthia Blue- Ferienwohnung Carbis Bay am Meer - Urlaub &amp; Reisen\" \/>\n<meta property=\"og:description\" content=\"2 Schlafzimmer, leider keine Haustiere erlaubt, Ferienwohnung mit Meerblick 2.1 Kilometer SO von St Ives, West-Cornwall. Preisspanne P (\u00a3546 &#8211; \u00a31491) Sobald Sie dieses stilvolle Appartement auf dem ersten Stock betreten, betrachten Sie auch den Ozean. Schauen Sie dann \u00fcber den zeitgen\u00f6ssischen offenen Wohnbereich hinweg zur klaren, blauen Bucht. Lassen Sie Ihr Gep\u00e4ck fallen und [&hellip;]\" \/>\n<meta property=\"og:url\" content=\"https:\/\/www.urlaubcornwall.de\/blog\/porthia-blue-ferienwohnung-carbis-bay\/\" \/>\n<meta property=\"og:site_name\" content=\"Urlaub &amp; Reisen\" \/>\n<meta property=\"article:modified_time\" content=\"2021-08-31T14:05:23+00:00\" \/>\n<meta name=\"twitter:card\" content=\"summary\" \/>\n<meta name=\"twitter:label1\" content=\"Est. reading time\" \/>\n\t<meta name=\"twitter:data1\" content=\"1 minute\" \/>\n<script type=\"application\/ld+json\" class=\"yoast-schema-graph\">{\"@context\":\"https:\/\/schema.org\",\"@graph\":[{\"@type\":\"WebSite\",\"@id\":\"https:\/\/www.urlaubcornwall.de\/blog\/#website\",\"url\":\"https:\/\/www.urlaubcornwall.de\/blog\/\",\"name\":\"Urlaub &amp; Reisen\",\"description\":\"Urlaub, Reisen, Cornwall und S\u00fcdengland: eine perfekte Kombination\",\"potentialAction\":[{\"@type\":\"SearchAction\",\"target\":{\"@type\":\"EntryPoint\",\"urlTemplate\":\"https:\/\/www.urlaubcornwall.de\/blog\/?s={search_term_string}\"},\"query-input\":\"required name=search_term_string\"}],\"inLanguage\":\"en-US\"},{\"@type\":\"WebPage\",\"@id\":\"https:\/\/www.urlaubcornwall.de\/blog\/porthia-blue-ferienwohnung-carbis-bay\/\",\"url\":\"https:\/\/www.urlaubcornwall.de\/blog\/porthia-blue-ferienwohnung-carbis-bay\/\",\"name\":\"Porthia Blue- Ferienwohnung Carbis Bay am Meer - Urlaub &amp; Reisen\",\"isPartOf\":{\"@id\":\"https:\/\/www.urlaubcornwall.de\/blog\/#website\"},\"datePublished\":\"2014-01-31T13:18:47+00:00\",\"dateModified\":\"2021-08-31T14:05:23+00:00\",\"breadcrumb\":{\"@id\":\"https:\/\/www.urlaubcornwall.de\/blog\/porthia-blue-ferienwohnung-carbis-bay\/#breadcrumb\"},\"inLanguage\":\"en-US\",\"potentialAction\":[{\"@type\":\"ReadAction\",\"target\":[\"https:\/\/www.urlaubcornwall.de\/blog\/porthia-blue-ferienwohnung-carbis-bay\/\"]}]},{\"@type\":\"BreadcrumbList\",\"@id\":\"https:\/\/www.urlaubcornwall.de\/blog\/porthia-blue-ferienwohnung-carbis-bay\/#breadcrumb\",\"itemListElement\":[{\"@type\":\"ListItem\",\"position\":1,\"name\":\"Home\",\"item\":\"https:\/\/www.urlaubcornwall.de\/blog\/\"},{\"@type\":\"ListItem\",\"position\":2,\"name\":\"Porthia Blue- Ferienwohnung Carbis Bay am Meer\"}]}]}<\/script>\n<!-- \/ Yoast SEO plugin. -->","yoast_head_json":{"title":"Porthia Blue- Ferienwohnung Carbis Bay am Meer - Urlaub &amp; Reisen","robots":{"index":"index","follow":"follow","max-snippet":"max-snippet:-1","max-image-preview":"max-image-preview:large","max-video-preview":"max-video-preview:-1"},"canonical":"https:\/\/www.urlaubcornwall.de\/blog\/porthia-blue-ferienwohnung-carbis-bay\/","og_locale":"en_US","og_type":"article","og_title":"Porthia Blue- Ferienwohnung Carbis Bay am Meer - Urlaub &amp; Reisen","og_description":"2 Schlafzimmer, leider keine Haustiere erlaubt, Ferienwohnung mit Meerblick 2.1 Kilometer SO von St Ives, West-Cornwall. Preisspanne P (\u00a3546 &#8211; \u00a31491) Sobald Sie dieses stilvolle Appartement auf dem ersten Stock betreten, betrachten Sie auch den Ozean. Schauen Sie dann \u00fcber den zeitgen\u00f6ssischen offenen Wohnbereich hinweg zur klaren, blauen Bucht. Lassen Sie Ihr Gep\u00e4ck fallen und [&hellip;]","og_url":"https:\/\/www.urlaubcornwall.de\/blog\/porthia-blue-ferienwohnung-carbis-bay\/","og_site_name":"Urlaub &amp; Reisen","article_modified_time":"2021-08-31T14:05:23+00:00","twitter_card":"summary","twitter_misc":{"Est. reading time":"1 minute"},"schema":{"@context":"https:\/\/schema.org","@graph":[{"@type":"WebSite","@id":"https:\/\/www.urlaubcornwall.de\/blog\/#website","url":"https:\/\/www.urlaubcornwall.de\/blog\/","name":"Urlaub &amp; Reisen","description":"Urlaub, Reisen, Cornwall und S\u00fcdengland: eine perfekte Kombination","potentialAction":[{"@type":"SearchAction","target":{"@type":"EntryPoint","urlTemplate":"https:\/\/www.urlaubcornwall.de\/blog\/?s={search_term_string}"},"query-input":"required name=search_term_string"}],"inLanguage":"en-US"},{"@type":"WebPage","@id":"https:\/\/www.urlaubcornwall.de\/blog\/porthia-blue-ferienwohnung-carbis-bay\/","url":"https:\/\/www.urlaubcornwall.de\/blog\/porthia-blue-ferienwohnung-carbis-bay\/","name":"Porthia Blue- Ferienwohnung Carbis Bay am Meer - Urlaub &amp; Reisen","isPartOf":{"@id":"https:\/\/www.urlaubcornwall.de\/blog\/#website"},"datePublished":"2014-01-31T13:18:47+00:00","dateModified":"2021-08-31T14:05:23+00:00","breadcrumb":{"@id":"https:\/\/www.urlaubcornwall.de\/blog\/porthia-blue-ferienwohnung-carbis-bay\/#breadcrumb"},"inLanguage":"en-US","potentialAction":[{"@type":"ReadAction","target":["https:\/\/www.urlaubcornwall.de\/blog\/porthia-blue-ferienwohnung-carbis-bay\/"]}]},{"@type":"BreadcrumbList","@id":"https:\/\/www.urlaubcornwall.de\/blog\/porthia-blue-ferienwohnung-carbis-bay\/#breadcrumb","itemListElement":[{"@type":"ListItem","position":1,"name":"Home","item":"https:\/\/www.urlaubcornwall.de\/blog\/"},{"@type":"ListItem","position":2,"name":"Porthia Blue- Ferienwohnung Carbis Bay am Meer"}]}]}},"_links":{"self":[{"href":"https:\/\/www.urlaubcornwall.de\/blog\/wp-json\/wp\/v2\/pages\/12843"}],"collection":[{"href":"https:\/\/www.urlaubcornwall.de\/blog\/wp-json\/wp\/v2\/pages"}],"about":[{"href":"https:\/\/www.urlaubcornwall.de\/blog\/wp-json\/wp\/v2\/types\/page"}],"author":[{"embeddable":true,"href":"https:\/\/www.urlaubcornwall.de\/blog\/wp-json\/wp\/v2\/users\/1"}],"replies":[{"embeddable":true,"href":"https:\/\/www.urlaubcornwall.de\/blog\/wp-json\/wp\/v2\/comments?post=12843"}],"version-history":[{"count":7,"href":"https:\/\/www.urlaubcornwall.de\/blog\/wp-json\/wp\/v2\/pages\/12843\/revisions"}],"predecessor-version":[{"id":42337,"href":"https:\/\/www.urlaubcornwall.de\/blog\/wp-json\/wp\/v2\/pages\/12843\/revisions\/42337"}],"wp:attachment":[{"href":"https:\/\/www.urlaubcornwall.de\/blog\/wp-json\/wp\/v2\/media?parent=12843"}],"curies":[{"name":"wp","href":"https:\/\/api.w.org\/{rel}","templated":true}]}}