{"id":12835,"date":"2014-01-31T12:57:02","date_gmt":"2014-01-31T12:57:02","guid":{"rendered":"https:\/\/www.urlaubcornwall.de\/blog\/?page_id=12835"},"modified":"2021-08-31T14:03:11","modified_gmt":"2021-08-31T14:03:11","slug":"smugglers-cottage-ferienhaus-porthleven","status":"publish","type":"page","link":"https:\/\/www.urlaubcornwall.de\/blog\/smugglers-cottage-ferienhaus-porthleven\/","title":{"rendered":"Smugglers Cottage- Ferienhaus Porthleven"},"content":{"rendered":"<p><strong>1 Schlafzimmer, hundefreundlich, Ferienhaus 2.9 Kilometer SO von Porthleven, S\u00fcdwest-Cornwall. Preisspanne D (\u00a3315 &#8211; \u00a3693)<\/strong><\/p>\n<p>Smugglers Cottage ist ein gem\u00fctlicher, l\u00e4ndlicher R\u00fcckzugsort am Rande des wundersch\u00f6nen Penrose Estate gelegen, das sich in H\u00e4nden des National Trust befindet. Es schmiegt sich bescheiden in eine Reihe \u00e4hnlicher Steingeb\u00e4ude ein in einer wahrhaft friedvollen, zur Entspannung einladenden Lage am Ende eines nat\u00fcrlichen Privatweges. Wundersch\u00f6ne Wanderpfade befinden sich in der N\u00e4he mit hervorragendem Blick \u00fcber Carminowe Creek und Loe Pool. Der spektakul\u00e4re K\u00fcstenpfad f\u00fchrt zum malerischen Porthleven in der einen Richtung und der entz\u00fcckenden Church Cove in der anderen.<\/p>\n<p style=\"text-align: center;\"><a class=\"tidycta\" href=\"https:\/\/www.urlaubcornwall.de\/ferienhaeuser-fewos\/porthleven.html\"><\/a>Suche Ferienh\u00e4user Porthleven<\/p>\n<p>Die historische Stadt <a href=\"https:\/\/www.urlaubcornwall.de\/ferienhaeuser-fewos\/helston.html\">Helston<\/a> bietet alle notwendigen Annehmlichkeiten, und auch die sich dahin schl\u00e4ngelnden Buchten und bewaldeten T\u00e4ler des Helford River sind nur eine kurze Autofahrt entfernt, wie auch die zahlreichen malerischen Buchten und Fischerd\u00f6rfer des Lizard.<\/p>\n<p>Smugglers Cottage wird Sie nach jedem Tagesabenteuer wieder willkommen hei\u00dfen. Das gro\u00dfe, knautschige Sofa wird Sie einladen, es sich vor dem Holzfeuer gem\u00fctlich zu machen. Eine Treppe f\u00fchrt hinauf zum h\u00fcbschen Schlafzimmer und dem Badezimmer, welches eine Stufe an der Badewanne hat. Drau\u00dfen befindet sich ein privater eingegrenzter Garten mit mehreren Ebenen, und ein paar Meter entfernt finden Sie auf der begrasten Parkfl\u00e4che einen Picknicktisch, der geradezu ideal platziert ist, um die atemberaubenden Sonnenunterg\u00e4nge zu betrachten!<\/p>\n<p><strong>Einrichtungen<\/strong><\/p>\n<p>\u2022 Parkplatz f\u00fcr 1 Auto<br \/>\n\u2022 Brennstoff und Strom inbegriffen<br \/>\n\u2022 Gartenm\u00f6bel<br \/>\n\u2022 Laden 2,5 km<br \/>\n\u2022 Pub 2,5 km<br \/>\n\u2022 M\u00fcnztelefon 2,5 km.<br \/>\n\u2022 keine Kinder unter 16 Jahre alt<br \/>\n\u2022 Rauchen verboten<br \/>\n\u2022 hundefreundlich<br \/>\n\u2022 Ankunftstag Samstag<\/p>\n<p style=\"text-align: center;\"><a class=\"tidycta\" href=\"https:\/\/www.urlaubcornwall.de\/ferienhaeuser-fewos\/porthleven.html\"><\/a>Suche Ferienh\u00e4user Porthleven<\/p>\n","protected":false},"excerpt":{"rendered":"<p>1 Schlafzimmer, hundefreundlich, Ferienhaus 2.9 Kilometer SO von Porthleven, S\u00fcdwest-Cornwall. Preisspanne D (\u00a3315 &#8211; \u00a3693) Smugglers Cottage ist ein gem\u00fctlicher, l\u00e4ndlicher R\u00fcckzugsort am Rande des wundersch\u00f6nen Penrose Estate gelegen, das sich in H\u00e4nden des National Trust befindet. Es schmiegt sich bescheiden in eine Reihe \u00e4hnlicher Steingeb\u00e4ude ein in einer wahrhaft friedvollen, zur Entspannung einladenden Lage [&hellip;]<\/p>\n","protected":false},"author":1,"featured_media":0,"parent":0,"menu_order":0,"comment_status":"closed","ping_status":"closed","template":"single-two.php","meta":[],"acf":[],"yoast_head":"<!-- This site is optimized with the Yoast SEO plugin v19.4 - https:\/\/yoast.com\/wordpress\/plugins\/seo\/ -->\n<title>Smugglers Cottage- Ferienhaus Porthleven - Urlaub &amp; Reisen<\/title>\n<meta name=\"robots\" content=\"index, follow, max-snippet:-1, max-image-preview:large, max-video-preview:-1\" \/>\n<link rel=\"canonical\" href=\"https:\/\/www.urlaubcornwall.de\/blog\/smugglers-cottage-ferienhaus-porthleven\/\" \/>\n<meta property=\"og:locale\" content=\"en_US\" \/>\n<meta property=\"og:type\" content=\"article\" \/>\n<meta property=\"og:title\" content=\"Smugglers Cottage- Ferienhaus Porthleven - Urlaub &amp; Reisen\" \/>\n<meta property=\"og:description\" content=\"1 Schlafzimmer, hundefreundlich, Ferienhaus 2.9 Kilometer SO von Porthleven, S\u00fcdwest-Cornwall. Preisspanne D (\u00a3315 &#8211; \u00a3693) Smugglers Cottage ist ein gem\u00fctlicher, l\u00e4ndlicher R\u00fcckzugsort am Rande des wundersch\u00f6nen Penrose Estate gelegen, das sich in H\u00e4nden des National Trust befindet. Es schmiegt sich bescheiden in eine Reihe \u00e4hnlicher Steingeb\u00e4ude ein in einer wahrhaft friedvollen, zur Entspannung einladenden Lage [&hellip;]\" \/>\n<meta property=\"og:url\" content=\"https:\/\/www.urlaubcornwall.de\/blog\/smugglers-cottage-ferienhaus-porthleven\/\" \/>\n<meta property=\"og:site_name\" content=\"Urlaub &amp; Reisen\" \/>\n<meta property=\"article:modified_time\" content=\"2021-08-31T14:03:11+00:00\" \/>\n<meta name=\"twitter:card\" content=\"summary\" \/>\n<meta name=\"twitter:label1\" content=\"Est. reading time\" \/>\n\t<meta name=\"twitter:data1\" content=\"1 minute\" \/>\n<script type=\"application\/ld+json\" class=\"yoast-schema-graph\">{\"@context\":\"https:\/\/schema.org\",\"@graph\":[{\"@type\":\"WebSite\",\"@id\":\"https:\/\/www.urlaubcornwall.de\/blog\/#website\",\"url\":\"https:\/\/www.urlaubcornwall.de\/blog\/\",\"name\":\"Urlaub &amp; Reisen\",\"description\":\"Urlaub, Reisen, Cornwall und S\u00fcdengland: eine perfekte Kombination\",\"potentialAction\":[{\"@type\":\"SearchAction\",\"target\":{\"@type\":\"EntryPoint\",\"urlTemplate\":\"https:\/\/www.urlaubcornwall.de\/blog\/?s={search_term_string}\"},\"query-input\":\"required name=search_term_string\"}],\"inLanguage\":\"en-US\"},{\"@type\":\"WebPage\",\"@id\":\"https:\/\/www.urlaubcornwall.de\/blog\/smugglers-cottage-ferienhaus-porthleven\/\",\"url\":\"https:\/\/www.urlaubcornwall.de\/blog\/smugglers-cottage-ferienhaus-porthleven\/\",\"name\":\"Smugglers Cottage- Ferienhaus Porthleven - Urlaub &amp; Reisen\",\"isPartOf\":{\"@id\":\"https:\/\/www.urlaubcornwall.de\/blog\/#website\"},\"datePublished\":\"2014-01-31T12:57:02+00:00\",\"dateModified\":\"2021-08-31T14:03:11+00:00\",\"breadcrumb\":{\"@id\":\"https:\/\/www.urlaubcornwall.de\/blog\/smugglers-cottage-ferienhaus-porthleven\/#breadcrumb\"},\"inLanguage\":\"en-US\",\"potentialAction\":[{\"@type\":\"ReadAction\",\"target\":[\"https:\/\/www.urlaubcornwall.de\/blog\/smugglers-cottage-ferienhaus-porthleven\/\"]}]},{\"@type\":\"BreadcrumbList\",\"@id\":\"https:\/\/www.urlaubcornwall.de\/blog\/smugglers-cottage-ferienhaus-porthleven\/#breadcrumb\",\"itemListElement\":[{\"@type\":\"ListItem\",\"position\":1,\"name\":\"Home\",\"item\":\"https:\/\/www.urlaubcornwall.de\/blog\/\"},{\"@type\":\"ListItem\",\"position\":2,\"name\":\"Smugglers Cottage- Ferienhaus Porthleven\"}]}]}<\/script>\n<!-- \/ Yoast SEO plugin. -->","yoast_head_json":{"title":"Smugglers Cottage- Ferienhaus Porthleven - Urlaub &amp; Reisen","robots":{"index":"index","follow":"follow","max-snippet":"max-snippet:-1","max-image-preview":"max-image-preview:large","max-video-preview":"max-video-preview:-1"},"canonical":"https:\/\/www.urlaubcornwall.de\/blog\/smugglers-cottage-ferienhaus-porthleven\/","og_locale":"en_US","og_type":"article","og_title":"Smugglers Cottage- Ferienhaus Porthleven - Urlaub &amp; Reisen","og_description":"1 Schlafzimmer, hundefreundlich, Ferienhaus 2.9 Kilometer SO von Porthleven, S\u00fcdwest-Cornwall. Preisspanne D (\u00a3315 &#8211; \u00a3693) Smugglers Cottage ist ein gem\u00fctlicher, l\u00e4ndlicher R\u00fcckzugsort am Rande des wundersch\u00f6nen Penrose Estate gelegen, das sich in H\u00e4nden des National Trust befindet. Es schmiegt sich bescheiden in eine Reihe \u00e4hnlicher Steingeb\u00e4ude ein in einer wahrhaft friedvollen, zur Entspannung einladenden Lage [&hellip;]","og_url":"https:\/\/www.urlaubcornwall.de\/blog\/smugglers-cottage-ferienhaus-porthleven\/","og_site_name":"Urlaub &amp; Reisen","article_modified_time":"2021-08-31T14:03:11+00:00","twitter_card":"summary","twitter_misc":{"Est. reading time":"1 minute"},"schema":{"@context":"https:\/\/schema.org","@graph":[{"@type":"WebSite","@id":"https:\/\/www.urlaubcornwall.de\/blog\/#website","url":"https:\/\/www.urlaubcornwall.de\/blog\/","name":"Urlaub &amp; Reisen","description":"Urlaub, Reisen, Cornwall und S\u00fcdengland: eine perfekte Kombination","potentialAction":[{"@type":"SearchAction","target":{"@type":"EntryPoint","urlTemplate":"https:\/\/www.urlaubcornwall.de\/blog\/?s={search_term_string}"},"query-input":"required name=search_term_string"}],"inLanguage":"en-US"},{"@type":"WebPage","@id":"https:\/\/www.urlaubcornwall.de\/blog\/smugglers-cottage-ferienhaus-porthleven\/","url":"https:\/\/www.urlaubcornwall.de\/blog\/smugglers-cottage-ferienhaus-porthleven\/","name":"Smugglers Cottage- Ferienhaus Porthleven - Urlaub &amp; Reisen","isPartOf":{"@id":"https:\/\/www.urlaubcornwall.de\/blog\/#website"},"datePublished":"2014-01-31T12:57:02+00:00","dateModified":"2021-08-31T14:03:11+00:00","breadcrumb":{"@id":"https:\/\/www.urlaubcornwall.de\/blog\/smugglers-cottage-ferienhaus-porthleven\/#breadcrumb"},"inLanguage":"en-US","potentialAction":[{"@type":"ReadAction","target":["https:\/\/www.urlaubcornwall.de\/blog\/smugglers-cottage-ferienhaus-porthleven\/"]}]},{"@type":"BreadcrumbList","@id":"https:\/\/www.urlaubcornwall.de\/blog\/smugglers-cottage-ferienhaus-porthleven\/#breadcrumb","itemListElement":[{"@type":"ListItem","position":1,"name":"Home","item":"https:\/\/www.urlaubcornwall.de\/blog\/"},{"@type":"ListItem","position":2,"name":"Smugglers Cottage- Ferienhaus Porthleven"}]}]}},"_links":{"self":[{"href":"https:\/\/www.urlaubcornwall.de\/blog\/wp-json\/wp\/v2\/pages\/12835"}],"collection":[{"href":"https:\/\/www.urlaubcornwall.de\/blog\/wp-json\/wp\/v2\/pages"}],"about":[{"href":"https:\/\/www.urlaubcornwall.de\/blog\/wp-json\/wp\/v2\/types\/page"}],"author":[{"embeddable":true,"href":"https:\/\/www.urlaubcornwall.de\/blog\/wp-json\/wp\/v2\/users\/1"}],"replies":[{"embeddable":true,"href":"https:\/\/www.urlaubcornwall.de\/blog\/wp-json\/wp\/v2\/comments?post=12835"}],"version-history":[{"count":6,"href":"https:\/\/www.urlaubcornwall.de\/blog\/wp-json\/wp\/v2\/pages\/12835\/revisions"}],"predecessor-version":[{"id":42336,"href":"https:\/\/www.urlaubcornwall.de\/blog\/wp-json\/wp\/v2\/pages\/12835\/revisions\/42336"}],"wp:attachment":[{"href":"https:\/\/www.urlaubcornwall.de\/blog\/wp-json\/wp\/v2\/media?parent=12835"}],"curies":[{"name":"wp","href":"https:\/\/api.w.org\/{rel}","templated":true}]}}